{"id":10080,"date":"2020-04-27T21:00:15","date_gmt":"2020-04-27T19:00:15","guid":{"rendered":"http:\/\/blog.lesgrossesorchadeslesamplesthalameges.fr\/?page_id=10080"},"modified":"2020-04-27T21:01:22","modified_gmt":"2020-04-27T19:01:22","slug":"covid-19-ou-le-triomphe-du-dr-knock","status":"publish","type":"page","link":"https:\/\/blog.lesgrossesorchadeslesamplesthalameges.fr\/index.php\/covid-19-ou-le-triomphe-du-dr-knock\/","title":{"rendered":"Covid-19 ou le triomphe du Dr Knock"},"content":{"rendered":"<p>&nbsp;<\/p>\n<p>&nbsp;<\/p>\n<p>&nbsp;<\/p>\n<p>&nbsp;<\/p>\n<p>&nbsp;<\/p>\n<p>&nbsp;<\/p>\n<p style=\"text-align: center;\"><span style=\"font-family: times new roman, times, serif; font-size: 36pt;\"><strong>Covid-19 ou le triomphe du Dr Knock<\/strong><\/span><\/p>\n<p>&nbsp;<\/p>\n<p style=\"text-align: center;\"><span style=\"font-family: times new roman, times, serif; font-size: 18pt;\"><strong>Rosa Llorens \u2013 <em>LGS<\/em> \u2013 27.4.2020<\/strong><\/span><\/p>\n<p>&nbsp;<\/p>\n<p>&nbsp;<\/p>\n<p style=\"text-align: center;\"><a href=\"http:\/\/blog.lesgrossesorchadeslesamplesthalameges.fr\/wp-content\/uploads\/2020\/04\/Knock.jpg\"><img loading=\"lazy\" class=\"alignnone wp-image-10077 size-full\" src=\"http:\/\/blog.lesgrossesorchadeslesamplesthalameges.fr\/wp-content\/uploads\/2020\/04\/Knock.jpg\" alt=\"\" width=\"450\" height=\"625\" srcset=\"https:\/\/blog.lesgrossesorchadeslesamplesthalameges.fr\/wp-content\/uploads\/2020\/04\/Knock.jpg 450w, https:\/\/blog.lesgrossesorchadeslesamplesthalameges.fr\/wp-content\/uploads\/2020\/04\/Knock-216x300.jpg 216w\" sizes=\"(max-width: 450px) 100vw, 450px\" \/><\/a><\/p>\n<p>&nbsp;<\/p>\n<p>&nbsp;<\/p>\n<p style=\"text-align: justify;\"><span style=\"font-family: tahoma, arial, helvetica, sans-serif; font-size: 14pt;\"><strong>\u00c9tonnant comme le Covid-19 r\u00e9alise les r\u00eaves les plus fous du lib\u00e9ralisme politique et \u00e9conomique\u00a0!Et pour obtenir ce triomphe, il suffisait de recourir \u00e0 la m\u00e9thode du bon docteur Knock.<\/strong><\/span><\/p>\n<p>&nbsp;<\/p>\n<p style=\"text-align: justify;\"><span style=\"font-family: times new roman, times, serif; font-size: 14pt;\">Sur le plan politique, le lib\u00e9ralisme est loin d\u2019aspirer \u00e0 la libert\u00e9 pour tous. D\u00e9j\u00e0, le grand penseur lib\u00e9ral Tocqueville montrait clairement, pour qui veut bien lire De la D\u00e9mocratie en Am\u00e9rique, que le pire ennemi de la \u00ab\u00a0libert\u00e9\u00a0\u00bb telle qu\u2019il l\u2019entend, c\u2019est la majorit\u00e9, c\u2019est-\u00e0-dire le peuple. La libert\u00e9 est un concept, et une revendication, d\u2019origine aristocratique (traditionnellement, au cours de l\u2019Histoire, et d\u00e8s la d\u00e9mocratie ath\u00e9nienne, ce sont des groupes aristocratiques qui se rebellaient au cri de \u00ab\u00a0Libert\u00e9\u00a0\u00bb)\u00a0; l\u2019intervention du peuple, ou du \u00ab\u00a0grand nombre\u00a0\u00bb, comme on disait en Gr\u00e8ce, ne peut que perturber le fonctionnement de la libert\u00e9, puisque\u00a0la libert\u00e9 pour tous, ce serait l\u2019\u00e9galit\u00e9, que Tocqueville oppose syst\u00e9matiquement \u00e0 la libert\u00e9 (celle de l\u2019\u00e9lite, bien s\u00fbr).<\/span><\/p>\n<p style=\"text-align: justify;\"><span style=\"font-family: times new roman, times, serif; font-size: 14pt;\">L\u2019objectif de son ouvrage est de mettre en garde l\u2019\u00e9lite socio-\u00e9conomique (son public naturel) contre un dysfonctionnement de la \u00ab\u00a0d\u00e9mocratie\u00a0\u00bb (la d\u00e9mocratie du Herrenvolk, voir Domenico Losurdo) qui permettrait \u00e0 l\u2019\u00e9galit\u00e9 d\u2019empi\u00e9ter sur la libert\u00e9.<\/span><\/p>\n<p style=\"text-align: justify;\"><span style=\"font-family: times new roman, times, serif; font-size: 14pt;\">Or, le covid-19 a permis de neutraliser cet emp\u00eacheur de tourner en rond qu\u2019est le peuple, gr\u00e2ce au confinement, et de laisser la voie libre aux \u00ab\u00a0hommes libres\u00a0\u00bb de l\u2019\u00e9lite. Mieux, ce peuple jadis travailleur et donc ali\u00e9n\u00e9 par ses conditions de travail, mais toujours susceptible de briser ses cha\u00eenes gr\u00e2ce justement \u00e0 la solidarit\u00e9 dans le travail, est aujourd\u2019hui bien plus efficacement ali\u00e9n\u00e9 par la terrifique chronique du Covid et de ses victimes, qui a pris depuis deux mois la place des informations, de la politique, de ce qu\u2019il restait de d\u00e9bat d\u2019id\u00e9es \u2013 s\u2019il y a d\u00e9bat aujourd\u2019hui, c\u2019est seulement sur le nombre de morts dans tel ou tel pays, ou sur l\u2019efficacit\u00e9 de la m\u00e9thode du Professeur Raoult. <\/span><\/p>\n<p style=\"text-align: justify;\"><span style=\"font-family: times new roman, times, serif; font-size: 14pt;\">Sur le plan \u00e9conomique, le covid a permis de fabriquer le type id\u00e9al du consommateur. Le lib\u00e9ralisme part peut-\u00eatre de l\u2019id\u00e9e des droits naturels de l\u2019individu, mais comme tous les individus ont des droits et que chacun peut l\u00e9gitimement chercher \u00e0 faire triompher les siens, il s\u2019ensuit une situation de \u00ab\u00a0guerre de tous contre tous\u00a0\u00bb (qui est celle de la soci\u00e9t\u00e9 lib\u00e9rale, et non, comme le disait Hobbes, de l\u2019\u00e9tat de nature), sous les noms de libre concurrence et effort vers l\u2019\u00a0\u00ab\u00a0excellence\u00a0\u00bb\u00a0; le \u00ab\u00a0grand nombre\u00a0\u00bb se retrouve donc d\u00e9sagr\u00e9g\u00e9 en individus isol\u00e9s, seuls face aux \u00ab\u00a0patrons\u00a0\u00bb (lexique ancien) ou aux publicitaires et entreprises qui \u00ab\u00a0offrent\u00a0\u00bb leurs produits.<\/span><\/p>\n<p style=\"text-align: justify;\"><span style=\"font-family: times new roman, times, serif; font-size: 14pt;\">Mais cela, c\u2019\u00e9tait la situation th\u00e9orique, id\u00e9ale, jamais r\u00e9alis\u00e9e\u00a0: les consommateurs se r\u00e9unissaient entre amis, \u00e0 l\u2019occasion de f\u00eates familiales, sur leur lieu de travail, voire lors d\u2019actions sociales, gr\u00e8ves ou manifestations. Gr\u00e2ce au covid, tous ces liens et \u00e9changes sociaux disparaissent, les consommateurs ne sont plus que cela, des consommateurs, seuls face \u00e0 Amazon\u00a0! Comme toutes les activit\u00e9s culturelles sont supprim\u00e9es, il ne nous reste plus d\u2019autre distraction que virtuelle, par exemple, parcourir sur Internet les offres commerciales et commander.<\/span><\/p>\n<p style=\"text-align: justify;\"><span style=\"font-family: times new roman, times, serif; font-size: 14pt;\">Non seulement nous sommes \u00e9loign\u00e9s des autres par masques, gants, distance de pr\u00e9caution, mais nous sommes amen\u00e9s \u00e0 les consid\u00e9rer comme des ennemis, source potentielle d\u2019un danger mortel\u00a0: ainsi donc, l\u2019adage hobbesien \u00ab\u00a0homo homini lupus\u00a0\u00bb est aujourd\u2019hui devenu une r\u00e9alit\u00e9 concr\u00e8te. Le paradoxe, c\u2019est qu\u2019on veut nous pr\u00e9senter l\u2019\u00e9tat d\u2019esprit de m\u00e9fiance et d\u2019hostilit\u00e9 envers l\u2019autre comme une manifestation d\u2019altruisme et d\u2019amour du prochain\u00a0: \u00ab\u00a0si vous aimez votre prochain, \u00e9vitez-le, \u00e9loignez-vous de lui, restez isol\u00e9 chez vous\u00a0!\u00a0\u00bb.<\/span><\/p>\n<p style=\"text-align: justify;\"><span style=\"font-family: times new roman, times, serif; font-size: 14pt;\">Cette r\u00e9alisation du totalitarisme lib\u00e9ral n\u2019est pas \u00e9tonnante en soi\u00a0: le lib\u00e9ralisme n\u2019a fait qu\u2019aller jusqu\u2019au bout de sa logique. Ce qui est original, c\u2019est d\u2019y \u00eatre arriv\u00e9 non par la voie polici\u00e8re, voire militaire (comme en 2018-2019, face aux Gilets Jaunes), mais par la voie sanitaire, en exploitant toutes les possibilit\u00e9s d\u2019une \u00e9pid\u00e9mie. Il y a d\u00e9j\u00e0 des dizaines d\u2019ann\u00e9es qu\u2019on essaie de nous effrayer, donc de nous soumettre, d\u2019abord par le terrorisme, puis par l\u2019apocalypse environnementale (je ne nie pas la gravit\u00e9 de la situation de la plan\u00e8te, je conteste l\u2019utilisation qu\u2019on en fait). Mais nous n\u2019\u00e9tions pas assez paniqu\u00e9s, pour reprendre le lexique de Greta (mais qui se souvient encore d\u2019elle\u00a0?)\u00a0: les attentats restent exceptionnels, et on peut penser que les probl\u00e8mes \u00e9cologiques concernent le futur. Par contre, un virus hautement contagieux nous menace tous dans le pr\u00e9sent\u00a0: cette fois, nous nous rendons, nous baissons la t\u00eate et n\u2019aspirons plus qu\u2019\u00e0 passer entre les microbes.<\/span><\/p>\n<p style=\"text-align: justify;\"><span style=\"font-family: times new roman, times, serif; font-size: 14pt;\">Mais la voie sanitaire vers le totalitarisme n\u2019est pas si innovante qu\u2019on pourrait le croire\u00a0: Knock ou le triomphe de la m\u00e9decine avait d\u00e9j\u00e0 montr\u00e9 comment on pouvait l\u2019emprunter\u00a0. Reprise en juin 2012 par la Compagnie Esprit Libre, la pi\u00e8ce est ainsi pr\u00e9sent\u00e9e par Th\u00e9\u00e2tre contemporain.net\u00a0: cr\u00e9\u00e9e en 1923, \u00ab\u00a0cette pi\u00e8ce est pourtant diablement d\u2019actualit\u00e9 puisqu\u2019elle parle d\u2019une soci\u00e9t\u00e9 effray\u00e9e, claustrophobe et frileuse, phobique et n\u00e9vros\u00e9e, en proie \u00e0 la peur de l\u2019Autre\u00a0\u00bb (l\u2019actualit\u00e9 sanitaire, c\u2019\u00e9tait alors le virus H1N1, on n\u2019est jamais en peine d\u2019imagination pour baptiser d\u2019initiales mena\u00e7antes la flop\u00e9e de virus qui nous entourent).<\/span><\/p>\n<p style=\"text-align: justify;\"><span style=\"font-family: times new roman, times, serif; font-size: 14pt;\">La pi\u00e8ce est en effet \u00e9tonnamment pr\u00e9monitoire et pr\u00e9sente bien des ressemblances avec ce que nous vivons. Knock a le m\u00eame but que nos dirigeants actuels\u00a0: si ceux-ci nous disent\u00a0: \u00ab\u00a0Restez chez vous\u00a0\u00bb, Knock, plus radical, dit aux habitants de Saint-Maurice\u00a0: \u00ab\u00a0Mettez-vous au lit\u00a0\u00bb. Pour les convaincre, il joue, comme eux, sous un masque scientifique, de la peur\u00a0; il a, pour cela, un moyen tr\u00e8s efficace, le th\u00e8me des \u00ab\u00a0porteurs de germes\u00a0\u00bb (aujourd\u2019hui appel\u00e9s \u00ab\u00a0porteurs sains\u00a0\u00bb)\u00a0: \u00ab\u00a0on peut se promener avec une figure ronde, une langue rose, un excellent app\u00e9tit, et receler dans tous les replis de son corps des trillions de bacilles de la derni\u00e8re virulence capables d\u2019infecter tout un d\u00e9partement\u00a0\u00bb.<\/span><\/p>\n<p style=\"text-align: justify;\"><span style=\"font-family: times new roman, times, serif; font-size: 14pt;\">Knock justifie sa m\u00e9thode par une th\u00e9orie\u00a0: la sant\u00e9, c\u2019est la maladie (oxymore oubli\u00e9 par Orwell dans 1984), qu\u2019il d\u00e9veloppe ainsi\u00a0: \u00ab\u00a0La sant\u00e9 n\u2019est qu\u2019un mot [&#8230;]. Pour ma part, je ne connais que des gens plus ou moins atteints de maladies plus ou moins nombreuses, \u00e0 \u00e9volution plus ou moins rapide\u00a0\u00bb. Tout le monde devrait donc se confiner au lit. Knock explique \u00e0 son pr\u00e9d\u00e9cesseur le Docteur Parpalaid et \u00e0 sa femme qu\u2019avant Saint-Maurice, il avait exp\u00e9riment\u00e9 sa th\u00e9orie en exer\u00e7ant sur un bateau\u00a0:<\/span><\/p>\n<p style=\"text-align: justify;\"><span style=\"font-family: times new roman, times, serif; font-size: 14pt;\">\u00ab\u00a0Le Docteur\u00a0: Et des malades, vous en avez eu beaucoup\u00a0?<\/span><br \/>\n<span style=\"font-family: times new roman, times, serif; font-size: 14pt;\">Knock\u00a0: Trente-cinq.<\/span><br \/>\n<span style=\"font-family: times new roman, times, serif; font-size: 14pt;\">Le Docteur\u00a0: Tout le monde, alors\u00a0?<\/span><br \/>\n<span style=\"font-family: times new roman, times, serif; font-size: 14pt;\">Knock\u00a0: Oui, tout le monde.<\/span><br \/>\n<span style=\"font-family: times new roman, times, serif; font-size: 14pt;\">Mme\u00a0Parpalaid\u00a0: Mais comment le bateau a-t-il pu marcher\u00a0?<\/span><br \/>\n<span style=\"font-family: times new roman, times, serif; font-size: 14pt;\">Knock\u00a0: Un petit roulement \u00e0 \u00e9tablir.\u00a0\u00bb<\/span><\/p>\n<p style=\"text-align: justify;\"><span style=\"font-family: times new roman, times, serif; font-size: 14pt;\">C\u2019est ainsi qu\u2019on nous explique qu\u2019il fallait se confiner pour ne pas saturer les h\u00f4pitaux et les lits de r\u00e9animation, et que, une fois qu\u2019on a fait de la place pour de nouveaux arrivants, on peut se d\u00e9confiner.<\/span><\/p>\n<p style=\"text-align: justify;\"><span style=\"font-family: times new roman, times, serif; font-size: 14pt;\">Une fois au lit, Knock soumet ses patients \u00e0 un contr\u00f4le constant, et \u00e9tablit des cartes et graphiques rendant compte de l\u2019\u00e9tat sanitaire de son canton, ainsi que de la situation \u00e9conomique de ses ouailles. A l\u2019\u00e9poque, il n\u2019est bien s\u00fbr pas question de num\u00e9riser toutes ces donn\u00e9es ni de les partager avec d\u2019autres organismes, mais Knock empi\u00e8te sans aucun scrupule sur la vie priv\u00e9e de ses patients, ce qui est symbolis\u00e9 par l\u2019immixtion du thermom\u00e8tre\u00a0:<\/span><\/p>\n<p style=\"text-align: justify;\"><span style=\"font-family: times new roman, times, serif; font-size: 14pt;\">\u00a0\u00ab\u00a0Songez que, dans quelques instants, il va sonner dix heures, c\u2019est la deuxi\u00e8me prise de temp\u00e9rature rectale, et que, dans quelques instants, deux cent cinquante thermom\u00e8tres vont p\u00e9n\u00e9trer \u00e0 la fois&#8230;\u00a0\u00bb.<\/span><\/p>\n<p style=\"text-align: justify;\"><span style=\"font-family: times new roman, times, serif; font-size: 14pt;\">Knock ne cherche pas seulement son int\u00e9r\u00eat financier, il est aussi s\u00e9duit par les aspects politiques de son entreprise\u00a0: la th\u00e9orie de la nation au lit (ou nation confin\u00e9e) est \u00ab\u00a0toute proche parente de l\u2019admirable id\u00e9e de la nation arm\u00e9e, qui fait la force de nos Etats\u00a0\u00bb. En 1923, l\u2019exp\u00e9rience de la Grande Guerre et de la conversion de toute une \u00e9conomie en \u00e9conomie de guerre est encore proche. Aujourd\u2019hui, il ne s\u2019agit pas (pas encore) de mettre toutes les ressources de la nation au service de la guerre et de la production d\u2019armes, mais plut\u00f4t au service de la consommation\u00a0; l\u2019exp\u00e9rience consisterait \u00e0 voir s\u2019il est possible de transformer les habitants d\u2019un grand pays en simples consommateurs, en employant un nombre aussi r\u00e9duit que possible de producteurs\u00a0:<\/span><\/p>\n<p style=\"text-align: justify;\"><span style=\"font-family: times new roman, times, serif; font-size: 14pt;\">\u00ab\u00a0Votre objection (dit-il au Docteur Parpalaid) me fait penser \u00e0 ces fameux \u00e9conomistes qui pr\u00e9tendaient qu\u2019une grande guerre moderne ne pouvait pas durer plus de six semaines.\u00a0\u00bb Nous en sommes \u00e0 pr\u00e8s de six semaines, mais le d\u00e9confinement progressif pourrait durer un ou deux ans \u2013 ou plus\u00a0?<\/span><\/p>\n<p style=\"text-align: justify;\"><span style=\"font-family: times new roman, times, serif; font-size: 14pt;\">Knock est fier de l\u2019audace, de l\u2019envergure de son entreprise, et jouit, plus que de sa r\u00e9ussite financi\u00e8re, du pouvoir absolu, de vie et de mort, qu\u2019il s\u2019est arrog\u00e9 sur ses concitoyens\u00a0: \u00ab\u00a0La nuit, c\u2019est encore plus beau (dit-il en contemplant d\u2019en haut son domaine), car il y a les lumi\u00e8res. Et presque toutes les lumi\u00e8res sont \u00e0 moi. Les non-malades dorment dans les t\u00e9n\u00e8bres [&#8230;]. Le canton fait penser \u00e0 une sorte de firmament dont je suis le cr\u00e9ateur perp\u00e9tuel.\u00a0\u00bb<\/span><\/p>\n<p style=\"text-align: justify;\"><span style=\"font-family: times new roman, times, serif; font-size: 14pt;\">Voil\u00e0 Knock qui se r\u00eave en Jupiter&#8230; Mais il ne faut pas prendre ces potentats ordo-sanitaires \u00e0 la l\u00e9g\u00e8re\u00a0: 1923, l\u2019ann\u00e9e de Knock, c\u2019est aussi, en Espagne, celle de la dictature de Primo de Ribera, qui annon\u00e7ait celle de Franco\u00a0; c\u2019est aussi l\u2019ann\u00e9e du Putsch de la brasserie, pr\u00e9mices de l\u2019ascension au pouvoir de Hitler. Observons donc les pr\u00e9cautions de rigueur (lavage des mains, pas de contacts physiques), mais gardons pr\u00e9sent \u00e0 l\u2019esprit que le covid est une arme, politique, socio-\u00e9conomique, entre les mains des dirigeants, et essayons de rester lucides et vigilants, en esp\u00e9rant que, le moment venu, la dynamique de l\u2019action collective ne sera pas perdue.<\/span><\/p>\n<p style=\"text-align: justify;\"><span style=\"font-family: times new roman, times, serif; font-size: 14pt;\">Source\u00a0: <a href=\"https:\/\/www.legrandsoir.info\/covid-19-ou-le-triomphe-du-dr-knock.html\">https:\/\/www.legrandsoir.info\/covid-19-ou-le-triomphe-du-dr-knock.html<\/a><\/span><\/p>\n<p style=\"text-align: left;\"><span style=\"font-family: times new roman, times, serif; font-size: 14pt;\"><strong>URL de cet article\u00a0: <\/strong><a href=\"http:\/\/blog.lesgrossesorchadeslesamplesthalameges.fr\/index.php\/covid-19-ou-le-triomphe-du-dr-knock\/\">http:\/\/blog.lesgrossesorchadeslesamplesthalameges.fr\/index.php\/covid-19-ou-le-triomphe-du-dr-knock\/<\/a><strong><br \/>\n<\/strong><\/span><\/p>\n<p style=\"text-align: justify;\"><span style=\"font-family: times new roman, times, serif; font-size: 14pt;\"><strong>\u00a0<\/strong><\/span><\/p>\n<p>&nbsp;<\/p>\n<p style=\"text-align: center;\"><strong>\u00a0<a href=\"http:\/\/blog.lesgrossesorchadeslesamplesthalameges.fr\/wp-content\/uploads\/2020\/04\/man-bowing-GIF-1.gif\"><img loading=\"lazy\" class=\"alignnone size-full wp-image-10004\" src=\"http:\/\/blog.lesgrossesorchadeslesamplesthalameges.fr\/wp-content\/uploads\/2020\/04\/man-bowing-GIF-1.gif\" alt=\"\" width=\"100\" height=\"172\" \/><\/a><\/strong><\/p>\n<p>&nbsp;<\/p>\n<p style=\"text-align: right;\"><span style=\"font-family: comic sans ms, sans-serif; font-size: 14pt;\">Avril 2020<\/span><\/p>\n<p>&nbsp;<\/p>\n<p>&nbsp;<\/p>\n","protected":false},"excerpt":{"rendered":"<p>&nbsp; &nbsp; &nbsp; &nbsp; &nbsp; &nbsp; Covid-19 ou le triomphe du Dr Knock &nbsp; Rosa Llorens \u2013 LGS \u2013 27.4.2020 &nbsp; &nbsp; &nbsp; &nbsp; \u00c9tonnant comme le Covid-19 r\u00e9alise les r\u00eaves les plus fous du lib\u00e9ralisme politique et \u00e9conomique\u00a0!Et pour obtenir ce triomphe, il suffisait de recourir \u00e0 la m\u00e9thode du bon docteur Knock. &nbsp;&#8230;<\/p>\n","protected":false},"author":1,"featured_media":0,"parent":0,"menu_order":0,"comment_status":"open","ping_status":"open","template":"","meta":[],"_links":{"self":[{"href":"https:\/\/blog.lesgrossesorchadeslesamplesthalameges.fr\/index.php\/wp-json\/wp\/v2\/pages\/10080"}],"collection":[{"href":"https:\/\/blog.lesgrossesorchadeslesamplesthalameges.fr\/index.php\/wp-json\/wp\/v2\/pages"}],"about":[{"href":"https:\/\/blog.lesgrossesorchadeslesamplesthalameges.fr\/index.php\/wp-json\/wp\/v2\/types\/page"}],"author":[{"embeddable":true,"href":"https:\/\/blog.lesgrossesorchadeslesamplesthalameges.fr\/index.php\/wp-json\/wp\/v2\/users\/1"}],"replies":[{"embeddable":true,"href":"https:\/\/blog.lesgrossesorchadeslesamplesthalameges.fr\/index.php\/wp-json\/wp\/v2\/comments?post=10080"}],"version-history":[{"count":0,"href":"https:\/\/blog.lesgrossesorchadeslesamplesthalameges.fr\/index.php\/wp-json\/wp\/v2\/pages\/10080\/revisions"}],"wp:attachment":[{"href":"https:\/\/blog.lesgrossesorchadeslesamplesthalameges.fr\/index.php\/wp-json\/wp\/v2\/media?parent=10080"}],"curies":[{"name":"wp","href":"https:\/\/api.w.org\/{rel}","templated":true}]}}