{"id":10162,"date":"2020-05-05T18:28:34","date_gmt":"2020-05-05T16:28:34","guid":{"rendered":"http:\/\/blog.lesgrossesorchadeslesamplesthalameges.fr\/?page_id=10162"},"modified":"2020-05-05T18:29:47","modified_gmt":"2020-05-05T16:29:47","slug":"nous-avons-meme-organise-la-plus-belle-arnaque-aux-encheres-de-tous-les-temps","status":"publish","type":"page","link":"https:\/\/blog.lesgrossesorchadeslesamplesthalameges.fr\/index.php\/nous-avons-meme-organise-la-plus-belle-arnaque-aux-encheres-de-tous-les-temps\/","title":{"rendered":"Nous avons m\u00eame organis\u00e9 la plus belle arnaque aux ench\u00e8res de tous les temps."},"content":{"rendered":"<p><em>\u00a0<\/em><\/p>\n<p><em>\u00a0<\/em><\/p>\n<p>&nbsp;<\/p>\n<p>&nbsp;<\/p>\n<p>&nbsp;<\/p>\n<p>&nbsp;<\/p>\n<p style=\"text-align: justify;\"><span style=\"font-family: times new roman, times, serif; font-size: 18pt; color: #c00000;\"><strong><em>Nous avons m\u00eame organis\u00e9 la plus belle arnaque aux ench\u00e8res de tous les temps.<\/em><\/strong><\/span><\/p>\n<p style=\"text-align: justify;\"><span style=\"font-family: times new roman, times, serif; font-size: 14pt;\"><em>\u00a0<\/em><\/span><\/p>\n<p>&nbsp;<\/p>\n<p style=\"text-align: center;\"><span style=\"font-family: times new roman, times, serif; font-size: 36pt;\"><strong>Vente du <em>Salvator Mundi<\/em> \u00ab\u00a0de L\u00e9onard de Vinci\u00a0\u00bb chez Sotheby\u2019s \u00e0 New York<\/strong><\/span><\/p>\n<p style=\"text-align: center;\"><span style=\"font-family: times new roman, times, serif; font-size: 36pt;\"><strong>acquis par l\u2019Arabie Saoudite pour la somme de 450 millions de dollars<\/strong><\/span><\/p>\n<p>&nbsp;<\/p>\n<p style=\"text-align: center;\"><span style=\"font-family: times new roman, times, serif; font-size: 18pt;\"><strong>Novembre 2017<\/strong><\/span><\/p>\n<p style=\"text-align: justify;\"><span style=\"font-family: times new roman, times, serif; font-size: 14pt;\"><strong>\u00a0<\/strong><\/span><\/p>\n<p style=\"text-align: justify;\"><span style=\"font-family: times new roman, times, serif; font-size: 14pt;\"><em>\u00a0<\/em><\/span><\/p>\n<p style=\"text-align: justify;\"><span style=\"font-family: times new roman, times, serif; font-size: 14pt;\"><em>\u00a0<\/em><\/span><\/p>\n<p style=\"text-align: center;\"><span style=\"font-family: times new roman, times, serif; font-size: 14pt;\"><iframe loading=\"lazy\" src=\"\/\/www.youtube.com\/embed\/3orkmMlSpmI\" width=\"560\" height=\"315\" frameborder=\"0\" allowfullscreen=\"allowfullscreen\"><\/iframe><\/span><\/p>\n<p>&nbsp;<\/p>\n<p>&nbsp;<\/p>\n<p style=\"text-align: center;\"><span style=\"font-family: times new roman, times, serif; font-size: 14pt;\"><iframe loading=\"lazy\" src=\"\/\/www.youtube.com\/embed\/GhzpRYP48is\" width=\"560\" height=\"315\" frameborder=\"0\" allowfullscreen=\"allowfullscreen\"><\/iframe><\/span><\/p>\n<p style=\"text-align: center;\"><span style=\"font-family: times new roman, times, serif; font-size: 14pt;\"><em>\u00a0<\/em><\/span><\/p>\n<p>&nbsp;<\/p>\n<p style=\"text-align: center;\"><span style=\"font-family: times new roman, times, serif; font-size: 14pt;\"><em>\u00a0<a href=\"http:\/\/blog.lesgrossesorchadeslesamplesthalameges.fr\/wp-content\/uploads\/2020\/05\/0.-freccia-nera-piccola-xx.gif\"><img loading=\"lazy\" class=\"alignnone size-full wp-image-10163\" src=\"http:\/\/blog.lesgrossesorchadeslesamplesthalameges.fr\/wp-content\/uploads\/2020\/05\/0.-freccia-nera-piccola-xx.gif\" alt=\"\" width=\"46\" height=\"46\" \/><\/a><\/em><\/span><\/p>\n<p style=\"text-align: center;\"><span style=\"font-family: times new roman, times, serif; font-size: 14pt;\"><a href=\"https:\/\/www.youtube.com\/watch?v=e4go8056VTQ\"><strong><em><span style=\"font-size: 18pt;\">https:\/\/www.youtube.com\/watch?v=e4go8056VTQ<\/span><\/em><\/strong><\/a><\/span><\/p>\n<p>&nbsp;<\/p>\n<p style=\"text-align: center;\"><em><a href=\"http:\/\/blog.lesgrossesorchadeslesamplesthalameges.fr\/wp-content\/uploads\/2020\/05\/0.-freccia-nera-piccola-xx.gif\"><img loading=\"lazy\" class=\"alignnone size-full wp-image-10163\" src=\"http:\/\/blog.lesgrossesorchadeslesamplesthalameges.fr\/wp-content\/uploads\/2020\/05\/0.-freccia-nera-piccola-xx.gif\" alt=\"\" width=\"46\" height=\"46\" \/><\/a><\/em><\/p>\n<p style=\"text-align: center;\"><span style=\"font-family: times new roman, times, serif; font-size: 18pt;\"><a href=\"https:\/\/www.youtube.com\/watch?v=tU5lVV8SRHY\"><strong><em>https:\/\/www.youtube.com\/watch?v=tU5lVV8SRHY<\/em><\/strong><\/a><\/span><\/p>\n<p style=\"text-align: justify;\"><span style=\"font-family: times new roman, times, serif; font-size: 14pt;\"><strong><em>\u00a0<\/em><\/strong><\/span><\/p>\n<p style=\"text-align: justify;\"><span style=\"font-family: times new roman, times, serif; font-size: 14pt;\"><strong><em>\u00a0<\/em><\/strong><\/span><\/p>\n<p style=\"text-align: left;\"><span style=\"font-family: times new roman, times, serif; font-size: 14pt;\"><strong>URL de cet article\u00a0: <\/strong><a href=\"http:\/\/blog.lesgrossesorchadeslesamplesthalameges.fr\/index.php\/nous-avons-meme-organise-la-plus-belle-arnaque-aux-encheres-de-tous-les-temps\/\">http:\/\/blog.lesgrossesorchadeslesamplesthalameges.fr\/index.php\/nous-avons-meme-organise-la-plus-belle-arnaque-aux-encheres-de-tous-les-temps\/<\/a><\/span><\/p>\n<p>&nbsp;<\/p>\n<p>&nbsp;<\/p>\n<p style=\"text-align: center;\"><a href=\"http:\/\/blog.lesgrossesorchadeslesamplesthalameges.fr\/wp-content\/uploads\/2020\/05\/0.-Atlas-1.gif\"><img loading=\"lazy\" class=\"alignnone wp-image-10164\" src=\"http:\/\/blog.lesgrossesorchadeslesamplesthalameges.fr\/wp-content\/uploads\/2020\/05\/0.-Atlas-1.gif\" alt=\"\" width=\"60\" height=\"103\" \/><\/a><\/p>\n<p>&nbsp;<\/p>\n<p>&nbsp;<\/p>\n<p style=\"text-align: right;\"><span style=\"font-family: comic sans ms, sans-serif; font-size: 14pt;\">Mai 2020<\/span><\/p>\n<p>&nbsp;<\/p>\n<p>&nbsp;<\/p>\n","protected":false},"excerpt":{"rendered":"<p>\u00a0 \u00a0 &nbsp; &nbsp; &nbsp; &nbsp; Nous avons m\u00eame organis\u00e9 la plus belle arnaque aux ench\u00e8res de tous les temps. \u00a0 &nbsp; Vente du Salvator Mundi \u00ab\u00a0de L\u00e9onard de Vinci\u00a0\u00bb chez Sotheby\u2019s \u00e0 New York acquis par l\u2019Arabie Saoudite pour la somme de 450 millions de dollars &nbsp; Novembre 2017 \u00a0 \u00a0 \u00a0 &nbsp; &nbsp;&#8230;<\/p>\n","protected":false},"author":1,"featured_media":0,"parent":0,"menu_order":0,"comment_status":"open","ping_status":"open","template":"","meta":[],"_links":{"self":[{"href":"https:\/\/blog.lesgrossesorchadeslesamplesthalameges.fr\/index.php\/wp-json\/wp\/v2\/pages\/10162"}],"collection":[{"href":"https:\/\/blog.lesgrossesorchadeslesamplesthalameges.fr\/index.php\/wp-json\/wp\/v2\/pages"}],"about":[{"href":"https:\/\/blog.lesgrossesorchadeslesamplesthalameges.fr\/index.php\/wp-json\/wp\/v2\/types\/page"}],"author":[{"embeddable":true,"href":"https:\/\/blog.lesgrossesorchadeslesamplesthalameges.fr\/index.php\/wp-json\/wp\/v2\/users\/1"}],"replies":[{"embeddable":true,"href":"https:\/\/blog.lesgrossesorchadeslesamplesthalameges.fr\/index.php\/wp-json\/wp\/v2\/comments?post=10162"}],"version-history":[{"count":0,"href":"https:\/\/blog.lesgrossesorchadeslesamplesthalameges.fr\/index.php\/wp-json\/wp\/v2\/pages\/10162\/revisions"}],"wp:attachment":[{"href":"https:\/\/blog.lesgrossesorchadeslesamplesthalameges.fr\/index.php\/wp-json\/wp\/v2\/media?parent=10162"}],"curies":[{"name":"wp","href":"https:\/\/api.w.org\/{rel}","templated":true}]}}