{"id":10182,"date":"2020-05-05T19:02:25","date_gmt":"2020-05-05T17:02:25","guid":{"rendered":"http:\/\/blog.lesgrossesorchadeslesamplesthalameges.fr\/?page_id=10182"},"modified":"2020-05-05T19:03:19","modified_gmt":"2020-05-05T17:03:19","slug":"deve-et-de-nidaba","status":"publish","type":"page","link":"https:\/\/blog.lesgrossesorchadeslesamplesthalameges.fr\/index.php\/deve-et-de-nidaba\/","title":{"rendered":"D&rsquo;\u00c8VE ET DE NIDABA"},"content":{"rendered":"<p>&nbsp;<\/p>\n<p>&nbsp;<\/p>\n<p>&nbsp;<\/p>\n<p>&nbsp;<\/p>\n<p>&nbsp;<\/p>\n<p>&nbsp;<\/p>\n<p>&nbsp;<\/p>\n<p style=\"text-align: justify;\"><span style=\"font-family: times new roman, times, serif; font-size: 18pt; color: #c00000;\"><strong><em>Rep\u00each\u00e9 d\u2019un de nos anciens posts<\/em><\/strong><\/span><\/p>\n<p>&nbsp;<\/p>\n<p>&nbsp;<\/p>\n<p style=\"text-align: center;\"><span style=\"font-family: times new roman, times, serif; font-size: 42pt;\"><strong>D\u2019\u00c8ve et de Nidaba<\/strong><\/span><\/p>\n<p style=\"text-align: justify;\"><span style=\"font-family: times new roman, times, serif; font-size: 14pt;\"><strong>\u00a0<\/strong><\/span><\/p>\n<p style=\"text-align: justify;\"><span style=\"font-family: times new roman, times, serif; font-size: 14pt;\"><strong>\u00a0<\/strong><\/span><\/p>\n<p style=\"text-align: left;\"><span style=\"font-family: times new roman, times, serif; font-size: 14pt;\"><strong><em>Modeste contribution des GROSSES ORCHADES \u00e0 l\u2019\u00e9claircissement du foutoir caus\u00e9 par \u00ab\u00a0la femelle\u00a0\u00bb\u00a0:<\/em><\/strong><\/span><\/p>\n<p style=\"text-align: justify;\"><span style=\"font-family: times new roman, times, serif; font-size: 14pt;\">D\u2019abord, c\u2019est qui, \u00c8ve\u00a0? C\u2019est la D\u00e9esse-M\u00e8re des H\u00e9breux d\u2019avant que les p\u00e8res de famille gardiens de ch\u00e8vres dans le Sina\u00ef raflent le pouvoir aux m\u00e8res. Elle s\u2019appelait IEVOA, son nom \u00e9tant form\u00e9 des six voyelles n\u00e9cessaires \u00e0 tout langage humain. Un jour, pour bien marquer leur d\u00e9sormais supr\u00e9matie, les p\u00e9p\u00e9s ont \u00ab\u00a0expuls\u00e9 la femelle\u00a0\u00bb en virant les voyelles de l\u2019alphabet, raison pour laquelle l\u2019h\u00e9breu n\u2019en a pas et, c\u2019est ainsi que leur dieu-p\u00e8re s\u2019appelle YHWH, au prix d\u2019une tricherie par emprunt subreptice aux Grecs (au moins aussi misogynes qu\u2019eux).<\/span><\/p>\n<p style=\"text-align: justify;\"><span style=\"font-family: times new roman, times, serif; font-size: 14pt;\">Quant \u00e0 la fameuse c\u00f4te d\u2019Adam\u2026 on ne r\u00e9siste pas au plaisir de vous raconter son histoire. Qui vient, elle aussi, de Sumer, tout comme celle, originelle, d\u2019Abel et Ca\u00efn que nous vous cont\u00e2mes il y a peu.<\/span><\/p>\n<p style=\"text-align: justify;\"><span style=\"font-family: times new roman, times, serif; font-size: 14pt;\">Chapitre extrait d\u2019un livre in\u00e9dit\u00a0consacr\u00e9 \u00e0 notre d\u00e9esse des Ardennes (on est all\u00e9s la chercher loin).<\/span><\/p>\n<p>&nbsp;<\/p>\n<p>&nbsp;<\/p>\n<p style=\"text-align: center;\"><a href=\"http:\/\/blog.lesgrossesorchadeslesamplesthalameges.fr\/wp-content\/uploads\/2020\/05\/0..-Fish-5.gif\"><img loading=\"lazy\" class=\"alignnone size-full wp-image-10184\" src=\"http:\/\/blog.lesgrossesorchadeslesamplesthalameges.fr\/wp-content\/uploads\/2020\/05\/0..-Fish-5.gif\" alt=\"\" width=\"59\" height=\"59\" \/><\/a><\/p>\n<p>&nbsp;<\/p>\n<p style=\"text-align: center;\"><span style=\"font-family: times new roman, times, serif; font-size: 24pt;\"><strong>\u00ab\u00a0Petite cosmogonie (sum\u00e9rienne) portative\u00a0\u00bb<\/strong><\/span><\/p>\n<p>&nbsp;<\/p>\n<p>&nbsp;<\/p>\n<p style=\"text-align: justify; padding-left: 30px;\"><span style=\"font-family: times new roman, times, serif; font-size: 14pt;\">\u00c0 l\u2019origine \u00e9tait <em>Nammu<\/em>, la Mer Primordiale, qui \u00ab\u00a0donna naissance au ciel et \u00e0 la terre\u00a0\u00bb.<\/span><\/p>\n<p style=\"text-align: justify;\"><span style=\"font-family: times new roman, times, serif; font-size: 14pt;\">\u00a0\u00a0\u00a0\u00a0\u00a0 Ces enfants, <em>An<\/em>, le ciel m\u00e2le, et <em>Ki<\/em>, la terre femelle, engendr\u00e8rent un fils, <em>Enlil<\/em>, l\u2019air. Division des cellules oblige\u00a0: <em>An<\/em> s\u2019emporta en l\u2019air et <em>Enlil<\/em> emporta sa m\u00e8re. C\u2019est de l\u2019union d\u2019<em>Enlil<\/em> et de sa m\u00e8re que naquit l\u2019univers organis\u00e9.<\/span><\/p>\n<p style=\"text-align: justify;\"><span style=\"font-family: times new roman, times, serif; font-size: 14pt;\">\u00a0\u00a0\u00a0\u00a0\u00a0 Les Sum\u00e9riens se repr\u00e9sentaient ainsi les quatre divinit\u00e9s cosmiques Eau \u2013 Ciel \u2013 Terre \u2013 Air\u00a0:<\/span><\/p>\n<p style=\"text-align: justify;\"><span style=\"font-family: times new roman, times, serif; font-size: 14pt;\"><strong>\u00a0<\/strong><\/span><\/p>\n<p>&nbsp;<\/p>\n<p style=\"text-align: center;\"><a href=\"http:\/\/blog.lesgrossesorchadeslesamplesthalameges.fr\/wp-content\/uploads\/2020\/05\/Cosmogonie-sum\u00e9rienne.jpg\"><img loading=\"lazy\" class=\"alignnone wp-image-10185\" src=\"http:\/\/blog.lesgrossesorchadeslesamplesthalameges.fr\/wp-content\/uploads\/2020\/05\/Cosmogonie-sum\u00e9rienne.jpg\" alt=\"\" width=\"400\" height=\"461\" srcset=\"https:\/\/blog.lesgrossesorchadeslesamplesthalameges.fr\/wp-content\/uploads\/2020\/05\/Cosmogonie-sum\u00e9rienne.jpg 600w, https:\/\/blog.lesgrossesorchadeslesamplesthalameges.fr\/wp-content\/uploads\/2020\/05\/Cosmogonie-sum\u00e9rienne-260x300.jpg 260w\" sizes=\"(max-width: 400px) 100vw, 400px\" \/><\/a><\/p>\n<p style=\"text-align: center;\"><span style=\"font-family: times new roman, times, serif; font-size: 14pt;\"><strong><em>Entre le Ciel et l\u2019Enfer, la Terre \u00e9mergeant de l\u2019Oc\u00e9an Terrestre.<\/em><\/strong><\/span><\/p>\n<p style=\"text-align: center;\"><span style=\"font-family: times new roman, times, serif; font-size: 14pt;\"><strong><em>\u00a0<\/em><\/strong><\/span><\/p>\n<p>&nbsp;<\/p>\n<p style=\"text-align: justify;\"><span style=\"font-family: times new roman, times, serif; font-size: 14pt;\">\u00a0\u00a0\u00a0\u00a0\u00a0 La terre \u00e9tait un disque plat entour\u00e9 du \u00ab\u00a0Fleuve Oc\u00e9an\u00a0\u00bb, encore cher \u00e0 Hom\u00e8re des mill\u00e9naires plus tard (soit, pour les Sum\u00e9riens, la Mer m\u00e9diterran\u00e9e et le Golfe persique). Cette terre et le demi-globe formant le ciel ne faisaient d\u2019abord qu\u2019une seule montagne \u00ab\u00a0Ciel-Terre\u00a0\u00bb. Quant aux myst\u00e9rieux Enfers o\u00f9 se rendaient les morts, ils \u00e9taient en quelque sorte, sous la terre, l\u2019envers du ciel.<\/span><\/p>\n<p style=\"text-align: justify;\"><span style=\"font-family: times new roman, times, serif; font-size: 14pt;\">\u00a0\u00a0\u00a0\u00a0\u00a0 Mais ceci est une cosmogonie tardive d\u00e9j\u00e0 rationalis\u00e9e, une cosmogonie-th\u00e9ogonie des temps patriarcaux, telle que de patients sum\u00e9rologues ont pu la d\u00e9duire des tablettes cun\u00e9iformes d\u00e9chiffr\u00e9es \u00e0 ce jour.<\/span><\/p>\n<p style=\"text-align: justify;\"><span style=\"font-family: times new roman, times, serif; font-size: 14pt;\">\u00a0\u00a0\u00a0\u00a0\u00a0 Il ne nous est pas trop malais\u00e9, partant de l\u00e0, de reconstituer la \u00ab\u00a0personnalit\u00e9\u00a0\u00bb de la Triple M\u00e8re des origines, pr\u00e9sente absolument chez tous les peuples\u00a0:<\/span><\/p>\n<p style=\"text-align: justify;\"><span style=\"font-family: times new roman, times, serif; font-size: 14pt;\"><em>\u00a0\u00a0\u00a0\u00a0\u00a0 Nammu<\/em> \u2013 la Mer-M\u00e8re vierge\u00a0;<\/span><\/p>\n<p style=\"text-align: justify;\"><span style=\"font-family: times new roman, times, serif; font-size: 14pt;\"><em>\u00a0\u00a0\u00a0\u00a0\u00a0 Inanna<\/em>, la M\u00e8re-Ciel future Ishtar, qui deviendra avec le temps la seule plan\u00e8te V\u00e9nus, mais qui aura \u00e9t\u00e9 d\u2019abord Nanna-la-Lune (masculinis\u00e9e, pr\u00e9cis\u00e9ment par les Sum\u00e9riens, en <em>dieu<\/em>-lune Nanna).<\/span><\/p>\n<p style=\"text-align: justify;\"><span style=\"font-family: times new roman, times, serif; font-size: 14pt;\"><em>\u00a0\u00a0\u00a0\u00a0\u00a0 Ki<\/em>, la Terre-M\u00e8re (<em>Ereshkigal <\/em>dans ses profondeurs infernales).<\/span><\/p>\n<p style=\"text-align: justify;\"><span style=\"font-family: times new roman, times, serif; font-size: 14pt;\">\u00a0\u00a0\u00a0\u00a0\u00a0 Plus tard, la Divine s\u2019appellera <em>Ninhursag<\/em>, \u00ab\u00a0Grande D\u00e9esse M\u00e8re\u00a0\u00bb.<\/span><\/p>\n<p style=\"text-align: justify;\"><span style=\"font-family: times new roman, times, serif; font-size: 14pt;\">\u00a0\u00a0\u00a0\u00a0 Avec son fils <em>Enki<\/em>, dieu de l\u2019eau (les patriarcaux \u00e9tant d\u00e9j\u00e0 pass\u00e9s par l\u00e0), elle accouchera sans douleur de trois g\u00e9n\u00e9rations de d\u00e9esses, chaque g\u00e9n\u00e9ration recopulant avec le m\u00eame Enki.<\/span><\/p>\n<p style=\"text-align: justify;\"><span style=\"font-family: times new roman, times, serif; font-size: 14pt;\">\u00a0\u00a0\u00a0\u00a0\u00a0 Mais <em>Ninhursag<\/em> a aussi fait pousser \u00e0 Dilmun, \u00ab\u00a0Terre Brillante\u00a0\u00bb (c\u2019est le \u00ab\u00a0premier patron\u00a0\u00bb du Paradis), les <em>huit sortes de plantes<\/em>.<\/span><\/p>\n<p style=\"text-align: justify;\"><span style=\"font-family: times new roman, times, serif; font-size: 14pt;\">\u00a0\u00a0\u00a0\u00a0\u00a0 Qui dit \u00ab\u00a0Paradis\u00a0\u00bb dit \u00ab\u00a0perdu\u00a0\u00bb. Le <em>P\u00e9ch\u00e9 Originel<\/em> nous vient donc, comme l\u2019<em>Histoire<\/em>, de Sumer\u00a0: il est commis par Enki (tout seul\u00a0!), qui d\u00e9vore les huit plantes cr\u00e9\u00e9es par sa m\u00e8re-amante. En cons\u00e9quence de quoi il est afflig\u00e9 de toutes sortes de maux. V\u00e9ritable Harbougna (<strong>1<\/strong>), il a mal partout\u00a0: au vit, \u00e0 la m\u00e2choire, \u00e0 une dent, \u00e0 la bouche, au bras, en deux ou trois autres endroits et\u2026 \u00e0 une c\u00f4te.<\/span><\/p>\n<p style=\"text-align: justify;\"><span style=\"font-family: times new roman, times, serif; font-size: 14pt;\">\u00a0\u00a0\u00a0\u00a0\u00a0 Ninhursag, bonne fille-m\u00e8re, accouche alors \u2013 toujours sans douleur \u2013 de petites d\u00e9esses et de petits dieux charg\u00e9s chacun de soigner une des parties endommag\u00e9es de leur p\u00e8re. Il y a l\u00e0, soeurs cadettes des d\u00e9eses <em>Ninmu<\/em> et <em>Ninkurta<\/em>, dont nous ne savons pas grand-chose, les d\u00e9esses-m\u00e9decine <em>Ninsutu<\/em>, <em>Ninkusi, Nazi<\/em> (personne n\u2019est parfait) <em>Azimua<\/em> et <em>Ninti<\/em>\u00a0; les dieux-m\u00e9dicaments <em>Abu, Nintulla, Enstag,<\/em> et s\u00fbrement on en passe.<\/span><\/p>\n<p style=\"text-align: justify;\"><span style=\"font-family: times new roman, times, serif; font-size: 14pt;\">\u00a0\u00a0\u00a0\u00a0\u00a0 C\u2019est ainsi que la d\u00e9esse Ninti (<em>Nin<\/em>, \u00ab\u00a0Dame\u00a0\u00bb, <em>Ti<\/em>, \u00ab\u00a0de la C\u00f4te\u00a0\u00bb et \u00ab\u00a0de la Vie\u00a0\u00bb) est sp\u00e9cialement cr\u00e9\u00e9e pour gu\u00e9rir la c\u00f4te paternelle.<\/span><\/p>\n<p style=\"text-align: justify;\"><span style=\"font-family: times new roman, times, serif; font-size: 14pt;\">\u00a0\u00a0\u00a0\u00a0\u00a0 Dans la Bible patriarcale, en vertu de la loi des vases communicants, cette petite D\u00e9esse-C\u00f4te et Dame-qui-fait-Vivre deviendra \u00ab\u00a0\u00c8ve, M\u00e8re de Tous les Vivants\u00a0\u00bb, n\u00e9e de la c\u00f4te (mortelle) d\u2019Adam, par un de ces tours de passe-passe chers aux r\u00e9visionnistes m\u00e2les. Et les mauvais esprits &#8211; qui se seraient demand\u00e9 pourquoi diable Dieu Omnipotent, capable de cr\u00e9er toutes choses ex-nihilo, aurait eu besoin d\u2019une c\u00f4te humaine pour cr\u00e9er la Ph\u00e2me en sous-traitance \u2013 ont ainsi la r\u00e9ponse \u00e0 leur impertinente question\u00a0: parce que l\u2019homonymie sum\u00e9rienne entre <em>c\u00f4te<\/em> et <em>vie <\/em>n\u2019existe pas en h\u00e9breu, et que, dans ces cas-l\u00e0, rien ne vaut l\u2019arbitraire.<\/span><\/p>\n<p style=\"text-align: justify;\"><span style=\"font-family: times new roman, times, serif; font-size: 14pt;\">\u00a0\u00a0\u00a0\u00a0\u00a0 Mais ne quittons pas l\u2019Olympe sum\u00e9rien sans faire la connaissance de trois autres filles de Ninhursag\u00a0:<\/span><\/p>\n<p style=\"text-align: justify;\"><span style=\"font-family: times new roman, times, serif; font-size: 14pt;\"><em>\u00a0\u00a0\u00a0\u00a0\u00a0 Nanshe<\/em>, d\u00e9esse de l\u2019Ordre Juste, \u00ab\u00a0qui juge les humains au premier jour de l\u2019ann\u00e9e\u00a0\u00bb.<\/span><\/p>\n<p style=\"text-align: justify;\"><span style=\"font-family: times new roman, times, serif; font-size: 14pt;\"><em>\u00a0\u00a0\u00a0\u00a0\u00a0 Ashnan<\/em>, d\u00e9esse du grain, dite \u00ab\u00a0vierge bienveillante\u00a0\u00bb.<\/span><\/p>\n<p style=\"text-align: justify;\"><span style=\"font-family: times new roman, times, serif; font-size: 14pt;\"><em>\u00a0\u00a0\u00a0\u00a0\u00a0 Nidaba<\/em>, d\u00e9esse de la sagesse et de l\u2019\u00e9criture (qui sera plus tard masculinis\u00e9e en dieu Nabu)<\/span><\/p>\n<p style=\"text-align: justify;\"><span style=\"font-family: times new roman, times, serif; font-size: 14pt;\">\u00a0\u00a0\u00a0\u00a0\u00a0 Ces gentes dames nous confirment l\u2019origine femelle du droit, de la culture des c\u00e9r\u00e9ales et de l\u2019alphabet. Ainsi que des r\u00e9volutions, car\u00a0<\/span><\/p>\n<p>&nbsp;<\/p>\n<p style=\"text-align: justify; padding-left: 180px;\"><span style=\"font-family: times new roman, times, serif; font-size: 14pt;\"><em>Pour pr\u00e9parer un lieu o\u00f9 seront d\u00e9truits les puissants,<\/em><\/span><\/p>\n<p style=\"text-align: justify; padding-left: 180px;\"><span style=\"font-family: times new roman, times, serif; font-size: 14pt;\"><em>Pour livrer les puissants aux faibles,<\/em><\/span><\/p>\n<p style=\"text-align: justify; padding-left: 180px;\"><span style=\"font-family: times new roman, times, serif; font-size: 14pt;\"><em>Nanshe scrute le coeur des gens.<\/em> (<strong>2<\/strong>)<\/span><\/p>\n<p>&nbsp;<\/p>\n<p style=\"text-align: justify;\"><span style=\"font-family: times new roman, times, serif; font-size: 14pt;\">\u00a0\u00a0\u00a0\u00a0\u00a0 Mine de rien, nous avons l\u00e0, en germe, <em>\u00ab\u00a0les derniers qui seront les premiers<\/em>\u00a0\u00bb de la Bible, et son <em>\u00ab\u00a0aimez-vous les uns les autres\u00a0\u00bb.<\/em><\/span><\/p>\n<p style=\"text-align: justify;\"><span style=\"font-family: times new roman, times, serif; font-size: 14pt;\">\u00a0\u00a0\u00a0\u00a0\u00a0 Peut-\u00eatre aussi la dictature du prol\u00e9tariat, ch\u00e8re \u00e0 ce grand mystique de Karl Marx.<\/span><\/p>\n<p style=\"text-align: justify;\"><span style=\"font-family: times new roman, times, serif; font-size: 14pt;\">_________________\u00a0\u00a0<\/span><\/p>\n<p style=\"text-align: justify;\"><span style=\"font-family: times new roman, times, serif; font-size: 14pt;\">(<strong>1<\/strong>)\u00a0\u00a0\u00a0\u00a0\u00a0 Personnage bien connu du folklore wallon, dont pas un millim\u00e8tre carr\u00e9 de chair ou d\u2019os n\u2019est indemne, et qui passe sa vie \u00e0 s\u2019en plaindre.<\/span><\/p>\n<p style=\"text-align: justify;\"><span style=\"font-family: times new roman, times, serif; font-size: 14pt;\">(<strong>2<\/strong>)\u00a0\u00a0\u00a0\u00a0\u00a0 <em>Hymne \u00e0 Nanshe<\/em>, Tablettes de Nippur.<\/span><\/p>\n<p>&nbsp;<\/p>\n<p style=\"text-align: left;\"><span style=\"font-family: times new roman, times, serif; font-size: 14pt;\"><strong>URL de cet article<\/strong>\u00a0: <a href=\"http:\/\/blog.lesgrossesorchadeslesamplesthalameges.fr\/index.php\/deve-et-de-nidaba\/\">http:\/\/blog.lesgrossesorchadeslesamplesthalameges.fr\/index.php\/deve-et-de-nidaba\/<\/a><br \/>\n<\/span><\/p>\n<p>&nbsp;<\/p>\n<p>&nbsp;<\/p>\n<p style=\"text-align: center;\"><a href=\"http:\/\/blog.lesgrossesorchadeslesamplesthalameges.fr\/wp-content\/uploads\/2020\/05\/0..-Fish-5.gif\"><img loading=\"lazy\" class=\"alignnone size-full wp-image-10184\" src=\"http:\/\/blog.lesgrossesorchadeslesamplesthalameges.fr\/wp-content\/uploads\/2020\/05\/0..-Fish-5.gif\" alt=\"\" width=\"59\" height=\"59\" \/><\/a><\/p>\n<p>&nbsp;<\/p>\n<p style=\"text-align: right;\"><span style=\"font-family: comic sans ms, sans-serif; font-size: 14pt;\">Mai 2020<\/span><\/p>\n<p>&nbsp;<\/p>\n<p>&nbsp;<\/p>\n","protected":false},"excerpt":{"rendered":"<p>&nbsp; &nbsp; &nbsp; &nbsp; &nbsp; &nbsp; &nbsp; Rep\u00each\u00e9 d\u2019un de nos anciens posts &nbsp; &nbsp; D\u2019\u00c8ve et de Nidaba \u00a0 \u00a0 Modeste contribution des GROSSES ORCHADES \u00e0 l\u2019\u00e9claircissement du foutoir caus\u00e9 par \u00ab\u00a0la femelle\u00a0\u00bb\u00a0: D\u2019abord, c\u2019est qui, \u00c8ve\u00a0? C\u2019est la D\u00e9esse-M\u00e8re des H\u00e9breux d\u2019avant que les p\u00e8res de famille gardiens de ch\u00e8vres dans le Sina\u00ef&#8230;<\/p>\n","protected":false},"author":1,"featured_media":0,"parent":0,"menu_order":0,"comment_status":"closed","ping_status":"closed","template":"","meta":[],"_links":{"self":[{"href":"https:\/\/blog.lesgrossesorchadeslesamplesthalameges.fr\/index.php\/wp-json\/wp\/v2\/pages\/10182"}],"collection":[{"href":"https:\/\/blog.lesgrossesorchadeslesamplesthalameges.fr\/index.php\/wp-json\/wp\/v2\/pages"}],"about":[{"href":"https:\/\/blog.lesgrossesorchadeslesamplesthalameges.fr\/index.php\/wp-json\/wp\/v2\/types\/page"}],"author":[{"embeddable":true,"href":"https:\/\/blog.lesgrossesorchadeslesamplesthalameges.fr\/index.php\/wp-json\/wp\/v2\/users\/1"}],"replies":[{"embeddable":true,"href":"https:\/\/blog.lesgrossesorchadeslesamplesthalameges.fr\/index.php\/wp-json\/wp\/v2\/comments?post=10182"}],"version-history":[{"count":0,"href":"https:\/\/blog.lesgrossesorchadeslesamplesthalameges.fr\/index.php\/wp-json\/wp\/v2\/pages\/10182\/revisions"}],"wp:attachment":[{"href":"https:\/\/blog.lesgrossesorchadeslesamplesthalameges.fr\/index.php\/wp-json\/wp\/v2\/media?parent=10182"}],"curies":[{"name":"wp","href":"https:\/\/api.w.org\/{rel}","templated":true}]}}