{"id":10195,"date":"2020-05-05T19:13:29","date_gmt":"2020-05-05T17:13:29","guid":{"rendered":"http:\/\/blog.lesgrossesorchadeslesamplesthalameges.fr\/?page_id=10195"},"modified":"2020-05-05T19:14:17","modified_gmt":"2020-05-05T17:14:17","slug":"nidaba-deesse-sumerienne-de-lecriture","status":"publish","type":"page","link":"https:\/\/blog.lesgrossesorchadeslesamplesthalameges.fr\/index.php\/nidaba-deesse-sumerienne-de-lecriture\/","title":{"rendered":"Nidaba, d\u00e9esse sum\u00e9rienne de l&rsquo;\u00e9criture"},"content":{"rendered":"<p>&nbsp;<\/p>\n<p>&nbsp;<\/p>\n<p>&nbsp;<\/p>\n<p>&nbsp;<\/p>\n<p>&nbsp;<\/p>\n<p>&nbsp;<\/p>\n<p>&nbsp;<\/p>\n<p style=\"text-align: center;\"><span style=\"font-family: times new roman, times, serif; font-size: 36pt;\"><strong>Nidaba, <\/strong><\/span><\/p>\n<p style=\"text-align: center;\"><span style=\"font-family: times new roman, times, serif; font-size: 36pt;\"><strong>d\u00e9esse sum\u00e9rienne de l\u2019\u00e9criture<\/strong><\/span><\/p>\n<p style=\"text-align: center;\"><span style=\"font-family: times new roman, times, serif; font-size: 14pt;\"><strong>\u00a0<\/strong><\/span><\/p>\n<p>&nbsp;<\/p>\n<p style=\"text-align: center;\"><a href=\"http:\/\/blog.lesgrossesorchadeslesamplesthalameges.fr\/wp-content\/uploads\/2020\/05\/Nidaba-1.jpg\"><img loading=\"lazy\" class=\"alignnone wp-image-10196 size-full\" src=\"http:\/\/blog.lesgrossesorchadeslesamplesthalameges.fr\/wp-content\/uploads\/2020\/05\/Nidaba-1.jpg\" alt=\"\" width=\"500\" height=\"683\" srcset=\"https:\/\/blog.lesgrossesorchadeslesamplesthalameges.fr\/wp-content\/uploads\/2020\/05\/Nidaba-1.jpg 500w, https:\/\/blog.lesgrossesorchadeslesamplesthalameges.fr\/wp-content\/uploads\/2020\/05\/Nidaba-1-220x300.jpg 220w\" sizes=\"(max-width: 500px) 100vw, 500px\" \/><\/a><\/p>\n<p style=\"text-align: center;\"><span style=\"font-family: times new roman, times, serif; font-size: 14pt;\"><strong><em>De l\u2019\u00e9criture, de la fertilit\u00e9 des champs, de la sagesse, de l\u2019architecture et des proph\u00e9ties<\/em><\/strong><\/span><\/p>\n<p>&nbsp;<\/p>\n<p>&nbsp;<\/p>\n<p style=\"text-align: center;\"><span style=\"font-family: times new roman, times, serif; font-size: 36pt;\"><strong>et ses \u0153uvres<\/strong><\/span><\/p>\n<p><span style=\"font-family: times new roman, times, serif; font-size: 14pt;\"><strong>\u00a0<\/strong><\/span><\/p>\n<p>&nbsp;<\/p>\n<p style=\"text-align: center;\"><a href=\"http:\/\/blog.lesgrossesorchadeslesamplesthalameges.fr\/wp-content\/uploads\/2020\/05\/pr\u00e9-cun\u00e9iforme-fin-du-IVe-mill\u00e9naire-av.-JC.jpg\"><img loading=\"lazy\" class=\"alignnone wp-image-10197\" src=\"http:\/\/blog.lesgrossesorchadeslesamplesthalameges.fr\/wp-content\/uploads\/2020\/05\/pr\u00e9-cun\u00e9iforme-fin-du-IVe-mill\u00e9naire-av.-JC.jpg\" alt=\"\" width=\"400\" height=\"360\" srcset=\"https:\/\/blog.lesgrossesorchadeslesamplesthalameges.fr\/wp-content\/uploads\/2020\/05\/pr\u00e9-cun\u00e9iforme-fin-du-IVe-mill\u00e9naire-av.-JC.jpg 500w, https:\/\/blog.lesgrossesorchadeslesamplesthalameges.fr\/wp-content\/uploads\/2020\/05\/pr\u00e9-cun\u00e9iforme-fin-du-IVe-mill\u00e9naire-av.-JC-300x270.jpg 300w\" sizes=\"(max-width: 400px) 100vw, 400px\" \/><\/a><\/p>\n<p style=\"text-align: center;\"><span style=\"font-family: times new roman, times, serif; font-size: 14pt;\"><strong><em>Sumer\u00a0: \u00c9criture pr\u00e9-cun\u00e9iforme<\/em><\/strong><\/span><\/p>\n<p><span style=\"font-family: times new roman, times, serif; font-size: 14pt;\"><strong><em>\u00a0<\/em><\/strong><\/span><\/p>\n<p><span style=\"font-family: times new roman, times, serif; font-size: 14pt;\"><strong><em>\u00a0<\/em><\/strong><\/span><\/p>\n<p style=\"text-align: center;\"><span style=\"font-family: times new roman, times, serif; font-size: 14pt;\"><strong><em>\u00a0<a href=\"http:\/\/blog.lesgrossesorchadeslesamplesthalameges.fr\/wp-content\/uploads\/2020\/05\/Ecriture-cun\u00e9iforme-GIF.gif\"><img loading=\"lazy\" class=\"alignnone wp-image-10198\" src=\"http:\/\/blog.lesgrossesorchadeslesamplesthalameges.fr\/wp-content\/uploads\/2020\/05\/Ecriture-cun\u00e9iforme-GIF-300x229.gif\" alt=\"\" width=\"450\" height=\"344\" \/><\/a><\/em><\/strong><\/span><\/p>\n<p style=\"text-align: center;\"><span style=\"font-family: times new roman, times, serif; font-size: 14pt;\"><strong><em>Sumer\u00a0: \u00c9criture cun\u00e9iforme<\/em><\/strong><\/span><\/p>\n<p style=\"text-align: center;\"><span style=\"font-family: times new roman, times, serif; font-size: 14pt;\"><strong><em>\u00a0<\/em><\/strong><\/span><\/p>\n<p style=\"text-align: center;\"><span style=\"font-family: times new roman, times, serif; font-size: 14pt;\"><strong><em>\u00a0<\/em><\/strong><\/span><\/p>\n<p style=\"text-align: center;\"><a href=\"http:\/\/blog.lesgrossesorchadeslesamplesthalameges.fr\/wp-content\/uploads\/2020\/05\/Code-of-Ur-Nammu.-3-s.-av.-celui-dHammurabi.jpg\"><img loading=\"lazy\" class=\"alignnone wp-image-10199 size-full\" src=\"http:\/\/blog.lesgrossesorchadeslesamplesthalameges.fr\/wp-content\/uploads\/2020\/05\/Code-of-Ur-Nammu.-3-s.-av.-celui-dHammurabi.jpg\" alt=\"\" width=\"600\" height=\"599\" srcset=\"https:\/\/blog.lesgrossesorchadeslesamplesthalameges.fr\/wp-content\/uploads\/2020\/05\/Code-of-Ur-Nammu.-3-s.-av.-celui-dHammurabi.jpg 600w, https:\/\/blog.lesgrossesorchadeslesamplesthalameges.fr\/wp-content\/uploads\/2020\/05\/Code-of-Ur-Nammu.-3-s.-av.-celui-dHammurabi-150x150.jpg 150w, https:\/\/blog.lesgrossesorchadeslesamplesthalameges.fr\/wp-content\/uploads\/2020\/05\/Code-of-Ur-Nammu.-3-s.-av.-celui-dHammurabi-300x300.jpg 300w\" sizes=\"(max-width: 600px) 100vw, 600px\" \/><\/a><\/p>\n<p style=\"text-align: center;\"><span style=\"font-family: times new roman, times, serif; font-size: 14pt;\"><strong><em>Sumer\u00a0: Code d\u2019Ur-Nammu (trois si\u00e8cles avant celui d\u2019Hammurabi)<\/em><\/strong><\/span><\/p>\n<p><span style=\"font-family: times new roman, times, serif; font-size: 14pt;\"><strong><em>\u00a0<\/em><\/strong><\/span><\/p>\n<p><span style=\"font-family: times new roman, times, serif; font-size: 14pt;\"><strong>\u00a0<\/strong><\/span><\/p>\n<p>&nbsp;<\/p>\n<p style=\"text-align: left;\"><span style=\"font-family: times new roman, times, serif; font-size: 14pt;\"><strong>URL de cet article\u00a0: <\/strong><a href=\"http:\/\/blog.lesgrossesorchadeslesamplesthalameges.fr\/index.php\/nidaba-deesse-sumerienne-de-lecriture\/\">http:\/\/blog.lesgrossesorchadeslesamplesthalameges.fr\/index.php\/nidaba-deesse-sumerienne-de-lecriture\/<\/a><br \/>\n<\/span><\/p>\n<p><span style=\"font-family: times new roman, times, serif; font-size: 14pt;\">\u00a0<\/span><\/p>\n<p>&nbsp;<\/p>\n<p style=\"text-align: center;\"><strong>\u00a0<a href=\"http:\/\/blog.lesgrossesorchadeslesamplesthalameges.fr\/wp-content\/uploads\/2020\/05\/0..-Fish-5.gif\"><img loading=\"lazy\" class=\"alignnone size-full wp-image-10184\" src=\"http:\/\/blog.lesgrossesorchadeslesamplesthalameges.fr\/wp-content\/uploads\/2020\/05\/0..-Fish-5.gif\" alt=\"\" width=\"59\" height=\"59\" \/><\/a><\/strong><\/p>\n<p>&nbsp;<\/p>\n<p style=\"text-align: right;\"><span style=\"font-family: comic sans ms, sans-serif; font-size: 14pt;\">Mai 2020<\/span><\/p>\n<p style=\"text-align: right;\">\n","protected":false},"excerpt":{"rendered":"<p>&nbsp; &nbsp; &nbsp; &nbsp; &nbsp; &nbsp; &nbsp; Nidaba, d\u00e9esse sum\u00e9rienne de l\u2019\u00e9criture \u00a0 &nbsp; De l\u2019\u00e9criture, de la fertilit\u00e9 des champs, de la sagesse, de l\u2019architecture et des proph\u00e9ties &nbsp; &nbsp; et ses \u0153uvres \u00a0 &nbsp; Sumer\u00a0: \u00c9criture pr\u00e9-cun\u00e9iforme \u00a0 \u00a0 \u00a0 Sumer\u00a0: \u00c9criture cun\u00e9iforme \u00a0 \u00a0 Sumer\u00a0: Code d\u2019Ur-Nammu (trois si\u00e8cles avant celui d\u2019Hammurabi)&#8230;<\/p>\n","protected":false},"author":1,"featured_media":0,"parent":0,"menu_order":0,"comment_status":"open","ping_status":"open","template":"","meta":[],"_links":{"self":[{"href":"https:\/\/blog.lesgrossesorchadeslesamplesthalameges.fr\/index.php\/wp-json\/wp\/v2\/pages\/10195"}],"collection":[{"href":"https:\/\/blog.lesgrossesorchadeslesamplesthalameges.fr\/index.php\/wp-json\/wp\/v2\/pages"}],"about":[{"href":"https:\/\/blog.lesgrossesorchadeslesamplesthalameges.fr\/index.php\/wp-json\/wp\/v2\/types\/page"}],"author":[{"embeddable":true,"href":"https:\/\/blog.lesgrossesorchadeslesamplesthalameges.fr\/index.php\/wp-json\/wp\/v2\/users\/1"}],"replies":[{"embeddable":true,"href":"https:\/\/blog.lesgrossesorchadeslesamplesthalameges.fr\/index.php\/wp-json\/wp\/v2\/comments?post=10195"}],"version-history":[{"count":0,"href":"https:\/\/blog.lesgrossesorchadeslesamplesthalameges.fr\/index.php\/wp-json\/wp\/v2\/pages\/10195\/revisions"}],"wp:attachment":[{"href":"https:\/\/blog.lesgrossesorchadeslesamplesthalameges.fr\/index.php\/wp-json\/wp\/v2\/media?parent=10195"}],"curies":[{"name":"wp","href":"https:\/\/api.w.org\/{rel}","templated":true}]}}