{"id":10206,"date":"2020-05-05T19:41:48","date_gmt":"2020-05-05T17:41:48","guid":{"rendered":"http:\/\/blog.lesgrossesorchadeslesamplesthalameges.fr\/?page_id=10206"},"modified":"2020-05-05T19:42:48","modified_gmt":"2020-05-05T17:42:48","slug":"3000-ans-avant-sumer-vinca","status":"publish","type":"page","link":"https:\/\/blog.lesgrossesorchadeslesamplesthalameges.fr\/index.php\/3000-ans-avant-sumer-vinca\/","title":{"rendered":"3000 ans avant Sumer : Vinca"},"content":{"rendered":"<p>&nbsp;<\/p>\n<p>&nbsp;<\/p>\n<p>&nbsp;<\/p>\n<p>&nbsp;<\/p>\n<p>&nbsp;<\/p>\n<p>&nbsp;<\/p>\n<p style=\"text-align: center;\"><span style=\"font-family: times new roman, times, serif; font-size: 36pt;\"><strong>3.000 ans avant Sumer<\/strong><\/span><\/p>\n<p>&nbsp;<\/p>\n<p style=\"text-align: center;\"><span style=\"font-family: times new roman, times, serif; font-size: 24pt; color: #c00000;\"><strong>L\u2019\u00e9criture \u00ab\u00a0de Vinca\u00a0\u00bb<\/strong><\/span><\/p>\n<p style=\"text-align: center;\"><span style=\"font-family: times new roman, times, serif; font-size: 14pt;\"><strong>\u00a0<\/strong><\/span><\/p>\n<p style=\"text-align: justify;\"><span style=\"font-family: times new roman, times, serif; font-size: 14pt;\"><strong>\u00a0<\/strong><\/span><\/p>\n<p style=\"text-align: center;\"><a href=\"http:\/\/blog.lesgrossesorchadeslesamplesthalameges.fr\/wp-content\/uploads\/2020\/05\/Ecriture-de-Vinca-GIF.gif\"><img loading=\"lazy\" class=\"alignnone wp-image-10208\" src=\"http:\/\/blog.lesgrossesorchadeslesamplesthalameges.fr\/wp-content\/uploads\/2020\/05\/Ecriture-de-Vinca-GIF.gif\" alt=\"\" width=\"450\" height=\"450\" \/><\/a><\/p>\n<p>&nbsp;<\/p>\n<p>&nbsp;<\/p>\n<p style=\"text-align: justify;\"><span style=\"font-family: comic sans ms, sans-serif; font-size: 14pt;\">En 7.000 avant J.-C., ce qui est aujourd\u2019hui la Serbie avait son \u00e9criture, dont les vestiges sont encore enterr\u00e9s tr\u00e8s profond\u00e9ment sous Belgrade et sans doute quelques autres lieux.<\/span><\/p>\n<p style=\"text-align: justify;\"><span style=\"font-family: comic sans ms, sans-serif; font-size: 14pt;\">On en conna\u00eet les signes (ou tout au moins une partie), sans savoir si ces signes (voir ci-dessus) ont jamais \u00e9t\u00e9 utilis\u00e9s pour former des phrases ou seulement pour (par exemple) marquer des troupeaux.<\/span><\/p>\n<p style=\"text-align: justify;\"><span style=\"font-family: comic sans ms, sans-serif; font-size: 14pt;\">Faute de moyens pour financer des fouilles, les Serbes marchent et dorment sur leurs tr\u00e9sors. Ce n\u2019est peut-\u00eatre pas plus mal\u2026 tant que des bombardements \u00e0 l\u2019uranium enrichi ou appauvri risquent de venir les d\u00e9truire \u00e0 peine exhum\u00e9s.<\/span><\/p>\n<p>&nbsp;<\/p>\n<p style=\"text-align: justify;\"><span style=\"font-family: comic sans ms, sans-serif; font-size: 18pt;\"><strong>Une phrase\u00a0?<\/strong><\/span><\/p>\n<p>&nbsp;<\/p>\n<p style=\"text-align: justify; padding-left: 60px;\"><span style=\"font-family: times new roman, times, serif; font-size: 14pt;\">Un chercheur pr\u00e9tend avoir d\u00e9chiffr\u00e9 la plus ancienne \u00e9criture, dite de Vinca, sur des tessons vieux de 7.000\u00a0ans et retrouv\u00e9s pr\u00e8s de\u00a0Belgrade.<\/span><\/p>\n<p style=\"text-align: justify; padding-left: 60px;\"><span style=\"font-family: times new roman, times, serif; font-size: 14pt;\"><em>\u00ab\u00a0La d\u00e9esse-ourse et la d\u00e9esse-oiseau sont bien la d\u00e9esse-ourse.\u00a0\u00bb<\/em><\/span><\/p>\n<p style=\"text-align: justify; padding-left: 60px;\"><span style=\"font-family: times new roman, times, serif; font-size: 14pt;\">Voil\u00e0 ce que dit la phrase la plus ancienne connue d\u2019une langue humaine, \u00e0 en croire de nouvelles recherches spectaculaires et quelque peu sp\u00e9culatives. Elle a \u00e9t\u00e9 inscrite il y a pr\u00e8s de 7.000 ans sur deux fusa\u00efoles en terre cuite [la fusa\u00efole sert de poids au fuseau pendant le filage]. Ces derni\u00e8res ont \u00e9t\u00e9 mises au jour lors de fouilles \u00e0 Jela, \u00e0 l\u2019ouest de Belgrade, sur la rive sud de la Save. Elles portent des inscriptions dans l\u2019\u00e9criture dite de Vinca, du nom d\u2019un site proche de la capitale serbe.<\/span><\/p>\n<p style=\"text-align: justify; padding-left: 60px;\"><span style=\"font-family: times new roman, times, serif; font-size: 14pt;\">L\u2019\u00e9criture de Vinca a \u00e9t\u00e9 retrouv\u00e9e sur plusieurs sites de fouilles arch\u00e9ologiques dans les Balkans et en Pannonie [ouest de la Hongrie et est de la Croatie]. On a recens\u00e9 plusieurs dizaines de symboles diff\u00e9rents, qui composent l\u2019\u00e9criture d\u2019une culture dite \u00ab\u00a0vieille-europ\u00e9enne\u00a0\u00bb pr\u00e9sente en Europe du Sud-Est au n\u00e9olithique, entre 6.000 et 4.000 av. J.-C., et qui aurait \u00e9t\u00e9 balay\u00e9e par une invasion. [Les plus anciennes tablettes cun\u00e9iformes, consid\u00e9r\u00e9es jusqu\u2019\u00e0 pr\u00e9sent comme les premi\u00e8res formes d\u2019\u00e9criture, datent de 3.300 ans avant notre \u00e8re.]<\/span><\/p>\n<p style=\"text-align: justify; padding-left: 60px;\"><span style=\"font-family: times new roman, times, serif; font-size: 14pt;\">Source\u00a0: \u00a0<a href=\"https:\/\/www.courrierinternational.com\/notule-source\/neue-zuercher-zeitung\">Neue Z\u00fcrcher Zeitung &#8211; Zurich<\/a><\/span><\/p>\n<p>&nbsp;<\/p>\n<p style=\"text-align: justify;\"><span style=\"font-family: comic sans ms, sans-serif; font-size: 14pt;\">[La phrase en question aurait \u00e9t\u00e9 d\u00e9chiffr\u00e9e par un linguiste am\u00e9ricain du nom de Toby Griffen \u2013 NdGO]<\/span><\/p>\n<p>&nbsp;<\/p>\n<p>&nbsp;<\/p>\n<p style=\"text-align: justify;\"><span style=\"font-family: times new roman, times, serif; font-size: 18pt;\"><strong><span style=\"font-family: comic sans ms, sans-serif;\">Toby D. Grifen<\/span> <\/strong><\/span><\/p>\n<p style=\"text-align: justify;\"><span style=\"font-family: comic sans ms, sans-serif; font-size: 14pt;\">(ce que nous avons trouv\u00e9 <a href=\"https:\/\/www.cairn.info\/revue-poesie-2017-2-page-175.htm\">sur cairn.info<\/a>)<\/span><\/p>\n<p>&nbsp;<\/p>\n<p style=\"text-align: justify; padding-left: 60px;\"><span style=\"font-family: times new roman, times, serif; font-size: 14pt;\">Sp\u00e9cialiste des langues \u00e9trang\u00e8res, Toby D. Griffen est professeur \u00e9m\u00e9rite de la Southern Illinois University. Auteur de <em>Germano-European\u00a0:<\/em> <em>Breaking the Sound Law<\/em> et de <em>Aspects of Dynamic Phonology<\/em>, ses travaux sont au centre de nombreuses pol\u00e9miques. Les recherches men\u00e9es sur l\u2019\u00e9criture dite de Vin\u010da, \u00e9tudi\u00e9e sur des tessons de bouteilles retrouv\u00e9s dans ce village proche de Belgrade, lui ont laiss\u00e9 croire qu\u2019il avait d\u00e9couvert la premi\u00e8re trace \u00e9crite au monde sur le continent europ\u00e9en (-7000). Cette nouvelle a suscit\u00e9 une vague de protestations sans pr\u00e9c\u00e9dent. <em>Les sons du continent<\/em>, le premier ouvrage publi\u00e9 depuis la pol\u00e9mique, entreprend une vaste enqu\u00eate sur l\u2019\u00e9tymologie du mot Europe.<\/span><\/p>\n<p style=\"text-align: justify; padding-left: 60px;\"><span style=\"font-family: times new roman, times, serif; font-size: 14pt;\">*Professeur, vous travaillez depuis quelques ann\u00e9es \u00e0 la refonte de l\u2019\u00e9tude des langues indo-europ\u00e9ennes et s\u00e9mitiques, en mettant au jour ce que vous appelez une \u00ab\u00a0logique phon\u00e9tico-s\u00e9mantique\u00a0\u00bb. <em>Les sons du continent<\/em> applique cette m\u00e9thode \u00e0 l\u2019analyse d\u2019un mot complexe et central, puisqu\u2019il s\u2019agit du mot Europe. Comment avez-vous abord\u00e9 cette recherche\u00a0?<\/span><\/p>\n<p style=\"text-align: justify; padding-left: 60px;\"><span style=\"font-family: times new roman, times, serif; font-size: 14pt;\">*Toby D. Griffen\u00a0: Dans les meilleures conditions, puisque j\u2019ai eu la chance de b\u00e9n\u00e9ficier d\u2019un programme de recherche priv\u00e9 des plus confortables. Ce fut, malgr\u00e9 cela, un long et \u00e9prouvant p\u00e9riple\u00a0! De fa\u00e7on g\u00e9n\u00e9rale, \u00e9tudier l\u2019articulation lexicale des langues, c\u2019est un peu comme perdre la raison. Vous voyez des routes se rejoindre et d\u2019autres s\u2019\u00e9loigner\u00a0; vous en suivez une, puis vous partez rejoindre un chemin qui vous m\u00e8ne ailleurs\u2026<\/span><\/p>\n<p style=\"text-align: justify; padding-left: 30px;\"><span style=\"font-family: comic sans ms, sans-serif; font-size: 14pt;\">(la suite de l\u2019article est payante).<\/span><\/p>\n<p>&nbsp;<\/p>\n<p>&nbsp;<\/p>\n<p style=\"text-align: justify;\"><span style=\"font-family: comic sans ms, sans-serif; font-size: 18pt;\"><strong>Quelques rep\u00e8res<\/strong><\/span><\/p>\n<p style=\"text-align: justify;\"><span style=\"font-family: comic sans ms, sans-serif; font-size: 14pt;\">3300<\/span><br \/>\n<span style=\"font-family: comic sans ms, sans-serif; font-size: 14pt;\">Tablettes sum\u00e9riennes en \u00e9criture pictographique cun\u00e9iforme<\/span><br \/>\n<span style=\"font-family: comic sans ms, sans-serif; font-size: 14pt;\">\u00e0 Ourouk (M\u00e9sopotamie)\u00a0: c\u2019\u00e9tait le plus ancien t\u00e9moignage d\u2019\u00e9criture connu,\u00a0jusqu\u2019ici.<\/span><\/p>\n<p style=\"text-align: justify; padding-left: 30px;\"><span style=\"font-family: comic sans ms, sans-serif; font-size: 14pt;\">3200<\/span><br \/>\n<span style=\"font-family: comic sans ms, sans-serif; font-size: 14pt;\">Premiers hi\u00e9roglyphes\u00a0\u00e9gyptiens.<\/span><\/p>\n<p style=\"text-align: justify; padding-left: 30px;\"><span style=\"font-family: comic sans ms, sans-serif; font-size: 14pt;\">2800<\/span><br \/>\n<span style=\"font-family: comic sans ms, sans-serif; font-size: 14pt;\">L\u2019\u00e9criture pictographique sum\u00e9rienne devient\u00a0phon\u00e9tique.<\/span><\/p>\n<p style=\"text-align: justify; padding-left: 30px;\"><span style=\"font-family: comic sans ms, sans-serif; font-size: 14pt;\">1400<\/span><br \/>\n<span style=\"font-family: comic sans ms, sans-serif; font-size: 14pt;\">Textes divinatoires grav\u00e9s sur des os ou des plastrons de tortue en\u00a0Chine.<\/span><\/p>\n<p style=\"text-align: justify; padding-left: 30px;\"><span style=\"font-family: comic sans ms, sans-serif; font-size: 14pt;\">800<\/span><br \/>\n<span style=\"font-family: comic sans ms, sans-serif; font-size: 14pt;\">Invention des voyelles dans l\u2019alphabet\u00a0grec.<\/span><\/p>\n<p>&nbsp;<\/p>\n<p style=\"text-align: justify;\"><span style=\"font-family: comic sans ms, sans-serif; font-size: 18pt;\"><strong>Voyelles<\/strong><\/span><\/p>\n<p style=\"text-align: justify;\"><span style=\"font-family: comic sans ms, sans-serif; font-size: 14pt;\">Depuis quand les H\u00e9breux ont-ils \u00e9vinc\u00e9 de leur alphabet les voyelles IEUOA qui formaient le nom d\u2019\u00c8ve, leur d\u00e9esse-m\u00e8re des origines\u00a0? Depuis qu\u2019ils ont \u00ab\u00a0expuls\u00e9 la femelle\u00a0\u00bb et que IEUOA est devenue YHWH.\u00a0 C\u2019est-\u00e0-dire\u00a0?<\/span><\/p>\n<p style=\"text-align: justify;\"><span style=\"font-family: comic sans ms, sans-serif; font-size: 14pt;\">On notera que les Gallois ont fait de m\u00eame avec les leurs. Il serait int\u00e9ressant de savoir quand et pourquoi.<\/span><\/p>\n<p>&nbsp;<\/p>\n<p>&nbsp;<\/p>\n<p style=\"text-align: justify;\"><span style=\"font-family: comic sans ms, sans-serif; font-size: 14pt;\"><strong>\u00c0 consulter\u00a0:<\/strong>\u00a0<\/span><\/p>\n<h1 style=\"padding-left: 30px;\"><strong><span style=\"font-size: 14pt;\"><a href=\"https:\/\/fr.wikipedia.org\/wiki\/Culture_de_Vin%C4%8Da\"><span style=\"font-family: comic sans ms, sans-serif;\">Culture de Vin\u010da<\/span><\/a><\/span><\/strong><\/h1>\n<h1 style=\"padding-left: 30px;\"><span style=\"font-family: comic sans ms, sans-serif; font-size: 14pt;\"><a href=\"https:\/\/fr.wikipedia.org\/wiki\/Vin%C4%8Da-Belo_brdo\"><strong>Site arch\u00e9ologique de Vin\u010da-Belo brdo<\/strong><\/a><\/span><\/h1>\n<p style=\"padding-left: 30px;\"><span style=\"font-family: comic sans ms, sans-serif; font-size: 14pt;\"><a href=\"https:\/\/fr.wikipedia.org\/wiki\/Culture_d%27Anzabegovo-Vrchnik\"><strong>Culture d&rsquo;Anzabegovo-Vrchnik<\/strong><\/a><\/span><\/p>\n<p style=\"padding-left: 30px;\"><span style=\"font-family: comic sans ms, sans-serif; font-size: 14pt;\"><a href=\"https:\/\/fr.wikipedia.org\/wiki\/Culture_de_Cernavod%C4%83\"><strong>Culture de Cernavod\u0103<\/strong><\/a><\/span><\/p>\n<p style=\"padding-left: 30px;\"><span style=\"font-family: comic sans ms, sans-serif; font-size: 18pt;\"><a href=\"https:\/\/atil.pagesperso-orange.fr\/atil\/y15.htm\"><strong><span style=\"font-size: 14pt;\">Culture \u00a0des P\u00e9lasges Vinciens<\/span><\/strong><\/a><\/span><\/p>\n<p>&nbsp;<\/p>\n<p><span style=\"font-size: 14pt; font-family: comic sans ms, sans-serif;\">Et d\u2019o\u00f9 croyez-vous que provenaient les P\u00e9lasges Vinciens\u00a0? De Syrie.<\/span><\/p>\n<p>&nbsp;<\/p>\n<p style=\"text-align: left;\"><span style=\"font-family: times new roman, times, serif; font-size: 14pt;\"><strong>URL de cet article\u00a0: <\/strong><a href=\"http:\/\/blog.lesgrossesorchadeslesamplesthalameges.fr\/index.php\/3000-ans-avant-sumer-vinca\/\">http:\/\/blog.lesgrossesorchadeslesamplesthalameges.fr\/index.php\/3000-ans-avant-sumer-vinca\/<\/a><strong><br \/>\n<\/strong><\/span><\/p>\n<p>&nbsp;<\/p>\n<p>&nbsp;<\/p>\n<p style=\"text-align: center;\"><a href=\"http:\/\/blog.lesgrossesorchadeslesamplesthalameges.fr\/wp-content\/uploads\/2020\/05\/0..-Fish-5.gif\"><img loading=\"lazy\" class=\"alignnone size-full wp-image-10184\" src=\"http:\/\/blog.lesgrossesorchadeslesamplesthalameges.fr\/wp-content\/uploads\/2020\/05\/0..-Fish-5.gif\" alt=\"\" width=\"59\" height=\"59\" \/><\/a><\/p>\n<p>&nbsp;<\/p>\n<p style=\"text-align: right;\"><span style=\"font-family: comic sans ms, sans-serif; font-size: 14pt;\">Mai 2020<\/span><\/p>\n<p>&nbsp;<\/p>\n<p>&nbsp;<\/p>\n","protected":false},"excerpt":{"rendered":"<p>&nbsp; &nbsp; &nbsp; &nbsp; &nbsp; &nbsp; 3.000 ans avant Sumer &nbsp; L\u2019\u00e9criture \u00ab\u00a0de Vinca\u00a0\u00bb \u00a0 \u00a0 &nbsp; &nbsp; En 7.000 avant J.-C., ce qui est aujourd\u2019hui la Serbie avait son \u00e9criture, dont les vestiges sont encore enterr\u00e9s tr\u00e8s profond\u00e9ment sous Belgrade et sans doute quelques autres lieux. On en conna\u00eet les signes (ou tout au&#8230;<\/p>\n","protected":false},"author":1,"featured_media":0,"parent":0,"menu_order":0,"comment_status":"open","ping_status":"open","template":"","meta":[],"_links":{"self":[{"href":"https:\/\/blog.lesgrossesorchadeslesamplesthalameges.fr\/index.php\/wp-json\/wp\/v2\/pages\/10206"}],"collection":[{"href":"https:\/\/blog.lesgrossesorchadeslesamplesthalameges.fr\/index.php\/wp-json\/wp\/v2\/pages"}],"about":[{"href":"https:\/\/blog.lesgrossesorchadeslesamplesthalameges.fr\/index.php\/wp-json\/wp\/v2\/types\/page"}],"author":[{"embeddable":true,"href":"https:\/\/blog.lesgrossesorchadeslesamplesthalameges.fr\/index.php\/wp-json\/wp\/v2\/users\/1"}],"replies":[{"embeddable":true,"href":"https:\/\/blog.lesgrossesorchadeslesamplesthalameges.fr\/index.php\/wp-json\/wp\/v2\/comments?post=10206"}],"version-history":[{"count":0,"href":"https:\/\/blog.lesgrossesorchadeslesamplesthalameges.fr\/index.php\/wp-json\/wp\/v2\/pages\/10206\/revisions"}],"wp:attachment":[{"href":"https:\/\/blog.lesgrossesorchadeslesamplesthalameges.fr\/index.php\/wp-json\/wp\/v2\/media?parent=10206"}],"curies":[{"name":"wp","href":"https:\/\/api.w.org\/{rel}","templated":true}]}}