{"id":10219,"date":"2020-05-05T19:52:52","date_gmt":"2020-05-05T17:52:52","guid":{"rendered":"http:\/\/blog.lesgrossesorchadeslesamplesthalameges.fr\/?page_id=10219"},"modified":"2020-05-05T19:53:55","modified_gmt":"2020-05-05T17:53:55","slug":"le-jardin-des-delices-de-jerome-bosch-source-dinspiration-litteraire","status":"publish","type":"page","link":"https:\/\/blog.lesgrossesorchadeslesamplesthalameges.fr\/index.php\/le-jardin-des-delices-de-jerome-bosch-source-dinspiration-litteraire\/","title":{"rendered":"Le \u00ab Jardin des D\u00e9lices \u00bb de J\u00e9r\u00f4me Bosch source d\u2019inspiration litt\u00e9raire"},"content":{"rendered":"<p>&nbsp;<\/p>\n<p>&nbsp;<\/p>\n<p>&nbsp;<\/p>\n<p>&nbsp;<\/p>\n<p>&nbsp;<\/p>\n<p>&nbsp;<\/p>\n<p>&nbsp;<\/p>\n<p style=\"text-align: center;\"><span style=\"font-family: times new roman, times, serif; font-size: 36pt;\"><strong>Le \u00ab\u00a0Jardin\u00a0des D\u00e9lices \u00bb de J\u00e9r\u00f4me Bosch source d\u2019inspiration litt\u00e9raire<\/strong><\/span><\/p>\n<p style=\"text-align: justify;\"><span style=\"font-family: times new roman, times, serif; font-size: 14pt;\"><strong>\u00a0<\/strong><\/span><\/p>\n<p>&nbsp;<\/p>\n<p style=\"text-align: justify;\"><span style=\"font-family: comic sans ms, sans-serif; font-size: 14pt;\">D\u2019autres \u00e9crivains qu\u2019Anatole Atlas ont d\u00fb, \u00e0 coup s\u00fbr, trouver de l\u2019inspiration dans la peinture du ma\u00eetre de Bois-le-Duc (\u2018s-Hetogenbosch, d\u2019o\u00f9 son nom). N\u2019en rappelons, ici, bri\u00e8vement qu\u2019un seul, ne f\u00fbt-ce que parce que nous l\u2019avons publi\u00e9\u00a0:<\/span><\/p>\n<p>&nbsp;<\/p>\n<p>&nbsp;<\/p>\n<p style=\"text-align: center;\"><span style=\"font-family: times new roman, times, serif; font-size: 18pt;\"><strong>Le hibou, le canard et \u2013 Miss Rowe\u00a0! Miss Rowe\u00a0!<\/strong><\/span><\/p>\n<p style=\"text-align: center;\"><span style=\"font-family: times new roman, times, serif; font-size: 14pt;\"><strong><em>La Thalam\u00e8ge<\/em><\/strong><strong> \u2013 1986<\/strong><\/span><\/p>\n<p>&nbsp;<\/p>\n<p style=\"text-align: center;\"><a href=\"http:\/\/blog.lesgrossesorchadeslesamplesthalameges.fr\/wp-content\/uploads\/2020\/05\/Le-hibou-le-canard-et.jpg\"><img loading=\"lazy\" class=\"alignnone wp-image-10220\" src=\"http:\/\/blog.lesgrossesorchadeslesamplesthalameges.fr\/wp-content\/uploads\/2020\/05\/Le-hibou-le-canard-et-225x300.jpg\" alt=\"\" width=\"275\" height=\"366\" srcset=\"https:\/\/blog.lesgrossesorchadeslesamplesthalameges.fr\/wp-content\/uploads\/2020\/05\/Le-hibou-le-canard-et-225x300.jpg 225w, https:\/\/blog.lesgrossesorchadeslesamplesthalameges.fr\/wp-content\/uploads\/2020\/05\/Le-hibou-le-canard-et.jpg 500w\" sizes=\"(max-width: 275px) 100vw, 275px\" \/><\/a><\/p>\n<p style=\"text-align: justify;\"><span style=\"font-family: times new roman, times, serif; font-size: 14pt;\"><strong>\u00a0<\/strong><\/span><\/p>\n<p>&nbsp;<\/p>\n<p style=\"text-align: justify;\"><span style=\"font-family: comic sans ms, sans-serif; font-size: 14pt;\">John Cowper POWYS ne cacha pas \u00e0 ses proches et \u00e0 ses multiples correspondants l\u2019impression\u00a0 profonde que lui avait faite la rencontre avec ce tableau. On en trouve trace dans un petit conte de sa premi\u00e8re vieillesse, \u00e9crit, si nous ne nous abusons, \u00e0 Phud Bottom (Upstate New York), par un Powys sexag\u00e9naire et tr\u00e8s pauvre, que tourmentait la perspective d\u2019\u00eatre envoy\u00e9 par \u00ab\u00a0les autorit\u00e9s\u00a0\u00bb dans un \u00ab\u00a0home\u00a0\u00bb pour personnes \u00e2g\u00e9es, o\u00f9 il serait s\u00e9par\u00e9 de sa compagne Phyllis Playter parce qu\u2019ils n\u2019\u00e9taient \u00ab\u00a0pas mari\u00e9s\u00a0\u00bb. (Les \u00c9tats-Unis ne badinaient pas, alors, avec les couples irr\u00e9guliers.)<\/span><\/p>\n<p style=\"text-align: justify;\"><span style=\"font-family: comic sans ms, sans-serif; font-size: 14pt;\">Dans ce texte o\u00f9 il anime, \u00e0 sa mani\u00e8re inimitable, toute une s\u00e9rie d\u2019inanim\u00e9s, on retrouve, outre le fant\u00f4me d\u2019une jeune vieille fille appel\u00e9e Miss Rowe, qui joue le r\u00f4le du dieu mis\u00e9ricordieux (d\u2019autres l\u2019auraient appel\u00e9e Allah\u00a0! J\u00e9sus\u00a0! ou Mondieumondieu\u00a0!), et les statuettes des sages chinois Lao Tseu et Tchouang Tseu, quelques \u00ab\u00a0personnes\u00a0\u00bb par lui convoqu\u00e9es du <em>Jardin des D\u00e9lices<\/em>\u00a0: un hibou empaill\u00e9, un cheval blanc, un canard curieux au bec jaune et un poisson \u00e0 la bouche ouverte, incarnant chacun une croyance ou une disposition philosophique. Si vous regardez bien le tableau, vous les y trouverez tous.<\/span><\/p>\n<p>&nbsp;<\/p>\n<p>&nbsp;<\/p>\n<p style=\"text-align: center;\"><a href=\"http:\/\/blog.lesgrossesorchadeslesamplesthalameges.fr\/wp-content\/uploads\/2020\/05\/Hibou.jpg\"><img loading=\"lazy\" class=\"alignnone wp-image-10221\" src=\"http:\/\/blog.lesgrossesorchadeslesamplesthalameges.fr\/wp-content\/uploads\/2020\/05\/Hibou-249x300.jpg\" alt=\"\" width=\"300\" height=\"361\" srcset=\"https:\/\/blog.lesgrossesorchadeslesamplesthalameges.fr\/wp-content\/uploads\/2020\/05\/Hibou-249x300.jpg 249w, https:\/\/blog.lesgrossesorchadeslesamplesthalameges.fr\/wp-content\/uploads\/2020\/05\/Hibou.jpg 600w\" sizes=\"(max-width: 300px) 100vw, 300px\" \/><\/a><\/p>\n<p>&nbsp;<\/p>\n<p>&nbsp;<\/p>\n<p style=\"text-align: left;\"><span style=\"font-family: times new roman, times, serif; font-size: 14pt;\"><strong>URL de cet article\u00a0:<\/strong> <a href=\"http:\/\/blog.lesgrossesorchadeslesamplesthalameges.fr\/index.php\/le-jardin-des-delices-de-jerome-bosch-source-dinspiration-litteraire\/\">http:\/\/blog.lesgrossesorchadeslesamplesthalameges.fr\/index.php\/le-jardin-des-delices-de-jerome-bosch-source-dinspiration-litteraire\/<\/a><br \/>\n<\/span><\/p>\n<p>&nbsp;<\/p>\n<p>&nbsp;<\/p>\n<p style=\"text-align: center;\"><a href=\"http:\/\/blog.lesgrossesorchadeslesamplesthalameges.fr\/wp-content\/uploads\/2020\/05\/0..-Fish-5.gif\"><img loading=\"lazy\" class=\"alignnone size-full wp-image-10184\" src=\"http:\/\/blog.lesgrossesorchadeslesamplesthalameges.fr\/wp-content\/uploads\/2020\/05\/0..-Fish-5.gif\" alt=\"\" width=\"59\" height=\"59\" \/><\/a><\/p>\n<p>&nbsp;<\/p>\n<p style=\"text-align: right;\"><span style=\"font-family: comic sans ms, sans-serif; font-size: 14pt;\">Mai 2020<\/span><\/p>\n<p>&nbsp;<\/p>\n<p>&nbsp;<\/p>\n","protected":false},"excerpt":{"rendered":"<p>&nbsp; &nbsp; &nbsp; &nbsp; &nbsp; &nbsp; &nbsp; Le \u00ab\u00a0Jardin\u00a0des D\u00e9lices \u00bb de J\u00e9r\u00f4me Bosch source d\u2019inspiration litt\u00e9raire \u00a0 &nbsp; D\u2019autres \u00e9crivains qu\u2019Anatole Atlas ont d\u00fb, \u00e0 coup s\u00fbr, trouver de l\u2019inspiration dans la peinture du ma\u00eetre de Bois-le-Duc (\u2018s-Hetogenbosch, d\u2019o\u00f9 son nom). N\u2019en rappelons, ici, bri\u00e8vement qu\u2019un seul, ne f\u00fbt-ce que parce que nous l\u2019avons&#8230;<\/p>\n","protected":false},"author":1,"featured_media":0,"parent":0,"menu_order":0,"comment_status":"open","ping_status":"open","template":"","meta":[],"_links":{"self":[{"href":"https:\/\/blog.lesgrossesorchadeslesamplesthalameges.fr\/index.php\/wp-json\/wp\/v2\/pages\/10219"}],"collection":[{"href":"https:\/\/blog.lesgrossesorchadeslesamplesthalameges.fr\/index.php\/wp-json\/wp\/v2\/pages"}],"about":[{"href":"https:\/\/blog.lesgrossesorchadeslesamplesthalameges.fr\/index.php\/wp-json\/wp\/v2\/types\/page"}],"author":[{"embeddable":true,"href":"https:\/\/blog.lesgrossesorchadeslesamplesthalameges.fr\/index.php\/wp-json\/wp\/v2\/users\/1"}],"replies":[{"embeddable":true,"href":"https:\/\/blog.lesgrossesorchadeslesamplesthalameges.fr\/index.php\/wp-json\/wp\/v2\/comments?post=10219"}],"version-history":[{"count":0,"href":"https:\/\/blog.lesgrossesorchadeslesamplesthalameges.fr\/index.php\/wp-json\/wp\/v2\/pages\/10219\/revisions"}],"wp:attachment":[{"href":"https:\/\/blog.lesgrossesorchadeslesamplesthalameges.fr\/index.php\/wp-json\/wp\/v2\/media?parent=10219"}],"curies":[{"name":"wp","href":"https:\/\/api.w.org\/{rel}","templated":true}]}}