{"id":10331,"date":"2020-05-08T20:22:23","date_gmt":"2020-05-08T18:22:23","guid":{"rendered":"http:\/\/blog.lesgrossesorchadeslesamplesthalameges.fr\/?page_id=10331"},"modified":"2020-05-08T20:24:15","modified_gmt":"2020-05-08T18:24:15","slug":"giulietto-chiesa-en-premiere-ligne-jusqua-la-fin","status":"publish","type":"page","link":"https:\/\/blog.lesgrossesorchadeslesamplesthalameges.fr\/index.php\/giulietto-chiesa-en-premiere-ligne-jusqua-la-fin\/","title":{"rendered":"Giulietto Chiesa en premi\u00e8re ligne jusqu&rsquo;\u00e0 la fin"},"content":{"rendered":"<p>&nbsp;<\/p>\n<p>&nbsp;<\/p>\n<p>&nbsp;<\/p>\n<p>&nbsp;<\/p>\n<p>&nbsp;<\/p>\n<p>&nbsp;<\/p>\n<p>&nbsp;<\/p>\n<p><span style=\"font-family: comic sans ms, sans-serif; font-size: 14pt;\">D\u00e9c\u00e8s du journaliste (ancien correspondant de presse \u00e0 Moscou), militant et homme politique italien Giulietto Chiesa, fondateur de PANDORATV\u00a0<a href=\"https:\/\/www.pandoratv.it\">https:\/\/www.pandoratv.it<\/a>\u00a0.<\/span><\/p>\n<p>&nbsp;<\/p>\n<p>&nbsp;<\/p>\n<p style=\"text-align: center;\"><strong><span style=\"font-family: times new roman, times, serif; font-size: 18pt; color: #c00000;\"><em>L\u2019Art de la guerre<\/em><\/span><\/strong><\/p>\n<p>&nbsp;<\/p>\n<p style=\"text-align: center;\"><span style=\"font-family: times new roman, times, serif;\"><strong><span style=\"font-size: 36pt;\">Giulietto Chiesa en premi\u00e8re ligne jusqu\u2019\u00e0 la fin<\/span><\/strong><\/span><\/p>\n<p>&nbsp;<\/p>\n<p style=\"text-align: center;\"><span style=\"font-family: times new roman, times, serif; font-size: 18pt;\"><strong>Manlio Dinucci <em>\u2013 il manifesto<\/em> \u2013 28.4.2020<\/strong><\/span><\/p>\n<p style=\"text-align: center;\"><span style=\"font-size: 18pt; font-family: times new roman, times, serif;\">Traduction : <strong>Maria-Ange Patrizio<\/strong><\/span><\/p>\n<p style=\"text-align: center;\"><span style=\"font-family: times new roman, times, serif;\"><strong>\u00a0<\/strong><\/span><\/p>\n<p><span style=\"font-family: times new roman, times, serif;\"><strong>\u00a0<\/strong><\/span><\/p>\n<p style=\"text-align: center;\"><span style=\"font-family: times new roman, times, serif;\"><strong>\u00a0<a href=\"http:\/\/blog.lesgrossesorchadeslesamplesthalameges.fr\/wp-content\/uploads\/2020\/05\/Giulietto.jpg\"><img loading=\"lazy\" class=\"alignnone wp-image-10335 size-full\" src=\"http:\/\/blog.lesgrossesorchadeslesamplesthalameges.fr\/wp-content\/uploads\/2020\/05\/Giulietto.jpg\" alt=\"\" width=\"500\" height=\"330\" srcset=\"https:\/\/blog.lesgrossesorchadeslesamplesthalameges.fr\/wp-content\/uploads\/2020\/05\/Giulietto.jpg 500w, https:\/\/blog.lesgrossesorchadeslesamplesthalameges.fr\/wp-content\/uploads\/2020\/05\/Giulietto-300x198.jpg 300w\" sizes=\"(max-width: 500px) 100vw, 500px\" \/><\/a><\/strong><\/span><\/p>\n<p>&nbsp;<\/p>\n<p>&nbsp;<\/p>\n<p style=\"text-align: justify;\"><span style=\"font-family: tahoma, arial, helvetica, sans-serif; font-size: 14pt;\"><strong>Giulietto Chiesa est mort quelques heures apr\u00e8s avoir conclu, pour le 75<sup>\u00e8me<\/sup> anniversaire de la Lib\u00e9ration et de la fin de la Seconde Guerre Mondiale, la Conf\u00e9rence internationale du 25 avril \u201c<em>Lib\u00e9rons-nous du virus de la guerre<\/em>\u201d. Une conf\u00e9rence en streaming direct, organis\u00e9e par le Comitato No Guerra No Nato, dont il \u00e9tait un des fondateurs, et par Global Research (Canada), le Centre de recherche sur la mondialisation dirig\u00e9 par le professeur Michel Chossudovsky.<\/strong><\/span><\/p>\n<p style=\"text-align: justify;\"><span style=\"font-family: times new roman, times, serif; font-size: 14pt;\"><strong><br \/>\n<\/strong>Plusieurs intervenants -d\u2019Italie et d\u2019autres pays europ\u00e9ens, des \u00c9tats-Unis \u00e0 la Russie, du Canada \u00e0 l\u2019Australie- ont examin\u00e9 les raisons de fond pour lesquelles de 1945 \u00e0 aujourd\u2019hui la guerre ne s\u2019est jamais termin\u00e9e : au Second conflit mondial a succ\u00e9d\u00e9 la Guerre froide, puis une s\u00e9rie ininterrompue de guerres et le retour \u00e0 une situation analogue \u00e0 celle de la Guerre froide qui accro\u00eet le risque d\u2019un conflit nucl\u00e9aire.<\/span><\/p>\n<p style=\"text-align: justify;\"><span style=\"font-family: times new roman, times, serif; font-size: 14pt;\">Les \u00e9conomistes Michel Chossudovsky (Canada), Peter Koenig (Suisse) et Guido Grossi (Italie) ont expliqu\u00e9 comment de puissantes forces \u00e9conomiques et financi\u00e8res exploitent la crise du coronavirus pour s\u2019approprier les \u00e9conomies nationales et ce que nous devrions faire pour contrecarrer ce plan.<\/span><br \/>\n<span style=\"font-family: times new roman, times, serif; font-size: 14pt;\">\u00a0 David Swanson (directeur de World Beyond War, USA), l\u2019\u00e9conomiste Tim Anderson (Australie), le photo-reporter Giorgio Bianchi et l\u2019historien Franco Cardini ont parl\u00e9 des guerres pass\u00e9es et actuelles, servant les int\u00e9r\u00eats de ces m\u00eames puissantes forces.<\/span><\/p>\n<p style=\"text-align: justify;\"><span style=\"font-family: times new roman, times, serif; font-size: 14pt;\">L\u2019expert de questions politico-militaires Vladimir Kozin (Russie), l\u2019essayiste Diana Johnstone (USA), la secr\u00e9taire de la Campagne pour le d\u00e9sarmement nucl\u00e9aire Kate Hudson (Royaume-Uni) ont examin\u00e9 les m\u00e9canismes qui renforcent la probabilit\u00e9 d\u2019un conflit nucl\u00e9aire catastrophique.<\/span><\/p>\n<p style=\"text-align: justify;\"><span style=\"font-family: times new roman, times, serif; font-size: 14pt;\">\u00a0<\/span><span style=\"font-family: times new roman, times, serif; font-size: 14pt;\">John Shipton (Australie), p\u00e8re de Julian Assange, et Ann Wright (USA), ex-colonelle de l\u2019US Army, ont illustr\u00e9 la situation dramatique de Julian Assange, le journaliste fondateur de Wikileaks d\u00e9tenu \u00e0 Londres, qui risque d\u2019\u00eatre extrad\u00e9 aux \u00c9tats-Unis o\u00f9 l\u2019attend la r\u00e9clusion \u00e0 perp\u00e9tuit\u00e9 ou la peine de mort.<\/span><\/p>\n<p style=\"text-align: justify;\"><span style=\"font-family: times new roman, times, serif; font-size: 14pt;\">C\u2019est sur ce th\u00e8me que Giulietto Chiesa a centr\u00e9 son intervention. Dont voici quelques extraits : \u201cLe fait qu\u2019on veuille d\u00e9truire Julian Assange veut dire que nous aussi, nous tous, serons b\u00e2illonn\u00e9s, occult\u00e9s, menac\u00e9s, mis dans l\u2019impossibilit\u00e9 de comprendre ce qui se passe chez nous et dans le monde. Ceci n\u2019est pas l\u2019avenir, c\u2019est le pr\u00e9sent. En Italie le gouvernement organise une \u00e9quipe de censeurs officiellement charg\u00e9e d\u2019\u00e9liminer toutes les informations qui divergent de celles qui sont officielles. C\u2019est la censure d\u2019\u00e9tat, comment l\u2019appeler autrement ? La Rai aussi, la t\u00e9l\u00e9vision publique, institue une <em>task\u00a0 force<\/em> contre les \u201cfakes news\u201d pour effacer les traces de leurs mensonges quotidiens qui inondent tous les \u00e9crans. Et puis il y a, pire encore, les tribunaux myst\u00e9rieux de tr\u00e8s loin plus puissants que ce que sont ces chasseurs de fakes news : ce sont Google, Facebook, qui manipulent les informations et, avec leurs algorithmes et leurs maquillages secrets, censurent sans appel. Nous sommes d\u00e9j\u00e0 entour\u00e9s par de nouveaux tribunaux qui effacent nos droits.<\/span><\/p>\n<p style=\"text-align: justify;\"><span style=\"font-family: times new roman, times, serif; font-size: 14pt;\">Vous rappelez-vous l\u2019article 21 de la Constitution italienne ? Il y est \u00e9crit \u201ctout le monde a le droit de manifester librement sa propre pens\u00e9e\u201d. Mais 60 millions d\u2019Italiens sont oblig\u00e9s d\u2019\u00e9couter un seul m\u00e9gaphone qui hurle depuis les 7 cha\u00eenes t\u00e9l\u00e9vis\u00e9es du pouvoir. Voil\u00e0 pourquoi Julian Assange est un symbole, une banni\u00e8re, une invitation \u00e0 la r\u00e9volte, au r\u00e9veil avant qu\u2019il ne soit trop tard. <\/span><\/p>\n<p style=\"text-align: justify;\"><span style=\"font-family: times new roman, times, serif; font-size: 14pt;\">Il est indispensable d\u2019unir les forces que nous avons, qui ne sont pas si petites mais ont un d\u00e9faut fondamental : celui d\u2019\u00eatre divis\u00e9es, incapables de parler d\u2019une seule voix. Il faut un outil qui parle aux millions de citoyens qui veulent savoir\u201d.<\/span><\/p>\n<p style=\"text-align: justify;\"><span style=\"font-family: times new roman, times, serif; font-size: 14pt;\"><strong>Voil\u00e0 les derni\u00e8res paroles de Giulietto Chiesa. Confirm\u00e9es par le fait que, imm\u00e9diatement apr\u00e8s le streaming, la vid\u00e9o de la Conf\u00e9rence a \u00e9t\u00e9 occult\u00e9e parce que \u00ab\u00a0son contenu a \u00e9t\u00e9 identifi\u00e9 par la Communaut\u00e9 You Tube comme inappropri\u00e9 ou offensant pour certains types de public\u00a0\u00bb.\u00a0<\/strong><\/span><\/p>\n<p style=\"text-align: justify;\"><span style=\"font-family: times new roman, times, serif; font-size: 14pt;\">\u00c9dition de mardi 28 avril 2020 d\u2019<em>il manifesto<\/em><\/span><\/p>\n<p style=\"text-align: justify;\"><span style=\"font-family: times new roman, times, serif; font-size: 14pt;\"><a href=\"https:\/\/ilmanifesto.it\/giulietto-chiesa-lultima-testimonianza\/\">https:\/\/ilmanifesto.it\/giulietto-chiesa-lultima-testimonianza\/<\/a>\u00a0<\/span><\/p>\n<p><span style=\"font-family: times new roman, times, serif;\"><strong>\u00a0<\/strong><\/span><\/p>\n<p style=\"text-align: center;\"><span style=\"font-family: times new roman, times, serif;\"><strong>\u00a0<\/strong><\/span><\/p>\n<p style=\"text-align: center;\"><a href=\"http:\/\/blog.lesgrossesorchadeslesamplesthalameges.fr\/wp-content\/uploads\/2020\/05\/NO-NATO-GIF.gif\"><img loading=\"lazy\" class=\"alignnone size-full wp-image-10340\" src=\"http:\/\/blog.lesgrossesorchadeslesamplesthalameges.fr\/wp-content\/uploads\/2020\/05\/NO-NATO-GIF.gif\" alt=\"\" width=\"125\" height=\"125\" \/><\/a><\/p>\n<p>&nbsp;<\/p>\n<p>&nbsp;<\/p>\n<p style=\"text-align: center;\"><span style=\"font-family: times new roman, times, serif; font-size: 36pt;\"><strong>COMMUNIQU\u00c9 DU COMIT\u00c9\u00a0<\/strong><\/span><\/p>\n<p style=\"text-align: center;\"><span style=\"font-family: times new roman, times, serif; font-size: 36pt;\"><strong>NO GUERRA NO NATO<\/strong><\/span><\/p>\n<p>&nbsp;<\/p>\n<p>&nbsp;<\/p>\n<p style=\"text-align: center;\"><span style=\"font-size: 24pt;\"><strong>GIULIETTO CHIESA<\/strong><\/span><\/p>\n<p>&nbsp;<\/p>\n<p style=\"text-align: center;\"><span style=\"font-size: 24pt; font-family: times new roman, times, serif;\"><strong>jusqu\u2019au bout en premi\u00e8re ligne dans la lutte\u00a0<\/strong><\/span><\/p>\n<p style=\"text-align: center;\"><span style=\"font-size: 24pt; font-family: times new roman, times, serif;\"><strong>pour\u00a0 appliquer l\u2019Article 11 de la Constitution,\u00a0<\/strong><\/span><\/p>\n<p style=\"text-align: center;\"><span style=\"font-size: 24pt; font-family: times new roman, times, serif;\"><strong>pour que l\u2019Italie sorte du syst\u00e8me de guerre<\/strong><\/span><\/p>\n<p>&nbsp;<\/p>\n<p>&nbsp;<\/p>\n<p style=\"text-align: justify;\"><span style=\"font-family: times new roman, times, serif; font-size: 14pt;\">Giulietto Chiesa est mort quelques heures apr\u00e8s avoir conclu, pour le 75<sup>\u00e8me<\/sup> anniversaire de la Lib\u00e9ration et de la fin de la Seconde Guerre Mondiale, la Conf\u00e9rence internationale du 25 avril <em>Lib\u00e9rons-nous du virus de la guerre.<\/em><\/span><\/p>\n<p style=\"text-align: justify;\"><span style=\"font-family: times new roman, times, serif; font-size: 14pt;\">Depuis que nous avons, il y a cinq ans, constitu\u00e9 le Comitato No Guerra No Nato (Comit\u00e9 Non \u00e0 la Guerre Non \u00e0 l\u2019Otan), nous avons \u00e9t\u00e9 avec lui dans un engagement continu pour fournir une information v\u00e9ridique sur les causes r\u00e9elles des guerres ; pour une Italie souveraine et neutre, hors de l\u2019Otan et de toute autre alliance militaire ; pour l\u2019\u00e9limination totale des armes nucl\u00e9aires et des autres armes de destruction de masse ; pour mettre fin au gaspillage d\u2019\u00e9normes ressources destin\u00e9es aux armes et aux guerres ; pour un nouveau syst\u00e8me \u00e9conomique et social qui \u00e9limine les causes qui sont \u00e0 l\u2019origine des guerres.<\/span><\/p>\n<p style=\"text-align: justify;\"><span style=\"font-family: times new roman, times, serif; font-size: 14pt;\">\u00a0Nous rappelons les derni\u00e8res paroles prononc\u00e9es par Giulietto Chiesa en conclusion de la Conf\u00e9rence du 25 avril, \u00e0 la fin de l\u2019engagement politique de toute sa vie. Paroles v\u00e9ridiques, crues, sur la gravit\u00e9 du moment que nous vivons. Paroles qui appellent \u00e0 la lutte pour reconqu\u00e9rir les libert\u00e9s constitutionnelles :<\/span><\/p>\n<p>&nbsp;<\/p>\n<p style=\"text-align: justify; padding-left: 90px;\"><span style=\"font-family: times new roman, times, serif; font-size: 14pt;\">\u201c<em>Nous sommes arriv\u00e9s \u00e0 la fin de ce marathon, dont j\u2019esp\u00e8re qu\u2019il a \u00e9t\u00e9 int\u00e9ressant pour vous tous. De nombreuses nouvelles choses ont \u00e9t\u00e9 expos\u00e9es, avec de nouvelles voix internationales.\u00a0<\/em><\/span><\/p>\n<p style=\"text-align: justify; padding-left: 90px;\"><span style=\"font-family: times new roman, times, serif; font-size: 14pt;\"><em>\u00a0Nous nous disons au revoir, un au revoir physique quand nous pourrons nous rencontrer, m\u00eame si je crois qu\u2019il ne sera pas facile de reconqu\u00e9rir les libert\u00e9s constitutionnelles qui ont \u00e9t\u00e9 suspendues, et nous savons pourquoi.<\/em><\/span><\/p>\n<p style=\"text-align: justify; padding-left: 90px;\"><span style=\"font-family: times new roman, times, serif; font-size: 14pt;\"><em>\u00a0Nous entrevoyons d\u00e9j\u00e0 des signes qui nous montrent les situations difficiles dans lesquelles nous devrons combattre pour retrouver les libert\u00e9s qui ont \u00e9t\u00e9 suspendues.<br \/>\nNous devons savoir que la situation sera beaucoup plus critique, beaucoup plus dramatique.<\/em><\/span><\/p>\n<p style=\"text-align: justify; padding-left: 90px;\"><span style=\"font-family: times new roman, times, serif; font-size: 14pt;\"><em>\u00a0Une crise \u00e9conomique de proportions gigantesques plane, qui impliquera et bouleversera (je le crains) l\u2019Italie.\u00a0<\/em><\/span><\/p>\n<p style=\"text-align: justify; padding-left: 90px;\"><span style=\"font-family: times new roman, times, serif; font-size: 14pt;\"><em>\u00a0Ceux qui sont en train d\u2019utiliser cette situation comme instrument pour frapper les plus faibles, et les plus faibles ont d\u00e9j\u00e0 \u00e9t\u00e9 frapp\u00e9s, ceux qui ont dans leurs mains les b\u00e2tons de commandement les utiliseront, et il sera donc de notre devoir, tous ensemble, de construire une barri\u00e8re et une capacit\u00e9 de r\u00e9volte. Nous devons penser \u00e0 une politique diff\u00e9rente pour sortir de cette situation.<\/em><\/span><\/p>\n<p style=\"text-align: justify; padding-left: 90px;\"><span style=\"font-family: times new roman, times, serif; font-size: 14pt;\"><em>\u00a0Cette conf\u00e9rence s\u2019est faite en ligne, mais il y aura et nous devrons faire en sorte qu\u2019il y ait d\u2019autres moments de lutte et de combat politique qui soient physiques, dans lesquels on puisse se retrouver et se regarder dans les yeux<\/em>\u201d.\u00a0<\/span><\/p>\n<p>&nbsp;<\/p>\n<p><span style=\"font-family: times new roman, times, serif;\"><strong><span style=\"font-size: 14pt;\">URL de cet article :<\/span><\/strong><a href=\"http:\/\/blog.lesgrossesorchadeslesamplesthalameges.fr\/index.php\/giulietto-chiesa-en-premiere-ligne-jusqua-la-fin\/\"><span style=\"font-size: 14pt;\"> http:\/\/blog.lesgrossesorchadeslesamplesthalameges.fr\/index.php\/giulietto-chiesa-en-premiere-ligne-jusqua-la-fin\/<\/span><\/a><\/span><\/p>\n<p>&nbsp;<\/p>\n<p>&nbsp;<\/p>\n<p style=\"text-align: center;\"><a href=\"http:\/\/blog.lesgrossesorchadeslesamplesthalameges.fr\/wp-content\/uploads\/2020\/05\/NO-NATO-GIF.gif\"><img loading=\"lazy\" class=\"alignnone size-full wp-image-10340\" src=\"http:\/\/blog.lesgrossesorchadeslesamplesthalameges.fr\/wp-content\/uploads\/2020\/05\/NO-NATO-GIF.gif\" alt=\"\" width=\"125\" height=\"125\" \/><\/a><\/p>\n<p>&nbsp;<\/p>\n<p>&nbsp;<\/p>\n<p style=\"text-align: right;\"><span style=\"font-family: comic sans ms, sans-serif; font-size: 14pt;\">Mai 2020<\/span><\/p>\n<p>&nbsp;<\/p>\n<p>&nbsp;<\/p>\n","protected":false},"excerpt":{"rendered":"<p>&nbsp; &nbsp; &nbsp; &nbsp; &nbsp; &nbsp; &nbsp; D\u00e9c\u00e8s du journaliste (ancien correspondant de presse \u00e0 Moscou), militant et homme politique italien Giulietto Chiesa, fondateur de PANDORATV\u00a0https:\/\/www.pandoratv.it\u00a0. &nbsp; &nbsp; L\u2019Art de la guerre &nbsp; Giulietto Chiesa en premi\u00e8re ligne jusqu\u2019\u00e0 la fin &nbsp; Manlio Dinucci \u2013 il manifesto \u2013 28.4.2020 Traduction : Maria-Ange Patrizio \u00a0 \u00a0&#8230;<\/p>\n","protected":false},"author":1,"featured_media":0,"parent":0,"menu_order":0,"comment_status":"open","ping_status":"open","template":"","meta":[],"_links":{"self":[{"href":"https:\/\/blog.lesgrossesorchadeslesamplesthalameges.fr\/index.php\/wp-json\/wp\/v2\/pages\/10331"}],"collection":[{"href":"https:\/\/blog.lesgrossesorchadeslesamplesthalameges.fr\/index.php\/wp-json\/wp\/v2\/pages"}],"about":[{"href":"https:\/\/blog.lesgrossesorchadeslesamplesthalameges.fr\/index.php\/wp-json\/wp\/v2\/types\/page"}],"author":[{"embeddable":true,"href":"https:\/\/blog.lesgrossesorchadeslesamplesthalameges.fr\/index.php\/wp-json\/wp\/v2\/users\/1"}],"replies":[{"embeddable":true,"href":"https:\/\/blog.lesgrossesorchadeslesamplesthalameges.fr\/index.php\/wp-json\/wp\/v2\/comments?post=10331"}],"version-history":[{"count":0,"href":"https:\/\/blog.lesgrossesorchadeslesamplesthalameges.fr\/index.php\/wp-json\/wp\/v2\/pages\/10331\/revisions"}],"wp:attachment":[{"href":"https:\/\/blog.lesgrossesorchadeslesamplesthalameges.fr\/index.php\/wp-json\/wp\/v2\/media?parent=10331"}],"curies":[{"name":"wp","href":"https:\/\/api.w.org\/{rel}","templated":true}]}}