{"id":10411,"date":"2020-05-12T23:35:56","date_gmt":"2020-05-12T21:35:56","guid":{"rendered":"http:\/\/blog.lesgrossesorchadeslesamplesthalameges.fr\/?page_id=10411"},"modified":"2020-05-12T23:36:44","modified_gmt":"2020-05-12T21:36:44","slug":"baie-des-cochons-bis","status":"publish","type":"page","link":"https:\/\/blog.lesgrossesorchadeslesamplesthalameges.fr\/index.php\/baie-des-cochons-bis\/","title":{"rendered":"Baie des cochons-Bis"},"content":{"rendered":"<p>&nbsp;<\/p>\n<p>&nbsp;<\/p>\n<p>&nbsp;<\/p>\n<p>&nbsp;<\/p>\n<p>&nbsp;<\/p>\n<p>&nbsp;<\/p>\n<p style=\"text-align: justify;\"><span style=\"font-family: times new roman, times, serif; font-size: 18pt; color: #c00000;\"><strong><em>On est un\u00a0 peu en retard pour en parler, mais les merdias de r\u00e9f\u00e9rence n\u2019en ont pas pip\u00e9 mot, alors, mieux vaut tard\u2026<\/em><\/strong><\/span><\/p>\n<p style=\"text-align: justify;\"><span style=\"font-family: times new roman, times, serif; font-size: 14pt;\"><strong>\u00a0<\/strong><\/span><\/p>\n<p>&nbsp;<\/p>\n<p style=\"text-align: center;\"><span style=\"font-family: times new roman, times, serif; font-size: 36pt;\"><strong>Baie des cochons-bis\u00a0: invasion arm\u00e9e du Venezuela<\/strong><\/span><\/p>\n<p>&nbsp;<\/p>\n<p style=\"text-align: center;\"><span style=\"font-family: times new roman, times, serif; font-size: 18pt;\"><strong>Lucas Leiroz <em>\u2013 InfoBrics<\/em> \u2013 6.5.2020<\/strong><\/span><\/p>\n<p style=\"text-align: center;\"><span style=\"font-family: times new roman, times, serif; font-size: 18pt;\">via<strong> <em>TheDuran<\/em><\/strong><\/span><\/p>\n<p style=\"text-align: center;\"><span style=\"font-family: times new roman, times, serif; font-size: 18pt;\">Traduction\u00a0:<strong> <em>Les Grosses Orchades<\/em><\/strong><\/span><\/p>\n<p>&nbsp;<\/p>\n<p style=\"text-align: center;\"><span style=\"font-family: times new roman, times, serif; font-size: 14pt;\"><strong><em>Lucas Leiroz est chercheur en Droit International \u00e0 l\u2019Universit\u00e9 f\u00e9d\u00e9rale de Rio de Janeiro<\/em><\/strong><\/span><\/p>\n<p style=\"text-align: center;\"><span style=\"font-family: times new roman, times, serif; font-size: 14pt;\"><strong><em>\u00a0<\/em><\/strong><\/span><\/p>\n<p>&nbsp;<\/p>\n<p style=\"text-align: center;\"><span style=\"font-family: times new roman, times, serif; font-size: 14pt;\"><strong><em>\u00a0<a href=\"http:\/\/blog.lesgrossesorchadeslesamplesthalameges.fr\/wp-content\/uploads\/2020\/05\/Bay-of-pigs-n\u00b0-2.jpg\"><img loading=\"lazy\" class=\"alignnone wp-image-10374 size-full\" src=\"http:\/\/blog.lesgrossesorchadeslesamplesthalameges.fr\/wp-content\/uploads\/2020\/05\/Bay-of-pigs-n\u00b0-2.jpg\" alt=\"\" width=\"600\" height=\"336\" srcset=\"https:\/\/blog.lesgrossesorchadeslesamplesthalameges.fr\/wp-content\/uploads\/2020\/05\/Bay-of-pigs-n\u00b0-2.jpg 600w, https:\/\/blog.lesgrossesorchadeslesamplesthalameges.fr\/wp-content\/uploads\/2020\/05\/Bay-of-pigs-n\u00b0-2-300x168.jpg 300w\" sizes=\"(max-width: 600px) 100vw, 600px\" \/><\/a><\/em><\/strong><\/span><\/p>\n<p style=\"text-align: justify;\"><span style=\"font-family: times new roman, times, serif; font-size: 14pt;\"><strong><em>\u00a0<\/em><\/strong><\/span><\/p>\n<p style=\"text-align: justify;\"><span style=\"font-family: times new roman, times, serif; font-size: 14pt;\"><strong><em>\u00a0<\/em><\/strong><\/span><\/p>\n<p style=\"text-align: justify;\"><span style=\"font-family: times new roman, times, serif; font-size: 14pt;\"><strong>En plein milieu de la pand\u00e9mie mondiale, Washington continue d\u2019appliquer son programme en Am\u00e9rique Latine. Une fois de plus, la cible est le Venezuela. L\u2019opposition du gouvernement am\u00e9ricain au r\u00e9gime populaire de Nicolas Maduro atteint des niveaux de plus en plus d\u00e9mesur\u00e9s, avec les USA recourant officiellement au dangereux mensonge selon lequel le Venezuela serait impliqu\u00e9 dans le trafic international de drogue, et, de l\u00e0, se lan\u00e7ant dans de t\u00e9m\u00e9raires man\u0153uvres militaires et d\u2019espionnage pour tenter de d\u00e9stabiliser le gouvernement bolivarien.<\/strong><\/span><\/p>\n<p>&nbsp;<\/p>\n<p style=\"text-align: justify;\"><span style=\"font-family: times new roman, times, serif; font-size: 14pt;\">Fin mars, Washington a formellement accus\u00e9 le gouvernement de Nicolas Maduro d\u2019\u00eatre impliqu\u00e9 dans le trafic de drogue. Une somme de 15 millions de dollars a \u00e9t\u00e9 offerte pour toute information susceptible de conduire \u00e0 l\u2019arrestation du pr\u00e9sident v\u00e9n\u00e9zu\u00e9lien. Depuis lors, la politique am\u00e9ricaine \u00e0 l\u2019\u00e9gard du Venezuela s\u2019est encore durcie, entra\u00eenant des man\u0153uvres de plus en plus agressives \u00e0 l\u2019encontre du gouvernement sud-am\u00e9ricain. Peu apr\u00e8s avoir annonc\u00e9 les millions de r\u00e9compense pour toute donn\u00e9e permettant l\u2019arrestation de Maduro, le pr\u00e9sident US Donald Trump a envoy\u00e9 des troupes au Venezuela. De puissants navires US <em>[et un fran\u00e7ais, NdT]<\/em> ont \u00e9t\u00e9 envoy\u00e9s vers les c\u00f4tes v\u00e9n\u00e9zu\u00e9liennes, dans une op\u00e9ration militaire cens\u00e9e \u00ab\u00a0combattre le trafic de drogue en Am\u00e9rique du Sud\u00a0\u00bb.<\/span><\/p>\n<p style=\"text-align: justify;\"><span style=\"font-family: times new roman, times, serif; font-size: 14pt;\">En pratique, les USA veulent encercler le Venezuela, emp\u00eacher la navigation de ce pays et r\u00e9p\u00e9ter sa vieille strat\u00e9gie qui consiste \u00e0 asphyxier l\u2019ennemi pour renverser Maduro, garantissant ainsi les int\u00e9r\u00eats US en Am\u00e9rique du Sud. Cependant, l\u2019attaque frontale par voie maritime n\u2019ayant pas suffi \u00e0 renverser Maduro, le pays sud-am\u00e9ricain a \u00e9t\u00e9, au d\u00e9but d\u2019avril, envahi par des troupes mercenaires au service des USA. Rien ou presque n\u2019en a \u00e9t\u00e9 rapport\u00e9 par les m\u00e9dias grand public occidentaux. Elle a cependant\u00a0 eu lieu et a m\u00eame \u00e9t\u00e9 tr\u00e8s significative, exigeant la plus extr\u00eame attention du gouvernement pour d\u00e9manteler la conspiration \u00e9trang\u00e8re.<\/span><\/p>\n<p style=\"text-align: justify;\"><span style=\"font-family: times new roman, times, serif; font-size: 14pt;\">La fa\u00e7on dont l\u2019invasion a \u00e9t\u00e9 con\u00e7ue est encore tr\u00e8s peu connue en dehors du Venezuela mais on suppose qu\u2019il y a eu une triple collaboration entre les USA, la Colombie et l\u2019opposition v\u00e9n\u00e9zu\u00e9lienne de Guaido. Tout d\u2019abord, ces trois \u00e9l\u00e9ments ont conspir\u00e9 pour permettre \u00e0 des mercenaires d\u2019envahir le Venezuela et de renverser le gouvernement. Selon les sources officielles, les troupes mercenaires ont quitt\u00e9 la Colombie par une route maritime, pour d\u00e9barquer au Venezuela, transport\u00e9s par une compagnie am\u00e9ricaine peut-\u00eatre embauch\u00e9e par Guaido lui-m\u00eame. L\u2019attaque s\u2019est produite dans la municipalit\u00e9 de Chuao (\u00e9tat d\u2019Aragua). Plusieurs photos et vid\u00e9os de l\u2019op\u00e9ration qui a emp\u00each\u00e9 l\u2019invasion sont d\u00e9j\u00e0 disponibles sur le Net. Le ministre de la Justice v\u00e9n\u00e9zu\u00e9lien a publi\u00e9 une s\u00e9rie de preuves, y compris les contrats sign\u00e9s par Guaido avec la compagnie maritime am\u00e9ricaine, d\u00e9crivant les routes maritimes \u00e0 suivre au d\u00e9part de la Colombie, et qui ont \u00e9t\u00e9 suivies en effet lors de l\u2019attaque. Preuves qui attestent la v\u00e9racit\u00e9 des all\u00e9gations du gouvernement Maduro.<\/span><\/p>\n<p style=\"text-align: justify;\"><span style=\"font-family: times new roman, times, serif; font-size: 14pt;\">Dimanche, le ministre de l\u2019Int\u00e9rieur v\u00e9n\u00e9zu\u00e9lien N\u00e9stor Revol a fait une d\u00e9claration publique imm\u00e9diatement cons\u00e9cutive \u00e0 la tentative d\u2019invasion, pr\u00e9cisant que les forces de s\u00e9curit\u00e9 du pays avaient bless\u00e9, captur\u00e9 et tu\u00e9 plusieurs terroristes, \u00e0 La Guaira, \u00e0 20 miles \u00e0 peine de Caracas. Selon ses propres termes\u00a0:<\/span><\/p>\n<p>&nbsp;<\/p>\n<p style=\"text-align: justify; padding-left: 90px;\"><span style=\"font-family: times new roman, times, serif; font-size: 14pt;\">\u00ab\u00a0Un groupe de terroristes mercenaires venus de Colombie ont tent\u00e9 d\u2019envahir le pays par la mer, pour y commettre des actes terroristes et assassiner les membres du gouvernement r\u00e9volutionnaire.\u00a0\u00bb<\/span><\/p>\n<p>&nbsp;<\/p>\n<p style=\"text-align: justify;\"><span style=\"font-family: times new roman, times, serif; font-size: 14pt;\">Les autorit\u00e9s colombiennes ont rapidement r\u00e9pondu aux accusations du gouvernement v\u00e9n\u00e9zu\u00e9lien, mais n\u2019ont cependant fait que d\u00e9clarer \u00ab\u00a0les accusations infond\u00e9es\u00a0\u00bb, sans apporter de preuves que les envahisseurs n\u2019avaient pas quitt\u00e9 la Colombie dans une action coordonn\u00e9e.<\/span><\/p>\n<p style=\"text-align: justify;\"><span style=\"font-family: times new roman, times, serif; font-size: 14pt;\">Les relations diplomatiques entre le Venezuela et la Colombie ont \u00e9t\u00e9 rompues l\u2019an dernier. Graduellement, la Colombie est devenue un \u00e9tat-satellite des int\u00e9r\u00eats US en Am\u00e9rique du Sud, \u00e9tant enti\u00e8rement occup\u00e9e et soumise par Washington. Il vaut la peine de rappeler qu\u2019en 2018, la Colombie est devenue le premier \u00ab\u00a0partenaire mondial\u00a0\u00bb latino-am\u00e9ricain de l\u2019OTAN. Ce qu\u2019il y a de plus curieux et de plus ironique dans ce sc\u00e9nario, c\u2019est bien l\u2019accusation d\u2019implication dans le trafic de drogue lanc\u00e9e par les Am\u00e9ricains contre le gouvernement Maduro, alors que dans la r\u00e9alit\u00e9, la Colombie, son principal alli\u00e9 dans le Sud mondial, est la nation latine qui a le lien historique le plus important des deux Am\u00e9riques avec le trafic international de drogue et est un narco-\u00e9tat universellement reconnu. Washington tente de d\u00e9tourner l\u2019attention g\u00e9n\u00e9rale en imputant les crimes de son alli\u00e9 \u00e0 son ennemi.<\/span><\/p>\n<p style=\"text-align: justify;\"><span style=\"font-family: times new roman, times, serif; font-size: 14pt;\">L\u2019op\u00e9ration rat\u00e9e rappelle immanquablement un \u00e9pisode similaire\u00a0 qui s\u2019est produit \u00e0 Cuba en 1961\u00a0: la fameuse \u00ab\u00a0invasion de la Baie des cochons\u00a0\u00bb. \u00c0 cette occasion, Cuba avait \u00e9t\u00e9 envahie par un groupe de para-militaires mercenaires entra\u00een\u00e9s par la CIA et financ\u00e9s par la mafia italo-am\u00e9ricaine, qui voulait renverser le gouvernement de Fidel Castro. L\u2019op\u00e9ration avait \u00e9t\u00e9 un fiasco complet et une v\u00e9ritable humiliation pour les USA, qui avaient d\u00fb se retirer et reconna\u00eetre la victoire cubaine. L\u2019histoire se r\u00e9p\u00e8te, avec des mercenaires pay\u00e9s et entra\u00een\u00e9s par les \u00c9tats-Unis pour envahir un pays non-align\u00e9 en utilisant la tactique de la guerre sous-trait\u00e9e. Cette fois encore, les USA sont battus.<\/span><\/p>\n<p style=\"text-align: justify;\"><span style=\"font-family: times new roman, times, serif; font-size: 14pt;\">Cette \u00ab\u00a0Baie des cochons-bis\u00a0\u00bb est le fait d&rsquo;une attitude d\u00e9mod\u00e9e de la g\u00e9opolitique am\u00e9ricaine. Washington n\u2019en finit pas de vouloir ressusciter les tactiques de la Guerre Froide, alors que le contexte international a compl\u00e8tement chang\u00e9 et que personne ne trouve plus ces proc\u00e9d\u00e9s tol\u00e9rables. Combien de temps les USA vont-ils encore s\u2019obstiner dans cette voie\u00a0? Quand vont-ils se rendre compte que leur politique internationale agressive n\u2019a plus aucune efficacit\u00e9, dans la dynamique actuelle des relations internationales\u00a0?<\/span><\/p>\n<p>&nbsp;<\/p>\n<p style=\"text-align: justify;\"><span style=\"font-family: times new roman, times, serif; font-size: 14pt;\">Source\u00a0: <a href=\"https:\/\/theduran.com\/bay-of-pigs-2-0-armed-invasion-of-venezuela\/\">https:\/\/theduran.com\/bay-of-pigs-2-0-armed-invasion-of-venezuela\/<\/a><\/span><\/p>\n<p>&nbsp;<\/p>\n<p style=\"text-align: right;\"><span style=\"font-family: times new roman, times, serif; font-size: 14pt;\">Traduction\u00a0: c.l. pour Les Grosses Orchades<\/span><\/p>\n<p><strong><span style=\"font-family: times new roman, times, serif; font-size: 14pt;\">URL de cet article :<\/span><\/strong> <a href=\"http:\/\/blog.lesgrossesorchadeslesamplesthalameges.fr\/index.php\/baie-des-cochons-bis\/\"><span style=\"font-family: times new roman, times, serif; font-size: 14pt;\">http:\/\/blog.lesgrossesorchadeslesamplesthalameges.fr\/index.php\/baie-des-cochons-bis\/<\/span><\/a><strong><span style=\"font-family: times new roman, times, serif; font-size: 14pt;\"><br \/>\n<\/span><\/strong><\/p>\n<p>&nbsp;<\/p>\n<p>&nbsp;<\/p>\n<p style=\"text-align: center;\"><a href=\"http:\/\/blog.lesgrossesorchadeslesamplesthalameges.fr\/wp-content\/uploads\/2020\/05\/M\u00e8re-Patrie-GRAND-GIF.gif\"><img loading=\"lazy\" class=\"alignnone size-full wp-image-10370\" src=\"http:\/\/blog.lesgrossesorchadeslesamplesthalameges.fr\/wp-content\/uploads\/2020\/05\/M\u00e8re-Patrie-GRAND-GIF.gif\" alt=\"\" width=\"100\" height=\"206\" \/><\/a><\/p>\n<p>&nbsp;<\/p>\n<p style=\"text-align: right;\"><span style=\"font-family: comic sans ms, sans-serif; font-size: 14pt;\">Mai 2020<\/span><\/p>\n<p>&nbsp;<\/p>\n<p>&nbsp;<\/p>\n","protected":false},"excerpt":{"rendered":"<p>&nbsp; &nbsp; &nbsp; &nbsp; &nbsp; &nbsp; On est un\u00a0 peu en retard pour en parler, mais les merdias de r\u00e9f\u00e9rence n\u2019en ont pas pip\u00e9 mot, alors, mieux vaut tard\u2026 \u00a0 &nbsp; Baie des cochons-bis\u00a0: invasion arm\u00e9e du Venezuela &nbsp; Lucas Leiroz \u2013 InfoBrics \u2013 6.5.2020 via TheDuran Traduction\u00a0: Les Grosses Orchades &nbsp; Lucas Leiroz est&#8230;<\/p>\n","protected":false},"author":1,"featured_media":0,"parent":0,"menu_order":0,"comment_status":"open","ping_status":"open","template":"","meta":[],"_links":{"self":[{"href":"https:\/\/blog.lesgrossesorchadeslesamplesthalameges.fr\/index.php\/wp-json\/wp\/v2\/pages\/10411"}],"collection":[{"href":"https:\/\/blog.lesgrossesorchadeslesamplesthalameges.fr\/index.php\/wp-json\/wp\/v2\/pages"}],"about":[{"href":"https:\/\/blog.lesgrossesorchadeslesamplesthalameges.fr\/index.php\/wp-json\/wp\/v2\/types\/page"}],"author":[{"embeddable":true,"href":"https:\/\/blog.lesgrossesorchadeslesamplesthalameges.fr\/index.php\/wp-json\/wp\/v2\/users\/1"}],"replies":[{"embeddable":true,"href":"https:\/\/blog.lesgrossesorchadeslesamplesthalameges.fr\/index.php\/wp-json\/wp\/v2\/comments?post=10411"}],"version-history":[{"count":0,"href":"https:\/\/blog.lesgrossesorchadeslesamplesthalameges.fr\/index.php\/wp-json\/wp\/v2\/pages\/10411\/revisions"}],"wp:attachment":[{"href":"https:\/\/blog.lesgrossesorchadeslesamplesthalameges.fr\/index.php\/wp-json\/wp\/v2\/media?parent=10411"}],"curies":[{"name":"wp","href":"https:\/\/api.w.org\/{rel}","templated":true}]}}