{"id":10450,"date":"2020-05-13T00:35:18","date_gmt":"2020-05-12T22:35:18","guid":{"rendered":"http:\/\/blog.lesgrossesorchadeslesamplesthalameges.fr\/?page_id=10450"},"modified":"2020-05-13T00:36:26","modified_gmt":"2020-05-12T22:36:26","slug":"avner-cohen-israel-et-la-bombe","status":"publish","type":"page","link":"https:\/\/blog.lesgrossesorchadeslesamplesthalameges.fr\/index.php\/avner-cohen-israel-et-la-bombe\/","title":{"rendered":"Avner Cohen \u2013 Isra\u00ebl et la Bombe"},"content":{"rendered":"<p>&nbsp;<\/p>\n<p>&nbsp;<\/p>\n<p>&nbsp;<\/p>\n<p>&nbsp;<\/p>\n<p>&nbsp;<\/p>\n<p>&nbsp;<\/p>\n<p style=\"text-align: center;\"><span style=\"font-family: times new roman, times, serif; font-size: 42pt;\"><strong>Avner Cohen \u2013 Isra\u00ebl et la Bombe<\/strong><\/span><\/p>\n<p>&nbsp;<\/p>\n<p style=\"text-align: center;\"><span style=\"font-family: times new roman, times, serif; font-size: 18pt;\"><strong>Herv\u00e9 \u2013 <em>le Saker Francophone<\/em> \u2013 11.5.2020<\/strong><\/span><\/p>\n<p style=\"text-align: justify;\"><span style=\"font-family: times new roman, times, serif; font-size: 14pt;\"><strong>\u00a0<\/strong><\/span><\/p>\n<p>&nbsp;<\/p>\n<p><a href=\"http:\/\/blog.lesgrossesorchadeslesamplesthalameges.fr\/wp-content\/uploads\/2020\/05\/ISRAEL-BOMBE.jpg\"><img loading=\"lazy\" class=\"alignnone wp-image-10381 size-full\" src=\"http:\/\/blog.lesgrossesorchadeslesamplesthalameges.fr\/wp-content\/uploads\/2020\/05\/ISRAEL-BOMBE.jpg\" alt=\"\" width=\"250\" height=\"384\" srcset=\"https:\/\/blog.lesgrossesorchadeslesamplesthalameges.fr\/wp-content\/uploads\/2020\/05\/ISRAEL-BOMBE.jpg 250w, https:\/\/blog.lesgrossesorchadeslesamplesthalameges.fr\/wp-content\/uploads\/2020\/05\/ISRAEL-BOMBE-195x300.jpg 195w\" sizes=\"(max-width: 250px) 100vw, 250px\" \/><\/a><\/p>\n<p style=\"text-align: justify;\"><span style=\"font-family: times new roman, times, serif; font-size: 14pt;\">Avner Cohen<\/span><\/p>\n<p style=\"text-align: justify;\"><span style=\"font-family: times new roman, times, serif; font-size: 18pt;\"><strong><em>Isra\u00ebl et la bombe<\/em><\/strong><\/span><\/p>\n<p style=\"text-align: justify;\"><span style=\"font-family: times new roman, times, serif; font-size: 14pt;\">\u00c9ditions Demi-Lune \u2013 Avril 2020<\/span><\/p>\n<p style=\"text-align: justify;\"><span style=\"font-family: times new roman, times, serif; font-size: 14pt;\">Collection\u00a0: R\u00e9sistances<\/span><\/p>\n<p style=\"text-align: justify;\"><span style=\"font-family: times new roman, times, serif; font-size: 14pt;\">640 pages<\/span><\/p>\n<p>&nbsp;<\/p>\n<p>&nbsp;<\/p>\n<p style=\"text-align: justify;\"><span style=\"font-family: tahoma, arial, helvetica, sans-serif; font-size: 14pt;\"><strong>Ce livre fait suite, dans cette collection <\/strong><a href=\"https:\/\/www.editionsdemilune.com\/collection-resistances.html\"><strong>R\u00e9sistances<\/strong><\/a><strong> des <\/strong><a href=\"https:\/\/www.editionsdemilune.com\"><strong>\u00e9ditions Demi Lune<\/strong><\/a><strong>,\u00a0au livre de Daniele Ganser sur les Guerres Ill\u00e9gales de l\u2019OTAN, d\u00e9j\u00e0<\/strong><a href=\"https:\/\/lesakerfrancophone.fr\/daniele-ganser-les-guerres-illegales-de-lotan\"><strong> chroniqu\u00e9 ici<\/strong><\/a><strong>. Ces deux auteurs abordent leur travail historique avec pour objectif d\u2019\u00e9clairer les zones d\u2019ombre pour permettre ou forcer la paix. Malgr\u00e9 le titre accrocheur un peu choc, il n\u2019y a aucun secret r\u00e9v\u00e9l\u00e9, aucune r\u00e9v\u00e9lation fracassante mais un \u00e9clairage lent et patient des notes de r\u00e9unions entre certains dirigeants, montrant la difficult\u00e9 de faire avancer la diplomatie au quotidien. L\u2019auteur est un universitaire isra\u00e9lien devenu binational am\u00e9ricain suite \u00e0 la publication, tr\u00e8s mal vue par la censure militaire isra\u00e9lienne, de ce livre en anglais qui a \u00e9t\u00e9 \u00e9crit,\u00a0en 1998, dans un cadre universitaire am\u00e9ricain.<\/strong><\/span><\/p>\n<p>&nbsp;<\/p>\n<p style=\"text-align: justify;\"><span style=\"font-family: times new roman, times, serif; font-size: 14pt;\">C\u2019est un travail d\u2019analyse sur des sources ouvertes, d\u00e9classifi\u00e9es, des entretiens d\u00e9clar\u00e9s avec des interlocuteurs consentants. On a sous les yeux un formidable outil de d\u00e9cryptage des relations isra\u00e9lo-am\u00e9ricaines courant sur\u00a0trois d\u00e9cennies, un jeu de cache-cache avec Kennedy, une normalisation progressive sous Johnson et la fin des espoirs de non-prolif\u00e9ration avec Nixon acceptant le fait accompli.<\/span><\/p>\n<p style=\"text-align: justify;\"><span style=\"font-family: times new roman, times, serif; font-size: 14pt;\">C\u2019est aussi l\u2019occasion de revoir les relations internationales au Moyen-orient, du point de vue arabe, enfin essentiellement du point de vue \u00e9gyptien, le poids lourd de l\u2019\u00e9poque qui a d\u2019ailleurs depuis disparu des radars, du point de vue am\u00e9ricain \u00e0 partir de Kennedy qui va d\u00e9ployer une strat\u00e9gie de non prolif\u00e9ration et enfin du point de vue isra\u00e9lien o\u00f9 le projet n\u2019a pas fait pas l\u2019unanimit\u00e9, loin s\u2019en faut.<\/span><\/p>\n<p style=\"text-align: justify;\"><span style=\"font-family: times new roman, times, serif; font-size: 14pt;\">D\u2019ailleurs ce sont des fonds \u00e9trangers qui vont permettre la mise en oeuvre de ce projet car l\u2019\u00e9tat Isra\u00e9lien n\u2019en a pas les moyens, \u00e9tant d\u00e9j\u00e0 engag\u00e9 dans une modernisation de son arm\u00e9e pour anticiper les prochaines guerres\u00a0et consolider cette t\u00eate de pont en Palestine. Mais on ne saura rien de ces fonds, qui les a fournis, quelles \u00e9taient les contre-parties ?<\/span><\/p>\n<p style=\"text-align: justify;\"><span style=\"font-family: times new roman, times, serif; font-size: 14pt;\">L\u2019auteur rappelle avec a propos que l\u2019histoire de la diss\u00e9mination nucl\u00e9aire commence aux USA et au Canada avec le plan d\u2019Eisenhower <a href=\"https:\/\/fr.wikipedia.org\/wiki\/Atoms_for_Peace\">Atom for Peace<\/a>, qui dans les ann\u00e9es 50 pr\u00e9voit de d\u00e9ployer l\u2019\u00e9nergie nucl\u00e9aire civile pour r\u00e9soudre les crises de d\u00e9veloppement dans le monde. Cette belle id\u00e9e, du point de vue de leurs promoteurs, en plein effort de reconstruction d\u2019apr\u00e8s guerre au niveau mondial, va rapidement mourir, certains autres dirigeants ne partageant pas cette vision. C\u2019est m\u00eame l\u2019inverse aujourd\u2019hui, le nucl\u00e9aire c\u2019est la guerre, c\u2019est la peur.<\/span><\/p>\n<p style=\"text-align: justify;\"><span style=\"font-family: times new roman, times, serif; font-size: 14pt;\">Au fil des chapitres, on peut suivre d\u2019abord les tractations internes autour de ce projet, puis le r\u00f4le crucial des fran\u00e7ais, en pleine crise de Suez, et enfin les premiers doutes chez les dirigeants am\u00e9ricains, qui jusqu\u2019\u00e0 la mort de Kennedy vont tenter de garder ce projet sous contr\u00f4le pour ne pas perdre le b\u00e9n\u00e9fice d\u2019une politique moyen-orientale \u00e9quilibr\u00e9e.<\/span><\/p>\n<p style=\"text-align: justify;\"><span style=\"font-family: times new roman, times, serif; font-size: 14pt;\">L\u2019auteur en postface explique longuement ses d\u00e9m\u00eal\u00e9es avec la censure isra\u00e9lienne, cette derni\u00e8re lui reprochant de mettre son pays au pied du mur. En lisant ce livre, j\u2019avais \u00e0 l\u2019esprit un autre livre \u00e9crit r\u00e9cemment par Ron Unz, sur les <a href=\"https:\/\/lesakerfrancophone.fr\/la-pravda-americaine-les-assassinats-du-mossad\">assassinats du Mossad<\/a>. On lit pourtant la m\u00eame histoire, du m\u00eame pays mais le livre de Bergman montre un pays tr\u00e8s diff\u00e9rent, o\u00f9 l\u2019on peut tuer ses opposants sur le sol m\u00eame de pays <em>\u00ab\u00a0amis\u00a0\u00bb<\/em>, alors que ce sont bien des m\u00eames dirigeants dont on parle, Ben Gourion, Golda Meir entre autre. Comme l\u2019explique si m\u00e9ticuleusement l\u2019auteur, le secret, l\u2019ambigu\u00eft\u00e9, l\u2019opacit\u00e9 m\u00eame du projet <em>Dimona<\/em>, est une tendance globale de ce pays et de son peuple. Et comme il le d\u00e9nonce, cela peut susciter des peurs externes plus dangereuses que la r\u00e9alit\u00e9 que l\u2019on veut cacher.<\/span><\/p>\n<p style=\"text-align: justify;\"><span style=\"font-family: times new roman, times, serif; font-size: 14pt;\">Mais son objectif, louable, peut lui \u00eatre retourn\u00e9. Qu\u2019en est il des objectifs r\u00e9els de ce livre puisque l\u2019opacit\u00e9 r\u00e8gne partout ? Est ce simplement un livre universitaire ou une commande pour \u00e9clairer la situation juste ce qu\u2019il faut\u00a0 afin de\u00a0figer et consolider la position de l\u2019\u00c9tat isra\u00e9lien. Vu l\u2019influence de certains lobbys pro-isra\u00e9liens dans le milieu universitaire am\u00e9ricain, il \u00e9tait sans doute possible\u00a0 de bloquer ce livre. Le laisser publier, autoriser discr\u00e8tement certaines interviews pour l\u2019orienter, tout en harcelant son auteur pour d\u00e9courager d\u2019\u00e9ventuels vocations, ne serait pas si machiav\u00e9lique que cela. Mais cela n\u2019enl\u00e8ve en rien \u00e0 la qualit\u00e9 de ce livre puisque l\u2019auteur diff\u00e9rencie parfaitement la part des \u00e9crits officiels, des interviews et de ses propres d\u00e9ductions. On peut donc le lire avec sa propre grille d\u2019analyse et de connaissances et trier les faits.<\/span><\/p>\n<p style=\"text-align: justify;\"><span style=\"font-family: times new roman, times, serif; font-size: 14pt;\">En 2020, les choses n\u2019ont pas beaucoup \u00e9volu\u00e9. Ce que les isra\u00e9liens se sont permis et ont r\u00e9ussi il y a 50 ans, ils l\u2019interdisent avec la plus grande f\u00e9rocit\u00e9 aux autres, n\u2019h\u00e9sitant pas \u00e0 peser de tout leur poids aupr\u00e8s de la super-puissance am\u00e9ricaine pour bloquer les projets adverses, y compris en poussant \u00e0 la destruction de certains \u00e9tats, quel qu\u2019en soit le co\u00fbt humain. Hier l\u2019\u00c9gypte soutenu par l\u2019URSS, puis l\u2019Irak, aujourd\u2019hui l\u2019Iran soutenu par la Russie et la Chine, le contexte n\u2019a pas beaucoup \u00e9volu\u00e9.<\/span><\/p>\n<p style=\"text-align: justify;\"><span style=\"font-family: times new roman, times, serif; font-size: 14pt;\">Ben Gourion aurait sans doute d\u00fb \u00e9couter Kennedy \u00e0 l\u2019\u00e9poque.\u00a0Maintenant que les USA sont fragilis\u00e9s, on pourrait assister \u00e0 un renversement d\u2019alliance au Moyen-Orient et retrouver l\u2019\u00c9tat d\u2019Isra\u00ebl isol\u00e9, sans plus\u00a0de s\u00e9curit\u00e9 avec ses bombes alors que ses projets de profondeur strat\u00e9giques, de Grand Isra\u00ebl, s\u2019\u00e9vaporent. On peut d\u2019ailleurs noter un certain humour des iraniens qui eux aussi <a href=\"https:\/\/fr.wikipedia.org\/wiki\/Fatwa_de_l%27ayatollah_Khamenei_interdisant_les_armes_nucl%C3%A9aires\">jouent<\/a> maintenant de cette ambigu\u00eft\u00e9 opaque.<\/span><\/p>\n<p>&nbsp;<\/p>\n<p style=\"text-align: justify;\"><span style=\"font-family: times new roman, times, serif; font-size: 14pt;\">Source\u00a0: <a href=\"https:\/\/lesakerfrancophone.fr\/avner-cohen-israel-et-la-bombe\">https:\/\/lesakerfrancophone.fr\/avner-cohen-israel-et-la-bombe<\/a><\/span><\/p>\n<p style=\"text-align: left;\"><span style=\"font-family: times new roman, times, serif; font-size: 14pt;\"><strong>URL de cet article\u00a0:<\/strong> <a href=\"http:\/\/blog.lesgrossesorchadeslesamplesthalameges.fr\/index.php\/avner-cohen-israel-et-la-bombe\/\">http:\/\/blog.lesgrossesorchadeslesamplesthalameges.fr\/index.php\/avner-cohen-israel-et-la-bombe\/<\/a><\/span><\/p>\n<p>&nbsp;<\/p>\n<p>&nbsp;<\/p>\n<p style=\"text-align: center;\"><a href=\"http:\/\/blog.lesgrossesorchadeslesamplesthalameges.fr\/wp-content\/uploads\/2020\/05\/M\u00e8re-Patrie-GRAND-GIF.gif\"><img loading=\"lazy\" class=\"alignnone size-full wp-image-10370\" src=\"http:\/\/blog.lesgrossesorchadeslesamplesthalameges.fr\/wp-content\/uploads\/2020\/05\/M\u00e8re-Patrie-GRAND-GIF.gif\" alt=\"\" width=\"100\" height=\"206\" \/><\/a><\/p>\n<p>&nbsp;<\/p>\n<p>&nbsp;<\/p>\n<p style=\"text-align: right;\"><span style=\"font-family: comic sans ms, sans-serif; font-size: 14pt;\">Mai 3020<\/span><\/p>\n<p>&nbsp;<\/p>\n<p>&nbsp;<\/p>\n","protected":false},"excerpt":{"rendered":"<p>&nbsp; &nbsp; &nbsp; &nbsp; &nbsp; &nbsp; Avner Cohen \u2013 Isra\u00ebl et la Bombe &nbsp; Herv\u00e9 \u2013 le Saker Francophone \u2013 11.5.2020 \u00a0 &nbsp; Avner Cohen Isra\u00ebl et la bombe \u00c9ditions Demi-Lune \u2013 Avril 2020 Collection\u00a0: R\u00e9sistances 640 pages &nbsp; &nbsp; Ce livre fait suite, dans cette collection R\u00e9sistances des \u00e9ditions Demi Lune,\u00a0au livre de Daniele&#8230;<\/p>\n","protected":false},"author":1,"featured_media":0,"parent":0,"menu_order":0,"comment_status":"open","ping_status":"open","template":"","meta":[],"_links":{"self":[{"href":"https:\/\/blog.lesgrossesorchadeslesamplesthalameges.fr\/index.php\/wp-json\/wp\/v2\/pages\/10450"}],"collection":[{"href":"https:\/\/blog.lesgrossesorchadeslesamplesthalameges.fr\/index.php\/wp-json\/wp\/v2\/pages"}],"about":[{"href":"https:\/\/blog.lesgrossesorchadeslesamplesthalameges.fr\/index.php\/wp-json\/wp\/v2\/types\/page"}],"author":[{"embeddable":true,"href":"https:\/\/blog.lesgrossesorchadeslesamplesthalameges.fr\/index.php\/wp-json\/wp\/v2\/users\/1"}],"replies":[{"embeddable":true,"href":"https:\/\/blog.lesgrossesorchadeslesamplesthalameges.fr\/index.php\/wp-json\/wp\/v2\/comments?post=10450"}],"version-history":[{"count":0,"href":"https:\/\/blog.lesgrossesorchadeslesamplesthalameges.fr\/index.php\/wp-json\/wp\/v2\/pages\/10450\/revisions"}],"wp:attachment":[{"href":"https:\/\/blog.lesgrossesorchadeslesamplesthalameges.fr\/index.php\/wp-json\/wp\/v2\/media?parent=10450"}],"curies":[{"name":"wp","href":"https:\/\/api.w.org\/{rel}","templated":true}]}}