{"id":10457,"date":"2020-05-13T00:54:03","date_gmt":"2020-05-12T22:54:03","guid":{"rendered":"http:\/\/blog.lesgrossesorchadeslesamplesthalameges.fr\/?page_id=10457"},"modified":"2020-05-13T00:54:49","modified_gmt":"2020-05-12T22:54:49","slug":"les-tribulations-a-venir-dun-franco-suisse-en-suisse","status":"publish","type":"page","link":"https:\/\/blog.lesgrossesorchadeslesamplesthalameges.fr\/index.php\/les-tribulations-a-venir-dun-franco-suisse-en-suisse\/","title":{"rendered":"Les tribulations (\u00e0 venir) d\u2019un Franco-Suisse en Suisse"},"content":{"rendered":"<p>&nbsp;<\/p>\n<p>&nbsp;<\/p>\n<p>&nbsp;<\/p>\n<p>&nbsp;<\/p>\n<p>&nbsp;<\/p>\n<p>&nbsp;<\/p>\n<p style=\"text-align: center;\"><span style=\"font-family: times new roman, times, serif; font-size: 36pt;\"><strong>Les tribulations (\u00e0 venir) d\u2019un Franco-Suisse en Suisse<\/strong><\/span><\/p>\n<p style=\"text-align: center;\"><span style=\"font-family: times new roman, times, serif; font-size: 36pt;\"><strong>\u00a0<\/strong><\/span><\/p>\n<p style=\"text-align: justify;\"><span style=\"font-family: times new roman, times, serif; font-size: 18pt; color: #c00000;\"><strong>Re\u00e7u de M. Jean-Michel Vernochet\u00a0:<\/strong><\/span><\/p>\n<p>&nbsp;<\/p>\n<p>&nbsp;<\/p>\n<p style=\"text-align: justify;\"><span style=\"font-family: times new roman, times, serif; font-size: 18pt;\"><strong>La CICAD d\u00e9nonce p\u00e9nalement des propos antis\u00e9mites de Soral<\/strong><\/span><\/p>\n<p style=\"text-align: justify;\"><span style=\"font-family: times new roman, times, serif; font-size: 14pt;\"><strong><br \/>\n<\/strong><\/span><br \/>\n<span style=\"font-family: times new roman, times, serif; font-size: 14pt;\"><strong>\u00ab Soral a (presque toujours) raison \u2013 R\u00e9flexions sur le couillonavirus \u00bb, <\/strong>c\u2019est le titre d\u2019une vid\u00e9o d\u2019Alain Soral r\u00e9cemment diffus\u00e9e sur internet, a rapport\u00e9 la Coordination intercommunautaire contre l\u2019antis\u00e9mitisme et la diffamation (CICAD) jeudi dans un communiqu\u00e9.<\/span><\/p>\n<p style=\"text-align: justify;\"><span style=\"font-family: times new roman, times, serif; font-size: 14pt;\">Parmi les assertions d\u00e9clam\u00e9es et visionn\u00e9es plus de 400&rsquo;000 fois sur YouTube :<\/span><\/p>\n<p>&nbsp;<\/p>\n<p style=\"text-align: justify; padding-left: 90px;\"><span style=\"font-family: times new roman, times, serif; font-size: 14pt;\">\u00ab Je vais quand m\u00eame citer les gens qui ont aujourd\u2019hui en charge la m\u00e9decine d\u2019\u00c9tat : nous avons donc L\u00e9vy, Buzyn, Hirsch, Guedj, Deray, Jacob, Salomon\u2026 Enfin, je veux dire\u2026 C\u2019est la Liste de Schindler, hein. \u00bb<\/span><\/p>\n<p>&nbsp;<\/p>\n<p style=\"text-align: justify;\"><span style=\"font-family: times new roman, times, serif; font-size: 14pt;\">Les commentaires de ses adeptes sont tous aussi d\u00e9plorables, rel\u00e8ve la CICAD. Qui a adress\u00e9 une d\u00e9nonciation p\u00e9nale \u00e0 la justice vaudoise.<\/span><\/p>\n<p>&nbsp;<\/p>\n<p><span style=\"font-family: times new roman, times, serif; font-size: 18pt;\"><strong>Mandat d\u2019arr\u00eat<\/strong><\/span><\/p>\n<p style=\"text-align: justify;\"><span style=\"font-family: times new roman, times, serif; font-size: 14pt;\">Alain Soral est bien connu de la justice fran\u00e7aise. Il a d\u00e9j\u00e0 \u00e9t\u00e9 condamn\u00e9 \u00e0 de multiples reprises, notamment \u00e0 1 an de prison ferme le 15 avril 2019 pour n\u00e9gationnisme, puis \u00e0 la m\u00eame peine le 2 octobre 2019 pour injures raciales et antis\u00e9mites \u2013 en 2018, il avait qualifi\u00e9 dans une vid\u00e9o le Panth\u00e9on de Paris de \u00ab\u00a0d\u00e9chetterie casher \u00bb peu apr\u00e8s l\u2019inhumation de Simone Veil et de son \u00e9poux.<\/span><\/p>\n<p style=\"text-align: justify;\"><span style=\"font-family: times new roman, times, serif; font-size: 14pt;\">Un mandat d\u2019arr\u00eat avait \u00e9t\u00e9 prononc\u00e9 en avril 2019 lors de sa condamnation par la 13e Chambre du Tribunal de grande instance de Paris, mais avait \u00e9t\u00e9 suspendu en raison d\u2019un recours. La Cour d\u2019appel devait se d\u00e9terminer le 22 janvier, mais un \u00ab coup de th\u00e9\u00e2tre \u00bb, selon <em>Le Point<\/em>, a report\u00e9 l\u2019issue des d\u00e9bats.<\/span><\/p>\n<p style=\"text-align: justify;\"><span style=\"font-family: times new roman, times, serif; font-size: 14pt;\">\u00ab Il \u00e9chappe encore une fois \u00e0 la prison. Mais les condamnations s\u2019amoncellent, se suivent les unes apr\u00e8s les autres. Il va bient\u00f4t se retrouver derri\u00e8re les barreaux \u00bb, r\u00e9agissait alors Marc Knobel dans \u00ab Le Matin Dimanche \u00bb. Le pr\u00e9sident de l\u2019association de lutte contre l\u2019antis\u00e9mitisme J\u2019accuse !, une des parties civiles contre Alain Soral, poursuivait :<\/span><\/p>\n<p>&nbsp;<\/p>\n<p style=\"text-align: justify; padding-left: 90px;\"><span style=\"font-family: times new roman, times, serif; font-size: 14pt;\">\u00ab Il a chang\u00e9 d\u2019attitude. Avant, il s\u2019affichait avec ses sympathisants dans les audiences, qu\u2019il exploitait comme une tribune politique. Depuis peu, il ne vient plus. Mercredi (ndlr : le 15 avril 2019), il \u00e9tait absent. Personne ne savait o\u00f9 il \u00e9tait. Son avocat n\u2019a pas confirm\u00e9 \u00e0 la Cour s\u2019il r\u00e9sidait toujours en France. \u00bb<\/span><\/p>\n<p>&nbsp;<\/p>\n<p style=\"text-align: justify;\"><span style=\"font-family: times new roman, times, serif; font-size: 14pt;\">Alain Soral a bien quitt\u00e9 la France. \u00ab Le Matin Dimanche \u00bb a r\u00e9v\u00e9l\u00e9 son installation \u00e0 Lausanne en novembre dernier\u2026 dans le quartier de la synagogue. L\u2019extr\u00e9miste de droite expliquait alors sur le site internet de son association \u00c9galit\u00e9 &amp; R\u00e9conciliation avoir \u00ab pris un pied-\u00e0-terre en Suisse pour venir y \u00e9crire au calme et \u00e9chapper \u00e0 la d\u00e9testable ambiance qui r\u00e8gne en France, du fait des agissements conjugu\u00e9s des immigrationnistes comme BHL (ndlr: Bernard-Henri L\u00e9vy) et Attali (ndlr: Jacques) et des fauteurs de guerre civile comme \u00c9ric Zemmour \u00bb.<\/span><\/p>\n<p style=\"text-align: justify;\"><span style=\"font-family: times new roman, times, serif; font-size: 14pt;\">L\u2019inscription d\u00e9finitive d\u2019Alain Soral \u00e0 Lausanne date du 15 janvier dernier, soit sept jours avant l\u2019\u00e9ch\u00e9ance du 22 janvier. \u00ab Il fuit la justice fran\u00e7aise. C\u2019est aujourd\u2019hui un exil\u00e9 \u00bb, commentait Marc Knobel dans \u00ab Le Matin Dimanche \u00bb. L\u2019historien fran\u00e7ais ajoutait : \u00ab Nous ne l\u00e2cherons rien en France. Et en Suisse des associations l\u2019attendent de pied ferme. Qu\u2019il sache qu\u2019elles prendront le relais. <\/span><span style=\"font-family: times new roman, times, serif; font-size: 14pt;\">\u00bb<\/span><\/p>\n<p>&nbsp;<\/p>\n<p><span style=\"font-family: times new roman, times, serif; font-size: 18pt;\"><strong>Double nationalit\u00e9<\/strong><\/span><\/p>\n<p style=\"text-align: justify;\"><span style=\"font-family: times new roman, times, serif; font-size: 14pt;\">Alain Soral se dit franco-suisse. Cette double nationalit\u00e9 est \u00e9voqu\u00e9e comme une des explications possibles de son d\u00e9m\u00e9nagement \u00e0 Lausanne. Philippe Grumbach, l\u2019avocat de la CICAD, une association suisse, expliquait en janvier dans \u00ab Le Matin Dimanche \u00bb que la Suisse, comme tous les \u00c9tats de droit, n\u2019extrade pas ses ressortissants. La Conf\u00e9d\u00e9ration ne pourrait ainsi pas r\u00e9pondre positivement \u00e0 une demande en ce sens formul\u00e9e par la France. \u00ab \u00c0 teneur de la Convention europ\u00e9enne d\u2019extradition, Alain Soral pourrait, en revanche, \u00eatre jug\u00e9 \u00e0 nouveau pour les m\u00eames faits mais non pas amen\u00e9 \u00e0 purger une peine fran\u00e7aise en Suisse \u00bb, poursuivait le sp\u00e9cialiste du droit.<\/span><\/p>\n<p style=\"text-align: justify;\"><span style=\"font-family: times new roman, times, serif; font-size: 14pt;\">La CICAD est plus que jamais sur ses gardes pendant cette crise sanitaire, qui s\u2019accompagne d\u2019une inqui\u00e9tante augmentation de propos complotistes et antis\u00e9mites, en Suisse aussi. Le Covid-19 est pr\u00e9texte \u00e0 la d\u00e9ferlante antis\u00e9mite, plus particuli\u00e8rement sur internet et les r\u00e9seaux sociaux. L\u2019association a ainsi lanc\u00e9 r\u00e9cemment trois proc\u00e9dures de d\u00e9nonciation \u00e0 l\u2019encontre d\u2019auteurs de propos antis\u00e9mites, a soulign\u00e9 Johanne Gurfinkiel, secr\u00e9taire g\u00e9n\u00e9ral de la CICAD. \u00ab On parle de gens qui remettent au go\u00fbt du jour le complot juif \u00bb, d\u00e9plore-t-il.<\/span><\/p>\n<p>&nbsp;<\/p>\n<p style=\"text-align: left;\"><span style=\"font-family: times new roman, times, serif; font-size: 14pt;\">Source\u00a0: <a href=\"https:\/\/www.tdg.ch\/geneve\/actu-genevoise\/cicad-denonce-penalement-propos-antisemites-soral\/story\/19425955\">https:\/\/www.tdg.ch\/geneve\/actu-genevoise\/cicad-denonce-penalement-propos-antisemites-soral\/story\/19425955<\/a><\/span><\/p>\n<p>___________________<\/p>\n<p><span style=\"font-family: times new roman, times, serif; font-size: 14pt;\">[La CICAD ne peut que d\u00e9noncer : elle n\u2019est pas qualifi\u00e9e pour porter plainte. Elle ne repr\u00e9sente qu\u2019elle-m\u00eame, autrement dit une organisation au service d\u2019un \u00c9tat \u00e9tranger.]<\/span><\/p>\n<p>&nbsp;<\/p>\n<p>&nbsp;<\/p>\n<p style=\"text-align: center;\"><a href=\"http:\/\/blog.lesgrossesorchadeslesamplesthalameges.fr\/wp-content\/uploads\/2020\/05\/BUZYN.jpg\"><img loading=\"lazy\" class=\"alignnone wp-image-10459\" src=\"http:\/\/blog.lesgrossesorchadeslesamplesthalameges.fr\/wp-content\/uploads\/2020\/05\/BUZYN-216x300.jpg\" alt=\"\" width=\"350\" height=\"486\" srcset=\"https:\/\/blog.lesgrossesorchadeslesamplesthalameges.fr\/wp-content\/uploads\/2020\/05\/BUZYN-216x300.jpg 216w, https:\/\/blog.lesgrossesorchadeslesamplesthalameges.fr\/wp-content\/uploads\/2020\/05\/BUZYN.jpg 450w\" sizes=\"(max-width: 350px) 100vw, 350px\" \/><\/a><\/p>\n<p>&nbsp;<\/p>\n<p>&nbsp;<\/p>\n<p style=\"text-align: justify;\"><span style=\"font-family: times new roman, times, serif; font-size: 18pt;\"><strong>\u00ab\u00a0Visionn\u00e9e plus de 400.\/000 fois sur Youtube\u00a0\u00bb\u2026<\/strong><\/span><\/p>\n<p>&nbsp;<\/p>\n<p style=\"text-align: justify;\"><span style=\"font-family: comic sans ms, sans-serif; font-size: 14pt;\">On ne peut pas dire que \u00ab\u00a0d\u00e9chetterie casher\u00a0\u00bb soit une mani\u00e8re du meilleur go\u00fbt d\u2019exprimer son opinion. Mais c\u2019est une opinion. La question est\u00a0: Y a-t-il dans la Constitution Fran\u00e7aise (ou Suisse) un article qui autorise \u00e0 poursuivre quelqu\u2019un pour ses opinions\u00a0? \u2013 <em>LGO<\/em><\/span><\/p>\n<p style=\"text-align: justify;\"><span style=\"font-family: times new roman, times, serif; font-size: 14pt;\"><em>\u00a0<\/em><\/span><\/p>\n<p style=\"text-align: left;\"><span style=\"font-family: times new roman, times, serif; font-size: 14pt;\"><strong>URL de cet article\u00a0: <\/strong><a href=\"http:\/\/blog.lesgrossesorchadeslesamplesthalameges.fr\/index.php\/les-tribulations-a-venir-dun-franco-suisse-en-suisse\/\">http:\/\/blog.lesgrossesorchadeslesamplesthalameges.fr\/index.php\/les-tribulations-a-venir-dun-franco-suisse-en-suisse\/<\/a><\/span><\/p>\n<p style=\"text-align: justify;\"><span style=\"font-family: times new roman, times, serif; font-size: 14pt;\"><strong>\u00a0<\/strong><\/span><\/p>\n<p style=\"text-align: center;\"><span style=\"font-family: times new roman, times, serif; font-size: 14pt;\"><strong>\u00a0<\/strong><\/span><\/p>\n<p style=\"text-align: center;\"><span style=\"font-family: times new roman, times, serif; font-size: 14pt;\"><strong>\u00a0<a href=\"http:\/\/blog.lesgrossesorchadeslesamplesthalameges.fr\/wp-content\/uploads\/2020\/05\/M\u00e8re-Patrie-GRAND-GIF.gif\"><img loading=\"lazy\" class=\"alignnone size-full wp-image-10370\" src=\"http:\/\/blog.lesgrossesorchadeslesamplesthalameges.fr\/wp-content\/uploads\/2020\/05\/M\u00e8re-Patrie-GRAND-GIF.gif\" alt=\"\" width=\"100\" height=\"206\" \/><\/a><\/strong><\/span><\/p>\n<p style=\"text-align: justify;\"><span style=\"font-family: times new roman, times, serif; font-size: 14pt;\"><strong>\u00a0<\/strong><\/span><\/p>\n<p><strong>\u00a0<\/strong><\/p>\n<p style=\"text-align: right;\"><span style=\"font-family: comic sans ms, sans-serif; font-size: 14pt;\">Mai 2020<\/span><\/p>\n<p>&nbsp;<\/p>\n<p>&nbsp;<\/p>\n","protected":false},"excerpt":{"rendered":"<p>&nbsp; &nbsp; &nbsp; &nbsp; &nbsp; &nbsp; Les tribulations (\u00e0 venir) d\u2019un Franco-Suisse en Suisse \u00a0 Re\u00e7u de M. Jean-Michel Vernochet\u00a0: &nbsp; &nbsp; La CICAD d\u00e9nonce p\u00e9nalement des propos antis\u00e9mites de Soral \u00ab Soral a (presque toujours) raison \u2013 R\u00e9flexions sur le couillonavirus \u00bb, c\u2019est le titre d\u2019une vid\u00e9o d\u2019Alain Soral r\u00e9cemment diffus\u00e9e sur internet, a&#8230;<\/p>\n","protected":false},"author":1,"featured_media":0,"parent":0,"menu_order":0,"comment_status":"open","ping_status":"open","template":"","meta":[],"_links":{"self":[{"href":"https:\/\/blog.lesgrossesorchadeslesamplesthalameges.fr\/index.php\/wp-json\/wp\/v2\/pages\/10457"}],"collection":[{"href":"https:\/\/blog.lesgrossesorchadeslesamplesthalameges.fr\/index.php\/wp-json\/wp\/v2\/pages"}],"about":[{"href":"https:\/\/blog.lesgrossesorchadeslesamplesthalameges.fr\/index.php\/wp-json\/wp\/v2\/types\/page"}],"author":[{"embeddable":true,"href":"https:\/\/blog.lesgrossesorchadeslesamplesthalameges.fr\/index.php\/wp-json\/wp\/v2\/users\/1"}],"replies":[{"embeddable":true,"href":"https:\/\/blog.lesgrossesorchadeslesamplesthalameges.fr\/index.php\/wp-json\/wp\/v2\/comments?post=10457"}],"version-history":[{"count":0,"href":"https:\/\/blog.lesgrossesorchadeslesamplesthalameges.fr\/index.php\/wp-json\/wp\/v2\/pages\/10457\/revisions"}],"wp:attachment":[{"href":"https:\/\/blog.lesgrossesorchadeslesamplesthalameges.fr\/index.php\/wp-json\/wp\/v2\/media?parent=10457"}],"curies":[{"name":"wp","href":"https:\/\/api.w.org\/{rel}","templated":true}]}}