{"id":10628,"date":"2020-05-23T18:02:34","date_gmt":"2020-05-23T16:02:34","guid":{"rendered":"http:\/\/blog.lesgrossesorchadeslesamplesthalameges.fr\/?page_id=10628"},"modified":"2020-05-23T18:04:01","modified_gmt":"2020-05-23T16:04:01","slug":"trump-serial-violeur-de-traites","status":"publish","type":"page","link":"https:\/\/blog.lesgrossesorchadeslesamplesthalameges.fr\/index.php\/trump-serial-violeur-de-traites\/","title":{"rendered":"Trump serial violeur de trait\u00e9s"},"content":{"rendered":"<p>&nbsp;<\/p>\n<p>&nbsp;<\/p>\n<p>&nbsp;<\/p>\n<p>&nbsp;<\/p>\n<p>&nbsp;<\/p>\n<p>&nbsp;<\/p>\n<p style=\"text-align: center;\"><span style=\"font-family: times new roman, times, serif; font-size: 36pt;\"><strong>Trump <em>serial violeur <\/em>de trait\u00e9s<\/strong><\/span><\/p>\n<p>&nbsp;<\/p>\n<p style=\"text-align: center;\"><span style=\"font-family: times new roman, times, serif; font-size: 18pt;\"><strong>Manlio Dinucci \u2013 <em>il manifesto<\/em> \u2013 23.5.2020<\/strong><\/span><\/p>\n<p>&nbsp;<\/p>\n<p>&nbsp;<\/p>\n<p style=\"text-align: center;\"><a href=\"http:\/\/blog.lesgrossesorchadeslesamplesthalameges.fr\/wp-content\/uploads\/2020\/05\/TRUMP-VIOLEUR.jpg\"><img loading=\"lazy\" class=\"alignnone wp-image-10607 size-full\" src=\"http:\/\/blog.lesgrossesorchadeslesamplesthalameges.fr\/wp-content\/uploads\/2020\/05\/TRUMP-VIOLEUR.jpg\" alt=\"\" width=\"600\" height=\"400\" srcset=\"https:\/\/blog.lesgrossesorchadeslesamplesthalameges.fr\/wp-content\/uploads\/2020\/05\/TRUMP-VIOLEUR.jpg 600w, https:\/\/blog.lesgrossesorchadeslesamplesthalameges.fr\/wp-content\/uploads\/2020\/05\/TRUMP-VIOLEUR-300x200.jpg 300w\" sizes=\"(max-width: 600px) 100vw, 600px\" \/><\/a><\/p>\n<p>&nbsp;<\/p>\n<p>&nbsp;<\/p>\n<p style=\"text-align: justify;\"><span style=\"font-family: tahoma, arial, helvetica, sans-serif; font-size: 14pt;\"><strong>Le pr\u00e9sident Trump a annonc\u00e9 le retrait des \u00c9tats-Unis du Trait\u00e9 <em>Open Skies<\/em> (Ciel ouvert).\u00a0<\/strong><\/span><\/p>\n<p>&nbsp;<\/p>\n<p style=\"text-align: justify;\"><span style=\"font-family: times new roman, times, serif; font-size: 14pt;\">Sign\u00e9 en 1992 imm\u00e9diatement apr\u00e8s la fin la Guerre Froide et entr\u00e9 en vigueur en 2002, il permet \u00e0 chacun des 34 \u00c9tats-partie de survoler les territoires des autres avec des avions de reconnaissance (non arm\u00e9s), dot\u00e9s de senseurs pour le recueil de donn\u00e9es sur des forces et activit\u00e9s militaires. Chaque \u00c9tat-partie doit accepter chaque ann\u00e9e un certain nombre de survols de son propre territoire et a le droit d\u2019en effectuer autant sur les territoires de ceux qui ont accompli ces survols.<\/span><\/p>\n<p style=\"text-align: justify;\"><span style=\"font-family: times new roman, times, serif; font-size: 14pt;\">\u00a0<\/span><span style=\"font-family: times new roman, times, serif; font-size: 14pt;\">Sur la base de ce Trait\u00e9, depuis 2002, ont \u00e9t\u00e9 effectu\u00e9s au total plus de 1.500 survols, y compris ceux r\u00e9ciproques entre \u00c9tats-Unis et Russie. M\u00eame si les satellites peuvent aujourd\u2019hui fournir des informations plus d\u00e9taill\u00e9es que celles recueillies par les avions, le Trait\u00e9 garde son utilit\u00e9 technique puisque tous les \u00c9tats-Partie ne disposent pas de capacit\u00e9s satellitaires. Reste importante la signification politique du Trait\u00e9, comme acte de distension.<\/span><\/p>\n<p style=\"text-align: justify;\"><span style=\"font-family: times new roman, times, serif; font-size: 14pt;\">C\u2019est justement ce que cible la d\u00e9cision de l\u2019administration Trump de se retirer du Trait\u00e9, dans le but \u00e9vident d\u2019accro\u00eetre la tension avec la Russie. \u00c0 cette fin a \u00e9t\u00e9 adopt\u00e9 le m\u00eame sc\u00e9nario que le 1<sup>er<\/sup> f\u00e9vrier 2019, quand le secr\u00e9taire d\u2019Etat Mike Pompeo annon\u00e7a que, apr\u00e8s six mois de suspension, les \u00c9tats-Unis se retireraient du Trait\u00e9 sur les Forces Nucl\u00e9aires Interm\u00e9diaires (FNI), comme en effet il advint en juillet de la m\u00eame ann\u00e9e. En annon\u00e7ant que les \u00c9tats-Unis se retireront dans les six mois du Trait\u00e9 Ciel Ouvert, Mike Pompeo emploie pratiquement les m\u00eames mots : il d\u00e9clare que \u201cla seule Russie porte la responsabilit\u00e9 de ces d\u00e9veloppements\u201d, il l\u2019accuse de \u201ccontinuelle \u00e9rosion de l\u2019architecture de contr\u00f4le des armements\u201d, la qualifie de \u201c<em>serial<\/em> violeur de nombreux engagements pris\u201d. Cette fois aussi aucune r\u00e9elle preuve n\u2019est apport\u00e9e pour ces accusations.<\/span><\/p>\n<p style=\"text-align: justify;\"><span style=\"font-family: times new roman, times, serif; font-size: 14pt;\">En d\u00e9clarant que \u201ccette histoire ne se r\u00e9f\u00e8re pas exclusivement au Trait\u00e9 Open Skies\u201d le secr\u00e9taire d\u2019\u00c9tat pr\u00e9-annonce d\u2019autres d\u00e9cisions de l\u2019administration Trump dans la m\u00eame direction. Depuis plus d\u2019une ann\u00e9e le pr\u00e9sident Trump r\u00e9p\u00e8te qu\u2019il ne renouvellera pas le nouveau Trait\u00e9 Start, conclu en 2010 par \u00c9tats-Unis et Russie. Ce trait\u00e9, comme nous le m\u00eemes en \u00e9vidence en 2010 sur <em>il manifesto<\/em>, a de nombreuses limites : il n\u2019\u00e9tablit qu\u2019un plafond pour les \u201ct\u00eates nucl\u00e9aires d\u00e9ploy\u00e9es\u201d, c\u2019est-\u00e0-dire pr\u00eates au lancement par des vecteurs strat\u00e9giques de port\u00e9e sup\u00e9rieure \u00e0 5.500 km, pr\u00e9vu \u00e0 1.550 par partie ; il ne pr\u00e9voit en outre aucun contr\u00f4le effectif sur la mont\u00e9e en puissance qualitative des forces nucl\u00e9aires. Malgr\u00e9 cela, le retrait des \u00c9tats-Unis y compris du nouveau Trait\u00e9 Start rendrait la confrontation nucl\u00e9aire encore plus dangereuse. Le pr\u00e9sident Trump a dit qu\u2019il ne pourrait renouveler le nouveau Trait\u00e9 Start que si la Chine aussi y participait, possibilit\u00e9 jusqu\u2019\u00e0 pr\u00e9sent refus\u00e9e par P\u00e9kin. Mais quand bien m\u00eame elle y particip\u00e2t, la Chine, sur la base des termes actuels, pourrait accro\u00eetre le nombre de ses t\u00eates nucl\u00e9aires d\u2019environ 300 \u00e0 plus de 1.500 (en excluant l\u2019hypoth\u00e8se que Washington et Moscou fussent dispos\u00e9s \u00e0 diminuer les leurs \u00e0 300).<\/span><\/p>\n<p style=\"text-align: justify;\"><span style=\"font-family: times new roman, times, serif; font-size: 14pt;\">Un autre trait\u00e9 dont les \u00c9tats-Unis pourraient se retirer est celui sur la totale mise au ban des essais nucl\u00e9aires, que Washington a sign\u00e9 en 1996 mais jamais ratifi\u00e9, alors que Moscou l\u2019a ratifi\u00e9 en 2000.\u00a0<\/span><\/p>\n<p style=\"text-align: justify;\"><span style=\"font-family: times new roman, times, serif; font-size: 14pt;\">Sur un tel fond, le retrait annonc\u00e9 des \u00c9tats-Unis du Trait\u00e9 Ciel Ouvert constitue le pas ult\u00e9rieur d\u2019une v\u00e9ritable strat\u00e9gie de la tension. \u00c9tant donn\u00e9 qu\u2019adh\u00e8rent au Trait\u00e9 23 pays europ\u00e9ens de l\u2019OTAN, parmi lesquels l\u2019Italie (<em>et la France, ndt<\/em>), le retrait des \u00c9tats-Unis, en augmentant la tension avec la Russie, implique automatiquement l\u2019OTAN. C\u2019est exactement ce qu\u2019on veut \u00e0 Washington. Dans un communiqu\u00e9 conjoint publi\u00e9 hier, huit pays OTAN (Belgique, France, Allemagne, Italie, Luxembourg, Pays-Bas, R\u00e9publique Tch\u00e8que et Espagne), plus la Finlande et la Su\u00e8de, expriment leur \u201cregret\u201d sur l\u2019intention du Gouvernement USA de se retirer du Trait\u00e9 Ciel Ouvert, \u201cbien que nous partagions ses pr\u00e9occupations relatives \u00e0 la mise en oeuvre des dispositions du Trait\u00e9 par la F\u00e9d\u00e9ration de Russie\u201d. Ils d\u00e9clarent toutefois que \u201cnous continuerons \u00e0 mettre en \u0153uvre le Trait\u00e9 Ciel Ouvert\u201d. Prudent mais appr\u00e9ciable signal d\u2019ouverture, tandis que l\u2019ombre mena\u00e7ante de la guerre nucl\u00e9aire s\u2019\u00e9tend de plus en plus dans les cieux.<\/span><\/p>\n<p>&nbsp;<\/p>\n<p style=\"text-align: justify;\"><span style=\"font-family: times new roman, times, serif; font-size: 14pt;\">\u00c9dition de samedi 23 mai 2020 d\u2019<em>il manifesto<\/em><\/span><\/p>\n<p style=\"text-align: justify;\"><span style=\"font-family: times new roman, times, serif; font-size: 14pt;\"><a href=\"https:\/\/ilmanifesto.it\/trump-stracciatore-di-trattati-la-strategia-della-tensione-usa\/\">https:\/\/ilmanifesto.it\/trump-stracciatore-di-trattati-la-strategia-della-tensione-usa\/<\/a>\u00a0<\/span><\/p>\n<p>&nbsp;<\/p>\n<p><span style=\"font-family: times new roman, times, serif;\"><span style=\"font-size: 14pt;\">URL de cet article :<\/span> <a href=\"http:\/\/blog.lesgrossesorchadeslesamplesthalameges.fr\/index.php\/trump-serial-violeur-de-traites\/\"><span style=\"font-size: 14pt;\">http:\/\/blog.lesgrossesorchadeslesamplesthalameges.fr\/index.php\/trump-serial-violeur-de-traites\/<\/span><\/a><\/span><\/p>\n<p>&nbsp;<\/p>\n<p>&nbsp;<\/p>\n<p style=\"text-align: center;\"><a href=\"http:\/\/blog.lesgrossesorchadeslesamplesthalameges.fr\/wp-content\/uploads\/2020\/05\/RICH-POOR-GIF.gif\"><img loading=\"lazy\" class=\"alignnone wp-image-10595\" src=\"http:\/\/blog.lesgrossesorchadeslesamplesthalameges.fr\/wp-content\/uploads\/2020\/05\/RICH-POOR-GIF.gif\" alt=\"\" width=\"100\" height=\"106\" \/><\/a><\/p>\n<p>&nbsp;<\/p>\n<p>&nbsp;<\/p>\n<p style=\"text-align: right;\"><span style=\"font-family: comic sans ms, sans-serif;\">Mai 2020<\/span><\/p>\n<p>&nbsp;<\/p>\n<p>&nbsp;<\/p>\n","protected":false},"excerpt":{"rendered":"<p>&nbsp; &nbsp; &nbsp; &nbsp; &nbsp; &nbsp; Trump serial violeur de trait\u00e9s &nbsp; Manlio Dinucci \u2013 il manifesto \u2013 23.5.2020 &nbsp; &nbsp; &nbsp; &nbsp; Le pr\u00e9sident Trump a annonc\u00e9 le retrait des \u00c9tats-Unis du Trait\u00e9 Open Skies (Ciel ouvert).\u00a0 &nbsp; Sign\u00e9 en 1992 imm\u00e9diatement apr\u00e8s la fin la Guerre Froide et entr\u00e9 en vigueur en 2002,&#8230;<\/p>\n","protected":false},"author":1,"featured_media":0,"parent":0,"menu_order":0,"comment_status":"open","ping_status":"open","template":"","meta":[],"_links":{"self":[{"href":"https:\/\/blog.lesgrossesorchadeslesamplesthalameges.fr\/index.php\/wp-json\/wp\/v2\/pages\/10628"}],"collection":[{"href":"https:\/\/blog.lesgrossesorchadeslesamplesthalameges.fr\/index.php\/wp-json\/wp\/v2\/pages"}],"about":[{"href":"https:\/\/blog.lesgrossesorchadeslesamplesthalameges.fr\/index.php\/wp-json\/wp\/v2\/types\/page"}],"author":[{"embeddable":true,"href":"https:\/\/blog.lesgrossesorchadeslesamplesthalameges.fr\/index.php\/wp-json\/wp\/v2\/users\/1"}],"replies":[{"embeddable":true,"href":"https:\/\/blog.lesgrossesorchadeslesamplesthalameges.fr\/index.php\/wp-json\/wp\/v2\/comments?post=10628"}],"version-history":[{"count":0,"href":"https:\/\/blog.lesgrossesorchadeslesamplesthalameges.fr\/index.php\/wp-json\/wp\/v2\/pages\/10628\/revisions"}],"wp:attachment":[{"href":"https:\/\/blog.lesgrossesorchadeslesamplesthalameges.fr\/index.php\/wp-json\/wp\/v2\/media?parent=10628"}],"curies":[{"name":"wp","href":"https:\/\/api.w.org\/{rel}","templated":true}]}}