{"id":10660,"date":"2020-05-26T19:29:46","date_gmt":"2020-05-26T17:29:46","guid":{"rendered":"http:\/\/blog.lesgrossesorchadeslesamplesthalameges.fr\/?page_id=10660"},"modified":"2020-05-26T19:31:26","modified_gmt":"2020-05-26T17:31:26","slug":"les-chiens-abopient-la-caravane-persane-passe","status":"publish","type":"page","link":"https:\/\/blog.lesgrossesorchadeslesamplesthalameges.fr\/index.php\/les-chiens-abopient-la-caravane-persane-passe\/","title":{"rendered":"Les chiens abopient, la caravane persane passe"},"content":{"rendered":"<p>&nbsp;<\/p>\n<p>&nbsp;<\/p>\n<p>&nbsp;<\/p>\n<p>&nbsp;<\/p>\n<p>&nbsp;<\/p>\n<p>&nbsp;<\/p>\n<p>&nbsp;<\/p>\n<p style=\"text-align: center;\"><span style=\"font-family: times new roman, times, serif; font-size: 14pt;\"><strong><span style=\"font-size: 36pt;\">Les chiens aboient, la caravane persane passe !<\/span><\/strong><\/span><\/p>\n<p>&nbsp;<\/p>\n<p style=\"text-align: center;\"><span style=\"font-family: times new roman, times, serif; font-size: 18pt;\"><strong>Bruno Guigue \u2013<em> Comit\u00e9 Valmy<\/em> \u2013 26.5.2020<\/strong><strong><br \/>\n<\/strong><strong><em>\u00a0\u00a0\u00a0\u00a0\u00a0\u00a0\u00a0 \u2013 RT France \u2013<\/em><\/strong><\/span><\/p>\n<p><span style=\"font-family: times new roman, times, serif; font-size: 14pt;\"><em>\u00a0<\/em><\/span><\/p>\n<p>&nbsp;<\/p>\n<p style=\"text-align: center;\"><span style=\"font-family: times new roman, times, serif; font-size: 14pt;\"><em>\u00a0<a href=\"http:\/\/blog.lesgrossesorchadeslesamplesthalameges.fr\/wp-content\/uploads\/2020\/05\/Caravane-persane.jpg\"><img loading=\"lazy\" class=\"alignnone wp-image-10646 size-full\" src=\"http:\/\/blog.lesgrossesorchadeslesamplesthalameges.fr\/wp-content\/uploads\/2020\/05\/Caravane-persane.jpg\" alt=\"\" width=\"600\" height=\"398\" srcset=\"https:\/\/blog.lesgrossesorchadeslesamplesthalameges.fr\/wp-content\/uploads\/2020\/05\/Caravane-persane.jpg 600w, https:\/\/blog.lesgrossesorchadeslesamplesthalameges.fr\/wp-content\/uploads\/2020\/05\/Caravane-persane-300x199.jpg 300w\" sizes=\"(max-width: 600px) 100vw, 600px\" \/><\/a><\/em><\/span><\/p>\n<p><span style=\"font-family: times new roman, times, serif; font-size: 14pt;\"><strong>\u00a0<\/strong><\/span><\/p>\n<p>&nbsp;<\/p>\n<p style=\"text-align: justify;\"><span style=\"font-family: tahoma, arial, helvetica, sans-serif; font-size: 14pt;\"><strong>Ancien haut fonctionnaire et chercheur politique, Bruno Guigue revient sur l&rsquo;op\u00e9ration qui a permis d&rsquo;acheminer les p\u00e9troliers iraniens au Venezuela, au nez et \u00e0 la barbe de Washington.<\/strong><\/span><\/p>\n<p style=\"text-align: justify;\"><span style=\"font-family: tahoma, arial, helvetica, sans-serif; font-size: 14pt;\"><em>\u00a0<\/em><\/span><\/p>\n<p style=\"text-align: justify;\"><span style=\"font-family: times new roman, times, serif; font-size: 14pt;\">Des matamores de Washington qui disent que \u00ab\u00a0toutes les options sont sur la table\u00a0\u00bb pour emp\u00eacher les p\u00e9troliers iraniens de rejoindre le Venezuela\u00a0; T\u00e9h\u00e9ran et Caracas qui annoncent qu\u2019ils sont \u00ab\u00a0pr\u00eats \u00e0 tout\u00a0\u00bb pour d\u00e9fendre leur droit l\u00e9gitime \u00e0 emprunter les routes maritimes internationales et \u00e0 coop\u00e9rer pacifiquement dans le domaine des hydrocarbures\u00a0; des navires iraniens qui parviennent \u00e0 bon port sous escorte v\u00e9n\u00e9zu\u00e9lienne, au nez et \u00e0 la barbe des bellicistes de Washington\u00a0; le chef de la diplomatie chinoise qui d\u00e9clare, le m\u00eame jour, qu\u2019un \u00ab\u00a0virus politique\u00a0\u00bb s\u2019est d\u00e9clar\u00e9 aux \u00c9tats-Unis, o\u00f9 l\u2019administration Trump semble d\u00e9cid\u00e9e \u00e0 mener une \u00ab\u00a0nouvelle guerre froide\u00a0\u00bb.<\/span><\/p>\n<p style=\"text-align: justify;\"><span style=\"font-family: times new roman, times, serif; font-size: 14pt;\">Un Trump en \u00e9tat d\u2019hyst\u00e9rie pr\u00e9-\u00e9lectorale qui accuse la Chine des turpitudes les plus invraisemblables pour se disculper de sa nullit\u00e9 et de son irresponsabilit\u00e9 criminelles dans le traitement de la crise sanitaire\u00a0; des fuites au plus haut niveau qui laissent entendre que les \u00c9tats-Unis envisagent de reprendre les essais nucl\u00e9aires, quelques jours apr\u00e8s avoir annonc\u00e9 leur retrait d\u2019un nouvel accord de limitation des armements au grand dam de leurs alli\u00e9s europ\u00e9ens\u00a0; ces m\u00eames alli\u00e9s, eunuques patent\u00e9s de la g\u00e9opolitique, r\u00e9duits au r\u00f4le de spectateurs impuissants d\u2019un bellicisme US dont ils sont les complices masochistes depuis des ann\u00e9es et qui leur revient aujourd\u2019hui en pleine figure.<\/span><\/p>\n<p style=\"text-align: justify;\"><span style=\"font-family: times new roman, times, serif; font-size: 14pt;\">Quand tout arrive de la sorte, en m\u00eame temps, on se dit \u00e0 la fois que tout reste comme avant et pourtant que tout est train de changer.<\/span><\/p>\n<p style=\"text-align: justify;\"><span style=\"font-family: times new roman, times, serif; font-size: 14pt;\">Tout reste comme avant parce que les \u00c9tats-Unis sont fid\u00e8les \u00e0 eux-m\u00eames\u00a0: la ploutocratie g\u00e9nocidaire qui se prend pour la nation \u00e9lue de Dieu ob\u00e9it \u00e0 cette pulsion imp\u00e9riale qui la pousse \u00e0 vouloir r\u00e9duire \u00e0 n\u00e9ant quiconque d\u00e9fie sa supr\u00e9matie. Elle \u00e9tale les breloques de luxe de son mat\u00e9riel militaire sur tous les continents et pratique une intimidation \u00e0 grande \u00e9chelle au moyen des 700 bases militaires qu\u2019elle a r\u00e9parties sur la surface du globe. Mais comme \u00e7a ne suffit pas \u00e0 empoisonner la vie des autres nations, il faut encore qu\u2019elle tente de d\u00e9truire par inanition, en leur coupant les vivres, celles qui osent manifester la moindre vell\u00e9it\u00e9 de r\u00e9sistance.<\/span><\/p>\n<p style=\"text-align: justify;\"><span style=\"font-family: times new roman, times, serif; font-size: 14pt;\">V\u00e9ritable maniaque du blocus, cette arme des l\u00e2ches qui n\u2019h\u00e9sitent pas \u00e0 priver des enfants de m\u00e9dicaments pour accro\u00eetre leur puissance, la nation exceptionnelle dont le Tout-Puissant a fait don \u00e0 l\u2019humanit\u00e9 est aujourd\u2019hui la seule au monde, et la seule dans l\u2019histoire, \u00e0 imposer des sanctions \u00e9conomiques \u00e0 39 pays\u00a0! Cibles privil\u00e9gi\u00e9es de cet empire du crime, l\u2019Iran et le Venezuela lui font un formidable bras d\u2019honneur, mais ne m\u00e9sestimons pas le danger\u00a0: l\u2019Am\u00e9rique est un gigantesque arsenal contr\u00f4l\u00e9 par des sociopathes qui r\u00eavent de domination plan\u00e9taire. Elle utilise l\u2019arme \u00e9conomique faute de pouvoir employer la force arm\u00e9e\u00a0; et sa capacit\u00e9 de nuisance n\u2019a d\u2019\u00e9gale que son obstination \u00e0 vouloir plier le monde \u00e0 ses d\u00e9sirs.<\/span><\/p>\n<p style=\"text-align: justify;\"><span style=\"font-family: times new roman, times, serif; font-size: 14pt;\">Et pourtant on se dit aussi que tout est en train de changer. Car lorsque l\u2019imp\u00e9rialisme se contente d\u2019aboyer au lieu d\u2019agir, c\u2019est qu\u2019il est au bout du rouleau. Les bouledogues du Pentagone peuvent toujours montrer les crocs\u00a0: pendant qu\u2019ils aboient, la caravane p\u00e9troli\u00e8re en provenance des montagnes perses atteint les rivages de la Cara\u00efbe. Ils peuvent toujours d\u00e9barquer des mercenaires dans une nouvelle Baie des cochons, cette exp\u00e9dition de ribouldingues est vou\u00e9e \u00e0 se fracasser sur les forces bolivariennes. Nouveau b\u00e9gaiement de l\u2019histoire, qui montre que la coalition des nations souveraines n\u2019a pas perdu sa capacit\u00e9 de r\u00e9sistance \u00e0 l\u2019imp\u00e9rialisme. La caravane p\u00e9troli\u00e8re qui relie T\u00e9h\u00e9ran \u00e0 Caracas symbolise l\u2019alliance des vieilles nations historiques (Russie, Chine, Iran) et des jeunes nations issues de l\u2019effondrement du colonialisme, dont la Syrie et le Venezuela repr\u00e9sentent aujourd\u2019hui le prototype. Adoss\u00e9e \u00e0 l\u2019alliance continentale russo-chinoise, elle risque de donner du fil \u00e0 retordre aux fauteurs de guerre reconvertis en fauteurs de blocus.<\/span><\/p>\n<p><span style=\"font-family: times new roman, times, serif; font-size: 14pt;\">Sources\u00a0: <a href=\"http:\/\/www.comite-valmy.org\/spip.php?article11870\">http:\/\/www.comite-valmy.org\/spip.php?article11870<\/a><\/span><\/p>\n<p><span style=\"font-family: times new roman, times, serif; font-size: 14pt;\"><a href=\"https:\/\/francais.rt.com\/opinions\/75367-chiens-aboient-caravane-persane-passe\">https:\/\/francais.rt.com\/opinions\/75367-chiens-aboient-caravane-persane-passe<\/a><\/span><\/p>\n<p>&nbsp;<\/p>\n<p><strong><span style=\"font-family: times new roman, times, serif; font-size: 14pt;\">.URL de cet article\u00a0: <\/span><\/strong><a href=\"http:\/\/blog.lesgrossesorchadeslesamplesthalameges.fr\/index.php\/les-chiens-abopient-la-caravane-persane-passe\/\"><span style=\"font-family: times new roman, times, serif; font-size: 14pt;\">http:\/\/blog.lesgrossesorchadeslesamplesthalameges.fr\/index.php\/les-chiens-abopient-la-caravane-persane-passe\/<\/span><\/a><strong><span style=\"font-family: times new roman, times, serif; font-size: 14pt;\"><br \/>\n<\/span><\/strong><\/p>\n<p>&nbsp;<\/p>\n<p>&nbsp;<\/p>\n<p style=\"text-align: center;\"><a href=\"http:\/\/blog.lesgrossesorchadeslesamplesthalameges.fr\/wp-content\/uploads\/2020\/05\/DEUX-MASQUES-GIF.gif\"><img loading=\"lazy\" class=\"alignnone size-full wp-image-10645\" src=\"http:\/\/blog.lesgrossesorchadeslesamplesthalameges.fr\/wp-content\/uploads\/2020\/05\/DEUX-MASQUES-GIF.gif\" alt=\"\" width=\"100\" height=\"88\" \/><\/a><\/p>\n<p>&nbsp;<\/p>\n<p>&nbsp;<\/p>\n<p style=\"text-align: right;\"><span style=\"font-family: comic sans ms, sans-serif; font-size: 14pt;\">Mai 2020<\/span><\/p>\n<p>&nbsp;<\/p>\n<p>&nbsp;<\/p>\n<p>&nbsp;<\/p>\n","protected":false},"excerpt":{"rendered":"<p>&nbsp; &nbsp; &nbsp; &nbsp; &nbsp; &nbsp; &nbsp; Les chiens aboient, la caravane persane passe ! &nbsp; Bruno Guigue \u2013 Comit\u00e9 Valmy \u2013 26.5.2020 \u00a0\u00a0\u00a0\u00a0\u00a0\u00a0\u00a0 \u2013 RT France \u2013 \u00a0 &nbsp; \u00a0 \u00a0 &nbsp; Ancien haut fonctionnaire et chercheur politique, Bruno Guigue revient sur l&rsquo;op\u00e9ration qui a permis d&rsquo;acheminer les p\u00e9troliers iraniens au Venezuela, au nez&#8230;<\/p>\n","protected":false},"author":1,"featured_media":0,"parent":0,"menu_order":0,"comment_status":"open","ping_status":"open","template":"","meta":[],"_links":{"self":[{"href":"https:\/\/blog.lesgrossesorchadeslesamplesthalameges.fr\/index.php\/wp-json\/wp\/v2\/pages\/10660"}],"collection":[{"href":"https:\/\/blog.lesgrossesorchadeslesamplesthalameges.fr\/index.php\/wp-json\/wp\/v2\/pages"}],"about":[{"href":"https:\/\/blog.lesgrossesorchadeslesamplesthalameges.fr\/index.php\/wp-json\/wp\/v2\/types\/page"}],"author":[{"embeddable":true,"href":"https:\/\/blog.lesgrossesorchadeslesamplesthalameges.fr\/index.php\/wp-json\/wp\/v2\/users\/1"}],"replies":[{"embeddable":true,"href":"https:\/\/blog.lesgrossesorchadeslesamplesthalameges.fr\/index.php\/wp-json\/wp\/v2\/comments?post=10660"}],"version-history":[{"count":0,"href":"https:\/\/blog.lesgrossesorchadeslesamplesthalameges.fr\/index.php\/wp-json\/wp\/v2\/pages\/10660\/revisions"}],"wp:attachment":[{"href":"https:\/\/blog.lesgrossesorchadeslesamplesthalameges.fr\/index.php\/wp-json\/wp\/v2\/media?parent=10660"}],"curies":[{"name":"wp","href":"https:\/\/api.w.org\/{rel}","templated":true}]}}