{"id":10683,"date":"2020-05-26T20:21:30","date_gmt":"2020-05-26T18:21:30","guid":{"rendered":"http:\/\/blog.lesgrossesorchadeslesamplesthalameges.fr\/?page_id=10683"},"modified":"2020-05-26T20:22:31","modified_gmt":"2020-05-26T18:22:31","slug":"henry-reeve-capitaine-de-brigade","status":"publish","type":"page","link":"https:\/\/blog.lesgrossesorchadeslesamplesthalameges.fr\/index.php\/henry-reeve-capitaine-de-brigade\/","title":{"rendered":"Henry Reeve, capitaine de brigade"},"content":{"rendered":"<p>&nbsp;<\/p>\n<p>&nbsp;<\/p>\n<p>&nbsp;<\/p>\n<p>&nbsp;<\/p>\n<p>&nbsp;<\/p>\n<p>&nbsp;<\/p>\n<p>&nbsp;<\/p>\n<p style=\"text-align: center;\"><span style=\"font-family: times new roman, times, serif; font-size: 42pt;\"><strong>Henry Reeve, capitaine de brigade<\/strong><\/span><\/p>\n<p style=\"text-align: center;\"><span style=\"font-family: times new roman, times, serif; font-size: 14pt;\"><strong>\u00a0<\/strong><\/span><\/p>\n<p style=\"text-align: center;\"><span style=\"font-family: times new roman, times, serif; font-size: 18pt;\"><strong>Luciano Del Sette \u2013 <\/strong><a href=\"https:\/\/ilmanifesto.it\/henry-reeve-capitano-di-brigata\/\"><strong><em>il manifesto<\/em><\/strong><\/a><strong> \u2013 23.5.2020<\/strong><\/span><\/p>\n<p style=\"text-align: center;\"><span style=\"font-family: times new roman, times, serif; font-size: 18pt;\">Traduction\u00a0:<strong> Marie-Ange Patrizio<\/strong><\/span><\/p>\n<p style=\"text-align: justify;\"><span style=\"font-family: times new roman, times, serif; font-size: 18pt;\"><strong>\u00a0<\/strong><\/span><\/p>\n<p>&nbsp;<\/p>\n<p style=\"text-align: center;\"><a href=\"http:\/\/blog.lesgrossesorchadeslesamplesthalameges.fr\/wp-content\/uploads\/2020\/05\/medici-cubani-ansa2-2-scaled.jpg\"><img loading=\"lazy\" class=\"alignnone wp-image-10658 size-full\" src=\"http:\/\/blog.lesgrossesorchadeslesamplesthalameges.fr\/wp-content\/uploads\/2020\/05\/medici-cubani-ansa2-2-scaled.jpg\" alt=\"\" width=\"600\" height=\"424\" srcset=\"https:\/\/blog.lesgrossesorchadeslesamplesthalameges.fr\/wp-content\/uploads\/2020\/05\/medici-cubani-ansa2-2-scaled.jpg 600w, https:\/\/blog.lesgrossesorchadeslesamplesthalameges.fr\/wp-content\/uploads\/2020\/05\/medici-cubani-ansa2-2-scaled-300x212.jpg 300w\" sizes=\"(max-width: 600px) 100vw, 600px\" \/><\/a><\/p>\n<p style=\"text-align: justify;\"><span style=\"font-family: times new roman, times, serif; font-size: 14pt;\"><strong>\u00a0<\/strong><\/span><\/p>\n<p style=\"text-align: justify;\"><span style=\"font-family: times new roman, times, serif; font-size: 14pt;\"><strong>\u00a0<\/strong><\/span><\/p>\n<p style=\"text-align: justify;\"><span style=\"font-family: times new roman, times, serif; font-size: 18pt;\"><strong>Le personnage<\/strong>.<\/span><\/p>\n<p style=\"text-align: justify;\"><span style=\"font-family: times new roman, times, serif; font-size: 14pt;\"><strong><em>Anti-esclavagiste conf\u00e9d\u00e9r\u00e9, r\u00e9volutionnaire cubain. C\u2019est son nom que porte la Brigade de m\u00e9decins cubains venue au secours de l\u2019Italie au moment le plus critique de l\u2019urgence Covid-19.<\/em><\/strong><\/span><\/p>\n<p style=\"text-align: justify;\"><span style=\"font-family: times new roman, times, serif; font-size: 14pt;\">George W. Bush, le pr\u00e9sident qui utilisait les jumelles \u00e0 l\u2019envers, n\u2019arriva pas cette autre fois non plus, \u00e0 voir plus loin que le bout de son nez r\u00e9publicain et f\u00e9rocement anti-communiste. Cette fois-l\u00e0 c\u2019\u00e9tait le 30 ao\u00fbt 2005. L\u2019ouragan Katrina avait submerg\u00e9 les States emportant avec lui 1800 morts rien qu\u2019\u00e0 New Orleans, r\u00e9duite \u00e0 un amas de d\u00e9combres et de boue.<\/span><\/p>\n<p>&nbsp;<\/p>\n<p style=\"text-align: justify;\"><span style=\"font-family: times new roman, times, serif; font-size: 18pt;\"><strong>De Fidel<\/strong><\/span><\/p>\n<p style=\"text-align: justify;\"><span style=\"font-family: times new roman, times, serif; font-size: 14pt;\">C\u2019est l\u00e0 que George \u00ab\u00a0Dabeliou\u00a0\u00bb re\u00e7ut un appel t\u00e9l\u00e9phonique inattendu. Au t\u00e9l\u00e9phone, Fidel Castro pr\u00eat \u00e0 lui offrir une Brigade de 1586 m\u00e9decins choisis parmi les milliers qui, Cubains ou pas, apportaient leur aide dans le monde. La sant\u00e9 publique avait \u00e9t\u00e9 d\u00e8s le d\u00e9part une des priorit\u00e9s du nouveau gouvernement, et en quelques ann\u00e9es le service sanitaire \u00e0 Cuba \u00e9tait devenu partout synonyme d\u2019excellence. En 1960, le tremblement de terre de Valdivia, au Chili, le plus grand jamais constat\u00e9 par son intensit\u00e9, avait pouss\u00e9 Fidel \u00e0 lancer un projet d\u2019internationalisme m\u00e9dical sur une base strictement volontaire.<\/span><\/p>\n<p style=\"text-align: justify;\"><span style=\"font-family: times new roman, times, serif; font-size: 14pt;\">Aujourd\u2019hui ce r\u00e9seau peut compter sur 55.000 m\u00e9decins, dits <em>first responders<\/em>, qui jusqu\u2019\u00e0 pr\u00e9sent sont intervenus dans environ 70 pays. Depuis 1999, la formation des volontaires se fait \u00e0 l\u2019Elam, la <em>Escuela Latinoamericana de Medicina<\/em> de La Havane.<\/span><\/p>\n<p style=\"text-align: justify;\"><span style=\"font-family: times new roman, times, serif; font-size: 14pt;\">Mais revenons au 30 ao\u00fbt 2005. Evidemment et de fa\u00e7on obtuse Bush refusa l\u2019offre. Pour toute r\u00e9ponse, Castro d\u00e9cida que la Brigade allait constituer l\u2019<em>International Contingent Specialized in Situations of Disasters and Serious Epidemics<\/em>, et qu\u2019elle porterait le nom d\u2019Henry Reeve. Bapt\u00eame non d\u00e9pourvu d\u2019une pointe d\u2019ironie v\u00e9n\u00e9neuse.<\/span><\/p>\n<p>&nbsp;<\/p>\n<p>&nbsp;<\/p>\n<p style=\"text-align: center;\"><a href=\"http:\/\/blog.lesgrossesorchadeslesamplesthalameges.fr\/wp-content\/uploads\/2020\/05\/Katrina.jpg\"><img loading=\"lazy\" class=\"alignnone wp-image-10685\" src=\"http:\/\/blog.lesgrossesorchadeslesamplesthalameges.fr\/wp-content\/uploads\/2020\/05\/Katrina.jpg\" alt=\"\" width=\"500\" height=\"441\" srcset=\"https:\/\/blog.lesgrossesorchadeslesamplesthalameges.fr\/wp-content\/uploads\/2020\/05\/Katrina.jpg 450w, https:\/\/blog.lesgrossesorchadeslesamplesthalameges.fr\/wp-content\/uploads\/2020\/05\/Katrina-300x265.jpg 300w\" sizes=\"(max-width: 500px) 100vw, 500px\" \/><\/a><\/p>\n<p style=\"text-align: center;\"><span style=\"font-family: times new roman, times, serif; font-size: 12pt;\"><strong><em>\u00a0\u00ab\u00a0L&rsquo;art de la guerre : Katrina\u00a0\u00bb dessin de Larmee (New Orleans)<\/em><\/strong><\/span><\/p>\n<p>&nbsp;<\/p>\n<p>&nbsp;<\/p>\n<p style=\"text-align: justify;\"><span style=\"font-family: times new roman, times, serif; font-size: 14pt;\">En quinze ann\u00e9es d\u2019activit\u00e9, la Henry Reeve a \u00e9t\u00e9 pr\u00e9sente, par exemple, en Guin\u00e9e, Liberia et Sierra Leone pour la crise Ebola de 2014 ; \u00e0 Ha\u00efti pour l\u2019\u00e9pid\u00e9mie de chol\u00e9ra de 2010, o\u00f9 elle a isol\u00e9 la bact\u00e9rie apport\u00e9e l\u00e0 dans les d\u00e9chets d\u2019une mission ONU. \u00c0 l\u2019h\u00f4pital de Tarar\u00e0, Cuba, elle a soign\u00e9 plus de 20.000 enfants et 4.000 adultes, victimes des radiations de Tchernobyl. En Italie nous avons appris \u00e0\u00a0 la conna\u00eetre avec la diffusion du Covid-19.<\/span><\/p>\n<p style=\"text-align: justify;\"><span style=\"font-family: times new roman, times, serif; font-size: 14pt;\">Au mois de mars, \u00e0 Crema, sont arriv\u00e9s 63 de ses op\u00e9rateurs (ils repartiront le 25 mai) ; 38 autres travaillent depuis avril dans les locaux des ex-OGR, Officine Grandi Reparazioni (Services des Grandes R\u00e9parations) de Turin. Et si nos m\u00e9dias ont racont\u00e9 le travail de la Brigade, aucun, sauf br\u00e8ve mention, ne s\u2019est jamais demand\u00e9 qui \u00e9tait Henry Reeve, tout au plus en le liquidant d\u2019un g\u00e9n\u00e9rique \u00ab H\u00e9ros de la r\u00e9volution cubaine \u00bb. H\u00e9ros, Henry sans aucun doute le fut. Mais d\u2019une guerre, celle des Dix Ans, 1868\/1878, contre les colonisateurs espagnols.<\/span><\/p>\n<p style=\"text-align: justify;\"><span style=\"font-family: times new roman, times, serif; font-size: 14pt;\">Qui \u00e9tait donc Henry Reeve et pour quelle raison se trouva-t-il dans les combats de quatre cent batailles, dans les rangs puis \u00e0 la t\u00eate de l\u2019arm\u00e9e rebelle, et subissant dix graves blessures ?<\/span><\/p>\n<p style=\"text-align: justify;\"><span style=\"font-family: times new roman, times, serif; font-size: 14pt;\">L\u2019histoire requiert toujours un ordre de dates et d\u2019\u00e9v\u00e9nements. Partons donc du 4 avril 1850, jour et ann\u00e9e de la naissance d\u2019Henry \u00e0 Brooklyn. Ses parents, presbyt\u00e9riens, veulent pour lui une solide formation scolaire et culturelle. L\u2019assassinat d\u2019Abraham Lincoln suscite chez le tr\u00e8s jeune Reeve un sentiment anti-esclavagiste tr\u00e8s fort qui le pousse \u00e0 s\u2019engager chez les Conf\u00e9d\u00e9r\u00e9s et \u00e0 participer \u00e0 la Guerre de S\u00e9cession. Au terme du conflit il trouve du travail dans une boutique de livres du quartier, o\u00f9 il entre en contact avec les \u00e9migr\u00e9s cubains qui soutiennent les mouvements ind\u00e9pendantistes de l\u2019\u00eele. Leurs id\u00e9aux libertaires le fascinent. \u00c0 19 ans seulement il s\u2019enfuit de chez lui pour s\u2019embarquer sur le navire <em>Perrit<\/em> du g\u00e9n\u00e9ral Nord-am\u00e9ricain Thomas Jordan, qui apporte \u00e0 l\u2019arm\u00e9e rebelle 300 hommes, des armes, munitions et vivres. Reeve s\u2019engage sous le faux nom d\u2019Henry Real. Il ne parle pas un mot d\u2019espagnol, son dictionnaire sera une \u00e9dition de Don Quichotte.<\/span><\/p>\n<p style=\"text-align: justify;\"><span style=\"font-family: times new roman, times, serif; font-size: 14pt;\">L\u2019exp\u00e9dition accoste \u00e0 la p\u00e9ninsule d\u2019El Ram\u00f3n le 11 mai 1869, et l\u00e0, le jour m\u00eame, Henry affronte le bapt\u00eame du feu. Le 20, harcel\u00e9es par les Espagnols, les troupes de Jordan sont oblig\u00e9es de se retirer \u00e0 Las Calabazas, th\u00e9\u00e2tre d\u2019un affrontement dans lequel Reeve est fait prisonnier et condamn\u00e9 \u00e0 \u00eatre fusill\u00e9. Les quatre balles qu\u2019il re\u00e7oit ne le tuent pas. Il arrive \u00e0 s\u2019\u00e9chapper et \u00e0 rejoindre le campement du g\u00e9n\u00e9ral Luis Figueredo. Une fois gu\u00e9ri, il obtient de retourner avec Jordan, entre-temps nomm\u00e9 chef d\u2019\u00e9tat-major, charge qu\u2019il quittera en 1870, quand Henry entre dans l\u2019escadron de cavalerie de la Brigade Norte de Camaguey et devient chef des \u00e9claireurs.<\/span><\/p>\n<p>&nbsp;<\/p>\n<p style=\"text-align: justify;\"><span style=\"font-family: times new roman, times, serif; font-size: 18pt;\"><strong>El Inglesito<\/strong><\/span><\/p>\n<p style=\"text-align: justify;\"><span style=\"font-family: times new roman, times, serif; font-size: 14pt;\">Commence alors pour lui une impressionnante s\u00e9rie de batailles. \u00c0 celle de Tana, qui lui vaudra la seconde blessure, suivent, en moins de deux ans, Hato, Potrero (autre blessure), La Entrada, El Mulato, La Redonda, San Ram\u00f3n de Pacheco,\u00a0 San\u00a0 Tadeo, La Matilde, Sitio Potrero (quatri\u00e8me blessure)\u2026Touch\u00e9 \u00e0 l\u2019abdomen pendant les combats d\u2019El Carmen il fr\u00f4le la mort et sera contraint \u00e0 une longue convalescence. La r\u00e9putation d\u2019El Inglesito, surnom que les <em>mambisa<\/em>, les rebelles, lui ont donn\u00e9, cro\u00eet avec le nombre des batailles. Le 27 juillet 1873, le g\u00e9n\u00e9ral M\u00e0ximo Gomez le nomme chef de la Premi\u00e8re division de cavalerie. Le 28 septembre, dans une tentative de neutraliser un canon espagnol, un coup de fusil atteint Reeve \u00e0 une jambe mais ne l\u2019arr\u00eate pas. Les ennemis sont oblig\u00e9s de s\u2019enfuir. Mais tout ce courage lui co\u00fbtera l\u2019amputation de la jambe, qu\u2019il remplacera par une proth\u00e8se.<\/span><\/p>\n<p style=\"text-align: justify;\"><span style=\"font-family: times new roman, times, serif; font-size: 14pt;\">Promu commandant de Brigade, il doit rester \u00e9loign\u00e9 de la guerre pendant environ une ann\u00e9e. Le 4 juillet 1874, \u00e0 San Antonio de Camujiro, deux projectiles le touchent \u00e0 la poitrine et \u00e0 une main. La figure de l\u2019Inglesito entrera dans la l\u00e9gende le 4 ao\u00fbt 1876, \u00e0 Yaguaramas. Les forces adverses \u00e9crasent celles des <em>mambisa<\/em>, Henry donne l\u2019ordre de se retirer. Dans la manoeuvre de couverture, deux rafales \u00e0 la poitrine et \u00e0 l\u2019aine le d\u00e9sar\u00e7onnent. Apr\u00e8s avoir refus\u00e9 le cheval de son aide de camp, il reste sur le champ de bataille, <em>machete <\/em>et revolver au poing. Sa derni\u00e8re munition sera pour lui, El Inglesito se tire une balle dans la t\u00eate.<\/span><\/p>\n<p>&nbsp;<\/p>\n<p style=\"text-align: justify;\"><span style=\"font-family: times new roman, times, serif; font-size: 18pt;\"><strong>Internationalisme<\/strong><\/span><\/p>\n<p style=\"text-align: justify;\"><span style=\"font-family: times new roman, times, serif; font-size: 14pt;\">Sept de ses vingt-six ann\u00e9es, il les a d\u00e9di\u00e9es \u00e0 la libert\u00e9 de Cuba, qui paiera un immense tribut de sang : 300.000 morts, militaires et civils. Henry Reeve n\u2019a pas de tombe. \u00c0 sa m\u00e9moire et en son honneur, Fidel a voulu faire construire un monument entre Yaguaramas et Horquitas, appelant l\u2019endroit, non fortuitement, \u00ab El Cayo del Ingl\u00e9s \u00bb (<em>La cl\u00e9 anglaise, <\/em><a href=\"http:\/\/www.radiorebelde.cu\/de-cuba-y-de-los-cubanos\/el-cayo-ingles-20100429\/\">http:\/\/www.radiorebelde.cu\/de-cuba-y-de-los-cubanos\/el-cayo-ingles-20100429\/<\/a> ). Non loin de l\u00e0, sur une grande fresque le long de la route, se trouvent le portrait d\u2019Henry et l\u2019inscription \u00ab Exemple de solidarit\u00e9 et d\u2019internationalisme \u00bb.<\/span><\/p>\n<p style=\"text-align: justify;\"><span style=\"font-family: times new roman, times, serif; font-size: 14pt;\">Avec tout le respect d\u00fb \u00e0 George W. Bush. Et maintenant \u00e0 Donald J. Trump.<\/span><\/p>\n<p style=\"text-align: justify;\"><span style=\"font-family: times new roman, times, serif; font-size: 14pt;\">\u00c9dition de samedi 23 mai 2020 d\u2019<em>il manifesto<\/em><\/span><\/p>\n<p style=\"text-align: justify;\"><span style=\"font-family: times new roman, times, serif; font-size: 14pt;\"><a href=\"https:\/\/ilmanifesto.it\/henry-reeve-capitano-di-brigata\/\">https:\/\/ilmanifesto.it\/henry-reeve-capitano-di-brigata\/<\/a><\/span><\/p>\n<p>&nbsp;<\/p>\n<p style=\"text-align: left;\"><span style=\"font-family: times new roman, times, serif; font-size: 14pt;\"><strong>URL de cet article : <\/strong><a href=\"http:\/\/blog.lesgrossesorchadeslesamplesthalameges.fr\/index.php\/henry-reeve-capitaine-de-brigade\/\">http:\/\/blog.lesgrossesorchadeslesamplesthalameges.fr\/index.php\/henry-reeve-capitaine-de-brigade\/<\/a><strong><br \/>\n<\/strong><\/span><\/p>\n<p>&nbsp;<\/p>\n<p>&nbsp;<\/p>\n<p style=\"text-align: center;\"><a href=\"http:\/\/blog.lesgrossesorchadeslesamplesthalameges.fr\/wp-content\/uploads\/2020\/05\/DEUX-MASQUES-GIF.gif\"><img loading=\"lazy\" class=\"alignnone size-full wp-image-10645\" src=\"http:\/\/blog.lesgrossesorchadeslesamplesthalameges.fr\/wp-content\/uploads\/2020\/05\/DEUX-MASQUES-GIF.gif\" alt=\"\" width=\"100\" height=\"88\" \/><\/a><\/p>\n<p>&nbsp;<\/p>\n<p style=\"text-align: right;\"><span style=\"font-family: comic sans ms, sans-serif; font-size: 14pt;\">Mai 2020<\/span><\/p>\n<p>&nbsp;<\/p>\n<p>&nbsp;<\/p>\n","protected":false},"excerpt":{"rendered":"<p>&nbsp; &nbsp; &nbsp; &nbsp; &nbsp; &nbsp; &nbsp; Henry Reeve, capitaine de brigade \u00a0 Luciano Del Sette \u2013 il manifesto \u2013 23.5.2020 Traduction\u00a0: Marie-Ange Patrizio \u00a0 &nbsp; \u00a0 \u00a0 Le personnage. Anti-esclavagiste conf\u00e9d\u00e9r\u00e9, r\u00e9volutionnaire cubain. C\u2019est son nom que porte la Brigade de m\u00e9decins cubains venue au secours de l\u2019Italie au moment le plus critique de&#8230;<\/p>\n","protected":false},"author":1,"featured_media":0,"parent":0,"menu_order":0,"comment_status":"open","ping_status":"open","template":"","meta":[],"_links":{"self":[{"href":"https:\/\/blog.lesgrossesorchadeslesamplesthalameges.fr\/index.php\/wp-json\/wp\/v2\/pages\/10683"}],"collection":[{"href":"https:\/\/blog.lesgrossesorchadeslesamplesthalameges.fr\/index.php\/wp-json\/wp\/v2\/pages"}],"about":[{"href":"https:\/\/blog.lesgrossesorchadeslesamplesthalameges.fr\/index.php\/wp-json\/wp\/v2\/types\/page"}],"author":[{"embeddable":true,"href":"https:\/\/blog.lesgrossesorchadeslesamplesthalameges.fr\/index.php\/wp-json\/wp\/v2\/users\/1"}],"replies":[{"embeddable":true,"href":"https:\/\/blog.lesgrossesorchadeslesamplesthalameges.fr\/index.php\/wp-json\/wp\/v2\/comments?post=10683"}],"version-history":[{"count":0,"href":"https:\/\/blog.lesgrossesorchadeslesamplesthalameges.fr\/index.php\/wp-json\/wp\/v2\/pages\/10683\/revisions"}],"wp:attachment":[{"href":"https:\/\/blog.lesgrossesorchadeslesamplesthalameges.fr\/index.php\/wp-json\/wp\/v2\/media?parent=10683"}],"curies":[{"name":"wp","href":"https:\/\/api.w.org\/{rel}","templated":true}]}}