{"id":10896,"date":"2020-06-01T21:33:16","date_gmt":"2020-06-01T19:33:16","guid":{"rendered":"http:\/\/blog.lesgrossesorchadeslesamplesthalameges.fr\/?page_id=10896"},"modified":"2020-06-01T21:35:21","modified_gmt":"2020-06-01T19:35:21","slug":"inteterview-de-jacob-cohen","status":"publish","type":"page","link":"https:\/\/blog.lesgrossesorchadeslesamplesthalameges.fr\/index.php\/inteterview-de-jacob-cohen\/","title":{"rendered":"Inteterview de Jacob Cohen"},"content":{"rendered":"<p><strong><em>\u00a0<\/em><\/strong><\/p>\n<p>&nbsp;<\/p>\n<p>&nbsp;<\/p>\n<p>&nbsp;<\/p>\n<p>&nbsp;<\/p>\n<p>&nbsp;<\/p>\n<p>&nbsp;<\/p>\n<p>&nbsp;<\/p>\n<p style=\"text-align: center;\"><span style=\"font-family: times new roman, times, serif; font-size: 18pt; color: #c00000;\"><strong>Interview de Jacob Cohen<\/strong><\/span><\/p>\n<p>&nbsp;<\/p>\n<p style=\"text-align: center;\"><span style=\"font-family: times new roman, times, serif; font-size: 36pt;\"><strong>\u00ab\u00a0L\u2019ind\u00e9pendance des m\u00e9dias fran\u00e7ais, est une fiction\u00a0\u00bb<\/strong><\/span><\/p>\n<p style=\"text-align: center;\"><span style=\"font-family: times new roman, times, serif; font-size: 14pt;\"><strong>\u00a0<\/strong><\/span><\/p>\n<p style=\"text-align: center;\"><span style=\"font-family: times new roman, times, serif; font-size: 18pt;\"><strong>Mehdi Messaoudi<em> \u2013 <\/em><\/strong><a href=\"https:\/\/algerie54.com\/\"><strong><em>Alg\u00e9rie 54<\/em><\/strong><\/a><strong> \u2013 31.5.2020<\/strong><\/span><\/p>\n<p style=\"text-align: center;\"><span style=\"font-family: times new roman, times, serif; font-size: 18pt;\">via <a href=\"Jacob%20Cohen.%20L'ind\u00e9pendance%20des%20m\u00e9dias%20fran\u00e7ais,%20est%20une%20fiction\"><strong><em>Palestine Solidarit\u00e9<\/em><\/strong><\/a><\/span><\/p>\n<p>&nbsp;<\/p>\n<p>&nbsp;<\/p>\n<p style=\"text-align: center;\"><a href=\"http:\/\/blog.lesgrossesorchadeslesamplesthalameges.fr\/wp-content\/uploads\/2020\/06\/jacob-cohen.jpg\"><img loading=\"lazy\" class=\"alignnone wp-image-10889 size-full\" src=\"http:\/\/blog.lesgrossesorchadeslesamplesthalameges.fr\/wp-content\/uploads\/2020\/06\/jacob-cohen.jpg\" alt=\"\" width=\"500\" height=\"500\" srcset=\"https:\/\/blog.lesgrossesorchadeslesamplesthalameges.fr\/wp-content\/uploads\/2020\/06\/jacob-cohen.jpg 500w, https:\/\/blog.lesgrossesorchadeslesamplesthalameges.fr\/wp-content\/uploads\/2020\/06\/jacob-cohen-150x150.jpg 150w, https:\/\/blog.lesgrossesorchadeslesamplesthalameges.fr\/wp-content\/uploads\/2020\/06\/jacob-cohen-300x300.jpg 300w\" sizes=\"(max-width: 500px) 100vw, 500px\" \/><\/a><\/p>\n<p style=\"text-align: center;\"><span style=\"font-family: times new roman, times, serif; font-size: 14pt;\"><strong>\u00a0<\/strong><\/span><\/p>\n<p>&nbsp;<\/p>\n<p style=\"text-align: justify;\"><span style=\"font-family: times new roman, times, serif; font-size: 14pt;\">Dimanche 31 mai 2020<\/span><\/p>\n<p style=\"text-align: justify;\"><span style=\"font-family: times new roman, times, serif; font-size: 14pt;\">Interview de Jacob Cohen par Mehdi Messaoudi<\/span><\/p>\n<p style=\"text-align: justify;\"><span style=\"font-family: times new roman, times, serif; font-size: 14pt;\"><strong><em>Alg\u00e9rie54 :<\/em><\/strong><strong> Deux reportages diffus\u00e9s le 26 mai 2020 sur France5 et LCP ont suscit\u00e9 l\u2019indignation des Alg\u00e9riens et le rappel de l\u2019ambassadeur d\u2019Alger \u00e0 Paris, que pensez-vous de cette nouvelle escalade\u00a0?<\/strong><\/span><\/p>\n<p style=\"text-align: justify;\"><span style=\"font-family: times new roman, times, serif; font-size: 14pt;\"><strong>Jacob Cohen <\/strong>: Le rappel d\u2019un ambassadeur est une d\u00e9cision grave. Elle n\u2019est pas prise \u00e0 la l\u00e9g\u00e8re. Le pays qui la prend veut exprimer un\u00a0 m\u00e9contentement voire un d\u00e9saccord, et\u00a0 soumet le retour \u00e0 la normale \u00e0 une remise \u00e0 plat. C\u2019est dire si les reportages diffus\u00e9s le 26 mai sur deux cha\u00eenes fran\u00e7aises ont \u00e9t\u00e9 tr\u00e8s mal re\u00e7us en Alg\u00e9rie. Il est assez singulier qu\u2019un reportage provoque un tel s\u00e9isme diplomatique. On peut donc penser que ces reportages, au-del\u00e0 de leurs aspects tendancieux, ont enflamm\u00e9 une situation d\u00e9j\u00e0 critique, dont les fondements sont anciens et profonds.<\/span><\/p>\n<p style=\"text-align: justify;\"><span style=\"font-family: times new roman, times, serif; font-size: 14pt;\"><strong><em>Alg\u00e9rie54 <\/em><\/strong><em>:<\/em><strong> \u00c0 l\u2019instar de la r\u00e9action du Quai d\u2019Orsay le 1er avril dernier concernant la convocation de l\u2019ambassadeur de France \u00e0 Alger suite \u00e0 la diffusion d\u2019un reportage mensonger sur France24, le minist\u00e8re fran\u00e7ais des Affaires \u00e9trang\u00e8res, vient de r\u00e9agir de la m\u00eame mani\u00e8re, en indiquant que les lignes \u00e9ditoriales des m\u00e9dias publics sont ind\u00e9pendantes.<\/strong><\/span><\/p>\n<p style=\"text-align: justify;\"><span style=\"font-family: times new roman, times, serif; font-size: 14pt;\"><strong>Jacob Cohen <\/strong>: C\u2019est la r\u00e9ponse rituelle des \u00ab\u00a0d\u00e9mocraties\u00a0\u00bb occidentales qui se targuent d\u2019avoir des m\u00e9dias totalement ind\u00e9pendants, et qui donnent des le\u00e7ons aux autres pays. C\u2019est une fiction bien s\u00fbr. En France, France5 et LCP sont financ\u00e9s par les autorit\u00e9s publiques, et comme pour France2 et France 3, il est inimaginable que leur direction ne re\u00e7oive pas l\u2019aval du gouvernement. Ce sont des hauts fonctionnaires dont l\u2019int\u00e9r\u00eat bien compris est de r\u00e9pondre aux souhaits du gouvernement. On l\u2019a bien vu avec le Covid19 et l\u2019acharnement unanime contre le professeur Raoult. Quant aux m\u00e9dias priv\u00e9s, ils appartiennent \u00e0 l\u2019oligarchie financi\u00e8re. Et tous les journaux, dont\u00a0 <em>Lib\u00e9ration<\/em> et <em>l\u2019Humanit\u00e9<\/em>, ne survivraient pas quelques mois sans l\u2019injection de dizaines de millions chaque ann\u00e9e. Une telle d\u00e9pendance cr\u00e9e des servitudes et des arrangements.<\/span><\/p>\n<p style=\"text-align: justify;\"><span style=\"font-family: times new roman, times, serif; font-size: 14pt;\"><strong><em>Alg\u00e9rie54<\/em><\/strong> :<strong> Ceci nous donne l\u2019impression de dire que le champ m\u00e9diatique est libre. Qu\u2019en pense Jacob Cohen\u00a0?<\/strong><\/span><\/p>\n<p style=\"text-align: justify;\"><span style=\"font-family: times new roman, times, serif; font-size: 14pt;\"><strong>Jacob Cohen <\/strong>: Le champ m\u00e9diatique ne dispose que d\u2019une libert\u00e9 relative, comme je l\u2019ai pr\u00e9cis\u00e9 dans la question pr\u00e9c\u00e9dente. Il y a cependant une illusion de libert\u00e9 dans la mesure o\u00f9 on fait appel \u00e0 une opposition contr\u00f4l\u00e9e, admise, convenue, qui ne remet pas en cause les fondements du syst\u00e8me. Par exemple sur Poutine, la Syrie, l\u2019Union europ\u00e9enne, Trump, le vaccin financ\u00e9 par Bill Gates, etc. On dit que \u00ab\u00a0l\u2019histoire est \u00e9crite par les vainqueurs\u00a0\u00bb. C\u2019est exactement ce qui se passe avec les m\u00e9dias. L\u2019Occident a aussi la haute main sur\u00a0 les grandes agences de presse, sur les ONG, les f\u00e9d\u00e9rations internationales, etc. C\u2019est lui qui donne le ton.<\/span><\/p>\n<p style=\"text-align: justify;\"><span style=\"font-family: times new roman, times, serif; font-size: 14pt;\"><strong><em>Alg\u00e9rie54 <\/em><\/strong><em>:<\/em><strong> Le d\u00e9confinement annonc\u00e9, \u00e0 partir du 11 mai dernier, a r\u00e9v\u00e9l\u00e9 un r\u00e9gime dictatorial fran\u00e7ais concernant certains auteurs et artistes qui ne font pas partie de la <em>Mainstream<\/em>, dont Dieudonn\u00e9, et m\u00eame Didier Raoult\u00a0?<\/strong><\/span><\/p>\n<p style=\"text-align: justify;\"><span style=\"font-family: times new roman, times, serif; font-size: 14pt;\"><strong>Jacob Cohen <\/strong>: Dans un moment de crise, le syst\u00e8me r\u00e9v\u00e8le sa vraie nature, d\u2019une fa\u00e7on presque caricaturale et hyst\u00e9rique. Parce que toute critique ou remise en cause risque d\u2019\u00e9branler l\u2019\u00e9chafaudage. Et le plus terrible, c\u2019est que le monde m\u00eame de la sant\u00e9, qui en principe est l\u00e0 pour sauver les gens, est \u00e9troitement contr\u00f4l\u00e9, voire harcel\u00e9 et terrifi\u00e9, pour r\u00e9pondre aux exigences de Big-Pharma. L\u2019\u00e9tude de <em>The Lancet<\/em>, qualifi\u00e9e par le professeur Raoult de \u00ab\u00a0foireuse\u00a0\u00bb, a \u00e9t\u00e9 reprise par tous les m\u00e9dias aux ordres, et la chloroquine imm\u00e9diatement interdite. Je rappelle qu\u2019il avait fallu 20 ans pour interdire le \u00ab\u00a0M\u00e9diator\u00a0\u00bb qui avait fait des milliers de morts. Quant \u00e0 Dieudonn\u00e9, il montre par son exemple les limites et l\u2019hypocrisie du syst\u00e8me \u00ab\u00a0lib\u00e9ral\u00a0\u00bb. Les appels \u00e0 son lynchage sont tout \u00e0 fait autoris\u00e9s\u00a0; ils ne doivent pas entrer dans les crit\u00e8res de la loi Avia contre la \u00ab\u00a0haine\u00a0\u00bb.<\/span><\/p>\n<p style=\"text-align: justify;\"><span style=\"font-family: times new roman, times, serif; font-size: 14pt;\"><strong><em>Alg\u00e9rie54 :<\/em><\/strong><strong> Un d\u00e9put\u00e9 fran\u00e7ais, affili\u00e9 au CRIF, en confinement dans les territoires palestiniens occup\u00e9s, s\u2019est attaqu\u00e9 au chef de la diplomatie fran\u00e7aise Jean-Yves Le Drian, suite \u00e0 des reportages diffus\u00e9s par des m\u00e9dias fran\u00e7ais, qu\u2019en diriez-vous\u00a0?<\/strong><\/span><\/p>\n<p style=\"text-align: justify;\"><span style=\"font-family: times new roman, times, serif; font-size: 14pt;\"><strong>Jacob Cohen <\/strong>: Meyer Habib, d\u00e9put\u00e9 \u00ab\u00a0fran\u00e7ais\u00a0\u00bb, est le garde-chiourme du r\u00e9gime sioniste au sein de l\u2019Assembl\u00e9e nationale fran\u00e7aise. Il peut se permettre d\u2019invectiver les parlementaires pour toute critique contre son vrai pays, Isra\u00ebl, et de d\u00e9fendre publiquement les politiques annexionnistes du r\u00e9gime sioniste. Mais la classe politique est absolument t\u00e9tanis\u00e9e par la peur d\u2019un d\u00e9rapage \u00ab\u00a0antis\u00e9mite\u00a0\u00bb. On en est l\u00e0, malheureusement, en France. Mais, apr\u00e8s tout, le gouvernement fran\u00e7ais l\u2019a voulu, dans la mesure o\u00f9 le BDS et autres critiques contre le sionisme sont interdits.<\/span><\/p>\n<p style=\"text-align: justify;\"><span style=\"font-family: times new roman, times, serif; font-size: 14pt;\"><strong><em>Alg\u00e9rie54 :<\/em><\/strong><strong> Certains auteurs arabes dont des Alg\u00e9riens, bien pris en charge \u00e0 Paris, s\u2019activent ces derniers temps pour normaliser avec l\u2019entit\u00e9 sioniste, dans le domaine culturel, quel est votre avis\u00a0?<\/strong><\/span><\/p>\n<p style=\"text-align: justify;\"><span style=\"font-family: times new roman, times, serif; font-size: 14pt;\"><strong>Jacob Cohen :<\/strong> Il est vrai que, pour un auteur arabe qui signe un manifeste en faveur de la normalisation avec Isra\u00ebl, manifeste publi\u00e9 dans le magazine de BHL et sous l\u2019autorit\u00e9 de ce dernier, les portes de l\u2019\u00e9dition s\u2019ouvrent toutes grandes, ainsi que les interviews dans les m\u00e9dias et les prix litt\u00e9raires. Les intellectuels arabes en France sont d\u00e9j\u00e0 globalement marginalis\u00e9s. Pour rappel, les d\u00e9bats sur l\u2019islam dans les grands m\u00e9dias opposent g\u00e9n\u00e9ralement Zemmour, BHL, Finkielkraut, Elisabeth L\u00e9vy\u2026\u00a0: que des juifs sionistes. Alors les auteurs arabes qui veulent percer doivent montrer patte blanche, et si possible se faire photographier, comme Boualem Sansal, devant le mur des lamentations dans Al-Quds occup\u00e9e, avec une kippa sur la t\u00eate.<\/span><\/p>\n<p style=\"text-align: justify;\"><span style=\"font-family: times new roman, times, serif; font-size: 14pt;\"><strong><em>Alg\u00e9rie54 :<\/em><\/strong><strong> Benjamin Netanyahou s\u2019appr\u00eate \u00e0 annexer totalement la Cisjordanie, est-ce que la communaut\u00e9 internationale est capable d\u2019\u00e9viter ce sc\u00e9nario\u00a0?<\/strong><\/span><\/p>\n<p style=\"text-align: justify;\"><span style=\"font-family: times new roman, times, serif; font-size: 14pt;\"><strong>Jacob Cohen <\/strong>: Netanyahou ne veut annexer que la Cisjordanie \u00ab\u00a0utile\u00a0\u00bb c\u2019est-\u00e0-dire les grands blocs juifs et la vall\u00e9e du Jourdain, dont les habitants arabes n\u2019auront pas la nationalit\u00e9 isra\u00e9lienne. Il n\u2019aura fait que concr\u00e9tiser juridiquement la mainmise sur des territoires qui, de toutes les fa\u00e7ons, ne reviendront jamais aux Palestiniens. Je regrette que les \u00ab\u00a0dirigeants\u00a0\u00bb palestiniens se soient laiss\u00e9 enfermer depuis 27 ans dans cette logique de d\u00e9possession et de servitude. Et \u00e9videmment la communaut\u00e9 internationale ne fera rien, \u00e0 part quelques gesticulations verbales.<\/span><\/p>\n<p style=\"text-align: justify;\"><span style=\"font-family: times new roman, times, serif; font-size: 14pt;\"><strong><em>Alg\u00e9rie54 :<\/em><\/strong><strong> L\u2019Alg\u00e9rie revient fort sur la sc\u00e8ne internationale, notamment sur le dossier libyen, et elle est confront\u00e9e aux profondes divergences des principaux bellig\u00e9rants, qui ne sont certainement pas les libyens.<\/strong><\/span><\/p>\n<p style=\"text-align: justify;\"><span style=\"font-family: times new roman, times, serif; font-size: 14pt;\"><strong>Jacob Cohen <\/strong>: La Libye est devenue h\u00e9las le terrain de confrontation entre diverses puissances, dont la Turquie et la Russie, dans des camps oppos\u00e9s, avec leurs alli\u00e9s respectifs, et l\u2019Alg\u00e9rie est aux premi\u00e8res loges. Elle ne peut que s\u2019y int\u00e9resser pour pr\u00e9server sa stabilit\u00e9.<\/span><\/p>\n<p style=\"text-align: justify;\"><span style=\"font-family: times new roman, times, serif; font-size: 14pt;\"><strong>\u00a0<\/strong><\/span><\/p>\n<p style=\"text-align: justify;\"><span style=\"font-family: times new roman, times, serif; font-size: 14pt;\">Source\u00a0: <a href=\"http:\/\/www.palestine-solidarite.org\/interview.jacob_cohen.310520.htm\">Jacob Cohen. L&rsquo;ind\u00e9pendance des m\u00e9dias fran\u00e7ais, est une fiction<\/a><\/span><\/p>\n<p style=\"text-align: left;\"><span style=\"font-size: 14pt;\"><strong><span style=\"font-family: times new roman, times, serif;\">URL de cet article\u00a0:\u00a0<\/span><\/strong><a href=\"http:\/\/blog.lesgrossesorchadeslesamplesthalameges.fr\/index.php\/inteterview-de-jacob-cohen\/\"><span style=\"font-family: times new roman, times, serif;\">http:\/\/blog.lesgrossesorchadeslesamplesthalameges.fr\/index.php\/inteterview-de-jacob-cohen\/<\/span><\/a><\/span><\/p>\n<p><strong>\u00a0<\/strong><\/p>\n<p>&nbsp;<\/p>\n<p style=\"text-align: center;\"><strong>\u00a0<a href=\"http:\/\/blog.lesgrossesorchadeslesamplesthalameges.fr\/wp-content\/uploads\/2020\/06\/THE-BOG-QUESTION-1.jpeg\"><img loading=\"lazy\" class=\"alignnone size-full wp-image-10898\" src=\"http:\/\/blog.lesgrossesorchadeslesamplesthalameges.fr\/wp-content\/uploads\/2020\/06\/THE-BOG-QUESTION-1.jpeg\" alt=\"\" width=\"70\" height=\"82\" \/><\/a><\/strong><\/p>\n<p>&nbsp;<\/p>\n<p>&nbsp;<\/p>\n<p style=\"text-align: right;\"><span style=\"font-family: comic sans ms, sans-serif; font-size: 14pt;\">Juin 2020<\/span><\/p>\n<p>&nbsp;<\/p>\n<p>&nbsp;<\/p>\n","protected":false},"excerpt":{"rendered":"<p>\u00a0 &nbsp; &nbsp; &nbsp; &nbsp; &nbsp; &nbsp; &nbsp; Interview de Jacob Cohen &nbsp; \u00ab\u00a0L\u2019ind\u00e9pendance des m\u00e9dias fran\u00e7ais, est une fiction\u00a0\u00bb \u00a0 Mehdi Messaoudi \u2013 Alg\u00e9rie 54 \u2013 31.5.2020 via Palestine Solidarit\u00e9 &nbsp; &nbsp; \u00a0 &nbsp; Dimanche 31 mai 2020 Interview de Jacob Cohen par Mehdi Messaoudi Alg\u00e9rie54 : Deux reportages diffus\u00e9s le 26 mai 2020&#8230;<\/p>\n","protected":false},"author":1,"featured_media":0,"parent":0,"menu_order":0,"comment_status":"open","ping_status":"open","template":"","meta":[],"_links":{"self":[{"href":"https:\/\/blog.lesgrossesorchadeslesamplesthalameges.fr\/index.php\/wp-json\/wp\/v2\/pages\/10896"}],"collection":[{"href":"https:\/\/blog.lesgrossesorchadeslesamplesthalameges.fr\/index.php\/wp-json\/wp\/v2\/pages"}],"about":[{"href":"https:\/\/blog.lesgrossesorchadeslesamplesthalameges.fr\/index.php\/wp-json\/wp\/v2\/types\/page"}],"author":[{"embeddable":true,"href":"https:\/\/blog.lesgrossesorchadeslesamplesthalameges.fr\/index.php\/wp-json\/wp\/v2\/users\/1"}],"replies":[{"embeddable":true,"href":"https:\/\/blog.lesgrossesorchadeslesamplesthalameges.fr\/index.php\/wp-json\/wp\/v2\/comments?post=10896"}],"version-history":[{"count":0,"href":"https:\/\/blog.lesgrossesorchadeslesamplesthalameges.fr\/index.php\/wp-json\/wp\/v2\/pages\/10896\/revisions"}],"wp:attachment":[{"href":"https:\/\/blog.lesgrossesorchadeslesamplesthalameges.fr\/index.php\/wp-json\/wp\/v2\/media?parent=10896"}],"curies":[{"name":"wp","href":"https:\/\/api.w.org\/{rel}","templated":true}]}}