{"id":10905,"date":"2020-06-01T21:55:07","date_gmt":"2020-06-01T19:55:07","guid":{"rendered":"http:\/\/blog.lesgrossesorchadeslesamplesthalameges.fr\/?page_id=10905"},"modified":"2020-06-01T21:56:14","modified_gmt":"2020-06-01T19:56:14","slug":"requiem-pour-un-empire","status":"publish","type":"page","link":"https:\/\/blog.lesgrossesorchadeslesamplesthalameges.fr\/index.php\/requiem-pour-un-empire\/","title":{"rendered":"Requiem pour un empire"},"content":{"rendered":"<p style=\"text-align: justify;\"><strong>\u00a0<\/strong><\/p>\n<p>&nbsp;<\/p>\n<p>&nbsp;<\/p>\n<p>&nbsp;<\/p>\n<p>&nbsp;<\/p>\n<p>&nbsp;<\/p>\n<p>&nbsp;<\/p>\n<p style=\"text-align: center;\"><span style=\"font-family: times new roman, times, serif; font-size: 36pt;\"><strong>Requiem pour un empire<\/strong><\/span><\/p>\n<p style=\"text-align: center;\"><span style=\"font-family: times new roman, times, serif; font-size: 14pt;\"><strong><em>\u00a0<\/em><\/strong><\/span><\/p>\n<p style=\"text-align: center;\"><span style=\"font-family: times new roman, times, serif; font-size: 14pt;\"><a href=\"https:\/\/strategika51.org\/\"><strong><em><span style=\"font-size: 18pt;\">Strategika 51<\/span><\/em><\/strong><\/a><span style=\"font-size: 18pt;\"><strong> \u2013 31.5.2020<\/strong><\/span><\/span><\/p>\n<p>&nbsp;<\/p>\n<p style=\"text-align: center;\"><span style=\"font-family: times new roman, times, serif; font-size: 14pt;\"><strong>\u00a0<\/strong><\/span><\/p>\n<p style=\"text-align: center;\"><a href=\"http:\/\/blog.lesgrossesorchadeslesamplesthalameges.fr\/wp-content\/uploads\/2020\/06\/USA-1.jpg\"><img loading=\"lazy\" class=\"alignnone wp-image-10890 size-full\" src=\"http:\/\/blog.lesgrossesorchadeslesamplesthalameges.fr\/wp-content\/uploads\/2020\/06\/USA-1.jpg\" alt=\"\" width=\"600\" height=\"399\" srcset=\"https:\/\/blog.lesgrossesorchadeslesamplesthalameges.fr\/wp-content\/uploads\/2020\/06\/USA-1.jpg 600w, https:\/\/blog.lesgrossesorchadeslesamplesthalameges.fr\/wp-content\/uploads\/2020\/06\/USA-1-300x200.jpg 300w\" sizes=\"(max-width: 600px) 100vw, 600px\" \/><\/a><\/p>\n<p>&nbsp;<\/p>\n<p>&nbsp;<\/p>\n<p style=\"text-align: justify;\"><span style=\"font-family: tahoma, arial, helvetica, sans-serif; font-size: 14pt;\"><strong>Non, ce n\u2019est pas Benghazi en Cyr\u00e9na\u00efque mais Houston, au Texas. La r\u00e9volte am\u00e9ricaine est un double d\u00e9bordement : D\u2019abord, une extension de la lutte souterraine et tenace d\u00e9chirant des factions de l\u2019\u00c9tat profond US, lutte \u00e0 laquelle se sont joints les cercles dirigeants d\u2019autres pays alli\u00e9s. C\u2019est aussi l\u2019expression d\u2019un ras-le-bol d\u2019une soci\u00e9t\u00e9 disloqu\u00e9e, divis\u00e9e et profond\u00e9ment in\u00e9galitaire, terrain de jeu d\u2019un nombre infini d\u2019exp\u00e9rimentations et de manipulations pour pr\u00e9server le privil\u00e8ge des \u00e9lites.<\/strong><\/span><\/p>\n<p>&nbsp;<\/p>\n<p>&nbsp;<\/p>\n<p style=\"text-align: center;\"><iframe loading=\"lazy\" src=\"https:\/\/videopress.com\/embed\/EYPD6Bxg\" width=\"560\" height=\"315\" frameborder=\"0\" allowfullscreen=\"allowfullscreen\"><\/iframe><\/p>\n<p style=\"text-align: justify;\"><span style=\"font-family: times new roman, times, serif; font-size: 14pt;\"><strong>\u00a0<\/strong><\/span><\/p>\n<p style=\"text-align: justify;\"><span style=\"font-family: times new roman, times, serif; font-size: 14pt;\"><strong>\u00a0<\/strong><\/span><\/p>\n<p style=\"text-align: justify;\"><span style=\"font-family: times new roman, times, serif; font-size: 14pt;\"><strong><span style=\"font-family: tahoma, arial, helvetica, sans-serif;\">La manipulation y fonctionne \u00e0 plein r\u00e9gime. Les fameux hommes v\u00eatus de noir ou de capuches m\u00e8nent la casse et orientent le pillage. Ce ne sont pas des manifestants mais des groupes organis\u00e9s, structur\u00e9s, agissant selon un agenda bien \u00e9tabli, et toujours d\u00e9guis\u00e9s. Leur objectif apparent est de semer le chaos.<\/span> <\/strong><\/span><\/p>\n<p>&nbsp;<\/p>\n<p>&nbsp;<\/p>\n<p style=\"text-align: center;\"><iframe loading=\"lazy\" src=\"https:\/\/videopress.com\/embed\/cTXcLwO3\" width=\"560\" height=\"315\" frameborder=\"0\" allowfullscreen=\"allowfullscreen\"><\/iframe><\/p>\n<p>&nbsp;<\/p>\n<p>&nbsp;<\/p>\n<p style=\"text-align: justify;\"><span style=\"font-family: times new roman, times, serif; font-size: 14pt;\">Ces groupes ne sont pas neutres. Ils appartiennent \u00e0 une faction du pouvoir US. La c\u00e9l\u00e9rit\u00e9 avec laquelle la devanture de la cha\u00eene de propagande CNN \u00e0 \u00e9t\u00e9 remise en \u00e9tat \u00e0 Atlanta en dit long sur les v\u00e9ritables instigateurs des troubles sociaux aux \u00c9tats-Unis. Ce n\u2019est pas le cas des biens et des commerces du reste de la population. Comme en Libye, en Syrie ou en Ukraine, des agents masqu\u00e9s orientent la violence ou l\u2019exacerbent. Ces agents provocateurs sont derri\u00e8re les ANTIFA, sont parmi ce que l\u2019on appelle les supr\u00e9macistes aryens, sont aux c\u00f4t\u00e9s des organisations noires, collectent du renseignement pour des agences f\u00e9d\u00e9rales, et certains de ses membres sont envoy\u00e9s pour organiser et financer les organisations islamistes au Moyen-Orient ou radicales en Ukraine et en G\u00e9orgie et partout ailleurs en Eurasie. Ce sont les chiens de l\u2019enfer. Les chiens des \u00ab\u00a0\u00e9lites\u00a0\u00bb dominantes tapies dans l\u2019ombre.<\/span><\/p>\n<p>&nbsp;<\/p>\n<p>&nbsp;<\/p>\n<p style=\"text-align: center;\"><iframe loading=\"lazy\" src=\"https:\/\/videopress.com\/embed\/H0xaedfh\" width=\"560\" height=\"315\" frameborder=\"0\" allowfullscreen=\"allowfullscreen\"><\/iframe><\/p>\n<p>&nbsp;<\/p>\n<p>&nbsp;<\/p>\n<p style=\"text-align: justify;\"><span style=\"font-family: times new roman, times, serif; font-size: 14pt;\">C\u2019est l\u2019\u00c9tat totalitaire cr\u00e9\u00e9 par la dynastie corrompue et criminelle des Bush et les criminels de guerre Obama et Biden. Presque deux d\u00e9cennies de guerres injustes contre des pays d\u00e9sarm\u00e9s et tr\u00e8s pauvres, une croissance \u00e9conomique au ralenti en d\u00e9pit du trafic de stup\u00e9fiants organis\u00e9 par des centaines de soci\u00e9t\u00e9s-\u00e9crans de la CIA en Am\u00e9rique du Sud, en Afrique et en Asie, une hausse scandaleuse de l\u2019assurance-sant\u00e9, des dizaines de fusillades et de tueries de masse exploit\u00e9es par des m\u00e9dias aux ordres, l\u2019exacerbation des relations entre les minorit\u00e9s et la division \u00e0 l\u2019infini de la soci\u00e9t\u00e9 par l\u2019invention de nouvelles cat\u00e9gories, la division ou plut\u00f4t la guerre contre la famille, contre l\u2019homme, contre toute relation sociale saine et pour couronner ce chef d\u2019\u0153uvre du chaos, la cr\u00e9ation de Daech ou \u00c9tat Islamique EI ou IS pour continuer la grosse supercherie de la guerre sans fin contre le pseudo-terrorisme, un fonds de commerce in\u00e9puisable pour les \u00ab\u00a0\u00e9lites\u00a0\u00bb et en m\u00eame temps un justificatif pour les colonies en Palestine, et quand l\u2019opinion occidentale a commenc\u00e9 \u00e0 se r\u00e9veiller un peu, la cr\u00e9ation des ANTIFA et des casseurs, suivant le mod\u00e8le des agents ayant infiltr\u00e9 depuis longtemps les cercles de l\u2019extr\u00eame droite europ\u00e9enne.<\/span><\/p>\n<p style=\"text-align: justify;\"><span style=\"font-family: times new roman, times, serif; font-size: 14pt;\">C\u2019est une guerre. Une v\u00e9ritable guerre. Ce qui se passe aux \u00c9tats-Unis nous concerne tous parce que nous subissons et subirons les r\u00e9percussions de cette lutte \u00e0 mort entre les factions de l\u2019empire. Ils nous ont tous confin\u00e9s sous un tr\u00e8s fallacieux pr\u00e9texte fond\u00e9 sur une grossi\u00e8re manipulation autour d\u2019un vecteur biologique qui a roul\u00e9 les meilleurs m\u00e9decins au monde dans la farine. <strong><u>L\u2019op\u00e9ration de guerre psychologique COVID-19<\/u><\/strong> <em>[c\u2019est nous qui soulignons, NdGO]<\/em> fait partie int\u00e9grante de la guerre mondiale en cours et s\u2019inscrit dans le sillage des r\u00e9volutions color\u00e9es, du Printemps Arabe et des grandes manipulations de type 11 septembre. Elle constitue surtout un \u00e9pisode paroxystique de la lutte entre deux factions mondiales.<\/span><\/p>\n<p>&nbsp;<\/p>\n<p>&nbsp;<\/p>\n<p style=\"text-align: center;\"><a href=\"http:\/\/blog.lesgrossesorchadeslesamplesthalameges.fr\/wp-content\/uploads\/2020\/06\/USA-2.jpg\"><img loading=\"lazy\" class=\"alignnone wp-image-10906 size-full\" src=\"http:\/\/blog.lesgrossesorchadeslesamplesthalameges.fr\/wp-content\/uploads\/2020\/06\/USA-2.jpg\" alt=\"\" width=\"600\" height=\"336\" srcset=\"https:\/\/blog.lesgrossesorchadeslesamplesthalameges.fr\/wp-content\/uploads\/2020\/06\/USA-2.jpg 600w, https:\/\/blog.lesgrossesorchadeslesamplesthalameges.fr\/wp-content\/uploads\/2020\/06\/USA-2-300x168.jpg 300w\" sizes=\"(max-width: 600px) 100vw, 600px\" \/><\/a><\/p>\n<p style=\"text-align: center;\"><span style=\"font-family: times new roman, times, serif; font-size: 12pt;\"><strong><em>Des ANTIFA de la CIA entra\u00eenant des s\u00e9paratistes des YPG en Syrie<\/em><\/strong><\/span><\/p>\n<p style=\"text-align: justify;\"><span style=\"font-family: times new roman, times, serif; font-size: 14pt;\"><strong><em>\u00a0<\/em><\/strong><\/span><\/p>\n<p style=\"text-align: justify;\"><span style=\"font-family: times new roman, times, serif; font-size: 14pt;\"><strong><em>\u00a0<\/em><\/strong><\/span><\/p>\n<p style=\"text-align: justify;\"><span style=\"font-family: times new roman, times, serif; font-size: 14pt;\">L\u2019un des objectifs de cette guerre est la destitution, la d\u00e9mission ou l\u2019\u00e9limination de Donald Trump, une des options prioritaires apr\u00e8s l\u2019\u00e9pisode Epstein et la mise \u00e0 nu de l\u2019extr\u00eame corruption et la perversion sans limites des \u00e9lites dirigeantes. L\u2019op\u00e9ration COVID-19 est un \u00e9chec complet et remet en cause la pertinence de la m\u00e9decine actuelle, un sujet qu\u2019il faudra aborder avec courage dans l\u2019avenir, il restait le terreau fertile des fractures sociales aux \u00c9tats-Unis, un pays socialement d\u00e9truit par l\u2019ultra-lib\u00e9ralisme ou plut\u00f4t la pr\u00e9dation \u00e9conomique, la violence et le racisme.<\/span><\/p>\n<p style=\"text-align: justify;\"><span style=\"font-family: times new roman, times, serif; font-size: 14pt;\">En d\u00e9signant les ANTIFA comme une organisation terroriste non domestique et donc mondiale, l\u2019administration Trump prend un risque majeur car les ANTIFA ne sont pas une organisation centralis\u00e9e ou nationale, c\u2019est une n\u00e9buleuse de groupes sans v\u00e9ritable leaders, financ\u00e9e par de puissants m\u00e9c\u00e8nes cach\u00e9s. Il n\u2019y a pas que le milliardaire hongrois Soros qui finance la casse\u00a0: il s\u2019agit de dizaines d\u2019auto-proclam\u00e9s philanthropes, tous milliardaires et adh\u00e9rant sans r\u00e9serve au sionisme international. Ce sont les m\u00eames financiers du LIKOUD qui donnent d\u2019une main des fonds aux ANTIFA sous le label de l\u2019extr\u00eame-gauche tout en finan\u00e7ant de l\u2019autre main les partis de l\u2019extr\u00eame-droite. C\u2019est une strat\u00e9gie aussi vieille que celle qui a d\u00e9termin\u00e9 en coulisse la bataille de Waterloo en 1815.<\/span><\/p>\n<p style=\"text-align: justify;\"><span style=\"font-family: times new roman, times, serif; font-size: 14pt;\">Tout cela ne justifie en rien l\u2019extr\u00eame violence multiforme que subissent les populations afro-americaines ou encore la violence disproportionn\u00e9e de certains \u00e9l\u00e9ments de la police souffrant de graves troubles psychiatriques et de pulsions criminelles. Le recrutement de v\u00e9t\u00e9rans ayant commis de tr\u00e8s graves crimes de guerre contre des civils en Afghanistan, en Irak et ailleurs a aggrav\u00e9 le ph\u00e9nom\u00e8ne de la violence polici\u00e8re aux \u00c9tats-Unis. La l\u00e9gitime col\u00e8re de la population contre cette violence polici\u00e8re est actuellement exploit\u00e9e par l\u2019\u00c9tat profond US et ses bras arm\u00e9s, pour emporter la lutte et r\u00e9tablir leur pouvoir totalitaire au langage contr\u00f4l\u00e9. Donald Trump a beau avoir fait des courbettes \u00e0 n\u2019en plus finir \u00e0 Isra\u00ebl et ses soutiens, menacer le Venezuela et l\u2019Iran, critiquer en permanence la Chine en la d\u00e9signant comme l\u2019ennemi \u00e0 abattre, cela ne lui \u00e9pargnera pas une guerre civile en plein Washington D.C. et jusqu\u2019aux rives du Potomac. Ce sc\u00e9nario est d\u2019autant plus plausible que le clivage qui s\u2019est cr\u00e9\u00e9 entre la base \u00e9lectorale de Trump et ses adversaires rev\u00eat une dimension id\u00e9ologique plus marqu\u00e9e que l\u2019hostilit\u00e9 entre les Nazis et les Sovi\u00e9tiques durant la seconde guerre mondiale.<\/span><\/p>\n<p>&nbsp;<\/p>\n<p>&nbsp;<\/p>\n<p style=\"text-align: center;\"><iframe loading=\"lazy\" src=\"https:\/\/videopress.com\/embed\/9OkppAG4\" width=\"560\" height=\"315\" frameborder=\"0\" allowfullscreen=\"allowfullscreen\"><\/iframe><\/p>\n<p>&nbsp;<\/p>\n<p>&nbsp;<\/p>\n<p style=\"text-align: center;\"><a href=\"http:\/\/blog.lesgrossesorchadeslesamplesthalameges.fr\/wp-content\/uploads\/2020\/06\/USA-3.jpg\"><img loading=\"lazy\" class=\"alignnone wp-image-10907 size-full\" src=\"http:\/\/blog.lesgrossesorchadeslesamplesthalameges.fr\/wp-content\/uploads\/2020\/06\/USA-3.jpg\" alt=\"\" width=\"600\" height=\"293\" srcset=\"https:\/\/blog.lesgrossesorchadeslesamplesthalameges.fr\/wp-content\/uploads\/2020\/06\/USA-3.jpg 600w, https:\/\/blog.lesgrossesorchadeslesamplesthalameges.fr\/wp-content\/uploads\/2020\/06\/USA-3-300x147.jpg 300w\" sizes=\"(max-width: 600px) 100vw, 600px\" \/><\/a><\/p>\n<p>&nbsp;<\/p>\n<p>&nbsp;<\/p>\n<p style=\"text-align: center;\"><a href=\"http:\/\/blog.lesgrossesorchadeslesamplesthalameges.fr\/wp-content\/uploads\/2020\/06\/USA-4.jpg\"><img loading=\"lazy\" class=\"alignnone wp-image-10908 size-full\" src=\"http:\/\/blog.lesgrossesorchadeslesamplesthalameges.fr\/wp-content\/uploads\/2020\/06\/USA-4.jpg\" alt=\"\" width=\"500\" height=\"636\" srcset=\"https:\/\/blog.lesgrossesorchadeslesamplesthalameges.fr\/wp-content\/uploads\/2020\/06\/USA-4.jpg 500w, https:\/\/blog.lesgrossesorchadeslesamplesthalameges.fr\/wp-content\/uploads\/2020\/06\/USA-4-236x300.jpg 236w\" sizes=\"(max-width: 500px) 100vw, 500px\" \/><\/a><\/p>\n<p style=\"text-align: center;\"><span style=\"font-family: times new roman, times, serif; font-size: 14pt;\"><strong><em>On remarquera que ces messieurs ont d\u00e9tourn\u00e9 une oeuvre antisioniste de Banksys pour recruter leurs mercenaires. O\u00f9 il y a de la g\u00eane\u2026<\/em><\/strong><\/span><\/p>\n<p style=\"text-align: justify;\"><span style=\"font-family: times new roman, times, serif; font-size: 14pt;\"><strong><em>\u00a0<\/em><\/strong><\/span><\/p>\n<p>&nbsp;<\/p>\n<p style=\"text-align: justify;\"><span style=\"font-family: times new roman, times, serif; font-size: 14pt;\">Dans un monde o\u00f9 le ch\u00f4mage de masse sera la norme pour tr\u00e8s longtemps, le mercenariat est une valeur s\u00fbre et montante.<\/span><\/p>\n<p style=\"text-align: justify;\"><span style=\"font-family: times new roman, times, serif; font-size: 14pt;\">L\u2019op\u00e9ration du COVID-19 est une grosse supercherie qui ne dupe plus personne. La manipulation a atteint un niveau extr\u00eamement \u00e9lev\u00e9. Nous avons tous \u00e9t\u00e9 manipul\u00e9s par des statistiques sur un nouveau virus de la famille des Coronaviridae et par-dessus tout par une pr\u00e9sentation orient\u00e9e de statistiques relatives \u00e0 la mort, que les soci\u00e9t\u00e9s occidentales ont compl\u00e8tement d\u00e9cid\u00e9 d\u2019ignorer. Le COVID-19 n\u2019est qu\u2019une s\u00e9quelle du Grand Jeu en cours. Ce Grand Jeu qui a \u00e9t\u00e9 d\u00e9raill\u00e9 en Syrie ou au Levant.<\/span><\/p>\n<p style=\"text-align: justify;\"><span style=\"font-family: times new roman, times, serif; font-size: 14pt;\">En 2021, tout porte \u00e0 croire que cette guerre mondiale hybride de haut vol continuera avec d\u2019autres innovations qui impliqueront des attaques cybern\u00e9tiques visant les r\u00e9seaux \u00e9lectriques nationaux ou transnationaux, l\u2019interruption du r\u00e9seau internet ou le lancement d\u2019autres attaques biologiques et chimiques. Ce qui est certain pour le moment, c\u2019est que la reprise des essais nucl\u00e9aires par les \u00c9tats-Unis est in\u00e9vitable, mettant fin \u00e0 un moratoire et au dernier dispositif du d\u00e9sarmement nucl\u00e9aire. Mais ce sera trop tard, car la Chine et la Russie ont saisi le degr\u00e9 de la menace inh\u00e9rente \u00e0 la chute de l\u2019empire en provenance d\u2019\u00ab\u00a0\u00e9lites\u00a0\u00bb sans nom, et elles se pr\u00e9parent au pire des sc\u00e9narios possibles.<\/span><\/p>\n<p style=\"text-align: justify;\"><span style=\"font-family: times new roman, times, serif; font-size: 14pt;\">Comme dans toute guerre, les populations seront les seules \u00e0 souffrir d\u2019un basculement in\u00e9dit de l\u2019axe du monde.<\/span><\/p>\n<p style=\"text-align: justify;\"><span style=\"font-family: times new roman, times, serif; font-size: 14pt;\">Source\u00a0: <a href=\"https:\/\/strategika51.org\/2020\/05\/31\/requiem-pour-un-empire\/\">https:\/\/strategika51.org\/2020\/05\/31\/requiem-pour-un-empire\/<\/a><\/span><\/p>\n<p>&nbsp;<\/p>\n<p>&nbsp;<\/p>\n<p style=\"text-align: center;\"><span style=\"font-family: times new roman, times, serif; font-size: 14pt;\"><strong>\u00a0<a href=\"http:\/\/blog.lesgrossesorchadeslesamplesthalameges.fr\/wp-content\/uploads\/2020\/06\/THE-BOG-QUESTION-1.jpeg\"><img loading=\"lazy\" class=\"alignnone size-full wp-image-10898\" src=\"http:\/\/blog.lesgrossesorchadeslesamplesthalameges.fr\/wp-content\/uploads\/2020\/06\/THE-BOG-QUESTION-1.jpeg\" alt=\"\" width=\"70\" height=\"82\" \/><\/a><\/strong><\/span><\/p>\n<p>&nbsp;<\/p>\n<p>&nbsp;<\/p>\n<p style=\"text-align: justify;\"><span style=\"font-family: comic sans ms, sans-serif; font-size: 18pt;\"><strong>On pinaille, mais\u2026<\/strong><\/span><\/p>\n<p>&nbsp;<\/p>\n<p style=\"text-align: justify;\"><span style=\"font-family: times new roman, times, serif; font-size: 14pt;\"><strong><span style=\"color: #c00000;\">\u00ab\u00a0C\u2019est l\u2019\u00c9tat totalitaire cr\u00e9\u00e9 par la dynastie corrompue et criminelle des Bush et les criminels de guerre Obama et Biden.\u00a0Presque deux d\u00e9cennies de guerres injustes contre des pays d\u00e9sarm\u00e9s et tr\u00e8s pauvres\u2026\u00bb\u00a0<\/span>\u00a0 <\/strong><\/span><\/p>\n<p>&nbsp;<\/p>\n<p style=\"text-align: justify;\"><span style=\"font-family: comic sans ms, sans-serif; font-size: 14pt;\">Euh\u2026 Et Franklin D. Rossevelt (dont L.-F. C\u00e9line \u00e9crivait en 1937 qu\u2019il \u00ab\u00a0voulait la guerre\u00a0\u00bb et qu\u2019il l\u2019aurait)\u00a0? Et Harry Truman\u00a0? Et Dwight D. Eisenhower\u00a0? Et Richard Nixon\u00a0? Et Lyndon B. Johnson\u00a0? Et Ronald Reagan\u00a0? N\u2019y sont pour rien\u00a0? N\u2019ont pas tous fait des guerres injustes contre des pays d\u00e9sarm\u00e9s et tr\u00e8s pauvres ?<\/span><\/p>\n<p>&nbsp;<\/p>\n<p>&nbsp;<\/p>\n<p style=\"text-align: justify;\"><span style=\"font-family: times new roman, times, serif; font-size: 14pt; color: #c00000;\"><strong>\u00ab\u00a0\u2026 le clivage qui s\u2019est cr\u00e9\u00e9 entre la base \u00e9lectorale de Trump et ses adversaires<\/strong> <strong>rev\u00eat une dimension id\u00e9ologique plus marqu\u00e9e que l\u2019hostilit\u00e9 entre les Nazis et les Sovi\u00e9tiques durant la seconde guerre mondiale.\u00a0\u00bb<\/strong><\/span><\/p>\n<p>&nbsp;<\/p>\n<p style=\"text-align: justify;\"><span style=\"font-family: comic sans ms, sans-serif; font-size: 14pt;\">On laisse \u00e0 Strategika51 la paternit\u00e9 de cette affirmation discutable, dans la mesure o\u00f9 les groupes qui s\u2019affrontent aux USA n\u2019ont, pour la plupart et quels qu\u2019ils soient, de haut en bas, <strong>absolument aucune base id\u00e9ologique, m\u00eame nazie\u00a0!<\/strong><\/span><\/p>\n<p style=\"text-align: justify;\"><span style=\"font-family: times new roman, times, serif; font-size: 14pt;\"><strong>\u00a0<\/strong><\/span><\/p>\n<p>&nbsp;<\/p>\n<p style=\"text-align: center;\"><span style=\"font-family: times new roman, times, serif; font-size: 14pt;\"><strong>\u00a0<a href=\"http:\/\/blog.lesgrossesorchadeslesamplesthalameges.fr\/wp-content\/uploads\/2020\/06\/THE-BOG-QUESTION-1.jpeg\"><img loading=\"lazy\" class=\"alignnone size-full wp-image-10898\" src=\"http:\/\/blog.lesgrossesorchadeslesamplesthalameges.fr\/wp-content\/uploads\/2020\/06\/THE-BOG-QUESTION-1.jpeg\" alt=\"\" width=\"70\" height=\"82\" \/><\/a><\/strong><\/span><\/p>\n<p style=\"text-align: justify;\"><span style=\"font-family: times new roman, times, serif; font-size: 14pt;\"><strong>\u00a0<\/strong><\/span><\/p>\n<p>&nbsp;<\/p>\n<p style=\"text-align: left;\"><span style=\"font-family: times new roman, times, serif; font-size: 14pt;\"><strong>URL de cet article\u00a0: <\/strong><a href=\"http:\/\/blog.lesgrossesorchadeslesamplesthalameges.fr\/index.php\/requiem-pour-un-empire\/\">http:\/\/blog.lesgrossesorchadeslesamplesthalameges.fr\/index.php\/requiem-pour-un-empire\/<\/a><strong><br \/>\n<\/strong><\/span><\/p>\n<p style=\"text-align: justify;\"><span style=\"font-family: times new roman, times, serif; font-size: 14pt;\"><strong>\u00a0<\/strong><\/span><\/p>\n<p style=\"text-align: right;\"><strong>\u00a0<\/strong><\/p>\n<p style=\"text-align: right;\"><span style=\"font-family: comic sans ms, sans-serif; font-size: 14pt;\">Juin 2020<\/span><\/p>\n<p>&nbsp;<\/p>\n<p>&nbsp;<\/p>\n","protected":false},"excerpt":{"rendered":"<p>\u00a0 &nbsp; &nbsp; &nbsp; &nbsp; &nbsp; &nbsp; Requiem pour un empire \u00a0 Strategika 51 \u2013 31.5.2020 &nbsp; \u00a0 &nbsp; &nbsp; Non, ce n\u2019est pas Benghazi en Cyr\u00e9na\u00efque mais Houston, au Texas. La r\u00e9volte am\u00e9ricaine est un double d\u00e9bordement : D\u2019abord, une extension de la lutte souterraine et tenace d\u00e9chirant des factions de l\u2019\u00c9tat profond US,&#8230;<\/p>\n","protected":false},"author":1,"featured_media":0,"parent":0,"menu_order":0,"comment_status":"closed","ping_status":"closed","template":"","meta":[],"_links":{"self":[{"href":"https:\/\/blog.lesgrossesorchadeslesamplesthalameges.fr\/index.php\/wp-json\/wp\/v2\/pages\/10905"}],"collection":[{"href":"https:\/\/blog.lesgrossesorchadeslesamplesthalameges.fr\/index.php\/wp-json\/wp\/v2\/pages"}],"about":[{"href":"https:\/\/blog.lesgrossesorchadeslesamplesthalameges.fr\/index.php\/wp-json\/wp\/v2\/types\/page"}],"author":[{"embeddable":true,"href":"https:\/\/blog.lesgrossesorchadeslesamplesthalameges.fr\/index.php\/wp-json\/wp\/v2\/users\/1"}],"replies":[{"embeddable":true,"href":"https:\/\/blog.lesgrossesorchadeslesamplesthalameges.fr\/index.php\/wp-json\/wp\/v2\/comments?post=10905"}],"version-history":[{"count":0,"href":"https:\/\/blog.lesgrossesorchadeslesamplesthalameges.fr\/index.php\/wp-json\/wp\/v2\/pages\/10905\/revisions"}],"wp:attachment":[{"href":"https:\/\/blog.lesgrossesorchadeslesamplesthalameges.fr\/index.php\/wp-json\/wp\/v2\/media?parent=10905"}],"curies":[{"name":"wp","href":"https:\/\/api.w.org\/{rel}","templated":true}]}}