{"id":10976,"date":"2020-06-06T20:34:58","date_gmt":"2020-06-06T18:34:58","guid":{"rendered":"http:\/\/blog.lesgrossesorchadeslesamplesthalameges.fr\/?page_id=10976"},"modified":"2020-06-06T20:36:05","modified_gmt":"2020-06-06T18:36:05","slug":"et-si-cetait-de-la-demolition-controlee","status":"publish","type":"page","link":"https:\/\/blog.lesgrossesorchadeslesamplesthalameges.fr\/index.php\/et-si-cetait-de-la-demolition-controlee\/","title":{"rendered":"Et si c&rsquo;\u00e9tait de la d\u00e9molition contr\u00f4l\u00e9e ?"},"content":{"rendered":"<p>&nbsp;<\/p>\n<p>&nbsp;<\/p>\n<p>&nbsp;<\/p>\n<p>&nbsp;<\/p>\n<p>&nbsp;<\/p>\n<p>&nbsp;<\/p>\n<p>&nbsp;<\/p>\n<p style=\"text-align: center;\"><span style=\"font-family: times new roman, times, serif; font-size: 36pt;\"><strong>Et si c&rsquo;\u00e9tait de la d\u00e9molition contr\u00f4l\u00e9e?<\/strong><\/span><\/p>\n<p style=\"text-align: justify;\"><span style=\"font-family: times new roman, times, serif; font-size: 14pt;\"><strong>\u00a0<\/strong><\/span><\/p>\n<p style=\"text-align: center;\"><span style=\"font-family: times new roman, times, serif; font-size: 18pt;\"><strong>Gilad Atzmon \u2013 <em>Entre la plume et l\u2019enclume<\/em> \u2013 5.6.2020<\/strong><\/span><\/p>\n<p style=\"text-align: center;\"><span style=\"font-family: times new roman, times, serif; font-size: 18pt;\">Traduction\u00a0:<strong> Maria Poumier<\/strong><\/span><\/p>\n<p>&nbsp;<\/p>\n<p style=\"text-align: center;\"><span style=\"font-family: times new roman, times, serif; font-size: 18pt;\">Article paru sur <a href=\"https:\/\/www.unz.com\/\"><strong><em>The Unz Review<\/em><\/strong><\/a>, sous le titre : <em>\u00ab\u00a0Is This Controlled Demolition All Over Again ? \u00bb<\/em><\/span><\/p>\n<p>&nbsp;<\/p>\n<p>&nbsp;<\/p>\n<p style=\"text-align: center;\"><a href=\"http:\/\/blog.lesgrossesorchadeslesamplesthalameges.fr\/wp-content\/uploads\/2020\/06\/D\u00e9molition-contr\u00f4l\u00e9e.jpg\"><img loading=\"lazy\" class=\"alignnone wp-image-10956 size-full\" src=\"http:\/\/blog.lesgrossesorchadeslesamplesthalameges.fr\/wp-content\/uploads\/2020\/06\/D\u00e9molition-contr\u00f4l\u00e9e.jpg\" alt=\"\" width=\"600\" height=\"413\" srcset=\"https:\/\/blog.lesgrossesorchadeslesamplesthalameges.fr\/wp-content\/uploads\/2020\/06\/D\u00e9molition-contr\u00f4l\u00e9e.jpg 600w, https:\/\/blog.lesgrossesorchadeslesamplesthalameges.fr\/wp-content\/uploads\/2020\/06\/D\u00e9molition-contr\u00f4l\u00e9e-300x207.jpg 300w\" sizes=\"(max-width: 600px) 100vw, 600px\" \/><\/a><\/p>\n<p>&nbsp;<\/p>\n<p style=\"text-align: justify;\"><span style=\"font-family: times new roman, times, serif; font-size: 14pt;\"><strong>\u00a0<\/strong><\/span><\/p>\n<p style=\"text-align: justify;\"><span style=\"font-family: tahoma, arial, helvetica, sans-serif; font-size: 14pt;\"><strong>Depuis des ann\u00e9es, les \u00e9cologistes, qu&rsquo;ils soient militants ou scientifiques, nous disent que la \u00ab\u00a0f\u00eate\u00a0\u00bb va prendre fin. La plan\u00e8te sur laquelle nous sommes coinc\u00e9s ne peut plus supporter cela longtemps, elle est trop peupl\u00e9e et il y fait une chaleur insupportable. La plupart des gens n&rsquo;ont pas vraiment pris conscience de la situation, et ce pour une raison. Cette plan\u00e8te, nous avons tendance \u00e0 penser qu&rsquo;elle n&rsquo;est pas vraiment \u00ab\u00a0la n\u00f4tre\u00a0\u00bb, nous y avons \u00e9t\u00e9 jet\u00e9s et pour un temps limit\u00e9. Une fois que nous avons saisi le vrai sens de notre temporalit\u00e9, nous commen\u00e7ons \u00e0 reconna\u00eetre notre finitude. \u00ab\u00a0\u00catre au monde\u00a0\u00bb est souvent, en soi, une tentative de faire de notre \u00ab\u00a0vie\u00a0\u00bb un \u00e9v\u00e9nement significatif.<\/strong><\/span><\/p>\n<p>&nbsp;<\/p>\n<p style=\"text-align: justify;\"><span style=\"font-family: times new roman, times, serif; font-size: 14pt;\">La plupart d&rsquo;entre nous qui n&rsquo;avons jamais \u00e9t\u00e9 trop pr\u00e9occup\u00e9s par les militants \u00e9cologistes et leurs plans pour nous ralentir savaient bien que tant que l\u2019argent-roi dirigerait le monde, rien de dramatique n&rsquo;arriverait vraiment. Selon le prisme de <em>Big Money<\/em>, nous avions tendance \u00e0 penser que nous, le peuple, n&rsquo;\u00e9tions gu\u00e8re que des consommateurs. Nous nous consid\u00e9rions comme le moyen de rendre les riches plus riches.<\/span><\/p>\n<p style=\"text-align: justify;\"><span style=\"font-family: times new roman, times, serif; font-size: 14pt;\">De mani\u00e8re assez inattendue, la vie a subi un changement brutal. \u00c0 l&rsquo;\u00e9poque actuelle de Corona, <em>Big Money<\/em> a \u00ab\u00a0laiss\u00e9\u00a0\u00bb le monde s&rsquo;enfermer lui-m\u00eame. Les \u00e9conomies ont \u00e9t\u00e9 condamn\u00e9es \u00e0 une mort imminente. Notre importance en tant que consommateurs s&rsquo;est en quelque sorte \u00e9vapor\u00e9e. L&rsquo;alliance \u00e9mergente que nous avions d\u00e9tect\u00e9e entre les nouveaux leaders de l&rsquo;\u00e9conomie mondiale (tout ce qui manie l&rsquo;intelligence artificielle) et ceux qui portent le drapeau du \u00ab\u00a0progr\u00e8s\u00a0\u00bb, de la \u00ab\u00a0justice\u00a0\u00bb et de l&rsquo;\u00ab\u00a0\u00e9galit\u00e9\u00a0\u00bb a \u00e9volu\u00e9 vers un \u00e9tat dystopique autoritaire dans lequel des robots et des algorithmes contr\u00f4lent notre discours et nos libert\u00e9s \u00e9l\u00e9mentaires.<\/span><\/p>\n<p style=\"text-align: justify;\"><span style=\"font-family: times new roman, times, serif; font-size: 14pt;\">Comment se fait-il que la gauche, qui s&rsquo;\u00e9tait consacr\u00e9e \u00e0 l&rsquo;opposition aux riches, ait autant chang\u00e9 de ton ? En fait, rien ne s&rsquo;est produit soudainement. La gauche et l&rsquo;univers progressiste ont, depuis un certain temps, \u00e9t\u00e9 soutenus financi\u00e8rement par les riches. Le <em>Guardian<\/em> est un bon exemple de ce qui pr\u00e9c\u00e8de. Autrefois journal de gauche \u00e0 orientation progressiste, le <em>Guardian<\/em> est aujourd&rsquo;hui ouvertement <a href=\"https:\/\/www.theguardian.com\/info\/2016\/jan\/25\/content-funding\">financ\u00e9 par Bill &amp; Melinda Gates<\/a>. Il fonctionne sans vergogne comme un porte-parole de <a href=\"https:\/\/www.theguardian.com\/profile\/georgesoros\">George Soros<\/a> : il a m\u00eame permis \u00e0 Soros de diffuser son <a href=\"https:\/\/www.theguardian.com\/commentisfree\/2016\/jun\/20\/brexit-crash-pound-living-standards-george-soros\">point de vue apocalyptique pr\u00e9-Brexit<\/a> \u00e0 l&rsquo;\u00e9poque o\u00f9 il jouait lui-m\u00eame sur le vote anti-Brexit des Britanniques. Aujourd&rsquo;hui, il est pratiquement impossible de consid\u00e9rer le <em>Guardian<\/em> comme un organe d&rsquo;information &#8211; \u00ab\u00a0organe de propagande pour les riches\u00a0\u00bb est une description plus appropri\u00e9e. Mais le <em>Guardian<\/em> est loin d&rsquo;\u00eatre seul. Nos r\u00e9seaux de militants progressistes tombent dans le m\u00eame pi\u00e8ge. Bien peu d&rsquo;entre nous ont \u00e9t\u00e9 surpris de voir <em>Momentum<\/em>, le groupe de soutien \u00e0 la campagne de Jeremy Corbyn au sein du parti travailliste, se rallier au \u00ab\u00a0survivant de l&rsquo;Holocauste\u00a0\u00bb et \u00ab\u00a0philanthrope\u00a0\u00bb <a href=\"https:\/\/www.youtube.com\/watch?v=wFGjIEcvP7Q&amp;feature=youtu.be&amp;t=140\">George Soros<\/a>. Lorsque Corbyn dirigeait le parti travailliste, j&rsquo;ai d\u00fb apprendre \u00e0 accepter que les <a href=\"https:\/\/twitter.com\/jeremycorbyn\/status\/1101541262392475648?s=20\">\u00ab\u00a0socialistes\u00a0\u00bb<\/a> se mettant en rang pour d\u00e9fendre les oligarques, les banquiers et les courtiers de Wall Street soient la nouvelle r\u00e9alit\u00e9 de la \u00ab\u00a0gauche\u00a0\u00bb. Nous sommes maintenant rassur\u00e9s par le fait qu&rsquo;au nom du \u00ab\u00a0progr\u00e8s\u00a0\u00bb, Google a r\u00e9trograd\u00e9 du r\u00f4le de grand moteur de recherche \u00e0 celui de simple d\u00e9bouch\u00e9 pour la <em>hasbara<\/em>. Nous sommes habitu\u00e9s \u00e0 ce que Facebook et Twitter dictent leur vision du monde au nom de normes communautaires. La seule question est de savoir quelle communaut\u00e9 ils ont \u00e0 l&rsquo;esprit. Certainement pas une communaut\u00e9 occidentale tol\u00e9rante et pluraliste.<\/span><\/p>\n<p style=\"text-align: justify;\"><span style=\"font-family: times new roman, times, serif; font-size: 14pt;\">On peut se demander ce qui motive cette nouvelle alliance qui divise presque toutes les soci\u00e9t\u00e9s occidentales ? La trahison de la gauche n&rsquo;est gu\u00e8re surprenante, mais la question cruciale est de savoir pourquoi, et \u00e0 l&rsquo;improviste, ceux qui avaient si bien r\u00e9ussi \u00e0 mettre leurs mains sales dans nos poches ont accompagn\u00e9 la dramatique destruction de l&rsquo;\u00e9conomie ? Ils ne sont certainement pas suicidaires.<\/span><\/p>\n<p style=\"text-align: justify;\"><span style=\"font-family: times new roman, times, serif; font-size: 14pt;\">Il me semble que ce \u00e0 quoi nous assistons peut-\u00eatre, c&rsquo;est \u00e0 une nouvelle d\u00e9molition contr\u00f4l\u00e9e. Cette fois-ci, ce n&rsquo;est pas un b\u00e2timent de New York. Ce n&rsquo;est pas la destruction d&rsquo;une seule industrie ou m\u00eame d&rsquo;une seule classe comme nous l&rsquo;avons vu auparavant. Cette fois, notre compr\u00e9hension de l&rsquo;\u00catre en tant qu&rsquo;aventure productive et significative est mise \u00e0 mal. Dans l&rsquo;\u00e9tat actuel des choses, tout notre sens de la subsistance est en danger.<\/span><\/p>\n<p style=\"text-align: justify;\"><span style=\"font-family: times new roman, times, serif; font-size: 14pt;\">Il n&rsquo;est pas n\u00e9cessaire d&rsquo;\u00eatre un expert financier pour r\u00e9aliser qu&rsquo;au cours des derni\u00e8res ann\u00e9es, l&rsquo;\u00e9conomie mondiale en g\u00e9n\u00e9ral et les \u00e9conomies occidentales en particulier sont devenues une grosse bulle pr\u00eate \u00e0 \u00e9clater. Lorsque les bulles \u00e9conomiques \u00e9clatent, le r\u00e9sultat est inattendu, m\u00eame si souvent le coupable ou le d\u00e9clencheur du krach peut \u00eatre identifi\u00e9. Ce qui est unique dans la d\u00e9molition contr\u00f4l\u00e9e actuelle, c&rsquo;est la volont\u00e9 de notre classe politique compromise, des m\u00e9dias et en particulier des r\u00e9seaux de gauche\/progressistes de participer \u00e0 la destruction.<\/span><\/p>\n<p style=\"text-align: justify;\"><span style=\"font-family: times new roman, times, serif; font-size: 14pt;\">L&rsquo;alliance est large et inclusive. L&rsquo;<a href=\"https:\/\/www.gatesfoundation.org\/How-We-Work\/Quick-Links\/Grants-Database\">OMS<\/a>, largement financ\u00e9e par Bill Gates, fixe les mesures par lesquelles nous sommes enferm\u00e9s, la gauche et les progressistes alimentent les fantasmes apocalyptiques pour nous maintenir cach\u00e9s dans nos greniers mondiaux, Dershowitz tente <a href=\"https:\/\/www.youtube.com\/watch?v=bLbp2uw5sZQ&amp;feature=emb_title\">de r\u00e9\u00e9crire la constitution<\/a>, le programme des grandes soci\u00e9t\u00e9s pharmaceutiques fa\u00e7onne notre avenir et nous entendons \u00e9galement dire que Moderna et son principal m\u00e9decin isra\u00e9lien sont pr\u00eats \u00e0 \u00ab\u00a0r\u00e9parer\u00a0\u00bb nos g\u00e8nes. Entre-temps, nous apprenons que nos gouvernements s&rsquo;appr\u00eatent \u00e0 nous planter une aiguille dans les bras. Pendant tout ce temps, le Dow Jones n&rsquo;a cess\u00e9 de grimper. Peut-\u00eatre que dans cette phase finale du capitalisme, nous, les gens, ne sommes pas n\u00e9cessaires, m\u00eame en tant que consommateurs. On peut nous laisser pourrir chez nous, nos gouvernements semblant vouloir financer cette nouvelle forme de d\u00e9tention&#8230; \u00e0 l&rsquo;\u00e9chelle plan\u00e9taire.<\/span><\/p>\n<p style=\"text-align: justify;\"><span style=\"font-family: times new roman, times, serif; font-size: 14pt;\">Je crois que c&rsquo;est moi qui ai invent\u00e9, il y a dix ans, l&rsquo;adage populaire \u00ab\u00a0Nous sommes tous des Palestiniens\u00a0\u00bb. Comme les Palestiniens, pensais-je \u00e0 l&rsquo;\u00e9poque, nous n&rsquo;avons m\u00eame pas le droit de nommer notre oppresseur&#8230;<\/span><\/p>\n<p>&nbsp;<\/p>\n<p style=\"text-align: justify;\"><span style=\"font-family: times new roman, times, serif; font-size: 14pt;\">Source\u00a0: <a href=\"https:\/\/plumenclume.org\/blog\/566-et-si-c-etait-de-la-demolition-controlee\">https:\/\/plumenclume.org\/blog\/566-et-si-c-etait-de-la-demolition-controlee<\/a><\/span><\/p>\n<p style=\"text-align: justify;\"><span style=\"font-family: times new roman, times, serif; font-size: 14pt;\">Sources d\u2019origine :\u00a0<\/span><\/p>\n<p style=\"text-align: justify;\"><span style=\"font-family: times new roman, times, serif; font-size: 14pt;\"><a href=\"https:\/\/gilad.online\/writings\/2020\/5\/22\/is-this-controlled-demolition-all-over-again\">https:\/\/gilad.online\/writings\/2020\/5\/22\/is-this-controlled-demolition-all-over-again<\/a><\/span><\/p>\n<p style=\"text-align: justify;\"><span style=\"font-family: times new roman, times, serif; font-size: 14pt;\"><a href=\"https:\/\/www.unz.com\/gatzmon\/is-this-controlled-demolition-all-over-again\/\">https:\/\/www.unz.com\/gatzmon\/is-this-controlled-demolition-all-over-again\/<\/a><\/span><\/p>\n<p>&nbsp;<\/p>\n<p>&nbsp;<\/p>\n<p style=\"text-align: center;\"><a href=\"http:\/\/blog.lesgrossesorchadeslesamplesthalameges.fr\/wp-content\/uploads\/2020\/06\/Gilet-jaune.gif\"><img loading=\"lazy\" class=\"alignnone wp-image-10951\" src=\"http:\/\/blog.lesgrossesorchadeslesamplesthalameges.fr\/wp-content\/uploads\/2020\/06\/Gilet-jaune.gif\" alt=\"\" width=\"100\" height=\"100\" \/><\/a><\/p>\n<p>&nbsp;<\/p>\n<p>&nbsp;<\/p>\n<p style=\"text-align: justify;\"><span style=\"font-family: times new roman, times, serif; font-size: 14pt;\"><span style=\"font-family: tahoma, arial, helvetica, sans-serif;\"><strong>Curieux\u00a0:<\/strong><\/span> <span style=\"font-family: comic sans ms, sans-serif;\">quand on clique sur le dernier lien indiqu\u00e9 par Gilad (\u00ab\u00a0<em>Moderna<\/em> et son principal m\u00e9decin isra\u00e9lien sont pr\u00eats \u00e0 \u201cr\u00e9parer\u201d nos g\u00e8nes\u00a0\u00bb)\u00a0: on tombe sur une mise en garde vous avertissant que le site est dangereux\u00a0; si vous persistez en disant \u00ab\u00a0ouvrez quand m\u00eame\u00a0\u00bb, vous aboutissez \u00e0 \u00ab\u00a0<em>not found<\/em>\u00a0\u00bb.<\/span><\/span><\/p>\n<p style=\"text-align: justify;\"><span style=\"font-family: comic sans ms, sans-serif; font-size: 14pt;\">Ceci ne serait rien si ce n\u2019\u00e9tait de plus en plus fr\u00e9quent. Bref, de quoi se m\u00eale Google\u00a0?<\/span><\/p>\n<p>&nbsp;<\/p>\n<p style=\"text-align: justify;\"><span style=\"font-family: times new roman, times, serif; font-size: 14pt;\"><span style=\"font-family: tahoma, arial, helvetica, sans-serif;\"><strong>ModeRNA<\/strong>\u00a0:<\/span> <span style=\"color: #c00000;\"><strong>\u00ab\u00a0La start-up fonctionne en <em>mode furtif<\/em> jusqu&rsquo;en d\u00e9cembre <a style=\"color: #c00000;\" href=\"https:\/\/fr.wikipedia.org\/wiki\/2012\">2012<\/a>, avec un site web au contenu vague et des employ\u00e9s tous soumis \u00e0 des accords tr\u00e8s stricts de confidentialit\u00e9.\u00a0\u00bb<\/strong>\u00a0<\/span><span style=\"font-family: comic sans ms, sans-serif;\"> Vous nous en direz tant\u2026 Voil\u00e0 toujours sa fiche Wikipedia\u00a0:<\/span> <a href=\"https:\/\/fr.wikipedia.org\/wiki\/Moderna_Therapeutics\"><span style=\"font-family: comic sans ms, sans-serif;\">https:\/\/fr.wikipedia.org\/wiki\/Moderna_Therapeutics<\/span><\/a><\/span><\/p>\n<p>&nbsp;<\/p>\n<p>&nbsp;<\/p>\n<p style=\"text-align: center;\"><a href=\"http:\/\/blog.lesgrossesorchadeslesamplesthalameges.fr\/wp-content\/uploads\/2020\/06\/Gilet-jaune.gif\"><img loading=\"lazy\" class=\"alignnone wp-image-10951\" src=\"http:\/\/blog.lesgrossesorchadeslesamplesthalameges.fr\/wp-content\/uploads\/2020\/06\/Gilet-jaune.gif\" alt=\"\" width=\"100\" height=\"100\" \/><\/a><\/p>\n<p>&nbsp;<\/p>\n<p>&nbsp;<\/p>\n<p style=\"text-align: left;\"><span style=\"font-size: 14pt;\"><strong><span style=\"font-family: times new roman, times, serif;\">URL de cet article\u00a0:\u00a0<\/span><\/strong><a href=\"http:\/\/blog.lesgrossesorchadeslesamplesthalameges.fr\/index.php\/et-si-cetait-de-la-demolition-controlee\/\"><span style=\"font-family: times new roman, times, serif;\">http:\/\/blog.lesgrossesorchadeslesamplesthalameges.fr\/index.php\/et-si-cetait-de-la-demolition-controlee\/<\/span><\/a><\/span><\/p>\n<p>&nbsp;<\/p>\n<p>&nbsp;<\/p>\n<p style=\"text-align: right;\"><span style=\"font-family: comic sans ms, sans-serif; font-size: 14pt;\">Juin 2020<\/span><\/p>\n<p>&nbsp;<\/p>\n<p>&nbsp;<\/p>\n","protected":false},"excerpt":{"rendered":"<p>&nbsp; &nbsp; &nbsp; &nbsp; &nbsp; &nbsp; &nbsp; Et si c&rsquo;\u00e9tait de la d\u00e9molition contr\u00f4l\u00e9e? \u00a0 Gilad Atzmon \u2013 Entre la plume et l\u2019enclume \u2013 5.6.2020 Traduction\u00a0: Maria Poumier &nbsp; Article paru sur The Unz Review, sous le titre : \u00ab\u00a0Is This Controlled Demolition All Over Again ? \u00bb &nbsp; &nbsp; &nbsp; \u00a0 Depuis des ann\u00e9es,&#8230;<\/p>\n","protected":false},"author":1,"featured_media":0,"parent":0,"menu_order":0,"comment_status":"open","ping_status":"open","template":"","meta":[],"_links":{"self":[{"href":"https:\/\/blog.lesgrossesorchadeslesamplesthalameges.fr\/index.php\/wp-json\/wp\/v2\/pages\/10976"}],"collection":[{"href":"https:\/\/blog.lesgrossesorchadeslesamplesthalameges.fr\/index.php\/wp-json\/wp\/v2\/pages"}],"about":[{"href":"https:\/\/blog.lesgrossesorchadeslesamplesthalameges.fr\/index.php\/wp-json\/wp\/v2\/types\/page"}],"author":[{"embeddable":true,"href":"https:\/\/blog.lesgrossesorchadeslesamplesthalameges.fr\/index.php\/wp-json\/wp\/v2\/users\/1"}],"replies":[{"embeddable":true,"href":"https:\/\/blog.lesgrossesorchadeslesamplesthalameges.fr\/index.php\/wp-json\/wp\/v2\/comments?post=10976"}],"version-history":[{"count":0,"href":"https:\/\/blog.lesgrossesorchadeslesamplesthalameges.fr\/index.php\/wp-json\/wp\/v2\/pages\/10976\/revisions"}],"wp:attachment":[{"href":"https:\/\/blog.lesgrossesorchadeslesamplesthalameges.fr\/index.php\/wp-json\/wp\/v2\/media?parent=10976"}],"curies":[{"name":"wp","href":"https:\/\/api.w.org\/{rel}","templated":true}]}}