{"id":11032,"date":"2020-06-08T23:50:31","date_gmt":"2020-06-08T21:50:31","guid":{"rendered":"http:\/\/blog.lesgrossesorchadeslesamplesthalameges.fr\/?page_id=11032"},"modified":"2020-06-08T23:51:52","modified_gmt":"2020-06-08T21:51:52","slug":"le-magicien-doz-est-nu","status":"publish","type":"page","link":"https:\/\/blog.lesgrossesorchadeslesamplesthalameges.fr\/index.php\/le-magicien-doz-est-nu\/","title":{"rendered":"Le magicien d&rsquo;Oz est nu"},"content":{"rendered":"<p>&nbsp;<\/p>\n<p>&nbsp;<\/p>\n<p>&nbsp;<\/p>\n<p>&nbsp;<\/p>\n<p>&nbsp;<\/p>\n<p>&nbsp;<\/p>\n<p style=\"text-align: center;\"><span style=\"font-family: times new roman, times, serif; font-size: 36pt;\"><strong>Le Magicien d\u2019Oz est nu, ou l\u2019\u00e9chec de la propagande<\/strong><\/span><\/p>\n<p style=\"text-align: center;\"><span style=\"font-family: times new roman, times, serif; font-size: 14pt;\"><strong><em>\u00a0<\/em><\/strong><\/span><\/p>\n<p style=\"text-align: center;\"><span style=\"font-family: times new roman, times, serif; font-size: 18pt;\"><strong><em>Strategika 51<\/em><\/strong><strong> \u2013 7.6.2020<\/strong><\/span><\/p>\n<p style=\"text-align: center;\"><span style=\"font-size: 18pt;\">(On regrette qu&rsquo;il n&rsquo;y ait pas de nom d&rsquo;auteur)<\/span><\/p>\n<p style=\"text-align: justify;\"><span style=\"font-family: times new roman, times, serif; font-size: 14pt;\"><strong>\u00a0<\/strong><\/span><\/p>\n<p>&nbsp;<\/p>\n<p style=\"text-align: center;\"><span style=\"font-family: times new roman, times, serif; font-size: 14pt;\"><strong>\u00a0<a href=\"http:\/\/blog.lesgrossesorchadeslesamplesthalameges.fr\/wp-content\/uploads\/2020\/06\/Magicien-dOz-1-1.png\"><img loading=\"lazy\" class=\"alignnone wp-image-11034 size-full\" src=\"http:\/\/blog.lesgrossesorchadeslesamplesthalameges.fr\/wp-content\/uploads\/2020\/06\/Magicien-dOz-1-1.png\" alt=\"\" width=\"500\" height=\"622\" srcset=\"https:\/\/blog.lesgrossesorchadeslesamplesthalameges.fr\/wp-content\/uploads\/2020\/06\/Magicien-dOz-1-1.png 500w, https:\/\/blog.lesgrossesorchadeslesamplesthalameges.fr\/wp-content\/uploads\/2020\/06\/Magicien-dOz-1-1-241x300.png 241w\" sizes=\"(max-width: 500px) 100vw, 500px\" \/><\/a><\/strong><\/span><\/p>\n<p style=\"text-align: justify;\"><span style=\"font-family: times new roman, times, serif; font-size: 14pt;\"><strong>\u00a0<\/strong><\/span><\/p>\n<p>&nbsp;<\/p>\n<p style=\"text-align: justify;\"><span style=\"font-family: times new roman, times, serif; font-size: 14pt;\"><strong>\u00a0<\/strong><\/span><\/p>\n<p style=\"text-align: justify;\"><span style=\"font-family: times new roman, times, serif; font-size: 14pt;\"><strong>\u00ab\u00a0Pour stopper la bombe iranienne, il faut bombarder l\u2019Iran\u00a0\u00bb <\/strong><\/span><\/p>\n<p>&nbsp;<\/p>\n<p style=\"text-align: center;\"><a href=\"http:\/\/blog.lesgrossesorchadeslesamplesthalameges.fr\/wp-content\/uploads\/2020\/06\/OZ-1-1.png\"><img loading=\"lazy\" class=\"alignnone wp-image-11035\" src=\"http:\/\/blog.lesgrossesorchadeslesamplesthalameges.fr\/wp-content\/uploads\/2020\/06\/OZ-1-1-300x242.png\" alt=\"\" width=\"500\" height=\"404\" srcset=\"https:\/\/blog.lesgrossesorchadeslesamplesthalameges.fr\/wp-content\/uploads\/2020\/06\/OZ-1-1-300x242.png 300w, https:\/\/blog.lesgrossesorchadeslesamplesthalameges.fr\/wp-content\/uploads\/2020\/06\/OZ-1-1.png 587w\" sizes=\"(max-width: 500px) 100vw, 500px\" \/><\/a><\/p>\n<p>&nbsp;<\/p>\n<p>&nbsp;<\/p>\n<p style=\"text-align: justify;\"><span style=\"font-family: times new roman, times, serif; font-size: 14pt;\"><strong>\u00ab\u00a0Pourquoi nous savons que l\u2019Irak ment\u00a0\u00bb <\/strong><\/span><\/p>\n<p style=\"text-align: justify;\"><span style=\"font-family: times new roman, times, serif; font-size: 14pt;\"><strong>\u00a0<\/strong><\/span><\/p>\n<p style=\"text-align: center;\"><a href=\"http:\/\/blog.lesgrossesorchadeslesamplesthalameges.fr\/wp-content\/uploads\/2020\/06\/OZ-2-1.png\"><img loading=\"lazy\" class=\"alignnone wp-image-11036\" src=\"http:\/\/blog.lesgrossesorchadeslesamplesthalameges.fr\/wp-content\/uploads\/2020\/06\/OZ-2-1-300x232.png\" alt=\"\" width=\"500\" height=\"386\" srcset=\"https:\/\/blog.lesgrossesorchadeslesamplesthalameges.fr\/wp-content\/uploads\/2020\/06\/OZ-2-1-300x232.png 300w, https:\/\/blog.lesgrossesorchadeslesamplesthalameges.fr\/wp-content\/uploads\/2020\/06\/OZ-2-1.png 589w\" sizes=\"(max-width: 500px) 100vw, 500px\" \/><\/a><\/p>\n<p>&nbsp;<\/p>\n<p>&nbsp;<\/p>\n<p style=\"text-align: justify;\"><span style=\"font-family: times new roman, times, serif; font-size: 14pt;\"><strong>\u00ab\u00a0Arr\u00eater Qaddafi\u00a0\u00bb <\/strong><\/span><\/p>\n<p style=\"text-align: justify;\"><span style=\"font-family: times new roman, times, serif; font-size: 14pt;\"><strong>\u00a0<\/strong><\/span><\/p>\n<p style=\"text-align: center;\"><span style=\"font-family: times new roman, times, serif; font-size: 14pt;\"><strong>\u00a0<a href=\"http:\/\/blog.lesgrossesorchadeslesamplesthalameges.fr\/wp-content\/uploads\/2020\/06\/OZ-3-1.png\"><img loading=\"lazy\" class=\"alignnone wp-image-11037\" src=\"http:\/\/blog.lesgrossesorchadeslesamplesthalameges.fr\/wp-content\/uploads\/2020\/06\/OZ-3-1-300x191.png\" alt=\"\" width=\"500\" height=\"319\" srcset=\"https:\/\/blog.lesgrossesorchadeslesamplesthalameges.fr\/wp-content\/uploads\/2020\/06\/OZ-3-1-300x191.png 300w, https:\/\/blog.lesgrossesorchadeslesamplesthalameges.fr\/wp-content\/uploads\/2020\/06\/OZ-3-1.png 586w\" sizes=\"(max-width: 500px) 100vw, 500px\" \/><\/a><\/strong><\/span><\/p>\n<p>&nbsp;<\/p>\n<p>&nbsp;<\/p>\n<p style=\"text-align: justify;\"><span style=\"font-family: times new roman, times, serif; font-size: 14pt;\"><strong>\u00ab\u00a0Bombarder la Syrie, m\u00eame si c\u2019est ill\u00e9gal\u00a0\u00bb <\/strong><\/span><\/p>\n<p style=\"text-align: justify;\"><span style=\"font-family: times new roman, times, serif; font-size: 14pt;\"><strong>\u00a0<\/strong><\/span><\/p>\n<p style=\"text-align: center;\"><a href=\"http:\/\/blog.lesgrossesorchadeslesamplesthalameges.fr\/wp-content\/uploads\/2020\/06\/OZ-4-1.png\"><img loading=\"lazy\" class=\"alignnone wp-image-11038\" src=\"http:\/\/blog.lesgrossesorchadeslesamplesthalameges.fr\/wp-content\/uploads\/2020\/06\/OZ-4-1-300x231.png\" alt=\"\" width=\"500\" height=\"385\" srcset=\"https:\/\/blog.lesgrossesorchadeslesamplesthalameges.fr\/wp-content\/uploads\/2020\/06\/OZ-4-1-300x231.png 300w, https:\/\/blog.lesgrossesorchadeslesamplesthalameges.fr\/wp-content\/uploads\/2020\/06\/OZ-4-1.png 585w\" sizes=\"(max-width: 500px) 100vw, 500px\" \/><\/a><\/p>\n<p>&nbsp;<\/p>\n<p>&nbsp;<\/p>\n<p style=\"text-align: justify;\"><span style=\"font-family: times new roman, times, serif; font-size: 14pt;\"><strong>\u00ab\u00a0Trump utilise l\u2019Arm\u00e9e pour prouver sa virilit\u00e9\u00a0\u00bb <\/strong><\/span><\/p>\n<p>&nbsp;<\/p>\n<p style=\"text-align: center;\"><a href=\"http:\/\/blog.lesgrossesorchadeslesamplesthalameges.fr\/wp-content\/uploads\/2020\/06\/OZ-5-1.jpg\"><img loading=\"lazy\" class=\"alignnone wp-image-11039\" src=\"http:\/\/blog.lesgrossesorchadeslesamplesthalameges.fr\/wp-content\/uploads\/2020\/06\/OZ-5-1-224x300.jpg\" alt=\"\" width=\"500\" height=\"670\" srcset=\"https:\/\/blog.lesgrossesorchadeslesamplesthalameges.fr\/wp-content\/uploads\/2020\/06\/OZ-5-1-224x300.jpg 224w, https:\/\/blog.lesgrossesorchadeslesamplesthalameges.fr\/wp-content\/uploads\/2020\/06\/OZ-5-1.jpg 640w\" sizes=\"(max-width: 500px) 100vw, 500px\" \/><\/a><\/p>\n<p>&nbsp;<\/p>\n<p>&nbsp;<\/p>\n<p style=\"text-align: justify;\"><span style=\"font-family: tahoma, arial, helvetica, sans-serif; font-size: 12pt;\">Le Magicien d\u2019Oz est nu<\/span><\/p>\n<p style=\"text-align: justify;\"><span style=\"font-family: tahoma, arial, helvetica, sans-serif; font-size: 12pt;\">Nous faisons partie d\u2019une g\u00e9n\u00e9ration assomm\u00e9e \u00e0 coups de massues. Matraqu\u00e9e en permanence, sans r\u00e9pit aucun. Format\u00e9e par un flux ininterrompu d\u2019information destin\u00e9 \u00e0 saturer l\u2019ensemble de nos capacit\u00e9s cognitives. Nous avons \u00e9t\u00e9 conditionn\u00e9s et programm\u00e9s. Ce conditionnement pavlovien est in\u00e9vitable. La propagande fa\u00e7onne une certaine perception d\u2019un semblant de r\u00e9alit\u00e9. D\u2019une certaine interpr\u00e9tation subjective et alt\u00e9r\u00e9e de ce que l\u2019on croit \u00eatre la r\u00e9alit\u00e9. Dans des cas extr\u00eames, la propagande cr\u00e9e la r\u00e9alit\u00e9. Une r\u00e9alit\u00e9 que nos cerveaux doivent percevoir \u00e0 travers un prisme unique et redondant, insistant et presque naturel. Cela rappelle les fameuses lunettes du film \u00ab\u00a0Los Angeles 1984\u00a0\u00bb dont le sujet \u00e9tait et est toujours audacieux.<\/span><\/p>\n<p style=\"text-align: justify;\"><span style=\"font-family: tahoma, arial, helvetica, sans-serif; font-size: 12pt;\">Le monde change, \u00e0 d\u00e9faut de s\u2019\u00e9crouler. Les m\u00e9dias traditionnels sont en crise. Leur existence ne se justifie plus. Les piliers de la propagande continue depuis plus de 70 ans se fissurent. On se rappelle certains \u00e9ditoriaux ou colonnes du <em>New York Times<\/em> (tout comme ceux du <em>Financial Times<\/em>, <em>The Economist<\/em>, <em>Le Monde<\/em>, <em>Der Spiegel<\/em> et une centaine d\u2019autres publications \u00e0 travers quasiment l\u2019ensemble des pays du monde qui servaient de caisses de r\u00e9sonance, adapt\u00e9s aux langues locales) qui nous assommaient sur commande. Le message n\u2019\u00e9tait pas un massage mais un v\u00e9ritable tabassage. Aucun esprit critique. Aucun recul. C\u2019\u00e9tait une meute. Ou plut\u00f4t plusieurs. Il y avait la meute des hurleurs, celle des pleureuses professionnelles, celle des aboyeurs, des jacasseurs ou encore celle fort envi\u00e9e des supermenteurs scientifiques. Toutes ces meutes servaient des int\u00e9r\u00eats priv\u00e9s qui se superposaient souvent \u00e0 ceux des \u00c9tats. Le ciblage m\u00e9diatique d\u2019un pays ou d\u2019un groupe de pays class\u00e9s comme hostiles faisait partie de la mont\u00e9e en puissance du dispositif strat\u00e9gique mis en place pour d\u00e9clencher un conflit. Les experts en diabolisation \u00e9margeaient \u00e0 tous les budgets. Votre pauvre cerveau, magnifique cr\u00e9ation dont les connexions neuronales se comptent avec le nombre des \u00e9toiles dans les galaxies de notre univers connu, est leur principal champ de bataille. Beaucoup d\u2019entre nous furent manipul\u00e9s, dup\u00e9s, amen\u00e9s par exemple \u00e0 d\u00e9tester un groupe, une ethnie ou un pays sur la base de leurs mensonges car cela co\u00efncidait parfois avec une exp\u00e9rience subjective et personnelle. L\u2019induction, en sciences sociales, fausse toujours le raisonnement. Or, la configuration actuelle du monde \u00e9chappe \u00e0 tout effort de d\u00e9duction. Certains ph\u00e9nom\u00e8nes \u00e9chappent \u00e0 l\u2019analyse rationnelle. M\u00eame la science dure n\u2019\u00e9chappe pas \u00e0 la propagande id\u00e9ologique cachant \u00e0 peine un enjeu financier de bas \u00e9tage. On nous a menti. En permanence. On vous ment. Par inadvertance. Ils mentent. Par stratag\u00e8me. Les <em>spin doctors<\/em> ou supermenteurs professionnels sont parvenus \u00e0 un \u00e9tat d\u00e9grad\u00e9 de conscience humaine : ils sont convaincus de leurs mensonges, y compris ceux qu\u2019ils se r\u00e9p\u00e8tent \u00e0 eux-m\u00eames en face d\u2019un miroir. Ils y croient. C\u2019est une question de foi. Le mensonge est donc un acte de foi. Il faut y croire pour que ce soit cr\u00e9dible. Plus c\u2019est gros plus \u00e7a passe. Cependant la machine bien huil\u00e9e commence \u00e0 gripper face au bon sens inn\u00e9 demeur\u00e9 intact chez certains individus. Cela explique pourquoi tous les syst\u00e8mes de gouvernance actuellement en vigueur sont en guerre d\u00e9clar\u00e9e contre le bon sens commun. La destruction du bon sens passe par l\u2019effondrement programm\u00e9 des syst\u00e8mes de transmission du savoir. Inutile de revenir sur l\u2019\u00e9tat de d\u00e9labrement avanc\u00e9 de la majorit\u00e9 des syst\u00e8mes \u00e9ducatifs dans le monde. Ou sur le nivellement par le bas et l\u2019usurpation. Faiblesse humaine, exploitable, impossible \u00e0 \u00e9radiquer. Jadis, on s\u2019inventait des pedigree ou des quartiers de noblesse. La tendance continue. Certains s\u2019arrogent des titres, des qualit\u00e9s qu\u2019ils ne poss\u00e8dent point. D\u2019autres s\u2019inventent une vie sur les r\u00e9seaux sociaux, o\u00f9 s\u2019\u00e9talent, dans toute leur splendeur, la b\u00eatise, le narcissisme et l\u2019ignorance de la nouvelle race en devenir. Il n\u2019y a plus de blancs, de noirs, de jaunes ou de rouges. Il y a une nouvelle race d\u2019assist\u00e9s, scotch\u00e9e \u00e0 des \u00e9crans de r\u00e9seaux sociaux et souffrant d\u2019une forme aigu\u00eb d\u2019addictions aux <em>selfies<\/em> pris en rafales. Les dipl\u00f4mes ne valent plus rien. Ce sont des bouts de papiers d\u00e9livr\u00e9s par une administration aveugle et scl\u00e9ros\u00e9e totalement incapable de se r\u00e9former. La crise du COVID-19 nous a appris que nos syst\u00e8mes peuvent se passer du travail et revenir au <em>panem et circences<\/em> car l\u2019\u00e9conomie r\u00e9elle est r\u00e9duite \u00e0 quelques niches d\u00e9localis\u00e9es. La masse oisive, assist\u00e9e et se croyant libre, doit avoir la foi. La foi dans une forme de mensonge plus \u00e9labor\u00e9e. \u00c0 d\u00e9faut d\u2019une division \u00e0 l\u2019infini favoris\u00e9e par le cr\u00e9tinisme et l\u2019\u00e9troitesse d\u2019esprit. Diviser pour r\u00e9gner sur une population de presque huit milliards d\u2019\u00eatres humains ne doit pas \u00eatre un exercice ais\u00e9, m\u00eame pour les grandes multinationales qui monopolisent le cyber-espace. C\u2019est toutefois une op\u00e9ration fort prometteuse, dans un monde o\u00f9 tout le monde est connect\u00e9 \u00e0 tout via un terminal personnel mobile.<\/span><\/p>\n<p style=\"text-align: justify;\"><span style=\"font-family: tahoma, arial, helvetica, sans-serif; font-size: 12pt;\">Une information diffus\u00e9e et pr\u00e9sent\u00e9e comme un succ\u00e8s dans l\u2019indiff\u00e9rence g\u00e9n\u00e9rale ces derni\u00e8res 24 heures m\u2019a laiss\u00e9 dubitatif. On ne cesse donc de tuer des morts. Le pire est que m\u00eame un t\u00e9moin direct de la premi\u00e8re mort du personnage ressuscit\u00e9 par la propagande pour qu\u2019il fasse l\u2019objet d\u2019un raid de drone d\u2019attaque, me confie qu\u2019ils ne se rappelle plus s\u2019il est mort et avoue qu\u2019il va gober la nouvelle en tentant de se convaincre que c\u2019est la v\u00e9rit\u00e9 la plus commode, qui l\u2019aidera \u00e0 supprimer ses souvenirs r\u00e9els de sa m\u00e9moire.<\/span><\/p>\n<p style=\"text-align: justify;\"><span style=\"font-family: tahoma, arial, helvetica, sans-serif; font-size: 12pt;\">C\u2019est un monde bas\u00e9 sur la permanence du mensonge \u00e0 tous les niveaux. N\u2019oubliez jamais ce point cardinal.<\/span><\/p>\n<p>&nbsp;<\/p>\n<p style=\"text-align: left;\"><span style=\"font-family: times new roman, times, serif; font-size: 14pt;\">Source\u00a0: <a href=\"https:\/\/strategika51.org\/2020\/06\/07\/le-magicien-doz-est-nu-ou-lechec-de-la-propagande\/\">https:\/\/strategika51.org\/2020\/06\/07\/le-magicien-doz-est-nu-ou-lechec-de-la-propagande\/<\/a><\/span><\/p>\n<p style=\"text-align: left;\"><strong><span style=\"font-family: times new roman, times, serif; font-size: 14pt;\">URL de cet article : <\/span><\/strong><a href=\"http:\/\/blog.lesgrossesorchadeslesamplesthalameges.fr\/index.php\/le-magicien-doz-est-nu\/\"><span style=\"font-family: times new roman, times, serif; font-size: 14pt;\">http:\/\/blog.lesgrossesorchadeslesamplesthalameges.fr\/index.php\/le-magicien-doz-est-nu\/<\/span><\/a><\/p>\n<p>&nbsp;<\/p>\n<p style=\"text-align: center;\"><a href=\"http:\/\/blog.lesgrossesorchadeslesamplesthalameges.fr\/wp-content\/uploads\/2020\/06\/POING-AFRIQUE-GIF-1.gif\"><img loading=\"lazy\" class=\"alignnone size-full wp-image-11044\" src=\"http:\/\/blog.lesgrossesorchadeslesamplesthalameges.fr\/wp-content\/uploads\/2020\/06\/POING-AFRIQUE-GIF-1.gif\" alt=\"\" width=\"100\" height=\"100\" \/><\/a><\/p>\n<p>&nbsp;<\/p>\n<p style=\"text-align: right;\"><span style=\"font-family: comic sans ms, sans-serif;\">Juin 2020<\/span><\/p>\n<p>&nbsp;<\/p>\n<p>&nbsp;<\/p>\n","protected":false},"excerpt":{"rendered":"<p>&nbsp; &nbsp; &nbsp; &nbsp; &nbsp; &nbsp; Le Magicien d\u2019Oz est nu, ou l\u2019\u00e9chec de la propagande \u00a0 Strategika 51 \u2013 7.6.2020 (On regrette qu&rsquo;il n&rsquo;y ait pas de nom d&rsquo;auteur) \u00a0 &nbsp; \u00a0 \u00a0 &nbsp; \u00a0 \u00ab\u00a0Pour stopper la bombe iranienne, il faut bombarder l\u2019Iran\u00a0\u00bb &nbsp; &nbsp; &nbsp; \u00ab\u00a0Pourquoi nous savons que l\u2019Irak ment\u00a0\u00bb \u00a0&#8230;<\/p>\n","protected":false},"author":1,"featured_media":0,"parent":0,"menu_order":0,"comment_status":"open","ping_status":"open","template":"","meta":[],"_links":{"self":[{"href":"https:\/\/blog.lesgrossesorchadeslesamplesthalameges.fr\/index.php\/wp-json\/wp\/v2\/pages\/11032"}],"collection":[{"href":"https:\/\/blog.lesgrossesorchadeslesamplesthalameges.fr\/index.php\/wp-json\/wp\/v2\/pages"}],"about":[{"href":"https:\/\/blog.lesgrossesorchadeslesamplesthalameges.fr\/index.php\/wp-json\/wp\/v2\/types\/page"}],"author":[{"embeddable":true,"href":"https:\/\/blog.lesgrossesorchadeslesamplesthalameges.fr\/index.php\/wp-json\/wp\/v2\/users\/1"}],"replies":[{"embeddable":true,"href":"https:\/\/blog.lesgrossesorchadeslesamplesthalameges.fr\/index.php\/wp-json\/wp\/v2\/comments?post=11032"}],"version-history":[{"count":0,"href":"https:\/\/blog.lesgrossesorchadeslesamplesthalameges.fr\/index.php\/wp-json\/wp\/v2\/pages\/11032\/revisions"}],"wp:attachment":[{"href":"https:\/\/blog.lesgrossesorchadeslesamplesthalameges.fr\/index.php\/wp-json\/wp\/v2\/media?parent=11032"}],"curies":[{"name":"wp","href":"https:\/\/api.w.org\/{rel}","templated":true}]}}