{"id":11048,"date":"2020-06-09T00:15:11","date_gmt":"2020-06-08T22:15:11","guid":{"rendered":"http:\/\/blog.lesgrossesorchadeslesamplesthalameges.fr\/?page_id=11048"},"modified":"2020-06-09T00:16:20","modified_gmt":"2020-06-08T22:16:20","slug":"code-pink","status":"publish","type":"page","link":"https:\/\/blog.lesgrossesorchadeslesamplesthalameges.fr\/index.php\/code-pink\/","title":{"rendered":"Code Pink"},"content":{"rendered":"<p>&nbsp;<\/p>\n<p>&nbsp;<\/p>\n<p>&nbsp;<\/p>\n<p>&nbsp;<\/p>\n<p>&nbsp;<\/p>\n<p>&nbsp;<\/p>\n<p style=\"text-align: center;\"><span style=\"font-family: tahoma, arial, helvetica, sans-serif; font-size: 48pt; color: #ce0099;\">Code<strong> Pink<\/strong><\/span><\/p>\n<p>&nbsp;<\/p>\n<p>&nbsp;<\/p>\n<p style=\"text-align: justify;\"><span style=\"font-family: comic sans ms, sans-serif; font-size: 14pt;\"><strong>\u00ab\u00a0Code Pink \u2013 Women for Peace\u00a0\u00bb<\/strong> (Code Rose \u2013 Femmes pour la Paix) est une organisation f\u00e9minine US anti-guerre non-violente, cr\u00e9\u00e9e au moment de la guerre d\u2019Irak. Comme son nom l\u2019indique, elle s\u2019oppose \u00e0 toutes les guerres, mais est \u00e9galement tr\u00e8s engag\u00e9e, et depuis longtemps, dans le soutien aux Palestiniens.<\/span><\/p>\n<p style=\"text-align: justify;\"><span style=\"font-family: comic sans ms, sans-serif; font-size: 14pt;\"><strong>Codepink<\/strong> non seulement ne se livre pas au harc\u00e8lement des m\u00e2les dans les pr\u00e9toires, mais en accueille m\u00eame dans ses rangs.\u00a0 On ne compte plus les fois o\u00f9 l\u2019infatigable M\u00e9d\u00e9a Benjamin, sa fondatrice, s\u2019est fait embarquer par la mar\u00e9chauss\u00e9e ou expulser manu militari d\u2019une sauterie de l\u2019empire, pour avoir troubl\u00e9 son bon fonctionnement.<\/span><\/p>\n<p style=\"text-align: justify;\"><span style=\"font-family: comic sans ms, sans-serif; font-size: 14pt;\">Le groupe compte plus de 250 sections locales dans le monde entier.<\/span><\/p>\n<p style=\"text-align: justify;\"><span style=\"font-family: comic sans ms, sans-serif; font-size: 14pt;\">On aurait d\u00fb vous en parler depuis bien longtemps\u2026 pour r\u00e9parer, voici le dernier message\u00a0qu\u2019on en a re\u00e7u \u2013 copie d\u2019un appel \u00e0 ses compatriotes.<\/span><\/p>\n<p>&nbsp;<\/p>\n<p>&nbsp;<\/p>\n<p>&nbsp;<\/p>\n<p style=\"text-align: center;\"><a href=\"http:\/\/blog.lesgrossesorchadeslesamplesthalameges.fr\/wp-content\/uploads\/2020\/06\/Justice_For_Floyd_fb.jpg\"><img loading=\"lazy\" class=\"alignnone wp-image-11017 size-full\" src=\"http:\/\/blog.lesgrossesorchadeslesamplesthalameges.fr\/wp-content\/uploads\/2020\/06\/Justice_For_Floyd_fb.jpg\" alt=\"\" width=\"600\" height=\"315\" srcset=\"https:\/\/blog.lesgrossesorchadeslesamplesthalameges.fr\/wp-content\/uploads\/2020\/06\/Justice_For_Floyd_fb.jpg 600w, https:\/\/blog.lesgrossesorchadeslesamplesthalameges.fr\/wp-content\/uploads\/2020\/06\/Justice_For_Floyd_fb-300x158.jpg 300w\" sizes=\"(max-width: 600px) 100vw, 600px\" \/><\/a><\/p>\n<p>&nbsp;<\/p>\n<p>&nbsp;<\/p>\n<p style=\"text-align: center;\"><span style=\"font-family: times new roman, times, serif; font-size: 36pt;\"><strong>Des armes isra\u00e9liennes \u00e0 Minneapolis<\/strong><\/span><\/p>\n<p style=\"text-align: center;\"><span style=\"font-family: times new roman, times, serif; font-size: 14pt;\"><strong>\u00a0<\/strong><\/span><\/p>\n<p style=\"text-align: center;\"><span style=\"font-family: times new roman, times, serif; font-size: 18pt;\"><strong>Ariel Gold \u2013 <em>Code Pink<\/em> \u2013 7.6.2020<\/strong><\/span><\/p>\n<p style=\"text-align: justify;\"><span style=\"font-family: times new roman, times, serif; font-size: 14pt;\"><strong>\u00a0<\/strong><\/span><\/p>\n<p>&nbsp;<\/p>\n<p style=\"text-align: center;\"><a href=\"http:\/\/blog.lesgrossesorchadeslesamplesthalameges.fr\/wp-content\/uploads\/2020\/06\/CODEPINK-1.png\"><img loading=\"lazy\" class=\"alignnone wp-image-11050\" src=\"http:\/\/blog.lesgrossesorchadeslesamplesthalameges.fr\/wp-content\/uploads\/2020\/06\/CODEPINK-1-300x200.png\" alt=\"\" width=\"500\" height=\"333\" srcset=\"https:\/\/blog.lesgrossesorchadeslesamplesthalameges.fr\/wp-content\/uploads\/2020\/06\/CODEPINK-1-300x200.png 300w, https:\/\/blog.lesgrossesorchadeslesamplesthalameges.fr\/wp-content\/uploads\/2020\/06\/CODEPINK-1.png 600w\" sizes=\"(max-width: 500px) 100vw, 500px\" \/><\/a><\/p>\n<p>&nbsp;<\/p>\n<p style=\"text-align: justify;\"><span style=\"font-family: times new roman, times, serif; font-size: 14pt;\"><strong>\u00a0<\/strong><\/span><\/p>\n<p style=\"text-align: justify;\"><span style=\"font-family: tahoma, arial, helvetica, sans-serif; font-size: 14pt;\"><strong>Vous vous rappelez les drones qui se sont mis \u00e0 survoler Minneapolis aussit\u00f4t apr\u00e8s la mort de George Floyd\u00a0? Vous avez \u00e9t\u00e9 surpris\u00a0? Eh bien, vous n\u2019auriez pas d\u00fb l\u2019\u00eatre, puisque le Minnesota a investi 82,1 millions de dollars dans le plus grand complexe militaro-industriel isra\u00e9lien ELBIT SYSTEMS, qui est aussi le plus gros exportateur de drones dans le monde.<\/strong><\/span><\/p>\n<p style=\"text-align: justify;\"><span style=\"font-family: tahoma, arial, helvetica, sans-serif; font-size: 14pt;\"><strong>En r\u00e9clamant la fin du racisme et de la violence \u00ab\u00a0du milieu de l\u2019Am\u00e9rique \u00e0 la Palestine\u00a0\u00bb, il nous faut retirer sans tarder ce que nous avons investi dans la production et le trafic des armes de guerre.<\/strong><\/span><\/p>\n<p style=\"text-align: justify;\"><span style=\"font-family: tahoma, arial, helvetica, sans-serif; font-size: 14pt; color: #ce0099;\"><strong>Dites au gouverneur du Minnesota Tim Walz que vous voulez qu\u2019il d\u00e9sinvestisse d\u2019ELBIT les fonds de pension de l\u2019\u00c9tat\u00a0!<\/strong><\/span><\/p>\n<p style=\"text-align: justify;\"><span style=\"font-family: times new roman, times, serif; font-size: 14pt;\"><strong>\u00a0<\/strong><\/span><\/p>\n<p>&nbsp;<\/p>\n<p style=\"text-align: justify;\"><span style=\"font-family: tahoma, arial, helvetica, sans-serif; font-size: 12pt;\">Ch\u00e8re Th\u00e9roigne<\/span><\/p>\n<p style=\"text-align: justify;\"><span style=\"font-family: tahoma, arial, helvetica, sans-serif; font-size: 12pt;\"><em>cc. pour vous<\/em>:<\/span><\/p>\n<p style=\"text-align: justify;\"><span style=\"font-family: tahoma, arial, helvetica, sans-serif; font-size: 12pt;\">Le 29 mai, aussit\u00f4t apr\u00e8s le meurtre de George Floyd, la ville de Minneapolis a \u00e9t\u00e9 instantan\u00e9ment transform\u00e9e en zone de guerre\u00a0: v\u00e9hicules militaires lourdement blind\u00e9s sillonnant les rues, rang\u00e9es de policiers anti-\u00e9meutes en tenue de combat sorties de nulle part et drones bourdonnant par-dessus les t\u00eates.<\/span><\/p>\n<p style=\"text-align: justify;\"><span style=\"font-family: tahoma, arial, helvetica, sans-serif; font-size: 12pt;\">Savez-vous que le Conseil d\u2019\u00c9tat aux Investissements du Minnesota d\u00e9tient quelque chose comme 10.000 actions \u2013pour un montant de 82,1 millions de dollars \u2013 du plus grand complexe militaro-industriel isra\u00e9lien, qui se trouve \u00eatre le plus gros exportateur de drones au monde ?<\/span><\/p>\n<p style=\"text-align: justify;\"><span style=\"font-family: tahoma, arial, helvetica, sans-serif; font-size: 12pt; color: #ce0099;\"><strong>Contactez le gouverneur Tim Walz et faites pression sur lui pour qu\u2019il d\u00e9sinvestisse sans tarder les fonds de pension de l\u2019\u00c9tat investis dans ELBIT SYSTEMS .<\/strong><\/span><\/p>\n<p style=\"text-align: justify;\"><span style=\"font-family: tahoma, arial, helvetica, sans-serif; font-size: 12pt;\">ELBIT a \u00e9t\u00e9 partie prenante de toutes les principales attaques d\u2019Isra\u00ebl contre Gaza et est sous contrat avec le minist\u00e8re US de la S\u00e9curit\u00e9 du Territoire pour, entre autres choses, assurer un mur virtuel de surveillance \u00e0 la fronti\u00e8re USA-Mexique.<\/span><\/p>\n<p>&nbsp;<\/p>\n<p>&nbsp;<\/p>\n<p style=\"text-align: center;\"><a href=\"http:\/\/blog.lesgrossesorchadeslesamplesthalameges.fr\/wp-content\/uploads\/2020\/06\/WALLS-1.jpg\"><img loading=\"lazy\" class=\"alignnone wp-image-11049 size-full\" src=\"http:\/\/blog.lesgrossesorchadeslesamplesthalameges.fr\/wp-content\/uploads\/2020\/06\/WALLS-1.jpg\" alt=\"\" width=\"600\" height=\"450\" srcset=\"https:\/\/blog.lesgrossesorchadeslesamplesthalameges.fr\/wp-content\/uploads\/2020\/06\/WALLS-1.jpg 600w, https:\/\/blog.lesgrossesorchadeslesamplesthalameges.fr\/wp-content\/uploads\/2020\/06\/WALLS-1-300x225.jpg 300w\" sizes=\"(max-width: 600px) 100vw, 600px\" \/><\/a><\/p>\n<p>&nbsp;<\/p>\n<p>&nbsp;<\/p>\n<p style=\"text-align: justify;\"><span style=\"font-family: tahoma, arial, helvetica, sans-serif; font-size: 12pt;\">Dans les offres publicitaires qu\u2019il fait \u00e0 toutes sortes de gouvernements dans le monde, ELBIT vante ses \u00e9quipements comme \u00ab\u00a0test\u00e9s au combat\u00a0\u00bb. Cela signifie \u00ab\u00a0test\u00e9s sur les civils palestiniens\u00a0\u00bb. Les drones d\u2019ELBIT survolent en permanence la zone de Gaza, pour fournir la surveillance de ciblage n\u00e9cessaire aux attaques militaires et aux tirs de snipers \u00e0 balles r\u00e9elles sur les manifestations non-violentes.<\/span><\/p>\n<p style=\"text-align: justify;\"><span style=\"font-family: tahoma, arial, helvetica, sans-serif; font-size: 12pt;\">Comment douter que ce soient les drones d\u2019ELBIT qui ont survol\u00e9 Minneapolis, quand on sait que l\u2019Universit\u00e9 d\u2019\u00c9tat du Minnesota, situ\u00e9e dans la zone m\u00e9tropolitaine Minneapolis-Saint Paul, travaille en partenariat avec ELBIT dans un centre de formation en cybers\u00e9curit\u00e9 de pointe\u00a0? Quelques repr\u00e9sentants D\u00e9mocrates au Congr\u00e8s viennent d\u2019\u00e9crire au ministre de la S\u00e9curit\u00e9 du Territoire Chad Wolf, pour lui faire part de leurs \u00ab\u00a0graves pr\u00e9occupations\u00a0\u00bb\u00a0 quant \u00e0 l\u2019usage qui a \u00e9t\u00e9 fait de drones au-dessus de Minneapolis le 29 mai \u00ab\u00a0pour surveiller et intimider\u00a0\u00bb les manifestants. <span style=\"color: #ce0099;\"><strong>Apportez votre soutien \u00e0 cette lettre en\u00a0 agissant de votre c\u00f4t\u00e9\u00a0: contactez tout de suite, en masse, le gouverneur Walz, et dites-lui de trancher une fois pour toutes les liens du gouvernement du Minnesota avec ELBIT SYSTEMS.<\/strong><\/span><\/span><\/p>\n<p style=\"text-align: justify;\"><span style=\"font-family: tahoma, arial, helvetica, sans-serif; font-size: 12pt;\">Il faut savoir aussi que le partenariat entre les complexes militaro-industriels US et isra\u00e9lien ne sont pas tout l\u2019iceberg, mais seulement sa partie \u00e9merg\u00e9e. Gr\u00e2ce au travail accompli par nos partenaires de <em>Voix juives pour la Paix<\/em>, l\u2019entra\u00eenement des polices US par l\u2019arm\u00e9e isra\u00e9lienne a pu \u00eatre r\u00e9v\u00e9l\u00e9 et d\u00e9nonc\u00e9. Leur\u00a0 campagne \u00ab\u00a0\u00c9changes funestes\u00a0\u00bb explique comment ces programmes d\u2019\u00e9changes servent \u00e0 partager, \u00e0 promouvoir et \u00e0 \u00e9largir les politiques de discrimination et de r\u00e9pression dans les deux pays. Les policiers US apprennent des militaires isra\u00e9liens et les militaires isra\u00e9liens apprennent des services de police US les tactiques de la guerre urbaine, le profilage racial, les ex\u00e9cutions extra-judiciaires de d\u00e9fenseurs des droits humains, les politiques du tirer-pour-tuer et l\u2019organisation de r\u00e9seaux de surveillance massifs pour espionner et contr\u00f4ler.<\/span><\/p>\n<p style=\"text-align: justify;\"><span style=\"font-family: tahoma, arial, helvetica, sans-serif; font-size: 12pt;\">De la Palestine aux \u00c9tats-Unis, ELBIT fournit des outils pour espionner, surveiller et abattre. <span style=\"color: #ce0099;\"><strong>Dites au gouverneur Walz que mettre fin \u00e0 une politique de violence raciste signifie mettre fin aux relations de son \u00c9tat avec ce g\u00e9ant de l\u2019armement isra\u00e9lien. Exigez de lui qu\u2019il d\u00e9sinvestisse l\u2019argent du Minnesota investi dans ELBIT.<\/strong><\/span><\/span><\/p>\n<p style=\"text-align: justify;\"><span style=\"font-family: tahoma, arial, helvetica, sans-serif; font-size: 12pt;\">En solidarit\u00e9 avec tous les manifestants non-violents, du Minnesota \u00e0 la Palestine.<\/span><\/p>\n<p style=\"text-align: justify;\"><span style=\"font-family: tahoma, arial, helvetica, sans-serif; font-size: 12pt;\"><strong><em>Ariel Gold et toute l\u2019\u00e9quipe de CODEPINK :\u00a0Ann, Asia, Carley, Caty, Cody, Emily,\u00a0Jodie, Kelsey, Leila, Leonardo, Makena, Mary, Medea, Michelle, Nancy, Paki, Teri, et\u00a0Yousef<\/em><\/strong><\/span><\/p>\n<p>&nbsp;<\/p>\n<p style=\"text-align: justify;\"><span style=\"font-family: tahoma, arial, helvetica, sans-serif; font-size: 12pt;\">Sur le site : <a href=\"https:\/\/www.codepink.org\/israeli_weapons_in_minneapolis\">https:\/\/www.codepink.org\/israeli_weapons_in_minneapolis<\/a><\/span><\/p>\n<p>&nbsp;<\/p>\n<p>&nbsp;<\/p>\n<p style=\"text-align: center;\"><a href=\"http:\/\/blog.lesgrossesorchadeslesamplesthalameges.fr\/wp-content\/uploads\/2020\/06\/POING-AFRIQUE-GIF-1.gif\"><img loading=\"lazy\" class=\"alignnone wp-image-11044\" src=\"http:\/\/blog.lesgrossesorchadeslesamplesthalameges.fr\/wp-content\/uploads\/2020\/06\/POING-AFRIQUE-GIF-1.gif\" alt=\"\" width=\"60\" height=\"60\" \/><\/a><\/p>\n<p>&nbsp;<\/p>\n<p style=\"text-align: justify;\"><span style=\"font-family: tahoma, arial, helvetica, sans-serif; font-size: 14pt;\"><strong>\u00ab\u00a0r\u00e9seaux de surveillance massifs pour espionner et contr\u00f4ler\u00a0\u00bb<\/strong>\u00a0?\u00a0: Facebook, Twitter, Linkedin, Instagram, etc. etc. etc. \u2013 LGO<\/span><\/p>\n<p>&nbsp;<\/p>\n<p style=\"text-align: center;\"><a href=\"http:\/\/blog.lesgrossesorchadeslesamplesthalameges.fr\/wp-content\/uploads\/2020\/06\/POING-AFRIQUE-GIF-1.gif\"><img loading=\"lazy\" class=\"alignnone wp-image-11044\" src=\"http:\/\/blog.lesgrossesorchadeslesamplesthalameges.fr\/wp-content\/uploads\/2020\/06\/POING-AFRIQUE-GIF-1.gif\" alt=\"\" width=\"60\" height=\"60\" \/><\/a><\/p>\n<p>&nbsp;<\/p>\n<p>&nbsp;<\/p>\n<p style=\"text-align: justify;\"><strong><span style=\"font-family: comic sans ms, sans-serif; font-size: 14pt;\">\u00c9galement sur Code Pink\u00a0:<\/span><\/strong><\/p>\n<p>&nbsp;<\/p>\n<p>&nbsp;<\/p>\n<p style=\"text-align: center;\"><span style=\"font-family: times new roman, times, serif; font-size: 36pt;\"><strong>Les USA n\u2019ont pas \u00e0 se m\u00ealer du commerce entre l\u2019Iran et le Venezuela<\/strong><\/span><\/p>\n<p>&nbsp;<\/p>\n<p>&nbsp;<\/p>\n<p style=\"text-align: center;\"><a href=\"http:\/\/blog.lesgrossesorchadeslesamplesthalameges.fr\/wp-content\/uploads\/2020\/06\/VZ_Iran_Trade-1.jpg\"><img loading=\"lazy\" class=\"alignnone wp-image-11051 size-full\" src=\"http:\/\/blog.lesgrossesorchadeslesamplesthalameges.fr\/wp-content\/uploads\/2020\/06\/VZ_Iran_Trade-1.jpg\" alt=\"\" width=\"600\" height=\"300\" srcset=\"https:\/\/blog.lesgrossesorchadeslesamplesthalameges.fr\/wp-content\/uploads\/2020\/06\/VZ_Iran_Trade-1.jpg 600w, https:\/\/blog.lesgrossesorchadeslesamplesthalameges.fr\/wp-content\/uploads\/2020\/06\/VZ_Iran_Trade-1-300x150.jpg 300w\" sizes=\"(max-width: 600px) 100vw, 600px\" \/><\/a><\/p>\n<p style=\"text-align: justify;\"><span style=\"font-family: times new roman, times, serif; font-size: 14pt;\"><strong>\u00a0<\/strong><\/span><\/p>\n<p style=\"text-align: justify;\"><span style=\"font-family: times new roman, times, serif; font-size: 14pt;\">Lire en anglais\u00a0: <a href=\"https:\/\/www.codepink.org\/two_wars_with_one_naval_interception\">https:\/\/www.codepink.org\/two_wars_with_one_naval_interception<\/a><\/span><\/p>\n<p>&nbsp;<\/p>\n<p>&nbsp;<\/p>\n<p style=\"text-align: center;\"><span style=\"font-family: times new roman, times, serif; font-size: 14pt;\"><strong>\u00a0<a href=\"http:\/\/blog.lesgrossesorchadeslesamplesthalameges.fr\/wp-content\/uploads\/2020\/06\/POING-AFRIQUE-GIF-1.gif\"><img loading=\"lazy\" class=\"alignnone wp-image-11044\" src=\"http:\/\/blog.lesgrossesorchadeslesamplesthalameges.fr\/wp-content\/uploads\/2020\/06\/POING-AFRIQUE-GIF-1.gif\" alt=\"\" width=\"60\" height=\"60\" \/><\/a><\/strong><\/span><\/p>\n<p>&nbsp;<\/p>\n<p>&nbsp;<\/p>\n<p style=\"text-align: justify;\"><span style=\"font-family: comic sans ms, sans-serif; font-size: 14pt;\"><strong>Pendant que nous y sommes, une autre initiative en cours de Code Pink\u00a0qu\u2019il faut soutenir :<\/strong><\/span><\/p>\n<p style=\"text-align: justify;\"><span style=\"font-family: times new roman, times, serif; font-size: 14pt;\"><strong>\u00a0<\/strong><\/span><\/p>\n<p style=\"text-align: center;\"><span style=\"font-family: times new roman, times, serif; font-size: 36pt;\"><strong>Le prix Nobel pour les docteurs cubains\u00a0!<\/strong><\/span><\/p>\n<p style=\"text-align: justify;\"><span style=\"font-family: times new roman, times, serif; font-size: 14pt;\"><strong>\u00a0<\/strong><\/span><\/p>\n<p>&nbsp;<\/p>\n<p style=\"text-align: center;\"><span style=\"font-family: times new roman, times, serif; font-size: 14pt;\"><strong>\u00a0<a href=\"http:\/\/blog.lesgrossesorchadeslesamplesthalameges.fr\/wp-content\/uploads\/2020\/06\/cuba_nobel_share_2-1.jpg\"><img loading=\"lazy\" class=\"alignnone wp-image-11052 size-full\" src=\"http:\/\/blog.lesgrossesorchadeslesamplesthalameges.fr\/wp-content\/uploads\/2020\/06\/cuba_nobel_share_2-1.jpg\" alt=\"\" width=\"600\" height=\"315\" srcset=\"https:\/\/blog.lesgrossesorchadeslesamplesthalameges.fr\/wp-content\/uploads\/2020\/06\/cuba_nobel_share_2-1.jpg 600w, https:\/\/blog.lesgrossesorchadeslesamplesthalameges.fr\/wp-content\/uploads\/2020\/06\/cuba_nobel_share_2-1-300x158.jpg 300w\" sizes=\"(max-width: 600px) 100vw, 600px\" \/><\/a><\/strong><\/span><\/p>\n<p>&nbsp;<\/p>\n<p>&nbsp;<\/p>\n<p>&nbsp;<\/p>\n<p style=\"text-align: justify;\"><span style=\"font-family: tahoma, arial, helvetica, sans-serif; font-size: 14pt;\">Alors que Trump supprime le financement de l\u2019OMS, diffame la Chine et <a href=\"https:\/\/www.youtube.com\/watch?v=ghHlRxQeLBo\">pirate les \u00e9quipements m\u00e9dicaux des autres pays<\/a>, les m\u00e9decins cubains combattent le Covid-19 partout dans le monde. La Brigade M\u00e9dicale Internationale Henry Reeve op\u00e8re actuellement dans 22 pays pour venir \u00e0 bout du coronavirus. Ces docteurs et ces infirmi\u00e8res sont v\u00e9ritablement les plus dignes d\u2019un Prix Nobel de la Paix.<\/span><\/p>\n<p>&nbsp;<\/p>\n<p style=\"text-align: justify;\"><span style=\"font-family: tahoma, arial, helvetica, sans-serif; font-size: 14pt;\"><strong>La p\u00e9tition n\u2019existe pas en fran\u00e7ais, mais vous pouvez la signer en anglais ou en espagnol. Ou, mieux encore, la traduire en fran\u00e7ais et la faire circuler. \u2013 LGO.<\/strong><\/span><\/p>\n<p style=\"text-align: center;\"><a href=\"http:\/\/blog.lesgrossesorchadeslesamplesthalameges.fr\/wp-content\/uploads\/2020\/06\/000.-freccia-nera-piccola-xx-2.gif\"><img loading=\"lazy\" class=\"alignnone size-full wp-image-11053\" src=\"http:\/\/blog.lesgrossesorchadeslesamplesthalameges.fr\/wp-content\/uploads\/2020\/06\/000.-freccia-nera-piccola-xx-2.gif\" alt=\"\" width=\"46\" height=\"46\" \/><\/a><\/p>\n<p style=\"text-align: center;\"><span style=\"font-family: tahoma, arial, helvetica, sans-serif; font-size: 14pt;\"><a href=\"https:\/\/www.codepink.org\/nobelcuba\"><strong>https:\/\/www.codepink.org\/nobelcuba<\/strong><\/a><\/span><\/p>\n<p style=\"text-align: justify;\"><span style=\"font-family: times new roman, times, serif; font-size: 14pt;\"><strong>\u00a0<\/strong><\/span><\/p>\n<p>&nbsp;<\/p>\n<p style=\"text-align: left;\"><span style=\"font-family: times new roman, times, serif; font-size: 14pt;\"><strong>URL de cet article\u00a0: <\/strong><a href=\"http:\/\/blog.lesgrossesorchadeslesamplesthalameges.fr\/index.php\/code-pink\/\">http:\/\/blog.lesgrossesorchadeslesamplesthalameges.fr\/index.php\/code-pink\/<\/a><\/span><\/p>\n<p><strong>\u00a0<\/strong><\/p>\n<p>&nbsp;<\/p>\n<p style=\"text-align: center;\"><span style=\"font-family: comic sans ms, sans-serif; font-size: 14pt;\"><strong><a href=\"http:\/\/blog.lesgrossesorchadeslesamplesthalameges.fr\/wp-content\/uploads\/2020\/06\/POING-AFRIQUE-GIF-1.gif\"><img loading=\"lazy\" class=\"wp-image-11044 size-full aligncenter\" src=\"http:\/\/blog.lesgrossesorchadeslesamplesthalameges.fr\/wp-content\/uploads\/2020\/06\/POING-AFRIQUE-GIF-1.gif\" alt=\"\" width=\"100\" height=\"100\" \/><\/a><\/strong><\/span><\/p>\n<p>&nbsp;<\/p>\n<p style=\"text-align: right;\"><span style=\"font-family: comic sans ms, sans-serif; font-size: 14pt;\"><strong>Juin 2020<\/strong><\/span><\/p>\n<p>&nbsp;<\/p>\n<p>&nbsp;<\/p>\n","protected":false},"excerpt":{"rendered":"<p>&nbsp; &nbsp; &nbsp; &nbsp; &nbsp; &nbsp; Code Pink &nbsp; &nbsp; \u00ab\u00a0Code Pink \u2013 Women for Peace\u00a0\u00bb (Code Rose \u2013 Femmes pour la Paix) est une organisation f\u00e9minine US anti-guerre non-violente, cr\u00e9\u00e9e au moment de la guerre d\u2019Irak. Comme son nom l\u2019indique, elle s\u2019oppose \u00e0 toutes les guerres, mais est \u00e9galement tr\u00e8s engag\u00e9e, et depuis longtemps,&#8230;<\/p>\n","protected":false},"author":1,"featured_media":0,"parent":0,"menu_order":0,"comment_status":"open","ping_status":"open","template":"","meta":[],"_links":{"self":[{"href":"https:\/\/blog.lesgrossesorchadeslesamplesthalameges.fr\/index.php\/wp-json\/wp\/v2\/pages\/11048"}],"collection":[{"href":"https:\/\/blog.lesgrossesorchadeslesamplesthalameges.fr\/index.php\/wp-json\/wp\/v2\/pages"}],"about":[{"href":"https:\/\/blog.lesgrossesorchadeslesamplesthalameges.fr\/index.php\/wp-json\/wp\/v2\/types\/page"}],"author":[{"embeddable":true,"href":"https:\/\/blog.lesgrossesorchadeslesamplesthalameges.fr\/index.php\/wp-json\/wp\/v2\/users\/1"}],"replies":[{"embeddable":true,"href":"https:\/\/blog.lesgrossesorchadeslesamplesthalameges.fr\/index.php\/wp-json\/wp\/v2\/comments?post=11048"}],"version-history":[{"count":0,"href":"https:\/\/blog.lesgrossesorchadeslesamplesthalameges.fr\/index.php\/wp-json\/wp\/v2\/pages\/11048\/revisions"}],"wp:attachment":[{"href":"https:\/\/blog.lesgrossesorchadeslesamplesthalameges.fr\/index.php\/wp-json\/wp\/v2\/media?parent=11048"}],"curies":[{"name":"wp","href":"https:\/\/api.w.org\/{rel}","templated":true}]}}