{"id":11064,"date":"2020-06-09T00:24:48","date_gmt":"2020-06-08T22:24:48","guid":{"rendered":"http:\/\/blog.lesgrossesorchadeslesamplesthalameges.fr\/?page_id=11064"},"modified":"2020-06-09T00:25:31","modified_gmt":"2020-06-08T22:25:31","slug":"de-la-normalisation-par-la-religion","status":"publish","type":"page","link":"https:\/\/blog.lesgrossesorchadeslesamplesthalameges.fr\/index.php\/de-la-normalisation-par-la-religion\/","title":{"rendered":"De la normalisation par la religion"},"content":{"rendered":"<p>&nbsp;<\/p>\n<p>&nbsp;<\/p>\n<p>&nbsp;<\/p>\n<p>&nbsp;<\/p>\n<p>&nbsp;<\/p>\n<p>&nbsp;<\/p>\n<p>&nbsp;<\/p>\n<p style=\"text-align: center;\"><span style=\"font-family: times new roman, times, serif; font-size: 36pt;\"><strong>De la normalisation par la religion aux campagnes de boycott, quel avenir pour la cause palestinienne ?<\/strong><\/span><\/p>\n<p>&nbsp;<\/p>\n<p style=\"text-align: center;\"><span style=\"font-family: times new roman, times, serif; font-size: 18pt;\"><strong>Gilles Munier \u2013 <em>France-Irak-Actualit\u00e9s<\/em> \u2013 6 .6.2020<\/strong><\/span><\/p>\n<p>&nbsp;<\/p>\n<p>&nbsp;<\/p>\n<p style=\"text-align: center;\"><span style=\"font-family: times new roman, times, serif; font-size: 14pt;\"><strong>\u00a0<a href=\"http:\/\/blog.lesgrossesorchadeslesamplesthalameges.fr\/wp-content\/uploads\/2020\/06\/Eglise-Palestine-1.jpg\"><img loading=\"lazy\" class=\"alignnone wp-image-11066 size-full\" src=\"http:\/\/blog.lesgrossesorchadeslesamplesthalameges.fr\/wp-content\/uploads\/2020\/06\/Eglise-Palestine-1.jpg\" alt=\"\" width=\"600\" height=\"337\" srcset=\"https:\/\/blog.lesgrossesorchadeslesamplesthalameges.fr\/wp-content\/uploads\/2020\/06\/Eglise-Palestine-1.jpg 600w, https:\/\/blog.lesgrossesorchadeslesamplesthalameges.fr\/wp-content\/uploads\/2020\/06\/Eglise-Palestine-1-300x169.jpg 300w\" sizes=\"(max-width: 600px) 100vw, 600px\" \/><\/a><\/strong><\/span><\/p>\n<p>&nbsp;<\/p>\n<p style=\"text-align: justify;\"><span style=\"font-family: times new roman, times, serif; font-size: 14pt;\"><strong>Par Antoine Charpentier <em>(revue de presse\u00a0: alahed news \u2013 juin 2020)*<\/em><\/strong><\/span><\/p>\n<p>&nbsp;<\/p>\n<p>&nbsp;<\/p>\n<p style=\"text-align: justify;\"><span style=\"font-family: tahoma, arial, helvetica, sans-serif; font-size: 14pt;\"><strong>Multiples sont de nos jours les voies de la \u00ab\u00a0normalisation\u00a0\u00bb arabe et occidentale avec l\u2019Entit\u00e9 d\u2019Isra\u00ebl, au d\u00e9triment de la cause palestinienne. L\u2019objectif principal de cette normalisation est de faire oublier les droits et les situations tragiques que vit au quotidien le peuple palestinien depuis plusieurs d\u00e9cennies. La normalisation par la religion qu\u2019elle soit chr\u00e9tienne ou musulmane, devient en quelque sorte un fait accompli pratiqu\u00e9 sous l\u2019\u00e9tiquette de la visite des lieux saints, justifi\u00e9e par une interpr\u00e9tation th\u00e9ologique bancale et un sens ambigu du travail pastoral.<\/strong><\/span><\/p>\n<p>&nbsp;<\/p>\n<p style=\"text-align: justify;\"><span style=\"font-family: times new roman, times, serif; font-size: 14pt;\">Face \u00e0 la normalisation par la religion interviennent des mouvements de boycott qui se multiplient et prennent de plus en plus d\u2019ampleur depuis 2005. Les mouvements de boycott mobilisent de nombreuses organisations religieuses arabes et occidentales, et m\u00eame quelques pays et gouvernements \u00e0 travers le monde.<\/span><\/p>\n<p style=\"text-align: justify;\"><span style=\"font-family: times new roman, times, serif; font-size: 14pt;\">Les chr\u00e9tiens dans le monde, notamment au Moyen-Orient souffrent de divisions au sujet de la cause palestinienne. Toutefois, nombreuses sont les d\u00e9marches, les projets et les activit\u00e9s des \u00c9glises palestiniennes contre l\u2019occupation isra\u00e9lienne, et les d\u00e9marches de normalisation par la religion. Il convient de pr\u00e9ciser qu\u2019en 2009 les chefs religieux chr\u00e9tiens en Palestine ont organis\u00e9 un <em>sit-in<\/em> au nom de la justice en Palestine et qu\u2019en 2018 environ 300 repr\u00e9sentants des \u00c9glises chr\u00e9tiennes palestiniennes se sont r\u00e9unis en un second <em>sit-in<\/em> pour le droit et la justice en Palestine.<\/span><\/p>\n<p style=\"text-align: justify;\"><span style=\"font-family: times new roman, times, serif; font-size: 14pt;\">Quant au Vatican, il n\u2019a reconnu l\u2019\u00c9tat de Palestine que le 13 mai 2015, ce qui arrive trop tard, compte tenu surtout de la reconnaissance par le Vatican de l\u2019\u00ab-l\u2019\u00ab\u00a0\u00c9tat\u00a0\u00bb d\u2019Isra\u00ebl le 30 d\u00e9cembre 1993.\u00a0 Le Vatican continue d\u2019adopter un ton tr\u00e8s diplomatique et complaisant au sujet de la cause palestinienne et du conflit isra\u00e9lo-arabe. Si le positionnement du Vatican est quelque peu compr\u00e9hensible, il demeure similaire \u00e0 celui de nombreux pays occidentaux.<\/span><\/p>\n<p style=\"text-align: justify;\"><span style=\"font-family: times new roman, times, serif; font-size: 14pt;\">Les positions du Vatican sont claires, elles mettent, de prime abord, l\u2019accent sur le dialogue entre Palestiniens et Isra\u00e9liens. Cependant, tout le monde sait \u2013 le Vatican y compris \u2013 \u00ab\u00a0qui\u00a0\u00bb rejette le dialogue, \u00ab\u00a0qui\u00a0\u00bb pratique l\u2019occupation, emploie les m\u00e9thodes de si\u00e8ge, de blocus, de r\u00e9pression, de discrimination \u00e0 l\u2019encontre des Palestiniens, ainsi que la destruction de leurs maisons. Nous ne pouvons peut-\u00eatre pas bl\u00e2mer le Vatican d\u2019avoir opt\u00e9 pour une position aussi diplomatique, mais il y a certaines choses que la th\u00e9orie chr\u00e9tienne peut difficilement ignorer, notamment lorsqu\u2019il s\u2019agit du passage de l\u2019\u00e9vangile de Saint Mathieu chapitre 25, verset 35 \u00e0 45. Les positions du Vatican au sujet de la Palestine lui ont valu, \u00e0 plusieurs reprises, des critiques s\u00e9v\u00e8res de la part des chefs des \u00c9glises palestiniennes. Il est clair que le Vatican, par sa d\u00e9marche, manque au principe de la subsidiarit\u00e9, cher \u00e0 l\u2019enseignement social de l\u2019\u00c9glise catholique.<\/span><\/p>\n<p style=\"text-align: justify;\"><span style=\"font-family: times new roman, times, serif; font-size: 14pt;\">Les positions des \u00c9glises orientales varient au sujet de la Palestine. Apr\u00e8s les positions du pape copte Shenouda appelant au boycott et \u00e0 la cessation des p\u00e8lerinages chr\u00e9tiens en Terre Sainte, intervient la position plus complaisante de son successeur le pape Th\u00e9odore, qui s\u2019est traduite par une visite \u00e0 Al-Qods occup\u00e9e en 2015.<\/span><\/p>\n<p style=\"text-align: justify;\"><span style=\"font-family: times new roman, times, serif; font-size: 14pt;\">L\u2019actuel patriarche maronite Bishara al-Ra\u2019i a \u00e9galement visit\u00e9 Al-Qods en 2014 sous pr\u00e9texte d\u2019accompagner le Pape Fran\u00e7ois dans sa visite, mais il convient de noter que cela n\u2019\u00e9tait pas n\u00e9cessaire, ni exig\u00e9 par le pape. Le Patriarche maronite a justifi\u00e9 sa visite en \u00ab\u00a0Isra\u00ebl\u00a0\u00bb par son devoir pastoral.<\/span><\/p>\n<p style=\"text-align: justify;\"><span style=\"font-family: times new roman, times, serif; font-size: 14pt;\">Mais, par ailleurs, le Congr\u00e8s des \u00c9glises orientales soutient enti\u00e8rement la cause palestinienne, le droit des Palestiniens d\u2019avoir leur \u00c9tat propre et de vivre librement dans la dignit\u00e9. Le Congr\u00e8s a mis l\u2019accent, lors de sa derni\u00e8re r\u00e9union en 2018 \u00e0 Bagdad, sur le droit au retour des r\u00e9fugi\u00e9s.<\/span><\/p>\n<p style=\"text-align: justify;\"><span style=\"font-family: times new roman, times, serif; font-size: 14pt;\">Le contraste entre les \u00c9glises orientales et occidentales est bien visible et r\u00e9el. Il est \u00e9galement visible au niveau des gouvernements, de certains clercs et des peuples arabes. Ces derniers demeurent majoritairement ralli\u00e9s \u00e0 la cause palestinienne. L\u2019un des principaux objectifs de la mission des \u00c9glises est d\u2019\u00e9couter le peuple de Dieu.<\/span><\/p>\n<p style=\"text-align: justify;\"><span style=\"font-family: times new roman, times, serif; font-size: 14pt;\">En ce temps de \u00ab\u00a0normalisation\u00a0\u00bb les p\u00e8lerinages religieux se multiplient.<\/span><\/p>\n<p style=\"text-align: justify;\"><span style=\"font-family: times new roman, times, serif; font-size: 14pt;\">Selon le rapport officiel du minist\u00e8re isra\u00e9lien du Tourisme, cit\u00e9 par le site <em>Aleteia,<\/em> le nombre de p\u00e8lerins chr\u00e9tiens en Terre Sainte a augment\u00e9 de 10,6% en 2019. Le nombre total des p\u00e8lerins chr\u00e9tiens a avoisin\u00e9 les 4,6 millions de personnes, sans compter les p\u00e8lerins d\u2019autres religions. Nul n\u2019exige des \u00c9glises d\u2019arr\u00eater leurs visites en Terre Sainte, mais ne serait-ce pas une carte \u00e0 jouer que celle de la pression diplomatique, dans le but de ramener le gouvernement isra\u00e9lien \u00e0 la table des n\u00e9gociations, en vue d\u2019all\u00e9ger le poids de l\u2019injustice contre le peuple palestinien, en essayant de trouver une solution fiable, durable et \u00e9conomique\u00a0?<\/span><\/p>\n<p style=\"text-align: justify;\"><span style=\"font-family: times new roman, times, serif; font-size: 14pt;\">Nombreux sont les individus qui voient dans les p\u00e8lerinages en Terre Sainte une fa\u00e7on de soutenir les chr\u00e9tiens d\u2019Al-Qods. Cependant, plusieurs questions se posent\u00a0\u00e0 propos de cette d\u00e9marche : quel est l\u2019avantage et le b\u00e9n\u00e9fice moral et mat\u00e9riel de ces p\u00e8lerinages sur les Palestiniens de J\u00e9rusalem, en particulier les chr\u00e9tiens ? Quel sort pour les centaines de chr\u00e9tiens pr\u00e9sents \u00e0 Gaza, peut-on savoir qui va \u00e0 leur rencontre, qui les soutient et comment\u00a0? Quelles sont les vraies cartes entre les mains de la diplomatie, qui permettraient d\u2019\u0153uvrer s\u00e9rieusement \u00e0 une solution v\u00e9ritablement durable et \u00e9quitable au conflit isra\u00e9lo-palestinien\u00a0?<\/span><\/p>\n<p style=\"text-align: justify;\"><span style=\"font-family: times new roman, times, serif; font-size: 14pt;\">Enfin, il serait \u00e9galement utile de se poser la question des raisons qui ont men\u00e9 au d\u00e9clin de la pr\u00e9sence chr\u00e9tienne en Palestine, berceau du christianisme, laquelle est pass\u00e9e d\u2019environ 35% en 1948 \u00e0 environ 2% aujourd\u2019hui.<\/span><\/p>\n<p>&nbsp;<\/p>\n<p style=\"text-align: left;\"><span style=\"font-family: times new roman, times, serif; font-size: 14pt;\">Source \u00a0: <a href=\"http:\/\/www.france-irak-actualite.com\/2020\/06\/de-la-normalisation-par-la-religion-aux-campagnes-de-boycott-quel-avenir-pour-la-cause-palestinienne.html\">http:\/\/www.france-irak-actualite.com\/2020\/06\/de-la-normalisation-par-la-religion-aux-campagnes-de-boycott-quel-avenir-pour-la-cause-palestinienne.html<\/a><\/span><\/p>\n<p style=\"text-align: justify;\"><span style=\"font-family: times new roman, times, serif; font-size: 14pt;\">Source d\u2019origine\u00a0: <a href=\"https:\/\/www.french.alahednews.com.lb\/35254\/324\">alahednews.com<\/a><\/span><\/p>\n<p style=\"text-align: justify;\"><span style=\"font-family: times new roman, times, serif; font-size: 14pt;\"><strong>\u00a0<\/strong><\/span><\/p>\n<p style=\"text-align: left;\"><span style=\"font-family: times new roman, times, serif; font-size: 14pt;\"><strong>URL de cet article\u00a0: <\/strong><a href=\"http:\/\/blog.lesgrossesorchadeslesamplesthalameges.fr\/index.php\/de-la-normalisation-par-la-religion\/\">http:\/\/blog.lesgrossesorchadeslesamplesthalameges.fr\/index.php\/de-la-normalisation-par-la-religion\/<\/a><strong><br \/>\n<\/strong><\/span><\/p>\n<p>&nbsp;<\/p>\n<p style=\"text-align: justify;\"><span style=\"font-family: times new roman, times, serif; font-size: 14pt;\"><strong>\u00a0<\/strong><\/span><\/p>\n<p style=\"text-align: center;\"><a href=\"http:\/\/blog.lesgrossesorchadeslesamplesthalameges.fr\/wp-content\/uploads\/2020\/06\/POING-AFRIQUE-GIF-1.gif\"><img loading=\"lazy\" class=\"alignnone size-full wp-image-11044\" src=\"http:\/\/blog.lesgrossesorchadeslesamplesthalameges.fr\/wp-content\/uploads\/2020\/06\/POING-AFRIQUE-GIF-1.gif\" alt=\"\" width=\"100\" height=\"100\" \/><\/a><\/p>\n<p><strong>\u00a0<\/strong><\/p>\n<p style=\"text-align: right;\"><span style=\"font-family: comic sans ms, sans-serif; font-size: 14pt;\">Juin 2020<\/span><\/p>\n<p>&nbsp;<\/p>\n<p>&nbsp;<\/p>\n","protected":false},"excerpt":{"rendered":"<p>&nbsp; &nbsp; &nbsp; &nbsp; &nbsp; &nbsp; &nbsp; De la normalisation par la religion aux campagnes de boycott, quel avenir pour la cause palestinienne ? &nbsp; Gilles Munier \u2013 France-Irak-Actualit\u00e9s \u2013 6 .6.2020 &nbsp; &nbsp; \u00a0 &nbsp; Par Antoine Charpentier (revue de presse\u00a0: alahed news \u2013 juin 2020)* &nbsp; &nbsp; Multiples sont de nos jours les&#8230;<\/p>\n","protected":false},"author":1,"featured_media":0,"parent":0,"menu_order":0,"comment_status":"open","ping_status":"open","template":"","meta":[],"_links":{"self":[{"href":"https:\/\/blog.lesgrossesorchadeslesamplesthalameges.fr\/index.php\/wp-json\/wp\/v2\/pages\/11064"}],"collection":[{"href":"https:\/\/blog.lesgrossesorchadeslesamplesthalameges.fr\/index.php\/wp-json\/wp\/v2\/pages"}],"about":[{"href":"https:\/\/blog.lesgrossesorchadeslesamplesthalameges.fr\/index.php\/wp-json\/wp\/v2\/types\/page"}],"author":[{"embeddable":true,"href":"https:\/\/blog.lesgrossesorchadeslesamplesthalameges.fr\/index.php\/wp-json\/wp\/v2\/users\/1"}],"replies":[{"embeddable":true,"href":"https:\/\/blog.lesgrossesorchadeslesamplesthalameges.fr\/index.php\/wp-json\/wp\/v2\/comments?post=11064"}],"version-history":[{"count":0,"href":"https:\/\/blog.lesgrossesorchadeslesamplesthalameges.fr\/index.php\/wp-json\/wp\/v2\/pages\/11064\/revisions"}],"wp:attachment":[{"href":"https:\/\/blog.lesgrossesorchadeslesamplesthalameges.fr\/index.php\/wp-json\/wp\/v2\/media?parent=11064"}],"curies":[{"name":"wp","href":"https:\/\/api.w.org\/{rel}","templated":true}]}}