{"id":11075,"date":"2020-06-09T00:41:02","date_gmt":"2020-06-08T22:41:02","guid":{"rendered":"http:\/\/blog.lesgrossesorchadeslesamplesthalameges.fr\/?page_id=11075"},"modified":"2020-06-09T00:47:57","modified_gmt":"2020-06-08T22:47:57","slug":"liberer-le-peuple-americain","status":"publish","type":"page","link":"https:\/\/blog.lesgrossesorchadeslesamplesthalameges.fr\/index.php\/liberer-le-peuple-americain\/","title":{"rendered":"Lib\u00e9rer le peuple am\u00e9ricain"},"content":{"rendered":"<p>&nbsp;<\/p>\n<p>&nbsp;<\/p>\n<p>&nbsp;<\/p>\n<p>&nbsp;<\/p>\n<p>&nbsp;<\/p>\n<p>&nbsp;<\/p>\n<p style=\"text-align: center;\"><span style=\"font-family: times new roman, times, serif; font-size: 36pt;\"><strong>Lib\u00e9rer le peuple am\u00e9ricain<\/strong><\/span><\/p>\n<p style=\"text-align: center;\"><span style=\"font-family: times new roman, times, serif; font-size: 14pt;\"><strong>\u00a0<\/strong><\/span><\/p>\n<p style=\"text-align: center;\"><span style=\"font-family: times new roman, times, serif; font-size: 18pt;\"><strong>Gilad Atzmon \u2013 <em>Entre la plume\u2026<\/em> \u2013 6.6.2020<\/strong><\/span><\/p>\n<p style=\"text-align: center;\"><span style=\"font-family: times new roman, times, serif; font-size: 18pt;\">Traduction\u00a0:<strong> Maria Poumier<\/strong><\/span><\/p>\n<p style=\"text-align: justify;\"><span style=\"font-family: times new roman, times, serif; font-size: 18pt;\"><strong>\u00a0<\/strong><\/span><\/p>\n<p>&nbsp;<\/p>\n<p style=\"text-align: center;\"><a href=\"http:\/\/blog.lesgrossesorchadeslesamplesthalameges.fr\/wp-content\/uploads\/2020\/06\/Liberating-1.jpg\"><img loading=\"lazy\" class=\"alignnone wp-image-11076 size-full\" src=\"http:\/\/blog.lesgrossesorchadeslesamplesthalameges.fr\/wp-content\/uploads\/2020\/06\/Liberating-1.jpg\" alt=\"\" width=\"600\" height=\"403\" srcset=\"https:\/\/blog.lesgrossesorchadeslesamplesthalameges.fr\/wp-content\/uploads\/2020\/06\/Liberating-1.jpg 600w, https:\/\/blog.lesgrossesorchadeslesamplesthalameges.fr\/wp-content\/uploads\/2020\/06\/Liberating-1-300x202.jpg 300w\" sizes=\"(max-width: 600px) 100vw, 600px\" \/><\/a><\/p>\n<p style=\"text-align: justify;\"><span style=\"font-family: times new roman, times, serif; font-size: 14pt;\"><strong>\u00a0<\/strong><\/span><\/p>\n<p>&nbsp;<\/p>\n<p style=\"text-align: justify;\"><strong><span style=\"font-family: tahoma, arial, helvetica, sans-serif; font-size: 14pt;\">Je suis un artiste de jazz, j&rsquo;ai consacr\u00e9 toute ma vie d&rsquo;adulte \u00e0 l&rsquo;\u00e9tude de la musique et de la culture noires am\u00e9ricaines. Le jazz est certainement la plus importante et peut-\u00eatre la seule contribution am\u00e9ricaine significative \u00e0 la culture mondiale. Et la question suivante est : o\u00f9 en est le jazz noir am\u00e9ricain aujourd&rsquo;hui ? Pourquoi les Noirs am\u00e9ricains ont-ils perdu tout int\u00e9r\u00eat pour leur propre cr\u00e9ation fantastique ?\u00a0<\/span><\/strong><\/p>\n<p>&nbsp;<\/p>\n<p style=\"text-align: justify;\"><span style=\"font-family: times new roman, times, serif; font-size: 14pt;\">Une r\u00e9ponse est que le jazz est n\u00e9 de la r\u00e9sistance. Il a \u00e9t\u00e9 aliment\u00e9 par le d\u00e9fi du \u00ab\u00a0r\u00eave am\u00e9ricain\u00a0\u00bb : au lieu de chercher Mammon, la richesse et le pouvoir, nos p\u00e8res fondateurs artistiques noirs ont sacrifi\u00e9 leur vie au nom de la beaut\u00e9. Ils se sont litt\u00e9ralement tu\u00e9s \u00e0 la recherche de nouvelles voix, de nouveaux sons, de nouvelles couleurs. Ils nous ont laiss\u00e9 un grand h\u00e9ritage, mais leur prog\u00e9niture s&rsquo;est tourn\u00e9e vers de nouveaux domaines artistiques tels que le hip-hop et le rap.\u00a0<\/span><\/p>\n<p style=\"text-align: justify;\"><span style=\"font-family: times new roman, times, serif; font-size: 14pt;\">Pour les personnes qui ont fait du jazz une forme d&rsquo;art, la musique \u00e9tait un esprit r\u00e9volutionnaire. Pour Bird, <em>Now&rsquo;s the Time<\/em> signifiait que le temps \u00e9tait venu de proc\u00e9der \u00e0 des changements sociaux.\u00a0 Pour John Coltrane, l&rsquo;Alabama \u00e9tait la r\u00e9ponse appropri\u00e9e \u00e0 l&rsquo;attentat de l&rsquo;\u00e9glise baptiste, par le KKK, qui avait tu\u00e9 quatre jeunes filles afro-am\u00e9ricaines.<\/span><\/p>\n<p>&nbsp;<\/p>\n<p>&nbsp;<\/p>\n<p style=\"text-align: center;\"><span style=\"font-family: times new roman, times, serif; font-size: 24pt;\"><strong>Coltrane en Alabama<\/strong><\/span><\/p>\n<p>&nbsp;<\/p>\n<p style=\"text-align: center;\"><span style=\"font-family: times new roman, times, serif; font-size: 14pt;\"><strong><iframe loading=\"lazy\" src=\"\/\/www.youtube.com\/embed\/saN1BwlxJxA\" width=\"560\" height=\"315\" frameborder=\"0\" allowfullscreen=\"allowfullscreen\"><\/iframe><\/strong><\/span><\/p>\n<p>&nbsp;<\/p>\n<p>&nbsp;<\/p>\n<p style=\"text-align: justify;\"><span style=\"font-family: times new roman, times, serif; font-size: 14pt;\">Quand \u00ab\u00a0Jazz\u00a0\u00bb signifiait quelque chose, ce n&rsquo;\u00e9tait pas un langage de victime. Bien au contraire, Jazz \u00e9tait un message de d\u00e9fi : tout ce que vous pouvez faire, nous, les Noirs, pouvons le faire mieux. Et c&rsquo;est la v\u00e9rit\u00e9, personne n&rsquo;a r\u00e9ussi \u00e0 le faire mieux que Trane, Bird, Miles, Elvin, Sonny, Blakey, Duke, Ella et bien d&rsquo;autres. Ces artistes n&rsquo;ont pas suppli\u00e9 Wall Street de les financer, ils n&rsquo;ont pas demand\u00e9 \u00e0 d&rsquo;autres de se joindre \u00e0 leur combat : au contraire, ils ont fait supplier le reste d&rsquo;entre nous pour que leur beaut\u00e9, leur art et leur esprit nous illuminent et nous lib\u00e8rent. Il n&rsquo;a pas fallu longtemps pour que l&rsquo;\u00e9lite am\u00e9ricaine se rende compte que le jazz \u00e9tait le meilleur ambassadeur de l&rsquo;Am\u00e9rique dans le monde. Et tout cela s&rsquo;est pass\u00e9 alors que les Noirs am\u00e9ricains \u00e9taient soumis \u00e0 l&rsquo;apartheid, surtout dans le Sud. Il est raisonnable de penser que c&rsquo;est la transformation du jazz en \u00ab\u00a0voix de l&rsquo;Am\u00e9rique\u00a0\u00bb qui a jou\u00e9 un r\u00f4le majeur dans la lib\u00e9ration du Sud noir.<\/span><\/p>\n<p style=\"text-align: justify;\"><span style=\"font-family: times new roman, times, serif; font-size: 14pt;\">Malheureusement, le jazz a perdu son \u00e2me il y a une ou deux d\u00e9cennies. Il est pass\u00e9 de la voix de la r\u00e9sistance \u00e0 ce qui a \u00e9t\u00e9 progressivement r\u00e9duit \u00e0 une \u00ab\u00a0question acad\u00e9mique\u00a0\u00bb, un \u00ab\u00a0syst\u00e8me de connaissances\u00a0\u00bb. Aujourd&rsquo;hui, de nombreux jeunes musiciens de jazz sont \u00ab\u00a0dipl\u00f4m\u00e9s d&rsquo;une \u00e9cole de musique\u00a0\u00bb. Ils peuvent \u00eatre tr\u00e8s rapides et sophistiqu\u00e9s, mais ils ont tr\u00e8s peu \u00e0 dire et, dans la plupart des cas, ils pr\u00e9f\u00e8rent ne rien dire. Certains peuvent croire que dire quelque chose contrevient \u00e0 leurs \u00ab\u00a0objectifs artistiques\u00a0\u00bb car cela brouille la distinction entre l&rsquo;art et la politique. Je crains qu&rsquo;ils ne se trompent. Pour que le jazz soit une forme d&rsquo;art significative, il vaut mieux qu&rsquo;il soit r\u00e9volutionnaire jusqu&rsquo;au bout. Le jazz est, avant tout, le son de la libert\u00e9.<\/span><\/p>\n<p style=\"text-align: justify;\"><span style=\"font-family: times new roman, times, serif; font-size: 14pt;\">Pendant un certain temps, nous avons vu le jazz contemporain se d\u00e9t\u00e9riorer en un exercice technique d\u00e9nu\u00e9 de sens. Le jazz, en gros, est mort sur nous. Cette disparition artistique a-t-elle anticip\u00e9 l&rsquo;effondrement de la civilisation am\u00e9ricaine et de l&rsquo;image que l&rsquo;Am\u00e9rique se fait d&rsquo;elle-m\u00eame en tant que \u00ab\u00a0soci\u00e9t\u00e9 libre\u00a0\u00bb ?<\/span><\/p>\n<p style=\"text-align: justify;\"><span style=\"font-family: times new roman, times, serif; font-size: 14pt;\">Pourquoi le jazz est-il mort ? Parce que les Noirs am\u00e9ricains ont perdu tout int\u00e9r\u00eat pour leur forme d&rsquo;art originale.\u00a0 Pourquoi s&rsquo;en sont-ils d\u00e9sint\u00e9ress\u00e9s ? En grande partie parce que leur art, comme tous les autres aspects de la culture am\u00e9ricaine, de la finance, des m\u00e9dias, de l&rsquo;esprit et du r\u00eave, est devenu un \u00ab\u00a0territoire occup\u00e9\u00a0\u00bb.<\/span><\/p>\n<p style=\"text-align: justify;\"><span style=\"font-family: times new roman, times, serif; font-size: 14pt;\">Comme d&rsquo;autres artistes de jazz et humanistes, je d\u00e9teste le racisme sous toutes ses formes. Pourtant, je veux voir les gens c\u00e9l\u00e9brer leurs signes distinctifs, symptomatiques. Je fais partie de ceux qui veulent voir les Allemands \u00e9crire de nouveau de la philosophie et composer des symphonies. Je veux voir les gens c\u00e9l\u00e9brer leur propre culture unique, tant qu&rsquo;ils ne le font pas aux d\u00e9pens des autres.\u00a0 Plus que toute autre chose, je veux que les Noirs soient fiers de ce qu&rsquo;ils sont. Je souhaite qu&rsquo;ils nous ram\u00e8nent, une fois de plus, sur le chemin de la beaut\u00e9 qu&rsquo;ils nous ont, plus que tout autre peuple, fait d\u00e9couvrir \u00e0 tous. J&rsquo;esp\u00e8re que l&rsquo;Am\u00e9rique noire nous donnera un jeune Trane, un nouveau Bird, la prochaine Sarah Vaughan, un personnage \u00e0 la Miles. Je veux voir les Noirs am\u00e9ricains nous hypnotiser avec leurs talents, c\u00e9l\u00e9brer leur grandeur. Je veux qu&rsquo;ils soient les ambassadeurs am\u00e9ricains qu&rsquo;ils ont \u00e9t\u00e9 autrefois plut\u00f4t que les victimes des abus de l&rsquo;Am\u00e9rique. Et je me dis qu&rsquo;au lieu d&rsquo;envoyer des soldats am\u00e9ricains pour lib\u00e9rer d&rsquo;autres personnes dans des guerres n\u00e9o-con criminelles, le temps est venu pour l&rsquo;Am\u00e9rique de se lib\u00e9rer elle-m\u00eame.<\/span><\/p>\n<p>&nbsp;<\/p>\n<p style=\"text-align: center;\"><a href=\"http:\/\/blog.lesgrossesorchadeslesamplesthalameges.fr\/wp-content\/uploads\/2020\/06\/Saxophone-GIF-1.gif\"><img loading=\"lazy\" class=\"alignnone wp-image-11086\" src=\"http:\/\/blog.lesgrossesorchadeslesamplesthalameges.fr\/wp-content\/uploads\/2020\/06\/Saxophone-GIF-1.gif\" alt=\"\" width=\"100\" height=\"100\" \/><\/a><\/p>\n<p>&nbsp;<\/p>\n<p>&nbsp;<\/p>\n<p style=\"text-align: center;\"><span style=\"font-family: times new roman, times, serif; font-size: 14pt;\"><strong><span style=\"font-size: 24pt;\">Regardez-moi \u00ab\u00a0lib\u00e9rer le peuple am\u00e9ricain\u00a0\u00bb<\/span><br \/>\n<\/strong><\/span><\/p>\n<p>&nbsp;<\/p>\n<p style=\"text-align: center;\"><span style=\"font-family: times new roman, times, serif; font-size: 14pt;\"><iframe loading=\"lazy\" src=\"\/\/www.youtube.com\/embed\/jEDjgdjmCfA\" width=\"560\" height=\"315\" frameborder=\"0\" allowfullscreen=\"allowfullscreen\"><\/iframe><\/span><\/p>\n<p>&nbsp;<\/p>\n<p>&nbsp;<\/p>\n<p style=\"text-align: left;\"><span style=\"font-family: times new roman, times, serif; font-size: 14pt;\">Source : <a href=\"https:\/\/plumenclume.org\/blog\/568-je-libere-le-peuple-americain\">https:\/\/plumenclume.org\/blog\/568-je-libere-le-peuple-americain<\/a><br \/>\n<\/span><\/p>\n<p style=\"text-align: left;\"><span style=\"font-family: times new roman, times, serif; font-size: 14pt;\">Source d\u2019origine : <a href=\"https:\/\/gilad.online\/writings\/2020\/6\/5\/liberating-the-american-people\">https:\/\/gilad.online\/writings\/2020\/6\/5\/liberating-the-american-people<\/a><\/span><\/p>\n<p><span style=\"font-family: times new roman, times, serif;\"><strong><span style=\"font-size: 14pt;\">URL de cet article :<\/span><\/strong> <a href=\"http:\/\/blog.lesgrossesorchadeslesamplesthalameges.fr\/index.php\/liberer-le-peuple-americain\/\"><span style=\"font-size: 14pt;\">http:\/\/blog.lesgrossesorchadeslesamplesthalameges.fr\/index.php\/liberer-le-peuple-americain\/<\/span><\/a><\/span><\/p>\n<p>&nbsp;<\/p>\n<p>&nbsp;<\/p>\n<p style=\"text-align: center;\"><span style=\"font-family: times new roman, times, serif; font-size: 14pt;\"><strong>\u00a0<a href=\"http:\/\/blog.lesgrossesorchadeslesamplesthalameges.fr\/wp-content\/uploads\/2020\/06\/jazz-GIF-1.gif\"><img loading=\"lazy\" class=\"alignnone wp-image-11077\" src=\"http:\/\/blog.lesgrossesorchadeslesamplesthalameges.fr\/wp-content\/uploads\/2020\/06\/jazz-GIF-1-300x162.gif\" alt=\"\" width=\"200\" height=\"108\" \/><\/a><\/strong><\/span><\/p>\n<p>&nbsp;<\/p>\n<p>&nbsp;<\/p>\n<p style=\"text-align: right;\"><span style=\"font-family: comic sans ms, sans-serif; font-size: 14pt;\">Juin 2020<\/span><\/p>\n<p>&nbsp;<\/p>\n<p>&nbsp;<\/p>\n","protected":false},"excerpt":{"rendered":"<p>&nbsp; &nbsp; &nbsp; &nbsp; &nbsp; &nbsp; Lib\u00e9rer le peuple am\u00e9ricain \u00a0 Gilad Atzmon \u2013 Entre la plume\u2026 \u2013 6.6.2020 Traduction\u00a0: Maria Poumier \u00a0 &nbsp; \u00a0 &nbsp; Je suis un artiste de jazz, j&rsquo;ai consacr\u00e9 toute ma vie d&rsquo;adulte \u00e0 l&rsquo;\u00e9tude de la musique et de la culture noires am\u00e9ricaines. Le jazz est certainement la plus&#8230;<\/p>\n","protected":false},"author":1,"featured_media":0,"parent":0,"menu_order":0,"comment_status":"open","ping_status":"open","template":"","meta":[],"_links":{"self":[{"href":"https:\/\/blog.lesgrossesorchadeslesamplesthalameges.fr\/index.php\/wp-json\/wp\/v2\/pages\/11075"}],"collection":[{"href":"https:\/\/blog.lesgrossesorchadeslesamplesthalameges.fr\/index.php\/wp-json\/wp\/v2\/pages"}],"about":[{"href":"https:\/\/blog.lesgrossesorchadeslesamplesthalameges.fr\/index.php\/wp-json\/wp\/v2\/types\/page"}],"author":[{"embeddable":true,"href":"https:\/\/blog.lesgrossesorchadeslesamplesthalameges.fr\/index.php\/wp-json\/wp\/v2\/users\/1"}],"replies":[{"embeddable":true,"href":"https:\/\/blog.lesgrossesorchadeslesamplesthalameges.fr\/index.php\/wp-json\/wp\/v2\/comments?post=11075"}],"version-history":[{"count":0,"href":"https:\/\/blog.lesgrossesorchadeslesamplesthalameges.fr\/index.php\/wp-json\/wp\/v2\/pages\/11075\/revisions"}],"wp:attachment":[{"href":"https:\/\/blog.lesgrossesorchadeslesamplesthalameges.fr\/index.php\/wp-json\/wp\/v2\/media?parent=11075"}],"curies":[{"name":"wp","href":"https:\/\/api.w.org\/{rel}","templated":true}]}}