{"id":11091,"date":"2020-06-09T01:05:28","date_gmt":"2020-06-08T23:05:28","guid":{"rendered":"http:\/\/blog.lesgrossesorchadeslesamplesthalameges.fr\/?page_id=11091"},"modified":"2020-06-09T01:06:15","modified_gmt":"2020-06-08T23:06:15","slug":"sur-la-campagne-internationale-actuelle-de-diffamation-sioniste","status":"publish","type":"page","link":"https:\/\/blog.lesgrossesorchadeslesamplesthalameges.fr\/index.php\/sur-la-campagne-internationale-actuelle-de-diffamation-sioniste\/","title":{"rendered":"Sur la campagne internationale actuelle de diffamation sioniste"},"content":{"rendered":"<p>&nbsp;<\/p>\n<p>&nbsp;<\/p>\n<p>&nbsp;<\/p>\n<p>&nbsp;<\/p>\n<p>&nbsp;<\/p>\n<p>&nbsp;<\/p>\n<p style=\"text-align: justify;\"><span style=\"font-family: times new roman, times, serif; font-size: 18pt; color: #c00000;\"><strong><em>Annexe\u00a0:<\/em><\/strong><\/span><\/p>\n<p>&nbsp;<\/p>\n<p>&nbsp;<\/p>\n<p style=\"text-align: center;\"><span style=\"font-family: times new roman, times, serif; font-size: 14pt;\"><strong>\u00a0<a href=\"http:\/\/blog.lesgrossesorchadeslesamplesthalameges.fr\/wp-content\/uploads\/2020\/06\/Gilad-1.jpg\"><img loading=\"lazy\" class=\"alignnone wp-image-11092 size-full\" src=\"http:\/\/blog.lesgrossesorchadeslesamplesthalameges.fr\/wp-content\/uploads\/2020\/06\/Gilad-1.jpg\" alt=\"\" width=\"600\" height=\"379\" srcset=\"https:\/\/blog.lesgrossesorchadeslesamplesthalameges.fr\/wp-content\/uploads\/2020\/06\/Gilad-1.jpg 600w, https:\/\/blog.lesgrossesorchadeslesamplesthalameges.fr\/wp-content\/uploads\/2020\/06\/Gilad-1-300x190.jpg 300w\" sizes=\"(max-width: 600px) 100vw, 600px\" \/><\/a><\/strong><\/span><\/p>\n<p>&nbsp;<\/p>\n<p>&nbsp;<\/p>\n<p style=\"text-align: center;\"><span style=\"font-family: times new roman, times, serif; font-size: 36pt;\"><strong>Sur la campagne internationale actuelle de diffamation sioniste<\/strong><\/span><\/p>\n<p>&nbsp;<\/p>\n<p style=\"text-align: center;\"><span style=\"font-family: times new roman, times, serif; font-size: 14pt;\"><strong>\u00a0<span style=\"font-family: tahoma, arial, helvetica, sans-serif;\">Une d\u00e9claration de Gilad Atzmon, sur <\/span><\/strong><span style=\"font-family: tahoma, arial, helvetica, sans-serif;\"><a href=\"https:\/\/gilad.online\/\"><strong>https:\/\/gilad.online\/<\/strong><\/a><\/span><\/span><\/p>\n<p style=\"text-align: justify;\"><span style=\"font-family: times new roman, times, serif; font-size: 14pt;\"><em>\u00a0<\/em><\/span><\/p>\n<p>&nbsp;<\/p>\n<p style=\"text-align: justify;\"><span style=\"font-family: times new roman, times, serif; font-size: 14pt;\"><em>\u00ab\u00a0La criminalisation de tout discours politique et de l\u2019activisme contre Isra\u00ebl est devenue l\u2019une des plus graves menaces pour la libert\u00e9 d\u2019expression en Occident\u00a0\u00bb, Glenn Greenwald, 19.7.2017<\/em>.<\/span><\/p>\n<p>&nbsp;<\/p>\n<p style=\"text-align: justify;\"><span style=\"font-family: times new roman, times, serif; font-size: 14pt;\">Avec le v\u00e9t\u00e9ran Roger Waters, star de<em> Pink Floyd<\/em>, et de nombreux autres artistes et penseurs du monde entier, je suis soumis \u00e0 une campagne internationale de diffamation, orchestr\u00e9e et promue par diverses institutions sionistes qui tentent de faire taire toute forme de dissidence l\u00e9gitime sur le sionisme et de la politique isra\u00e9lienne.<\/span><\/p>\n<p style=\"text-align: justify;\"><span style=\"font-family: times new roman, times, serif; font-size: 14pt;\">Les conseils locaux, les clubs et les festivals qui font la promotion de ma musique ou de mes pens\u00e9es dans le monde entier sont soumis \u00e0 un barrage de courriels envoy\u00e9s dans une tentative claire et malveillante de me calomnier. Dans ces courriels, on me qualifie d&rsquo;\u00ab\u00a0antis\u00e9mite\u00a0\u00bb, d&rsquo;\u00ab\u00a0esprit \u00e9triqu\u00e9\u00a0\u00bb, de \u00ab\u00a0raciste\u00a0\u00bb, de \u00ab\u00a0n\u00e9gationniste\u00a0\u00bb, etc.<\/span><\/p>\n<p style=\"text-align: justify;\"><span style=\"font-family: times new roman, times, serif; font-size: 14pt;\"><strong>\u00a0<\/strong><\/span><\/p>\n<p style=\"text-align: justify;\"><span style=\"font-family: tahoma, arial, helvetica, sans-serif; font-size: 14pt;\"><strong>C&rsquo;est \u00e0 cette campagne de mensonges que je m&rsquo;adresse ici. Je me penche sur chacune des fausses citations qui m&rsquo;ont \u00e9t\u00e9 attribu\u00e9es et je fournis \u00e0 la place mes mots originaux.\u00a0\u00a0<\/strong><\/span><\/p>\n<p>&nbsp;<\/p>\n<p style=\"text-align: justify;\"><span style=\"font-family: times new roman, times, serif; font-size: 14pt;\">Il est \u00e9vident qu&rsquo;il n&rsquo;y a l\u00e0-dedans aucune esp\u00e8ce de v\u00e9rit\u00e9.\u00a0En tant qu&rsquo;\u00e9crivain, j&rsquo;ai effectivement critiqu\u00e9 Isra\u00ebl et d&rsquo;autres manifestations de l&rsquo;exceptionnalisme politique juif, j&rsquo;ai analys\u00e9 de mani\u00e8re critique le sionisme, la politique juive, l&rsquo;id\u00e9ologie et la politique identitaire en g\u00e9n\u00e9ral. Je crois que tous les \u00c9tats, toutes les id\u00e9ologies et toutes les politiques doivent faire l&rsquo;objet de critiques, mais je n&rsquo;ai jamais critiqu\u00e9 les Juifs (ni personne d&rsquo;ailleurs) en tant que peuple, en tant que race ou en tant qu&rsquo;entit\u00e9 biologique. En fait, mon travail est profond\u00e9ment antiraciste et se concentre uniquement sur le politique et le culturel.<\/span><\/p>\n<p style=\"text-align: justify;\"><strong><span style=\"font-family: times new roman, times, serif; font-size: 14pt;\">Mise \u00e0 jour 1. : En janvier 2018, Gilad Atzmon a \u00e9t\u00e9 inscrit sur la liste des \u00ab\u00a0cent militants, d\u00e9fenseurs et mod\u00e8les pour la paix et la justice\u00a0\u00bb.<\/span><\/strong><\/p>\n<p>&nbsp;<\/p>\n<p style=\"text-align: justify;\"><span style=\"font-family: times new roman, times, serif; font-size: 14pt;\">Malheureusement, certains sont engag\u00e9s dans une censure impitoyable et dans des autodaf\u00e9s de livres, et nous ne devons jamais leur permettre de r\u00e9ussir. La libert\u00e9 intellectuelle et la tol\u00e9rance sont des valeurs occidentales pr\u00e9cieuses que nous devons d\u00e9fendre \u00e0 tout prix. Donc, au cas o\u00f9 vous ressentiriez le besoin de vous attaquer \u00e0 certains de ces agents haineux, voici quelques points que vous pourriez vouloir prendre en compte<\/span><span style=\"font-family: times new roman, times, serif; font-size: 14pt;\">Depuis sa cr\u00e9ation, mon propre groupe musical, l&rsquo;<em>Orient House Ensemble<\/em> (OHE), a \u00e9t\u00e9 un creuset pour des artistes de diff\u00e9rentes ethnies et origines, y compris des musiciens juifs, noirs, arabes et roms &#8211; ce qui n&rsquo;est pas vraiment un cadre \u00ab\u00a0\u00e9triqu\u00e9\u00a0\u00bb.<\/span><\/p>\n<p>&nbsp;<\/p>\n<p style=\"text-align: justify;\"><span style=\"font-family: times new roman, times, serif; font-size: 14pt;\">1.\u00a0\u00a0\u00a0 Depuis sa cr\u00e9ation, mon propre groupe musical, l&rsquo;<em>Orient House Ensemble<\/em> (OHE), a \u00e9t\u00e9 un creuset pour des artistes de diff\u00e9rentes ethnies et origines, y compris des musiciens juifs, noirs, arabes et roms &#8211; ce qui n&rsquo;est pas vraiment un cadre \u00ab\u00a0\u00e9triqu\u00e9\u00a0\u00bb.<\/span><\/p>\n<p>&nbsp;<\/p>\n<p style=\"text-align: justify;\"><span style=\"font-family: times new roman, times, serif; font-size: 14pt;\">2.\u00a0\u00a0\u00a0 Malgr\u00e9 les lois de plus en plus strictes sur les \u00ab\u00a0discours de haine\u00a0\u00bb au Royaume-Uni, en Europe et aux \u00c9tats-Unis, je n&rsquo;ai jamais \u00e9t\u00e9 interrog\u00e9 par une autorit\u00e9 polici\u00e8re sur mes \u00e9crits ou mes apparitions publiques. Mes opinions et mes pens\u00e9es sont bien en de\u00e7\u00e0 des limites strictes de la loi au Royaume-Uni, dans l&rsquo;UE et dans tous les autres pays occidentaux.<\/span><\/p>\n<p>&nbsp;<\/p>\n<p style=\"text-align: justify;\"><span style=\"font-family: times new roman, times, serif; font-size: 14pt;\">3.\u00a0 \u00a0\u00a0J&rsquo;ai \u00e9t\u00e9 accus\u00e9 d&rsquo;\u00eatre un \u00ab\u00a0n\u00e9gationniste de l&rsquo;Holocauste\u00a0\u00bb. Ce n&rsquo;est manifestement pas le cas. Je ne nie pas l&rsquo;Holocauste, mais j&rsquo;insiste sur le fait que ce chapitre de notre pass\u00e9 ne doit pas \u00eatre trait\u00e9 comme une religion ou un dogme, mais doit, comme tous les autres \u00e9v\u00e9nements du pass\u00e9, \u00eatre soumis \u00e0 un examen minutieux et \u00e0 une discussion ouverte.\u00a0 Malgr\u00e9 les lois strictes de l&rsquo;Allemagne et de l&rsquo;Autriche en mati\u00e8re de n\u00e9gation de l&rsquo;Holocauste, mes livres et mes \u00e9crits sont traduits et publi\u00e9s dans ces deux pays et j&rsquo;y donne r\u00e9guli\u00e8rement des concerts et des cours sans jamais \u00eatre soumis \u00e0 des probl\u00e8mes juridiques.\u00a0<em>[Gilad a plus de chance que David Irving, NdGO]<\/em><\/span><\/p>\n<p>&nbsp;<\/p>\n<p style=\"text-align: justify;\"><span style=\"font-family: times new roman, times, serif; font-size: 14pt;\">4. Mes d\u00e9tracteurs r\u00e9pandent actuellement un mensonge scandaleux \u00e0 mon sujet, selon lequel je pr\u00e9coniserais de br\u00fbler les synagogues. Inutile de mentionner qu&rsquo;il s&rsquo;agit d&rsquo;une invention totale qui m&rsquo;a \u00e9t\u00e9 attribu\u00e9e dans un article du <em>Guardian<\/em> en 2005. Cependant, le <em>Guardian<\/em> a tr\u00e8s vite corrig\u00e9 son erreur et a publi\u00e9 ma lettre pour clarifier cette fausse citation :<\/span><\/p>\n<p>&nbsp;<\/p>\n<p style=\"text-align: justify; padding-left: 90px;\"><span style=\"font-family: times new roman, times, serif; font-size: 14pt;\"><strong>\u00a0\u00ab\u00a0Citation, fausse citation<\/strong> :<\/span><\/p>\n<p style=\"text-align: justify; padding-left: 90px;\"><span style=\"font-family: times new roman, times, serif; font-size: 14pt;\">Votre citation <em>(\u201cBoycott threat to Israeli colleges\u201d, News,<\/em> la semaine derni\u00e8re) de ma d\u00e9claration \u201cJe ne vais pas dire s&rsquo;il est juste ou non de br\u00fbler une synagogue, je peux voir que c&rsquo;est un acte rationnel\u201d est inexacte et prise hors contexte. Je n&rsquo;ai en aucun cas justifi\u00e9 une quelconque forme de violence \u00e0 l&rsquo;encontre des Juifs, des int\u00e9r\u00eats juifs ou de toute personne innocente. \u00c0 l&rsquo;\u00c9cole des \u00e9tudes orientales et africaines, nous d\u00e9battions de la question de la rationalit\u00e9 de l&rsquo;antis\u00e9mitisme. J&rsquo;ai affirm\u00e9 que puisqu&rsquo;Isra\u00ebl se pr\u00e9sente comme \u201cl&rsquo;\u00c9tat du peuple juif\u201d, et compte tenu des atrocit\u00e9s commises par l&rsquo;\u00c9tat juif contre les Palestiniens, toute forme d&rsquo;activit\u00e9 anti-juive peut \u00eatre consid\u00e9r\u00e9e comme un \u00e9l\u00e9ment de repr\u00e9sailles politiques. \u00c7a ne les justifie pas.\u00a0\u00bb<\/span><\/p>\n<p style=\"text-align: justify; padding-left: 90px;\"><span style=\"font-family: times new roman, times, serif; font-size: 14pt;\">Gilad Atzmon<\/span><\/p>\n<p style=\"text-align: justify; padding-left: 90px;\"><span style=\"font-family: times new roman, times, serif; font-size: 14pt;\">London NW 2<\/span><\/p>\n<p>&nbsp;<\/p>\n<p style=\"text-align: justify;\"><span style=\"font-family: times new roman, times, serif; font-size: 14pt;\">5. <strong>Mon travail a \u00e9t\u00e9 approuv\u00e9 par certains des humanistes et des universitaires les plus respect\u00e9s. En voici quelques exemples<\/strong>\u00a0:<\/span><\/p>\n<p>&nbsp;<\/p>\n<p style=\"text-align: justify; padding-left: 90px;\"><span style=\"font-family: times new roman, times, serif; font-size: 14pt;\">\u00ab\u00a0Une histoire transformatrice racont\u00e9e avec une int\u00e9grit\u00e9 in\u00e9branlable que tous ceux (en particulier les Juifs) qui se soucient de la paix r\u00e9elle, ainsi que de leur propre identit\u00e9, devraient non seulement lire, mais aussi m\u00e9diter et discuter largement\u00a0\u00bb. <strong><em>Professeur Richard Falk<\/em>, \u00a0Rapporteur sp\u00e9cial des Nations Unies sur les droits de l&rsquo;homme en Palestine.<\/strong><\/span><\/p>\n<p style=\"text-align: justify; padding-left: 90px;\"><span style=\"font-family: times new roman, times, serif; font-size: 14pt;\">\u00ab\u00a0Fascinant et provocateur\u00a0\u00bb, <strong><em>John J. Mearsheimer, Professeur de sciences politiques<\/em><\/strong><\/span><\/p>\n<p style=\"text-align: justify; padding-left: 90px;\"><span style=\"font-family: times new roman, times, serif; font-size: 14pt;\">\u00ab\u00a0Atzmon a le courage &#8211; qui fait si profond\u00e9ment d\u00e9faut aux intellectuels occidentaux\u00a0<strong><em>\u00bb, \u00a0James Petras, Professeur de sociologie<\/em><\/strong>.<\/span><\/p>\n<p style=\"text-align: justify; padding-left: 90px;\"><span style=\"font-family: times new roman, times, serif; font-size: 14pt;\">\u00ab\u00a0Le livre de Gilad <em>Quel juif errant ?<\/em> constitue une excellente critique de la politique identitaire en g\u00e9n\u00e9ral et de la politique identitaire juive en particulier dans une perspective humaniste\u00a0\u00bb. <strong><em>Francis A. Boyle, Professeur de droit international<\/em><\/strong><\/span><\/p>\n<p style=\"text-align: justify; padding-left: 90px;\"><span style=\"font-family: times new roman, times, serif; font-size: 14pt;\"><strong>\u00ab\u00a0\u00c0 la place de Roi des Juifs. Peut-\u00eatre Atzmon devrait-il \u00eatre reconnu comme le proph\u00e8te d&rsquo;autrefois, du moins dans sa description de lui-m\u00eame et son rayonnement, c&rsquo;est ainsi qu&rsquo;il appara\u00eet\u00a0\u00bb. <em>Marc Ellis, Professeur de th\u00e9ologie juive.<\/em><\/strong><\/span><\/p>\n<p style=\"text-align: justify; padding-left: 90px;\"><span style=\"font-family: times new roman, times, serif; font-size: 14pt;\">\u00ab\u00a0Un livre superbe et n\u00e9cessaire qui d\u00e9mystifie certaines \u201cv\u00e9rit\u00e9s ind\u00e9niables\u201d sur l&rsquo;identit\u00e9 juive\u00a0\u00bb, <strong><em>Gauden Sarasola, El Pais. <\/em><\/strong>[\u00c0 propos du <em>Guide des \u00e9gar\u00e9s<\/em>]<\/span><\/p>\n<p style=\"text-align: justify; padding-left: 90px;\"><span style=\"font-family: times new roman, times, serif; font-size: 14pt;\">\u00a0\u00ab\u00a0La contribution essentielle d&rsquo;Atzmon \u00e0 la solidarit\u00e9 avec la Palestine est d&rsquo;aider les non-juifs \u00e0 r\u00e9aliser qu&rsquo;ils n&rsquo;ont pas toujours tort lorsque des conflits avec des organisations juives surviennent\u00a0\u00bb, <strong><em>Jean Bricmont, professeur de sciences physiques, universit\u00e9 de Louvain.<\/em><\/strong><\/span><\/p>\n<p style=\"text-align: justify; padding-left: 90px;\"><span style=\"font-family: times new roman, times, serif; font-size: 14pt;\">\u00ab\u00a0Le livre de Gilad Atzmon, <em>Quel juif errant ?<\/em> est aussi spirituel et provocateur que son titre.\u00a0 Mais c&rsquo;est aussi un livre important, qui pr\u00e9sente des conclusions sur les Juifs, la juda\u00efcit\u00e9 et le juda\u00efsme que certains trouveront choquantes mais qui sont essentielles pour comprendre la politique de l&rsquo;identit\u00e9 juive et le r\u00f4le qu&rsquo;elle joue sur la sc\u00e8ne mondiale\u00a0\u00bb, <strong><em>Karl Sabbagh, \u00e9diteur et producteur de films<\/em><\/strong><\/span><\/p>\n<p style=\"text-align: justify; padding-left: 90px;\"><span style=\"font-family: times new roman, times, serif; font-size: 14pt;\">\u00ab\u00a0La fuite de Gilad de la claustrophobie spirituelle vers un humanitarisme libre et ouvert est sans peur\u00a0<strong><em>\u00bb,<\/em><\/strong> <strong><em>le l\u00e9gendaire musicien Robert Wyatt.<\/em><\/strong><\/span><\/p>\n<p style=\"text-align: justify; padding-left: 90px;\"><span style=\"font-family: times new roman, times, serif; font-size: 14pt;\">\u00ab\u00a0Il est excellent du d\u00e9but \u00e0 la fin. arguments tr\u00e8s bien organis\u00e9s et bien articul\u00e9s\u00a0<strong><em>\u00bb, le compositeur r\u00e9volutionnaire David Rovics..<\/em><\/strong><\/span><\/p>\n<p style=\"text-align: justify; padding-left: 90px;\"><span style=\"font-family: times new roman, times, serif; font-size: 14pt;\">\u00ab\u00a0Dans son inimitable style pince-sans-rire, Atzmon identifie l&rsquo;abc\u00e8s dans la dent de sagesse juive &#8211; le tribalisme exilant &#8211; et l&rsquo;enl\u00e8ve. A\u00efe !\u00a0\u00bb, <strong><em>Eric Walberg, Al Aharam Weekly <\/em><\/strong><\/span><\/p>\n<p style=\"text-align: justify; padding-left: 90px;\"><span style=\"font-family: times new roman, times, serif; font-size: 14pt;\">\u00ab\u00a0Une r\u00e9alisation fascinante\u00a0\u00bb, <strong><em>Oren Ben Dor, professeur de droit,<\/em><\/strong><\/span><\/p>\n<p style=\"text-align: justify; padding-left: 90px;\"><span style=\"font-family: times new roman, times, serif; font-size: 14pt;\">\u00a0\u00ab\u00a0Gilad Atzmon est quelqu&rsquo;un qui englobe ce que signifie \u00eatre un intellectuel\u00a0\u00bb, <strong><em>Kim Petersen, Dissident Voice<\/em><\/strong><\/span><\/p>\n<p>&nbsp;<\/p>\n<p style=\"text-align: justify;\"><span style=\"font-family: times new roman, times, serif; font-size: 14pt;\">Source : <a href=\"https:\/\/plumenclume.org\/blog\/568-je-libere-le-peuple-americain\">https:\/\/plumenclume.org\/blog\/568-je-libere-le-peuple-americain<\/a><\/span><\/p>\n<p style=\"text-align: justify;\"><span style=\"font-family: times new roman, times, serif; font-size: 14pt;\">Source d\u2019origine\u00a0: <a href=\"https:\/\/gilad.online\/\">https:\/\/gilad.online\/<\/a><\/span><\/p>\n<p style=\"text-align: left;\"><span style=\"font-size: 14pt;\"><strong><span style=\"font-family: times new roman, times, serif;\">URL de cet article\u00a0:\u00a0<\/span><\/strong><a href=\"http:\/\/blog.lesgrossesorchadeslesamplesthalameges.fr\/index.php\/sur-la-campagne-internationale-actuelle-de-diffamation-sioniste\/\"><span style=\"font-family: times new roman, times, serif;\">http:\/\/blog.lesgrossesorchadeslesamplesthalameges.fr\/index.php\/sur-la-campagne-internationale-actuelle-de-diffamation-sioniste\/<\/span><\/a><\/span><\/p>\n<p>&nbsp;<\/p>\n<p>&nbsp;<\/p>\n<p style=\"text-align: center;\"><a href=\"http:\/\/blog.lesgrossesorchadeslesamplesthalameges.fr\/wp-content\/uploads\/2020\/06\/Saxophone-GIF-1.gif\"><img loading=\"lazy\" class=\"alignnone size-full wp-image-11086\" src=\"http:\/\/blog.lesgrossesorchadeslesamplesthalameges.fr\/wp-content\/uploads\/2020\/06\/Saxophone-GIF-1.gif\" alt=\"\" width=\"150\" height=\"150\" \/><\/a><\/p>\n<p>&nbsp;<\/p>\n<p style=\"text-align: right;\"><span style=\"font-family: comic sans ms, sans-serif; font-size: 14pt;\">Juin 2020<\/span><\/p>\n<p>&nbsp;<\/p>\n<p>&nbsp;<\/p>\n","protected":false},"excerpt":{"rendered":"<p>&nbsp; &nbsp; &nbsp; &nbsp; &nbsp; &nbsp; Annexe\u00a0: &nbsp; &nbsp; \u00a0 &nbsp; &nbsp; Sur la campagne internationale actuelle de diffamation sioniste &nbsp; \u00a0Une d\u00e9claration de Gilad Atzmon, sur https:\/\/gilad.online\/ \u00a0 &nbsp; \u00ab\u00a0La criminalisation de tout discours politique et de l\u2019activisme contre Isra\u00ebl est devenue l\u2019une des plus graves menaces pour la libert\u00e9 d\u2019expression en Occident\u00a0\u00bb, Glenn&#8230;<\/p>\n","protected":false},"author":1,"featured_media":0,"parent":0,"menu_order":0,"comment_status":"closed","ping_status":"closed","template":"","meta":[],"_links":{"self":[{"href":"https:\/\/blog.lesgrossesorchadeslesamplesthalameges.fr\/index.php\/wp-json\/wp\/v2\/pages\/11091"}],"collection":[{"href":"https:\/\/blog.lesgrossesorchadeslesamplesthalameges.fr\/index.php\/wp-json\/wp\/v2\/pages"}],"about":[{"href":"https:\/\/blog.lesgrossesorchadeslesamplesthalameges.fr\/index.php\/wp-json\/wp\/v2\/types\/page"}],"author":[{"embeddable":true,"href":"https:\/\/blog.lesgrossesorchadeslesamplesthalameges.fr\/index.php\/wp-json\/wp\/v2\/users\/1"}],"replies":[{"embeddable":true,"href":"https:\/\/blog.lesgrossesorchadeslesamplesthalameges.fr\/index.php\/wp-json\/wp\/v2\/comments?post=11091"}],"version-history":[{"count":0,"href":"https:\/\/blog.lesgrossesorchadeslesamplesthalameges.fr\/index.php\/wp-json\/wp\/v2\/pages\/11091\/revisions"}],"wp:attachment":[{"href":"https:\/\/blog.lesgrossesorchadeslesamplesthalameges.fr\/index.php\/wp-json\/wp\/v2\/media?parent=11091"}],"curies":[{"name":"wp","href":"https:\/\/api.w.org\/{rel}","templated":true}]}}