{"id":11182,"date":"2020-06-11T01:26:48","date_gmt":"2020-06-10T23:26:48","guid":{"rendered":"http:\/\/blog.lesgrossesorchadeslesamplesthalameges.fr\/?page_id=11182"},"modified":"2020-06-11T01:28:12","modified_gmt":"2020-06-10T23:28:12","slug":"11182-2","status":"publish","type":"page","link":"https:\/\/blog.lesgrossesorchadeslesamplesthalameges.fr\/index.php\/11182-2\/","title":{"rendered":"Pas de souverainet\u00e9 \u00e9conomique   sans souverainet\u00e9 politique"},"content":{"rendered":"<p>&nbsp;<\/p>\n<p>&nbsp;<\/p>\n<p>&nbsp;<\/p>\n<p>&nbsp;<\/p>\n<p>&nbsp;<\/p>\n<p>&nbsp;<\/p>\n<p>&nbsp;<\/p>\n<p style=\"text-align: center;\"><span style=\"font-family: times new roman, times, serif; font-size: 18pt; color: #c00000;\"><em>L\u2019Art de la guerre<\/em><\/span><\/p>\n<p style=\"text-align: center;\"><span style=\"font-family: times new roman, times, serif; font-size: 36pt;\"><strong>Pas de souverainet\u00e9 \u00e9conomique\u00a0<\/strong><\/span><\/p>\n<p style=\"text-align: center;\"><span style=\"font-family: times new roman, times, serif; font-size: 36pt;\"><strong>sans souverainet\u00e9 politique<\/strong><\/span><\/p>\n<p style=\"text-align: center;\"><span style=\"font-family: times new roman, times, serif; font-size: 14pt;\"><strong>\u00a0<\/strong><\/span><\/p>\n<p style=\"text-align: center;\"><span style=\"font-family: times new roman, times, serif; font-size: 18pt;\"><strong>Manlio Dinucci \u2013 <\/strong><a href=\"https:\/\/ilmanifesto.it\/niente-sovranita-economica-senza-quella-politica\/\"><strong><em>il manifesto<\/em><\/strong><\/a><strong> \u2013\u00a0 9.6.2020<\/strong><\/span><\/p>\n<p style=\"text-align: center;\"><span style=\"font-family: times new roman, times, serif; font-size: 18pt;\">Traduction\u00a0:<strong> Marie-Ange Patrizio<\/strong><\/span><\/p>\n<p>&nbsp;<\/p>\n<p>&nbsp;<\/p>\n<p style=\"text-align: center;\"><a href=\"http:\/\/blog.lesgrossesorchadeslesamplesthalameges.fr\/wp-content\/uploads\/2020\/06\/conte-profumo-unveiling-falcoxplorer-600x400.jpg\"><img loading=\"lazy\" class=\"alignnone wp-image-11111 size-full\" src=\"http:\/\/blog.lesgrossesorchadeslesamplesthalameges.fr\/wp-content\/uploads\/2020\/06\/conte-profumo-unveiling-falcoxplorer-600x400.jpg\" alt=\"\" width=\"600\" height=\"400\" srcset=\"https:\/\/blog.lesgrossesorchadeslesamplesthalameges.fr\/wp-content\/uploads\/2020\/06\/conte-profumo-unveiling-falcoxplorer-600x400.jpg 600w, https:\/\/blog.lesgrossesorchadeslesamplesthalameges.fr\/wp-content\/uploads\/2020\/06\/conte-profumo-unveiling-falcoxplorer-600x400-300x200.jpg 300w\" sizes=\"(max-width: 600px) 100vw, 600px\" \/><\/a><\/p>\n<p style=\"text-align: center;\"><span style=\"font-family: times new roman, times, serif; font-size: 12pt;\"><strong><em>Conte et Profumo avec le nouveau Falco Xplorer, le plus grand drone jamais r\u00e9alis\u00e9 par Leonardo<\/em><\/strong><\/span><\/p>\n<p style=\"text-align: center;\"><span style=\"font-family: times new roman, times, serif; font-size: 12pt;\"><strong><em>\u00a0<\/em><\/strong><\/span><\/p>\n<p>&nbsp;<\/p>\n<p style=\"text-align: justify;\"><span style=\"font-family: tahoma, arial, helvetica, sans-serif; font-size: 14pt;\"><strong>On discute en ce moment sur\u00a0combien et quels financements l\u2019Italie recevra de l\u2019Union europ\u00e9enne et \u00e0 quelles conditions<\/strong>.\u00a0<\/span><\/p>\n<p style=\"text-align: justify;\"><span style=\"font-family: times new roman, times, serif; font-size: 14pt;\"><span style=\"font-family: tahoma, arial, helvetica, sans-serif;\"><strong>De Bruxelles arrivent des messages tranquillisants. Mais comme ces financements seront fournis en majorit\u00e9 sous forme de pr\u00eats, divers \u00e9conomistes avertissent : danger d\u2019un fort endettement et d\u2019une ult\u00e9rieure perte de souverainet\u00e9 \u00e9conomique.<\/strong><\/span>\u00a0<\/span><\/p>\n<p>&nbsp;<\/p>\n<p style=\"text-align: justify;\"><span style=\"font-family: times new roman, times, serif; font-size: 14pt;\">L\u2019attention politico-m\u00e9diatique se concentre ainsi sur les rapports entre Italie et Union europ\u00e9enne. Th\u00e8me important, qui cependant ne peut pas \u00eatre s\u00e9par\u00e9 de celui des rapports entre Italie et \u00c9tats-Unis, dont au parlement et dans les grands m\u00e9dias personne ne discute.\u00a0<\/span><\/p>\n<p style=\"text-align: justify;\"><span style=\"font-family: times new roman, times, serif; font-size: 14pt;\">Ainsi continue-t-on \u00e0 ignorer les implications du plan d\u2019\u00ab\u00a0assistance\u00a0\u00bb \u00e0 l\u2019Italie lanc\u00e9 le 10 avril par le pr\u00e9sident Trump (<em>il manifesto<\/em>, 14 avril 2020). Et pourtant l\u2019ambassadeur USA en Italie, Lewis Eisenberg, le d\u00e9finit comme \u00ab\u00a0la plus grande aide financi\u00e8re que les \u00c9tats-Unis aient jamais donn\u00e9 \u00e0 un pays d\u2019Europe occidentale depuis 1948, \u00e0 l\u2019\u00e9poque du Plan Marshall\u00a0\u00bb.\u00a0<\/span><\/p>\n<p style=\"text-align: justify;\"><span style=\"font-family: times new roman, times, serif; font-size: 14pt;\">En soutien aux activit\u00e9s sanitaires anti-Covid d\u00e9j\u00e0 \u00ab\u00a0des dizaines de millions de dollars sont all\u00e9s et iront \u00e0 la Croix-Rouge et \u00e0 certaines organisations non-gouvernementales\u00a0\u00bb (pas plus pr\u00e9cis\u00e9es). En plus de cela le plan pr\u00e9voit une s\u00e9rie d\u2019interventions pour \u00ab\u00a0soutenir la reprise de l\u2019\u00e9conomie italienne\u00a0\u00bb.\u00a0<\/span><\/p>\n<p style=\"text-align: justify;\"><span style=\"font-family: times new roman, times, serif; font-size: 14pt;\">\u00c0 cet effet le pr\u00e9sident Trump a ordonn\u00e9 aux secr\u00e9taires du Tr\u00e9sor et du Commerce, au pr\u00e9sident de la Banque d\u2019Export-Import, \u00e0 l\u2019administrateur de l\u2019Agence USA pour le d\u00e9veloppement international, au directeur de <em>l\u2019United States International Development Finance Corporation<\/em> (agence gouvernementale qui finance des projets de d\u00e9veloppement priv\u00e9s) d\u2019utiliser leurs outils pour \u00ab\u00a0soutenir les entreprises italiennes\u00a0\u00bb. On ne dit pas quelles entreprises sont et seront financ\u00e9es dans le cadre de ce plan, ni \u00e0 quelles conditions sont li\u00e9s ces financements.\u00a0<\/span><\/p>\n<p style=\"text-align: justify;\"><span style=\"font-family: times new roman, times, serif; font-size: 14pt;\">L\u2019ambassadeur Eisenberg parle de fa\u00e7on g\u00e9n\u00e9rale des excellents rapports entre \u00c9tats-Unis et Italie, d\u00e9montr\u00e9s par d\u2019\u00ab\u00a0importants indicateurs de type \u00e9conomique et strat\u00e9gique\u00a0\u00bb, parmi lesquels \u00ab\u00a0un des plus grands accords militaires avec Fincantieri\u00a0\u00bb, qui en mai dernier a obtenu l\u2019adjudication d\u2019un contrat d\u2019environ 6 milliards de dollars pour la construction de dix fr\u00e9gates multi-r\u00f4les de l\u2019US Navy.\u00a0<\/span><\/p>\n<p style=\"text-align: justify;\"><span style=\"font-family: times new roman, times, serif; font-size: 14pt;\">Le groupe italien, contr\u00f4l\u00e9 \u00e0 70% par le minist\u00e8re de l\u2019\u00c9conomie et des finances, a, aux USA, trois chantiers, dans lesquels sont aussi en construction quatre navires de guerre analogues pour l\u2019Arabie Saoudite.\u00a0<\/span><\/p>\n<p style=\"text-align: justify;\"><span style=\"font-family: times new roman, times, serif; font-size: 14pt;\">Un autre important indicateur de type \u00e9conomique et strat\u00e9gique est la croissante int\u00e9gration de la soci\u00e9t\u00e9 Leonardo, la plus grande industrie militaire italienne, dans le complexe militaro-industriel USA, surtout par l\u2019interm\u00e9diaire de Lockheed Martin, la plus grande industrie militaire \u00e9tasunienne. Leonardo, dont le Minist\u00e8re de l\u2019\u00e9conomie et des finances est le principal actionnaire, fournit aux USA des produits et services aux forces arm\u00e9es et aux agences de renseignement, et en Italie g\u00e8re le site de Cameri des chasseurs F-35 de Lockheed Martin.\u00a0<\/span><\/p>\n<p style=\"text-align: justify;\"><span style=\"font-family: times new roman, times, serif; font-size: 14pt;\">Voil\u00e0, avec d\u2019autres, les puissants int\u00e9r\u00eats \u2013 en particulier ceux des grands groupes financiers \u2013 qui ali\u00e8nent l\u2019Italie aux \u00c9tats-Unis. Non seulement la politique \u00e9trang\u00e8re et militaire, mais celle aussi de l\u2019\u00e9conomie de l\u2019Italie se trouve ainsi subordonn\u00e9e \u00e0 la strat\u00e9gie des \u00c9tats-Unis, marqu\u00e9e de fa\u00e7on de plus en plus aig\u00fce par une confrontation politique, \u00e9conomique et militaire avec la Russie et la Chine.\u00a0<\/span><\/p>\n<p style=\"text-align: justify;\"><span style=\"font-family: times new roman, times, serif; font-size: 14pt;\">Le plan de Washington est clair : exploiter la crise et les fractures dans l\u2019UE pour renforcer l\u2019influence des USA en Italie. Les cons\u00e9quences sont \u00e9videntes. Tandis par exemple que ce serait notre int\u00e9r\u00eat national de supprimer les sanctions contre Moscou, afin de relancer l\u2019export italien en Russie pour redonner de l\u2019oxyg\u00e8ne surtout aux petites et moyennes entreprises, ce choix est rendu impossible par notre d\u00e9pendance aux choix de Washington et de Bruxelles. En m\u00eame temps sont mis en danger les accords de l\u2019Italie avec la Chine dans le cadre de la Nouvelle Route de la Soie, peu appr\u00e9ci\u00e9s \u00e0 Washington.\u00a0<\/span><\/p>\n<p style=\"text-align: justify;\"><span style=\"font-family: times new roman, times, serif; font-size: 14pt;\">Le manque de r\u00e9elle souverainet\u00e9 politique emp\u00eache ces choix et d\u2019autres, tous de vitale importance pour sortir de la crise. Mais de tout cela, dans le <em>talk show<\/em> de la politique, on ne dit mot. \u00a0<\/span><\/p>\n<p>&nbsp;<\/p>\n<p style=\"text-align: justify;\"><span style=\"font-family: times new roman, times, serif; font-size: 14pt;\">\u00c9dition de mardi 9 juin 2020 d\u2019<em>il manifesto<\/em><\/span><\/p>\n<p style=\"text-align: justify;\"><span style=\"font-family: times new roman, times, serif; font-size: 14pt;\"><a href=\"https:\/\/ilmanifesto.it\/niente-sovranita-economica-senza-quella-politica\/\">https:\/\/ilmanifesto.it\/niente-sovranita-economica-senza-quella-politica\/<\/a>\u00a0<\/span><\/p>\n<p>&nbsp;<\/p>\n<p style=\"text-align: left;\"><span style=\"font-family: times new roman, times, serif; font-size: 14pt;\"><strong>URL de cet article\u00a0: <\/strong><a href=\"http:\/\/blog.lesgrossesorchadeslesamplesthalameges.fr\/index.php\/11182-2\/\">http:\/\/blog.lesgrossesorchadeslesamplesthalameges.fr\/index.php\/11182-2\/<\/a><br \/>\n<\/span><\/p>\n<p>&nbsp;<\/p>\n<p>&nbsp;<\/p>\n<p style=\"text-align: center;\"><a href=\"http:\/\/blog.lesgrossesorchadeslesamplesthalameges.fr\/wp-content\/uploads\/2020\/06\/POING-AFRIQUE-GIF-2.gif\"><img loading=\"lazy\" class=\"alignnone wp-image-11169\" src=\"http:\/\/blog.lesgrossesorchadeslesamplesthalameges.fr\/wp-content\/uploads\/2020\/06\/POING-AFRIQUE-GIF-2.gif\" alt=\"\" width=\"80\" height=\"80\" \/><\/a><\/p>\n<p>&nbsp;<\/p>\n<p>&nbsp;<\/p>\n<p style=\"text-align: right;\"><span style=\"font-size: 14pt; font-family: comic sans ms, sans-serif;\">Juin 2020<\/span><\/p>\n<p>&nbsp;<\/p>\n<p>&nbsp;<\/p>\n","protected":false},"excerpt":{"rendered":"<p>&nbsp; &nbsp; &nbsp; &nbsp; &nbsp; &nbsp; &nbsp; L\u2019Art de la guerre Pas de souverainet\u00e9 \u00e9conomique\u00a0 sans souverainet\u00e9 politique \u00a0 Manlio Dinucci \u2013 il manifesto \u2013\u00a0 9.6.2020 Traduction\u00a0: Marie-Ange Patrizio &nbsp; &nbsp; Conte et Profumo avec le nouveau Falco Xplorer, le plus grand drone jamais r\u00e9alis\u00e9 par Leonardo \u00a0 &nbsp; On discute en ce moment sur\u00a0combien&#8230;<\/p>\n","protected":false},"author":1,"featured_media":0,"parent":0,"menu_order":0,"comment_status":"open","ping_status":"open","template":"","meta":[],"_links":{"self":[{"href":"https:\/\/blog.lesgrossesorchadeslesamplesthalameges.fr\/index.php\/wp-json\/wp\/v2\/pages\/11182"}],"collection":[{"href":"https:\/\/blog.lesgrossesorchadeslesamplesthalameges.fr\/index.php\/wp-json\/wp\/v2\/pages"}],"about":[{"href":"https:\/\/blog.lesgrossesorchadeslesamplesthalameges.fr\/index.php\/wp-json\/wp\/v2\/types\/page"}],"author":[{"embeddable":true,"href":"https:\/\/blog.lesgrossesorchadeslesamplesthalameges.fr\/index.php\/wp-json\/wp\/v2\/users\/1"}],"replies":[{"embeddable":true,"href":"https:\/\/blog.lesgrossesorchadeslesamplesthalameges.fr\/index.php\/wp-json\/wp\/v2\/comments?post=11182"}],"version-history":[{"count":0,"href":"https:\/\/blog.lesgrossesorchadeslesamplesthalameges.fr\/index.php\/wp-json\/wp\/v2\/pages\/11182\/revisions"}],"wp:attachment":[{"href":"https:\/\/blog.lesgrossesorchadeslesamplesthalameges.fr\/index.php\/wp-json\/wp\/v2\/media?parent=11182"}],"curies":[{"name":"wp","href":"https:\/\/api.w.org\/{rel}","templated":true}]}}