{"id":11300,"date":"2020-06-20T22:34:02","date_gmt":"2020-06-20T20:34:02","guid":{"rendered":"http:\/\/blog.lesgrossesorchadeslesamplesthalameges.fr\/?page_id=11300"},"modified":"2020-06-20T22:34:54","modified_gmt":"2020-06-20T20:34:54","slug":"la-bete-se-revele-lideologue-et-criminel-de-guerre-john-bolton-tente-de-faire-chanter-donald-trump-ou-la-fin-de-lempire","status":"publish","type":"page","link":"https:\/\/blog.lesgrossesorchadeslesamplesthalameges.fr\/index.php\/la-bete-se-revele-lideologue-et-criminel-de-guerre-john-bolton-tente-de-faire-chanter-donald-trump-ou-la-fin-de-lempire\/","title":{"rendered":"La b\u00eate se r\u00e9v\u00e8le : l\u2019id\u00e9ologue et criminel de guerre John Bolton tente de faire chanter Donald Trump ou la fin de l\u2019Empire"},"content":{"rendered":"<p>&nbsp;<\/p>\n<p>&nbsp;<\/p>\n<p>&nbsp;<\/p>\n<p>&nbsp;<\/p>\n<p>&nbsp;<\/p>\n<p>&nbsp;<\/p>\n<p>&nbsp;<\/p>\n<p style=\"text-align: center;\"><span style=\"font-size: 36pt; font-family: times new roman, times, serif;\"><strong>La b\u00eate se r\u00e9v\u00e8le : l\u2019id\u00e9ologue et criminel de guerre John Bolton tente de faire chanter Donald Trump ou la fin de l\u2019Empire<\/strong><\/span><\/p>\n<p style=\"text-align: center;\"><span style=\"font-size: 14pt; font-family: times new roman, times, serif;\"><strong><em>\u00a0<\/em><\/strong><\/span><\/p>\n<p style=\"text-align: center;\"><span style=\"font-size: 18pt; font-family: times new roman, times, serif;\"><strong><em>Strategika 51<\/em><\/strong><strong> \u2013<\/strong><strong>18.6.2020<\/strong><\/span><\/p>\n<p>&nbsp;<\/p>\n<p>&nbsp;<\/p>\n<p style=\"text-align: center;\"><a href=\"http:\/\/blog.lesgrossesorchadeslesamplesthalameges.fr\/wp-content\/uploads\/2020\/06\/maison-blanche-1.jpg\"><img loading=\"lazy\" class=\"alignnone wp-image-11301 size-full\" src=\"http:\/\/blog.lesgrossesorchadeslesamplesthalameges.fr\/wp-content\/uploads\/2020\/06\/maison-blanche-1.jpg\" alt=\"\" width=\"600\" height=\"250\" srcset=\"https:\/\/blog.lesgrossesorchadeslesamplesthalameges.fr\/wp-content\/uploads\/2020\/06\/maison-blanche-1.jpg 600w, https:\/\/blog.lesgrossesorchadeslesamplesthalameges.fr\/wp-content\/uploads\/2020\/06\/maison-blanche-1-300x125.jpg 300w\" sizes=\"(max-width: 600px) 100vw, 600px\" \/><\/a><\/p>\n<p style=\"text-align: center;\"><span style=\"font-size: 14pt; font-family: times new roman, times, serif;\"><strong>\u00a0<\/strong><\/span><\/p>\n<p>&nbsp;<\/p>\n<p style=\"text-align: justify;\"><strong><span style=\"font-size: 14pt; font-family: tahoma, arial, helvetica, sans-serif;\">Nous voil\u00e0 fix\u00e9s sur un point de d\u00e9tail assez controvers\u00e9 et risqu\u00e9 en ces temps de censure universelle. La publication d\u2019un livre de ragots par l\u2019in\u00e9narrable John Bolton, obs\u00e9d\u00e9 id\u00e9ologique au service exclusif des milieux connus sous l\u2019appellation politiquement correcte de n\u00e9o-conservateurs (lore : ultra-sionistes corrompus), chargeant le pr\u00e9sident US Donald Trump, son ex-patron, nous r\u00e9v\u00e8le un peu plus du dessous des cartes en jeu dans le conflit qui d\u00e9chire actuellement le pouvoir aux \u00c9tats-Unis d\u2019Am\u00e9rique. Cela confirme surtout nos suspicions initiales sur le tir group\u00e9 contre Trump par l\u2019ensemble de ce que l\u2019on qualifie, faute d\u2019une meilleure d\u00e9finition s\u00e9mantique, d\u2019\u00c9tat profond US et ses filiales europ\u00e9ennes et moyen-orientales.<\/span><\/strong><\/p>\n<p>&nbsp;<\/p>\n<p style=\"text-align: justify;\"><span style=\"font-size: 14pt; font-family: times new roman, times, serif;\">On peut reprocher dix millions de choses \u00e0 Donald Trump et le personnage ne manque pas de casseroles mais face au criminel de guerre Bolton, maniaque obs\u00e9d\u00e9 par une guerre thermonucl\u00e9aire globale et l\u2019un des caciques les plus corrompus du personnel politique am\u00e9ricain d\u00e9cadent, il n\u2019y a aucune comparaison qui tienne. L\u2019erreur initiale de Trump est d\u2019avoir c\u00e9d\u00e9 ou voulu rassurer le lobby juif pro-sioniste US en le recrutant dans son \u00e9quipe o\u00f9 il n\u2019a pas brill\u00e9 par ses \u00e9tats de service.<\/span><\/p>\n<p style=\"text-align: justify;\"><span style=\"font-size: 14pt; font-family: times new roman, times, serif;\">La guerre civile US au sommet de l\u2019\u00c9tat f\u00e9d\u00e9ral et m\u00eame ailleurs puisque les alli\u00e9s ont presque tous, \u00e0 l\u2019exception notable de la Turquie et du Royaume-Uni, ralli\u00e9 \u00ab\u00a0ceux\u00a0\u00bb qui se cachent derri\u00e8re les D\u00e9mocrates et les R\u00e9publicains anti-Trump, continue de faire rage d\u2019autant plus que les prochaines \u00e9lections se rapprochent et que le choix h\u00e2tif de Joe Biden, d\u00e9sign\u00e9 dans l\u2019urgence absolue, se r\u00e9v\u00e8le peu convaincant dans un pays socialement et \u00e9conomiquement d\u00e9chir\u00e9. Les autres options possibles demeurent fort controvers\u00e9es. Une combinaison Joe Biden\/Michelle Obama qui surferait sur le mouvement <em>Black Lives Matter<\/em> et des clivages ethniques ne r\u00e9soudra pas le probl\u00e8me des tensions raciales aux \u00c9tats-Unis. Pas plus que ne le fera Hillary Clinton en tant que vice-pr\u00e9sidente.<\/span><\/p>\n<p style=\"text-align: justify;\"><span style=\"font-size: 14pt; font-family: times new roman, times, serif;\">Il y a une donn\u00e9e importante que les n\u00e9oconservateurs US n\u2019arrivent pas \u00e0 saisir\u00a0: le<em> momentum<\/em> de l\u2019empire a \u00e9t\u00e9 d\u00e9pass\u00e9 et la propagande est totalement rouill\u00e9e. Isra\u00ebl n\u2019est plus une priorit\u00e9 de la politique \u00e9trang\u00e8re des \u00c9tats-Unis sauf pour emp\u00eacher un autre assassinat de pr\u00e9sident US.<\/span><\/p>\n<p style=\"text-align: justify;\"><span style=\"font-size: 14pt; font-family: times new roman, times, serif;\">Trump est un businessman et un ancien h\u00f4te d\u2019\u00e9missions de t\u00e9l\u00e9r\u00e9alit\u00e9 qui a cru pouvoir se jouer d\u2019un syst\u00e8me qu\u2019il conna\u00eet assez bien, m\u00eame en tra\u00eenant des casseroles sur des milliers de bornes. Sa rh\u00e9torique anti-chinoise ou anti-iranienne a une valeur tactique et dans tous les cas servait plus \u00e0 manoeuvrer un adversaire interne qu\u2019\u00e0 transmettre un quelconque message aux pays concern\u00e9s. Le Turc Erdogan l\u2019avait bien compris, qui fait maintenant cavalier seul pour le r\u00e9tablissement de l\u2019empire turc par la force des armes. Les Isra\u00e9liens l\u2019avaient compris depuis le d\u00e9but et faisaient semblant de ne pas comprendre. Ce qui explique les d\u00e9boires du 45\u00e8me pr\u00e9sident des \u00c9tats-Unis. Le blocage politique apparent en Isra\u00ebl r\u00e9pond \u00e0 une urgence de survie car la situation strat\u00e9gique d\u2019Isra\u00ebl ne se maintient plus gr\u00e2ce au r\u00f4le de la strat\u00e9gie de Washington au Moyen-Orient mais \u2013 et c\u2019est une premi\u00e8re \u2013 gr\u00e2ce au m\u00e9nagement de l\u2019humeur maussade et changeante de Moscou, ainsi qu\u2019au super activisme militaire turc dans la r\u00e9gion. La situation semble tellement d\u00e9sesp\u00e9r\u00e9e que les Isra\u00e9liens en sont \u00e0 vouloir s\u2019en remettre \u00e0 des Chinois fort irrit\u00e9s et r\u00e9ticents, pour faire perdurer une tectonique g\u00e9ostrat\u00e9gique mondiale totalement fissur\u00e9e et nettement en leur d\u00e9faveur.<\/span><\/p>\n<p style=\"text-align: justify;\"><span style=\"font-size: 14pt; font-family: times new roman, times, serif;\">Le Grand Jeu \u00e9volue. La guerre qui a commenc\u00e9 sur les rives de l\u2019Euphrate il y a trente ans est arriv\u00e9e sur les rives du Potomac et risque d\u2019emporter l\u2019Empire. Car quelle que soit la prochaine \u00e9quipe \u00e0 la Maison Blanche, elle ne fera qu\u2019acter la chute finale de l\u2019ancienne superpuissance et sa transformation en un simple pays du Tiers-Monde comme le sont d\u00e9sormais les pays d\u2019Europe occidentale.<\/span><\/p>\n<p style=\"text-align: left;\"><span style=\"font-size: 14pt; font-family: times new roman, times, serif;\">Source\u00a0: <a href=\"https:\/\/strategika51.org\/2020\/06\/18\/la-bete-se-revele-lideologue-et-criminel-de-guerre-john-bolton-tente-de-faire-chanter-donald-trump-ou-la-fin-de-lempire\/\">https:\/\/strategika51.org\/2020\/06\/18\/la-bete-se-revele-lideologue-et-criminel-de-guerre-john-bolton-tente-de-faire-chanter-donald-trump-ou-la-fin-de-lempire\/<\/a>\u00a0<\/span><\/p>\n<p style=\"text-align: justify;\"><span style=\"font-size: 14pt; font-family: times new roman, times, serif;\"><strong>\u00a0<\/strong><\/span><\/p>\n<p style=\"text-align: left;\"><span style=\"font-size: 14pt; font-family: times new roman, times, serif;\"><strong>URL de cet article\u00a0: <\/strong><a href=\"http:\/\/blog.lesgrossesorchadeslesamplesthalameges.fr\/index.php\/la-bete-se-revele-lideologue-et-criminel-de-guerre-john-bolton-tente-de-faire-chanter-donald-trump-ou-la-fin-de-lempire\/\">http:\/\/blog.lesgrossesorchadeslesamplesthalameges.fr\/index.php\/la-bete-se-revele-lideologue-et-criminel-de-guerre-john-bolton-tente-de-faire-chanter-donald-trump-ou-la-fin-de-lempire\/<\/a><strong><br \/>\n<\/strong><\/span><\/p>\n<p><strong>\u00a0<\/strong><\/p>\n<p>&nbsp;<\/p>\n<p style=\"text-align: center;\"><a href=\"http:\/\/blog.lesgrossesorchadeslesamplesthalameges.fr\/wp-content\/uploads\/2020\/06\/Pot-de-peinture-GIF-1.gif\"><img loading=\"lazy\" class=\"alignnone wp-image-11288\" src=\"http:\/\/blog.lesgrossesorchadeslesamplesthalameges.fr\/wp-content\/uploads\/2020\/06\/Pot-de-peinture-GIF-1.gif\" alt=\"\" width=\"150\" height=\"173\" \/><\/a><\/p>\n<p>&nbsp;<\/p>\n<p>&nbsp;<\/p>\n<p style=\"text-align: right;\"><span style=\"font-family: comic sans ms, sans-serif; font-size: 14pt;\">Juin 2020<\/span><\/p>\n<p>&nbsp;<\/p>\n<p>&nbsp;<\/p>\n","protected":false},"excerpt":{"rendered":"<p>&nbsp; &nbsp; &nbsp; &nbsp; &nbsp; &nbsp; &nbsp; La b\u00eate se r\u00e9v\u00e8le : l\u2019id\u00e9ologue et criminel de guerre John Bolton tente de faire chanter Donald Trump ou la fin de l\u2019Empire \u00a0 Strategika 51 \u201318.6.2020 &nbsp; &nbsp; \u00a0 &nbsp; Nous voil\u00e0 fix\u00e9s sur un point de d\u00e9tail assez controvers\u00e9 et risqu\u00e9 en ces temps de censure&#8230;<\/p>\n","protected":false},"author":1,"featured_media":0,"parent":0,"menu_order":0,"comment_status":"open","ping_status":"open","template":"","meta":[],"_links":{"self":[{"href":"https:\/\/blog.lesgrossesorchadeslesamplesthalameges.fr\/index.php\/wp-json\/wp\/v2\/pages\/11300"}],"collection":[{"href":"https:\/\/blog.lesgrossesorchadeslesamplesthalameges.fr\/index.php\/wp-json\/wp\/v2\/pages"}],"about":[{"href":"https:\/\/blog.lesgrossesorchadeslesamplesthalameges.fr\/index.php\/wp-json\/wp\/v2\/types\/page"}],"author":[{"embeddable":true,"href":"https:\/\/blog.lesgrossesorchadeslesamplesthalameges.fr\/index.php\/wp-json\/wp\/v2\/users\/1"}],"replies":[{"embeddable":true,"href":"https:\/\/blog.lesgrossesorchadeslesamplesthalameges.fr\/index.php\/wp-json\/wp\/v2\/comments?post=11300"}],"version-history":[{"count":0,"href":"https:\/\/blog.lesgrossesorchadeslesamplesthalameges.fr\/index.php\/wp-json\/wp\/v2\/pages\/11300\/revisions"}],"wp:attachment":[{"href":"https:\/\/blog.lesgrossesorchadeslesamplesthalameges.fr\/index.php\/wp-json\/wp\/v2\/media?parent=11300"}],"curies":[{"name":"wp","href":"https:\/\/api.w.org\/{rel}","templated":true}]}}