{"id":11348,"date":"2020-06-21T00:22:24","date_gmt":"2020-06-20T22:22:24","guid":{"rendered":"http:\/\/blog.lesgrossesorchadeslesamplesthalameges.fr\/?page_id=11348"},"modified":"2020-06-21T00:23:35","modified_gmt":"2020-06-20T22:23:35","slug":"lincident-naval-entre-les-fregates-turque-gokova-et-francaise-courbet-en-mediterranee-illustre-la-fin-non-declaree-de-lotan-et-la-montee-en-puissance-de-la-turquie","status":"publish","type":"page","link":"https:\/\/blog.lesgrossesorchadeslesamplesthalameges.fr\/index.php\/lincident-naval-entre-les-fregates-turque-gokova-et-francaise-courbet-en-mediterranee-illustre-la-fin-non-declaree-de-lotan-et-la-montee-en-puissance-de-la-turquie\/","title":{"rendered":"L\u2019incident naval entre les fr\u00e9gates turque Gokova et fran\u00e7aise Courbet en M\u00e9diterran\u00e9e illustre la fin non d\u00e9clar\u00e9e de l\u2019OTAN et la mont\u00e9e en puissance de la Turquie"},"content":{"rendered":"<p>&nbsp;<\/p>\n<p>&nbsp;<\/p>\n<p>&nbsp;<\/p>\n<p>&nbsp;<\/p>\n<p>&nbsp;<\/p>\n<p>&nbsp;<\/p>\n<p>&nbsp;<\/p>\n<p style=\"text-align: center;\"><span style=\"font-family: times new roman, times, serif; font-size: 36pt;\"><strong>L\u2019incident naval entre les fr\u00e9gates turque <em>Gokova<\/em> et fran\u00e7aise <em>Courbet<\/em> en M\u00e9diterran\u00e9e illustre la fin non d\u00e9clar\u00e9e de l\u2019OTAN et la mont\u00e9e en puissance de la Turquie<\/strong><\/span><\/p>\n<p style=\"text-align: center;\"><span style=\"font-family: times new roman, times, serif; font-size: 36pt;\"><strong><em>\u00a0<\/em><\/strong><\/span><\/p>\n<p style=\"text-align: center;\"><span style=\"font-family: times new roman, times, serif; font-size: 18pt;\"><strong><em>Strategika 51<\/em><\/strong><strong> \u2013 19.6.2020<\/strong><\/span><\/p>\n<p>&nbsp;<\/p>\n<p>&nbsp;<\/p>\n<p style=\"text-align: center;\"><span style=\"font-family: times new roman, times, serif; font-size: 14pt;\"><strong>\u00a0<\/strong><\/span><\/p>\n<p style=\"text-align: center;\"><a href=\"http:\/\/blog.lesgrossesorchadeslesamplesthalameges.fr\/wp-content\/uploads\/2020\/06\/COURBET-1.jpg\"><img loading=\"lazy\" class=\"alignnone wp-image-11349 size-full\" src=\"http:\/\/blog.lesgrossesorchadeslesamplesthalameges.fr\/wp-content\/uploads\/2020\/06\/COURBET-1.jpg\" alt=\"\" width=\"600\" height=\"319\" srcset=\"https:\/\/blog.lesgrossesorchadeslesamplesthalameges.fr\/wp-content\/uploads\/2020\/06\/COURBET-1.jpg 600w, https:\/\/blog.lesgrossesorchadeslesamplesthalameges.fr\/wp-content\/uploads\/2020\/06\/COURBET-1-300x160.jpg 300w\" sizes=\"(max-width: 600px) 100vw, 600px\" \/><\/a><\/p>\n<p style=\"text-align: center;\"><span style=\"font-family: times new roman, times, serif; font-size: 14pt;\"><strong><em>La fr\u00e9gate fran\u00e7aise Courbet<\/em><\/strong><\/span><\/p>\n<p>&nbsp;<\/p>\n<p>&nbsp;<\/p>\n<p style=\"text-align: center;\"><span style=\"font-family: times new roman, times, serif; font-size: 14pt;\"><strong><em><a href=\"http:\/\/blog.lesgrossesorchadeslesamplesthalameges.fr\/wp-content\/uploads\/2020\/06\/GOLOVKA-1.jpg\"><img loading=\"lazy\" class=\"alignnone wp-image-11350 size-full\" src=\"http:\/\/blog.lesgrossesorchadeslesamplesthalameges.fr\/wp-content\/uploads\/2020\/06\/GOLOVKA-1.jpg\" alt=\"\" width=\"600\" height=\"324\" srcset=\"https:\/\/blog.lesgrossesorchadeslesamplesthalameges.fr\/wp-content\/uploads\/2020\/06\/GOLOVKA-1.jpg 600w, https:\/\/blog.lesgrossesorchadeslesamplesthalameges.fr\/wp-content\/uploads\/2020\/06\/GOLOVKA-1-300x162.jpg 300w\" sizes=\"(max-width: 600px) 100vw, 600px\" \/><\/a>\u00a0<\/em><\/strong><\/span><\/p>\n<p style=\"text-align: center;\"><span style=\"font-family: times new roman, times, serif; font-size: 14pt;\"><strong><em>La fr\u00e9gate turque TCG Gokova (F-492)<\/em><\/strong><\/span><\/p>\n<p>&nbsp;<\/p>\n<p>&nbsp;<\/p>\n<p>&nbsp;<\/p>\n<p style=\"text-align: justify;\"><span style=\"font-family: times new roman, times, serif; font-size: 14pt;\"><strong><span style=\"font-family: tahoma, arial, helvetica, sans-serif;\">L\u2019incident ayant oppos\u00e9 des b\u00e2timents de surface des marines de guerre turque et fran\u00e7aise en M\u00e9diterran\u00e9e illustre la fin non d\u00e9clar\u00e9e de l\u2019Organisation du Trait\u00e9 de l\u2019Atlantique Nord (OTAN) en Libye.<\/span> <\/strong><\/span><\/p>\n<p>&nbsp;<\/p>\n<p style=\"text-align: justify;\"><span style=\"font-family: times new roman, times, serif; font-size: 14pt;\">L\u2019illumination \u00e0 trois reprises cons\u00e9cutives de la fr\u00e9gate fran\u00e7aise furtive multimissions de seconde ligne <em>Courbet <\/em>(F712) de la classe Lafayette par la fr\u00e9gate turque TCG <em>Gokova<\/em> (F-492) escortant des cargos remplis d\u2019armes et de munitions en direction de la Libye n\u2019est ni le premier incident de ce genre ni le dernier. <strong>Les arm\u00e9es de l\u2019OTAN se battent entre elles en Libye<\/strong> et on a d\u00e9j\u00e0 rapport\u00e9 qu\u2019un sc\u00e9nario impliquant un \u00e9ventuel combat a\u00e9rien opposant des F-16 turcs ou des F-35 italiens contre des Rafale fran\u00e7ais, \u00e9gyptiens ou \u00e9miratis n\u2019est plus \u00e0 exclure apr\u00e8s le face-\u00e0-face des F-16C turcs et les nouveaux Mig-29 du LNA envoy\u00e9s par la Russie pour tenter de limiter les tr\u00e8s lourdes pertes subies par le groupe priv\u00e9 PMC Wagner.<\/span><\/p>\n<p style=\"text-align: justify;\"><span style=\"font-family: times new roman, times, serif; font-size: 14pt;\">Il faut dire que la tentation est trop forte du c\u00f4t\u00e9 turc. Apr\u00e8s avoir donn\u00e9 une racl\u00e9e m\u00e9morable aux Ukrainiens du groupe Wagner et aux \u00c9gyptiens se battant sous l\u2019uniforme des forces du Mar\u00e9chal Khalifa Haftar, les Turcs ont appris a \u00e9liminer les drones d\u2019attaque \u00e9miratis de type Wing Loong (une autre fr\u00e9gate turque a abattu avant-hier un drone d\u2019attaque \u00e9mirati Wing Loong au large de la base militaire de Watya, prise d\u2019assaut par les forces du GNA de Tripoli avec l\u2019aide d\u00e9cisive des forces sp\u00e9ciales turques) et surtout les Pantsirs S-1 de Haftar.<\/span><\/p>\n<p>&nbsp;<\/p>\n<p>&nbsp;<\/p>\n<p>&nbsp;<\/p>\n<p style=\"text-align: center;\"><a href=\"http:\/\/blog.lesgrossesorchadeslesamplesthalameges.fr\/wp-content\/uploads\/2020\/06\/DEINE.jpg\"><img loading=\"lazy\" class=\"alignnone wp-image-11351 size-full\" src=\"http:\/\/blog.lesgrossesorchadeslesamplesthalameges.fr\/wp-content\/uploads\/2020\/06\/DEINE.jpg\" alt=\"\" width=\"400\" height=\"652\" srcset=\"https:\/\/blog.lesgrossesorchadeslesamplesthalameges.fr\/wp-content\/uploads\/2020\/06\/DEINE.jpg 400w, https:\/\/blog.lesgrossesorchadeslesamplesthalameges.fr\/wp-content\/uploads\/2020\/06\/DEINE-184x300.jpg 184w\" sizes=\"(max-width: 400px) 100vw, 400px\" \/><\/a><\/p>\n<p style=\"text-align: center;\"><span style=\"font-family: times new roman, times, serif; font-size: 14pt;\"><strong><em>D\u00e9bris d\u2019un drone d\u2019attaque Wing Loong des UAE, abattu au-dessus de Watya par un missile surface-air tir\u00e9 par une fr\u00e9gate de la marine de guerre turque<\/em><\/strong><\/span><\/p>\n<p style=\"text-align: justify;\"><span style=\"font-family: times new roman, times, serif; font-size: 14pt;\"><strong><em>\u00a0<\/em><\/strong><\/span><\/p>\n<p style=\"text-align: justify;\"><span style=\"font-family: times new roman, times, serif; font-size: 14pt;\"><strong><em>\u00a0<\/em><\/strong><\/span><\/p>\n<p style=\"text-align: justify;\"><span style=\"font-family: times new roman, times, serif; font-size: 14pt;\">En tant que pays bellig\u00e9rant dans le conflit libyen depuis son origine, la France s\u2019est positionn\u00e9e du c\u00f4t\u00e9 des forces du Mar\u00e9chal Khalifa Haftar, aux c\u00f4t\u00e9s de l\u2019\u00c9gypte, des \u00c9mirats Arabes Unis et de la Russie, apr\u00e8s avoir perdu tous ses pions en Tripolitaine, au b\u00e9n\u00e9fice de la Turquie et de l\u2019Italie. De ce fait, les Turcs d\u00e9nient \u00e0 la marine fran\u00e7aise tout r\u00f4le neutre y compris au sein de l\u2019op\u00e9ration maritime conjointe \u00ab\u00a0<em>Sea Guardian<\/em>\u00a0\u00bb et per\u00e7oivent la France comme un adversaire \u00e0 \u00e9liminer du th\u00e9\u00e2tre libyen au m\u00eame titre que la Gr\u00e8ce. Cette vision est partag\u00e9e en catimini par l\u2019Italie dont les int\u00e9r\u00eats en Tripolitaine ont \u00e9t\u00e9 rudement secou\u00e9s par la guerre en Libye, laquelle est per\u00e7ue comme l\u2019une des incons\u00e9quences de la politique folle de Sarkozy bien que ce soient les \u00c9tats-Unis qui aient sauv\u00e9 le projet de \u00ab\u00a0changement de r\u00e9gime\u00a0\u00bb en Libye, les pays europ\u00e9ens s\u2019\u00e9tant montr\u00e9s incapables de mener \u00e0 bien ce projet dans un pays pourtant d\u00e9pourvu de forces arm\u00e9es.<\/span><\/p>\n<p style=\"text-align: justify;\"><span style=\"font-family: times new roman, times, serif; font-size: 14pt;\">La guerre en Libye a surtout b\u00e9n\u00e9fici\u00e9 \u00e0 la mont\u00e9e en puissance de la Turquie et \u00e0 son d\u00e9ploiement r\u00e9gional. Les dirigeants turcs en remercient encore Sarkozy en utilisant une vieille blague ottomane sur le caract\u00e8re soumis des juifs hongrois (Sarkozy se pr\u00e9tend d\u2019une descendance juive hongroise et grecque). Cette donn\u00e9e impensable n\u2019aurait jamais \u00e9t\u00e9 possible sans la gabegie des strat\u00e8ges de l\u2019OTAN.<\/span><\/p>\n<p style=\"text-align: justify;\"><span style=\"font-family: times new roman, times, serif; font-size: 14pt;\">La guerre en Libye est en train de causer la d\u00e9sagr\u00e9gation de la plus grande alliance militaire de la plan\u00e8te.<\/span><\/p>\n<p>&nbsp;<\/p>\n<p style=\"text-align: left;\"><span style=\"font-family: times new roman, times, serif; font-size: 14pt;\">Source\u00a0: <a href=\"https:\/\/strategika51.org\/2020\/06\/19\/lincident-naval-entre-les-fregates-turque-gokova-et-francaise-colbert-en-mediterranee-illustre-la-fin-non-declaree-de-lotan-et-la-montee-en-puissance-de-la-turquie\/\">https:\/\/strategika51.org\/2020\/06\/19\/lincident-naval-entre-les-fregates-turque-gokova-et-francaise-colbert-en-mediterranee-illustre-la-fin-non-declaree-de-lotan-et-la-montee-en-puissance-de-la-turquie\/<\/a><\/span><\/p>\n<p>&nbsp;<\/p>\n<p>&nbsp;<\/p>\n<p style=\"text-align: center;\"><a href=\"http:\/\/blog.lesgrossesorchadeslesamplesthalameges.fr\/wp-content\/uploads\/2020\/06\/Pot-de-peinture-GIF-1.gif\"><img loading=\"lazy\" class=\"alignnone wp-image-11288\" src=\"http:\/\/blog.lesgrossesorchadeslesamplesthalameges.fr\/wp-content\/uploads\/2020\/06\/Pot-de-peinture-GIF-1.gif\" alt=\"\" width=\"75\" height=\"86\" \/><\/a><\/p>\n<p>&nbsp;<\/p>\n<p style=\"text-align: justify;\"><span style=\"font-family: times new roman, times, serif; font-size: 24pt; color: #c00000;\"><strong><em>Voir aussi\u00a0:<\/em><\/strong><\/span><\/p>\n<p>&nbsp;<\/p>\n<h1 style=\"text-align: center;\"><strong><span style=\"font-family: times new roman, times, serif; font-size: 36pt;\">L\u2019Otan ou<\/span><span style=\"font-family: times new roman, times, serif; font-size: 36pt;\">vre une enqu\u00eate sur l\u2019incident du <em>Courbet <\/em>entre la France et la Turquie<\/span><\/strong><\/h1>\n<p style=\"text-align: center;\"><a href=\"http:\/\/blog.lesgrossesorchadeslesamplesthalameges.fr\/wp-content\/uploads\/2020\/06\/000.-freccia-nera-piccola-xx-4.gif\"><img loading=\"lazy\" class=\"alignnone size-full wp-image-11352\" src=\"http:\/\/blog.lesgrossesorchadeslesamplesthalameges.fr\/wp-content\/uploads\/2020\/06\/000.-freccia-nera-piccola-xx-4.gif\" alt=\"\" width=\"46\" height=\"46\" \/><\/a><\/p>\n<h1 style=\"text-align: center;\"><span style=\"font-family: times new roman, times, serif; font-size: 14pt;\"><a href=\"https:\/\/www.lefigaro.fr\/international\/l-otan-ouvre-une-enquete-sur-l-incident-du-courbet-avec-la-turquie-20200618\"><span style=\"font-size: 18pt;\">https:\/\/www.lefigaro.fr\/international\/l-otan-ouvre-une-enquete-sur-l-incident-du-courbet-avec-la-turquie-20200618<\/span><\/a><\/span><\/h1>\n<h1 style=\"text-align: justify;\"><\/h1>\n<p style=\"text-align: justify;\"><span style=\"font-family: times new roman, times, serif; font-size: 14pt;\"><strong><em>\u00a0<\/em><\/strong><\/span><\/p>\n<p>&nbsp;<\/p>\n<p style=\"text-align: left;\"><span style=\"font-family: times new roman, times, serif; font-size: 14pt;\"><strong>URL de cet article\u00a0: <\/strong><a href=\"http:\/\/blog.lesgrossesorchadeslesamplesthalameges.fr\/index.php\/lincident-naval-entre-les-fregates-turque-gokova-et-francaise-courbet-en-mediterranee-illustre-la-fin-non-declaree-de-lotan-et-la-montee-en-puissance-de-la-turquie\/\">http:\/\/blog.lesgrossesorchadeslesamplesthalameges.fr\/index.php\/lincident-naval-entre-les-fregates-turque-gokova-et-francaise-courbet-en-mediterranee-illustre-la-fin-non-declaree-de-lotan-et-la-montee-en-puissance-de-la-turquie\/<\/a><strong><br \/>\n<\/strong><\/span><\/p>\n<p style=\"text-align: justify;\"><span style=\"font-family: times new roman, times, serif; font-size: 14pt;\"><strong>\u00a0<\/strong><\/span><\/p>\n<p>&nbsp;<\/p>\n<p style=\"text-align: center;\"><a href=\"http:\/\/blog.lesgrossesorchadeslesamplesthalameges.fr\/wp-content\/uploads\/2020\/06\/Pot-de-peinture-GIF-1.gif\"><img loading=\"lazy\" class=\"alignnone wp-image-11288\" src=\"http:\/\/blog.lesgrossesorchadeslesamplesthalameges.fr\/wp-content\/uploads\/2020\/06\/Pot-de-peinture-GIF-1.gif\" alt=\"\" width=\"150\" height=\"173\" \/><\/a><\/p>\n<p>&nbsp;<\/p>\n<p>&nbsp;<\/p>\n<p style=\"text-align: right;\"><span style=\"font-family: comic sans ms, sans-serif; font-size: 14pt;\">Juin 2020<\/span><\/p>\n<p>&nbsp;<\/p>\n<p>&nbsp;<\/p>\n<p>&nbsp;<\/p>\n","protected":false},"excerpt":{"rendered":"<p>&nbsp; &nbsp; &nbsp; &nbsp; &nbsp; &nbsp; &nbsp; L\u2019incident naval entre les fr\u00e9gates turque Gokova et fran\u00e7aise Courbet en M\u00e9diterran\u00e9e illustre la fin non d\u00e9clar\u00e9e de l\u2019OTAN et la mont\u00e9e en puissance de la Turquie \u00a0 Strategika 51 \u2013 19.6.2020 &nbsp; &nbsp; \u00a0 La fr\u00e9gate fran\u00e7aise Courbet &nbsp; &nbsp; \u00a0 La fr\u00e9gate turque TCG Gokova (F-492)&#8230;<\/p>\n","protected":false},"author":1,"featured_media":0,"parent":0,"menu_order":0,"comment_status":"open","ping_status":"open","template":"","meta":[],"_links":{"self":[{"href":"https:\/\/blog.lesgrossesorchadeslesamplesthalameges.fr\/index.php\/wp-json\/wp\/v2\/pages\/11348"}],"collection":[{"href":"https:\/\/blog.lesgrossesorchadeslesamplesthalameges.fr\/index.php\/wp-json\/wp\/v2\/pages"}],"about":[{"href":"https:\/\/blog.lesgrossesorchadeslesamplesthalameges.fr\/index.php\/wp-json\/wp\/v2\/types\/page"}],"author":[{"embeddable":true,"href":"https:\/\/blog.lesgrossesorchadeslesamplesthalameges.fr\/index.php\/wp-json\/wp\/v2\/users\/1"}],"replies":[{"embeddable":true,"href":"https:\/\/blog.lesgrossesorchadeslesamplesthalameges.fr\/index.php\/wp-json\/wp\/v2\/comments?post=11348"}],"version-history":[{"count":0,"href":"https:\/\/blog.lesgrossesorchadeslesamplesthalameges.fr\/index.php\/wp-json\/wp\/v2\/pages\/11348\/revisions"}],"wp:attachment":[{"href":"https:\/\/blog.lesgrossesorchadeslesamplesthalameges.fr\/index.php\/wp-json\/wp\/v2\/media?parent=11348"}],"curies":[{"name":"wp","href":"https:\/\/api.w.org\/{rel}","templated":true}]}}