{"id":11363,"date":"2020-06-21T00:33:27","date_gmt":"2020-06-20T22:33:27","guid":{"rendered":"http:\/\/blog.lesgrossesorchadeslesamplesthalameges.fr\/?page_id=11363"},"modified":"2020-06-21T00:35:51","modified_gmt":"2020-06-20T22:35:51","slug":"tension-frontaliere-sino-indienne-une-bastonnade-meurtriere-dans-les-himalayas","status":"publish","type":"page","link":"https:\/\/blog.lesgrossesorchadeslesamplesthalameges.fr\/index.php\/tension-frontaliere-sino-indienne-une-bastonnade-meurtriere-dans-les-himalayas\/","title":{"rendered":"Tension frontali\u00e8re sino-indienne : une bastonnade meurtri\u00e8re dans les Himalayas"},"content":{"rendered":"<p><strong><em>\u00a0<\/em><\/strong><\/p>\n<p>&nbsp;<\/p>\n<p>&nbsp;<\/p>\n<p>&nbsp;<\/p>\n<p>&nbsp;<\/p>\n<p>&nbsp;<\/p>\n<p>&nbsp;<\/p>\n<p style=\"text-align: center;\"><span style=\"font-family: times new roman, times, serif; font-size: 36pt;\"><strong>Tension frontali\u00e8re sino-indienne : une bastonnade meurtri\u00e8re dans les Himalayas<\/strong><\/span><\/p>\n<p>&nbsp;<\/p>\n<p>&nbsp;<\/p>\n<p style=\"text-align: center;\"><span style=\"font-family: times new roman, times, serif; font-size: 18pt;\"><strong><em>Strategika 51<\/em><\/strong><strong> \u2013 18.6.2020<\/strong><\/span><\/p>\n<p>&nbsp;<\/p>\n<p>&nbsp;<\/p>\n<p>&nbsp;<\/p>\n<p style=\"text-align: center;\"><a href=\"http:\/\/blog.lesgrossesorchadeslesamplesthalameges.fr\/wp-content\/uploads\/2020\/06\/1TENSION-1-1.jpg\"><img loading=\"lazy\" class=\"alignnone wp-image-11365\" src=\"http:\/\/blog.lesgrossesorchadeslesamplesthalameges.fr\/wp-content\/uploads\/2020\/06\/1TENSION-1-1-300x169.jpg\" alt=\"\" width=\"750\" height=\"422\" srcset=\"https:\/\/blog.lesgrossesorchadeslesamplesthalameges.fr\/wp-content\/uploads\/2020\/06\/1TENSION-1-1-300x169.jpg 300w, https:\/\/blog.lesgrossesorchadeslesamplesthalameges.fr\/wp-content\/uploads\/2020\/06\/1TENSION-1-1-768x432.jpg 768w, https:\/\/blog.lesgrossesorchadeslesamplesthalameges.fr\/wp-content\/uploads\/2020\/06\/1TENSION-1-1.jpg 1024w\" sizes=\"(max-width: 750px) 100vw, 750px\" \/><\/a><\/p>\n<p>&nbsp;<\/p>\n<p>&nbsp;<\/p>\n<p>&nbsp;<\/p>\n<p style=\"text-align: justify;\"><span style=\"font-family: times new roman, times, serif; font-size: 14pt;\"><span style=\"font-family: tahoma, arial, helvetica, sans-serif;\"><strong>Ce qui est remarquable dans les bastonnades ayant oppos\u00e9 des militaires chinois et indiens sur un point de la ligne de contr\u00f4le LoC au Ladakh dans les Himalayas, est qu\u2019aucun document photographique ou vid\u00e9o n\u2019a pu \u00eatre pris sur place. Un exploit quand on sait que les militaires des deux premi\u00e8res puissances d\u00e9mographiques et nucl\u00e9aires engag\u00e9s dans un \u00e9trange face-\u00e0-face disposent des meilleurs smartphones des marques montantes <\/strong><a href=\"https:\/\/www.samsung.com\/semiconductor\/\"><strong>Samsung<\/strong><\/a><strong>, <\/strong><a href=\"https:\/\/www.oppo.com\/en\/\"><strong>Oppo<\/strong><\/a><strong>, <\/strong><a href=\"https:\/\/www.mi.com\/global\/\"><strong>Xiaomi<\/strong><\/a><strong>, <\/strong><a href=\"https:\/\/www.huawei.com\/en\/\"><strong>Huawei<\/strong><\/a><strong>, <\/strong><a href=\"https:\/\/www.oneplus.com\/global\"><strong>OnePlus<\/strong><\/a><strong>, <\/strong><a href=\"https:\/\/www.blackview.hk\/\"><strong>Blackview<\/strong><\/a><strong>, <\/strong><a href=\"https:\/\/www.ulefone.com\/\"><strong>Ulefone<\/strong><\/a><strong>, <\/strong><a href=\"https:\/\/www.realme.com\/global\/\"><strong>Realme<\/strong><\/a><\/span><strong><span style=\"font-family: tahoma, arial, helvetica, sans-serif;\"> et une dizaine d\u2019autres moins connues.<\/span> <\/strong><\/span><\/p>\n<p>&nbsp;<\/p>\n<p style=\"text-align: justify;\"><span style=\"font-family: times new roman, times, serif; font-size: 14pt;\">Indubitablement, des consignes strictes ont \u00e9t\u00e9 donn\u00e9es de part et d\u2019autres. Aucun coup de feu. Les soldats chinois et indiens ont mis leurs armes \u00e0 feu et les baillonettes de c\u00f4t\u00e9 et ont \u00e9chang\u00e9 une pluie de pierres et un d\u00e9luge de coups de b\u00e2ton. Un premier bilan officiel c\u00f4t\u00e9 indien parle de la mort d\u2019un colonel et de vingt-deux soldats \u00e0 l\u2019issue de cette castagne que l\u2019on devine comme m\u00e9morable. C\u00f4t\u00e9 chinois, un extrait du <strong>Global Times<\/strong> \u00e9voque des pertes humaines des deux c\u00f4t\u00e9s sans en pr\u00e9ciser les d\u00e9tails. Ce qui est certain est que la m\u00eal\u00e9e g\u00e9n\u00e9rale ayant suivi la pluie de pierres a du \u00eatre \u00ab\u00a0solide\u00a0\u00bb et c\u2019est le moins que l\u2019on puisse dire.<\/span><\/p>\n<p>&nbsp;<\/p>\n<p>&nbsp;<\/p>\n<p>&nbsp;<\/p>\n<p style=\"text-align: center;\"><a href=\"http:\/\/blog.lesgrossesorchadeslesamplesthalameges.fr\/wp-content\/uploads\/2020\/06\/TENSION-2.jpg\"><img loading=\"lazy\" class=\"alignnone wp-image-11366\" src=\"http:\/\/blog.lesgrossesorchadeslesamplesthalameges.fr\/wp-content\/uploads\/2020\/06\/TENSION-2-300x199.jpg\" alt=\"\" width=\"450\" height=\"299\" \/><\/a><\/p>\n<p>&nbsp;<\/p>\n<p>&nbsp;<\/p>\n<p>&nbsp;<\/p>\n<p style=\"text-align: justify;\"><span style=\"font-family: times new roman, times, serif; font-size: 14pt;\">En r\u00e9alit\u00e9, m\u00eame si la tension g\u00e9ostrat\u00e9gique sino-indienne ne cesse de cro\u00eetre, la situation est sous contr\u00f4le. Les vieux contentieux frontaliers ne sont pas susceptibles d\u2019aboutir \u00e0 un conflit et ce fait semble faire consensus aussi bien \u00e0 Beijing qu\u2019\u00e0 New Delhi. C\u2019est plus le rapprochement spectaculaire entre la Chine et le Pakistan, le rival g\u00e9ostrat\u00e9gique de l\u2019Inde, qui semble motiver l\u2019alignement du r\u00e9gime extr\u00e9miste de Modi sur les th\u00e8ses n\u00e9o-conservatrices de l\u2019\u00c9tat profond US et Isra\u00ebl.<\/span><\/p>\n<p style=\"text-align: justify;\"><span style=\"font-family: times new roman, times, serif; font-size: 14pt;\">Cette bastonnade meurtri\u00e8re entre militaires indiens et chinois n\u2019est pas la premiere. Cela fait des semaines que les m\u00e9dias indiens sont pris d\u2019une fr\u00e9n\u00e9sie guerri\u00e8re et belliciste \u00e0 l\u2019\u00e9gard de la Chine. A l\u2019inverse, les m\u00e9dias chinois se montrent tr\u00e8s peu prolixes et \u00e9voquent \u00e0 peine un sujet qui n\u2019emballe gu\u00e8re l\u2019opinion publique chinoise. Une premi\u00e8re bastonnade a vis\u00e9 des gardes fronti\u00e8res chinois avant d\u2019\u00eatre suivie d\u2019autres bien plus muscl\u00e9es impliquant la capture de prisonniers. Les chinois ont laiss\u00e9 faire avant d\u2019adopter une strat\u00e9gie assez curieuse. Les unit\u00e9s engag\u00e9es ont \u00e9t\u00e9 rappel\u00e9es \u00e0 l\u2019arri\u00e8re pour \u00eatre remplac\u00e9es par des unit\u00e9s ad-hoc compos\u00e9es de \u00ab\u00a0boxeurs\u00a0\u00bb et de lutteurs professionnels. L\u2019empreinte de l\u2019\u00e9cole de Shaolin dans la derni\u00e8re m\u00eal\u00e9e est assez claire. Habitu\u00e9s \u00e0 avoir le dessus lors des combats au corps \u00e0 corps individuels, les soldats indiens ont \u00e9t\u00e9 surpris cette fois par des lutteurs chinois sp\u00e9cialis\u00e9s dans le combat au b\u00e2ton et \u00e0 mains nues. C\u2019est une forme de strat\u00e9gie subtile mais redoutablement efficace. Les deux pays disposent de la panoplie compl\u00e8te des armes modernes mais pr\u00e9f\u00e8rent recourir \u00e0 la m\u00eal\u00e9e, laissant aux commandants des unit\u00e9s op\u00e9rationnelles une marge de n\u00e9gociation sur place. A un niveau plus \u00e9lev\u00e9, un dialogue diplomatique est en cours. La Chine ne veut pas. D\u2019un encerclement strat\u00e9gique complet au moyen d\u2019un collier de points chauds ou de tension. L\u2019\u00e9tau est r\u00e9el et s\u2019\u00e9tend suivant le mouvement d\u2019une horloge de la p\u00e9ninsule cor\u00e9enne \u00e0 la mer de Chine m\u00e9ridionale, Hong Kong, le plateau du Tibet, les Himalayas et la province occidentale du Xinjiang. De son c\u00f4t\u00e9, l\u2019Inde ne cache plus son alignement de plus en plus flagrant avec les factions les plus bellicistes de l\u2019empire. L\u2019\u00e9pith\u00e8te de plus grande d\u00e9mocratie du monde cache mal un pays dirig\u00e9e par une caste ultra-violente, sectaire et aux vis\u00e9es tr\u00e8s expansionnistes (tous azimuts). C\u2019est les services sp\u00e9ciaux indiens qui alimentent la r\u00e9bellion au Baloutchistan, province \u00e0 cheval entre le Pakistan et l\u2019Iran sous pr\u00e9texte de faire \u00e9chec \u00e0 la nouvelle initiative \u00e9conomique chinoise. C\u2019est encore New Delhi qui complique au plus haut niveau le conflit du Cachemire et joue un r\u00f4le d\u00e9stabilisateur en Afghanistan. Cette politique risque d\u2019\u00eatre inop\u00e9rante face \u00e0 la Chine. Le potentiel de risque dans ce type de confrontation est simplement beaucoup trop \u00e9lev\u00e9 pour \u00eatre pris \u00e0 la l\u00e9g\u00e8re. Il y a toujours un moyen de r\u00e9solution des conflits frontaliers et la confrontation est le moyen le moins efficace. La derni\u00e8re bastonnade d\u2019enfer entre des militaires volontairement d\u00e9sarm\u00e9s en est une preuve. On observera au passage une sorte de finesse asiatique que l\u2019on retrouve nulle part ailleurs. Les deux protagonistes se sont battus sans armes. Un exemple qui ne risque pas de se reproduire ailleurs.<\/span><\/p>\n<p>&nbsp;<\/p>\n<p style=\"text-align: left;\"><span style=\"font-family: times new roman, times, serif; font-size: 14pt;\">Source\u00a0: <a href=\"https:\/\/strategika51.org\/2020\/06\/17\/tension-frontaliere-sino-indienne-une-bastonnade-meurtriere-dans-les-himalayas\/\">https:\/\/strategika51.org\/2020\/06\/17\/tension-frontaliere-sino-indienne-une-bastonnade-meurtriere-dans-les-himalayas\/<\/a><\/span><\/p>\n<p>&nbsp;<\/p>\n<p style=\"text-align: left;\"><span style=\"font-family: times new roman, times, serif; font-size: 14pt;\"><strong>URL de cet article\u00a0: <\/strong><a href=\"http:\/\/blog.lesgrossesorchadeslesamplesthalameges.fr\/index.php\/tension-frontaliere-sino-indienne-une-bastonnade-meurtriere-dans-les-himalayas\/\">http:\/\/blog.lesgrossesorchadeslesamplesthalameges.fr\/index.php\/tension-frontaliere-sino-indienne-une-bastonnade-meurtriere-dans-les-himalayas\/<\/a><\/span><\/p>\n<p>&nbsp;<\/p>\n<p>&nbsp;<\/p>\n<p>&nbsp;<\/p>\n<p style=\"text-align: center;\"><a href=\"http:\/\/blog.lesgrossesorchadeslesamplesthalameges.fr\/wp-content\/uploads\/2020\/06\/Pot-de-peinture-GIF-1.gif\"><img loading=\"lazy\" class=\"alignnone wp-image-11288\" src=\"http:\/\/blog.lesgrossesorchadeslesamplesthalameges.fr\/wp-content\/uploads\/2020\/06\/Pot-de-peinture-GIF-1.gif\" alt=\"\" width=\"150\" height=\"173\" \/><\/a><\/p>\n<p>&nbsp;<\/p>\n<p>&nbsp;<\/p>\n<p style=\"text-align: right;\"><span style=\"font-family: comic sans ms, sans-serif; font-size: 14pt;\">Juin 2020<\/span><\/p>\n<p>&nbsp;<\/p>\n<p>&nbsp;<\/p>\n","protected":false},"excerpt":{"rendered":"<p>\u00a0 &nbsp; &nbsp; &nbsp; &nbsp; &nbsp; &nbsp; Tension frontali\u00e8re sino-indienne : une bastonnade meurtri\u00e8re dans les Himalayas &nbsp; &nbsp; Strategika 51 \u2013 18.6.2020 &nbsp; &nbsp; &nbsp; &nbsp; &nbsp; &nbsp; Ce qui est remarquable dans les bastonnades ayant oppos\u00e9 des militaires chinois et indiens sur un point de la ligne de contr\u00f4le LoC au Ladakh dans&#8230;<\/p>\n","protected":false},"author":1,"featured_media":0,"parent":0,"menu_order":0,"comment_status":"open","ping_status":"open","template":"","meta":[],"_links":{"self":[{"href":"https:\/\/blog.lesgrossesorchadeslesamplesthalameges.fr\/index.php\/wp-json\/wp\/v2\/pages\/11363"}],"collection":[{"href":"https:\/\/blog.lesgrossesorchadeslesamplesthalameges.fr\/index.php\/wp-json\/wp\/v2\/pages"}],"about":[{"href":"https:\/\/blog.lesgrossesorchadeslesamplesthalameges.fr\/index.php\/wp-json\/wp\/v2\/types\/page"}],"author":[{"embeddable":true,"href":"https:\/\/blog.lesgrossesorchadeslesamplesthalameges.fr\/index.php\/wp-json\/wp\/v2\/users\/1"}],"replies":[{"embeddable":true,"href":"https:\/\/blog.lesgrossesorchadeslesamplesthalameges.fr\/index.php\/wp-json\/wp\/v2\/comments?post=11363"}],"version-history":[{"count":0,"href":"https:\/\/blog.lesgrossesorchadeslesamplesthalameges.fr\/index.php\/wp-json\/wp\/v2\/pages\/11363\/revisions"}],"wp:attachment":[{"href":"https:\/\/blog.lesgrossesorchadeslesamplesthalameges.fr\/index.php\/wp-json\/wp\/v2\/media?parent=11363"}],"curies":[{"name":"wp","href":"https:\/\/api.w.org\/{rel}","templated":true}]}}