{"id":11447,"date":"2020-06-24T23:03:26","date_gmt":"2020-06-24T21:03:26","guid":{"rendered":"http:\/\/blog.lesgrossesorchadeslesamplesthalameges.fr\/?page_id=11447"},"modified":"2020-06-24T23:05:03","modified_gmt":"2020-06-24T21:05:03","slug":"11447-2","status":"publish","type":"page","link":"https:\/\/blog.lesgrossesorchadeslesamplesthalameges.fr\/index.php\/11447-2\/","title":{"rendered":"Iconoclasme"},"content":{"rendered":"<p>&nbsp;<\/p>\n<p>&nbsp;<\/p>\n<p>&nbsp;<\/p>\n<p>&nbsp;<\/p>\n<p>&nbsp;<\/p>\n<p>&nbsp;<\/p>\n<p>&nbsp;<\/p>\n<p>&nbsp;<\/p>\n<p style=\"text-align: justify;\"><span style=\"color: #c00000;\"><span style=\"font-family: times new roman, times, serif; font-size: 12pt;\"><strong><span style=\"font-family: comic sans ms, sans-serif;\">On a un faible pour les pol\u00e9mistes, dont Jean-Paul Brighelli fait partie. Mais s\u2019ils sont souvent sans peur, ils sont rarement sans reproche. Ainsi, dans l\u2019article ci-dessous, r\u00e2lant contre l\u2019actuelle mode imb\u00e9cile de l\u2019antiracisme de la 11<sup>e<\/sup> heure et de la repentance made in les pires sous-couches de la cr\u00e9tinerie fi\u00e8re d\u2019elle et dominatrice US, se croit-il oblig\u00e9 de s\u2019\u00e9crier\u00a0:<\/span> <\/strong><\/span><\/span><\/p>\n<p style=\"text-align: justify;\"><span style=\"color: #c00000;\"><span style=\"font-family: times new roman, times, serif; font-size: 14pt;\"><strong>\u00a0<\/strong><\/span><\/span><\/p>\n<p style=\"text-align: justify; padding-left: 90px;\"><span style=\"color: #c00000;\"><span style=\"font-family: times new roman, times, serif; font-size: 14pt;\">\u00ab\u00a0L\u2019essentiel des actes racistes, rapport\u00e9s \u00e0 ce que repr\u00e9sentent en proportion\u00a0les diverses composantes du tissu fran\u00e7ais, ce sont les Juifs, comme d\u2019habitude, qui les encaissent.\u00a0\u00bb<\/span><\/span><\/p>\n<p style=\"text-align: justify; padding-left: 90px;\"><span style=\"color: #c00000;\"><span style=\"font-family: times new roman, times, serif; font-size: 14pt;\">\u00a0<\/span><\/span><\/p>\n<p style=\"text-align: justify;\"><span style=\"color: #c00000;\"><span style=\"font-family: comic sans ms, sans-serif; font-size: 12pt;\"><strong>Mais encore\u00a0?<\/strong><\/span><\/span><\/p>\n<p style=\"text-align: justify;\"><span style=\"color: #c00000;\"><span style=\"font-family: comic sans ms, sans-serif; font-size: 12pt;\"><strong>Le sionocompatible qu\u2019il est <\/strong><strong>ne se rend-t-il pas compte ou fait-il semblant de ne pas voir l\u2019origine holocaustique de ce qu\u2019il d\u00e9plore avec tant de raison\u00a0? Ne voit-il pas que les revendications victimaires les plus \u00e9chevel\u00e9es d\u2019aujourd\u2019hui n\u2019ont pas d\u2019autre origine que le sport pratiqu\u00e9 depuis la fin de la guerre par ceux qui l\u2019h\u00e9bergent et qu\u2019il m\u00e9nage en feignant qu\u2019il n\u2019y a pas de diff\u00e9rence entre \u00ab\u00a0juifs\u00a0\u00bb et \u00ab\u00a0sionistes\u00a0\u00bb\u00a0? <\/strong><\/span><\/span><\/p>\n<p style=\"text-align: justify;\"><span style=\"color: #c00000;\"><span style=\"font-family: comic sans ms, sans-serif; font-size: 12pt;\"><strong>Que ces derniers s\u2019obstinent \u00e0 le pr\u00e9tendre dans le canard \u00e0 Finkie, c\u2019est de bonne guerre. Mais il y a des limites au respect humain acceptable et il y a un moment o\u00f9 il faut admettre que les barricades n\u2019ont que deux c\u00f4t\u00e9s (Elsa Triolet, si je ne m\u2019abuse) et qu\u2019on ne peut pas camper sur les deux \u00e0 la fois, surtout quand il faut tirer.<\/strong><\/span><\/span><\/p>\n<p style=\"text-align: justify;\"><span style=\"color: #c00000;\"><span style=\"font-family: comic sans ms, sans-serif; font-size: 12pt;\"><strong>Et ce n\u2019est pas la seule chose \u00e0 lui reprocher, si on veut pinailler\u2026 <\/strong><\/span><\/span><\/p>\n<p style=\"text-align: justify;\"><span style=\"color: #c00000;\"><span style=\"font-family: comic sans ms, sans-serif; font-size: 12pt;\"><strong>Bien s\u00fbr qu\u2019il y a du lumpenproletariat noir \u2013 pourquoi n\u2019y en aurait-il pas\u00a0? \u2013 et, bien s\u00fbr qu\u2019il est aussi \u00e0 plaindre et insupportable que les autres.<\/strong><\/span><\/span><\/p>\n<p style=\"text-align: justify;\"><span style=\"color: #c00000;\"><span style=\"font-family: comic sans ms, sans-serif; font-size: 12pt;\"><strong>Bien s\u00fbr les Arabes ont pratiqu\u00e9 l\u2019esclavage, comme tous les peuples sans exception depuis la pr\u00e9histoire, et ce n\u2019est pas non plus, bien s\u00fbr, de la jud\u00e9ophobie d\u2019admettre qu\u2019en Europe, des millions d\u2019esclaves slaves ont \u00e9t\u00e9 \u00e9mascul\u00e9s \u2013 dont 4 sur 5 mouraient (plaque tournante\u00a0: Verdun) \u2013 par des esclavagistes h\u00e9breux ou Khazars qui les vendaient ensuite \u00e0 qui en avait l\u2019usage, \u00e9ventuellement des Arabes mais pas que, qu\u2019est-ce que vous croyez\u00a0?<\/strong><\/span><\/span><\/p>\n<p style=\"text-align: justify;\"><span style=\"color: #c00000;\"><span style=\"font-family: comic sans ms, sans-serif; font-size: 12pt;\"><strong>Et peut-\u00eatre est-il vrai que quelque allum\u00e9 du Vietcong ait coup\u00e9 le bras d\u2019un compatriote parce que vaccin\u00e9 par les Yankees. Ce sont les g\u00e9n\u00e9ralisations qui font le racisme, quelle que soit sa forme.<\/strong><\/span><\/span><\/p>\n<p style=\"text-align: justify;\"><span style=\"color: #c00000;\"><span style=\"font-family: comic sans ms, sans-serif; font-size: 12pt;\"><strong>Bon. Brighelli r\u00e2le. Moi aussi.<\/strong><\/span><\/span><\/p>\n<p style=\"text-align: right;\"><span style=\"color: #c00000;\"><span style=\"font-family: comic sans ms, sans-serif; font-size: 12pt;\"><strong>Th\u00e9roigne<\/strong><\/span><\/span><\/p>\n<p>&nbsp;<\/p>\n<p>&nbsp;<\/p>\n<p style=\"text-align: center;\"><span style=\"font-family: times new roman, times, serif; font-size: 14pt;\"><strong>\u00a0<a href=\"http:\/\/blog.lesgrossesorchadeslesamplesthalameges.fr\/wp-content\/uploads\/2020\/06\/DA-VINCI-CAT-GIF.gif\"><img loading=\"lazy\" class=\"alignnone wp-image-11423\" src=\"http:\/\/blog.lesgrossesorchadeslesamplesthalameges.fr\/wp-content\/uploads\/2020\/06\/DA-VINCI-CAT-GIF.gif\" alt=\"\" width=\"100\" height=\"103\" \/><\/a><\/strong><\/span><\/p>\n<p>&nbsp;<\/p>\n<p>&nbsp;<\/p>\n<p style=\"text-align: center;\"><span style=\"font-family: times new roman, times, serif; font-size: 36pt;\"><strong>Iconoclasme<\/strong><\/span><\/p>\n<p style=\"text-align: center;\"><span style=\"font-family: times new roman, times, serif; font-size: 14pt;\"><strong>\u00a0<\/strong><\/span><span style=\"font-family: times new roman, times, serif; font-size: 14pt;\"><strong>\u00a0<\/strong><\/span><\/p>\n<p style=\"text-align: center;\"><span style=\"font-family: times new roman, times, serif; font-size: 18pt;\"><strong>Jean-Paul Brighelli \u2013 <em>Bonnet d\u2019\u00e2ne<\/em> \u2013 12.6.2020<\/strong><\/span><\/p>\n<p>&nbsp;<\/p>\n<p style=\"text-align: justify;\"><span style=\"font-family: times new roman, times, serif; font-size: 14pt;\"><strong>\u00a0<\/strong><\/span><\/p>\n<p style=\"text-align: justify;\"><span style=\"font-family: tahoma, arial, helvetica, sans-serif; font-size: 14pt;\"><strong>Chacun (sauf le CRAN, le PIR, tous ceux qui les soutiennent et mettent un genou \u00e0 terre pour s\u2019excuser des crimes suppos\u00e9s de leurs anc\u00eatres, et Virginie Despentes, qui est\u00a0\u00e0 la Culture ce qu\u2019un poisson est \u00e0 une bicyclette) \u2014 chacun donc sait que le fondement de l\u2019iconoclasme, que ce soit au VIIIe si\u00e8cle, quand les chr\u00e9tiens de L\u00e9on III tent\u00e8rent de se faire aussi b\u00eates que les Arabes qui leur \u00e9taient frontaliers, au IXe quand les sujets de L\u00e9on V r\u00e9cidiv\u00e8rent, ou au XVIe, quand les Protestants, non contents d\u2019adh\u00e9rer \u00e0 une religion qui interdisait pratiquement le plaisir, d\u00e9truisirent les \u00e9glises et les cath\u00e9drales partout o\u00f9 ils pass\u00e8rent, est essentiellement religieux. Persuad\u00e9s de pr\u00eacher la vraie foi, les barbares se d\u00e9chain\u00e8rent contre tout ce qui leur \u00e9tait hostile \u2014 l\u2019Art et la Culture au premier chef.<\/strong><\/span><\/p>\n<p>&nbsp;<\/p>\n<p style=\"text-align: justify;\"><span style=\"font-family: times new roman, times, serif; font-size: 14pt;\">Le mouvement de destruction des statues, amorc\u00e9 d\u00e9j\u00e0 depuis quelques ann\u00e9es au nom de la lutte contre le colonialisme (il faudra m\u2019expliquer en quoi massacrer Cecil Rhodes en effigie<\/span><\/p>\n<p>&nbsp;<\/p>\n<p>&nbsp;<\/p>\n<p style=\"text-align: center;\"><a href=\"http:\/\/blog.lesgrossesorchadeslesamplesthalameges.fr\/wp-content\/uploads\/2020\/06\/Bonnet-1.jpg\"><img loading=\"lazy\" class=\"alignnone wp-image-11425 size-full\" src=\"http:\/\/blog.lesgrossesorchadeslesamplesthalameges.fr\/wp-content\/uploads\/2020\/06\/Bonnet-1.jpg\" alt=\"\" width=\"500\" height=\"353\" srcset=\"https:\/\/blog.lesgrossesorchadeslesamplesthalameges.fr\/wp-content\/uploads\/2020\/06\/Bonnet-1.jpg 500w, https:\/\/blog.lesgrossesorchadeslesamplesthalameges.fr\/wp-content\/uploads\/2020\/06\/Bonnet-1-300x212.jpg 300w\" sizes=\"(max-width: 500px) 100vw, 500px\" \/><\/a><\/p>\n<p>&nbsp;<\/p>\n<p>&nbsp;<\/p>\n<p style=\"text-align: justify;\"><span style=\"font-family: times new roman, times, serif; font-size: 14pt;\">l\u00e9gitime les massacreurs noirs qui ont pris le pouvoir au Zimbabwe depuis qu\u2019il ne s\u2019appelle plus Rhod\u00e9sie) ou le racisme \u2014 et la destruction des statues de Schoelcher \u00e0 la Martinique<\/span><\/p>\n<p>&nbsp;<\/p>\n<p>&nbsp;<\/p>\n<p style=\"text-align: center;\"><a href=\"http:\/\/blog.lesgrossesorchadeslesamplesthalameges.fr\/wp-content\/uploads\/2020\/06\/Bonnet-2.jpg\"><img loading=\"lazy\" class=\"alignnone wp-image-11449 size-full\" src=\"http:\/\/blog.lesgrossesorchadeslesamplesthalameges.fr\/wp-content\/uploads\/2020\/06\/Bonnet-2.jpg\" alt=\"\" width=\"500\" height=\"301\" srcset=\"https:\/\/blog.lesgrossesorchadeslesamplesthalameges.fr\/wp-content\/uploads\/2020\/06\/Bonnet-2.jpg 500w, https:\/\/blog.lesgrossesorchadeslesamplesthalameges.fr\/wp-content\/uploads\/2020\/06\/Bonnet-2-300x181.jpg 300w\" sizes=\"(max-width: 500px) 100vw, 500px\" \/><\/a><\/p>\n<p>&nbsp;<\/p>\n<p>&nbsp;<\/p>\n<p style=\"text-align: justify;\"><span style=\"font-family: times new roman, times, serif; font-size: 14pt;\">est un sommet d\u2019inculture et de m\u00e9connaissance historique : \u00e7a me rappelle ces Vi\u00eat-Congs qui coupaient le bras de leurs concitoyens vietnamiens sous pr\u00e9texte que des m\u00e9decins am\u00e9ricains les avaient vaccin\u00e9s.<\/span><\/p>\n<p style=\"text-align: justify;\"><span style=\"font-family: times new roman, times, serif; font-size: 14pt;\">La nouvelle religion de ces nouveaux barbares s\u2019appelle l\u2019antiracisme \u2014 ou, si vous pr\u00e9f\u00e9rez appeler les choses par leur nom, le racisme anti-Blancs, avec un codicille sp\u00e9cial antis\u00e9mitisme. Ce qui explique que le souvenir de la traite soit \u00e0 sens unique \u2014 l\u2019Atlantique \u2014 et ne tienne pas compte du nombre bien plus \u00e9lev\u00e9 de Noirs vendus \u00e0 d\u2019autres Noirs \u2014 ou aux marchands d\u2019esclaves arabes. Intersectionnalit\u00e9 des luttes oblige.<\/span><\/p>\n<p style=\"text-align: justify;\"><span style=\"font-family: times new roman, times, serif; font-size: 14pt;\">Nancy Pelosi, qui dirige la minorit\u00e9 d\u00e9mocrate au S\u00e9nat, a ainsi fait acte de contrition en public.<\/span><\/p>\n<p>&nbsp;<\/p>\n<p>&nbsp;<\/p>\n<p style=\"text-align: center;\"><a href=\"http:\/\/blog.lesgrossesorchadeslesamplesthalameges.fr\/wp-content\/uploads\/2020\/06\/Bonnet-3.jpg\"><img loading=\"lazy\" class=\"alignnone wp-image-11450 size-full\" src=\"http:\/\/blog.lesgrossesorchadeslesamplesthalameges.fr\/wp-content\/uploads\/2020\/06\/Bonnet-3.jpg\" alt=\"\" width=\"500\" height=\"333\" srcset=\"https:\/\/blog.lesgrossesorchadeslesamplesthalameges.fr\/wp-content\/uploads\/2020\/06\/Bonnet-3.jpg 500w, https:\/\/blog.lesgrossesorchadeslesamplesthalameges.fr\/wp-content\/uploads\/2020\/06\/Bonnet-3-300x200.jpg 300w\" sizes=\"(max-width: 500px) 100vw, 500px\" \/><\/a><\/p>\n<p>&nbsp;<\/p>\n<p>&nbsp;<\/p>\n<p style=\"text-align: justify;\"><span style=\"font-family: times new roman, times, serif; font-size: 14pt;\">Une pure descendante d\u2019\u00e9migr\u00e9s italiens venus s\u2019installer aux Etats-Unis au d\u00e9but du XXe si\u00e8cle doit forc\u00e9ment se faire pardonner la traite n\u00e9gri\u00e8re et le massacre des Indiens, auxquels ni elle ni ses anc\u00eatres n\u2019ont pris aucune part. Romain Gary racontait d\u00e9j\u00e0 dans <em>Chien blanc<\/em> le sentiment de culpabilit\u00e9, vis-\u00e0-vis des \u00ab Native Americans \u00bb, d\u00e9velopp\u00e9 \u00e0 Hollywood par des acteurs d\u2019origine juive est-europ\u00e9enne\u2026 \u00c0 l\u2019\u00e9poque, il en riait. Aujourd\u2019hui, nous sommes somm\u00e9s de nous flageller publiquement en gardant notre s\u00e9rieux.<\/span><br \/>\n<span style=\"font-family: times new roman, times, serif; font-size: 14pt;\">Il y a quelques ann\u00e9es, un \u00e9l\u00e8ve noir m\u2019a lanc\u00e9 : \u00ab Ouais, vous me mettez de mauvaises notes parce que je suis black \u00bb \u2014 \u00e0 quoi je r\u00e9pondis que je le sanctionnais parce qu\u2019il \u00e9tait nul \u2014 et de surcro\u00eet, ajoutai-je, b\u00eate \u00e0 bouffer du foin. J\u2019ai dans l\u2019id\u00e9e que par les temps qui courent, Castaner me r\u00e9voquerait directement.<\/span><br \/>\n<span style=\"font-family: times new roman, times, serif; font-size: 14pt;\">Heureusement que je ne d\u00e9pends pas du \u00ab premier flic de France \u00bb, l\u2019homme qui a tent\u00e9 de faire croire que tous les policiers \u00e9taient des racistes imp\u00e9nitents. C\u2019est peut-\u00eatre lui qu\u2019il faudrait r\u00e9voquer ?<\/span><\/p>\n<p style=\"text-align: justify;\"><span style=\"font-family: times new roman, times, serif; font-size: 14pt;\">Lui et pas mal d\u2019autres. Entre ceux qui s\u2019excusent de ne pas \u00eatre des femmes, afin de mieux se sentir viol\u00e9s \u00e0 chaque pas, les transgenres qui accusent J.K. Rowlings d\u2019\u00eatre transphobique, les voyous qui ont d\u00e9couvert que hurler au racisme leur assure l\u2019impunit\u00e9 aupr\u00e8s des lecteurs de <em>Lib\u00e9<\/em>, et tous les communautaristes qui prennent en marche le train de la b\u00eatise universelle, cela finit par faire du monde. Mais nous le savions : quand il s\u2019agit des connards, leur nom est l\u00e9gion.<\/span><\/p>\n<p style=\"text-align: justify;\"><span style=\"font-family: times new roman, times, serif; font-size: 14pt;\">Entendons-nous : des racistes, il y en a \u2014 et les plus \u00e0 craindre ne sont pas les supporters fran\u00e7ais du Ku-Klux-Klan, qui se comptent sur les doigts d\u2019une main. L\u2019essentiel des actes racistes, rapport\u00e9s \u00e0 ce que repr\u00e9sentent en proportion\u00a0les diverses composantes du tissu fran\u00e7ais, ce sont les Juifs, comme d\u2019habitude, qui les encaissent. Ils ont le d\u00e9savantage d\u2019\u00eatre Blancs, une bonne excuse chez certains (il faut entendre les discours de Louis Farrakhan et de sa <em>Nation of Islam<\/em> aux \u00c9tats-Unis, ou\u00a0de ses \u00e9pigones europ\u00e9ens) pour les accuser de tous les crimes.<\/span><br \/>\n<span style=\"font-family: times new roman, times, serif; font-size: 14pt;\">Nous n\u2019avons pas \u00e0 nous excuser d\u2019\u00eatre ce que nous sommes, Blancs, Noirs, Jaunes ou M\u00e9tis, hommes ou femmes, homos ou h\u00e9t\u00e9ros \u2014 j\u2019en oublie s\u00fbrement, l\u2019une des beaut\u00e9s du communautarisme contemporain est de fragmenter en sous-groupes, puis encore en sectes ou en bandes. Ni de ce qu\u2019ont fait nos anc\u00eatres \u2014 je ne suis pas de ceux qui croient que les fautes des p\u00e8res doivent retomber sur la t\u00eate des fils. Nous ne sommes comptables ni des exactions ni des souffrances de nos a\u00efeux\u00a0: ni les unes ni les autres ne nous octroient un quelconque droit ou devoir.<\/span><\/p>\n<p style=\"text-align: justify;\"><span style=\"font-family: times new roman, times, serif; font-size: 14pt;\">Parce que nous sommes ce que nous faisons, nous sommes la somme de nos actes, et des gens qui renversent des statues ou d\u00e9capitent Jos\u00e9phine de Beauharnais<\/span><\/p>\n<p>&nbsp;<\/p>\n<p>&nbsp;<\/p>\n<p style=\"text-align: center;\"><a href=\"http:\/\/blog.lesgrossesorchadeslesamplesthalameges.fr\/wp-content\/uploads\/2020\/06\/Bonnet-4.jpg\"><img loading=\"lazy\" class=\"alignnone wp-image-11451 size-full\" src=\"http:\/\/blog.lesgrossesorchadeslesamplesthalameges.fr\/wp-content\/uploads\/2020\/06\/Bonnet-4.jpg\" alt=\"\" width=\"400\" height=\"534\" srcset=\"https:\/\/blog.lesgrossesorchadeslesamplesthalameges.fr\/wp-content\/uploads\/2020\/06\/Bonnet-4.jpg 400w, https:\/\/blog.lesgrossesorchadeslesamplesthalameges.fr\/wp-content\/uploads\/2020\/06\/Bonnet-4-225x300.jpg 225w\" sizes=\"(max-width: 400px) 100vw, 400px\" \/>$<\/a><\/p>\n<p>&nbsp;<\/p>\n<p>&nbsp;<\/p>\n<p style=\"text-align: justify;\"><span style=\"font-family: times new roman, times, serif; font-size: 14pt;\">parce qu\u2019on leur a fait croire des sornettes sont juste des cr\u00e9tins patent\u00e9s. Je me fiche pas mal que mon interlocuteur soit Noir, juif, ou pastafarien. La seule question int\u00e9ressante est : \u00ab Que fait-il ? \u00bb \u00ab Que vaut-il \u00bb \u2014 \u00e9tant entendu que la valeur humaine en soi est une affirmation\u00a0th\u00e9orique, en d\u00e9mocratie, mais que la vraie <em>qualit\u00e9<\/em>\u00a0se d\u00e9duit de ce que l\u2019on r\u00e9alise. En soi, mon fr\u00e8re, tu ne vaux pas plus que la somme de tes actes \u2014 et c\u2019est sur cette base que je te jugerai, pas sur la couleur de ta peau, ta pratique religieuse ou le fait que tu sois l\u2019heureux b\u00e9n\u00e9ficiaire d\u2019un vagin ou d\u2019un phallus.<\/span><\/p>\n<p style=\"text-align: justify;\"><span style=\"font-family: times new roman, times, serif; font-size: 14pt;\">Source\u00a0: <a href=\"https:\/\/blog.causeur.fr\/bonnetdane\/iconoclasme-003159\"><em>Bonnet d\u2019\u00e2ne<\/em><\/a><\/span><\/p>\n<p style=\"text-align: left;\"><span style=\"font-family: times new roman, times, serif; font-size: 14pt;\"><strong>\u00a0URL de cet article : <\/strong><a href=\"http:\/\/blog.lesgrossesorchadeslesamplesthalameges.fr\/index.php\/11447-2\/\">http:\/\/blog.lesgrossesorchadeslesamplesthalameges.fr\/index.php\/11447-2\/<\/a><em><br \/>\n<\/em><\/span><\/p>\n<p>&nbsp;<\/p>\n<p>&nbsp;<\/p>\n<p style=\"text-align: center;\"><a href=\"http:\/\/blog.lesgrossesorchadeslesamplesthalameges.fr\/wp-content\/uploads\/2020\/06\/3.-Bonnet-d\u00e2ne-PRTIT-GIF.gif\"><img loading=\"lazy\" class=\"alignnone wp-image-11448\" src=\"http:\/\/blog.lesgrossesorchadeslesamplesthalameges.fr\/wp-content\/uploads\/2020\/06\/3.-Bonnet-d\u00e2ne-PRTIT-GIF.gif\" alt=\"\" width=\"100\" height=\"150\" \/><\/a><\/p>\n<p>&nbsp;<\/p>\n<p>&nbsp;<\/p>\n<p style=\"text-align: right;\"><span style=\"font-family: comic sans ms, sans-serif;\">\u00a0Juin 2020<\/span><em><br \/>\n<\/em><\/p>\n<p>&nbsp;<\/p>\n<p>&nbsp;<\/p>\n","protected":false},"excerpt":{"rendered":"<p>&nbsp; &nbsp; &nbsp; &nbsp; &nbsp; &nbsp; &nbsp; &nbsp; On a un faible pour les pol\u00e9mistes, dont Jean-Paul Brighelli fait partie. Mais s\u2019ils sont souvent sans peur, ils sont rarement sans reproche. Ainsi, dans l\u2019article ci-dessous, r\u00e2lant contre l\u2019actuelle mode imb\u00e9cile de l\u2019antiracisme de la 11e heure et de la repentance made in les pires sous-couches&#8230;<\/p>\n","protected":false},"author":1,"featured_media":0,"parent":0,"menu_order":0,"comment_status":"open","ping_status":"open","template":"","meta":[],"_links":{"self":[{"href":"https:\/\/blog.lesgrossesorchadeslesamplesthalameges.fr\/index.php\/wp-json\/wp\/v2\/pages\/11447"}],"collection":[{"href":"https:\/\/blog.lesgrossesorchadeslesamplesthalameges.fr\/index.php\/wp-json\/wp\/v2\/pages"}],"about":[{"href":"https:\/\/blog.lesgrossesorchadeslesamplesthalameges.fr\/index.php\/wp-json\/wp\/v2\/types\/page"}],"author":[{"embeddable":true,"href":"https:\/\/blog.lesgrossesorchadeslesamplesthalameges.fr\/index.php\/wp-json\/wp\/v2\/users\/1"}],"replies":[{"embeddable":true,"href":"https:\/\/blog.lesgrossesorchadeslesamplesthalameges.fr\/index.php\/wp-json\/wp\/v2\/comments?post=11447"}],"version-history":[{"count":0,"href":"https:\/\/blog.lesgrossesorchadeslesamplesthalameges.fr\/index.php\/wp-json\/wp\/v2\/pages\/11447\/revisions"}],"wp:attachment":[{"href":"https:\/\/blog.lesgrossesorchadeslesamplesthalameges.fr\/index.php\/wp-json\/wp\/v2\/media?parent=11447"}],"curies":[{"name":"wp","href":"https:\/\/api.w.org\/{rel}","templated":true}]}}