{"id":11575,"date":"2020-07-14T16:22:24","date_gmt":"2020-07-14T14:22:24","guid":{"rendered":"http:\/\/blog.lesgrossesorchadeslesamplesthalameges.fr\/?page_id=11575"},"modified":"2020-07-14T16:23:12","modified_gmt":"2020-07-14T14:23:12","slug":"sous-le-drapeau-tricolore-qui-flotte-a-camp-darby","status":"publish","type":"page","link":"https:\/\/blog.lesgrossesorchadeslesamplesthalameges.fr\/index.php\/sous-le-drapeau-tricolore-qui-flotte-a-camp-darby\/","title":{"rendered":"Sous le drapeau tricolore qui flotte \u00e0 Camp Darby"},"content":{"rendered":"<p><strong>\u00a0<\/strong><\/p>\n<p><strong>\u00a0<\/strong><\/p>\n<p><strong>\u00a0<\/strong><\/p>\n<p>&nbsp;<\/p>\n<p>&nbsp;<\/p>\n<p>&nbsp;<\/p>\n<p>&nbsp;<\/p>\n<p>&nbsp;<\/p>\n<p style=\"text-align: right;\"><span style=\"font-family: times new roman, times, serif; font-size: 14pt;\"><strong>\u00ab\u00a0Ah, si les Florentins \u00e9taient des hommes\u00a0!\u00a0\u00bb<\/strong><\/span><\/p>\n<p style=\"text-align: right;\"><span style=\"font-family: times new roman, times, serif; font-size: 14pt;\">Musset, <em>Lorenzaccio<\/em><\/span><\/p>\n<p>&nbsp;<\/p>\n<p style=\"text-align: right;\"><span style=\"font-family: times new roman, times, serif; font-size: 14pt;\"><strong><em>\u00a0<\/em><\/strong><\/span><\/p>\n<p style=\"text-align: justify;\"><span style=\"font-family: times new roman, times, serif; font-size: 18pt; color: #c00000;\"><strong><em>Pendant qu\u2019on y est, tel quel, brut de d\u00e9coffrage,<\/em><\/strong><\/span><\/p>\n<p style=\"text-align: justify;\"><span style=\"font-family: times new roman, times, serif; font-size: 18pt; color: #c00000;\"><strong><em>\u00e0 la m\u00e9moire de Manuel de Di\u00e9guez\u00a0:<\/em><\/strong><\/span><\/p>\n<p style=\"text-align: justify;\"><span style=\"font-family: times new roman, times, serif; font-size: 14pt;\"><strong><em>\u00a0<\/em><\/strong><\/span><\/p>\n<p>&nbsp;<\/p>\n<p style=\"text-align: center;\"><span style=\"font-family: times new roman, times, serif; font-size: 18pt; color: #c00000;\"><em>L\u2019Art de la guerre\u00a0<\/em><\/span><\/p>\n<p>&nbsp;<\/p>\n<p style=\"text-align: center;\"><span style=\"font-family: times new roman, times, serif; font-size: 36pt;\"><strong>Sous le drapeau tricolore qui flotte \u00e0 Camp Darby<\/strong><\/span><\/p>\n<p>&nbsp;<\/p>\n<p style=\"text-align: center;\"><span style=\"font-family: times new roman, times, serif; font-size: 18pt;\"><strong>Manlio Dinucci \u2013 <em>il manifesto<\/em> \u2013 13.7.2020<\/strong><\/span><\/p>\n<p>&nbsp;<\/p>\n<p style=\"text-align: justify;\"><span style=\"font-family: times new roman, times, serif; font-size: 14pt;\"><strong>\u00a0<\/strong><\/span><\/p>\n<p style=\"text-align: center;\"><a href=\"http:\/\/blog.lesgrossesorchadeslesamplesthalameges.fr\/wp-content\/uploads\/2020\/07\/index.jpg\"><img loading=\"lazy\" class=\"alignnone wp-image-11550 size-full\" src=\"http:\/\/blog.lesgrossesorchadeslesamplesthalameges.fr\/wp-content\/uploads\/2020\/07\/index.jpg\" alt=\"\" width=\"600\" height=\"282\" srcset=\"https:\/\/blog.lesgrossesorchadeslesamplesthalameges.fr\/wp-content\/uploads\/2020\/07\/index.jpg 600w, https:\/\/blog.lesgrossesorchadeslesamplesthalameges.fr\/wp-content\/uploads\/2020\/07\/index-300x141.jpg 300w\" sizes=\"(max-width: 600px) 100vw, 600px\" \/><\/a><\/p>\n<p>&nbsp;<\/p>\n<p>&nbsp;<\/p>\n<p style=\"text-align: justify;\"><span style=\"font-family: times new roman, times, serif; font-size: 14pt;\">Tandis que de nombreuses activit\u00e9s bloqu\u00e9es par le confinement ont du mal \u00e0 repartir apr\u00e8s le rel\u00e2chement des restrictions, il en est une qui, ne s\u2019\u00e9tant jamais arr\u00eat\u00e9e, est actuellement en train de s\u2019acc\u00e9l\u00e9rer : celle de Camp Darby, le plus grand arsenal USA dans le monde en dehors de la m\u00e8re patrie, situ\u00e9 entre Pise et Livourne. La coupe d\u2019environ 1.000 arbres dans l\u2019aire naturelle \u00ab\u00a0prot\u00e9g\u00e9e\u00a0\u00bb\u00a0 du Parc R\u00e9gional de San Rossore \u00e9tant termin\u00e9e, a commenc\u00e9 la construction d\u2019un tron\u00e7on ferroviaire qui reliera la ligne Pise-Livourne \u00e0 un nouveau terminal de chargement et d\u00e9chargement, traversant le Canal des Navicelli sur un nouveau pont tournant m\u00e9tallique.\u00a0<\/span><\/p>\n<p style=\"text-align: justify;\"><span style=\"font-family: times new roman, times, serif; font-size: 14pt;\">Le terminal, d\u2019une hauteur d\u2019une vingtaine de m\u00e8tres, comprendra quatre quais pouvant accueillir chacun neuf wagons. Au moyen de chariots \u00e9l\u00e9vateurs de containers, les armes en arrivage seront transf\u00e9r\u00e9es des wagons \u00e0 de grands poids-lourds et celles en partance des poids-lourds aux wagons. Le terminal permettra le transit de deux convois ferroviaires par jour qui, en transportant des charges explosives, relieront la base au port de Livourne \u00e0 travers des zones dens\u00e9ment peupl\u00e9es. Avec l\u2019augmentation du mouvement d\u2019armes, devient insuffisante la liaison par canal et par route de Camp Darby avec le port de Livourne et l\u2019a\u00e9roport de Pise. Dans les 125 bunkers de la base, continuellement approvisionn\u00e9s par les \u00c9tats-Unis, sont stock\u00e9s (selon des estimations approximatives) plus d\u2019un million de projectiles d\u2019artillerie, bombes pour avions et missiles, auxquels s\u2019ajoutent des milliers de chars d\u2019assaut, v\u00e9hicules et autres mat\u00e9riaux militaires.<\/span><\/p>\n<p style=\"text-align: justify;\"><span style=\"font-family: times new roman, times, serif; font-size: 14pt;\">Depuis 2017 de nouveaux grands navires, pouvant transporter chacun plus de 6.000 v\u00e9hicules et cargaisons sur roues, font escale chaque mois \u00e0 Livourne, chargeant et d\u00e9chargeant des armes qui seront transport\u00e9es dans les ports d\u2019Aqaba en Jordanie, Djeddah en Arabie Saoudite et autres escales moyen-orientales pour \u00eatre utilis\u00e9es \u00e0 l\u2019\u00e9tranger par les forces \u00e9tasuniennes, saoudiennes et autres dans les guerres en Syrie, Irak et Y\u00e9men. Au moment m\u00eame o\u00f9 est en cours la potentialisation de Camp Darby, le plus grand arsenal \u00e0 l\u2019\u00e9tranger, un journal toscan en ligne titre : \u00ab\u00a0Il \u00e9tait une fois Camp Darby\u00a0\u00bb, en expliquant que \u00ab\u00a0la base a \u00e9t\u00e9 redimensionn\u00e9e, \u00e0 cause des coupes dans le budget de la D\u00e9fense d\u00e9cid\u00e9es par les gouvernements USA\u00a0\u00bb. Et le quotidien <em>Il Tirreno<\/em> annonce : \u00ab\u00a0\u00c0 Camp Darby flotte seulement le drapeau tricolore : le drapeau USA est amen\u00e9 apr\u00e8s presque 70 ans\u00a0\u00bb. Le Pentagone est-il en train de fermer la base, rendant \u00e0 l\u2019Italie le territoire sur lequel elle a \u00e9t\u00e9 cr\u00e9\u00e9e ? Pas du tout.\u00a0<\/span><\/p>\n<p style=\"text-align: justify;\"><span style=\"font-family: times new roman, times, serif; font-size: 14pt;\">L\u2019US Army a conc\u00e9d\u00e9 au Minist\u00e8re italien de la D\u00e9fense une toute petite portion de la base (34 hectares, environ 3% de toute la zone de 1.000 hectares), auparavant zone de d\u00e9tente, pour qu\u2019y soit transf\u00e9r\u00e9 le Commandement des forces sp\u00e9ciales de l\u2019arm\u00e9e italienne (COMFOSE), initialement accueilli dans la caserne Gamerra de Pise, si\u00e8ge du Centre d\u2019entra\u00eenement de parachutisme (<em>il manifesto<\/em>, 5 mars 2019). Le transfert a eu lieu silencieusement pendant le confinement et maintenant le COMFOSE annonce que son quartier g\u00e9n\u00e9ral est situ\u00e9 dans le \u00ab\u00a0nouveau domaine militaire\u00a0\u00bb, de fait annex\u00e9 \u00e0 Camp Darby, base o\u00f9 se d\u00e9roulent depuis longtemps des entra\u00eenements conjoints de militaires \u00e9tasuniens et italiens.\u00a0<\/span><\/p>\n<p style=\"text-align: justify;\"><span style=\"font-family: times new roman, times, serif; font-size: 14pt;\">Le transfert du COMFOSE dans une aire annex\u00e9e \u00e0 Camp Darby, formellement sous banni\u00e8re italienne, permet d\u2019int\u00e9grer en fait les forces sp\u00e9ciales italiennes \u00e0 celles \u00e9tasuniennes, en les employant dans des op\u00e9rations secr\u00e8tes sous commandement USA. Le tout sous la chape du secret militaire. En visite au nouveau quartier g\u00e9n\u00e9ral du COMFOSE, le ministre de la D\u00e9fense Lorenzo Guerini l\u2019a d\u00e9fini comme \u00ab\u00a0centre n\u00e9vralgique\u00a0\u00bb non seulement des Forces sp\u00e9ciales mais aussi des \u00ab\u00a0Unit\u00e9s Psyops de l\u2019Arm\u00e9e\u00a0\u00bb.\u00a0<\/span><\/p>\n<p style=\"text-align: justify;\"><span style=\"font-family: times new roman, times, serif; font-size: 14pt;\">La t\u00e2che de ces unit\u00e9s est de \u00ab\u00a0cr\u00e9er le consensus de la population locale \u00e0 l\u2019\u00e9gard des contingents militaires employ\u00e9s dans des missions de paix l\u2019\u00e9tranger\u00a0\u00bb, c\u2019est-\u00e0-dire de la convaincre que les envahisseurs sont des missionnaires de paix.\u00a0 Enfin le ministre Guerini a qualifi\u00e9 le nouveau quartier g\u00e9n\u00e9ral de mod\u00e8le du projet \u00ab\u00a0Casernes Vertes\u00a0\u00bb.\u00a0<\/span><\/p>\n<p style=\"text-align: justify;\"><span style=\"font-family: times new roman, times, serif; font-size: 14pt;\">Un mod\u00e8le de \u00ab\u00a0bien-\u00eatre et \u00e9codurabilit\u00e9\u00a0\u00bb, qui repose sur un million de t\u00eates explosives.\u00a0<\/span><\/p>\n<p style=\"text-align: justify;\"><span style=\"font-family: times new roman, times, serif; font-size: 14pt;\">\u00c9dition de mardi 14 juillet 2020 d\u2019i<em>l manifesto<\/em><\/span><\/p>\n<p style=\"text-align: justify;\"><span style=\"font-family: times new roman, times, serif; font-size: 14pt;\"><a href=\"https:\/\/ilmanifesto.it\/sotto-il-tricolore-che-sventola-a-camp-darby\/\">https:\/\/ilmanifesto.it\/sotto-il-tricolore-che-sventola-a-camp-darby\/<\/a>\u00a0<\/span><\/p>\n<p>&nbsp;<\/p>\n<p style=\"text-align: justify;\"><span style=\"font-family: comic sans ms, sans-serif; font-size: 14pt; color: #c00000;\"><strong>Mais pourquoi diable a-t-on pendu Mussolini par les pieds\u00a0?<\/strong><\/span><\/p>\n<p>&nbsp;<\/p>\n<p>&nbsp;<\/p>\n<p style=\"text-align: center;\"><strong><span style=\"font-family: times new roman, times, serif; font-size: 14pt;\"><a href=\"http:\/\/blog.lesgrossesorchadeslesamplesthalameges.fr\/wp-content\/uploads\/2020\/07\/virus-vert-GIF.gif\"><img loading=\"lazy\" class=\"alignnone wp-image-11546\" src=\"http:\/\/blog.lesgrossesorchadeslesamplesthalameges.fr\/wp-content\/uploads\/2020\/07\/virus-vert-GIF.gif\" alt=\"\" width=\"60\" height=\"60\" \/><\/a><\/span><\/strong><\/p>\n<p>&nbsp;<\/p>\n<p>&nbsp;<\/p>\n<p><strong><span style=\"font-family: times new roman, times, serif; font-size: 14pt;\">URL de cet article : <\/span><\/strong><a href=\"http:\/\/blog.lesgrossesorchadeslesamplesthalameges.fr\/index.php\/sous-le-drapeau-tricolore-qui-flotte-a-camp-darby\/\"><span style=\"font-family: times new roman, times, serif; font-size: 14pt;\">http:\/\/blog.lesgrossesorchadeslesamplesthalameges.fr\/index.php\/sous-le-drapeau-tricolore-qui-flotte-a-camp-darby\/<\/span><\/a><\/p>\n<p>&nbsp;<\/p>\n<p>&nbsp;<\/p>\n<p style=\"text-align: right;\"><span style=\"font-family: comic sans ms, sans-serif; font-size: 14pt;\">Juillet 2020<\/span><\/p>\n","protected":false},"excerpt":{"rendered":"<p>\u00a0 \u00a0 \u00a0 &nbsp; &nbsp; &nbsp; &nbsp; &nbsp; \u00ab\u00a0Ah, si les Florentins \u00e9taient des hommes\u00a0!\u00a0\u00bb Musset, Lorenzaccio &nbsp; \u00a0 Pendant qu\u2019on y est, tel quel, brut de d\u00e9coffrage, \u00e0 la m\u00e9moire de Manuel de Di\u00e9guez\u00a0: \u00a0 &nbsp; L\u2019Art de la guerre\u00a0 &nbsp; Sous le drapeau tricolore qui flotte \u00e0 Camp Darby &nbsp; Manlio Dinucci \u2013&#8230;<\/p>\n","protected":false},"author":1,"featured_media":0,"parent":0,"menu_order":0,"comment_status":"open","ping_status":"open","template":"","meta":[],"_links":{"self":[{"href":"https:\/\/blog.lesgrossesorchadeslesamplesthalameges.fr\/index.php\/wp-json\/wp\/v2\/pages\/11575"}],"collection":[{"href":"https:\/\/blog.lesgrossesorchadeslesamplesthalameges.fr\/index.php\/wp-json\/wp\/v2\/pages"}],"about":[{"href":"https:\/\/blog.lesgrossesorchadeslesamplesthalameges.fr\/index.php\/wp-json\/wp\/v2\/types\/page"}],"author":[{"embeddable":true,"href":"https:\/\/blog.lesgrossesorchadeslesamplesthalameges.fr\/index.php\/wp-json\/wp\/v2\/users\/1"}],"replies":[{"embeddable":true,"href":"https:\/\/blog.lesgrossesorchadeslesamplesthalameges.fr\/index.php\/wp-json\/wp\/v2\/comments?post=11575"}],"version-history":[{"count":0,"href":"https:\/\/blog.lesgrossesorchadeslesamplesthalameges.fr\/index.php\/wp-json\/wp\/v2\/pages\/11575\/revisions"}],"wp:attachment":[{"href":"https:\/\/blog.lesgrossesorchadeslesamplesthalameges.fr\/index.php\/wp-json\/wp\/v2\/media?parent=11575"}],"curies":[{"name":"wp","href":"https:\/\/api.w.org\/{rel}","templated":true}]}}