{"id":11822,"date":"2020-08-06T21:43:27","date_gmt":"2020-08-06T19:43:27","guid":{"rendered":"http:\/\/blog.lesgrossesorchadeslesamplesthalameges.fr\/?page_id=11822"},"modified":"2020-08-06T22:19:38","modified_gmt":"2020-08-06T20:19:38","slug":"11822-2","status":"publish","type":"page","link":"https:\/\/blog.lesgrossesorchadeslesamplesthalameges.fr\/index.php\/11822-2\/","title":{"rendered":"La v\u00e9rit\u00e9 derri\u00e8re les explosions de Beyrouth &#8211; La fili\u00e8re sioniste"},"content":{"rendered":"<p>&nbsp;<\/p>\n<p>&nbsp;<\/p>\n<p>&nbsp;<\/p>\n<p>&nbsp;<\/p>\n<p>&nbsp;<\/p>\n<p>&nbsp;<\/p>\n<p>&nbsp;<\/p>\n<p style=\"text-align: center;\"><span style=\"font-family: times new roman, times, serif; font-size: 36pt;\"><strong>La v\u00e9rit\u00e9 derri\u00e8re les explosions de Beyrouth \u2013 La fili\u00e8re sioniste<\/strong><\/span><\/p>\n<p>&nbsp;<\/p>\n<p style=\"text-align: center;\"><span style=\"font-family: times new roman, times, serif; font-size: 14pt;\"><strong>\u00a0<\/strong><\/span><\/p>\n<p style=\"text-align: center;\"><span style=\"font-family: times new roman, times, serif; font-size: 18pt;\"><strong>Ziad Fadel \u2013 <em>Syrian Perspective<\/em> \u2013 5.8.2020<\/strong><\/span><\/p>\n<p style=\"text-align: center;\"><span style=\"font-family: times new roman, times, serif; font-size: 18pt;\">Traduction :<strong> <em>Les Grosses Orchades<\/em><\/strong><\/span><\/p>\n<p>&nbsp;<\/p>\n<p>&nbsp;<\/p>\n<p style=\"text-align: center;\"><span style=\"font-family: times new roman, times, serif; font-size: 18pt;\"><strong><em><a href=\"http:\/\/blog.lesgrossesorchadeslesamplesthalameges.fr\/wp-content\/uploads\/2020\/08\/Ziad-1.jpg\"><img loading=\"lazy\" class=\"alignnone wp-image-11777 size-full\" src=\"http:\/\/blog.lesgrossesorchadeslesamplesthalameges.fr\/wp-content\/uploads\/2020\/08\/Ziad-1.jpg\" alt=\"\" width=\"500\" height=\"332\" srcset=\"https:\/\/blog.lesgrossesorchadeslesamplesthalameges.fr\/wp-content\/uploads\/2020\/08\/Ziad-1.jpg 500w, https:\/\/blog.lesgrossesorchadeslesamplesthalameges.fr\/wp-content\/uploads\/2020\/08\/Ziad-1-300x199.jpg 300w\" sizes=\"(max-width: 500px) 100vw, 500px\" \/><\/a><\/em><\/strong><\/span><\/p>\n<p>&nbsp;<\/p>\n<p>&nbsp;<\/p>\n<p style=\"text-align: justify;\"><span style=\"font-family: tahoma, arial, helvetica, sans-serif;\"><strong><span style=\"font-size: 14pt;\">Le nuage avait bien la forme d\u2019un\u00a0 champignon, mais il n\u2019\u00e9tait pas atomique. Le ph\u00e9nom\u00e8ne se produit, selon l\u2019axiome d\u2019instabilit\u00e9 Raleigh-Taylor, quand du gaz tr\u00e8s chaud s\u2019\u00e9l\u00e8ve rapidement et rencontre un air plus lourd qui l\u2019aplatit en forme de champignon. Cela n\u2019en diminue en aucune fa\u00e7on la d\u00e9vastation. Cela explique juste pourquoi beaucoup de gens ont cru \u00e0 une explosion nucl\u00e9aire. Et cela ne veut pas dire, en outre, que des produits chimiques hautement toxiques n\u2019ont pas \u00e9t\u00e9 diss\u00e9min\u00e9s par l\u2019explosion.<\/span><\/strong><\/span><\/p>\n<p>&nbsp;<\/p>\n<p style=\"text-align: justify;\"><span style=\"font-family: times new roman, times, serif; font-size: 14pt;\">Remontons le temps jusqu\u2019\u00e0 la fin de 2013, moment o\u00f9 le navire enregistr\u00e9 en Moldavie d\u2019un propri\u00e9taire russe \u2013 le <a href=\"https:\/\/en.wikipedia.org\/wiki\/MV_Rhosus\"><em>Rhosus<\/em><\/a> d\u2019Igor Grechuskin [actuellement domicili\u00e9 \u00e0 Chypre, ndt\u00a0\u2013 a quitt\u00e9 la G\u00e9orgie avec un chargement de \u00ab\u00a0mat\u00e9riel agricole\u00a0\u00bb, \u00e0 destination du Mozambique via le Bosphore. Au tout d\u00e9but de 2014, il avait r\u00e9ussi \u00e0 traverser la M\u00e9diterran\u00e9e Orientale et avait trouv\u00e9, au sud de la Turquie, une mer tr\u00e8s agit\u00e9e.\u00a0 Brutalis\u00e9e par des eaux turbulentes au large de l\u2019\u00eele d\u2019Ikaria, la baignoire flottante avait r\u00e9ussi \u00e0 atteindre le port de Beyrouth, o\u00f9 elle avait demand\u00e9 \u00e0 pouvoir s\u2019abriter. Les autorit\u00e9s libanaises avaient saisi le navire et son chargement, all\u00e9guant qu\u2019il n\u2019avait pas envoy\u00e9 de message informant de sa route et qu\u2019il transportait du mat\u00e9riel agricole pouvant tout aussi bien servir d\u2019explosifs. C\u2019est exactement ce genre de mati\u00e8re qui avait \u00e9t\u00e9 utilis\u00e9e en Oklahoma, le 19 avril 1995, dans l\u2019attentat contre le Murrah Federal Building qui avait fait des quantit\u00e9s de tu\u00e9s et conduit \u00e0 l\u2019ex\u00e9cution de Timothy McVeigh. Le navire avait donc \u00e9t\u00e9 confisqu\u00e9, mais l\u2019\u00e9quipage n\u2019avait pas \u00e9t\u00e9 autoris\u00e9 \u00e0 d\u00e9barquer, de crainte que ses membres n\u2019en profitent pour se fondre sans laisser de traces dans la soci\u00e9t\u00e9 libanaise. Le capitaine et ses officiers furent ensuite rel\u00e2ch\u00e9s sur ordre du ministre de la Justice et tout l\u2019\u00e9quipage finit par \u00eatre rapatri\u00e9.\u00a0<\/span><\/p>\n<p>&nbsp;<\/p>\n<p>&nbsp;<\/p>\n<p>&nbsp;<\/p>\n<p style=\"text-align: center;\"><a href=\"http:\/\/blog.lesgrossesorchadeslesamplesthalameges.fr\/wp-content\/uploads\/2020\/08\/Ziazd-2.jpg\"><img loading=\"lazy\" class=\"alignnone wp-image-11778 size-full\" src=\"http:\/\/blog.lesgrossesorchadeslesamplesthalameges.fr\/wp-content\/uploads\/2020\/08\/Ziazd-2.jpg\" alt=\"\" width=\"750\" height=\"421\" srcset=\"https:\/\/blog.lesgrossesorchadeslesamplesthalameges.fr\/wp-content\/uploads\/2020\/08\/Ziazd-2.jpg 750w, https:\/\/blog.lesgrossesorchadeslesamplesthalameges.fr\/wp-content\/uploads\/2020\/08\/Ziazd-2-300x168.jpg 300w\" sizes=\"(max-width: 750px) 100vw, 750px\" \/><\/a><\/p>\n<p style=\"text-align: center;\"><span style=\"font-family: times new roman, times, serif; font-size: 14pt;\"><strong><em>R\u00e9sultats de\u00a0 l\u2019attentat des espions et des saboteurs sionistes<\/em><\/strong><\/span><\/p>\n<p>&nbsp;<\/p>\n<p style=\"text-align: justify;\"><span style=\"font-family: times new roman, times, serif; font-size: 14pt;\">\u00a0\u00a0<\/span><\/p>\n<p style=\"text-align: justify;\"><span style=\"font-family: times new roman, times, serif; font-size: 14pt;\">Ceci aurait d\u00fb \u00eatre la fin de l\u2019histoire. Les espions sionistes avaient pris bonne note du fait que le chargement \u2013 <strong>toutes les<\/strong> <strong>2.750 tonnes de\u00a0 nitrate d\u2019ammonium<\/strong> \u2013 avait \u00e9t\u00e9 enlev\u00e9 du navire et empil\u00e9 dans le Hangar 12 du Port de Beyrouth, et l\u2019information avait \u00e9t\u00e9 enregistr\u00e9e par le MOSSAD, qui la consid\u00e9rait comme une \u00ab\u00a0possibilit\u00e9\u00a0\u00bb exploitable. Cependant, avec le passage des ann\u00e9es et l\u2019accroissement de l\u2019influence iranienne, l\u2019\u00c9tat d\u2019Apartheid Sioniste conclut que\u00a0 le moment \u00e9tait venu de mettre fin une fois pour toutes \u00e0 la pr\u00e9sence des Perses au Liban. Frapper des cibles iraniennes comme des arsenaux en Syrie \u00e9tait bien beau, mais il \u00e9tait bien plus int\u00e9ressant de d\u00e9barrasser d\u00e9finitivement le Liban de ses h\u00f4tes, en provoquant un ras-le-bol de la population libanaise contre leur existence m\u00eame, et a fortiori contre leur interm\u00e9diaire, le Hezbollah.<\/span><\/p>\n<p>&nbsp;<\/p>\n<p style=\"text-align: center;\"><a href=\"http:\/\/blog.lesgrossesorchadeslesamplesthalameges.fr\/wp-content\/uploads\/2020\/08\/000.-freccia-nera-piccola-xx.gif\"><img loading=\"lazy\" class=\"alignnone size-full wp-image-11779\" src=\"http:\/\/blog.lesgrossesorchadeslesamplesthalameges.fr\/wp-content\/uploads\/2020\/08\/000.-freccia-nera-piccola-xx.gif\" alt=\"\" width=\"46\" height=\"46\" \/><\/a><\/p>\n<p style=\"text-align: center;\"><span style=\"font-family: times new roman, times, serif; font-size: 14pt;\"><a href=\"https:\/\/www.yahoo.com\/news\/hezbollah-not-escape-blame-beirut-115000724.html\"><strong>https:\/\/www.yahoo.com\/news\/hezbollah-not-escape-blame-beirut-115000724.html<\/strong><\/a><\/span><\/p>\n<p>&nbsp;<\/p>\n<p>&nbsp;<\/p>\n<p style=\"text-align: justify;\"><span style=\"font-family: times new roman, times, serif; font-size: 14pt;\">Ma source me dit qu\u2019empiler une telle quantit\u00e9 de nitrate d\u2019ammonium dans le Hangar 12, c\u2019\u00e9tait ni plus ni moins qu\u2019inviter les Sionistes \u00e0 y mettre le feu. Il est int\u00e9ressant de savoir qu\u2019un directeur libanais de l\u2019Autorit\u00e9 Portuaire de Beyrouth, <em>Shafeeq Mir\u2019iy, <\/em>a \u00e9crit pas moins de cinq lettres au gouvernement, le suppliant d\u2019intervenir, parce que la situation dans le port \u00e9tait devenue\u2026 eh, bien\u2026 explosive. Il a \u00e9crit ces lettres le 5 d\u00e9cembre 2014, le 6 mai 2015, le 20 mai 2016, le 13 octobre 2016 et le 27 octobre 2017. Apr\u00e8s quoi il a \u00e9t\u00e9 remplac\u00e9 par Badri Dhaaher, qui devrait \u00eatre la prochaine ch\u00e8vre expiatoire, si l\u2019Histoire nous a appris quelque chose.<\/span><\/p>\n<p style=\"text-align: justify;\"><span style=\"font-family: times new roman, times, serif; font-size: 14pt;\">L\u2019explosion s\u2019est produite vers 9h15\u2019 du matin, heure de Beyrouth. Ma source m\u2019apprend qu\u2019un v\u00e9hicule empli de C-2 \u00e9tait gar\u00e9e \u00e0 proximit\u00e9 du Hangar 12, mais pas dans le but de mettre \u00e0 feu directement le nitrate d\u2019ammonium. Il avait en revanche pour but de d\u00e9clencher l\u2019explosion en provoquant un incendie dans un local proche empli de feux d\u2019artifice de fabrication chinoise. C\u2019est juste tout ce qu\u2019il a fallu. Pas besoin de soudeur mettant innocemment le feu par accident ni de souris grignotant un fil \u00e9lectrique. Cela a bel et bien \u00e9t\u00e9 un meurtre de masse intentionnel, perp\u00e9tr\u00e9 par les fanatiques homicides de l\u2019\u00c9tat colon d\u2019Isra\u00ebl, par les psycho-sociopathes d\u2019Asie Centrale qui pr\u00e9tendent avoir une histoire au Moyen Orient.<\/span><\/p>\n<p style=\"text-align: justify;\"><span style=\"font-family: times new roman, times, serif; font-size: 14pt;\">Si le gouvernement du Liban devait proc\u00e9der \u00e0 une enqu\u00eate s\u00e9rieuse, il lui faudrait probablement conclure que l\u2019op\u00e9ration fut un acte de guerre. Ce qui le forcerait \u00e0 s\u2019aligner sur le Hezbollah. Le gouvernement libanais ne peut pas faire cela sans se laisser entra\u00eener davantage encore dans le bourbier du conflit sionisto-arabe. S\u2019agissant d\u2019un pays \u00e0 pathologie de corruption m\u00e9tastatique de niveau 5, il restera muet et mordra sur sa chique, secondantainsi les efforts des voyous sionistes pour \u00e9radiquer toute trace d\u2019influence iranienne au Liban.<\/span><\/p>\n<p>&nbsp;<\/p>\n<p>&nbsp;<\/p>\n<p style=\"text-align: center;\"><a href=\"http:\/\/blog.lesgrossesorchadeslesamplesthalameges.fr\/wp-content\/uploads\/2020\/08\/Ziad-3.jpg\"><img loading=\"lazy\" class=\"alignnone wp-image-11780 size-full\" src=\"http:\/\/blog.lesgrossesorchadeslesamplesthalameges.fr\/wp-content\/uploads\/2020\/08\/Ziad-3.jpg\" alt=\"\" width=\"600\" height=\"290\" srcset=\"https:\/\/blog.lesgrossesorchadeslesamplesthalameges.fr\/wp-content\/uploads\/2020\/08\/Ziad-3.jpg 600w, https:\/\/blog.lesgrossesorchadeslesamplesthalameges.fr\/wp-content\/uploads\/2020\/08\/Ziad-3-300x145.jpg 300w\" sizes=\"(max-width: 600px) 100vw, 600px\" \/><\/a><\/p>\n<p style=\"text-align: center;\"><span style=\"font-family: times new roman, times, serif; font-size: 12pt;\"><strong><em>Le malchanceux Premier ministre du Liban, Hassaan Diyaab, a promis que les coupables seront poursuivis. Qui sera, selon, vous, l\u2019agneau du sacrifice\u00a0? Nous prenons les paris. Il faut que quelqu\u2019un soit d\u00e9clar\u00e9 responsable. Faites votre choix parmi les suspects habituels.<\/em><\/strong><\/span><\/p>\n<p>&nbsp;<\/p>\n<p>&nbsp;<\/p>\n<p style=\"text-align: left;\"><span style=\"font-family: times new roman, times, serif; font-size: 14pt;\">Source : <a href=\"https:\/\/syrianperspective.com\/2020\/08\/the-truth-behind-the-bombing-in-beirut-the-zionist-connection.html\">https:\/\/syrianperspective.com\/2020\/08\/the-truth-behind-the-bombing-in-beirut-the-zionist-connection.html<\/a><\/span><\/p>\n<p style=\"text-align: right;\"><span style=\"font-family: times new roman, times, serif; font-size: 14pt;\">Traduction\u00a0: c.l. pour Les Grosses Orchades<\/span><\/p>\n<p>&nbsp;<\/p>\n<p>&nbsp;<\/p>\n<p>&nbsp;<\/p>\n<p style=\"text-align: center;\"><a href=\"http:\/\/blog.lesgrossesorchadeslesamplesthalameges.fr\/wp-content\/uploads\/2020\/08\/BOUM-GIF.gif\"><img loading=\"lazy\" class=\"alignnone wp-image-11776\" src=\"http:\/\/blog.lesgrossesorchadeslesamplesthalameges.fr\/wp-content\/uploads\/2020\/08\/BOUM-GIF.gif\" alt=\"\" width=\"100\" height=\"117\" \/><\/a><\/p>\n<p>&nbsp;<\/p>\n<p>&nbsp;<\/p>\n<p>&nbsp;<\/p>\n<p style=\"text-align: left;\"><span style=\"font-family: times new roman, times, serif; font-size: 14pt;\"><strong>URL de cet article\u00a0: <\/strong><a href=\"http:\/\/blog.lesgrossesorchadeslesamplesthalameges.fr\/index.php\/11822-2\/\">http:\/\/blog.lesgrossesorchadeslesamplesthalameges.fr\/index.php\/11822-2\/\u00a0 <\/a><strong><br \/>\n<\/strong><\/span><\/p>\n<p>&nbsp;<\/p>\n<p>&nbsp;<\/p>\n<p>&nbsp;<\/p>\n<p style=\"text-align: right;\"><span style=\"font-size: 14pt; font-family: comic sans ms, sans-serif;\">Ao\u00fbt 2020<\/span><\/p>\n<p>&nbsp;<\/p>\n","protected":false},"excerpt":{"rendered":"<p>&nbsp; &nbsp; &nbsp; &nbsp; &nbsp; &nbsp; &nbsp; La v\u00e9rit\u00e9 derri\u00e8re les explosions de Beyrouth \u2013 La fili\u00e8re sioniste &nbsp; \u00a0 Ziad Fadel \u2013 Syrian Perspective \u2013 5.8.2020 Traduction : Les Grosses Orchades &nbsp; &nbsp; &nbsp; &nbsp; Le nuage avait bien la forme d\u2019un\u00a0 champignon, mais il n\u2019\u00e9tait pas atomique. Le ph\u00e9nom\u00e8ne se produit, selon l\u2019axiome&#8230;<\/p>\n","protected":false},"author":1,"featured_media":0,"parent":0,"menu_order":0,"comment_status":"open","ping_status":"open","template":"","meta":[],"_links":{"self":[{"href":"https:\/\/blog.lesgrossesorchadeslesamplesthalameges.fr\/index.php\/wp-json\/wp\/v2\/pages\/11822"}],"collection":[{"href":"https:\/\/blog.lesgrossesorchadeslesamplesthalameges.fr\/index.php\/wp-json\/wp\/v2\/pages"}],"about":[{"href":"https:\/\/blog.lesgrossesorchadeslesamplesthalameges.fr\/index.php\/wp-json\/wp\/v2\/types\/page"}],"author":[{"embeddable":true,"href":"https:\/\/blog.lesgrossesorchadeslesamplesthalameges.fr\/index.php\/wp-json\/wp\/v2\/users\/1"}],"replies":[{"embeddable":true,"href":"https:\/\/blog.lesgrossesorchadeslesamplesthalameges.fr\/index.php\/wp-json\/wp\/v2\/comments?post=11822"}],"version-history":[{"count":0,"href":"https:\/\/blog.lesgrossesorchadeslesamplesthalameges.fr\/index.php\/wp-json\/wp\/v2\/pages\/11822\/revisions"}],"wp:attachment":[{"href":"https:\/\/blog.lesgrossesorchadeslesamplesthalameges.fr\/index.php\/wp-json\/wp\/v2\/media?parent=11822"}],"curies":[{"name":"wp","href":"https:\/\/api.w.org\/{rel}","templated":true}]}}