{"id":11909,"date":"2020-08-18T17:32:10","date_gmt":"2020-08-18T15:32:10","guid":{"rendered":"http:\/\/blog.lesgrossesorchadeslesamplesthalameges.fr\/?page_id=11909"},"modified":"2020-08-18T18:13:56","modified_gmt":"2020-08-18T16:13:56","slug":"11909-2","status":"publish","type":"page","link":"https:\/\/blog.lesgrossesorchadeslesamplesthalameges.fr\/index.php\/11909-2\/","title":{"rendered":"Des dirigeants de l\u2019Union Europ\u00e9enne d\u00e9posent des fleurs pour honorer un terroriste"},"content":{"rendered":"<p>&nbsp;<\/p>\n<p>&nbsp;<\/p>\n<p>&nbsp;<\/p>\n<p>&nbsp;<\/p>\n<p>&nbsp;<\/p>\n<p>&nbsp;<\/p>\n<p>&nbsp;<\/p>\n<p style=\"text-align: center;\"><span style=\"font-family: times new roman, times, serif; font-size: 36pt;\"><strong>Des dirigeants de l\u2019Union Europ\u00e9enne d\u00e9posent des fleurs pour honorer un terroriste<\/strong><\/span><\/p>\n<p style=\"text-align: center;\"><span style=\"font-family: times new roman, times, serif; font-size: 24pt;\"><strong>(+ un important d\u00e9veloppement)<\/strong><\/span><\/p>\n<p style=\"text-align: center;\"><span style=\"font-family: times new roman, times, serif; font-size: 18pt;\"><strong>\u00a0<\/strong><\/span><\/p>\n<p style=\"text-align: center;\"><span style=\"font-family: times new roman, times, serif; font-size: 18pt;\"><strong>Le Saker \u2013 <em>The Saker.is<\/em> \u2013<\/strong> <strong>14.8.2020<\/strong><\/span><\/p>\n<p style=\"text-align: center;\"><span style=\"font-family: times new roman, times, serif; font-size: 18pt;\">Traduction :<strong> Les Grosses Orchades<\/strong><\/span><\/p>\n<p style=\"text-align: justify;\"><span style=\"font-family: times new roman, times, serif; font-size: 18pt;\"><strong>\u00a0<\/strong><\/span><\/p>\n<p style=\"text-align: justify;\"><span style=\"font-family: times new roman, times, serif; font-size: 14pt;\"><strong>\u00a0<\/strong><\/span><\/p>\n<p style=\"text-align: justify;\"><span style=\"font-family: tahoma, arial, helvetica, sans-serif; font-size: 14pt;\"><strong>Regardez cette video qui montre des diplomates de l\u2019Union Europ\u00e9enne (et quelques autres) venir d\u00e9poser des fleurs \u00e0 l\u2019endroit o\u00f9, r\u00e9cemment, est mort un Bi\u00e9lorusse\u00a0:<\/strong><\/span><\/p>\n<p style=\"text-align: justify;\"><span style=\"font-family: tahoma, arial, helvetica, sans-serif; font-size: 14pt;\"><strong>\u00a0<\/strong><\/span><\/p>\n<p>&nbsp;<\/p>\n<p style=\"text-align: center;\"><span style=\"font-family: times new roman, times, serif; font-size: 14pt;\"><iframe loading=\"lazy\" src=\"https:\/\/ria.ru\/services\/video\/embed\/1575746537-1575744603.html\" width=\"640\" height=\"360\" frameborder=\"0\" allowfullscreen=\"allowfullscreen\"><\/iframe><\/span><\/p>\n<p>&nbsp;<\/p>\n<p style=\"text-align: justify;\"><strong><span style=\"font-family: tahoma, arial, helvetica, sans-serif; font-size: 14pt;\">L\u2019hypocrisie et le d\u00e9lire d\u2019un tel acte sont litt\u00e9ralement \u00e0 couper le souffle.<\/span><\/strong><\/p>\n<p style=\"text-align: justify;\"><strong><span style=\"font-family: tahoma, arial, helvetica, sans-serif; font-size: 14pt;\">Pourquoi ?<\/span><\/strong><\/p>\n<p>&nbsp;<\/p>\n<p style=\"text-align: justify;\"><span style=\"font-family: times new roman, times, serif; font-size: 14pt;\">Parce que, pour commencer, ces gens ne se rendent m\u00eame pas compte que leur r\u00e9putation rel\u00e8ve de la mortalit\u00e9 routi\u00e8re depuis qu\u2019ils se sont port\u00e9s \u00ab\u00a0garants\u00a0\u00bb de l\u2019accord pass\u00e9 entre Yanoukovitch et les Ukronazis, accord qui, comme nous le savons tous, a \u00e9t\u00e9 joyeusement viol\u00e9 le jour suivant. J\u2019irais m\u00eame jusqu\u2019\u00e0 soutenir que l\u2019autorit\u00e9 morale des dirigeants de l\u2019U.E. avoisinait d\u00e9j\u00e0 le z\u00e9ro plat depuis qu\u2019ils se sont joints aux AngloSionistes dans leur guerre d\u2019agression . contre la nation serbe. Oh, et ai-je mentionn\u00e9 que les Europ\u00e9ens sont en t\u00eate des coupables pour ce qui est arriv\u00e9 tant \u00e0 l\u2019Ukraine qu\u2019\u00e0 la Libye\u00a0? R\u00e9sultat des courses\u00a0: \u00e0 moins que votre QI flotte aux alentours de 70, vous savez parfaitement \u00e0 quel point les larmes de crocodiles des politiciens de l\u2019U.E. ne signifient absolument rien.<\/span><\/p>\n<p style=\"text-align: justify;\"><span style=\"font-family: times new roman, times, serif; font-size: 14pt;\">Mais il y a \u00ab\u00a0mieux\u00a0\u00bb\u00a0:<\/span><\/p>\n<p style=\"text-align: justify;\"><span style=\"font-family: times new roman, times, serif; font-size: 14pt;\">Le type qui est mort a d\u00e9funt\u00e9 en essayant de lancer une esp\u00e8ce de bombe de sa fabrication sur des policiers gardiens de l\u2019ordre. Ce qui en fait un terroriste. Du moins selon les lois US\u00a0.<\/span><\/p>\n<p style=\"text-align: justify;\"><span style=\"font-family: times new roman, times, serif; font-size: 14pt;\">Apparemment, quand un mauvais terroriste merde et se tue, \u00e7a suffit \u00e0 en faire un bon terroiriste. Du moins aux yeux des dirigeants de l\u2019Empire AngloSioniste<\/span><\/p>\n<p style=\"text-align: justify;\"><span style=\"font-family: times new roman, times, serif; font-size: 14pt;\">Pouvez-vous vous imaginer ce qui arriverait si, mettons, des diplomates russes, v\u00e9n\u00e9zu\u00e9liens, iraniens et chinois s\u2019amenaient sur les lieux o\u00f9 un aspirant flingueur de flics se serait tu\u00e9 lui-m\u00eame par maladresse (ou l\u2019aurait \u00e9t\u00e9 par des flics)\u00a0 aux USA ou en France ?\u00a0<\/span><\/p>\n<p style=\"text-align: justify;\"><span style=\"font-family: times new roman, times, serif; font-size: 14pt;\">C\u2019est plut\u00f4t dr\u00f4le de voir des repr\u00e9sentants de pays comme les USA ou la France (qui ne rechignent pas \u00e0 s\u00e9v\u00e8rement tabasser, estropier et m\u00eame \u00e0 tuer leurs manifestants) venir donner des le\u00e7ons de \u00ab\u00a0d\u00e9mocratie\u00a0\u00bb \u00e0 un r\u00e9gime qui a tu\u00e9 infiniment MOINS de gens qu\u2019on ne le fait couramment dans la plupart des \u00ab\u00a0d\u00e9mocraties occidentales\u00a0\u00bb.<\/span><\/p>\n<p style=\"text-align: justify;\"><span style=\"font-family: times new roman, times, serif; font-size: 14pt;\">Retour au monde r\u00e9el maintenant :<\/span><\/p>\n<p style=\"text-align: justify;\"><span style=\"font-family: times new roman, times, serif; font-size: 14pt;\">La raison pour laquelle des diplomates occidentaux se sont embarqu\u00e9s dans une op\u00e9ration de Relations Publiques aussi b\u00eate ne correspond pas le moins du monde \u00e0 un quelconque plan astucieux ).<\/span><\/p>\n<p style=\"text-align: justify;\"><span style=\"font-family: times new roman, times, serif; font-size: 14pt;\">La v\u00e9rit\u00e9, c&rsquo;est que le Vieux Monde est devenu la pute (peu ou pas du tout pay\u00e9e) de l\u2019Empire AngloSioniste.<\/span><\/p>\n<p style=\"text-align: justify;\"><span style=\"font-family: times new roman, times, serif; font-size: 14pt;\">Comme c&rsquo;est d\u00e9go\u00fbtant !<\/span><\/p>\n<p style=\"text-align: justify;\"><span style=\"font-family: times new roman, times, serif; font-size: 14pt;\">En ce moment m\u00eame, l\u2019Empire est en train de se remettre \u00e0 suivre le \u00ab manuel Ukrainien\u00a0\u00bb en Bi\u00e9lorussie. Il ne manque plus que Nuland pour venir y distribuer des petits-beurre aux \u00e9meutiers.<\/span><\/p>\n<p style=\"text-align: justify;\"><span style=\"font-family: times new roman, times, serif; font-size: 14pt;\">Je ne peux h\u00e9las que r\u00e9p\u00e9ter que, laiss\u00e9e \u00e0 elle-m\u00eame, la Bi\u00e9lorussie ne sera jamais capable de tenir en respect les forces combin\u00e9es de l\u2019Empire, du moins pas sur le long terme. Un retour total \u00e0 la Russie est la seule et unique possibilit\u00e9 pour que la Bi\u00e9lorussie reste libre..<\/span><\/p>\n<p style=\"text-align: justify;\"><span style=\"font-family: times new roman, times, serif; font-size: 14pt;\">Le Saker<\/span><\/p>\n<p>&nbsp;<\/p>\n<p style=\"text-align: justify;\"><span style=\"font-family: times new roman, times, serif; font-size: 14pt;\"><span style=\"color: #c00000;\"><strong>MISE \u00c0 JOUR <\/strong><\/span><strong><span style=\"color: #c00000;\">:<\/span> Je viens juste d\u2019apprendre que tous les Russes arr\u00eat\u00e9s par le KGB bi\u00e9lorusse ont \u00e9t\u00e9 rendus \u00e0 la Russie. C\u2019est tr\u00e8s bon et extr\u00eamement important, car cela montre que Loukachenko n\u2019a pas os\u00e9 livrer un seul homme au r\u00e9gime Ukronazi. Excellent\u00a0!<\/strong><\/span><\/p>\n<p>&nbsp;<\/p>\n<p style=\"text-align: left;\"><span style=\"font-family: times new roman, times, serif; font-size: 14pt;\">Source : <a href=\"https:\/\/thesaker.is\/european-leaders-bring-flowers-to-honor-a-belarusian-terrorist\/\">https:\/\/thesaker.is\/european-leaders-bring-flowers-to-honor-a-belarusian-terrorist\/<\/a><\/span><\/p>\n<p style=\"text-align: right;\"><span style=\"font-family: times new roman, times, serif; font-size: 14pt;\">Traduction : c.l. pour Les Grosses Orchades<\/span><\/p>\n<p style=\"text-align: justify;\"><span style=\"font-family: times new roman, times, serif; font-size: 14pt;\"><strong>URL de cet article\u00a0: <\/strong><a href=\"http:\/\/blog.lesgrossesorchadeslesamplesthalameges.fr\/index.php\/11909-2\/\">http:\/\/blog.lesgrossesorchadeslesamplesthalameges.fr\/index.php\/11909-2\/<\/a><\/span><\/p>\n<p>&nbsp;<\/p>\n<p>&nbsp;<\/p>\n<p>&nbsp;<\/p>\n<p style=\"text-align: center;\"><a href=\"http:\/\/blog.lesgrossesorchadeslesamplesthalameges.fr\/wp-content\/uploads\/2020\/08\/Embl\u00e8me-Bi\u00e9lorusse-Russe-PETIT-GIF.gif\"><img loading=\"lazy\" class=\"alignnone wp-image-11871\" src=\"http:\/\/blog.lesgrossesorchadeslesamplesthalameges.fr\/wp-content\/uploads\/2020\/08\/Embl\u00e8me-Bi\u00e9lorusse-Russe-PETIT-GIF.gif\" alt=\"\" width=\"60\" height=\"60\" \/><\/a><\/p>\n<p>&nbsp;<\/p>\n<p>&nbsp;<\/p>\n<p style=\"text-align: right;\"><span style=\"font-size: 14pt; font-family: comic sans ms, sans-serif;\">Ao\u00fbt 2020<\/span><\/p>\n","protected":false},"excerpt":{"rendered":"<p>&nbsp; &nbsp; &nbsp; &nbsp; &nbsp; &nbsp; &nbsp; Des dirigeants de l\u2019Union Europ\u00e9enne d\u00e9posent des fleurs pour honorer un terroriste (+ un important d\u00e9veloppement) \u00a0 Le Saker \u2013 The Saker.is \u2013 14.8.2020 Traduction : Les Grosses Orchades \u00a0 \u00a0 Regardez cette video qui montre des diplomates de l\u2019Union Europ\u00e9enne (et quelques autres) venir d\u00e9poser des fleurs&#8230;<\/p>\n","protected":false},"author":1,"featured_media":0,"parent":0,"menu_order":0,"comment_status":"closed","ping_status":"closed","template":"","meta":[],"_links":{"self":[{"href":"https:\/\/blog.lesgrossesorchadeslesamplesthalameges.fr\/index.php\/wp-json\/wp\/v2\/pages\/11909"}],"collection":[{"href":"https:\/\/blog.lesgrossesorchadeslesamplesthalameges.fr\/index.php\/wp-json\/wp\/v2\/pages"}],"about":[{"href":"https:\/\/blog.lesgrossesorchadeslesamplesthalameges.fr\/index.php\/wp-json\/wp\/v2\/types\/page"}],"author":[{"embeddable":true,"href":"https:\/\/blog.lesgrossesorchadeslesamplesthalameges.fr\/index.php\/wp-json\/wp\/v2\/users\/1"}],"replies":[{"embeddable":true,"href":"https:\/\/blog.lesgrossesorchadeslesamplesthalameges.fr\/index.php\/wp-json\/wp\/v2\/comments?post=11909"}],"version-history":[{"count":0,"href":"https:\/\/blog.lesgrossesorchadeslesamplesthalameges.fr\/index.php\/wp-json\/wp\/v2\/pages\/11909\/revisions"}],"wp:attachment":[{"href":"https:\/\/blog.lesgrossesorchadeslesamplesthalameges.fr\/index.php\/wp-json\/wp\/v2\/media?parent=11909"}],"curies":[{"name":"wp","href":"https:\/\/api.w.org\/{rel}","templated":true}]}}