{"id":12032,"date":"2020-09-03T00:16:04","date_gmt":"2020-09-02T22:16:04","guid":{"rendered":"http:\/\/blog.lesgrossesorchadeslesamplesthalameges.fr\/?page_id=12032"},"modified":"2020-09-03T00:18:51","modified_gmt":"2020-09-02T22:18:51","slug":"12032-2","status":"publish","type":"page","link":"https:\/\/blog.lesgrossesorchadeslesamplesthalameges.fr\/index.php\/12032-2\/","title":{"rendered":"L\u2019interview de Robert F. Kennedy Jr par France-Soir"},"content":{"rendered":"<p style=\"text-align: justify;\"><span style=\"font-family: times new roman, times, serif; font-size: 14pt;\"><strong>\u00a0<\/strong><\/span><\/p>\n<p style=\"text-align: justify;\"><span style=\"font-family: times new roman, times, serif; font-size: 14pt;\"><strong>\u00a0<\/strong><\/span><\/p>\n<p>&nbsp;<\/p>\n<p>&nbsp;<\/p>\n<p>&nbsp;<\/p>\n<p>&nbsp;<\/p>\n<p>&nbsp;<\/p>\n<p style=\"text-align: center;\"><a href=\"http:\/\/blog.lesgrossesorchadeslesamplesthalameges.fr\/wp-content\/uploads\/2020\/09\/Robert-Kennedy-Gd.jpg\"><img loading=\"lazy\" class=\"alignnone wp-image-12012\" src=\"http:\/\/blog.lesgrossesorchadeslesamplesthalameges.fr\/wp-content\/uploads\/2020\/09\/Robert-Kennedy-Gd-300x119.jpg\" alt=\"\" width=\"600\" height=\"239\" srcset=\"https:\/\/blog.lesgrossesorchadeslesamplesthalameges.fr\/wp-content\/uploads\/2020\/09\/Robert-Kennedy-Gd-300x119.jpg 300w, https:\/\/blog.lesgrossesorchadeslesamplesthalameges.fr\/wp-content\/uploads\/2020\/09\/Robert-Kennedy-Gd.jpg 400w\" sizes=\"(max-width: 600px) 100vw, 600px\" \/><\/a><\/p>\n<p>&nbsp;<\/p>\n<p>&nbsp;<\/p>\n<p style=\"text-align: center;\"><span style=\"font-family: times new roman, times, serif; font-size: 36pt;\"><strong>L\u2019interview de Robert F. Kennedy Jr par <em>France-Soir<\/em><\/strong><\/span><\/p>\n<p>&nbsp;<\/p>\n<p style=\"text-align: center;\"><span style=\"font-family: times new roman, times, serif; font-size: 36pt;\"><strong>(Vid\u00e9o)<\/strong><\/span><\/p>\n<p style=\"text-align: center;\"><a href=\"http:\/\/blog.lesgrossesorchadeslesamplesthalameges.fr\/wp-content\/uploads\/2020\/09\/000.-freccia-nera-piccola-xx.gif\"><img loading=\"lazy\" class=\"alignnone size-full wp-image-12018\" src=\"http:\/\/blog.lesgrossesorchadeslesamplesthalameges.fr\/wp-content\/uploads\/2020\/09\/000.-freccia-nera-piccola-xx.gif\" alt=\"\" width=\"46\" height=\"46\" \/><\/a><\/p>\n<p style=\"text-align: center;\"><span style=\"font-family: times new roman, times, serif; font-size: 14pt;\"><a href=\"https:\/\/www.youtube.com\/watch?v=T3x_hxDe6x8&amp;feature=youtu.be\"><strong><span style=\"font-size: 18pt;\">https:\/\/www.youtube.com\/watch?v=T3x_hxDe6x8&amp;feature=youtu.be<\/span><\/strong><\/a><\/span><\/p>\n<p style=\"text-align: center;\"><span style=\"font-family: times new roman, times, serif; font-size: 14pt;\"><strong>\u00a0<\/strong><\/span><\/p>\n<p style=\"text-align: center;\"><span style=\"font-family: comic sans ms, sans-serif; font-size: 14pt; color: #c00000;\">(le son est mauvais ou l\u2019interview\u00e9 a la voix fatigu\u00e9e, voire \u00e9raill\u00e9e)<\/span><\/p>\n<p>&nbsp;<\/p>\n<p>&nbsp;<\/p>\n<p style=\"text-align: center;\"><span style=\"font-family: times new roman, times, serif; font-size: 14pt;\"><strong>\u00a0<\/strong><\/span><\/p>\n<p style=\"text-align: center;\"><span style=\"font-family: times new roman, times, serif; font-size: 30pt;\"><strong>En voici la transcription int\u00e9grale<\/strong>.<\/span><\/p>\n<p>&nbsp;<\/p>\n<p style=\"text-align: center;\"><a href=\"http:\/\/blog.lesgrossesorchadeslesamplesthalameges.fr\/wp-content\/uploads\/2020\/09\/000.-freccia-nera-piccola-xx.gif\"><img loading=\"lazy\" class=\"alignnone size-full wp-image-12018\" src=\"http:\/\/blog.lesgrossesorchadeslesamplesthalameges.fr\/wp-content\/uploads\/2020\/09\/000.-freccia-nera-piccola-xx.gif\" alt=\"\" width=\"46\" height=\"46\" \/><\/a><\/p>\n<p>&nbsp;<\/p>\n<p style=\"text-align: justify;\"><span style=\"font-family: times new roman, times, serif; font-size: 14pt;\"><strong>FS\u00a0: Robert, que se passe-t-il dans le monde, selon vous ?<\/strong><\/span><\/p>\n<p style=\"text-align: justify;\"><span style=\"font-family: times new roman, times, serif; font-size: 14pt;\">RK\u00a0: Je pense qu\u2019il y a des gens qui croient que la pand\u00e9mie a \u00e9t\u00e9 planifi\u00e9e, que le virus a \u00e9t\u00e9 fabriqu\u00e9 g\u00e9n\u00e9tiquement, qu\u2019il a \u00e9t\u00e9 rel\u00e2ch\u00e9 accidentellement ou de mani\u00e8re planifi\u00e9e, qu\u2019il serait comme une arme.<\/span><\/p>\n<p style=\"text-align: justify;\"><span style=\"font-family: times new roman, times, serif; font-size: 14pt;\">En r\u00e9alit\u00e9, je pense que personne ne conna\u00eet la r\u00e9ponse \u00e0 ces questions.\u00a0<\/span><\/p>\n<p style=\"text-align: justify;\"><span style=\"font-family: times new roman, times, serif; font-size: 14pt;\">Mais c\u2019est une crise. Et chaque crise devient opportune et m\u00eame propice pour des \u00e9l\u00e9ments autoritaires. Et la crise actuelle est tr\u00e8s opportune, de la m\u00eame mani\u00e8re que l\u2019a \u00e9t\u00e9 celle du 9\/11 (attaque sur les tours \u00e0 New-York). Chaque crise majeure est utilis\u00e9e par les \u00e9lites, militaires ou du renseignement, par les apparatchiks, les t\u00e9l\u00e9coms, etc. Dans le cas pr\u00e9sent (vous avez pos\u00e9 la question)\u00a0: qui retire un b\u00e9n\u00e9fice de la situation\u00a0?<\/span><\/p>\n<p style=\"text-align: justify;\"><span style=\"font-family: times new roman, times, serif; font-size: 14pt;\">Les soci\u00e9t\u00e9s qui en b\u00e9n\u00e9ficient le plus sont celles des milliardaires de la Silicon Valley qui contr\u00f4lent les communications ou les interfaces, que ce soit Amazon ou Jeff Bezos ou Zuckerberg ou Bill Gates. Ils sont ceux qui continuent \u00e0 gagner des milliards et des milliards pendant que la classe moyenne de mani\u00e8re globale est laiss\u00e9e pour compte.\u00a0 Tous les programmes sociaux sont en faillite.<\/span><\/p>\n<p style=\"text-align: justify;\"><span style=\"font-family: times new roman, times, serif; font-size: 14pt;\">Cela se traduit par une situation soci\u00e9tale oligarchique qui r\u00e9clame un \u00e9norme contr\u00f4le social. Avec la simultan\u00e9it\u00e9 de l\u2019installation de la 5G, cela leur donnera une capacit\u00e9 sans pr\u00e9c\u00e9dent de surveillance et de contr\u00f4le du comportement humain, ainsi que la capacit\u00e9 d\u2019exploiter toutes nos donn\u00e9es et de nous faire devenir de plus en plus dociles machines \u00e0 consommer.\u00a0 Ce n\u2019est pas important de savoir si ce qui arrive \u00e9tait planifi\u00e9 ou pas.<\/span><\/p>\n<p style=\"text-align: justify;\"><span style=\"font-family: times new roman, times, serif; font-size: 14pt;\">Mais c\u2019est utilis\u00e9 de mani\u00e8re \u00e0 obtenir un effet maximum, d\u2019imposer l\u2019ob\u00e9issance \u00e0 et d\u2019exercer un contr\u00f4le social sur toute l\u2019humanit\u00e9.<\/span><\/p>\n<p>&nbsp;<\/p>\n<p style=\"text-align: justify;\"><span style=\"font-family: times new roman, times, serif; font-size: 14pt;\"><strong>FS : Parlons du r\u00f4le des m\u00e9dias. Vous avez eu une \u00e9norme audience \u00e0 Berlin, hier, et vous lui avez tenu un discours incroyable, qui a touch\u00e9 une infinit\u00e9 de personnes\u2026 Sur les droits de l\u2019homme, la sant\u00e9, etc. Peu de m\u00e9dias ont couvert l\u2019\u00e9v\u00e9nement. Pourquoi ?<\/strong><\/span><\/p>\n<p style=\"text-align: justify;\"><span style=\"font-family: times new roman, times, serif; font-size: 14pt;\">RK : Je ne suis pas s\u00fbr qu\u2019ils ne le couvrent pas. J\u2019avais dit au d\u00e9part que ce qui allait se passer, c\u2019\u00e9tait qu\u2019ils allaient pr\u00e9tendre que tous ces gens n\u2019\u00e9taient pas l\u00e0, qu\u2019ils allaient parler de 3 \u00e0 5.000 personnes, nazies de surcro\u00eet. Eh bien aujourd\u2019hui, un parent m\u2019a envoy\u00e9, un beau-fr\u00e8re qui se trouve \u00eatre juif, m\u2019a envoy\u00e9 un article du <em>Daily Kos<\/em>, un journal important, qui \u00e9crit que Robert Kennedy \u00e9tait \u00e0 Berlin pour parler \u00e0 une manifestation antis\u00e9mite. Il se demandait ce qui m\u2019\u00e9tait arriv\u00e9.\u00a0<\/span><\/p>\n<p style=\"text-align: justify;\"><span style=\"font-family: times new roman, times, serif; font-size: 14pt;\">C\u2019est r\u00e9ellement extraordinaire, la censure qui existe dans les m\u00e9dias traditionnels et les r\u00e9seaux sociaux qui tirent un avantage de ce confinement, chez Bill Gates, Marc Zuckerberg, Facebook et Google\u2026 Google est propri\u00e9taire d\u2019une soci\u00e9t\u00e9 qui fabrique des vaccins. Ils ont un deal de 750 millions de dollars avec Glaxo qui r\u00e9alise un vaccin contre la grippe, contre le Covid-19. C\u2019est une filiale d\u2019Alphabet, la soci\u00e9t\u00e9 holding de Google, c\u2019est une soci\u00e9t\u00e9 parente. Et Google censure toute information critique \u00e0 l\u2019\u00e9gard des vaccins. M\u00eame si cela critique la politique gouvernementale.<\/span><\/p>\n<p style=\"text-align: justify;\"><span style=\"font-family: times new roman, times, serif; font-size: 14pt;\">C\u2019est vraiment incroyable de vivre dans ce monde kafka\u00efen. Nous pensions que cela arriverait un jour, parce que nous avons lu George Orwell, Aldous Huxley, Kafka quand nous \u00e9tions gamins. Mais nous n\u2019avions jamais pens\u00e9 que cela arriverait aussi t\u00f4t.\u00a0<\/span><\/p>\n<p style=\"text-align: justify;\"><span style=\"font-family: times new roman, times, serif; font-size: 14pt;\">Je pense que le moment est venu de prendre les choses en mains et de partir en campagne si besoin est. Le moment est venu d\u2019affronter la r\u00e9alit\u00e9, parce que, pour leur part, ils ont une r\u00e9ponse pr\u00eate pour tous les cas de figure,<\/span><\/p>\n<p style=\"text-align: justify;\"><span style=\"font-family: times new roman, times, serif; font-size: 14pt;\">Les medias sont extraordinaires. Il leur est loisible de s\u2019en prendre \u00e0 n\u2019importe qui pour en dire n\u2019importe quoi, de dire sans encourir la moindre sanction, que j\u2019\u00e9tais l\u00e0 pour m\u2019exprimer devant des nazis.\u00a0<\/span><\/p>\n<p style=\"text-align: justify;\"><span style=\"font-family: times new roman, times, serif; font-size: 14pt;\">Sur le podium, il y avait un immense portrait du Mahatma Gandhi, qui n\u2019est pas \u00e0 proprement parler un nazi, le ma\u00eetre de c\u00e9r\u00e9monie \u00e9tait noir, originaire du Ghana, et il y avait un moine Hari Krishna. C\u2019\u00e9tait l\u2019oppos\u00e9 m\u00eame du nazisme. <strong>C\u2019\u00e9taient des gens qui aiment la d\u00e9mocratie<\/strong>, <strong>la libert\u00e9, la libert\u00e9 de parole et qui veulent que nous puissions continuer \u00e0 jouir de ces libert\u00e9s.<\/strong><\/span><\/p>\n<p style=\"text-align: justify;\"><span style=\"font-family: times new roman, times, serif; font-size: 14pt;\">C\u2019\u00e9taient des gens qui se posent des questions sur la l\u00e9gitimit\u00e9 de l\u2019autorit\u00e9. Tout \u00e7a est l\u2019oppos\u00e9 du nazisme.\u00a0\u00a0<\/span><\/p>\n<p>&nbsp;<\/p>\n<p style=\"text-align: justify;\"><span style=\"font-family: times new roman, times, serif; font-size: 14pt;\"><strong>FS : Vous venez de parler des vaccins et des investissements r\u00e9alis\u00e9s par certaines soci\u00e9t\u00e9s. Est-ce que le d\u00e9veloppement d\u2019un vaccin \u00e0 ARN vous inqui\u00e8te ?<\/strong><\/span><\/p>\n<p style=\"text-align: justify;\"><span style=\"font-family: times new roman, times, serif; font-size: 14pt;\">RK : Je ne crois pas que le vaccin de Moderna aboutira. Les tests cliniques ont \u00e9t\u00e9 vraiment mauvais. Dans le groupe test\u00e9 \u00e0 doses importantes, 21% de ceux qui ont re\u00e7u le vaccin ont souffert d\u2019effets secondaires graves. Ils ont \u00e9t\u00e9 hospitalis\u00e9s pour pouvoir \u00eatre m\u00e9dicalement suivis de pr\u00e8s. Tout m\u00e9dicament, pr\u00e9sentant un risque aussi \u00e9lev\u00e9 serait mort-n\u00e9. Dans le groupe test\u00e9 \u00e0 faibles ou moyennes doses, 100% des personnes ont pr\u00e9sent\u00e9 une r\u00e9action.<\/span><\/p>\n<p style=\"text-align: justify;\"><span style=\"font-family: times new roman, times, serif; font-size: 14pt;\">Ils ont l\u2019intention de vacciner les enfants, de vacciner des milliards d\u2019enfants sur la plan\u00e8te. Or, un enfant ne court quasiment aucun risque d\u2019attraper le Covid. Pourquoi lui administreriez-vous une substance qui a 100% de chances de provoquer une mauvaise r\u00e9action ?\u00a0<\/span><\/p>\n<p style=\"text-align: justify;\"><span style=\"font-family: times new roman, times, serif; font-size: 14pt;\">En plus, les personnes sur lesquelles ces gens ont r\u00e9alis\u00e9 leurs tests n\u2019\u00e9taient pas des Am\u00e9ricains normaux. Ils n\u2019ont test\u00e9 que des personnes en parfaite sant\u00e9, sans diab\u00e8te, sans arthrite, sans maladie coronarienne ou maladie de Crohn, des gens qui n\u2019ont jamais fum\u00e9, sans surcharge pond\u00e9rale\u2026<\/span><\/p>\n<p style=\"text-align: justify;\"><span style=\"font-family: times new roman, times, serif; font-size: 14pt;\">Et ils veulent utiliser ce vaccin sur des Am\u00e9ricains qui p\u00e8sent 20 kg de trop, qui mangent trop de beignets, qui ont du diab\u00e8te\u2026 Pour moi, ce vaccin a tellement \u00a0de probl\u00e8mes, que, s\u2019il est mis sur le march\u00e9, <strong>ce sera la fin de tous les vaccins <\/strong><strong>car il va entra\u00eener toute une ribambelle de r\u00e9action n\u00e9fastes<\/strong>.<\/span><\/p>\n<p style=\"text-align: justify;\"><span style=\"font-family: times new roman, times, serif; font-size: 14pt;\">Personne ne se fera plus jamais vacciner.\u00a0<\/span><\/p>\n<p>&nbsp;<\/p>\n<p style=\"text-align: justify;\"><span style=\"font-family: times new roman, times, serif; font-size: 14pt;\"><strong>FS : L\u2019ARN ne vous inqui\u00e8te donc pas vraiment, si vous pensez que le vaccin ne pourra m\u00eame pas \u00eatre commercialis\u00e9 ?<\/strong><\/span><\/p>\n<p style=\"text-align: justify;\"><span style=\"font-family: times new roman, times, serif; font-size: 14pt;\">RK : Si, je suis quand m\u00eame inquiet\u00a0: il y a 200 vaccins en cours de d\u00e9veloppement, et dans certains endroits, ils sont all\u00e9s, d\u00e9j\u00e0, jusqu\u2019\u00e0 voter des lois pour les imposer. Vont-ils rendre les vaccins obligatoires ? Une fois approuv\u00e9s, deviendront-ils automatiquement obligatoires ? C\u2019est fou. Peut-on rendre obligatoire un produit qu\u2019on ne conna\u00eet pas encore ? Particuli\u00e8rement un produit qui va \u00eatre administr\u00e9 \u00e0 des personnes en bonne sant\u00e9\u00a0? Ce ne sera pas un m\u00e9dicament que vous administreriez \u00e0 une personne malade susceptible de mourir de sa maladie. C\u2019est quelque chose que vous administrerez \u00e0 des personnes qui ne courent aucun risque de tomber malade. C\u2019est tr\u00e8s, tr\u00e8s dangereux.\u00a0<\/span><\/p>\n<p style=\"text-align: justify;\"><span style=\"font-family: times new roman, times, serif; font-size: 14pt;\">Mais si vous regardez en arri\u00e8re\u2026\u00a0 Dans l\u2019histoire, on a connu de nombreuses fois ce type de tyrannie de la peur. Je me trouve actuellement dans le pays o\u00f9 les gens les mieux \u00e9duqu\u00e9s, les plus \u00e9clair\u00e9s de la plan\u00e8te, les plus grands d\u00e9mocrates qui fussent, les plus instruits d\u2019Europe, probablement les plus tol\u00e9rants\u2026 ce qui explique que dans les ann\u00e9es 1930, tellement de juifs vivaient en Allemagne (apr\u00e8s avoir fui les Pogroms \u00e0 l\u2019Est et l\u2019inquisition espagnole) avaient, donc, fini par s\u2019installer en Allemagne et s\u2019y int\u00e9grer parfaitement. Et puis le monde entier est devenu fou. L\u2019exemple du totalitarisme allemand montre bien qu\u2019il y a un million de chemins vers un ADN nationaliste, voire nazi. J\u2019ai grandi dans un monde o\u00f9 les gens \u2013 la g\u00e9n\u00e9ration qui avait connu la deuxi\u00e8me guerre mondiale \u2013 pensaient qu\u2019il y avait un probl\u00e8me avec les Allemands. Mon p\u00e8re, lui, a toujours dit que <strong>le probl\u00e8me n\u2019\u00e9tait pas les Allemands<\/strong>. C\u2019\u00e9tait un probl\u00e8me qui pouvait nous concerner tous. Cela peut arriver n\u2019importe o\u00f9. Si les Allemands en sont arriv\u00e9s l\u00e0, nous pouvons tous en arriver l\u00e0.<\/span><\/p>\n<p style=\"text-align: justify;\"><span style=\"font-family: times new roman, times, serif; font-size: 14pt;\">Par cons\u00e9quent, si nous ne sommes pas vigilants, la m\u00eame chose pourra se reproduire chez nous ou chez vous. Ce n\u2019est pas un probl\u00e8me allemand.<\/span><\/p>\n<p>&nbsp;<\/p>\n<p style=\"text-align: justify;\"><span style=\"font-family: times new roman, times, serif; font-size: 14pt;\"><strong>FS : Si votre p\u00e8re \u00e9tait parmi nous aujourd\u2019hui, pensez-vous qu\u2019il dirait toujours la m\u00eame chose, qu\u2019il le dirait peut-\u00eatre m\u00eame plus fort ?\u00a0<\/strong><\/span><\/p>\n<p style=\"text-align: justify;\"><span style=\"font-family: times new roman, times, serif; font-size: 14pt;\">RK : Je pense qu\u2019il serait tr\u00e8s, tr\u00e8s inquiet de ce qui se passe en ce moment.\u00a0<\/span><\/p>\n<p>&nbsp;<\/p>\n<p style=\"text-align: justify;\"><span style=\"font-family: times new roman, times, serif; font-size: 14pt;\"><strong>FS : Robert, je sais que vous \u00eates le pr\u00e9sident d\u2019une association de d\u00e9fense des enfants. Si nous nous int\u00e9ressons aux enfants \u2013 car je pense que vous \u00eates concern\u00e9 par l\u2019h\u00e9ritage que nous allons leur laisser et par le monde dans lequel nous vivons \u2013 que pensez-vous que nous devrions faire pour eux\u00a0? Vous pensez que nous devons nous prendre en mains et que la solution doit venir des citoyens ?<\/strong><\/span><\/p>\n<p style=\"text-align: justify;\"><span style=\"font-family: times new roman, times, serif; font-size: 14pt;\">RK : Je crois que toutes les solutions existent dans une d\u00e9mocratie. Dans une d\u00e9mocratie qui fonctionne bien\u2026 ce que nous n\u2019avons pas aux \u00c9tats-Unis. Nous avons pu \u00eatre un exemple. Mais nous avons laiss\u00e9 l\u2019argent vaincre la politique. Notre d\u00e9mocratie a \u00e9t\u00e9 min\u00e9e. Les gens ont perdu confiance. L\u2019organisme cens\u00e9 contr\u00f4ler les politiciens est corrompu. Le vote ne compte plus. Et maintenant les grandes soci\u00e9t\u00e9s contr\u00f4lent les centres de communication, l\u2019industrie pharmaceutique contr\u00f4le les r\u00e9seaux de t\u00e9l\u00e9vision et les r\u00e9seaux sociaux ont des accords avec les r\u00e9seaux t\u00e9l\u00e9com, la 5G et les grosses entreprises pharmaceutiques. On voit que ces cartels pharmaceutiques ont nou\u00e9 des alliances strat\u00e9giques avec les r\u00e9seaux sociaux, avec les t\u00e9l\u00e9coms et m\u00eame avec les services de renseignement et l\u2019arm\u00e9e. Ce que nous voyons l\u00e0 est la face tr\u00e8s, tr\u00e8s sombre d\u2019une ploutocratie. Je ne veux pas\u2026 Mais je peux aussi vous dire quelque chose pour vous remonter le moral. Rires.<\/span><\/p>\n<p>&nbsp;<\/p>\n<p style=\"text-align: justify;\"><span style=\"font-family: times new roman, times, serif; font-size: 14pt;\"><strong>FS : Vous \u00eates tr\u00e8s s\u00e9rieux. Mais il est clair selon vous que nous devons trouver une voie de sortie. Et que la voie de sortie est la d\u00e9mocratie.<\/strong><\/span><\/p>\n<p style=\"text-align: justify;\"><span style=\"font-family: times new roman, times, serif; font-size: 14pt;\">RK : Les institutions demeurent. La plupart des institutions qui faisaient rempart entre l\u2019avidit\u00e9 des entreprises et les enfants vuln\u00e9rables ont \u00e9t\u00e9 neutralis\u00e9es. Le congr\u00e8s, les parlementaires ont \u00e9t\u00e9 achet\u00e9s par des contributions. Les agences de r\u00e9gulation ont \u00e9t\u00e9 neutralis\u00e9es par des m\u00e9canismes de corruption.<\/span><\/p>\n<p style=\"text-align: justify;\"><span style=\"font-family: times new roman, times, serif; font-size: 14pt;\">La presse a \u00e9t\u00e9 min\u00e9e, elle nous a \u00e9t\u00e9 vol\u00e9e, il n\u2019y a plus de presse. Il ne s\u2019agit plus pour elle de dire la v\u00e9rit\u00e9, mais de promouvoir une orthodoxie, l\u2019orthodoxie gouvernementale, celle des grandes soci\u00e9t\u00e9s d\u2019affaires.<\/span><\/p>\n<p style=\"text-align: justify;\"><span style=\"font-family: times new roman, times, serif; font-size: 14pt;\">Il nous reste les cours de justice. Aux \u00c9tats-Unis, vous ne pouvez pas poursuivre une soci\u00e9t\u00e9 pharmaceutique pour avoir fait du mal \u00e0 votre enfant, mais vous pouvez toujours la poursuivre pour fraude. Il y a toujours un moyen d\u2019obtenir justice. Le syst\u00e8me judiciaire est ce qui fonctionne encore un peu dans notre d\u00e9mocratie.<\/span><\/p>\n<p style=\"text-align: justify;\"><span style=\"font-family: times new roman, times, serif; font-size: 14pt;\">Et nous avons la rue. Comme vous l\u2019avez soulign\u00e9, nous avons sans doute eu un million de gens dans la rue hier. Et pourtant, personne ne s\u2019en est rendu compte. C\u2019est une dr\u00f4le de question. Emerson l\u2019avait assez bien pos\u00e9e : \u00ab\u00a0Si un arbre tombe dans la for\u00eat et que personne ne le remarque, est-il vraiment tomb\u00e9 ?\u00a0\u00bb Si un million de gens sortent dans la rue et que personne ne le remarque, cela a-t-il vraiment eu lieu ?<\/span><\/p>\n<p style=\"text-align: justify;\"><span style=\"font-family: times new roman, times, serif; font-size: 14pt;\">Pour le reste du monde, cela n\u2019a pas eu lieu.<\/span><\/p>\n<p>&nbsp;<\/p>\n<p style=\"text-align: justify;\"><span style=\"font-family: times new roman, times, serif; font-size: 14pt;\"><strong>FS : Je ne peux que vous inviter \u00e0 venir faire un discours en France. Ce sera probablement la prochaine \u00e9tape.<\/strong><\/span><\/p>\n<p style=\"text-align: justify;\"><span style=\"font-family: times new roman, times, serif; font-size: 14pt;\">RK : Et il y aura probablement quelques centaines de personnes, d\u2019apr\u00e8s les journalistes.<\/span><\/p>\n<p>&nbsp;<\/p>\n<p><strong><span style=\"font-family: times new roman, times, serif; font-size: 14pt;\">URL de cet article :\u00a0 <\/span><\/strong><a href=\"http:\/\/blog.lesgrossesorchadeslesamplesthalameges.fr\/index.php\/12032-2\/\"><span style=\"font-family: times new roman, times, serif; font-size: 14pt;\">http:\/\/blog.lesgrossesorchadeslesamplesthalameges.fr\/index.php\/12032-2\/<\/span><\/a><\/p>\n<p>&nbsp;<\/p>\n<p>&nbsp;<\/p>\n<p style=\"text-align: center;\"><a href=\"http:\/\/blog.lesgrossesorchadeslesamplesthalameges.fr\/wp-content\/uploads\/2020\/09\/Danger-biologique-50-GIF.gif\"><img loading=\"lazy\" class=\"alignnone size-full wp-image-11986\" src=\"http:\/\/blog.lesgrossesorchadeslesamplesthalameges.fr\/wp-content\/uploads\/2020\/09\/Danger-biologique-50-GIF.gif\" alt=\"\" width=\"50\" height=\"50\" \/><\/a><\/p>\n<p>&nbsp;<\/p>\n<p>&nbsp;<\/p>\n<p style=\"text-align: right;\"><span style=\"font-family: comic sans ms, sans-serif; font-size: 14pt;\">Ao\u00fbt-Septembre 2020<\/span><\/p>\n<p>&nbsp;<\/p>\n<p>&nbsp;<\/p>\n<p>&nbsp;<\/p>\n","protected":false},"excerpt":{"rendered":"<p>\u00a0 \u00a0 &nbsp; &nbsp; &nbsp; &nbsp; &nbsp; &nbsp; &nbsp; L\u2019interview de Robert F. Kennedy Jr par France-Soir &nbsp; (Vid\u00e9o) https:\/\/www.youtube.com\/watch?v=T3x_hxDe6x8&amp;feature=youtu.be \u00a0 (le son est mauvais ou l\u2019interview\u00e9 a la voix fatigu\u00e9e, voire \u00e9raill\u00e9e) &nbsp; &nbsp; \u00a0 En voici la transcription int\u00e9grale. &nbsp; &nbsp; FS\u00a0: Robert, que se passe-t-il dans le monde, selon vous ? RK\u00a0:&#8230;<\/p>\n","protected":false},"author":1,"featured_media":0,"parent":0,"menu_order":0,"comment_status":"open","ping_status":"open","template":"","meta":[],"_links":{"self":[{"href":"https:\/\/blog.lesgrossesorchadeslesamplesthalameges.fr\/index.php\/wp-json\/wp\/v2\/pages\/12032"}],"collection":[{"href":"https:\/\/blog.lesgrossesorchadeslesamplesthalameges.fr\/index.php\/wp-json\/wp\/v2\/pages"}],"about":[{"href":"https:\/\/blog.lesgrossesorchadeslesamplesthalameges.fr\/index.php\/wp-json\/wp\/v2\/types\/page"}],"author":[{"embeddable":true,"href":"https:\/\/blog.lesgrossesorchadeslesamplesthalameges.fr\/index.php\/wp-json\/wp\/v2\/users\/1"}],"replies":[{"embeddable":true,"href":"https:\/\/blog.lesgrossesorchadeslesamplesthalameges.fr\/index.php\/wp-json\/wp\/v2\/comments?post=12032"}],"version-history":[{"count":0,"href":"https:\/\/blog.lesgrossesorchadeslesamplesthalameges.fr\/index.php\/wp-json\/wp\/v2\/pages\/12032\/revisions"}],"wp:attachment":[{"href":"https:\/\/blog.lesgrossesorchadeslesamplesthalameges.fr\/index.php\/wp-json\/wp\/v2\/media?parent=12032"}],"curies":[{"name":"wp","href":"https:\/\/api.w.org\/{rel}","templated":true}]}}