{"id":12424,"date":"2020-11-08T16:20:43","date_gmt":"2020-11-08T15:20:43","guid":{"rendered":"http:\/\/blog.lesgrossesorchadeslesamplesthalameges.fr\/?page_id=12424"},"modified":"2020-11-08T16:22:33","modified_gmt":"2020-11-08T15:22:33","slug":"12424-2","status":"publish","type":"page","link":"https:\/\/blog.lesgrossesorchadeslesamplesthalameges.fr\/index.php\/12424-2\/","title":{"rendered":"Banana Follies : la m\u00e8re de toutes les r\u00e9volutions de couleur"},"content":{"rendered":"<p>&nbsp;<\/p>\n<p>&nbsp;<\/p>\n<p>&nbsp;<\/p>\n<p>&nbsp;<\/p>\n<p>&nbsp;<\/p>\n<p>&nbsp;<\/p>\n<p>&nbsp;<\/p>\n<p style=\"text-align: center;\"><span style=\"font-family: times new roman, times, serif; font-size: 36pt;\"><strong>Banana Follies : la m\u00e8re de toutes les r\u00e9volutions de couleur<\/strong><\/span><\/p>\n<p>&nbsp;<\/p>\n<p style=\"text-align: center;\"><span style=\"font-family: times new roman, times, serif; font-size: 18pt;\"><strong>Pepe Escobar \u2013 <\/strong><a href=\"https:\/\/asiatimes.com\/2020\/11\/banana-follies-the-mother-of-all-color-revolutions\/\"><strong><em>Asia Times<\/em><\/strong><\/a><strong> \u2013 7.11.2020<\/strong><\/span><\/p>\n<p style=\"text-align: center;\"><span style=\"font-family: times new roman, times, serif; font-size: 18pt;\">via <a href=\"https:\/\/strategika51.org\/2020\/11\/07\/banana-follies-la-mere-de-toutes-les-revolutions-de-couleur\/\"><strong><em>Strategika<\/em><\/strong><\/a><strong><em> 51<\/em><\/strong><\/span><\/p>\n<p>&nbsp;<\/p>\n<p>&nbsp;<\/p>\n<p style=\"text-align: center;\"><a href=\"http:\/\/blog.lesgrossesorchadeslesamplesthalameges.fr\/wp-content\/uploads\/2020\/11\/Imperial-banana-republic-TITRE-GIF.gif\">\u00a0\u00a0\u00a0\u00a0\u00a0\u00a0\u00a0\u00a0\u00a0\u00a0\u00a0\u00a0\u00a0\u00a0\u00a0\u00a0\u00a0 <img loading=\"lazy\" class=\"alignnone wp-image-12418\" src=\"http:\/\/blog.lesgrossesorchadeslesamplesthalameges.fr\/wp-content\/uploads\/2020\/11\/Imperial-banana-republic-TITRE-GIF-300x29.gif\" alt=\"\" width=\"475\" height=\"46\" \/><\/a><\/p>\n<p style=\"text-align: center;\"><a href=\"http:\/\/blog.lesgrossesorchadeslesamplesthalameges.fr\/wp-content\/uploads\/2020\/11\/Imperial-banana-republic.jpg\"><img loading=\"lazy\" class=\"aligncenter wp-image-12401\" src=\"http:\/\/blog.lesgrossesorchadeslesamplesthalameges.fr\/wp-content\/uploads\/2020\/11\/Imperial-banana-republic.jpg\" alt=\"\" width=\"400\" height=\"266\" srcset=\"https:\/\/blog.lesgrossesorchadeslesamplesthalameges.fr\/wp-content\/uploads\/2020\/11\/Imperial-banana-republic.jpg 596w, https:\/\/blog.lesgrossesorchadeslesamplesthalameges.fr\/wp-content\/uploads\/2020\/11\/Imperial-banana-republic-300x199.jpg 300w\" sizes=\"(max-width: 400px) 100vw, 400px\" \/><\/a><\/p>\n<p style=\"text-align: justify;\"><span style=\"font-family: times new roman, times, serif; font-size: 14pt;\"><strong>\u00a0<\/strong><\/span><\/p>\n<p>&nbsp;<\/p>\n<p style=\"text-align: justify;\"><span style=\"font-family: times new roman, times, serif; font-size: 14pt;\"><strong>\u00a0<\/strong><\/span><\/p>\n<p style=\"text-align: justify;\"><span style=\"font-family: tahoma, arial, helvetica, sans-serif; font-size: 14pt;\"><strong>Dans ce jeu, le Pr\u00e9sident en exercice, Bouffon, \u00e9tait peint en rouge ; son adversaire, Cadavre, en bleu.<\/strong><\/span><\/p>\n<p style=\"text-align: justify;\"><strong><span style=\"font-family: tahoma, arial, helvetica, sans-serif; font-size: 14pt;\">Un exercice de jeu de la r\u00e9volution de couleur parfaite et indig\u00e8ne, nom de code Bleu, a \u00e9t\u00e9 divulgu\u00e9 par un important groupe de r\u00e9flexion \u00e9tabli dans les terres imp\u00e9riales qui a invent\u00e9 le concept de r\u00e9volution de couleur.<\/span><\/strong><\/p>\n<p style=\"text-align: justify;\"><strong><span style=\"font-family: tahoma, arial, helvetica, sans-serif; font-size: 14pt;\">Toutes les informations divulgu\u00e9es ici sur le jeu Bleu n\u2019ont pas \u00e9t\u00e9 d\u00e9classifi\u00e9es. Cela pourrait bien susciter une r\u00e9action s\u00e9v\u00e8re de la part de l\u2019\u00c9tat Profond, m\u00eame si un sc\u00e9nario similaire a \u00e9t\u00e9 r\u00e9alis\u00e9 par un groupe appel\u00e9 <em>Transition Integrity Project.<\/em><\/span><\/strong><\/p>\n<p style=\"text-align: justify;\"><strong><span style=\"font-family: tahoma, arial, helvetica, sans-serif; font-size: 14pt;\">Les deux sc\u00e9narios devraient \u00eatre consid\u00e9r\u00e9s comme des programmes pr\u00e9dictifs \u2013 l\u2019\u00c9tat Profond pr\u00e9parant le grand public, \u00e0 l\u2019avance, \u00e0 la fa\u00e7on dont les choses vont se d\u00e9rouler.<\/span><\/strong><\/p>\n<p>&nbsp;<\/p>\n<p style=\"text-align: justify;\"><span style=\"font-family: times new roman, times, serif; font-size: 14pt;\">Les r\u00e8gles standard de la r\u00e9volution de couleur commencent g\u00e9n\u00e9ralement dans la capitale de l\u2019\u00c9tat-nation X, au cours d\u2019un cycle \u00e9lectoral, avec des \u00ab\u00a0rebelles\u00a0\u00bb luttant pour la libert\u00e9 et b\u00e9n\u00e9ficiant du soutien total des m\u00e9dias nationaux et internationaux.<\/span><\/p>\n<p style=\"text-align: justify;\"><span style=\"font-family: times new roman, times, serif; font-size: 14pt;\">Bleu concerne une \u00e9lection pr\u00e9sidentielle chez l\u2019H\u00e9g\u00e9mon. Dans le jeu exercice, le Pr\u00e9sident sortant, dont le nom de code est Bouffon, a \u00e9t\u00e9 peint en rouge. Le challenger, dont le nom de code est Cadavre, a \u00e9t\u00e9 peint en bleu.<\/span><\/p>\n<p style=\"text-align: justify;\"><span style=\"font-family: times new roman, times, serif; font-size: 14pt;\">Bleu \u2013 l\u2019exercice \u2013 est mont\u00e9 d\u2019un cran car, par rapport \u00e0 ses pr\u00e9d\u00e9cesseurs, le point de d\u00e9part n\u2019\u00e9tait pas une simple insurrection, mais une pand\u00e9mie. Pas n\u2019importe quelle pand\u00e9mie, mais une rude pand\u00e9mie mondiale tr\u00e8s grave, avec un taux de mortalit\u00e9 explosif de moins de 1%.<\/span><\/p>\n<p style=\"text-align: justify;\"><span style=\"font-family: times new roman, times, serif; font-size: 14pt;\">Par une heureuse co\u00efncidence, la pand\u00e9mie mortelle a permis aux op\u00e9rateurs bleus de promouvoir les bulletins de vote par correspondance comme la proc\u00e9dure de vote la plus s\u00fbre permettant la distance sociale.<\/span><\/p>\n<p style=\"text-align: justify;\"><span style=\"font-family: times new roman, times, serif; font-size: 14pt;\">Cela a renvoy\u00e9 \u00e0 une s\u00e9rie de sondages pr\u00e9disant une victoire presque in\u00e9vitable du Bleu aux \u00e9lections, et m\u00eame \u00e0 une \u00ab\u00a0vague bleue\u00a0\u00bb.<\/span><\/p>\n<p style=\"text-align: justify;\"><span style=\"font-family: times new roman, times, serif; font-size: 14pt;\">Le principe est simple : faire chuter l\u2019\u00e9conomie et d\u00e9cr\u00e9dibiliser un Pr\u00e9sident en exercice dont la mission d\u00e9clar\u00e9e est de stimuler une \u00e9conomie en plein essor. En parall\u00e8le, il faut convaincre l\u2019opinion publique que le fait de se rendre aux urnes constitue un risque pour la sant\u00e9.<\/span><\/p>\n<p style=\"text-align: justify;\"><span style=\"font-family: times new roman, times, serif; font-size: 14pt;\">Le comit\u00e9 de production de Bleu ne prend aucun risque, annon\u00e7ant publiquement qu\u2019il contestera tout r\u00e9sultat qui contredit le r\u00e9sultat pr\u00e9\u00e9tabli : La victoire finale du Bleu dans un organe excentrique, anachronique et anti-d\u00e9mocratie directe appel\u00e9 \u00ab\u00a0coll\u00e8ge \u00e9lectoral\u00a0\u00bb.<\/span><\/p>\n<p style=\"text-align: justify;\"><span style=\"font-family: times new roman, times, serif; font-size: 14pt;\">Si le Rouge l\u2019emporte d\u2019une mani\u00e8re ou d\u2019une autre, le Bleu attendra que chaque vote soit compt\u00e9 et d\u00fbment contest\u00e9 \u00e0 tous les niveaux de juridiction. S\u2019appuyant sur le soutien massif des m\u00e9dias et le marketing des m\u00e9dias sociaux propuls\u00e9 \u00e0 des niveaux de saturation, le Bleu proclame que \u00ab\u00a0dans aucun sc\u00e9nario\u00a0\u00bb le Rouge ne serait autoris\u00e9 \u00e0 d\u00e9clarer la victoire.<\/span><\/p>\n<p>&nbsp;<\/p>\n<p style=\"text-align: justify;\"><span style=\"font-family: times new roman, times, serif; font-size: 18pt;\"><strong>Compte \u00e0 rebours pour le vote magique<\/strong><\/span><\/p>\n<p style=\"text-align: justify;\"><span style=\"font-family: times new roman, times, serif; font-size: 14pt;\">Le jour des \u00e9lections arrive. Le d\u00e9pouillement des votes se d\u00e9roule sans heurts \u2013 comptage des envois postaux, comptage le jour de l\u2019\u00e9lection, d\u00e9compte \u00e0 la minute pr\u00e8s \u2013 mais privil\u00e9gie surtout le Rouge, surtout dans trois \u00c9tats toujours essentiels pour s\u2019emparer de la pr\u00e9sidence. Le Rouge est \u00e9galement en t\u00eate dans ce que l\u2019on appelle les \u00ab\u00a0\u00c9tats cl\u00e9s\u00a0\u00bb.<\/span><\/p>\n<p style=\"text-align: justify;\"><span style=\"font-family: times new roman, times, serif; font-size: 14pt;\">Mais alors, alors qu\u2019une cha\u00eene de t\u00e9l\u00e9vision annonce pr\u00e9matur\u00e9ment un \u00c9tat rouge suppos\u00e9 assur\u00e9 pour le Bleu, tout le d\u00e9compte des votes s\u2019arr\u00eate avant minuit dans les grandes zones urbaines des principaux \u00c9tats relais sous la direction des gouverneurs bleus, o\u00f9 le Rouge est en t\u00eate.<\/span><\/p>\n<p style=\"text-align: justify;\"><span style=\"font-family: times new roman, times, serif; font-size: 14pt;\">Les op\u00e9rateurs bleus arr\u00eatent de compter pour v\u00e9rifier si leur sc\u00e9nario de victoire du Bleu peut se r\u00e9aliser sans qu\u2019il soit n\u00e9cessaire d\u2019apporter des bulletins de vote par correspondance. Leur m\u00e9canisme pr\u00e9f\u00e9r\u00e9 consiste \u00e0 fabriquer le \u00ab\u00a0consentement du peuple\u00a0\u00bb en entretenant une illusion d\u2019\u00e9quit\u00e9.<\/span><\/p>\n<p style=\"text-align: justify;\"><span style=\"font-family: times new roman, times, serif; font-size: 14pt;\">Pourtant, ils peuvent toujours compter, comme le pr\u00e9voit le plan B, sur des bulletins de vote par correspondance urbains, chauds et froids, jusqu\u2019\u00e0 ce que le Bleu gagne de justesse dans deux \u00c9tats particuli\u00e8rement importants que le Rouge avait remport\u00e9s lors d\u2019une pr\u00e9c\u00e9dente \u00e9lection.<\/span><\/p>\n<p style=\"text-align: justify;\"><span style=\"font-family: times new roman, times, serif; font-size: 14pt;\">Et voil\u00e0 ce qui se passe. \u00c0 partir de 2 heures du matin, et plus tard dans la nuit, arrive un lot de votes \u00ab\u00a0magiques\u00a0\u00bb dans ces deux \u00c9tats cl\u00e9s. Cet \u00ab\u00a0ajustement\u00a0\u00bb vertical et soudain vers le haut inclut le cas d\u2019un lot de plus de 130 000 votes pro-Bleu dans un comt\u00e9 et pas un seul vote pro-Rouge \u2013 un miracle statistique aux proportions du Saint-Esprit.<\/span><\/p>\n<p style=\"text-align: justify;\"><span style=\"font-family: times new roman, times, serif; font-size: 14pt;\">Remplir l\u2019urne est une escroquerie typique appliqu\u00e9e dans les d\u00e9clinaisons de la r\u00e9volution de couleur de r\u00e9publique banani\u00e8re. Les op\u00e9rateurs bleus utilisent la m\u00e9thode \u00e9prouv\u00e9e appliqu\u00e9e au march\u00e9 \u00e0 terme de l\u2019or, lorsqu\u2019une chute soudaine de ventes \u00e0 d\u00e9couvert a fait baisser le prix de l\u2019or, prot\u00e9geant ainsi le dollar am\u00e9ricain.<\/span><\/p>\n<p style=\"text-align: justify;\"><span style=\"font-family: times new roman, times, serif; font-size: 14pt;\">Les op\u00e9rateurs bleus parient que l\u2019alliance m\u00e9dias traditionnels\/Big Tech ne remettra pas en question le fait que, tout \u00e0 coup, le vote se porterait sur le Bleu avec une marge de 2 \u00e0 3 ou 3 \u00e0 4.<\/span><\/p>\n<p style=\"text-align: justify;\"><span style=\"font-family: times new roman, times, serif; font-size: 14pt;\">Ils parient qu\u2019aucune question ne sera pos\u00e9e sur la mani\u00e8re dont une tendance de vote positif de 2 \u00e0 5% en faveur du Rouge dans quelques \u00c9tats s\u2019est transform\u00e9e en une tendance de 0,5 \u00e0 1,4% en faveur du Bleu vers 4 heures du matin.<\/span><\/p>\n<p style=\"text-align: justify;\"><span style=\"font-family: times new roman, times, serif; font-size: 14pt;\">Et que cet \u00e9cart se produit dans deux \u00c9tats cl\u00e9s presque simultan\u00e9ment.<\/span><\/p>\n<p style=\"text-align: justify;\"><span style=\"font-family: times new roman, times, serif; font-size: 14pt;\">Et que certaines circonscriptions enregistrent plus de votes pr\u00e9sidentiels qu\u2019elles n\u2019ont d\u2019\u00e9lecteurs inscrits.<\/span><\/p>\n<p style=\"text-align: justify;\"><span style=\"font-family: times new roman, times, serif; font-size: 14pt;\">Et que dans les \u00c9tats relais, le nombre de votes suppl\u00e9mentaires myst\u00e9rieux en faveur du Bleu d\u00e9passe de loin les votes en faveur des candidats au S\u00e9nat dans ces \u00c9tats, alors que le bilan montre que les totaux de ces votes sont traditionnellement proches.<\/span><\/p>\n<p style=\"text-align: justify;\"><span style=\"font-family: times new roman, times, serif; font-size: 14pt;\">Et que le taux de participation dans l\u2019un de ces \u00c9tats serait de 89,25%.<\/span><\/p>\n<p style=\"text-align: justify;\"><span style=\"font-family: times new roman, times, serif; font-size: 14pt;\">Le lendemain du jour du scrutin, de vagues explications font \u00e9tat d\u2019une \u00ab\u00a0erreur d\u2019\u00e9criture\u00a0\u00bb dans l\u2019un des \u00e9ventuels votes annul\u00e9s, tandis que dans un autre \u00c9tat contest\u00e9, rien ne justifie l\u2019acceptation de bulletins de vote ne portant pas le cachet de la poste.<\/span><\/p>\n<p style=\"text-align: justify;\"><span style=\"font-family: times new roman, times, serif; font-size: 14pt;\">Les op\u00e9rateurs bleus se d\u00e9tendent parce que l\u2019alliance m\u00e9dias grand public\/Big Tech \u00e9crase chaque plainte comme \u00e9tant des \u00ab\u00a0th\u00e9ories du complot\u00a0\u00bb.<\/span><\/p>\n<p>&nbsp;<\/p>\n<p style=\"text-align: justify;\"><span style=\"font-family: times new roman, times, serif; font-size: 18pt;\"><strong>La contre-r\u00e9volution du Rouge<\/strong><\/span><\/p>\n<p style=\"text-align: justify;\"><span style=\"font-family: times new roman, times, serif; font-size: 14pt;\">Les deux candidats \u00e0 la pr\u00e9sidence n\u2019aident pas vraiment leurs propres affaires.<\/span><\/p>\n<p style=\"text-align: justify;\"><span style=\"font-family: times new roman, times, serif; font-size: 14pt;\">Nom de code Cadavre, dans un lapsus freudien, avait r\u00e9v\u00e9l\u00e9 que son parti avait mis en place le syst\u00e8me de fraude le plus \u00e9tendu et le plus \u00ab\u00a0diversifi\u00e9\u00a0\u00bb qui ait jamais exist\u00e9.<\/span><\/p>\n<p style=\"text-align: justify;\"><span style=\"font-family: times new roman, times, serif; font-size: 14pt;\">Il n\u2019y a pas que Cadavre qui est sur le point de faire l\u2019objet d\u2019une enqu\u00eate pour un syst\u00e8me informatique douteux. Il s\u2019agit d\u2019un patient atteint de d\u00e9mence de stade 2, dont le profil s\u2019effiloche rapidement \u2013 maintenu \u00e0 peine fonctionnel par les m\u00e9dicaments, ce qui ne peut pas emp\u00eacher son esprit de s\u2019\u00e9teindre lentement.<\/span><\/p>\n<p style=\"text-align: justify;\"><span style=\"font-family: times new roman, times, serif; font-size: 14pt;\">Fid\u00e8le \u00e0 son instinct, Nom de code Bouffon prend des mesures pr\u00e9ventives, d\u00e9clarant que toute l\u2019\u00e9lection est une fraude, mais sans offrir de preuve irr\u00e9futable. Il est d\u00fbment d\u00e9masqu\u00e9 par l\u2019alliance des grands m\u00e9dias et de Big Tech pour avoir propag\u00e9 de \u00ab\u00a0fausses all\u00e9gations\u00a0\u00bb.<\/span><\/p>\n<p style=\"text-align: justify;\"><span style=\"font-family: times new roman, times, serif; font-size: 14pt;\">Tout cela se passe alors qu\u2019une vieille op\u00e9ratrice am\u00e8re et rus\u00e9e a non seulement d\u00e9clar\u00e9 que le seul sc\u00e9nario admissible \u00e9tait une victoire du Bleu, mais qu\u2019elle s\u2019\u00e9tait d\u00e9j\u00e0 positionn\u00e9e pour un poste de haut niveau de s\u00e9curit\u00e9.<\/span><\/p>\n<p style=\"text-align: justify;\"><span style=\"font-family: times new roman, times, serif; font-size: 14pt;\">Le Bleu se joue aussi du fait que le Rouge s\u2019engage imm\u00e9diatement dans une voie \u00e0 sens unique : enr\u00e9gimenter une arm\u00e9e d\u2019avocats exigeant l\u2019acc\u00e8s \u00e0 tous les registres d\u2019inscription pour frotter, examiner et v\u00e9rifier chaque bulletin de vote postal, un processus d\u2019analyse m\u00e9dico-l\u00e9gale de facto.<\/span><\/p>\n<p style=\"text-align: justify;\"><span style=\"font-family: times new roman, times, serif; font-size: 14pt;\">Pourtant, le Bleu ne peut pas pr\u00e9voir combien de faux bulletins seront d\u00e9voil\u00e9s lors des recomptages.<\/span><\/p>\n<p style=\"text-align: justify;\"><span style=\"font-family: times new roman, times, serif; font-size: 14pt;\">Alors que Cadavre s\u2019appr\u00eate \u00e0 d\u00e9clarer la victoire, Bouffon a les yeux riv\u00e9s sur le jeu, pr\u00eat \u00e0 porter le tout jusqu\u2019\u00e0 la Cour Supr\u00eame.<\/span><\/p>\n<p style=\"text-align: justify;\"><span style=\"font-family: times new roman, times, serif; font-size: 14pt;\">La machine du Rouge avait d\u00e9j\u00e0 jou\u00e9, car elle savait parfaitement comment l\u2019op\u00e9ration du Bleu serait men\u00e9e.<\/span><\/p>\n<p style=\"text-align: justify;\"><span style=\"font-family: times new roman, times, serif; font-size: 14pt;\">La contre-r\u00e9volution du Rouge a le potentiel de contrecarrer strat\u00e9giquement l\u2019op\u00e9ration du Bleu.<\/span><\/p>\n<p style=\"text-align: justify;\"><span style=\"font-family: times new roman, times, serif; font-size: 14pt;\">Il s\u2019agit d\u2019une attaque sur trois fronts \u2013 le Rouge utilisant le Comit\u00e9 Judiciaire, le S\u00e9nat et le Procureur G\u00e9n\u00e9ral, tous sous l\u2019autorit\u00e9 de nom de code Bouffon jusqu\u2019au jour de l\u2019inauguration. La fin du jeu, apr\u00e8s une bataille juridique vicieuse, consiste \u00e0 renverser le Bleu.<\/span><\/p>\n<p style=\"text-align: justify;\"><span style=\"font-family: times new roman, times, serif; font-size: 14pt;\">Les principaux op\u00e9rateurs du Rouge ont la possibilit\u00e9 de mettre en place une commission du S\u00e9nat, ou un conseiller sp\u00e9cial, \u00e0 la demande du Comit\u00e9 Judiciaire, qui sera nomm\u00e9 par le D\u00e9partement de la Justice pour enqu\u00eater sur Cadavre.<\/span><\/p>\n<p style=\"text-align: justify;\"><span style=\"font-family: times new roman, times, serif; font-size: 14pt;\">En attendant, deux votes du coll\u00e8ge \u00e9lectoral, \u00e0 un mois d\u2019intervalle, sont n\u00e9cessaires pour certifier le vainqueur de la pr\u00e9sidentielle.<\/span><\/p>\n<p style=\"text-align: justify;\"><span style=\"font-family: times new roman, times, serif; font-size: 14pt;\">Source : <a href=\"https:\/\/asiatimes.com\/2020\/11\/banana-follies-the-mother-of-all-color-revolutions\/\"><strong><em>https:\/\/asiatimes.com<\/em><\/strong><\/a><\/span><\/p>\n<p style=\"text-align: justify;\"><span style=\"font-family: times new roman, times, serif; font-size: 14pt;\">traduit par <a href=\"https:\/\/reseauinternational.net\/banana-follies-la-mere-de-toutes-les-revolutions-de-couleur\/\"><strong><em>R.I.<\/em><\/strong><\/a><\/span><\/p>\n<p style=\"text-align: justify;\"><span style=\"font-family: times new roman, times, serif; font-size: 14pt;\"><strong>URL de cet article\u00a0: <\/strong><a href=\"http:\/\/blog.lesgrossesorchadeslesamplesthalameges.fr\/index.php\/12424-2\/\">http:\/\/blog.lesgrossesorchadeslesamplesthalameges.fr\/index.php\/12424-2\/<\/a><\/span><\/p>\n<p style=\"text-align: justify;\"><span style=\"font-family: times new roman, times, serif; font-size: 14pt;\"><strong>\u00a0<\/strong><\/span><\/p>\n<p>&nbsp;<\/p>\n<p style=\"text-align: center;\"><span style=\"font-family: times new roman, times, serif; font-size: 14pt;\"><strong>\u00a0<a href=\"http:\/\/blog.lesgrossesorchadeslesamplesthalameges.fr\/wp-content\/uploads\/2020\/11\/UNCLE-SAM-PREGNANT-GIF.gif\"><img loading=\"lazy\" class=\"alignnone wp-image-12399\" src=\"http:\/\/blog.lesgrossesorchadeslesamplesthalameges.fr\/wp-content\/uploads\/2020\/11\/UNCLE-SAM-PREGNANT-GIF.gif\" alt=\"\" width=\"80\" height=\"131\" \/><\/a><\/strong><\/span><\/p>\n<p>&nbsp;<\/p>\n<p>&nbsp;<\/p>\n<p style=\"text-align: right;\"><span style=\"font-family: comic sans ms, sans-serif; font-size: 14pt;\">Novembre 2020<\/span><\/p>\n","protected":false},"excerpt":{"rendered":"<p>&nbsp; &nbsp; &nbsp; &nbsp; &nbsp; &nbsp; &nbsp; Banana Follies : la m\u00e8re de toutes les r\u00e9volutions de couleur &nbsp; Pepe Escobar \u2013 Asia Times \u2013 7.11.2020 via Strategika 51 &nbsp; &nbsp; \u00a0\u00a0\u00a0\u00a0\u00a0\u00a0\u00a0\u00a0\u00a0\u00a0\u00a0\u00a0\u00a0\u00a0\u00a0\u00a0\u00a0 \u00a0 &nbsp; \u00a0 Dans ce jeu, le Pr\u00e9sident en exercice, Bouffon, \u00e9tait peint en rouge ; son adversaire, Cadavre, en bleu. Un exercice&#8230;<\/p>\n","protected":false},"author":1,"featured_media":0,"parent":0,"menu_order":0,"comment_status":"open","ping_status":"open","template":"","meta":[],"_links":{"self":[{"href":"https:\/\/blog.lesgrossesorchadeslesamplesthalameges.fr\/index.php\/wp-json\/wp\/v2\/pages\/12424"}],"collection":[{"href":"https:\/\/blog.lesgrossesorchadeslesamplesthalameges.fr\/index.php\/wp-json\/wp\/v2\/pages"}],"about":[{"href":"https:\/\/blog.lesgrossesorchadeslesamplesthalameges.fr\/index.php\/wp-json\/wp\/v2\/types\/page"}],"author":[{"embeddable":true,"href":"https:\/\/blog.lesgrossesorchadeslesamplesthalameges.fr\/index.php\/wp-json\/wp\/v2\/users\/1"}],"replies":[{"embeddable":true,"href":"https:\/\/blog.lesgrossesorchadeslesamplesthalameges.fr\/index.php\/wp-json\/wp\/v2\/comments?post=12424"}],"version-history":[{"count":6,"href":"https:\/\/blog.lesgrossesorchadeslesamplesthalameges.fr\/index.php\/wp-json\/wp\/v2\/pages\/12424\/revisions"}],"predecessor-version":[{"id":12430,"href":"https:\/\/blog.lesgrossesorchadeslesamplesthalameges.fr\/index.php\/wp-json\/wp\/v2\/pages\/12424\/revisions\/12430"}],"wp:attachment":[{"href":"https:\/\/blog.lesgrossesorchadeslesamplesthalameges.fr\/index.php\/wp-json\/wp\/v2\/media?parent=12424"}],"curies":[{"name":"wp","href":"https:\/\/api.w.org\/{rel}","templated":true}]}}