{"id":12432,"date":"2020-11-08T16:35:19","date_gmt":"2020-11-08T15:35:19","guid":{"rendered":"http:\/\/blog.lesgrossesorchadeslesamplesthalameges.fr\/?page_id=12432"},"modified":"2020-11-08T16:36:28","modified_gmt":"2020-11-08T15:36:28","slug":"une-guerre-civile-hybride-durable-aux-etats-unis","status":"publish","type":"page","link":"https:\/\/blog.lesgrossesorchadeslesamplesthalameges.fr\/index.php\/une-guerre-civile-hybride-durable-aux-etats-unis\/","title":{"rendered":"Une guerre civile hybride durable aux \u00c9tats-Unis"},"content":{"rendered":"<h1 style=\"text-align: right;\"><\/h1>\n<p>&nbsp;<\/p>\n<p>&nbsp;<\/p>\n<p>&nbsp;<\/p>\n<p>&nbsp;<\/p>\n<p>&nbsp;<\/p>\n<h1><\/h1>\n<h1><\/h1>\n<h1><\/h1>\n<h1 style=\"text-align: right;\"><\/h1>\n<p>&nbsp;<\/p>\n<p>&nbsp;<\/p>\n<h1><\/h1>\n<h1><\/h1>\n<h1 style=\"text-align: center;\"><strong><span style=\"font-family: times new roman, times, serif; font-size: 36pt;\">Une guerre civile hybride durable aux \u00c9tats-Unis<\/span><\/strong><\/h1>\n<p style=\"text-align: center;\"><span style=\"font-family: times new roman, times, serif; font-size: 14pt;\"><strong><em>\u00a0<\/em><\/strong><\/span><\/p>\n<p style=\"text-align: center;\"><span style=\"font-family: times new roman, times, serif; font-size: 18pt;\"><strong><em>Strategika 51<\/em><\/strong><strong> \u2013 8.11.2020<\/strong><\/span><\/p>\n<p>&nbsp;<\/p>\n<p style=\"text-align: justify;\"><span style=\"font-family: times new roman, times, serif; font-size: 14pt;\"><strong>\u00a0<\/strong><\/span><\/p>\n<p style=\"text-align: center;\"><a href=\"http:\/\/blog.lesgrossesorchadeslesamplesthalameges.fr\/wp-content\/uploads\/2020\/11\/guerre-civile-US-PARS.jpg\"><img loading=\"lazy\" class=\"alignnone wp-image-12402\" src=\"http:\/\/blog.lesgrossesorchadeslesamplesthalameges.fr\/wp-content\/uploads\/2020\/11\/guerre-civile-US-PARS.jpg\" alt=\"\" width=\"650\" height=\"364\" srcset=\"https:\/\/blog.lesgrossesorchadeslesamplesthalameges.fr\/wp-content\/uploads\/2020\/11\/guerre-civile-US-PARS.jpg 700w, https:\/\/blog.lesgrossesorchadeslesamplesthalameges.fr\/wp-content\/uploads\/2020\/11\/guerre-civile-US-PARS-300x168.jpg 300w\" sizes=\"(max-width: 650px) 100vw, 650px\" \/><\/a><\/p>\n<p>&nbsp;<\/p>\n<p>&nbsp;<\/p>\n<p style=\"text-align: justify;\"><span style=\"font-family: times new roman, times, serif; font-size: 14pt;\"><strong><span style=\"font-family: tahoma, arial, helvetica, sans-serif;\">Le grand cirque \u00e9lectoral US cachait \u00e0 peine une variante de r\u00e9volution color\u00e9e en tant qu\u2019instrument de guerre hybride que l\u2019\u00c9tat profond utilisait contre des r\u00e9gimes adverses ou class\u00e9s hostiles \u00e0 l\u2019\u00e9tranger. Cette fois-ci et par une certaine ironie du sort, elle a \u00e9t\u00e9 appliqu\u00e9e \u00e0 l\u2019int\u00e9rieur des \u00c9tats-Unis d\u2019Am\u00e9rique pour se d\u00e9barrasser au plus vite d\u2019un Donald Trump jug\u00e9 fort encombrant. Comme lors des r\u00e9volutions de couleur survenues dans des pays d\u2019Europe de l\u2019Est ou dans le monde Arabe, ce sont les m\u00e9dias qui annoncent \u00ab\u00a0la d\u00e9mission\u00a0\u00bb, \u00ab\u00a0la fuite\u00a0\u00bb ou \u00ab\u00a0la chute\u00a0\u00bb du Chef d\u2019\u00c9tat cibl\u00e9.<\/span> <\/strong><\/span><\/p>\n<p>&nbsp;<\/p>\n<p style=\"text-align: justify;\"><span style=\"font-family: times new roman, times, serif; font-size: 14pt;\">Pour Trump, la propagande \u00e0 plein r\u00e9gime a pass\u00e9 sous silence une fraude \u00e9lectorale massive durant laquelle des millions de personnes d\u00e9c\u00e9d\u00e9es et des migrants sans papier ont vot\u00e9 par correspondance (par voie postale). C\u2019est du d\u00e9j\u00e0 vu pour les m\u00e9dias MSM aussi bien US que ceux des pays vassaux des \u00c9tats-Unis comme l\u2019Allemagne ou la France. D\u2019ailleurs les Chefs d\u2019Etat de ces pays se sont pr\u00e9cipit\u00e9s tels des demeur\u00e9s \u00e0 f\u00e9liciter le g\u00e9rontocrate d\u00e9sign\u00e9 par le syst\u00e8me US via son appareil de propagande.<\/span><\/p>\n<p style=\"text-align: justify;\"><span style=\"font-family: times new roman, times, serif; font-size: 14pt;\">Sur Wikipedia, tout semble avoir \u00e9t\u00e9 pr\u00e9par\u00e9 \u00e0 l\u2019avance, et la victoire de Biden\/Harris y est consacr\u00e9e comme un fait historique ancien. Ob\u00e9issant \u00e0 de vieux r\u00e9flexes, les m\u00e9dias MSM ont m\u00eame tent\u00e9 des pr\u00e9senter quelques petits rassemblements clairsem\u00e9s de la communaut\u00e9 LGBTQZ \u00e0 San Francisco et \u00e0 New York comme de grandes sc\u00e8nes de liesse saluant la \u00ab\u00a0victoire\u00a0\u00bb de Sleepy Joe Biden. Un rat\u00e9 de plus qui rappelle les pauvres figurants irakiens dansant autour de la statue abattue de Saddam Hussein au centre de Baghdad en 2003 pour quelques billets d\u2019une banque centrale pill\u00e9e.<\/span><\/p>\n<p style=\"text-align: justify;\"><span style=\"font-family: times new roman, times, serif; font-size: 14pt;\">Bref, Trump a \u00e9t\u00e9 d\u00e9gag\u00e9 via les m\u00e9dias par les m\u00eames marionnettistes qui l\u2019avaient d\u00e9sign\u00e9 avant de s\u2019en mordre les doigts car le personnage s\u2019est av\u00e9r\u00e9 incontr\u00f4lable.<\/span><\/p>\n<p style=\"text-align: justify;\"><span style=\"font-family: times new roman, times, serif; font-size: 14pt;\">Le syst\u00e8me politique US est arriv\u00e9 au bout du bout de son rouleau. Il n\u2019est plus r\u00e9formable, ni de l\u2019int\u00e9rieur et encore moins de l\u2019ext\u00e9rieur. Le retour au pouvoir de la clique \u00e0 Obama et Hillary Clinton et surtout de leurs soutiens cach\u00e9s ne vasrien changer et n\u2019arr\u00eatera nullement l\u2019effondrement en cours de l\u2019Empire.<\/span><\/p>\n<p style=\"text-align: justify;\"><span style=\"font-family: times new roman, times, serif; font-size: 14pt;\">Que va-t-il se passer dans les prochains jours ?<\/span><\/p>\n<p style=\"text-align: justify;\"><span style=\"font-family: times new roman, times, serif; font-size: 14pt;\">Le syst\u00e8me va d\u00e9ployer tous ses efforts pour d\u00e9bouter Donald Trump dans la bataille juridique qui va se livrer jusqu\u2019\u00e0 janvier 2021 autour de ce scrutin truqu\u00e9. Cette bataille passera par la Cour Supr\u00eame\u00a0 et Trump n\u2019a pratiquement aucune chance d\u2019avoir gain de cause en raison de la nature m\u00eame du syst\u00e8me et du faux clivage bipartisan. Le syst\u00e8me ne se limitera certainement pas \u00e0 d\u00e9bouter Donald Trump mais il s\u2019appliquera \u00e0 le poursuivre en justice et \u00e0 l\u2019humilier davantage. Ce qui conduira Trump \u00e0 vouloir d\u00e9baller des v\u00e9rit\u00e9s que personne ne veut entendre sur la nature r\u00e9elle du pouvoir et les frasques de ses adversaires.<\/span><\/p>\n<p style=\"text-align: justify;\"><span style=\"font-family: times new roman, times, serif; font-size: 14pt;\">\u00c0 ce point pr\u00e9cis, la ploutocratie US offrira un pi\u00e8tre spectacle.<\/span><\/p>\n<p style=\"text-align: justify;\"><span style=\"font-family: times new roman, times, serif; font-size: 14pt;\">S\u2019il \u00e9chappe \u00e0 la prison ou \u00e0 la liquidation physique, Trump pourrait \u00eatre tent\u00e9 de fonder une troisi\u00e8me alternative aux partis R\u00e9publicain et D\u00e9mocrate, rien que pour jouer au trouble-f\u00eate, mais le syst\u00e8me est sur ses gardes.<\/span><\/p>\n<p style=\"text-align: justify;\"><span style=\"font-family: times new roman, times, serif; font-size: 14pt;\">Les partisans de Trump et surtout une certaine base sociale et l\u2019Am\u00e9rique profonde \u2013 qui a assist\u00e9 \u00e0 la destruction de toutes les valeurs de ce qu\u2019elle croyait \u00eatre une d\u00e9mocratie, \u00e0 commencer par les Premier et Second Amendements de la Constitution \u2013 pourrait \u00eatre tent\u00e9e par la d\u00e9sob\u00e9issance civile ou m\u00eame par le soul\u00e8vement arm\u00e9. Une autre guerre civile am\u00e9ricaine devient alors in\u00e9luctable avec un risque de s\u00e9cession de certains \u00c9tats.<\/span><\/p>\n<p>&nbsp;<\/p>\n<p>&nbsp;<\/p>\n<p style=\"text-align: center;\"><a href=\"http:\/\/blog.lesgrossesorchadeslesamplesthalameges.fr\/wp-content\/uploads\/2020\/11\/Deplorables-for-TRUMP.jpg\"><img loading=\"lazy\" class=\"alignnone wp-image-12433\" src=\"http:\/\/blog.lesgrossesorchadeslesamplesthalameges.fr\/wp-content\/uploads\/2020\/11\/Deplorables-for-TRUMP-300x168.jpg\" alt=\"\" width=\"650\" height=\"365\" srcset=\"https:\/\/blog.lesgrossesorchadeslesamplesthalameges.fr\/wp-content\/uploads\/2020\/11\/Deplorables-for-TRUMP-300x168.jpg 300w, https:\/\/blog.lesgrossesorchadeslesamplesthalameges.fr\/wp-content\/uploads\/2020\/11\/Deplorables-for-TRUMP.jpg 750w\" sizes=\"(max-width: 650px) 100vw, 650px\" \/><\/a><\/p>\n<p>&nbsp;<\/p>\n<p>&nbsp;<\/p>\n<p style=\"text-align: justify;\"><span style=\"font-family: times new roman, times, serif; font-size: 14pt;\">La lutte sera terrible et d\u2019une violence in\u00e9dite. Mais bien avant cette \u00e9ventualit\u00e9, l\u2019\u00c9tat profond sera tent\u00e9 de s\u2019attaquer \u00e0 des pays comme l\u2019Iran, la Cor\u00e9e du Nord, la Russie ou la Chine et c\u2019est l\u00e0 que se profile pour lui la d\u00e9faite totale. L\u2019abandon du Dollar marquera la fin du syst\u00e8me.<\/span><\/p>\n<p style=\"text-align: justify;\"><span style=\"font-family: times new roman, times, serif; font-size: 14pt;\">Dans tous les cas de figure possibles, l\u2019Empire sera genou \u00e0 terre, entra\u00eenant avec lui l\u2019ensemble de l\u2019Europe occidentale (actuellement dans un \u00e9tat de faiblesse extr\u00eame) et la Chine sortira sans coup f\u00e9rir <em>[du moins faut-il l\u2019esp\u00e9rer, NdGO]<\/em> comme le grand vainqueur de cette guerre hybride mondiale dans laquelle tous les vecteurs dissym\u00e9triques seront utilis\u00e9s.<\/span><\/p>\n<p style=\"text-align: left;\"><span style=\"font-family: times new roman, times, serif; font-size: 14pt;\">Source\u00a0: <a href=\"https:\/\/strategika51.org\/2020\/11\/08\/une-guerre-civile-hybride-durable-aux-etats-unis\/\">https:\/\/strategika51.org\/2020\/11\/08\/une-guerre-civile-hybride-durable-aux-etats-unis\/<\/a><\/span><\/p>\n<p style=\"text-align: justify;\"><span style=\"font-family: times new roman, times, serif; font-size: 14pt;\"><strong>URL de cet article\u00a0: <\/strong><a href=\"http:\/\/blog.lesgrossesorchadeslesamplesthalameges.fr\/index.php\/une-guerre-civile-hybride-durable-aux-etats-unis\/\">http:\/\/blog.lesgrossesorchadeslesamplesthalameges.fr\/index.php\/une-guerre-civile-hybride-durable-aux-etats-unis\/<\/a><\/span><\/p>\n<p style=\"text-align: justify;\"><span style=\"font-family: times new roman, times, serif; font-size: 14pt;\"><strong>\u00a0<\/strong><\/span><\/p>\n<p>&nbsp;<\/p>\n<p style=\"text-align: justify;\"><strong>\u00a0<\/strong><\/p>\n<p style=\"text-align: center;\"><strong>\u00a0<a href=\"http:\/\/blog.lesgrossesorchadeslesamplesthalameges.fr\/wp-content\/uploads\/2020\/11\/UNCLE-SAM-PREGNANT-GIF.gif\"><img loading=\"lazy\" class=\"alignnone wp-image-12399\" src=\"http:\/\/blog.lesgrossesorchadeslesamplesthalameges.fr\/wp-content\/uploads\/2020\/11\/UNCLE-SAM-PREGNANT-GIF.gif\" alt=\"\" width=\"80\" height=\"131\" \/><\/a><\/strong><\/p>\n<p>&nbsp;<\/p>\n<p>&nbsp;<\/p>\n<p style=\"text-align: right;\"><span style=\"font-size: 14pt; font-family: comic sans ms, sans-serif;\">Novembre 2020<\/span><\/p>\n<p>&nbsp;<\/p>\n<p>&nbsp;<\/p>\n","protected":false},"excerpt":{"rendered":"<p>&nbsp; &nbsp; &nbsp; &nbsp; &nbsp; &nbsp; &nbsp; Une guerre civile hybride durable aux \u00c9tats-Unis \u00a0 Strategika 51 \u2013 8.11.2020 &nbsp; \u00a0 &nbsp; &nbsp; Le grand cirque \u00e9lectoral US cachait \u00e0 peine une variante de r\u00e9volution color\u00e9e en tant qu\u2019instrument de guerre hybride que l\u2019\u00c9tat profond utilisait contre des r\u00e9gimes adverses ou class\u00e9s hostiles \u00e0 l\u2019\u00e9tranger&#8230;.<\/p>\n","protected":false},"author":1,"featured_media":0,"parent":0,"menu_order":0,"comment_status":"open","ping_status":"open","template":"","meta":[],"_links":{"self":[{"href":"https:\/\/blog.lesgrossesorchadeslesamplesthalameges.fr\/index.php\/wp-json\/wp\/v2\/pages\/12432"}],"collection":[{"href":"https:\/\/blog.lesgrossesorchadeslesamplesthalameges.fr\/index.php\/wp-json\/wp\/v2\/pages"}],"about":[{"href":"https:\/\/blog.lesgrossesorchadeslesamplesthalameges.fr\/index.php\/wp-json\/wp\/v2\/types\/page"}],"author":[{"embeddable":true,"href":"https:\/\/blog.lesgrossesorchadeslesamplesthalameges.fr\/index.php\/wp-json\/wp\/v2\/users\/1"}],"replies":[{"embeddable":true,"href":"https:\/\/blog.lesgrossesorchadeslesamplesthalameges.fr\/index.php\/wp-json\/wp\/v2\/comments?post=12432"}],"version-history":[{"count":8,"href":"https:\/\/blog.lesgrossesorchadeslesamplesthalameges.fr\/index.php\/wp-json\/wp\/v2\/pages\/12432\/revisions"}],"predecessor-version":[{"id":12441,"href":"https:\/\/blog.lesgrossesorchadeslesamplesthalameges.fr\/index.php\/wp-json\/wp\/v2\/pages\/12432\/revisions\/12441"}],"wp:attachment":[{"href":"https:\/\/blog.lesgrossesorchadeslesamplesthalameges.fr\/index.php\/wp-json\/wp\/v2\/media?parent=12432"}],"curies":[{"name":"wp","href":"https:\/\/api.w.org\/{rel}","templated":true}]}}