{"id":12648,"date":"2020-11-25T19:17:19","date_gmt":"2020-11-25T18:17:19","guid":{"rendered":"http:\/\/blog.lesgrossesorchadeslesamplesthalameges.fr\/?page_id=12648"},"modified":"2020-11-25T19:18:28","modified_gmt":"2020-11-25T18:18:28","slug":"assange-nous-a-eclaires-sur-letrange-antiterrorisme-francais","status":"publish","type":"page","link":"https:\/\/blog.lesgrossesorchadeslesamplesthalameges.fr\/index.php\/assange-nous-a-eclaires-sur-letrange-antiterrorisme-francais\/","title":{"rendered":"Assange nous a \u00e9clair\u00e9s sur l\u2019\u00e9trange antiterrorisme fran\u00e7ais."},"content":{"rendered":"<p>&nbsp;<\/p>\n<p>&nbsp;<\/p>\n<p>&nbsp;<\/p>\n<p>&nbsp;<\/p>\n<p>&nbsp;<\/p>\n<p>&nbsp;<\/p>\n<p style=\"text-align: center;\"><span style=\"font-family: times new roman, times, serif; font-size: 36pt;\"><strong>Assange nous a \u00e9clair\u00e9 sur l\u2019\u00e9trange antiterrorisme fran\u00e7ais.<\/strong><\/span><\/p>\n<p style=\"text-align: center;\"><span style=\"font-family: times new roman, times, serif; font-size: 18pt;\"><strong>Jacques-Marie Bourget \u2013 <em>L.G.S<\/em>. \u2013 21.11.2020<\/strong><\/span><\/p>\n<p style=\"text-align: justify;\"><span style=\"font-family: times new roman, times, serif; font-size: 14pt;\"><strong>\u00a0<\/strong><\/span><\/p>\n<p style=\"text-align: justify;\"><span style=\"font-family: times new roman, times, serif; font-size: 14pt;\"><strong>\u00a0<\/strong><\/span><\/p>\n<p>&nbsp;<\/p>\n<p style=\"text-align: center;\"><img loading=\"lazy\" class=\"alignnone wp-image-12649 size-full\" src=\"http:\/\/blog.lesgrossesorchadeslesamplesthalameges.fr\/wp-content\/uploads\/2020\/11\/DIEU-1.jpg\" alt=\"\" width=\"500\" height=\"288\" srcset=\"https:\/\/blog.lesgrossesorchadeslesamplesthalameges.fr\/wp-content\/uploads\/2020\/11\/DIEU-1.jpg 500w, https:\/\/blog.lesgrossesorchadeslesamplesthalameges.fr\/wp-content\/uploads\/2020\/11\/DIEU-1-300x173.jpg 300w\" sizes=\"(max-width: 500px) 100vw, 500px\" \/><\/p>\n<p style=\"text-align: justify;\"><span style=\"font-family: times new roman, times, serif; font-size: 14pt;\"><strong>\u00a0<\/strong><\/span><\/p>\n<p>&nbsp;<\/p>\n<p>&nbsp;<\/p>\n<p style=\"text-align: justify;\"><span style=\"font-size: 14pt; font-family: tahoma, arial, helvetica, sans-serif;\"><strong>Le 29 novembre 2010, dans l\u2019un de ces scoops qui restent trop clandestins, sur la base du travail de Julien Assange et ses \u00ab\u00a0Wikileaks\u00a0\u00bb, le journaliste du \u00ab\u00a0Monde\u00a0\u00bb Piotr Smolar largue un missile de lumi\u00e8re sur les relations liant les \u00c9tats-Unis \u00e0 certains magistrats \u00ab\u00a0antiterroristes\u00a0\u00bb fran\u00e7ais. En relisant aujourd\u2019hui les t\u00e9<\/strong><strong>l\u00e9grammes diplomatiques publi\u00e9s par Smolar, on comprend que plaire \u00e0 Washington est l\u2019objectif prioritaire de ses fonctionnaires fran\u00e7ais. On apprend m\u00eame \u2013 merci Assange \u2013 que certains juges se vantent d\u2019\u00eatre capables d\u2019obtenir la condamnation de pr\u00e9venus dont le dossier est, en fait, trop l\u00e9ger. L\u2019un de ces visiteurs de l\u2019ambassade am\u00e9ricaine \u00e0 Paris, est aujourd\u2019hui le nouveau patron du Parquet antiterroriste. Soyons certains qu\u2019il parle anglais.<\/strong><\/span><\/p>\n<p>&nbsp;<\/p>\n<p style=\"text-align: justify;\"><span style=\"font-family: times new roman, times, serif; font-size: 14pt;\">Il me semble qu\u2019il y a un si\u00e8cle, avec la r\u00e9gularit\u00e9 de ces drames qui encombrent les \u00e9ph\u00e9m\u00e9rides, que je r\u00e9dige des articles sur le terrorisme. Longtemps les tueries furent assez claires\u00a0: d\u2019un \u00e9tat l\u2019autre on communiquait par le truchement de bombes ou mitraillages. Une fa\u00e7on de faire la guerre sans la peine de la d\u00e9clarer. Avec le temps, en France, les choses sont devenues plus compliqu\u00e9es. Loin de leur patrie \u2013 ou patrie r\u00eav\u00e9e \u2013, des groupes politiques ont revendiqu\u00e9 leur libert\u00e9, ou, au contraire, la volont\u00e9 de maintenir leur joug, \u00e0 coups d\u2019explosifs ou de rafales. \u00c0 Paris le MOSSAD a liquid\u00e9 des chefs de la r\u00e9sistance palestinienne. Le tout dans l\u2019horreur des voitures pi\u00e9g\u00e9es ou le chuintement jamesbondien des silencieux. Des Isra\u00e9liens restant sur la ligne de leurs anc\u00eatres de l\u2019Irgoun et de la Haganah, milices qui, \u00e0 coup de meurtres et de pains de TNT, ont contribu\u00e9 \u00e0 l\u2019implantation d\u2019un \u00e9tat juif en Palestine. L\u2019oubli conduisant aujourd\u2019hui Netanyahou, et ses amis, \u00e0 qualifier de \u00ab\u00a0terroriste\u00a0\u00bb tout citoyen du monde r\u00e9clamant l\u2019application de la loi internationale, les d\u00e9cisions de l\u2019ONU qui condamnent la politique de colonisation et de r\u00e9pression de l\u2019\u00e9tat h\u00e9breu. On a donc oubli\u00e9 ces \u00e9pisodes o\u00f9 la France \u00e9tait un OK corral du macadam international. Avec \u00ab\u00a0Carlos\u00a0\u00bb dans le r\u00f4le de l\u2019\u00e9pouvantail, trop souvent convoqu\u00e9 pour donner un sens \u00e0 tous ces morts. On oublie que c\u2019est un fran\u00e7ais, en Corse, qui a tu\u00e9 un pr\u00e9fet de la R\u00e9publique. Ces meurtres ne s\u2019\u00e9teindront jamais, la m\u00e9canique de r\u00e9ciprocit\u00e9 voulant que l\u2019un soit toujours un terroriste pour l\u2019autre.<\/span><\/p>\n<p>&nbsp;<\/p>\n<p style=\"text-align: justify;\"><span style=\"font-family: times new roman, times, serif; font-size: 14pt;\">Cette digression n\u2019a pas pour but d\u2019enfermer dans le m\u00eame tombeau le guillotineur de Conflans et les h\u00e9ros de \u00ab\u00a0l\u2019Affiche rouge\u00a0\u00bb, eux aussi qualifi\u00e9s de \u00ab\u00a0terroristes\u00a0\u00bb en 1943, alors que l\u2019on c\u00e9l\u00e8bre (ou devrait c\u00e9l\u00e9brer) en ce mois de novembre, l\u2019arrestation qui a conduit ses hommes, debout, au poteau. Manouchian et les siens \u00e9taient des soldats sans uniforme, faisant la guerre \u00e0 l\u2019occupant et au nazisme. Le Tch\u00e9tch\u00e8ne du Val d\u2019Oise ne revendiquait ni libert\u00e9 ni territoire, juste son droit \u00e0 un int\u00e9grisme divin. Nous sommes pass\u00e9s de l\u2019attaque ou de la d\u00e9fense de territoires, de pays, de \u00ab\u00a0racines\u00a0\u00bb \u00e0 celle de l\u2019Inquisition islamique ou d\u2019une Croisade \u00e0 rebours. Cette guerre universelle, o\u00f9 Dieu est grand, a \u00e9t\u00e9 initi\u00e9e par l\u2019Occident, qui l\u2019a install\u00e9e. Les canons de l\u2019islam \u00e9taient bienvenus quand ils pointaient l\u2019URSS, puis ont \u00e9t\u00e9 mobilis\u00e9s pour d\u00e9truire \u2013 ou tenter de \u2013 le Proche et Moyen Orient, l\u2019Alg\u00e9rie, la Libye, le Y\u00e9men, pays au parfum de p\u00e9trole. Mais, tant pis pour Washington, Ben Laden, cr\u00e9ature am\u00e9ricaine, a enseign\u00e9 \u00e0 ses ouailles un djihad total, ne devant cesser qu\u2019avec l\u2019av\u00e8nement d\u2019un califat universel. Les tueurs aux couteaux, ceux \u00e0 kalachnikovs, qui prennent d\u2019assaut nos trottoirs, ont bien compris la consigne du fondateur d\u2019al Qaeda\u00a0: conduire la guerre \u00e0 l\u2019extr\u00e9mit\u00e9 du bout. Et oubli\u00e9s les ordres des ma\u00eetres occidentaux et int\u00e9rimaires\u00a0: ne combattez que des \u00ab\u00a0cibles\u00a0\u00bb d\u00e9sign\u00e9es par Washington et l\u2019OTAN. Mais les jeunes \u00ab\u00a0rebelles\u00a0\u00bb grillent la consigne. Hors contr\u00f4le ils s\u2019en viennent, au \u00ab\u00a0Bataclan\u00a0\u00bb, liquider les amateurs d\u2019un concert donn\u00e9 par un fasciste am\u00e9ricain, d\u00e9capiter un professeur exemplaire, \u00e9gorger femmes, hommes, pr\u00eatre et sacristain. Frankenstein a perdu sa liaison wifi.<\/span><\/p>\n<p>&nbsp;<\/p>\n<p style=\"text-align: justify;\"><span style=\"font-family: times new roman, times, serif; font-size: 14pt;\">Par le message donn\u00e9 le 11 septembre, les Am\u00e9ricains ont compris que ses alli\u00e9s musulmans \u00e9taient bien infid\u00e8les. Il faut donc combattre ceux avec lesquels on d\u00eenait \u00e0 la m\u00eame table. Enfin, n\u2019exag\u00e9rons pas non plus\u00a0: les contraindre, tout en les gardant au chaud en cas d\u2019urgence. Ainsi, par la gr\u00e2ce de l\u2019aiguilleur US, tout djihadiste un peu perdu, un peu ch\u00f4meur, ross\u00e9 en Syrie, est aujourd\u2019hui orient\u00e9 vers le nord de l\u2019Afghanistan. Recr\u00e9er l\u00e0-bas un califat-bis peut \u00eatre une arme frontali\u00e8re efficace contre Poutine ou l\u2019Iran, et pourquoi pas la Chine via les djihadistes Ou\u00efghours.<\/span><\/p>\n<p>&nbsp;<\/p>\n<p style=\"text-align: justify;\"><span style=\"font-family: times new roman, times, serif; font-size: 14pt;\">En accumulant des ann\u00e9es de compagnonnage avec les gu\u00e9rill\u00e9ros du djihad, les services de renseignement am\u00e9ricains n\u2019ont gu\u00e8re \u00e9t\u00e9 vigilants sur la vraie nature de leurs compagnons mahom\u00e9tans, entre religieux on se fait confiance, \u00ab\u00a0<em>In god we trust<\/em>\u00a0\u00bb. Et la CIA, tous les \u00ab\u00a0services\u00a0\u00bb \u00e9tasuniens, la diplomatie ont soudain sollicit\u00e9 l\u2019aide de tous les pays amis, pour en savoir plus sur la vraie nature d\u2019amis si pieux. Avec peu de succ\u00e8s. Sauf du c\u00f4t\u00e9 de la France, du fait de sa confrontation au terrorisme tr\u00e8s ancienne, aux liens avec son ancien empire colonial, \u00e0 son implantation historique au Moyen Orient. Et c\u2019est ici que les c\u00e2bles \u00ab\u00a0Wikileaks\u00a0\u00bb, r\u00e9v\u00e9l\u00e9s par Julien Assange, ont mis \u00e0 jour cette aide des services antiterroristes fran\u00e7ais apport\u00e9e \u00e0 Washington. Aide de fonctionnaires non mandat\u00e9s par l\u2019administration de la R\u00e9publique, et qui a d\u00e9pass\u00e9 l\u2019utile coop\u00e9ration pour devenir une soumission aux hommes de la Maison Blanche. Ainsi des magistrats bleu-blanc-rouge sont devenus, dans les faits, des agents am\u00e9ricains. Un t\u00e9l\u00e9guidage, depuis Washington, qui se poursuit encore, par exemple en Afrique de l\u2019ouest o\u00f9 le plus souvent, les services am\u00e9ricains d\u00e9signent les \u00ab\u00a0cibles\u00a0\u00bb que \u00ab\u00a0Barkhane\u00a0\u00bb doit \u00ab\u00a0traiter\u00a0\u00bb .<\/span><\/p>\n<p>&nbsp;<\/p>\n<p style=\"text-align: justify;\"><span style=\"font-family: times new roman, times, serif; font-size: 14pt;\">Gr\u00e2ce lui soit rendue, c\u2019est donc Julien Assange avec ses \u00ab\u00a0Wikileaks\u00a0\u00bb qui nous a mis noir sur blanc cette complaisance pour George W. Bush et autres. Coop\u00e9ration sauvage, en douce, en direct avec l\u2019ambassade des \u00c9tats-Unis \u00e0 Paris. En escamotant les autorisations et les comptes rendus vers le Quai d\u2019Orsay ou l\u2019\u00c9lys\u00e9e. Le contenu des r\u00e9v\u00e9lations d\u2019Assange, les liens \u00ab\u00a0Wikileaks\u00a0\u00bb, donnent un \u00e9clairage effarant sur l\u2019ann\u00e9e 2005. C\u2019est Piotr Smolar, valeureux journaliste du <em>Monde<\/em> (o\u00f9 ils ne sont gu\u00e8re), qui r\u00e9alise le scoop. C\u2019est lui qui publie les liens explosifs pioch\u00e9s dans la mine d\u2019or d\u2019Assange. Ils d\u00e9montrent la vraie nature de la relation qui lie l\u2019administration am\u00e9ricaine \u00e0 quelques juges antiterroristes fran\u00e7ais.<\/span><\/p>\n<p>&nbsp;<\/p>\n<p style=\"text-align: justify;\"><span style=\"font-family: times new roman, times, serif; font-size: 14pt;\">Dans une d\u00e9p\u00eache, envoy\u00e9e \u00e0 Washington le 7 avril 2005, les diplomates am\u00e9ricains en poste \u00e0 Paris r\u00e9sument cet amour clandestin entre leur pays et quelques magistrats de pointe. Tout cela alors que, faute d\u2019avoir accept\u00e9 de d\u00e9truire l\u2019Irak aux c\u00f4t\u00e9s de la \u00ab\u00a0coalition\u00a0\u00bb en 2003, Jacques Chirac est en froid avec Bush et sa cohorte de \u00ab\u00a0n\u00e9oconservateurs\u00a0\u00bb. La relation est, dixeunt les fonctionnaires US dans leurs t\u00e9l\u00e9grammes, \u00ab\u00a0mature et \u00e9tendue (&#8230;) largement herm\u00e9tique aux bisbilles politiques et diplomatiques quotidiennes qui peuvent faire de la France un alli\u00e9 souvent difficile\u00a0\u00bb.<\/span><\/p>\n<p>&nbsp;<\/p>\n<p>&nbsp;<\/p>\n<p style=\"text-align: center;\"><img loading=\"lazy\" class=\"alignnone wp-image-12650 size-full\" src=\"http:\/\/blog.lesgrossesorchadeslesamplesthalameges.fr\/wp-content\/uploads\/2020\/11\/WikiLeaks-Cartoon-French-Spying-GIF.gif\" alt=\"\" width=\"750\" height=\"525\" \/><\/p>\n<p>&nbsp;<\/p>\n<p>&nbsp;<\/p>\n<p style=\"text-align: justify;\"><span style=\"font-family: times new roman, times, serif; font-size: 14pt;\">En d\u00e9cembre 2004, ces m\u00eames excellences avaient d\u00e9j\u00e0 bien not\u00e9 que, dans notre pays, il n\u2019existe pas de r\u00e9elle \u00ab\u00a0supervision l\u00e9gislative des agences de s\u00e9curit\u00e9 et de renseignement\u00a0\u00bb. En un mot les agents des services et magistrats fran\u00e7ais charg\u00e9s du contre-terrorisme font ce qu\u2019ils veulent. Et ces juges et procureurs, toujours vus par les yeux am\u00e9ricains, \u00ab\u00a0op\u00e8rent dans un autre monde que celui du reste de la justice\u00a0\u00bb. Ceux-ci n\u2019ont besoin que de suspicion et non de preuves estiment ces professeurs de d\u00e9mocratie\u00a0: \u00ab\u00a0les crit\u00e8res de preuve pour conspiration terroriste sont bien plus faibles que ceux dans les autres affaires criminelles\u00a0\u00bb.<\/span><\/p>\n<p>&nbsp;<\/p>\n<p style=\"text-align: justify;\"><span style=\"font-family: times new roman, times, serif; font-size: 14pt;\">C\u2019est \u00e0 ce point-l\u00e0 que nous rencontrons le juge Jean-Fran\u00e7ois Ricard, devenu aujourd\u2019hui le patron du Parquet Antiterroriste fran\u00e7ais. Le 9 mai 2005, ce fonctionnaire \u2013 de sa propre initiative \u2013 se rend \u00e0 l\u2019ambassade amie proche de la Concorde. Toujours selon le compte rendu lu gr\u00e2ce \u00e0 Wikileaks, Ricard explique sans fr\u00e9mir que les magistrats de haut calibre, tels que lui, b\u00e9n\u00e9ficient d\u2019un principe de \u00ab\u00a0b\u00e9n\u00e9fice du doute\u00a0\u00bb. Il suffit donc que lui et autres b\u00e9nis des dieux d\u00e9signent un quidam comme \u00ab\u00a0terroriste\u00a0\u00bb, pour qu\u2019il le devienne vraiment, dans les PV. Il prend comme exemple le dossier Djamel Beghal, arr\u00eat\u00e9 en 2001 et soup\u00e7onn\u00e9 d\u2019un projet d\u2019attentat contre l\u2019ambassade am\u00e9ricaine \u00e0 Paris. \u00ab\u00a0Ricard dit que les preuves [contre lui et ses complices] ne seraient pas suffisantes normalement pour les condamner, mais il estime que ses services ont r\u00e9ussi gr\u00e2ce \u00e0 leur r\u00e9putation\u00a0\u00bb.<\/span><\/p>\n<p>&nbsp;<\/p>\n<p style=\"text-align: justify;\"><span style=\"font-family: times new roman, times, serif; font-size: 14pt;\">Vous ne r\u00eavez pas, l\u2019actuel patron du Parquet d\u2019exception a bien dit que c\u2019est sa r\u00e9putation qui a fait condamner un homme, alors que \u00ab\u00a0les preuves n\u2019\u00e9taient pas suffisantes\u00a0\u00bb. Imaginez un sc\u00e9nario semblable chez Poutine, ou en Chine&#8230; Les concertistes de la sauvegarde des droits de l\u2019homme auraient d\u00e9j\u00e0 somm\u00e9 le hautbois de donner le \u00ab\u00a0la\u00a0\u00bb. Il est utile d\u2019en dire un peu plus sur cette affaire Djamel Beghal. Fran\u00e7ais par mariage cet alg\u00e9rien s\u00e9journe en 2001 en Afghanistan o\u00f9 il dit \u00ab\u00a0s\u2019occuper d\u2019une \u00e9cole\u00a0\u00bb. Le 28 juillet 2001, via Abou Dhabi, il prend un avion pour la Maroc afin d\u2019y \u00ab\u00a0accompagner une veuve malade\u00a0\u00bb. La CIA l\u2019attend \u00e0 l\u2019escale. Il est arr\u00eat\u00e9, on lui retourne les doigts avec un ouvre-bouteilles, il est soumis \u00e0 des s\u00e9ances d\u2019exposition au soleil du d\u00e9sert puis au gel d\u2019un cong\u00e9lateur. Et il avoue. Il avoue qu\u2019il a pour objectif de faire sauter l\u2019ambassade des \u00c9tats-Unis \u00e0 Paris. Dans la foul\u00e9e il livre les noms de quelques complices, par exemple \u00ab\u00a0Charles Aznavour, Johnny Hallyday\u00a0\u00bb &#8230; Et les as, ma\u00eetres tortureurs de la CIA, prennent des notes, c\u2019est le cas de le dire, et les identit\u00e9s de ces djihadistes d\u2019op\u00e9rette.<\/span><\/p>\n<p>&nbsp;<\/p>\n<p style=\"text-align: justify;\"><span style=\"font-family: times new roman, times, serif; font-size: 14pt;\">Quand Beghal est extrad\u00e9 en France, en d\u00e9pit de son incroyable prestige, le juge Brugui\u00e8re ne parvient pas \u00e0 faire tenir cet extravagant dossier d\u2019attentat musical. Pire, la torture est av\u00e9r\u00e9e gr\u00e2ce \u00e0 une expertise m\u00e9dicale&#8230; Pas grave, on va saisir ce Beghal par un autre bout, en l\u2019impliquant dans un dossier de droit commun. Au total, Beghal va faire dix ann\u00e9es de prison sans que nos extra-lucides de l\u2019antiterrorisme aient pu l\u2019impliquer dans le moindre attentat ou action djihadiste. Intelligent, cultiv\u00e9, dot\u00e9 d\u2019un pouvoir de subjugation, le franco-alg\u00e9rien est peut-\u00eatre un puzzle dans le djihadisme&#8230; C\u2019e\u00fbt \u00e9t\u00e9 mieux de le prouver.<\/span><\/p>\n<p>&nbsp;<\/p>\n<p style=\"text-align: justify;\"><span style=\"font-family: times new roman, times, serif; font-size: 14pt;\">Le 24 janvier 2005, Jean-Louis Brugui\u00e8re d\u00e9jeune \u00e0 l\u2019ambassade am\u00e9ricaine, esp\u00e9rons d\u2019un peu plus qu\u2019un hamburger&#8230; Il \u00ab\u00a0\u00e9voque un certain nombre d\u2019enqu\u00eates en cours qu\u2019il conduit\u00a0\u00bb. Un Brugui\u00e8re \u00ab\u00a0au rapport\u00a0\u00bb se moque du secret de l\u2019instruction, de l\u2019\u00e9quit\u00e9 du juge face \u00e0 son dossier. Trois mois plus tard, le 9 mai 2005, le m\u00eame Ricard qui semble avoir son rond de serviette \u00e0 l\u2019ambassade, vient d\u00e9tailler un r\u00e9seau d\u2019acheminement de djihadistes vers l\u2019Irak, mission normalement d\u00e9volue aux Affaires \u00e9trang\u00e8res ou \u00e0 la DGSE. Peut-\u00eatre par crainte de ne pas \u00eatre appr\u00e9ci\u00e9 \u00e0 sa vraie hauteur, Ricard s\u2019auto-glorifie, il explique qu\u2019en France\u00a0: \u00ab\u00a0les agences de renseignement l\u2019ont autoris\u00e9 \u00e0 voir l\u2019\u00e9ventail complet de leurs donn\u00e9es brutes. De tous les juges antiterroristes seul lui et Brugui\u00e8re ont cette possibilit\u00e9\u00a0\u00bb. Ricard, c\u2019est James Bond. En plus, bon copain, quand il sugg\u00e8re aux USA de pistonner Brugui\u00e8re qui cherche \u00ab\u00a0un poste dans une future administration Sarkozy\u00a0\u00bb, comme ministre. Mauvais plan puisque Brugui\u00e8re ne sera qu\u2019un recal\u00e9 aux l\u00e9gislatives suivantes. Mais \u00ab\u00a0l\u2019Amiral\u00a0\u00bb, inquiet pour sa retraite et le d\u00e9p\u00e9rissement de son talent, sera charg\u00e9 de v\u00e9rifier l\u2019utilisation du r\u00e9seau de transfert interbancaire SWIFT dans le programme am\u00e9ricain de traque du financement du terrorisme (TFTP). C\u2019est toujours \u00e7a.<\/span><\/p>\n<p>&nbsp;<\/p>\n<p style=\"text-align: justify;\"><span style=\"font-family: times new roman, times, serif; font-size: 14pt;\">La seule montagne que Ricard et Brugui\u00e8re ont \u00e9t\u00e9 incapables de d\u00e9placer, c\u2019est de r\u00e9ussir \u00e0 ce que Paris couche le Hezbollah sur la liste des organisations terroristes. Et, notent les experts US, on remarque cette \u00ab\u00a0intransigeance fran\u00e7aise dans l\u2019UE sur le Hezbollah\u00a0\u00bb. Dans le m\u00eame temps, nous rapporte Piotr Smolar dans cet article historique du <em>Monde<\/em>, par un c\u00e2ble du 17 aout 2005, les diplomates posent la question de la minorit\u00e9 musulmane. La France \u00ab\u00a0doit veiller \u00e0 accorder une place aux musulmans dans l\u2019identit\u00e9 fran\u00e7aise (qu\u2019ils soient des immigr\u00e9s de la premi\u00e8re g\u00e9n\u00e9ration, leurs enfants de la seconde ou de la troisi\u00e8me g\u00e9n\u00e9ration, ou un nombre croissant de convertis)\u00a0\u00bb. Pour une bonne gestion du \u00ab\u00a0s\u00e9paratisme\u00a0\u00bb, il serait utile qu\u2019Emmanuel Macron convoque les experts de l\u2019ambassade amie. Ou plut\u00f4t Julien Assange\u00a0: il est mieux inform\u00e9.<\/span><\/p>\n<p style=\"text-align: justify;\"><span style=\"font-family: times new roman, times, serif; font-size: 14pt;\"><strong>\u00a0<\/strong><\/span><\/p>\n<p style=\"text-align: justify;\"><span style=\"font-family: times new roman, times, serif; font-size: 14pt;\"><a href=\"http:\/\/cablegate.wikileaks.org\/cable\/2006\/03\/06PARIS2069.html\">http:\/\/cablegate.wikileaks.org\/cable\/2006\/03\/06PARIS2069.html<\/a><\/span><\/p>\n<p style=\"text-align: justify;\"><span style=\"font-family: times new roman, times, serif; font-size: 14pt;\"><a href=\"http:\/\/cablegate.wikileaks.org\/cable\/2005\/03\/05PARIS1807.html\">http:\/\/cablegate.wikileaks.org\/cable\/2005\/03\/05PARIS1807.html<\/a><\/span><\/p>\n<p>&nbsp;<\/p>\n<p style=\"text-align: left;\"><span style=\"font-family: times new roman, times, serif; font-size: 14pt;\">Notre source\u00a0:\u00a0 <a href=\"https:\/\/www.legrandsoir.info\/assange-nous-a-eclaire-sur-l-etrange-antiterrorisme-francais.html\">https:\/\/www.legrandsoir.info\/assange-nous-a-eclaire-sur-l-etrange-antiterrorisme-francais.html<\/a><\/span><\/p>\n<p style=\"text-align: justify;\"><span style=\"font-family: times new roman, times, serif; font-size: 14pt;\"><a href=\"https:\/\/www.legrandsoir.info\/le-plan-great-reset-du-forum-economique-mondial-pour-l-agrobusiness-n-est-pas-une-bonne-nouvelle-the-defender.html\">\u00a0<\/a> <a href=\"https:\/\/www.legrandsoir.info\/proces-assange-le-temoignage-de-noam-chomski.html\">\u00a0<\/a><\/span><\/p>\n<p style=\"text-align: left;\"><span style=\"font-family: times new roman, times, serif; font-size: 14pt;\"><strong>URL de cet article\u00a0: <a href=\"http:\/\/blog.lesgrossesorchadeslesamplesthalameges.fr\/index.php\/assange-nous-a-eclaires-sur-letrange-antiterrorisme-francais\/\">http:\/\/blog.lesgrossesorchadeslesamplesthalameges.fr\/index.php\/assange-nous-a-eclaires-sur-letrange-antiterrorisme-francais\/<\/a><br \/>\n<\/strong><\/span><\/p>\n<p>&nbsp;<\/p>\n<p>&nbsp;<\/p>\n<p>&nbsp;<\/p>\n<p style=\"text-align: center;\"><img loading=\"lazy\" class=\"alignnone size-full wp-image-12651\" src=\"http:\/\/blog.lesgrossesorchadeslesamplesthalameges.fr\/wp-content\/uploads\/2020\/11\/Wikileaks-GIF-1.gif\" alt=\"\" width=\"150\" height=\"111\" \/><\/p>\n<p>&nbsp;<\/p>\n<p>&nbsp;<\/p>\n<p style=\"text-align: right;\"><span style=\"font-family: comic sans ms, sans-serif; font-size: 14pt;\">Novembre 2020<\/span><\/p>\n<p>&nbsp;<\/p>\n<p>&nbsp;<\/p>\n<p>&nbsp;<\/p>\n","protected":false},"excerpt":{"rendered":"<p>&nbsp; &nbsp; &nbsp; &nbsp; &nbsp; &nbsp; Assange nous a \u00e9clair\u00e9 sur l\u2019\u00e9trange antiterrorisme fran\u00e7ais. Jacques-Marie Bourget \u2013 L.G.S. \u2013 21.11.2020 \u00a0 \u00a0 &nbsp; \u00a0 &nbsp; &nbsp; Le 29 novembre 2010, dans l\u2019un de ces scoops qui restent trop clandestins, sur la base du travail de Julien Assange et ses \u00ab\u00a0Wikileaks\u00a0\u00bb, le journaliste du \u00ab\u00a0Monde\u00a0\u00bb Piotr&#8230;<\/p>\n","protected":false},"author":1,"featured_media":0,"parent":0,"menu_order":0,"comment_status":"open","ping_status":"open","template":"","meta":[],"_links":{"self":[{"href":"https:\/\/blog.lesgrossesorchadeslesamplesthalameges.fr\/index.php\/wp-json\/wp\/v2\/pages\/12648"}],"collection":[{"href":"https:\/\/blog.lesgrossesorchadeslesamplesthalameges.fr\/index.php\/wp-json\/wp\/v2\/pages"}],"about":[{"href":"https:\/\/blog.lesgrossesorchadeslesamplesthalameges.fr\/index.php\/wp-json\/wp\/v2\/types\/page"}],"author":[{"embeddable":true,"href":"https:\/\/blog.lesgrossesorchadeslesamplesthalameges.fr\/index.php\/wp-json\/wp\/v2\/users\/1"}],"replies":[{"embeddable":true,"href":"https:\/\/blog.lesgrossesorchadeslesamplesthalameges.fr\/index.php\/wp-json\/wp\/v2\/comments?post=12648"}],"version-history":[{"count":8,"href":"https:\/\/blog.lesgrossesorchadeslesamplesthalameges.fr\/index.php\/wp-json\/wp\/v2\/pages\/12648\/revisions"}],"predecessor-version":[{"id":12659,"href":"https:\/\/blog.lesgrossesorchadeslesamplesthalameges.fr\/index.php\/wp-json\/wp\/v2\/pages\/12648\/revisions\/12659"}],"wp:attachment":[{"href":"https:\/\/blog.lesgrossesorchadeslesamplesthalameges.fr\/index.php\/wp-json\/wp\/v2\/media?parent=12648"}],"curies":[{"name":"wp","href":"https:\/\/api.w.org\/{rel}","templated":true}]}}