{"id":12661,"date":"2020-11-25T19:30:50","date_gmt":"2020-11-25T18:30:50","guid":{"rendered":"http:\/\/blog.lesgrossesorchadeslesamplesthalameges.fr\/?page_id=12661"},"modified":"2020-11-25T19:32:09","modified_gmt":"2020-11-25T18:32:09","slug":"jugeons-les-gardes-des-sceaux-anti-bds","status":"publish","type":"page","link":"https:\/\/blog.lesgrossesorchadeslesamplesthalameges.fr\/index.php\/jugeons-les-gardes-des-sceaux-anti-bds\/","title":{"rendered":"Jugeons les Gardes des Sceaux anti BDS"},"content":{"rendered":"<p>&nbsp;<\/p>\n<p>&nbsp;<\/p>\n<p>&nbsp;<\/p>\n<p>&nbsp;<\/p>\n<p>&nbsp;<\/p>\n<p>&nbsp;<\/p>\n<p style=\"text-align: center;\"><span style=\"font-family: times new roman, times, serif; font-size: 36pt;\"><strong>Jugeons les Gardes des Sceaux anti BDS<\/strong><\/span><\/p>\n<p style=\"text-align: center;\"><span style=\"font-family: times new roman, times, serif; font-size: 14pt;\"><strong>\u00a0<\/strong><\/span><\/p>\n<p style=\"text-align: center;\"><span style=\"font-family: times new roman, times, serif; font-size: 18pt;\"><strong>Jacques-Marie Bourget \u2013 <\/strong><a href=\"https:\/\/blogs.mediapart.fr\/jacques-marie-bourget\/blog\"><strong><em>Sur<\/em><\/strong><strong> <em>son blog<\/em><\/strong><\/a><strong> \u2013 19.6.2020<\/strong><\/span><\/p>\n<p>&nbsp;<\/p>\n<p>&nbsp;<\/p>\n<p style=\"text-align: justify;\"><span style=\"font-family: times new roman, times, serif; font-size: 14pt;\"><strong>\u00a0<\/strong><\/span><\/p>\n<p style=\"text-align: center;\"><span style=\"font-family: times new roman, times, serif; font-size: 14pt;\"><strong>\u00a0<img loading=\"lazy\" class=\"alignnone wp-image-12662\" src=\"http:\/\/blog.lesgrossesorchadeslesamplesthalameges.fr\/wp-content\/uploads\/2020\/11\/Alliot-Marie-1-300x273.jpg\" alt=\"\" width=\"400\" height=\"365\" srcset=\"https:\/\/blog.lesgrossesorchadeslesamplesthalameges.fr\/wp-content\/uploads\/2020\/11\/Alliot-Marie-1-300x273.jpg 300w, https:\/\/blog.lesgrossesorchadeslesamplesthalameges.fr\/wp-content\/uploads\/2020\/11\/Alliot-Marie-1.jpg 350w\" sizes=\"(max-width: 400px) 100vw, 400px\" \/><\/strong><\/span><\/p>\n<p>&nbsp;<\/p>\n<p>&nbsp;<\/p>\n<p style=\"text-align: justify;\"><span style=\"font-family: times new roman, times, serif; font-size: 14pt;\"><strong>\u00a0<\/strong><\/span><\/p>\n<p style=\"text-align: justify;\"><span style=\"font-family: times new roman, times, serif; font-size: 14pt;\"><strong><span style=\"font-family: tahoma, arial, helvetica, sans-serif;\">Pendant 8 ans les ministres de la Justice, pour complaire Netanyahou et le CRIF, ont criminalis\u00e9 les partisans du BDS, le boycott d\u2019Isra\u00ebl. La Cour Europ\u00e9enne des Droits de l\u2019Homme vient de les condamner.<\/span> <\/strong><\/span><\/p>\n<p>&nbsp;<\/p>\n<p style=\"text-align: justify;\"><span style=\"font-family: times new roman, times, serif; font-size: 14pt;\">Dans un rendu \u00e0 l\u2019unanimit\u00e9 de ses juges, le 11 juin 2020, la Cour europ\u00e9enne des droits de l\u2019homme (CEDH) met un formidable coup de pied au cul d\u2019une France qui, entre la libert\u00e9 r\u00e9publicaine ou la soumission aux d\u00e9sirs de Netanyahou, avait fait de choix du petit monstre. La Cour d\u00e9clare que les condamnations de la justice fran\u00e7aise, celles qui ont frapp\u00e9 des militants de la campagne \u00ab\u00a0BDS\u00a0\u00bb (pour Boycott, D\u00e9sinvestissement, Sanctions), constituent une \u00ab\u00a0violation de leur libert\u00e9 d\u2019expression\u00a0\u00bb. La lutte a \u00e9t\u00e9 longue, le chemin douloureux et couteux, mais l\u2019injustice est renvoy\u00e9e \u00e0 un enfer qu\u2019elle n\u2019aurait jamais d\u00fb quitter. Ceux qui ont mis en \u0153uvre cette politique contre la Palestine sont non seulement les complices de criminels, mais encore des salauds qui trahissent le principe de libert\u00e9 de la R\u00e9publique.<\/span><\/p>\n<p>&nbsp;<\/p>\n<p style=\"text-align: justify;\"><span style=\"font-family: times new roman, times, serif; font-size: 14pt;\">Dans le pass\u00e9, on nous a justement fait sonner le violoncelle des droits humains pour nous dire combien il \u00e9tait vital de boycotter l\u2019Afrique du Sud, celle de l\u2019apartheid. Le combat \u00e9tait juste, et ce fut Mandela sans ses cha\u00eenes et un pays lib\u00e9r\u00e9. Au XVIIIe si\u00e8cle, treize colonies britanniques d\u2019Am\u00e9rique obtiennent leur autonomie par le boycott. L\u2019histoire de l\u2019Irlande libre passe aussi par ce refus collectif d\u2019un syst\u00e8me. Le boycott est l\u2019arme de ceux qui n\u2019ont rien. Puisque chaque nef \u00e0 ses fous, en 2011 c\u2019est Martine Aubry qui appelle au \u00ab\u00a0boycott du Mexique\u00a0\u00bb au pr\u00e9texte qu\u2019une de ses administr\u00e9es y est retenue en prison. Ces protestations de masse n\u2019ont jamais heurt\u00e9 les consciences. Boycotter \u00e9tait juste. Juste jusqu\u2019en 2005 o\u00f9 un groupe de militants plan\u00e9taires d\u00e9cide d\u2019appeler au boycott d\u2019Isra\u00ebl. Pour son refus d\u2019appliquer les r\u00e9solutions de l\u2019ONU et la conduite de sa politique criminelle d\u2019occupation. En France, pays d\u2019Europe o\u00f9 le personnel politique est le plus r\u00e9ceptif aux sanglots de Netanyahu, Mich\u00e8le Alliot-Marie, fille d\u2019arbitre, va siffler le p\u00e9nalty imaginaire. Appeler au boycott va signifier \u00eatre convoqu\u00e9 \u00e0 la barre, licenci\u00e9, ruin\u00e9.<\/span><\/p>\n<p>&nbsp;<\/p>\n<p style=\"text-align: justify;\"><span style=\"font-family: times new roman, times, serif; font-size: 14pt;\">Le probl\u00e8me avec Mich\u00e8le Alliot-Marie, c\u2019est que, pour d\u00e9crire ses turpitudes, on n\u2019a jamais assez de noir dans le stylo. Pas assez de cartouches, il faut la bouteille \u00e0 l\u2019encre. Dossiers immobiliers, dossiers financiers\u00a0: cette dipl\u00f4m\u00e9e n\u2019a jamais manqu\u00e9 de mises en examen. On a vu son menton s\u2019allonger sous les jugulaires de ministre de l\u2019Int\u00e9rieur, de la D\u00e9fense et s\u2019enkyster \u00e0 la Justice o\u00f9 elle f\u00fbt un fl\u00e9au. Elle se r\u00eavait Pr\u00e9sidente, et pourquoi pas puisque, plus tard, Macron l\u2019a fait. Lui c\u2019est Jupiter, elle n\u2019a fait qu\u2019entrevoir son z\u00e9nith. Puis elle est tomb\u00e9e de son r\u00eave. Le 11 janvier 2011, \u00e0 l\u2019Assembl\u00e9e nationale, trois jours avant la chute du pr\u00e9sident tunisien Zine el-Abidine Ben Ali, alors que la r\u00e9volution tunisienne prend de l\u2019ampleur, MAM r\u00e9agit en proposant que \u00ab\u00a0le savoir-faire de nos forces de s\u00e9curit\u00e9, qui est reconnu dans le monde entier, permette de r\u00e9gler des situations s\u00e9curitaires de ce type\u00a0\u00bb. Mieux\u00a0:\u00a0ministre des Affaires \u00e9trang\u00e8res, elle propose grenades et matraques au bon g\u00e9n\u00e9ral de Carthage. Fin janvier,\u00a0<em>Le Canard Encha\u00een\u00e9<\/em>\u00a0r\u00e9v\u00e8le qu\u2019en plein chaos Mich\u00e8le Alliot-Marie a pass\u00e9 ses vacances de No\u00ebl 2010 en Tunisie, avec vol dans l\u2019avion priv\u00e9 d\u2019un oligarque local, Aziz Miled. D\u2019ailleurs les avis\u00e9s parents de MAM ont conclu avec lui l\u2019achat d\u2019une r\u00e9sidence. Le 27 f\u00e9vrier 2011, la dame \u00e0 tout faire remet sa lettre de d\u00e9mission \u00e0 Sarkozy pr\u00e9sident.<\/span><\/p>\n<p>&nbsp;<\/p>\n<p style=\"text-align: justify;\"><span style=\"font-family: times new roman, times, serif; font-size: 14pt;\">C\u2019est le retour \u00e0 la vie rude o\u00f9 le chauffeur n\u2019est pas toujours sous la main, une vie de d\u00e9put\u00e9e puis de d\u00e9put\u00e9e europ\u00e9enne. Le bagne de la d\u00e9ch\u00e9ance. Et l\u2019injustice continue. Le 21 f\u00e9vrier 2019 elle est mise en examen pour \u00ab\u00a0prise ill\u00e9gale d\u2019int\u00e9r\u00eat\u00a0\u00bb, une histoire de mouvements de fonds \u00ab\u00a0suspects\u00a0\u00bb. Micmac financier entre des associations locales et un h\u00f4tel de Chantaco dirig\u00e9 par le papa de la ministre, elle-m\u00eame d\u00e9tenant des parts. La bagatelle ne portant que sur 200.000 euros, rien du tout dans ce monde-l\u00e0, on se demande bien pourquoi le Parquet National Financier a d\u00e9clench\u00e9 un tel massacre\u00a0?<\/span><\/p>\n<p>&nbsp;<\/p>\n<p style=\"text-align: justify;\"><span style=\"font-family: times new roman, times, serif; font-size: 14pt;\">Voil\u00e0 donc, chers amis du \u00ab\u00a0BDS\u00a0\u00bb et autres outils de lutte contre le crime fait aux Palestiniens, le visage obscur d\u2019une ministre int\u00e8gre. Qui n\u2019allait pas supporter que l\u2019on ne puisse dig\u00e9rer des oranges produites par des arbres arrach\u00e9s par Isra\u00ebl aux mains de \u00ab\u00a0Philistins\u00a0\u00bb.<\/span><\/p>\n<p>&nbsp;<\/p>\n<p style=\"text-align: justify;\"><span style=\"font-family: times new roman, times, serif; font-size: 14pt;\">Grimace de l\u2019histoire il semble que, pour un garde des Sceaux, combattre le \u00ab\u00a0BDS\u00a0\u00bb porte malheur. Le 2 ao\u00fbt 2017,\u00a0<em>Le Canard Encha\u00een\u00e9<\/em>, encore lui, r\u00e9v\u00e8le que Michel Mercier, le successeur de MAM place Vend\u00f4me, a embauch\u00e9 ses deux filles comme assistantes parlementaires, dont une \u00e0 temps partiel de 2012 \u00e0 2014, pour un salaire de 2.000 euros par mois, alors qu\u2019elle vivait \u00e0 Londres. Excuse du t\u00e9l\u00e9travail\u00a0? Non, puisque le Parquet National Financier ouvre, une enqu\u00eate pr\u00e9liminaire pour \u00ab\u00a0d\u00e9tournement de fonds publics\u00a0\u00bb, et obtient une ordonnance pour perquisitionner au palais du Luxembourg ancienne cantine de Mercier. Mais le colossal G\u00e9rard Larcher barre la route des flics. Ce qui m\u00e9riterait une cl\u00e9 d\u2019\u00e9tranglement. Dans ce jeu de famille, les enqu\u00eateurs \u00e9tudient \u00e9galement le cas de la femme de Michel Mercier, qui fut sa collaboratrice entre 1995 et 2009.\u00a0<em>Le Parisien<\/em>\u00a0nous informe\u00a0: \u00ab\u00a0Il s\u2019agit de v\u00e9rifier si, outre deux de ses enfants, le s\u00e9nateur du Rh\u00f4ne a recrut\u00e9 son \u00e9pouse Jo\u00eblle comme collaboratrice, sur une p\u00e9riode encore plus longue, allant de 1995 \u00e0 2009\u00a0\u00bb. Du P\u00e9n\u00e9lope tout crach\u00e9. Au bout du bout, notre Michel renonce \u00e0 son si\u00e8ge, programm\u00e9 tout chaud, au Conseil constitutionnel. Ce \u00ab\u00a0BDS\u00a0\u00bb est bien un chat noir. Dommage, Michel Mercier est un nom qui me plait, il \u00e9voque la douce vision d\u2019une marquise des anges.<\/span><\/p>\n<p>&nbsp;<\/p>\n<p style=\"text-align: justify;\"><span style=\"font-family: times new roman, times, serif; font-size: 14pt;\">Je n\u2019imagine pas Christine Taubira en marquise. C\u2019est pourtant elle, dans le cycle, qui succ\u00e8de au Mercier. Le \u00ab\u00a0BDS\u00a0\u00bb est pour elle une patate pas vraiment douce. Certains affirment que Taubira est \u00ab\u00a0une femme de gauche\u00a0\u00bb, donc, sauf incoh\u00e9rence elle n\u2019aime pas l\u2019injustice, comme celle faite au peuple palestinien. Mais comment faire, quand on veut garder son boulot, pour annuler la circulaire MAM, alors que Valls, qui voue \u00ab\u00a0une amiti\u00e9 \u00e9ternelle \u00e0 Isra\u00ebl\u00a0\u00bb, et que P\u00e9p\u00e8re tout aussi sioniste tendance Goldnadel, sont aux manettes\u00a0? Alors, Taubira bredouille, balbutie, \u00e2nonne, fait la sourde\u00a0: \u00ab\u00a0objectivement, dans l\u2019histoire des luttes, aussi bien en France qu\u2019ailleurs, le boycott est un acte militant\u00a0\u00bb&#8230; mais qu\u2019il \u00ab\u00a0ne faut pas id\u00e9aliser non plus la lutte contre l\u2019apartheid&#8230;\u00a0\u00bb. D\u2019ailleurs, le \u00ab\u00a0BDS\u00a0\u00bb c\u2019est quoi\u00a0? Une marque de v\u00e9lo\u00a0? Gloire \u00e0 Christine, dans la litanie des Gardes des Sceaux, elle au moins \u00e9chappe \u00e0 une mise en examen pour des affaires de tirelire.<\/span><\/p>\n<p>&nbsp;<\/p>\n<p style=\"text-align: justify;\"><span style=\"font-family: times new roman, times, serif; font-size: 14pt;\">Taubira retir\u00e9e, un certain Jean-Jacques Urvoas tombe du fl\u00e9au de Th\u00e9mis. Comme le dirait l\u2019expert qui ne s\u2019est jamais regard\u00e9, Gilles Le Gendre, Urvoas ne regorge pas de charisme. Pas grave, pour nous autres \u00e9pris de justice (et non repris), et donc ayant la Palestine en douleur, nous savons que le d\u00e9put\u00e9 Urvoas a \u00e9crit \u00e0 Taubira, encore ministre de la Justice, pour lui demander l\u2019abrogation de la circulaire MAM&#8230; La place Vend\u00f4me est bien connue des experts m\u00e9dicaux, sorte de Raoult, pour savoir que le lieu provoque l\u2019oubli, voire de graves amn\u00e9sies. Le syndrome n\u2019\u00e9pargne pas le d\u00e9put\u00e9 du Finist\u00e8re, devenu Garde \u00e0 son tour. Vous avez dit \u00ab\u00a0BDS\u00a0\u00bb\u00a0? \u00ab\u00a0BTS\u00a0\u00bb\u00a0? C\u2019est une marque de chaussures, non\u00a0?<\/span><\/p>\n<p>&nbsp;<\/p>\n<p style=\"text-align: justify;\"><span style=\"font-family: times new roman, times, serif; font-size: 14pt;\">Chat noir jamais blanc, Urvoas est lui aussi pris dans une cl\u00e9 type Castaner. Jean-Jacques Urvoas, entre deux tours de l\u2019\u00e9lection pr\u00e9sidentielle de 2017, a transmis des informations confidentielles au d\u00e9put\u00e9 de droite Thierry Sol\u00e8re. Un Sol\u00e8re vis\u00e9 par une enqu\u00eate pour \u00ab\u00a0fraude fiscale, blanchiment et trafic d\u2019influence\u00a0\u00bb. Le 19 juin 2018, Jean-Jacques Urvoas est mis en examen par la Cour de justice de la R\u00e9publique pour \u00ab\u00a0violation du secret professionnel\u00a0\u00bb. Le 30 septembre 2019 la CJR juge que Jean-Jacques Urvoas, \u00ab\u00a0juriste exp\u00e9riment\u00e9, ma\u00eetre de conf\u00e9rences en droit public, ne pouvait ignorer qu\u2019il commettait un d\u00e9lit en transmettant la Fiche d\u2019Action Publique (FAP) \u00e0 une personne vis\u00e9e par une enqu\u00eate en cours\u00a0\u00bb. Elle le condamne \u00e0 un mois de prison avec sursis et 5.000 euros d\u2019amende.<\/span><\/p>\n<p>&nbsp;<\/p>\n<p style=\"text-align: justify;\"><span style=\"font-family: times new roman, times, serif; font-size: 14pt;\">Il est r\u00e9confortant de constater, qu\u2019outre Taubira qui est une sainte, tous ces gardes des Sceaux anti-Palestiniens vivent dans les tourments de la Justice. \u00c0 croire que, parfois, ils avaient \u00e9t\u00e9 choisis pour leur aptitude \u00e0 tordre le droit.<\/span><\/p>\n<p>&nbsp;<\/p>\n<p style=\"text-align: justify;\"><span style=\"font-family: times new roman, times, serif; font-size: 14pt;\">La diaphane Nicole Belloubet, mis \u00e0 part un oubli f\u00e2cheux dans sa \u00ab\u00a0d\u00e9claration d\u2019int\u00e9r\u00eats\u00a0\u00bb, est r\u00e9put\u00e9e honn\u00eate. Mais pas assez, instruite en droit, pas assez forte et humaniste pour stopper cette folie honteuse de Circulaire MAM.\u00a0Elle est donc elle aussi pendue au clou de la CEDH, et r\u00eavons qu\u2019elle ne pensera jamais \u00e0 pr\u00e9senter des excuses aux victimes de la politique anti-palestinienne de Paris. Que je ne confonds pas avec la France. Alors qu\u2019on l\u2019annonce bient\u00f4t hors du gouvernement, pour Nicole Belloubet la mal\u00e9diction est en marche. Nous lui conseillons de vivre d\u00e9sormais dans la hantise du chat.<\/span><\/p>\n<p>&nbsp;<\/p>\n<p style=\"text-align: left;\"><span style=\"font-family: times new roman, times, serif; font-size: 14pt;\">Source\u00a0: <a href=\"https:\/\/blogs.mediapart.fr\/jacques-marie-bourget\/blog\/190620\/jugeons-les-gardes-des-sceaux-anti-bds\">https:\/\/blogs.mediapart.fr\/jacques-marie-bourget\/blog\/190620\/jugeons-les-gardes-des-sceaux-anti-bds<\/a><\/span><\/p>\n<p>&nbsp;<\/p>\n<p style=\"text-align: left;\"><strong><span style=\"font-size: 18pt; font-family: times new roman, times, serif;\">URL de cet article : <\/span><\/strong><a href=\"http:\/\/blog.lesgrossesorchadeslesamplesthalameges.fr\/index.php\/jugeons-les-gardes-des-sceaux-anti-bds\/\"><span style=\"font-size: 18pt; font-family: times new roman, times, serif;\">http:\/\/blog.lesgrossesorchadeslesamplesthalameges.fr\/index.php\/jugeons-les-gardes-des-sceaux-anti-bds\/<\/span><\/a><strong><span style=\"font-size: 18pt; font-family: times new roman, times, serif;\"><br \/>\n<\/span><\/strong><\/p>\n<p>&nbsp;<\/p>\n<p>&nbsp;<\/p>\n<p>&nbsp;<\/p>\n<p style=\"text-align: center;\"><img loading=\"lazy\" class=\"alignnone wp-image-12663\" src=\"http:\/\/blog.lesgrossesorchadeslesamplesthalameges.fr\/wp-content\/uploads\/2020\/11\/Black-cats.gif\" alt=\"\" width=\"301\" height=\"301\" \/><\/p>\n<p>&nbsp;<\/p>\n<p>&nbsp;<\/p>\n<p style=\"text-align: right;\"><span style=\"font-family: comic sans ms, sans-serif; font-size: 14pt;\">Novembre 2020<\/span><\/p>\n<p>&nbsp;<\/p>\n<p>&nbsp;<\/p>\n","protected":false},"excerpt":{"rendered":"<p>&nbsp; &nbsp; &nbsp; &nbsp; &nbsp; &nbsp; Jugeons les Gardes des Sceaux anti BDS \u00a0 Jacques-Marie Bourget \u2013 Sur son blog \u2013 19.6.2020 &nbsp; &nbsp; \u00a0 \u00a0 &nbsp; &nbsp; \u00a0 Pendant 8 ans les ministres de la Justice, pour complaire Netanyahou et le CRIF, ont criminalis\u00e9 les partisans du BDS, le boycott d\u2019Isra\u00ebl. La Cour Europ\u00e9enne&#8230;<\/p>\n","protected":false},"author":1,"featured_media":0,"parent":0,"menu_order":0,"comment_status":"open","ping_status":"open","template":"","meta":[],"_links":{"self":[{"href":"https:\/\/blog.lesgrossesorchadeslesamplesthalameges.fr\/index.php\/wp-json\/wp\/v2\/pages\/12661"}],"collection":[{"href":"https:\/\/blog.lesgrossesorchadeslesamplesthalameges.fr\/index.php\/wp-json\/wp\/v2\/pages"}],"about":[{"href":"https:\/\/blog.lesgrossesorchadeslesamplesthalameges.fr\/index.php\/wp-json\/wp\/v2\/types\/page"}],"author":[{"embeddable":true,"href":"https:\/\/blog.lesgrossesorchadeslesamplesthalameges.fr\/index.php\/wp-json\/wp\/v2\/users\/1"}],"replies":[{"embeddable":true,"href":"https:\/\/blog.lesgrossesorchadeslesamplesthalameges.fr\/index.php\/wp-json\/wp\/v2\/comments?post=12661"}],"version-history":[{"count":5,"href":"https:\/\/blog.lesgrossesorchadeslesamplesthalameges.fr\/index.php\/wp-json\/wp\/v2\/pages\/12661\/revisions"}],"predecessor-version":[{"id":12668,"href":"https:\/\/blog.lesgrossesorchadeslesamplesthalameges.fr\/index.php\/wp-json\/wp\/v2\/pages\/12661\/revisions\/12668"}],"wp:attachment":[{"href":"https:\/\/blog.lesgrossesorchadeslesamplesthalameges.fr\/index.php\/wp-json\/wp\/v2\/media?parent=12661"}],"curies":[{"name":"wp","href":"https:\/\/api.w.org\/{rel}","templated":true}]}}