{"id":12670,"date":"2020-11-25T19:42:45","date_gmt":"2020-11-25T18:42:45","guid":{"rendered":"http:\/\/blog.lesgrossesorchadeslesamplesthalameges.fr\/?page_id=12670"},"modified":"2020-11-25T19:43:43","modified_gmt":"2020-11-25T18:43:43","slug":"qui-sera-le-successeur-de-vladimir-poutine","status":"publish","type":"page","link":"https:\/\/blog.lesgrossesorchadeslesamplesthalameges.fr\/index.php\/qui-sera-le-successeur-de-vladimir-poutine\/","title":{"rendered":"Qui sera le successeur de Vladimir Poutine ?"},"content":{"rendered":"<p>&nbsp;<\/p>\n<p>&nbsp;<\/p>\n<p>&nbsp;<\/p>\n<p>&nbsp;<\/p>\n<p>&nbsp;<\/p>\n<p>&nbsp;<\/p>\n<p>&nbsp;<\/p>\n<p style=\"text-align: center;\"><span style=\"font-family: times new roman, times, serif; font-size: 44pt;\"><strong>Qui sera le successeur de Vladimir Poutine ?<\/strong><\/span><\/p>\n<p style=\"text-align: center;\"><span style=\"font-family: times new roman, times, serif; font-size: 14pt;\"><strong>\u00a0<\/strong><\/span><\/p>\n<p>&nbsp;<\/p>\n<p style=\"text-align: center;\"><span style=\"font-family: times new roman, times, serif; font-size: 18pt;\"><strong><em>Strategika 51<\/em><\/strong><strong> \u2013 24.11.2020<\/strong><\/span><\/p>\n<p>&nbsp;<\/p>\n<p>&nbsp;<\/p>\n<p>&nbsp;<\/p>\n<p style=\"text-align: center;\"><img loading=\"lazy\" class=\"alignnone wp-image-12671\" src=\"http:\/\/blog.lesgrossesorchadeslesamplesthalameges.fr\/wp-content\/uploads\/2020\/11\/Poutine-1-1-300x175.jpg\" alt=\"\" width=\"650\" height=\"378\" srcset=\"https:\/\/blog.lesgrossesorchadeslesamplesthalameges.fr\/wp-content\/uploads\/2020\/11\/Poutine-1-1-300x175.jpg 300w, https:\/\/blog.lesgrossesorchadeslesamplesthalameges.fr\/wp-content\/uploads\/2020\/11\/Poutine-1-1.jpg 600w\" sizes=\"(max-width: 650px) 100vw, 650px\" \/><\/p>\n<p>&nbsp;<\/p>\n<p>&nbsp;<\/p>\n<p>&nbsp;<\/p>\n<p style=\"text-align: justify;\"><span style=\"font-family: tahoma, arial, helvetica, sans-serif; font-size: 14pt;\"><strong>Au milieu d\u2019un tr\u00e8s grand bouleversement mondial marqu\u00e9 par la somme de tous les dangers possibles, la Russie pr\u00e9pare une nouvelle \u00e8re extr\u00eamement d\u00e9licate. Celle de l\u2019apr\u00e8s Poutine.<\/strong><\/span><\/p>\n<p>&nbsp;<\/p>\n<p style=\"text-align: justify;\"><span style=\"font-family: times new roman, times, serif; font-size: 14pt;\">Vladimir Poutine veut s\u2019assurer que la Russie ne retournera jamais \u00e0 la tr\u00e8s d\u00e9sastreuse \u00e8re de Boris Eltsine et des oligarques qui l\u2019ont mis en pi\u00e8ces et d\u00e9pouill\u00e9e en transformant une grande puissance en un \u00c9tat en faillite. La Russie est non seulement revenue de loin mais a pu concr\u00e9tiser tous ses vieux r\u00eaves g\u00e9ostrat\u00e9giques comme acc\u00e8s aux mers chaudes, une sanctuarisation sans pr\u00e9c\u00e9dent de son immense territoire, une place de premier choix dans la vente d\u2019armement, une politique influente au Moyen-Orient et en Afrique, une nouvelle doctrine dans l\u2019oc\u00e9an arctique, une alliance strat\u00e9gique avec la Chine et enfin, un r\u00f4le diplomatique de grande puissance.<\/span><\/p>\n<p>&nbsp;<\/p>\n<p style=\"text-align: justify;\"><span style=\"font-family: times new roman, times, serif; font-size: 14pt;\">Dot\u00e9 d\u2019une vision froide, Vladimir Poutine ne voudrait pas que ces avanc\u00e9es se perdent par la faute d\u2019une nouvelle g\u00e9n\u00e9ration de technocrates russes faibles de caract\u00e8res et obnubil\u00e9s par les illusions d\u2019un Occident en mort clinique mais qui veut revenir sur le devant de la sc\u00e8ne en maintenant le mensonge universel, via les g\u00e9ants de l\u2019Internet cette fois. Le successeur de Vladimir Poutine devra \u00eatre un homme fort et non un technocrate servile incapable de g\u00e9rer un immense pays de la taille de la Russie.<\/span><\/p>\n<p>&nbsp;<\/p>\n<p style=\"text-align: justify;\"><span style=\"font-family: times new roman, times, serif; font-size: 14pt;\">Deux noms commencent \u00e0 circuler dans certains milieux du pouvoir russe et non des moindres. Le premier est Ramzan Ahmadovitch Kadyrov, l\u2019actuel pr\u00e9sident de la Tch\u00e9tch\u00e9nie; le second est Sergey Kujugetovich Sho\u00efgu, un officier g\u00e9n\u00e9ral des Arm\u00e9es russes et ministre de la d\u00e9fense.<\/span><\/p>\n<p>&nbsp;<\/p>\n<p>&nbsp;<\/p>\n<p>&nbsp;<\/p>\n<p><img loading=\"lazy\" class=\"aligncenter wp-image-12672\" src=\"http:\/\/blog.lesgrossesorchadeslesamplesthalameges.fr\/wp-content\/uploads\/2020\/11\/Poutine-2-300x162.jpg\" alt=\"\" width=\"650\" height=\"351\" srcset=\"https:\/\/blog.lesgrossesorchadeslesamplesthalameges.fr\/wp-content\/uploads\/2020\/11\/Poutine-2-300x162.jpg 300w, https:\/\/blog.lesgrossesorchadeslesamplesthalameges.fr\/wp-content\/uploads\/2020\/11\/Poutine-2.jpg 600w\" sizes=\"(max-width: 650px) 100vw, 650px\" \/><\/p>\n<p>&nbsp;<\/p>\n<p>&nbsp;<\/p>\n<p>&nbsp;<\/p>\n<p style=\"text-align: justify;\"><span style=\"font-family: times new roman, times, serif; font-size: 14pt;\">Ces deux hommes b\u00e9n\u00e9ficient de la confiance absolue de Vladimir Poutine m\u00eame si Kadyrov est assez controvers\u00e9 car son \u00e9ventuelle accession \u00e0 la pr\u00e9sidence de la F\u00e9d\u00e9ration de Russie cr\u00e9erait un pr\u00e9c\u00e9dent historique: celle du premier dirigeant russe de confession musulmane depuis la p\u00e9riode de la Horde d\u2019or.<\/span><\/p>\n<p>&nbsp;<\/p>\n<p>&nbsp;<\/p>\n<p>&nbsp;<\/p>\n<p style=\"text-align: center;\"><img loading=\"lazy\" class=\"alignnone wp-image-12673\" src=\"http:\/\/blog.lesgrossesorchadeslesamplesthalameges.fr\/wp-content\/uploads\/2020\/11\/Poutine-3-300x210.jpg\" alt=\"\" width=\"650\" height=\"454\" srcset=\"https:\/\/blog.lesgrossesorchadeslesamplesthalameges.fr\/wp-content\/uploads\/2020\/11\/Poutine-3-300x210.jpg 300w, https:\/\/blog.lesgrossesorchadeslesamplesthalameges.fr\/wp-content\/uploads\/2020\/11\/Poutine-3.jpg 600w\" sizes=\"(max-width: 650px) 100vw, 650px\" \/><\/p>\n<p>&nbsp;<\/p>\n<p>&nbsp;<\/p>\n<p>&nbsp;<\/p>\n<p style=\"text-align: justify;\"><span style=\"font-family: times new roman, times, serif; font-size: 14pt;\">Ces deux pr\u00e9f\u00e9rences \u00e9mises par Vladimir Poutine \u00e0 ses strat\u00e8ges renseignent sur l\u2019\u00e9valuation russe de l\u2019\u00e9volution de la situation mondiale \u00e0 court terme et elle ne souffre d\u2019ambigu\u00eft\u00e9 aucune : le monde se dirige vers une confrontation en mode hard et il est hors de question de confier la Russie \u00e0 des bureaucrates ou \u00e0 des politiciens sans envergure. Poutine a r\u00e9activ\u00e9 le gouvernement de l\u2019urgence post-apocalyptique, une sorte d\u2019\u00e9quivalent du Doomsday Gouvernement US mais en version plus adapt\u00e9e aux r\u00e9alit\u00e9s g\u00e9ostrat\u00e9giques russes et sur les vingt-cinq scenarii post-Poutine, vingt-quatre pr\u00e9voient un conflit impliquant des frappes nucl\u00e9aires tactiques et des guerres sur au moins trois th\u00e9\u00e2tres r\u00e9gionaux diff\u00e9rents. Dans ce cas de figure, il est totalement maladroit de laisser le sort du pays \u00e0 un \u00e9ventuel second Eltsine et une horde d\u2019oligarques voraces au service de la finance transnationale pr\u00e9datrice.<\/span><\/p>\n<p>&nbsp;<\/p>\n<p style=\"text-align: justify;\"><span style=\"font-family: times new roman, times, serif; font-size: 14pt;\">La seule question est de savoir si une partie des Russes occidentalis\u00e9s dans leur mentalit\u00e9 et donc imperm\u00e9ables \u00e0 l\u2019id\u00e9ologie dite \u00ab lib\u00e9rale \u00bb promue par les m\u00e9dias, le cin\u00e9ma, les s\u00e9ries, le show business et les r\u00e9seaux sociaux \u00e0 l\u2019\u00e9chelle mondiale au point de cr\u00e9er des zombies standardis\u00e9s aux quatre coins de la plan\u00e8te applaudissant comme des demeur\u00e9s au retour des simulacres Obama et leur ersatz \u00e0 la Maison Blanche, vont accepter un homme fort comme Kadyrov ou Sho\u00efgu dont les principes sont aux antipodes de la sous-culture mondialiste d\u00e9cr\u00e9pie et d\u00e9bilitante\u2026\u00a0<\/span><\/p>\n<p>&nbsp;<\/p>\n<p style=\"text-align: justify;\"><span style=\"font-family: times new roman, times, serif; font-size: 14pt;\">Source\u00a0: <a href=\"https:\/\/strategika51.org\/2020\/11\/24\/qui-sera-le-successeur-de-vladimir-poutine\/\">https:\/\/strategika51.org\/2020\/11\/24\/qui-sera-le-successeur-de-vladimir-poutine\/<\/a><\/span><\/p>\n<p>&nbsp;<\/p>\n<p style=\"text-align: left;\"><span style=\"font-family: times new roman, times, serif; font-size: 14pt;\"><strong>URL de cet article\u00a0: <\/strong><a href=\"http:\/\/blog.lesgrossesorchadeslesamplesthalameges.fr\/index.php\/qui-sera-le-successeur-de-vladimir-poutine\/\">http:\/\/blog.lesgrossesorchadeslesamplesthalameges.fr\/index.php\/qui-sera-le-successeur-de-vladimir-poutine\/<\/a><\/span><\/p>\n<p style=\"text-align: justify;\"><span style=\"font-family: times new roman, times, serif; font-size: 14pt;\"><strong>\u00a0<\/strong><\/span><\/p>\n<p style=\"text-align: justify;\"><span style=\"font-family: times new roman, times, serif; font-size: 14pt;\"><strong>\u00a0<\/strong><\/span><\/p>\n<p style=\"text-align: center;\"><img loading=\"lazy\" class=\"alignnone size-full wp-image-12651\" src=\"http:\/\/blog.lesgrossesorchadeslesamplesthalameges.fr\/wp-content\/uploads\/2020\/11\/Wikileaks-GIF-1.gif\" alt=\"\" width=\"150\" height=\"111\" \/><\/p>\n<p><strong>\u00a0<\/strong><\/p>\n<p><strong>\u00a0<\/strong><\/p>\n<p><strong>\u00a0<\/strong><\/p>\n<p style=\"text-align: right;\"><span style=\"font-family: comic sans ms, sans-serif; font-size: 14pt;\">Novembre 2020<\/span><\/p>\n<p>&nbsp;<\/p>\n<p>&nbsp;<\/p>\n","protected":false},"excerpt":{"rendered":"<p>&nbsp; &nbsp; &nbsp; &nbsp; &nbsp; &nbsp; &nbsp; Qui sera le successeur de Vladimir Poutine ? \u00a0 &nbsp; Strategika 51 \u2013 24.11.2020 &nbsp; &nbsp; &nbsp; &nbsp; &nbsp; &nbsp; Au milieu d\u2019un tr\u00e8s grand bouleversement mondial marqu\u00e9 par la somme de tous les dangers possibles, la Russie pr\u00e9pare une nouvelle \u00e8re extr\u00eamement d\u00e9licate. Celle de l\u2019apr\u00e8s Poutine&#8230;.<\/p>\n","protected":false},"author":1,"featured_media":0,"parent":0,"menu_order":0,"comment_status":"open","ping_status":"open","template":"","meta":[],"_links":{"self":[{"href":"https:\/\/blog.lesgrossesorchadeslesamplesthalameges.fr\/index.php\/wp-json\/wp\/v2\/pages\/12670"}],"collection":[{"href":"https:\/\/blog.lesgrossesorchadeslesamplesthalameges.fr\/index.php\/wp-json\/wp\/v2\/pages"}],"about":[{"href":"https:\/\/blog.lesgrossesorchadeslesamplesthalameges.fr\/index.php\/wp-json\/wp\/v2\/types\/page"}],"author":[{"embeddable":true,"href":"https:\/\/blog.lesgrossesorchadeslesamplesthalameges.fr\/index.php\/wp-json\/wp\/v2\/users\/1"}],"replies":[{"embeddable":true,"href":"https:\/\/blog.lesgrossesorchadeslesamplesthalameges.fr\/index.php\/wp-json\/wp\/v2\/comments?post=12670"}],"version-history":[{"count":8,"href":"https:\/\/blog.lesgrossesorchadeslesamplesthalameges.fr\/index.php\/wp-json\/wp\/v2\/pages\/12670\/revisions"}],"predecessor-version":[{"id":12681,"href":"https:\/\/blog.lesgrossesorchadeslesamplesthalameges.fr\/index.php\/wp-json\/wp\/v2\/pages\/12670\/revisions\/12681"}],"wp:attachment":[{"href":"https:\/\/blog.lesgrossesorchadeslesamplesthalameges.fr\/index.php\/wp-json\/wp\/v2\/media?parent=12670"}],"curies":[{"name":"wp","href":"https:\/\/api.w.org\/{rel}","templated":true}]}}