{"id":12880,"date":"2020-12-18T00:00:00","date_gmt":"2020-12-17T23:00:00","guid":{"rendered":"http:\/\/blog.lesgrossesorchadeslesamplesthalameges.fr\/?page_id=12880"},"modified":"2020-12-18T00:01:18","modified_gmt":"2020-12-17T23:01:18","slug":"le-grand-reporter-de-guerre-et-ecrivain-jacques-marie-bourget-a-lexpression-rsf-est-un-outil-de-propagande-atlantiste","status":"publish","type":"page","link":"https:\/\/blog.lesgrossesorchadeslesamplesthalameges.fr\/index.php\/le-grand-reporter-de-guerre-et-ecrivain-jacques-marie-bourget-a-lexpression-rsf-est-un-outil-de-propagande-atlantiste\/","title":{"rendered":"Le grand reporter de guerre et \u00e9crivain Jacques-Marie Bourget, \u00e0 L\u2019Expression : \u00ab RSF est un outil de propagande atlantiste \u00bb"},"content":{"rendered":"<p>&nbsp;<\/p>\n<p>&nbsp;<\/p>\n<p>&nbsp;<\/p>\n<p>&nbsp;<\/p>\n<p>&nbsp;<\/p>\n<p>&nbsp;<\/p>\n<p>&nbsp;<\/p>\n<p style=\"text-align: center;\"><strong><span style=\"font-family: times new roman, times, serif; font-size: 36pt;\">Le grand reporter de guerre et \u00e9crivain<br \/>\nJacques-Marie Bourget, \u00e0 L\u2019Expression\u00a0:<br \/>\n\u00ab\u00a0RSF est un outil de propagande atlantiste\u00a0\u00bb<\/span><\/strong><\/p>\n<h1><\/h1>\n<p>&nbsp;<\/p>\n<h1 style=\"text-align: center;\"><strong><span style=\"font-family: times new roman, times, serif; font-size: 18pt;\">Hocine Neffah \u2013 <em>Comit\u00e9 Valmy<\/em> \u2013 15.12.2020<\/span><\/strong><\/h1>\n<p>&nbsp;<\/p>\n<p style=\"text-align: center;\"><span style=\"font-family: times new roman, times, serif; font-size: 14pt;\"><strong><em>\u00a0<\/em><\/strong><\/span><\/p>\n<p style=\"text-align: center;\"><img loading=\"lazy\" class=\"alignnone wp-image-12841 size-full\" src=\"http:\/\/blog.lesgrossesorchadeslesamplesthalameges.fr\/wp-content\/uploads\/2020\/12\/jacques_marie_bourget.png2_.png\" alt=\"\" width=\"600\" height=\"368\" srcset=\"https:\/\/blog.lesgrossesorchadeslesamplesthalameges.fr\/wp-content\/uploads\/2020\/12\/jacques_marie_bourget.png2_.png 600w, https:\/\/blog.lesgrossesorchadeslesamplesthalameges.fr\/wp-content\/uploads\/2020\/12\/jacques_marie_bourget.png2_-300x184.png 300w\" sizes=\"(max-width: 600px) 100vw, 600px\" \/><\/p>\n<p style=\"text-align: center;\"><span style=\"font-family: times new roman, times, serif; font-size: 14pt;\"><strong><em>Jacques-Marie Bourget<\/em><\/strong><\/span><\/p>\n<p style=\"text-align: center;\"><span style=\"font-family: times new roman, times, serif; font-size: 14pt;\"><strong>\u00a0<\/strong><\/span><\/p>\n<p style=\"text-align: justify;\"><span style=\"font-family: times new roman, times, serif; font-size: 14pt;\"><strong>\u00a0<\/strong><\/span><\/p>\n<p style=\"text-align: justify;\"><span style=\"font-family: tahoma, arial, helvetica, sans-serif; font-size: 14pt;\"><strong>Le grand reporter de guerre et \u00e9crivain Jacques-Marie Bourget revient dans cet entretien sur la n\u00e9buleuse <em>Reporters Sans Fronti\u00e8res<\/em> (RSF) en diss\u00e9quant sa gen\u00e8se et ses inf\u00e9odations. Il apporte un t\u00e9moignage cinglant sur cette \u00ab\u00a0ONG\u00a0\u00bb financ\u00e9e par la CIA et Isra\u00ebl. Il parle de son exp\u00e9rience tr\u00e8s riche en rappelant les desseins de cette \u00ab\u00a0ONG\u00a0\u00bb et d\u2019autres dont la mission est de servir comme bras s\u00e9culier les imp\u00e9rialistes occidentaux et leurs alli\u00e9s. Jacques-Marie Bourget a assur\u00e9 la couverture de la guerre des Six-Jours, la guerre du Vi\u00eat Nam, la guerre du Liban, la guerre au Salvador, la premi\u00e8re et la seconde Intifada, la premi\u00e8re guerre du Golfe, la guerre de l\u2019ex-Yougoslavie. En 1985, il a obtenu le prix Scoop pour avoir r\u00e9v\u00e9l\u00e9 l\u2019affaire Greenpeace.<\/strong><\/span><\/p>\n<p style=\"text-align: justify;\"><span style=\"font-family: times new roman, times, serif; font-size: 14pt;\"><strong><em>\u00a0<\/em><\/strong><\/span><\/p>\n<p style=\"text-align: justify;\"><span style=\"font-family: times new roman, times, serif; font-size: 14pt;\"><strong><em>L\u2019Expression\u00a0: Alors qu\u2019en octobre 2000 vous avez \u00e9t\u00e9 gravement bless\u00e9 au poumon gauche par une balle isra\u00e9lienne, \u00e0 Ramallah, l\u2019organisation <\/em><\/strong><strong>Reporter Sans Fronti\u00e8res (RSF),<em> dont c\u2019est pourtant la raison d\u2019\u00eatre, a refus\u00e9 de soutenir votre cause sur le plan politique, sur le plan diplomatique et sur le plan judiciaire. Comment expliquer un tel refus de d\u00e9fendre un journaliste gri\u00e8vement bless\u00e9\u00a0?<\/em><\/strong><\/span><\/p>\n<p style=\"text-align: justify;\"><span style=\"font-family: times new roman, times, serif; font-size: 14pt;\"><strong>Jaques-Marie Bourget<\/strong>\u00a0: Ce tr\u00e8s grave \u00e9pisode de ma vie m\u2019a encourag\u00e9 \u00e0 m\u2019informer sur la vraie nature de RSF. Une association qui se pr\u00e9tend \u00ab\u00a0non gouvernementale\u00a0\u00bb mais qui vit, pour l\u2019essentiel, d\u2019argent public\u00a0: fran\u00e7ais, am\u00e9ricain ou autre. Si RSF ne m\u2019a pas d\u00e9fendu, s\u2019est pour ne pas offenser l\u2019\u00c9tat d\u2019Isra\u00ebl auteur d\u2019une tentative d\u2019assassinat contre moi. Entre le soutien de Tel -Aviv et moi, le choix a \u00e9t\u00e9 vite fait. C\u2019\u00e9tait Isra\u00ebl. Il faut savoir que, dans son classement mondial des pays qui respectent plus ou moins la libert\u00e9 de la presse, RSF s\u2019est arrang\u00e9 pour ne prendre en compte que les seuls crit\u00e8res qui concernent Isra\u00ebl \u00ab\u00a0intra-muros\u00a0\u00bb (si je puis dire d\u2019un pays sans fronti\u00e8res). Par exemple un journaliste d\u2019un quotidien h\u00e9breu qui aurait \u00e9t\u00e9 censur\u00e9&#8230; Tous les crimes et violences contre la presse palestinienne, toutes les exactions commises par Isra\u00ebl en Palestine occup\u00e9e, colonis\u00e9e, ne comptaient pas. Qu\u2019Isra\u00ebl assassine un journaliste palestinien&#8230; Ce d\u00e9tail n\u2019\u00e9tait pas pris en compte dans le classement de RSF, et, ainsi, le r\u00e9gime colonial de Tel-Aviv se retrouve r\u00e9guli\u00e8rement bien class\u00e9. On pouvait assassiner des reporters, des photographes, sans que la cote d\u2019Isra\u00ebl chute dans le classement des libert\u00e9s de presse. Mon cas a donc \u00e9t\u00e9 gliss\u00e9 sous le tapis. Imaginez que j\u2019aie \u00e9t\u00e9 bless\u00e9 par l\u2019arm\u00e9e nationale lors d\u2019un reportage en Alg\u00e9rie. Je passais imm\u00e9diatement au rang de h\u00e9ros. Et tous les pr\u00e9sentateurs des journaux t\u00e9l\u00e9vis\u00e9s fran\u00e7ais se seraient mobilis\u00e9s le temps d\u2019une photo commune. Le fait que je cite mon exemple n\u2019est pas destin\u00e9 \u00e0 apitoyer, il est juste l\u00e0 pour d\u00e9montrer que RSF est un outil \u00e0 l\u2019indignation s\u00e9lective. Qui agit pour le bien de l\u2019Occident colonial ou n\u00e9ocolonial. Quand un confr\u00e8re espagnol a \u00e9t\u00e9 assassin\u00e9 par l\u2019arm\u00e9e am\u00e9ricaine \u00e0 Bagdad en 2003, nous avons assist\u00e9 au m\u00e8ne man\u00e8ge. RSF \u00e9tait debout sur les freins pour \u00e9viter de soutenir le confr\u00e8re mort. Tant et si bien que la famille de notre ami a pri\u00e9 RSF de se tenir hors du dossier.<\/span><\/p>\n<p>&nbsp;<\/p>\n<p style=\"text-align: justify;\"><span style=\"font-family: times new roman, times, serif; font-size: 14pt;\"><strong><em>Peut-on croire \u00e0 la libert\u00e9 d\u2019expression et \u00e0 la d\u00e9fense des droits de l\u2019homme quand on pense aux inf\u00e9odations av\u00e9r\u00e9es de cette organisation aux forces de la finance internationale et m\u00eame de la CIA\u00a0?<\/em><\/strong><\/span><\/p>\n<p style=\"text-align: justify;\"><span style=\"font-family: times new roman, times, serif; font-size: 14pt;\">Il est exact de dire que la NED, <em>National Endowment for Democracy<\/em>, un outil cr\u00e9\u00e9 par Reagan pour assister, sous le contr\u00f4le de la CIA, les ONG amies, a soutenu RSF. Qui, en cons\u00e9quence, est structurellement un outil de la propagande atlantiste. Une autre source de financement provenait nagu\u00e8re des riches exil\u00e9s cubains anti-castristes immigr\u00e9s en Floride, en fait une autre m\u00e9tastase de la CIA. Soyez s\u00fbr d\u2019une chose, RSF ne fera rien qui puisse chagriner Washington. RSF, qui verse de confortables salaires \u00e0 ses employ\u00e9s (suppos\u00e9s militants), s\u2019est, il y a quelques mois, retrouv\u00e9 \u00e0 court d\u2019argent apr\u00e8s le d\u00e9part de son patron Robert M\u00e9nard, devenu maire de B\u00e9ziers et homme politique d\u2019extr\u00eame-droite. Un M\u00e9nard qui avait eu le culot, avant de quitter RSF, d\u2019aller chercher des fonds au Qatar, au nom de la d\u00e9fense de la libert\u00e9 de la presse, alors que ni la libert\u00e9 ni la presse n\u2019existent \u00e0 Doha\u00a0! Christophe Deloire, le nouveau patron de RSF, s\u2019en est all\u00e9, lui, faire la qu\u00eate au Gabon et au Maroc, main dans la main avec le quotidien <em>Lib\u00e9ration.<\/em> Deux \u00c9tats connus pour leurs qualit\u00e9s \u00ab\u00a0d\u00e9mocratiques\u00a0\u00bb. Mieux, Deloire est all\u00e9 aussi tendre la main en Isra\u00ebl o\u00f9 il a re\u00e7u, pour son \u00ab\u00a0ONG\u00a0\u00bb, une sorte de prix Nobel isra\u00e9lien dot\u00e9 d\u2019une pluie de dollars. Voil\u00e0 le lobby qui entend d\u00e9signer dans le monde <strong>o\u00f9<\/strong> se tient la libert\u00e9.<\/span><\/p>\n<p>&nbsp;<\/p>\n<p style=\"text-align: justify;\"><span style=\"font-family: times new roman, times, serif; font-size: 14pt;\"><strong><em>Les \u00e9v\u00e9nements qui portent le nom de \u00ab\u00a0Printemps arabes\u00a0\u00bb ont \u00e9t\u00e9 diss\u00e9qu\u00e9s par vos publications en pr\u00e9cisant que \u00ab\u00a0la r\u00e9volte initiale et l\u00e9gitime de populations vivant dans des conditions \u00e9conomiques et de libert\u00e9 indignes\u00a0\u00bb, a \u00e9t\u00e9 partout rapidement encadr\u00e9e par des \u00ab\u00a0ONG\u00a0\u00bb am\u00e9ricaines\u00a0\u00bb. Pouvez-vous donner plus de clarification \u00e0 ce propos\u00a0?<\/em><\/strong><\/span><\/p>\n<p style=\"text-align: justify;\"><span style=\"font-family: times new roman, times, serif; font-size: 14pt;\">\u00c0 ce propos tout est document\u00e9. Il y a l\u2019\u00e9norme travail d\u2019<strong>Ahmed Bensa\u00e2da <\/strong>qui, en bon scientifique, recoupe toutes les sources de financements des ONG qui ont soutenu les \u00ab\u00a0Printemps arabes\u00a0\u00bb. Elles ont toutes un lien avec les USA, Isra\u00ebl ou un pays europ\u00e9en. On sait qu\u2019un haut fonctionnaire du D\u00e9partement d\u2019\u00c9tat am\u00e9ricain a d\u00e9clar\u00e9 au <em>New York Times<\/em>\u00a0:<\/span><\/p>\n<p>&nbsp;<\/p>\n<p style=\"text-align: justify; padding-left: 90px;\"><span style=\"font-family: times new roman, times, serif; font-size: 14pt;\">\u00ab\u00a0renverser un pouvoir qui ne nous convient pas, par la voie des armes, co\u00fbte des milliards. Si on op\u00e8re par la propagande, l\u2019action des ONG amies et Internet, cela ne co\u00fbte rien et ne verse pas le sang, c\u2019est vraiment le mod\u00e8le \u00e0 suivre.\u00a0\u00bb<\/span><\/p>\n<p>&nbsp;<\/p>\n<p style=\"text-align: justify;\"><span style=\"font-family: times new roman, times, serif; font-size: 14pt;\">Ainsi est n\u00e9 le syst\u00e8me des \u00ab\u00a0r\u00e9volutions orange\u00a0\u00bb, la machinerie d\u2019<a href=\"https:\/\/www.monde-diplomatique.fr\/2019\/12\/OTASEVIC\/61050\"><strong>OTPOR<\/strong><\/a> et toute cette cavalerie. Un exemple, une r\u00e9volte l\u00e9gitime s\u2019exprime dans la rue, elle est tr\u00e8s vite \u00ab\u00a0encadr\u00e9e\u00a0\u00bb par des parrains am\u00e9ricains. Leur objectif, pour ce qui est des pays arabes, est de mettre en place un gouvernement des Fr\u00e8res musulmans. Les USA sont un pays religieux et r\u00e9actionnaire, les \u00ab\u00a0Fr\u00e8res\u00a0\u00bb sont leur mod\u00e8le.<\/span><\/p>\n<p>&nbsp;<\/p>\n<p style=\"text-align: justify;\"><span style=\"font-family: times new roman, times, serif; font-size: 14pt;\"><strong><em>Comment qualifiez-vous les positions de l\u2019Occident \u00e0 travers ses institutions officielles, qui font recours \u00e0 la politique du deux poids-deux mesures. Surtout quand on constate le parti pris desdites institutions, par exemple europ\u00e9ennes, \u00e0 l\u2019\u00e9gard de l\u2019entit\u00e9 sioniste. Et qui ne pipent mot sur ce qui se passe en Palestine ou au Sahara occidental, non plus qu\u2019aux attaques contre le Venezuela\u00a0?<\/em><\/strong><\/span><\/p>\n<p style=\"text-align: justify;\"><span style=\"font-family: times new roman, times, serif; font-size: 14pt;\">\u00c0 Bruxelles, le lobbying mobilise 40.000 employ\u00e9s. L\u2019Europe ayant \u00e9t\u00e9 cr\u00e9\u00e9e par Jean Monet, un ami de la CIA, et Robert Schumann, ancien ministre de P\u00e9tain, nous avons donc un continent qui n\u2019est qu\u2019une cour de r\u00e9cr\u00e9ation de Washington. Influencer assez d\u2019\u00e9lus europ\u00e9ens, pour leur faire voter les projets souhait\u00e9s par les USA, que ce soit sur l\u2019Alg\u00e9rie, le Venezuela, l\u2019Iran, la Chine ou autres, est tr\u00e8s facile. La derni\u00e8re blague, \u00e0 Bruxelles, est la comp\u00e9tence universelle que vient de s\u2019accorder l\u2019Europe en mati\u00e8re de droits de l\u2019homme. On attend qu\u2019elle proteste contre la r\u00e9pression des Noirs et la peine de mort aux \u00c9tats-Unis, contre le colonialisme galopant et les tueries qui sont le fait d\u2019Isra\u00ebl (alors qu\u2019un enfant de 13 ans vient encore d\u2019\u00eatre tu\u00e9 sans provoquer la moindre protestation). Que l\u2019Europe proteste donc aussi contre la r\u00e9pression violente des manifestations en France\u00a0! Les droits de l\u2019homme sont une arme formidable, Obama en est un h\u00e9ros alors qu\u2019il a tu\u00e9 des milliers d\u2019hommes et de femmes au nom de ces droits, mais c\u2019est s\u2019exposer \u00e0 des retours de b\u00e2ton. Demain un groupe de citoyens peut exiger de l\u2019Europe qu\u2019elle condamne Isra\u00ebl ou les \u00c9tats-Unis&#8230; R\u00eavons.<\/span><\/p>\n<p>&nbsp;<\/p>\n<p style=\"text-align: justify;\"><span style=\"font-family: times new roman, times, serif; font-size: 14pt;\"><strong><em>Quelle est l\u2019alternative qui puisse mettre un terme et stopper cette d\u00e9ferlante d\u2019ing\u00e9rences des puissances occidentales dans les affaires des pays souverains\u00a0?<\/em><\/strong><\/span><\/p>\n<p style=\"text-align: justify;\"><span style=\"font-family: times new roman, times, serif; font-size: 14pt;\">Une plus grande subtilit\u00e9 de la part des dirigeants qui sont attaqu\u00e9s par ces ONG [ne serait pas du luxe, LGO]. Quand on livre bataille il faut conna\u00eetre l\u2019adversaire. Ces offensives des ONG de Washington ou de l\u2019Europe devraient \u00eatre bloqu\u00e9es tr\u00e8s en amont. Il faut savoir qu\u2019en Alg\u00e9rie, la Fondation Schumann a publi\u00e9 dans la presse des offres de services, afin de recruter des militants, \u00e0 des salaires extravagants. Et personne n\u2019a bronch\u00e9, n\u2019a dress\u00e9 l\u2019oreille. Les dirigeants devraient comprendre que mettre en prison un insignifiant bloggueur, c\u2019est tendre une arme pour se faire battre par ces ONG. C\u2019est leur donner du grain \u00e0 moudre, s\u2019exposer pour rien d\u2019autre qu\u2019une satisfaction de politique int\u00e9rieure.<\/span><\/p>\n<p>&nbsp;<\/p>\n<p style=\"text-align: justify;\"><span style=\"font-family: times new roman, times, serif; font-size: 14pt;\"><strong><em>Y a-t-il un standard par rapport \u00e0 la notion des droits de l\u2019homme, ou plut\u00f4t une d\u00e9marche europ\u00e9ocentriste, qui correspond \u00e0 une logique de domination des forces imp\u00e9rialistes occidentales via cette conception vicieuse\u00a0?<\/em><\/strong><\/span><\/p>\n<p style=\"text-align: justify;\"><span style=\"font-family: times new roman, times, serif; font-size: 14pt;\">Les droits de l\u2019homme sont la nouvelle arme de destruction massive. Prenez l\u2019exemple birman o\u00f9, pendant des ann\u00e9es, Aung San Suu Kyi a \u00e9t\u00e9 l\u2019\u00e9g\u00e9rie du \u00ab\u00a0monde libre\u00a0\u00bb, au point qu\u2019on lui ait donn\u00e9 un Prix Nobel, comme \u00e0 Obama ou \u00e0 Kissinger. Cette femme \u00e9tait un canon de l\u2019Occident braqu\u00e9 sur la junte de Rangoon, une bombe. Puis, sa volont\u00e9 de pouvoir est apparue. Elle a cautionn\u00e9 le massacre des <a href=\"https:\/\/www.amnesty.fr\/dossiers\/le-sort-des-rohingyas-au-myanmar\"><strong>Rohingyas<\/strong><\/a>, la minorit\u00e9 musulmane. Voil\u00e0 que l\u2019arme s\u2019est retourn\u00e9e contre l\u2019Occident. Aujourd\u2019hui, la Chine doit faire face \u00e0 une accusation de \u00ab\u00a0g\u00e9nocide\u00a0\u00bb des Ouighours. L\u00e0 aussi, vous avez une minorit\u00e9 musulmane dont quelques-uns se sont retrouv\u00e9s djihadistes en Syrie. Je ne vais pas dire que les Ouighours sont heureux en Chine, mais quand on voit qui sont les propagandistes de cette accusation de \u00ab\u00a0g\u00e9nocide\u00a0\u00bb, on remarque des profils made in CIA.<\/span><\/p>\n<p>&nbsp;<\/p>\n<p style=\"text-align: justify;\"><span style=\"font-family: times new roman, times, serif; font-size: 14pt;\"><strong><em>Pensez-vous que la d\u00e9mocratie occidentale est une \u00ab\u00a0fumisterie\u00a0\u00bb dont le contenu r\u00e9el est ailleurs dans les sph\u00e8res occultes de la finance internationale et les officines qu\u2019elles actionnent subtilement\u00a0?<\/em><\/strong><\/span><\/p>\n<p style=\"text-align: justify;\"><span style=\"font-family: times new roman, times, serif; font-size: 14pt;\">La d\u00e9mocratie occidentale qui traite Julien Assange comme elle le fait ne peut se proclamer d\u00e9mocratie. Sa mani\u00e8re de traiter les minorit\u00e9s, d\u2019aggraver la pauvret\u00e9 pour satisfaire la plus grande richesse de quelques-uns, n\u2019a rien \u00e0 voir avec la d\u00e9mocratie. La d\u00e9mocratie ce n\u2019est pas la libert\u00e9 de publier des dessins, c\u2019est avoir un toit sur la t\u00eate, un emploi, des \u00e9coles et des h\u00f4pitaux gratuits et qui fonctionnent. J\u2019ai trop assist\u00e9 \u00e0 la mort d\u2019\u00c9tats comme l\u2019Irak, d\u00e9truits pour le p\u00e9trole au nom des droits de l\u2019homme.<\/span><\/p>\n<p style=\"text-align: justify;\"><span style=\"font-family: times new roman, times, serif; font-size: 14pt;\">Source\u00a0: <a href=\"http:\/\/www.comite-valmy.org\/spip.php?article12425\">http:\/\/www.comite-valmy.org\/spip.php?article12425<\/a><\/span><\/p>\n<p>&nbsp;<\/p>\n<p style=\"text-align: left;\"><span style=\"font-family: times new roman, times, serif; font-size: 14pt;\"><strong>URL de cet article\u00a0: <\/strong><a href=\"http:\/\/blog.lesgrossesorchadeslesamplesthalameges.fr\/index.php\/le-grand-reporter-de-guerre-et-ecrivain-jacques-marie-bourget-a-lexpression-rsf-est-un-outil-de-propagande-atlantiste\/\">http:\/\/blog.lesgrossesorchadeslesamplesthalameges.fr\/index.php\/le-grand-reporter-de-guerre-et-ecrivain-jacques-marie-bourget-a-lexpression-rsf-est-un-outil-de-propagande-atlantiste\/<\/a><br \/>\n<\/span><\/p>\n<p>&nbsp;<\/p>\n<p style=\"text-align: justify;\"><span style=\"font-family: times new roman, times, serif; font-size: 14pt;\">\u00a0<\/span><\/p>\n<p style=\"text-align: center;\"><img loading=\"lazy\" class=\"alignnone wp-image-12882 size-full\" src=\"http:\/\/blog.lesgrossesorchadeslesamplesthalameges.fr\/wp-content\/uploads\/2020\/12\/corona-rouge-sur-pied-GIF-1.gif\" alt=\"\" width=\"100\" height=\"109\" \/><\/p>\n<p>&nbsp;<\/p>\n<p style=\"text-align: right;\"><span style=\"font-family: comic sans ms, sans-serif; font-size: 14pt;\">D\u00e9cembre 2020<\/span><\/p>\n<p>&nbsp;<\/p>\n<p>&nbsp;<\/p>\n","protected":false},"excerpt":{"rendered":"<p>&nbsp; &nbsp; &nbsp; &nbsp; &nbsp; &nbsp; &nbsp; Le grand reporter de guerre et \u00e9crivain Jacques-Marie Bourget, \u00e0 L\u2019Expression\u00a0: \u00ab\u00a0RSF est un outil de propagande atlantiste\u00a0\u00bb &nbsp; Hocine Neffah \u2013 Comit\u00e9 Valmy \u2013 15.12.2020 &nbsp; \u00a0 Jacques-Marie Bourget \u00a0 \u00a0 Le grand reporter de guerre et \u00e9crivain Jacques-Marie Bourget revient dans cet entretien sur la n\u00e9buleuse&#8230;<\/p>\n","protected":false},"author":1,"featured_media":0,"parent":0,"menu_order":0,"comment_status":"open","ping_status":"open","template":"","meta":[],"_links":{"self":[{"href":"https:\/\/blog.lesgrossesorchadeslesamplesthalameges.fr\/index.php\/wp-json\/wp\/v2\/pages\/12880"}],"collection":[{"href":"https:\/\/blog.lesgrossesorchadeslesamplesthalameges.fr\/index.php\/wp-json\/wp\/v2\/pages"}],"about":[{"href":"https:\/\/blog.lesgrossesorchadeslesamplesthalameges.fr\/index.php\/wp-json\/wp\/v2\/types\/page"}],"author":[{"embeddable":true,"href":"https:\/\/blog.lesgrossesorchadeslesamplesthalameges.fr\/index.php\/wp-json\/wp\/v2\/users\/1"}],"replies":[{"embeddable":true,"href":"https:\/\/blog.lesgrossesorchadeslesamplesthalameges.fr\/index.php\/wp-json\/wp\/v2\/comments?post=12880"}],"version-history":[{"count":9,"href":"https:\/\/blog.lesgrossesorchadeslesamplesthalameges.fr\/index.php\/wp-json\/wp\/v2\/pages\/12880\/revisions"}],"predecessor-version":[{"id":12890,"href":"https:\/\/blog.lesgrossesorchadeslesamplesthalameges.fr\/index.php\/wp-json\/wp\/v2\/pages\/12880\/revisions\/12890"}],"wp:attachment":[{"href":"https:\/\/blog.lesgrossesorchadeslesamplesthalameges.fr\/index.php\/wp-json\/wp\/v2\/media?parent=12880"}],"curies":[{"name":"wp","href":"https:\/\/api.w.org\/{rel}","templated":true}]}}