{"id":13114,"date":"2021-01-08T21:30:07","date_gmt":"2021-01-08T20:30:07","guid":{"rendered":"http:\/\/blog.lesgrossesorchadeslesamplesthalameges.fr\/?page_id=13114"},"modified":"2021-01-08T21:34:16","modified_gmt":"2021-01-08T20:34:16","slug":"jack-ma-va-t-il-sarcler-les-pommes-de-terres","status":"publish","type":"page","link":"https:\/\/blog.lesgrossesorchadeslesamplesthalameges.fr\/index.php\/jack-ma-va-t-il-sarcler-les-pommes-de-terres\/","title":{"rendered":"Jack Ma va-t-il sarcler les pommes de terres ?"},"content":{"rendered":"<p>&nbsp;<\/p>\n<p>&nbsp;<\/p>\n<p>&nbsp;<\/p>\n<p>&nbsp;<\/p>\n<p>&nbsp;<\/p>\n<p>&nbsp;<\/p>\n<p style=\"text-align: justify;\"><span style=\"font-family: times new roman, times, serif; font-size: 18pt; color: #c00000;\"><strong><em>\u00a0<\/em><\/strong><\/span><\/p>\n<p style=\"text-align: justify;\"><span style=\"font-family: times new roman, times, serif; font-size: 14pt;\"><strong>\u00a0<\/strong><\/span><\/p>\n<p style=\"text-align: center;\"><span style=\"font-family: times new roman, times, serif; font-size: 36pt;\"><strong>Jack Ma va-t-il sarcler les pommes de terre\u00a0?<\/strong><\/span><\/p>\n<p style=\"text-align: center;\"><span style=\"font-family: times new roman, times, serif; font-size: 14pt;\"><strong>\u00a0<\/strong><\/span><\/p>\n<p style=\"text-align: center;\"><span style=\"font-family: times new roman, times, serif; font-size: 18pt;\"><strong>Bruno Guigue \u2013 <em>L.G.S.<\/em> \u2013 8.1.2020<\/strong><\/span><\/p>\n<p style=\"text-align: justify;\"><span style=\"font-family: times new roman, times, serif; font-size: 14pt;\"><strong>\u00a0<\/strong><\/span><\/p>\n<p>&nbsp;<\/p>\n<p style=\"text-align: center;\"><a href=\"http:\/\/blog.lesgrossesorchadeslesamplesthalameges.fr\/wp-content\/uploads\/2021\/01\/Jack-Ma-1.jpg\"><img loading=\"lazy\" class=\"alignnone wp-image-13115 size-full\" src=\"http:\/\/blog.lesgrossesorchadeslesamplesthalameges.fr\/wp-content\/uploads\/2021\/01\/Jack-Ma-1.jpg\" alt=\"\" width=\"600\" height=\"403\" srcset=\"https:\/\/blog.lesgrossesorchadeslesamplesthalameges.fr\/wp-content\/uploads\/2021\/01\/Jack-Ma-1.jpg 600w, https:\/\/blog.lesgrossesorchadeslesamplesthalameges.fr\/wp-content\/uploads\/2021\/01\/Jack-Ma-1-300x202.jpg 300w\" sizes=\"(max-width: 600px) 100vw, 600px\" \/><\/a><\/p>\n<p>&nbsp;<\/p>\n<p>&nbsp;<\/p>\n<p style=\"text-align: justify; padding-left: 180px;\"><span style=\"font-family: tahoma, arial, helvetica, sans-serif; font-size: 12pt;\"><strong>Le 4 janvier 2021. <em>Lib\u00e9ration<\/em>\u00a0: \u00ab\u00a0En Chine, disgr\u00e2ce et disparition du milliardaire Jack Ma\u00a0\u00bb. <em>Le Point<\/em>\u00a0: \u00ab\u00a0La myst\u00e9rieuse \u00ab\u00a0disparition\u00a0\u00bb du milliardaire Jack Ma\u00a0\u00bb. <em>Arte<\/em> (28 minutes)\u00a0: \u00ab\u00a0Chine\u00a0: un homme dispara\u00eet\u00a0\u00bb.<\/strong><\/span><\/p>\n<p style=\"text-align: justify; padding-left: 180px;\"><span style=\"font-family: tahoma, arial, helvetica, sans-serif; font-size: 12pt;\"><strong>Le 5 janvier. <em>Marianne<\/em>\u00a0: \u00ab\u00a0\u00ab\u00a0Disparition\u00a0\u00bb de Jack Ma, fondateur d\u2019Alibaba\u00a0\u00bb. <em>Business<\/em>\u00a0: \u00ab\u00a0Le milliardaire chinois Jack Ma, fondateur d\u2019Ali Baba est port\u00e9 disparu\u00a0\u00bb. <em>RMC<\/em>\u00a0: \u00ab\u00a0Chine\u00a0: Jack Ma, un des hommes les plus riches de la plan\u00e8te a disparu depuis plus de deux mois\u00a0\u00bb. <em>TMC (Le Quotidien)<\/em>\u00a0: \u00ab\u00a0O\u00f9 est pass\u00e9 Jack Ma, le patron d\u2019Alibaba\u00a0? Une alerte enl\u00e8vement inqui\u00e8te le monde entier\u00a0: celle de Jack Ma\u00a0\u00bb. <em>Les Echos<\/em>\u00a0: \u00ab\u00a0La sp\u00e9culation enfle sur le sort de l\u2019invisible Jack Ma\u00a0\u00bb.<\/strong><\/span><\/p>\n<p style=\"text-align: justify; padding-left: 180px;\"><span style=\"font-family: tahoma, arial, helvetica, sans-serif; font-size: 12pt;\"><strong>Le 6 janvier. <em>RFI\u00a0:<\/em> \u00ab\u00a0Chine\u00a0: comment expliquer la \u00ab\u00a0disparition\u00a0\u00bb de Jack Ma, fondateur d\u2019Alibaba\u00a0?\u00a0\u00bb. <em>France Info\u00a0:<\/em> \u00ab\u00a0Chine\u00a0: disparition du milliardaire Jack Ma\u00a0\u00bb. <em>France Inter<\/em>\u00a0: \u00ab\u00a0O\u00f9 est pass\u00e9 Jack Ma\u00a0?\u00a0\u00bb.<\/strong><\/span><\/p>\n<p style=\"text-align: justify; padding-left: 180px;\"><span style=\"font-family: tahoma, arial, helvetica, sans-serif; font-size: 12pt;\"><strong>Le 7 janvier. \u00ab\u00a0<em>Le Journal du Dimanche<\/em>\u00a0: \u00ab\u00a0Mais o\u00f9 est donc pass\u00e9 Jack Ma, le fondateur du g\u00e9ant chinois Alibaba\u00a0?\u00a0\u00bb. <em>The Cointribune<\/em>\u00a0: \u00ab\u00a0Jack Ma a-t-il \u00e9t\u00e9 Kidnapp\u00e9 par la Mafia Bancaire\u00a0?\u00a0\u00bb. <\/strong><\/span><\/p>\n<p style=\"padding-left: 180px; text-align: right;\"><span style=\"font-family: tahoma, arial, helvetica, sans-serif; font-size: 12pt;\"><strong>LGS.<\/strong><\/span><\/p>\n<p style=\"padding-left: 180px; text-align: justify;\"><span style=\"font-family: tahoma, arial, helvetica, sans-serif; color: #c00000;\"><strong>[Ajoutons-y quelques merdias belges\u00a0: \u00ab\u00a0<em>7 SUR 7.be<\/em>\u00a0: La myst\u00e9rieuse disparition de Jack Ma\u00a0\u00bb\u00a0; \u00ab\u00a0<em>rtbf.be<\/em>\u00a0: Chine : Jack Ma, le fondateur d&rsquo;Alibaba, absent de la sc\u00e8ne publique depuis fin octobre\u00a0\u00bb\u00a0; \u00ab\u00a0<em>lalibre.be<\/em>\u00a0: Malgr\u00e9 la myst\u00e9rieuse disparition de son fondateur, Alibaba poursuit ses travaux \u00e0 Li\u00e8ge\u00a0\u00bb\u00a0; <em>lameuse.sudinfo.be\u00a0<\/em>: Alibaba: \u201cJack Ma a dit qu\u2019il \u00e9tait \u00e0 Li\u00e8ge pour 102 ans !\u201d\u00a0; etc. etc.]<\/strong><\/span><\/p>\n<h2 style=\"padding-left: 180px; text-align: right;\"><span style=\"font-family: tahoma, arial, helvetica, sans-serif; font-size: 12pt; color: #c00000;\"><strong>LGO. \u00c7a n\u2019a pas chang\u00e9 depuis Coluche<\/strong><\/span><\/h2>\n<p>&nbsp;<\/p>\n<p>&nbsp;<\/p>\n<p style=\"text-align: justify;\"><span style=\"font-family: times new roman, times, serif; font-size: 14pt;\">Avec cette belle unanimit\u00e9 qui la caract\u00e9rise, la presse pluraliste du monde civilis\u00e9 nous invite d\u00e9sormais \u00e0 pleurer sur le sort de Jack Ma, c\u00e9l\u00e8bre milliardaire myst\u00e9rieusement disparu. Le malheureux homme d\u2019affaires va-t-il repara\u00eetre un jour, ou sombrer dans les oubliettes d\u2019un r\u00e9gime totalitaire pr\u00eat \u00e0 tout pour asseoir sa domination\u00a0? Va-t-il finir dans un camp de concentration, triste compagnon d\u2019infortune des pauvres Ou\u00efghours qui n\u2019ont pas encore \u00e9t\u00e9 mang\u00e9s tout crus\u00a0?<\/span><\/p>\n<p style=\"text-align: justify;\"><span style=\"font-family: times new roman, times, serif; font-size: 14pt;\">Est-il en train de sarcler les pommes de terre dans une exploitation agricole, de manier la pelle \u00e0 charbon dans une centrale thermique, ou bien, peut-\u00eatre, de se pr\u00e9parer une infusion de chrysanth\u00e8me dans une obscure maison de retraite pour capitalistes r\u00e9calcitrants\u00a0?<\/span><\/p>\n<p style=\"text-align: justify;\"><span style=\"font-family: times new roman, times, serif; font-size: 14pt;\">En fait, rien de tout cela. Sa famille a d\u00e9j\u00e0 annonc\u00e9 qu\u2019il \u00e9tait chez lui, bien portant, et qu\u2019il pr\u00e9f\u00e9rait faire profil bas un certain temps vu les circonstances. Voil\u00e0, inutile de pleurer devant le poste de t\u00e9l\u00e9, Jack s\u2019est simplement fait remonter les bretelles. Pourquoi\u00a0? Parce qu\u2019il est trop gourmand. La firme qu\u2019il a cr\u00e9\u00e9e est en train de conqu\u00e9rir une position monopolistique et elle a tendance \u00e0 assujettir ses partenaires \u00e0 des r\u00e8gles exorbitantes. R\u00e9v\u00e9l\u00e9s \u00e0 l\u2019automne dernier, les d\u00e9m\u00eal\u00e9s du groupe avec l\u2019autorit\u00e9 r\u00e9gulatrice des march\u00e9s financiers sont la cons\u00e9quence de cette attitude conqu\u00e9rante, confront\u00e9e \u00e0 une politique antitrust dont le gouvernement chinois ne se prive pas de r\u00e9affirmer \u00e0 cette occasion la pertinence.<\/span><\/p>\n<p style=\"text-align: justify;\"><span style=\"font-family: times new roman, times, serif; font-size: 14pt;\">Nous sommes tellement accoutum\u00e9s, en Occident, \u00e0 voir les multinationales faire la pluie et le beau temps, que l\u2019intervention de l\u2019\u00c9tat est pr\u00e9sent\u00e9e comme une violation des droits de l\u2019homme. Mais l\u2019\u00e9conomie chinoise est une \u00e9conomie mixte o\u00f9, depuis les r\u00e9formes, un puissant secteur priv\u00e9 coexiste avec le secteur public. Outre un app\u00e9tit d\u00e9mesur\u00e9, Jack Ma a alors commis une deuxi\u00e8me erreur\u00a0: il a ouvertement critiqu\u00e9 la politique des banques chinoises. Or le secteur bancaire, en Chine, appartient majoritairement au secteur public. Il n\u2019est pas le tiroir-caisse de ses actionnaires priv\u00e9s, mais l\u2019instrument privil\u00e9gi\u00e9 des politiques publiques.<\/span><\/p>\n<p style=\"text-align: justify;\"><span style=\"font-family: times new roman, times, serif; font-size: 14pt;\">Faire le proc\u00e8s des banques, c\u2019est donc porter le fer contre la politique \u00e9conomique du gouvernement. Lorsqu\u2019on s\u2019appelle Jack Ma, et qu\u2019on d\u00e9tient la deuxi\u00e8me fortune du pays, on doit savoir rester \u00e0 sa place\u00a0: celle d\u2019un puissant op\u00e9rateur priv\u00e9, certes, mais qui n\u2019a aucune l\u00e9gitimit\u00e9 pour intervenir dans la d\u00e9termination de la politique \u00e9conomique. La seule autorit\u00e9 d\u00e9tentrice de cette l\u00e9gitimit\u00e9, c\u2019est le parti communiste, aur\u00e9ol\u00e9 de sa victoire historique, fort de ses 90 millions d\u2019adh\u00e9rents et comptable des r\u00e9sultats qu\u2019il a obtenus dans le d\u00e9veloppement du pays.<\/span><\/p>\n<p style=\"text-align: justify;\"><span style=\"font-family: times new roman, times, serif; font-size: 14pt;\">La Chine contemporaine d\u00e9range nos habitudes de pens\u00e9e, et tenter d\u2019en \u00e9lucider la complexit\u00e9 en appliquant des cat\u00e9gories inad\u00e9quates est le plus s\u00fbr moyen de s\u2019abuser sur le sens des \u00e9v\u00e9nements. Les r\u00e9formes lanc\u00e9es par Deng Xiaoping ont inject\u00e9 dans l\u2019\u00e9conomie chinoise une dose massive de capitalisme, et les in\u00e9galit\u00e9s sociales, de revenu et de patrimoine, se sont envol\u00e9es. En Chine, les odes au communisme c\u00f4toient la saga des nouveaux milliardaires, et l\u2019exaltation des valeurs socialistes la cons\u00e9cration de l\u2019enrichissement priv\u00e9.<\/span><\/p>\n<p style=\"text-align: justify;\"><span style=\"font-family: times new roman, times, serif; font-size: 14pt;\">R\u00e9alit\u00e9 complexe, contradictoire, mais il s\u2019av\u00e8re que cette contradiction permanente est le moteur d\u2019un d\u00e9veloppement qui vaut aujourd\u2019hui \u00e0 la Chine le titre de premi\u00e8re puissance \u00e9conomique en parit\u00e9 de pouvoir d\u2019achat, de premi\u00e8re puissance exportatrice mondiale, de premier investisseur dans les \u00e9nergies renouvelables, sans compter un syst\u00e8me \u00e9ducatif qui occupe le premier rang dans les derni\u00e8res \u00e9valuations internationales et une esp\u00e9rance de vie moyenne d\u00e9sormais sup\u00e9rieure \u00e0 celle des \u00c9tats-Unis. Ces performances ne font pas de la Chine un eldorado, les contradictions sociales y sont palpables, et la mont\u00e9e de l\u2019individualisme y menace la coh\u00e9sion de la soci\u00e9t\u00e9. En attendant, l\u2019am\u00e9lioration continue des conditions d\u2019existence de la population, parce qu\u2019elle est une priorit\u00e9 politique, assoit la l\u00e9gitimit\u00e9 du pouvoir exerc\u00e9 par le parti communiste.<\/span><\/p>\n<p style=\"text-align: justify;\"><span style=\"font-family: times new roman, times, serif; font-size: 14pt;\">Ind\u00e9chiffrables tant qu\u2019on applique les cat\u00e9gories occidentales, les paradoxes de la Chine actuelle n\u00e9cessitent aussi une mise en perspective historique. Sur le drapeau de la R\u00e9publique populaire de Chine, la grosse \u00e9toile repr\u00e9sente le parti communiste, investi d\u2019un r\u00f4le dirigeant qui n\u2019est pas n\u00e9gociable.<\/span><\/p>\n<p style=\"text-align: justify;\"><span style=\"font-family: times new roman, times, serif; font-size: 14pt;\">Les quatre petites \u00e9toiles figurent les classes sociales qui participent au d\u00e9veloppement du pays\u00a0: la classe ouvri\u00e8re, la paysannerie, la petite bourgeoisie et la bourgeoisie nationale. Ce pacte fondateur a connu bien des vicissitudes depuis 1949\u00a0: la Chine mao\u00efste \u00e9tait beaucoup plus pauvre et nettement plus \u00e9galitaire. Ce qui n\u2019a pas vari\u00e9, c\u2019est le pilotage de l\u2019\u00e9conomie chinoise, qui a toujours \u00e9t\u00e9 confi\u00e9 \u00e0 la main de fer de l\u2019\u00c9tat, et non \u00e0 la main invisible du march\u00e9. La modeste affaire Jack Ma rappelle que la Chine post-mao\u00efste a des milliardaires, mais que ces derniers n\u2019y exercent pas le pouvoir.<\/span><\/p>\n<p style=\"text-align: justify;\"><span style=\"font-family: times new roman, times, serif; font-size: 14pt;\"><strong>Bruno GUIGUE<\/strong><\/span><\/p>\n<p style=\"text-align: justify;\"><span style=\"font-family: times new roman, times, serif; font-size: 14pt;\">(Le chap\u00f4 est du Grand Soir, le sous-chap\u00f4 est des Grosses Orchades).<\/span><\/p>\n<p style=\"text-align: justify;\"><span style=\"font-family: times new roman, times, serif; font-size: 14pt;\">Source\u00a0: <a href=\"https:\/\/www.legrandsoir.info\/jack-ma-va-t-il-sarcler-les-pommes-de-terre.html\">https:\/\/www.legrandsoir.info\/jack-ma-va-t-il-sarcler-les-pommes-de-terre.html<\/a><\/span><\/p>\n<p>&nbsp;<\/p>\n<p>&nbsp;<\/p>\n<p>&nbsp;<\/p>\n<p style=\"text-align: center;\"><span style=\"font-family: times new roman, times, serif; font-size: 14pt;\"><strong><em>\u00a0<a href=\"http:\/\/blog.lesgrossesorchadeslesamplesthalameges.fr\/wp-content\/uploads\/2021\/01\/paysan_chine_afp220.jpg\"><img loading=\"lazy\" class=\"alignnone wp-image-13116\" src=\"http:\/\/blog.lesgrossesorchadeslesamplesthalameges.fr\/wp-content\/uploads\/2021\/01\/paysan_chine_afp220.jpg\" alt=\"\" width=\"500\" height=\"358\" srcset=\"https:\/\/blog.lesgrossesorchadeslesamplesthalameges.fr\/wp-content\/uploads\/2021\/01\/paysan_chine_afp220.jpg 600w, https:\/\/blog.lesgrossesorchadeslesamplesthalameges.fr\/wp-content\/uploads\/2021\/01\/paysan_chine_afp220-300x215.jpg 300w\" sizes=\"(max-width: 500px) 100vw, 500px\" \/><\/a><\/em><\/strong><\/span><\/p>\n<p style=\"text-align: center;\"><span style=\"font-family: times new roman, times, serif; font-size: 14pt;\"><strong><em>Paysan au travail quelque part en Chine<\/em><\/strong><\/span><\/p>\n<p>&nbsp;<\/p>\n<p>&nbsp;<\/p>\n<p style=\"text-align: justify;\"><span style=\"font-family: comic sans ms, sans-serif; font-size: 14pt;\"><strong>\u00c0 propos de la Chine en g\u00e9n\u00e9ral et de la r\u00e9forme de Deng Xiaoping en particulier, profitons-en pour rappeler aux traducteurs \u00e9ventuels, la magistrale \u00e9tude de Straight Bat, parue en janvier 2020 sur le site du Saker.is. Nous sommes bien d\u00e9cid\u00e9s \u00e0 taper sur le clou jusqu\u2019\u00e0 ce que quelqu\u2019un sorte de sa l\u00e9thargie et y mette le nez\u00a0:<\/strong><\/span><\/p>\n<p style=\"text-align: justify;\"><span style=\"font-family: comic sans ms, sans-serif; font-size: 14pt;\"><strong>\u00a0<\/strong><\/span><\/p>\n<p style=\"text-align: center;\"><span style=\"font-family: times new roman, times, serif; font-size: 18pt;\"><a href=\"http:\/\/thesaker.is\/towards-a-new-dawn-of-collective-community-in-a-new-union-1\/\"><strong>http:\/\/thesaker.is\/towards-a-new-dawn-of-collective-community-in-a-new-union-1\/<\/strong><\/a><\/span><\/p>\n<p style=\"text-align: center;\"><span style=\"font-family: times new roman, times, serif; font-size: 18pt;\"><a href=\"https:\/\/thesaker.is\/bridging-chinas-past-with-humanitys-future-part-2\/\"><strong>https:\/\/thesaker.is\/bridging-chinas-past-with-humanitys-future-part-2\/<\/strong><\/a><\/span><\/p>\n<p style=\"text-align: center;\"><span style=\"font-family: times new roman, times, serif; font-size: 18pt;\"><a href=\"http:\/\/thesaker.is\/bridging-chinas-past-with-humanitys-future-part-3\/\"><strong>http:\/\/thesaker.is\/bridging-chinas-past-with-humanitys-future-part-3\/<\/strong><\/a><\/span><\/p>\n<p>&nbsp;<\/p>\n<p>&nbsp;<\/p>\n<p>&nbsp;<\/p>\n<p style=\"text-align: center;\"><a href=\"http:\/\/blog.lesgrossesorchadeslesamplesthalameges.fr\/wp-content\/uploads\/2021\/01\/Soho-Building-P\u00e9kin.jpg\"><img loading=\"lazy\" class=\"alignnone wp-image-13117\" src=\"http:\/\/blog.lesgrossesorchadeslesamplesthalameges.fr\/wp-content\/uploads\/2021\/01\/Soho-Building-P\u00e9kin.jpg\" alt=\"\" width=\"700\" height=\"350\" srcset=\"https:\/\/blog.lesgrossesorchadeslesamplesthalameges.fr\/wp-content\/uploads\/2021\/01\/Soho-Building-P\u00e9kin.jpg 600w, https:\/\/blog.lesgrossesorchadeslesamplesthalameges.fr\/wp-content\/uploads\/2021\/01\/Soho-Building-P\u00e9kin-300x150.jpg 300w\" sizes=\"(max-width: 700px) 100vw, 700px\" \/><\/a><\/p>\n<p style=\"text-align: center;\"><span style=\"font-family: times new roman, times, serif; font-size: 14pt;\"><strong><em>Soho Building \u2013 P\u00e9kin<\/em><\/strong><\/span><\/p>\n<p style=\"text-align: justify;\"><span style=\"font-family: times new roman, times, serif; font-size: 14pt;\"><strong><em>\u00a0<\/em><\/strong><\/span><\/p>\n<p>&nbsp;<\/p>\n<p style=\"text-align: left;\"><strong><span style=\"font-family: times new roman, times, serif; font-size: 14pt;\">\u00a0URL de cet article : <\/span><\/strong><a href=\"http:\/\/blog.lesgrossesorchadeslesamplesthalameges.fr\/index.php\/jack-ma-va-t-il-sarcler-les-pommes-de-terres\/\"><span style=\"font-family: times new roman, times, serif; font-size: 14pt;\">http:\/\/blog.lesgrossesorchadeslesamplesthalameges.fr\/index.php\/jack-ma-va-t-il-sarcler-les-pommes-de-terres\/<\/span><\/a><strong><em><br \/>\n<\/em><\/strong><\/p>\n<p>&nbsp;<\/p>\n<p>&nbsp;<\/p>\n<p style=\"text-align: right;\"><span style=\"font-family: comic sans ms, sans-serif; font-size: 14pt;\">Janvier 2021<\/span><\/p>\n<p>&nbsp;<\/p>\n<p>&nbsp;<\/p>\n","protected":false},"excerpt":{"rendered":"<p>&nbsp; &nbsp; &nbsp; &nbsp; &nbsp; &nbsp; \u00a0 \u00a0 Jack Ma va-t-il sarcler les pommes de terre\u00a0? \u00a0 Bruno Guigue \u2013 L.G.S. \u2013 8.1.2020 \u00a0 &nbsp; &nbsp; &nbsp; Le 4 janvier 2021. Lib\u00e9ration\u00a0: \u00ab\u00a0En Chine, disgr\u00e2ce et disparition du milliardaire Jack Ma\u00a0\u00bb. Le Point\u00a0: \u00ab\u00a0La myst\u00e9rieuse \u00ab\u00a0disparition\u00a0\u00bb du milliardaire Jack Ma\u00a0\u00bb. Arte (28 minutes)\u00a0: \u00ab\u00a0Chine\u00a0: un&#8230;<\/p>\n","protected":false},"author":1,"featured_media":0,"parent":0,"menu_order":0,"comment_status":"open","ping_status":"open","template":"","meta":[],"_links":{"self":[{"href":"https:\/\/blog.lesgrossesorchadeslesamplesthalameges.fr\/index.php\/wp-json\/wp\/v2\/pages\/13114"}],"collection":[{"href":"https:\/\/blog.lesgrossesorchadeslesamplesthalameges.fr\/index.php\/wp-json\/wp\/v2\/pages"}],"about":[{"href":"https:\/\/blog.lesgrossesorchadeslesamplesthalameges.fr\/index.php\/wp-json\/wp\/v2\/types\/page"}],"author":[{"embeddable":true,"href":"https:\/\/blog.lesgrossesorchadeslesamplesthalameges.fr\/index.php\/wp-json\/wp\/v2\/users\/1"}],"replies":[{"embeddable":true,"href":"https:\/\/blog.lesgrossesorchadeslesamplesthalameges.fr\/index.php\/wp-json\/wp\/v2\/comments?post=13114"}],"version-history":[{"count":6,"href":"https:\/\/blog.lesgrossesorchadeslesamplesthalameges.fr\/index.php\/wp-json\/wp\/v2\/pages\/13114\/revisions"}],"predecessor-version":[{"id":13123,"href":"https:\/\/blog.lesgrossesorchadeslesamplesthalameges.fr\/index.php\/wp-json\/wp\/v2\/pages\/13114\/revisions\/13123"}],"wp:attachment":[{"href":"https:\/\/blog.lesgrossesorchadeslesamplesthalameges.fr\/index.php\/wp-json\/wp\/v2\/media?parent=13114"}],"curies":[{"name":"wp","href":"https:\/\/api.w.org\/{rel}","templated":true}]}}