{"id":13125,"date":"2021-01-08T21:42:05","date_gmt":"2021-01-08T20:42:05","guid":{"rendered":"http:\/\/blog.lesgrossesorchadeslesamplesthalameges.fr\/?page_id=13125"},"modified":"2021-01-08T21:46:07","modified_gmt":"2021-01-08T20:46:07","slug":"13125-2","status":"publish","type":"page","link":"https:\/\/blog.lesgrossesorchadeslesamplesthalameges.fr\/index.php\/13125-2\/","title":{"rendered":""},"content":{"rendered":"<p><strong>\u00a0\u00a0\u00a0\u00a0\u00a0\u00a0\u00a0\u00a0\u00a0\u00a0\u00a0\u00a0\u00a0\u00a0\u00a0\u00a0\u00a0\u00a0 <\/strong><\/p>\n<p>&nbsp;<\/p>\n<p>&nbsp;<\/p>\n<p>&nbsp;<\/p>\n<p>&nbsp;<\/p>\n<p>&nbsp;<\/p>\n<p style=\"text-align: center;\"><span style=\"font-family: times new roman, times, serif; font-size: 36pt;\"><strong>Le boomerang des \u00ab\u00a0r\u00e9volutions de couleur\u00a0\u00bb<\/strong><\/span><\/p>\n<p style=\"text-align: center;\"><span style=\"font-family: times new roman, times, serif; font-size: 14pt;\"><strong>\u00a0<\/strong><\/span><\/p>\n<p style=\"text-align: center;\"><span style=\"font-family: times new roman, times, serif; font-size: 18pt;\"><em><strong>Boris Guenadevitch Karpov \u2013 RusReinfo \u2013 7.1.2021<\/strong><\/em><\/span><\/p>\n<p>&nbsp;<\/p>\n<p>&nbsp;<\/p>\n<p style=\"text-align: center;\"><a href=\"http:\/\/blog.lesgrossesorchadeslesamplesthalameges.fr\/wp-content\/uploads\/2021\/01\/Boopmerang.jpg\"><img loading=\"lazy\" class=\"alignnone wp-image-13090\" src=\"http:\/\/blog.lesgrossesorchadeslesamplesthalameges.fr\/wp-content\/uploads\/2021\/01\/Boopmerang.jpg\" alt=\"\" width=\"600\" height=\"268\" srcset=\"https:\/\/blog.lesgrossesorchadeslesamplesthalameges.fr\/wp-content\/uploads\/2021\/01\/Boopmerang.jpg 959w, https:\/\/blog.lesgrossesorchadeslesamplesthalameges.fr\/wp-content\/uploads\/2021\/01\/Boopmerang-300x134.jpg 300w, https:\/\/blog.lesgrossesorchadeslesamplesthalameges.fr\/wp-content\/uploads\/2021\/01\/Boopmerang-768x344.jpg 768w\" sizes=\"(max-width: 600px) 100vw, 600px\" \/><\/a><\/p>\n<p>&nbsp;<\/p>\n<p style=\"text-align: justify;\"><span style=\"font-family: times new roman, times, serif; font-size: 14pt;\"><em><u>\u00a0<\/u><\/em><\/span><\/p>\n<p style=\"text-align: justify;\"><span style=\"font-family: tahoma, arial, helvetica, sans-serif; font-size: 14pt;\"><strong>Le boomerang des \u00ab\u00a0r\u00e9volutions de couleur\u00a0\u00bb revient en pleine figure des am\u00e9ricains, et le monde se d\u00e9clare \u00ab\u00a0horrifi\u00e9\u00a0\u00bb de l\u2019invasion du Capitole hier par les partisans de Donald Trump. Que ne s\u2019est-il pas d\u00e9clar\u00e9 horrifi\u00e9 du Maydan de Kiev, plus r\u00e9cente \u00ab\u00a0r\u00e9volution orange\u00a0\u00bb foment\u00e9e par l\u2019Occident ! Les images des \u00e9lus am\u00e9ricains, ceux-l\u00e0 m\u00eame qui ont financ\u00e9 depuis des ann\u00e9es les interventions, militaires ou clandestines dans le monde, cach\u00e9s derri\u00e8re leurs chaises et s\u2019enfuyant \u00e0 toutes jambes devant des manifestants sinon compl\u00e8tement pacifiques du moins non-arm\u00e9s, sont un v\u00e9ritable r\u00e9gal.<\/strong><\/span><\/p>\n<p>&nbsp;<\/p>\n<p style=\"text-align: justify;\"><span style=\"font-family: times new roman, times, serif; font-size: 14pt;\">Trump voulait que l\u2019Am\u00e9rique s\u2019occupe enfin de SES affaires et laisse les autres pays tranquilles, la mafia globaliste ne veut pas en entendre parler et l\u2019a donc d\u00e9clar\u00e9 comme \u00ab\u00a0l\u2019homme \u00e0 abattre\u00a0\u00bb. Un d\u00e9chainement de haine a \u00e9t\u00e9 orchestr\u00e9 contre le Pr\u00e9sident am\u00e9ricain durant 4 ans par toute la vermine internationaliste. Mais si son bilan \u00e9conomique est ind\u00e9niablement un v\u00e9ritable succ\u00e8s, qu\u2019a fait Trump durant ces 4 ans pour d\u00e9fendre sa conception de non-intervention dans le monde? Rien, et bien que durant sa campagne \u00e9lectorale de 2020 il avait promis des tas de choses, comme l\u2019arrestation des \u00ab\u00a0traitres du Deep State\u00a0\u00bb en particulier. Or personne n\u2019a \u00e9t\u00e9 arr\u00eat\u00e9, les globalistes ont renforc\u00e9 leurs positions (l\u2019\u00e9norme poids des r\u00e9seaux sociaux en est un exemple, qui peuvent d\u00e9cider de censurer un Pr\u00e9sident!) et on en est arriv\u00e9 \u00e0 la situation actuelle.<\/span><\/p>\n<p style=\"text-align: justify;\"><span style=\"font-family: times new roman, times, serif; font-size: 14pt;\">Depuis des semaines Trump et ses proches fid\u00e8les annoncent avoir des \u00e9l\u00e9ments explosifs et promettent de les d\u00e9voiler, c\u2019est certain disent-ils, elles feront exploser le \u00ab\u00a0Deep State\u00a0\u00bb. Ces \u00e9l\u00e9ments existent, je peux en attester pour avoir, par exemple, vu de mes yeux des vid\u00e9os mettant en scene des responsables am\u00e9ricains dans des situations difficilement soutenables. Aucun ordinateur n\u2019est ferm\u00e9 aux personnes comp\u00e9tentes\u2026 Et donc qu\u2019a fait Trump alors qu\u2019il a vu les \u00e9normes manipulations des donn\u00e9es \u00e9lectorales pour le faire chuter? Une fois encore, rien d\u2019autre que de promettre \u00ab\u00a0Je vais le faire\u00a0\u00bb. Les promesses n\u2019engagent que ceux qui y croient.<\/span><\/p>\n<p style=\"text-align: justify;\"><span style=\"font-family: times new roman, times, serif; font-size: 14pt;\">Alors qu\u2019il avait hier une occasion unique de gagner en d\u00e9voilant les informations qu\u2019il pr\u00e9tendait avoir alors que ses partisans occupaient le Capitole, il a pr\u00e9f\u00e9r\u00e9 se taire et capituler. Le r\u00e9sultat est devant nos yeux, Biden est \u00e9lu et Trump a fait aujourd\u2019hui la SEULE promesse qu\u2019il va tenir: Celle de quitter la Maison Blanche le 20 janvier.<\/span><\/p>\n<p style=\"text-align: justify;\"><span style=\"font-family: times new roman, times, serif; font-size: 14pt;\">Vu de Russie, aucun sentiment de tristesse, ce serait plutot le contraire. Car de voir ce pays qui, depuis des d\u00e9cennies, tente de r\u00e9genter le monde, d\u00e9cide quel Chef d\u2019Etat peut continuer \u00e0 vivre et quel Chef d\u2019Etat doit \u00eatre renvers\u00e9, fomente des r\u00e9volutions, \u00e9trangle \u00e9conomiquement des nations jug\u00e9es \u00ab\u00a0mauvaises\u00a0\u00bb, envahit des pays \u00e9trangers, finance des mouvements r\u00e9volutionnaires et impose des \u00ab\u00a0sanctions\u00a0\u00bb \u00e9conomiques aux pays dont la politique int\u00e9rieure ne lui plait pas, voir ce pays dans cette situation est un plaisir rare!<\/span><\/p>\n<p style=\"text-align: justify;\"><span style=\"font-family: times new roman, times, serif; font-size: 14pt;\">Depuis que la Russie a, il y a 21 ans, relev\u00e9 la t\u00eate gr\u00e2ce \u00e0 Vladimir Poutine, tous les pr\u00e9sidents am\u00e9ricains successifs ont tout tent\u00e9 pour la refaire plonger, que ce soit par des manipulations politiques (financement de l\u2019opposition) ou \u00e9conomiques (les \u00ab\u00a0sanctions\u00a0\u00bb, pour des motifs hasardeux voire ridicules). Eh bien que voyons-nous aujourd\u2019hui? Les Etats-Unis au bord de la guerre civile avec la moiti\u00e9 des citoyens certains que Biden a \u00e9t\u00e9 \u00e9lu frauduleusement (ce qui est une \u00e9vidence). Un pays donc au bord du gouffre, dont les ann\u00e9es qui d\u00e9butent avec Biden laissent entrevoir une escalade des agressions envers les pays qu\u2019il qualifiera de \u00ab\u00a0menaces\u00a0\u00bb. Nous savons d\u00e9j\u00e0 que le nouveau gouvernement US nous attaquera de plus belle avec de nouvelles \u00ab\u00a0sanctions\u00a0\u00bb et de nouvelles menaces. Nous y sommes pr\u00eats, et n\u2019avons d\u2019ailleurs pas attendu pour nous d\u00e9fendre en appliquant la formule \u00ab\u00a0La meilleure d\u00e9fense, c\u2019est l\u2019attaque\u00a0\u00bb. Et que Biden en soit bien conscient, car il est bien loin de se douter de ce que nous pouvons faire chez lui. La C\u00f4te Est (ou Ouest, voire le pays entier) sans \u00e9lectricit\u00e9? Ce serait un bon rem\u00e8de \u00e0 la folie d\u2019un gouvernement ne r\u00eavant que de dominer le monde!<\/span><\/p>\n<p style=\"text-align: justify;\"><span style=\"font-family: times new roman, times, serif; font-size: 14pt;\">Un sentiment nous anime: Non pas la joie car de voir des gens mourir comme cette patriote am\u00e9ricaine de 31 ans hier froidement ex\u00e9cut\u00e9e par un policier du Capitole (video: https:\/\/tvs24.ru\/pub\/watch\/2554\/capitole-manifestante-tu-e-bout-portant\/) ne nous r\u00e9jouit pas. Mais un sentiment de plaisir froid devant la chute in\u00e9luctable d\u2019un pays qui en a d\u00e9truit et a tent\u00e9 d\u2019en d\u00e9truire tant d\u2019autres.<\/span><\/p>\n<p style=\"text-align: justify;\"><span style=\"font-family: times new roman, times, serif; font-size: 14pt;\">Le monde occidental men\u00e9 par les Etats-Unis et ses valets europ\u00e9ens bascule dans la folie totale avec les manipulations g\u00e9n\u00e9tiques sous couvert de \u00ab\u00a0vaccin\u00a0\u00bb, la promotion des d\u00e9g\u00e9n\u00e9r\u00e9s que sont les \u00ab\u00a0transgenres\u00a0\u00bb ou autres malades, le soutien aux mouvements racistes hyperviolents que sont les \u00ab\u00a0BLM\u00a0\u00bb et autres \u00ab\u00a0antifas\u00a0\u00bb, les manipulations des peuples par les \u00ab\u00a0r\u00e9seaux sociaux\u00a0\u00bb aux mains des crapules mondialistes, etc etc.<\/span><\/p>\n<p style=\"text-align: justify;\"><span style=\"font-family: times new roman, times, serif; font-size: 14pt;\">Nous observons et appr\u00e9cions le spectacle de la d\u00e9cadence des Etats-Unis car, nous en sommes persuad\u00e9s: Le jour o\u00f9 l\u2019Am\u00e9rique tombera, ce syst\u00e8me tout entier tombera. Et si nous pouvons donner un \u00ab\u00a0coup de pouce\u00a0\u00bb, pourquoi s\u2019en priver\u2026<\/span><\/p>\n<p style=\"text-align: justify;\"><span style=\"font-family: times new roman, times, serif; font-size: 14pt;\"><strong>Le site de Boris Guenadevitch Karpov\u00a0est ici :<br \/>\n<\/strong><a href=\"https:\/\/boriskarpov.tvs24.ru\"><strong>https:\/\/boriskarpov.tvs24.ru<\/strong><\/a><\/span><\/p>\n<p style=\"text-align: justify;\"><span style=\"font-family: times new roman, times, serif; font-size: 14pt;\"><strong><em><u>Note de RusReinfo<\/u><\/em><\/strong><em>: De nombreuses vid\u00e9os envoy\u00e9es par des supporters de Donald Trump lors de l\u2019invasion du Capitole sont disponibles sur TVS24.ru:\u00a0 <\/em><a href=\"https:\/\/tvs24.ru\/pub\"><em>https:\/\/tvs24.ru\/pub<\/em><\/a><em> sous le nom de \u00ab\u00a0StopTheCheat\u00a0\u00bb<\/em><\/span><\/p>\n<p>&nbsp;<\/p>\n<p style=\"text-align: justify;\"><span style=\"font-family: times new roman, times, serif; font-size: 14pt;\">Source\u00a0: <a href=\"https:\/\/rusreinfo.ru\/fr\/\">https:\/\/rusreinfo.ru\/fr\/<\/a> \u00a0<\/span><\/p>\n<p>&nbsp;<\/p>\n<p style=\"text-align: center;\"><a href=\"http:\/\/blog.lesgrossesorchadeslesamplesthalameges.fr\/wp-content\/uploads\/2021\/01\/Stop-the-Cheat.jpg\"><img loading=\"lazy\" class=\"alignnone wp-image-13126 size-full\" src=\"http:\/\/blog.lesgrossesorchadeslesamplesthalameges.fr\/wp-content\/uploads\/2021\/01\/Stop-the-Cheat.jpg\" alt=\"\" width=\"500\" height=\"280\" srcset=\"https:\/\/blog.lesgrossesorchadeslesamplesthalameges.fr\/wp-content\/uploads\/2021\/01\/Stop-the-Cheat.jpg 500w, https:\/\/blog.lesgrossesorchadeslesamplesthalameges.fr\/wp-content\/uploads\/2021\/01\/Stop-the-Cheat-300x168.jpg 300w\" sizes=\"(max-width: 500px) 100vw, 500px\" \/><\/a><\/p>\n<p>&nbsp;<\/p>\n<p>&nbsp;<\/p>\n<p style=\"text-align: justify;\"><span style=\"font-size: 14pt;\"><strong><span style=\"font-family: times new roman, times, serif;\">URL de cet article\u00a0:\u00a0<\/span><\/strong><a href=\"http:\/\/blog.lesgrossesorchadeslesamplesthalameges.fr\/index.php\/13125-2\/\"><span style=\"font-family: times new roman, times, serif;\">http:\/\/blog.lesgrossesorchadeslesamplesthalameges.fr\/index.php\/13125-2\/<\/span><\/a><\/span><\/p>\n<p><strong>\u00a0<\/strong><\/p>\n<p>&nbsp;<\/p>\n<p style=\"text-align: right;\"><span style=\"font-family: comic sans ms, sans-serif; font-size: 14pt;\">Janvier 2021<\/span><\/p>\n<p>&nbsp;<\/p>\n<p>&nbsp;<\/p>\n","protected":false},"excerpt":{"rendered":"<p>\u00a0\u00a0\u00a0\u00a0\u00a0\u00a0\u00a0\u00a0\u00a0\u00a0\u00a0\u00a0\u00a0\u00a0\u00a0\u00a0\u00a0\u00a0 &nbsp; &nbsp; &nbsp; &nbsp; &nbsp; Le boomerang des \u00ab\u00a0r\u00e9volutions de couleur\u00a0\u00bb \u00a0 Boris Guenadevitch Karpov \u2013 RusReinfo \u2013 7.1.2021 &nbsp; &nbsp; &nbsp; \u00a0 Le boomerang des \u00ab\u00a0r\u00e9volutions de couleur\u00a0\u00bb revient en pleine figure des am\u00e9ricains, et le monde se d\u00e9clare \u00ab\u00a0horrifi\u00e9\u00a0\u00bb de l\u2019invasion du Capitole hier par les partisans de Donald Trump. Que ne&#8230;<\/p>\n","protected":false},"author":1,"featured_media":0,"parent":0,"menu_order":0,"comment_status":"open","ping_status":"open","template":"","meta":[],"_links":{"self":[{"href":"https:\/\/blog.lesgrossesorchadeslesamplesthalameges.fr\/index.php\/wp-json\/wp\/v2\/pages\/13125"}],"collection":[{"href":"https:\/\/blog.lesgrossesorchadeslesamplesthalameges.fr\/index.php\/wp-json\/wp\/v2\/pages"}],"about":[{"href":"https:\/\/blog.lesgrossesorchadeslesamplesthalameges.fr\/index.php\/wp-json\/wp\/v2\/types\/page"}],"author":[{"embeddable":true,"href":"https:\/\/blog.lesgrossesorchadeslesamplesthalameges.fr\/index.php\/wp-json\/wp\/v2\/users\/1"}],"replies":[{"embeddable":true,"href":"https:\/\/blog.lesgrossesorchadeslesamplesthalameges.fr\/index.php\/wp-json\/wp\/v2\/comments?post=13125"}],"version-history":[{"count":5,"href":"https:\/\/blog.lesgrossesorchadeslesamplesthalameges.fr\/index.php\/wp-json\/wp\/v2\/pages\/13125\/revisions"}],"predecessor-version":[{"id":13131,"href":"https:\/\/blog.lesgrossesorchadeslesamplesthalameges.fr\/index.php\/wp-json\/wp\/v2\/pages\/13125\/revisions\/13131"}],"wp:attachment":[{"href":"https:\/\/blog.lesgrossesorchadeslesamplesthalameges.fr\/index.php\/wp-json\/wp\/v2\/media?parent=13125"}],"curies":[{"name":"wp","href":"https:\/\/api.w.org\/{rel}","templated":true}]}}