{"id":13177,"date":"2021-01-17T13:59:43","date_gmt":"2021-01-17T12:59:43","guid":{"rendered":"http:\/\/blog.lesgrossesorchadeslesamplesthalameges.fr\/?page_id=13177"},"modified":"2021-01-17T17:24:35","modified_gmt":"2021-01-17T16:24:35","slug":"demoniac-camera-cry","status":"publish","type":"page","link":"https:\/\/blog.lesgrossesorchadeslesamplesthalameges.fr\/index.php\/demoniac-camera-cry\/","title":{"rendered":"DEMONIAC CAMERA CRY"},"content":{"rendered":"<p>&nbsp;<\/p>\n<p>&nbsp;<\/p>\n<p>&nbsp;<\/p>\n<p>&nbsp;<\/p>\n<p>&nbsp;<\/p>\n<p>&nbsp;<\/p>\n<p>&nbsp;<\/p>\n<p>&nbsp;<\/p>\n<p style=\"text-align: center;\"><span style=\"font-size: 36pt; color: #c00000;\"><strong><em>DEMONIAC CAMERA CRY<\/em><\/strong><\/span><\/p>\n<p style=\"text-align: center;\"><strong>\u00a0<\/strong><\/p>\n<p style=\"text-align: center;\"><strong>\u00a0<\/strong><\/p>\n<p style=\"text-align: center;\"><span style=\"font-size: 18pt;\"><strong>Adresse \u00e0 Alain Berenboom, avocat du Roi et comique troupier<\/strong><\/span><\/p>\n<p style=\"text-align: center;\"><strong>\u00a0<\/strong><\/p>\n<p>&nbsp;<\/p>\n<p>&nbsp;<\/p>\n<p style=\"text-align: center;\"><strong>\u00a0<a href=\"http:\/\/blog.lesgrossesorchadeslesamplesthalameges.fr\/wp-content\/uploads\/2021\/01\/washington-dc-capitolmbuilding-police-0108211.jpg\"><img loading=\"lazy\" class=\"alignnone wp-image-13179\" src=\"http:\/\/blog.lesgrossesorchadeslesamplesthalameges.fr\/wp-content\/uploads\/2021\/01\/washington-dc-capitolmbuilding-police-0108211-300x202.jpg\" alt=\"\" width=\"500\" height=\"337\" srcset=\"https:\/\/blog.lesgrossesorchadeslesamplesthalameges.fr\/wp-content\/uploads\/2021\/01\/washington-dc-capitolmbuilding-police-0108211-300x202.jpg 300w, https:\/\/blog.lesgrossesorchadeslesamplesthalameges.fr\/wp-content\/uploads\/2021\/01\/washington-dc-capitolmbuilding-police-0108211-768x518.jpg 768w, https:\/\/blog.lesgrossesorchadeslesamplesthalameges.fr\/wp-content\/uploads\/2021\/01\/washington-dc-capitolmbuilding-police-0108211-1024x691.jpg 1024w, https:\/\/blog.lesgrossesorchadeslesamplesthalameges.fr\/wp-content\/uploads\/2021\/01\/washington-dc-capitolmbuilding-police-0108211.jpg 1692w\" sizes=\"(max-width: 500px) 100vw, 500px\" \/><\/a><\/strong><\/p>\n<p>&nbsp;<\/p>\n<p>&nbsp;<\/p>\n<p>&nbsp;<\/p>\n<p style=\"text-align: justify;\"><span style=\"font-family: verdana, geneva, sans-serif; font-size: 14pt;\">Qui d\u2019autre que Gilgamesh pouvait-il avoir, en g\u00e9antes lettres de sang, trac\u00e9 ces trois mots sur les fa\u00e7ades inaccessibles de la Maison Blanche et de l\u2019\u00c9lys\u00e9e, la nuit pr\u00e9c\u00e9dant l\u2019investiture du nouveau pr\u00e9sident yankee\u00a0? <em>DEMONIAC CAMERA CRY<\/em>\u00a0: cette inqui\u00e9tante anagramme, figurant dans <em>Axiome de la Sph\u00e8re<\/em>, d\u00e9j\u00e0 dissuadait l\u2019officielle gendelettrie d\u2019explorer ce territoire litt\u00e9raire \u00e9clair\u00e9 par un regard cinq fois mill\u00e9naire. Le h\u00e9ros de la premi\u00e8re \u00e9pop\u00e9e n\u2019est-il pas l\u2019anc\u00eatre de son \u00e9quivalent ph\u00e9nicien Marduk, duquel s\u2019inspir\u00e8rent maints cr\u00e9ateurs d\u2019une immortelle Odyss\u00e9e\u00a0?&#8230;<\/span><\/p>\n<p>&nbsp;<\/p>\n<p style=\"text-align: justify;\"><span style=\"font-family: verdana, geneva, sans-serif; font-size: 14pt;\">Quelle globalisation plus r\u00e9elle que celle op\u00e9r\u00e9e par l\u2019a\u00e8de \u00e0 travers les si\u00e8cles, d\u2019Hom\u00e8re \u00e0 Aim\u00e9 C\u00e9saire, d\u2019Ulysse \u00e0 <em>Ulysses<\/em>\u00a0? L\u2019urbanisation du globe tue son urbanit\u00e9, comme \u00e0 mondialit\u00e9 s\u2019oppose mondialisation. D\u2019o\u00f9 la difficult\u00e9 de relater cette guerre de Troie prenant depuis cent ans forme d\u2019un <em>Guernica<\/em> permanent, dans ces conditions schizono\u00efaques o\u00f9 les glaives ont apparence de boucliers et les fauteurs de bombardements sont pr\u00e9sent\u00e9s par l\u2019industrie des images en protecteurs des populations&#8230;<\/span><\/p>\n<p>&nbsp;<\/p>\n<p style=\"text-align: justify;\"><span style=\"font-family: verdana, geneva, sans-serif; font-size: 14pt;\">Depuis la premi\u00e8re guerre mondiale, o\u00f9 vont principalement les fortunes colossales engag\u00e9es dans la recherche dite scientifique, sinon dans les innovations militaires\u00a0? Quelles principales retomb\u00e9es financi\u00e8res, sinon les gains astronomiques r\u00e9sultant de leurs commercialisations massives\u00a0? Quels principaux effets pathologiques d\u2019un syst\u00e8me ayant pour moteurs march\u00e9 de la guerre et guerre du march\u00e9, sinon d\u00e9sastres cons\u00e9cutifs aux divorces entre nature et culture, mati\u00e8re et esprit\u00a0? Le recours aux bio-nano-technologies par puces et implants pour augmenter la performance des troupes n\u2019a-t-il pas des implications programm\u00e9es dans le troupeau des producteurs-consommateurs, dont il convient de pr\u00e9venir l\u2019explosion des in\u00e9luctables col\u00e8res provoqu\u00e9es par l\u2019aggravation de toutes les mis\u00e8res\u00a0?&#8230;<\/span><\/p>\n<p>&nbsp;<\/p>\n<p style=\"text-align: justify;\"><span style=\"font-family: verdana, geneva, sans-serif; font-size: 14pt;\">Au temps lointain d\u2019avant l\u2019assassinat de l\u2019a\u00e8de, aucun \u00c9tat n\u2019aurait os\u00e9 recruter ouvertement des \u00e9crivains pour incorporer leurs logiciels \u00e0 ceux de l\u2019arm\u00e9e, tant le sens \u00e9tymologique du mot <em>auteur<\/em> (celui qui augmente) \u00e9tait compris dans une acception ne pouvant le confondre avec la mission d\u2019un troufion ; et la valetaille m\u00e9diatique n\u2019exhibait pas ouvertement son statut prostitu\u00e9&#8230;<\/span><\/p>\n<p>&nbsp;<\/p>\n<p style=\"text-align: justify;\"><span style=\"font-family: verdana, geneva, sans-serif; font-size: 14pt;\">Ainsi vont se propageant des contagions pand\u00e9miques d\u2019imb\u00e9cillit\u00e9 de masse ayant pour seul vaccin la conscience de classe, dont l\u2019\u00e9limination assimile toute manifestation populaire aux ru\u00e9es gr\u00e9gaires dans stades et concerts\u00a0: confusion garantie par la militarisation forc\u00e9e de ces activit\u00e9s&#8230;<\/span><\/p>\n<p>&nbsp;<\/p>\n<p style=\"text-align: justify;\"><span style=\"font-family: verdana, geneva, sans-serif; font-size: 14pt;\">Mais de quelle cam\u00e9ra d\u00e9moniaque parlez-vous\u00a0? Je ne suis pas coupable de cette formule ayant balafr\u00e9 le visage de la d\u00e9mocratie dans la nuit du 19 au 20 janvier, par laquelle Gilgamesh sugg\u00e8re peut-\u00eatre une infernale inversion du r\u00e9el dans sa repr\u00e9sentation. L\u2019actuel pand\u00e9monium a valeur de Panth\u00e9on quand Jupiter exerce un pouvoir absolu sur l\u2019un et l\u2019autre et que les Titans sont bannis aux confins de l\u2019Est et de l\u2019Ouest. Au Levant, t\u00e9n\u00e8bres de la guerre\u00a0; \u00e0 l\u2019Occident, couvre-feu des corps et des \u00e2mes\u00a0: rien ne menace un pseudocosme faisant r\u00e9gner le chaos comme ordre de l\u2019Olympe. Qu\u2019il s\u2019agisse d\u2019\u00e9pid\u00e9miologies sanitaires ou s\u00e9curitaires, une soumission de la Parole \u00e0 la Valeur, intrins\u00e8que \u00e0 Kapitotal, impose une industrie du verbe falsifi\u00e9 g\u00e9r\u00e9e par les experts de la tour Panoptic\u2026<\/span><\/p>\n<p>&nbsp;<\/p>\n<p style=\"text-align: justify;\"><span style=\"font-family: verdana, geneva, sans-serif; font-size: 14pt;\">De temps \u00e0 autre, le crime organis\u00e9 sous pavillon d\u00e9mocratique place un outlaw d\u00e9clar\u00e9\u00a0comme tel au sommet pour oser quelque sc\u00e9l\u00e9ratesse hors de port\u00e9e du personnel politique traditionnel. Il se trouvera toujours un acteur volontaire pour jouer ce mauvais r\u00f4le qui agr\u00e9gera des masses de b\u00e9tail m\u00e9content de son sort, dans des op\u00e9rations de diversion destin\u00e9es \u00e0 occulter le v\u00e9ritable forfait profitable \u00e0 son successeur, lequel appara\u00eetra v\u00eatu de probit\u00e9 candide comme Uncle Joe ce 20 janvier. Tel fut le sens du message de Gilgamesh, ayant constat\u00e9 combien la farce du Capitole d\u00e9tourna les regards du Capital. Faut-il pas le beuglement des prol\u00e9taires pour couvrir le chuchotement des actionnaires dans une bouillie de clich\u00e9s primaires\u00a0? Hypnose hallucinatoire permettant d\u2019ignorer l\u2019acte de guerre financi\u00e8re perp\u00e9tr\u00e9 par Wall Street contre un gazoduc entre l\u2019Europe et la Russie. Mais aux trompettes m\u00e9diatiques il revint aussi de jouer les oies du Capitole pour couvrir cet autre attentat de Killer Donald \u2013 ma\u00eetre d\u2019\u0153uvre de l\u2019axe Washington-J\u00e9rusalem-Riyad\u00a0: l\u2019inscription de la r\u00e9sistance y\u00e9m\u00e9nite \u00e0 cet axe, au registre du terrorisme international\u2026<\/span><\/p>\n<p>&nbsp;<\/p>\n<p>&nbsp;<\/p>\n<p style=\"text-align: center;\"><a href=\"http:\/\/blog.lesgrossesorchadeslesamplesthalameges.fr\/wp-content\/uploads\/2021\/01\/Berenboom.jpg\"><img loading=\"lazy\" class=\"alignnone wp-image-13183\" src=\"http:\/\/blog.lesgrossesorchadeslesamplesthalameges.fr\/wp-content\/uploads\/2021\/01\/Berenboom.jpg\" alt=\"\" width=\"450\" height=\"225\" srcset=\"https:\/\/blog.lesgrossesorchadeslesamplesthalameges.fr\/wp-content\/uploads\/2021\/01\/Berenboom.jpg 600w, https:\/\/blog.lesgrossesorchadeslesamplesthalameges.fr\/wp-content\/uploads\/2021\/01\/Berenboom-300x150.jpg 300w\" sizes=\"(max-width: 450px) 100vw, 450px\" \/><\/a><\/p>\n<p>&nbsp;<\/p>\n<p>&nbsp;<\/p>\n<p style=\"text-align: justify;\"><span style=\"font-family: verdana, geneva, sans-serif; font-size: 14pt;\">(D\u2019aussi basses infamies n\u2019ont pas trop de porteurs de seringues pour en inoculer le poison sous anesth\u00e9sie d\u2019humour convenu\u00a0: l\u2019avocat du Palais royal belge Alain Berenboom, faisant office d\u2019hebdomadaire comique troupier dans les colonnes du <em>Soir <\/em>de Bruxelles, \u00e9voque pour seules destinations possibles d\u2019un Trump en recherche de terre d\u2019exil : Cor\u00e9e du Nord, Syrie, Russie&#8230;)<\/span><\/p>\n<p>&nbsp;<\/p>\n<p style=\"text-align: justify;\"><span style=\"font-family: verdana, geneva, sans-serif; font-size: 14pt;\">Ces doses massives de propagande (sous l\u2019\u0153il vigilant du Parrain de la Belgique) font oublier que le pacte faustien sur lequel s\u2019\u00e9tait fond\u00e9e l\u2019<em>American Way of Life<\/em>, consistait en une promesse d\u2019accession \u00e0 l\u2019Eden du <em>Welfare State<\/em> pour les travailleurs, en \u00e9change de leur conscience de classe. Le diable a conserv\u00e9 celle-ci dans sa besace, mais rompu l\u2019autre partie du deal unilat\u00e9ralement. De sorte que, plong\u00e9 dans une g\u00e9henne de mis\u00e8re, excit\u00e9 de rage mortif\u00e8re, le peuple voua foi aux \u00e9vang\u00e9liques tweets du dealer&#8230;<\/span><\/p>\n<p>&nbsp;<\/p>\n<p style=\"text-align: justify;\"><span style=\"font-family: verdana, geneva, sans-serif; font-size: 14pt;\">Il en r\u00e9sulta cette sc\u00e8ne de vid\u00e9ogame sur Capitol Hill. Aussit\u00f4t le ch\u0153ur du clerg\u00e9 m\u00e9diatique entonna son plus vieil hymne liturgique, celui de la mal\u00e9diction, pour accabler d\u2019impr\u00e9cations les acteurs du happening. Par quelle horde barbare \u00e9tait-elle profan\u00e9e, la banni\u00e8re \u00e9toil\u00e9e symbolisant toutes les valeurs occidentales, qu\u2019avaient hiss\u00e9e si haut Rockefeller et Kissinger, Bill Gates et Zuckerberg\u00a0! N\u2019avait-on pas retenu le le\u00e7on de Warren Buffett avouant que la lutte des classes existait et qu\u2019ils l\u2019avaient gagn\u00e9e\u00a0? Ces opportunes gamineries de t\u00e9l\u00e9r\u00e9alit\u00e9 serviraient de pr\u00e9texte pour criminaliser la moindre pens\u00e9e critique. Interdit d\u2019interroger ce qui d\u00e9truit la conscience dans les cerveaux, supprimant l\u2019aptitude \u00e0 discerner ce qui s\u00e9pare le r\u00e9el du factice, comme \u00e0 se prot\u00e9ger des bombardements publicitaires dont les radiations accompagn\u00e8rent celles de l\u2019\u00e8re nucl\u00e9aire&#8230;<\/span><\/p>\n<p>&nbsp;<\/p>\n<p style=\"text-align: justify;\"><span style=\"font-family: verdana, geneva, sans-serif; font-size: 14pt;\">Je m\u2019adresse \u00e0 toi personnellement, Alain Berenboom, que je n\u2019ai crois\u00e9 qu\u2019une fois, lors de la f\u00eate organis\u00e9e par Jacques De Decker pour son 50<sup>e<\/sup> anniversaire. \u00c0 toi dont Jacques d\u00e9plorait la mondaine vacuit\u00e9 du rire en renfort du pouvoir s\u2019\u00e9talant chaque samedi dans <em>Le Soir<\/em> de Bruxelles, je me permets de recommander lecture d\u2019un texte \u00e0 voix haute lorsque tu seras seul devant ton miroir, ou mieux encore en compagnie du Roi des Belges et du Parrain de la Belgique. <em>Pour le divertissement nocturne d\u2019une honorable soci\u00e9t\u00e9 r\u00e9unie dans le parc de Bruxelles \u00e0 l\u2019occasion du couronnement de L\u00e9opold VII <\/em>est son titre. C\u2019est Folial \u2013 personnage de Ghelderode \u2013 qui parle. Ce fut publi\u00e9 dans <em>Marginales<\/em> et reproduit dans un recueil intitul\u00e9 <em>De la Belgique<\/em> en 2000\u00a0: ce texte y pr\u00e9c\u00e9dait celui qui saluait la m\u00e9moire du plus noble de tous les hommes politiques ayant jamais honor\u00e9 notre pays\u00a0: <em>L\u2019a\u00e8de Lumumba ne meurt pas<\/em>\u2026<\/span><\/p>\n<p>&nbsp;<\/p>\n<p style=\"text-align: justify;\"><span style=\"font-family: verdana, geneva, sans-serif; font-size: 14pt;\">(Dans ses pages d\u2019hommage oblig\u00e9,\u00a0<em>Le Soir<\/em> ne pouvait mentionner <em>Mamiwata<\/em>, seule oeuvre litt\u00e9raire belge ayant rendu compte de la colonisation du Congo, donc de <em>l&rsquo;affaire du Satan de Stan<\/em>&#8230;)<\/span><\/p>\n<p>&nbsp;<\/p>\n<p style=\"text-align: justify;\"><span style=\"font-family: verdana, geneva, sans-serif; font-size: 14pt;\">Face au miroir, Alain Berenboom, Folial te r\u00e9v\u00e9lera le sens de l\u2019\u00e9nigmatique anagramme en trois mots tatou\u00e9e la nuit du 19 au 20 sur la Maison Blanche et l\u2019\u00c9lys\u00e9e\u00a0: <strong><em>AMERICAN DEMOCRACY<\/em><\/strong>.<\/span><\/p>\n<p>&nbsp;<\/p>\n<p style=\"text-align: justify;\"><span style=\"font-family: verdana, geneva, sans-serif; font-size: 18pt;\">Anatole Atlas,<\/span><\/p>\n<p style=\"text-align: justify;\"><span style=\"font-family: verdana, geneva, sans-serif; font-size: 14pt;\">le 17 janvier 2021,<\/span><\/p>\n<p style=\"text-align: justify;\"><span style=\"font-family: verdana, geneva, sans-serif; font-size: 14pt;\">60<sup>e<\/sup> anniversaire de l\u2019assassinat de Patrice Emery Lumumba<\/span><\/p>\n<p>&nbsp;<\/p>\n<p style=\"text-align: justify;\"><span style=\"font-family: arial, helvetica, sans-serif; font-size: 14pt;\"><a href=\"http:\/\/www.spherisme.be\">www.spherisme.be<\/a><\/span><\/p>\n<p>&nbsp;<\/p>\n<p><span style=\"font-family: times new roman, times, serif; font-size: 14pt;\">Source\u00a0: <\/span><a href=\"http:\/\/www.spherisme.be\/Texte\/DemoniacCameraCry.htm\"><span style=\"font-family: times new roman, times, serif; font-size: 14pt;\">http:\/\/www.spherisme.be\/Texte\/DemoniacCameraCry.htm<\/span><\/a><\/p>\n<p><span style=\"font-family: times new roman, times, serif; font-size: 14pt;\">URL de cet article : <a href=\"http:\/\/blog.lesgrossesorchadeslesamplesthalameges.fr\/index.php\/demoniac-camera-cry\/\">http:\/\/blog.lesgrossesorchadeslesamplesthalameges.fr\/index.php\/demoniac-camera-cry\/<\/a><br \/>\n<\/span><\/p>\n<p>&nbsp;<\/p>\n<p>&nbsp;<\/p>\n<p>&nbsp;<\/p>\n<p style=\"text-align: center;\"><a href=\"http:\/\/blog.lesgrossesorchadeslesamplesthalameges.fr\/wp-content\/uploads\/2021\/01\/000.-russep-x.gif\"><img loading=\"lazy\" class=\"alignnone size-full wp-image-13156\" src=\"http:\/\/blog.lesgrossesorchadeslesamplesthalameges.fr\/wp-content\/uploads\/2021\/01\/000.-russep-x.gif\" alt=\"\" width=\"50\" height=\"50\" \/><\/a><\/p>\n<p>&nbsp;<\/p>\n<p>&nbsp;<\/p>\n<p style=\"text-align: right;\"><span style=\"font-family: comic sans ms, sans-serif; font-size: 14pt;\">17 janvier 2021<\/span><\/p>\n","protected":false},"excerpt":{"rendered":"<p>&nbsp; &nbsp; &nbsp; &nbsp; &nbsp; &nbsp; &nbsp; &nbsp; DEMONIAC CAMERA CRY \u00a0 \u00a0 Adresse \u00e0 Alain Berenboom, avocat du Roi et comique troupier \u00a0 &nbsp; &nbsp; \u00a0 &nbsp; &nbsp; &nbsp; Qui d\u2019autre que Gilgamesh pouvait-il avoir, en g\u00e9antes lettres de sang, trac\u00e9 ces trois mots sur les fa\u00e7ades inaccessibles de la Maison Blanche et de&#8230;<\/p>\n","protected":false},"author":1,"featured_media":0,"parent":0,"menu_order":0,"comment_status":"open","ping_status":"open","template":"","meta":[],"_links":{"self":[{"href":"https:\/\/blog.lesgrossesorchadeslesamplesthalameges.fr\/index.php\/wp-json\/wp\/v2\/pages\/13177"}],"collection":[{"href":"https:\/\/blog.lesgrossesorchadeslesamplesthalameges.fr\/index.php\/wp-json\/wp\/v2\/pages"}],"about":[{"href":"https:\/\/blog.lesgrossesorchadeslesamplesthalameges.fr\/index.php\/wp-json\/wp\/v2\/types\/page"}],"author":[{"embeddable":true,"href":"https:\/\/blog.lesgrossesorchadeslesamplesthalameges.fr\/index.php\/wp-json\/wp\/v2\/users\/1"}],"replies":[{"embeddable":true,"href":"https:\/\/blog.lesgrossesorchadeslesamplesthalameges.fr\/index.php\/wp-json\/wp\/v2\/comments?post=13177"}],"version-history":[{"count":11,"href":"https:\/\/blog.lesgrossesorchadeslesamplesthalameges.fr\/index.php\/wp-json\/wp\/v2\/pages\/13177\/revisions"}],"predecessor-version":[{"id":13186,"href":"https:\/\/blog.lesgrossesorchadeslesamplesthalameges.fr\/index.php\/wp-json\/wp\/v2\/pages\/13177\/revisions\/13186"}],"wp:attachment":[{"href":"https:\/\/blog.lesgrossesorchadeslesamplesthalameges.fr\/index.php\/wp-json\/wp\/v2\/media?parent=13177"}],"curies":[{"name":"wp","href":"https:\/\/api.w.org\/{rel}","templated":true}]}}