{"id":13471,"date":"2021-03-31T20:43:58","date_gmt":"2021-03-31T18:43:58","guid":{"rendered":"http:\/\/blog.lesgrossesorchadeslesamplesthalameges.fr\/?page_id=13471"},"modified":"2021-03-31T20:45:29","modified_gmt":"2021-03-31T18:45:29","slug":"ce-quelle-a-chante","status":"publish","type":"page","link":"https:\/\/blog.lesgrossesorchadeslesamplesthalameges.fr\/index.php\/ce-quelle-a-chante\/","title":{"rendered":"Ce qu&rsquo;elle a chant\u00e9"},"content":{"rendered":"<p>&nbsp;<\/p>\n<p>&nbsp;<\/p>\n<p>&nbsp;<\/p>\n<p>&nbsp;<\/p>\n<p>&nbsp;<\/p>\n<p>&nbsp;<\/p>\n<p>&nbsp;<\/p>\n<p style=\"text-align: center;\"><span style=\"font-size: 48pt; color: #c00000;\">Ce qu\u2019elle a chant\u00e9<\/span><\/p>\n<p style=\"text-align: justify;\"><span style=\"font-size: 14pt; font-family: times new roman, times, serif;\"><strong><em>\u00a0<\/em><\/strong><\/span><\/p>\n<p>&nbsp;<\/p>\n<p style=\"text-align: justify;\"><span style=\"font-family: times new roman, times, serif; font-size: 14pt;\"><strong><em>\u00a0<\/em><\/strong><\/span><\/p>\n<p style=\"text-align: justify;\"><span style=\"font-family: times new roman, times, serif; font-size: 18pt; color: #c00000;\"><strong><em>Pendant que j\u2019y suis\u00a0:<\/em><\/strong><\/span><\/p>\n<p style=\"text-align: justify;\"><span style=\"font-family: times new roman, times, serif; font-size: 14pt;\"><strong><em>\u00a0<\/em><\/strong><\/span><\/p>\n<p style=\"text-align: center;\"><span style=\"font-family: times new roman, times, serif; font-size: 36pt;\"><strong><em>L\u2019Odyss\u00e9e<\/em><\/strong><strong> en fran\u00e7ais<\/strong><\/span><\/p>\n<p style=\"text-align: justify;\"><span style=\"font-family: times new roman, times, serif; font-size: 14pt;\"><strong>\u00a0<\/strong><\/span><\/p>\n<p>&nbsp;<\/p>\n<p style=\"text-align: justify;\"><span style=\"font-family: comic sans ms, sans-serif; font-size: 14pt;\">Il en existe des tas d\u2019\u00e9ditions et des tas de versions, anciennes ou modernes<\/span><\/p>\n<p style=\"text-align: justify;\"><span style=\"font-family: comic sans ms, sans-serif; font-size: 14pt;\">Il y en a surtout beaucoup \u00e0 l\u2019usage des \u00e9coles en \u00ab\u00a0texte abr\u00e9g\u00e9\u00a0\u00bb. On tremble \u00e0 l\u2019id\u00e9e de ce qui s\u2019y trouve, mais quand on ne les a pas lus, on n\u2019en peut rien dire.<\/span><\/p>\n<p style=\"text-align: justify;\"><span style=\"font-family: comic sans ms, sans-serif; font-size: 14pt;\">En voici une,\u00a0apparemment compl\u00e8te, destin\u00e9e aux adultes\u00a0:<\/span><\/p>\n<p>&nbsp;<\/p>\n<p>&nbsp;<\/p>\n<p><a href=\"http:\/\/blog.lesgrossesorchadeslesamplesthalameges.fr\/index.php\/ce-quelle-a-chante\/couverture-folio\/\" rel=\"attachment wp-att-13473\"><img loading=\"lazy\" class=\"alignnone wp-image-13473 size-full\" src=\"http:\/\/blog.lesgrossesorchadeslesamplesthalameges.fr\/wp-content\/uploads\/2021\/03\/Couverture-Folio.jpg\" alt=\"\" width=\"300\" height=\"497\" srcset=\"https:\/\/blog.lesgrossesorchadeslesamplesthalameges.fr\/wp-content\/uploads\/2021\/03\/Couverture-Folio.jpg 300w, https:\/\/blog.lesgrossesorchadeslesamplesthalameges.fr\/wp-content\/uploads\/2021\/03\/Couverture-Folio-181x300.jpg 181w\" sizes=\"(max-width: 300px) 100vw, 300px\" \/><\/a><\/p>\n<p style=\"text-align: justify;\"><span style=\"font-family: times new roman, times, serif; font-size: 14pt;\">Hom\u00e8re (ben, oui\u2026)<\/span><\/p>\n<p style=\"text-align: justify;\"><span style=\"font-family: times new roman, times, serif; font-size: 18pt;\"><strong><em>Odyss\u00e9e<\/em><\/strong><\/span><\/p>\n<p style=\"text-align: justify;\"><span style=\"font-family: times new roman, times, serif; font-size: 14pt;\">\u00c9dition et traduction de Jean B\u00e9rard<\/span><\/p>\n<p style=\"text-align: justify;\"><span style=\"font-family: times new roman, times, serif; font-size: 14pt;\">Pr\u00e9face de Paul Claudel<\/span><\/p>\n<p style=\"text-align: justify;\"><span style=\"font-family: times new roman, times, serif; font-size: 14pt;\">Folio \u2013 Gallimard 1973<\/span><\/p>\n<p style=\"text-align: justify;\"><span style=\"font-family: times new roman, times, serif; font-size: 14pt;\">601 pages<\/span><\/p>\n<p style=\"text-align: justify; padding-left: 240px;\"><span style=\"font-family: times new roman, times, serif; font-size: 14pt;\">\u00ab\u00a0Et le divin Ulysse \u00e9mergea des broussailles. Sa forte main cassa dans la dense verdure un rameau bien feuillu qu&rsquo;il donnerait pour voile \u00e0 sa virilit\u00e9. Puis il sortit du bois. Tel un lion des monts, qui compte sur sa force, s&rsquo;en va, les yeux en feu, par la pluie et le vent, se jeter sur les boeufs et les moutons, ou court forcer les daims sauvages ; c&rsquo;est le ventre qui parle. Tel, en sa nudit\u00e9, Ulysse s&rsquo;avan\u00e7ait vers ces filles boucl\u00e9es : le besoin le poussait&#8230; Quand l&rsquo;horreur de ce corps tout g\u00e2t\u00e9 par la mer leur apparut, ce fut une fuite \u00e9perdue jusqu&rsquo;aux franges des gr\u00e8ves. Il ne resta que la fille d&rsquo;Alkinoos : Ath\u00e9na lui mettait dans le coeur cette audace et ne permettait pas \u00e0 ses membres la peur. Debout, elle fit t\u00eate.\u00a0\u00bb<\/span><\/p>\n<p>&nbsp;<\/p>\n<p>&nbsp;<\/p>\n<p><a href=\"http:\/\/blog.lesgrossesorchadeslesamplesthalameges.fr\/index.php\/ce-quelle-a-chante\/couverture-jaccottet-poche\/\" rel=\"attachment wp-att-13474\"><img loading=\"lazy\" class=\"alignnone wp-image-13474 size-full\" src=\"http:\/\/blog.lesgrossesorchadeslesamplesthalameges.fr\/wp-content\/uploads\/2021\/03\/Couverture-Jaccottet-poche.jpg\" alt=\"\" width=\"300\" height=\"455\" srcset=\"https:\/\/blog.lesgrossesorchadeslesamplesthalameges.fr\/wp-content\/uploads\/2021\/03\/Couverture-Jaccottet-poche.jpg 300w, https:\/\/blog.lesgrossesorchadeslesamplesthalameges.fr\/wp-content\/uploads\/2021\/03\/Couverture-Jaccottet-poche-198x300.jpg 198w\" sizes=\"(max-width: 300px) 100vw, 300px\" \/><\/a><\/p>\n<p style=\"text-align: justify;\"><span style=\"font-family: times new roman, times, serif; font-size: 14pt;\">Hom\u00e8re (toujours)<\/span><\/p>\n<p style=\"text-align: justify;\"><span style=\"font-family: times new roman, times, serif; font-size: 18pt;\"><strong><em>L\u2019Odyss\u00e9e<\/em><\/strong><\/span><\/p>\n<p style=\"text-align: justify;\"><span style=\"font-family: times new roman, times, serif; font-size: 14pt;\">Traduction de Philippe Jaccottet<\/span><\/p>\n<p style=\"text-align: justify;\"><span style=\"font-family: times new roman, times, serif; font-size: 14pt;\">Suivi de \u00ab\u00a0Des lieux et des hommes\u00a0\u00bb,<\/span><\/p>\n<p style=\"text-align: justify;\"><span style=\"font-family: times new roman, times, serif; font-size: 14pt;\">par Fran\u00e7ois Hartog<\/span><\/p>\n<p style=\"text-align: justify;\"><span style=\"font-family: times new roman, times, serif; font-size: 14pt;\">La D\u00e9couverte, 2004<\/span><\/p>\n<p style=\"text-align: justify;\"><span style=\"font-family: times new roman, times, serif; font-size: 14pt;\">434 pages<\/span><\/p>\n<p style=\"text-align: justify; padding-left: 240px;\"><span style=\"font-family: times new roman, times, serif; font-size: 14pt;\">\u00ab\u00a0\u00d4 muse, conte-moi l&rsquo;aventure de l&rsquo;inventif :<\/span><\/p>\n<p style=\"text-align: justify; padding-left: 240px;\"><span style=\"font-family: times new roman, times, serif; font-size: 14pt;\">celui qui pilla Troie, qui pendant des ann\u00e9es erra,<\/span><\/p>\n<p style=\"text-align: justify; padding-left: 240px;\"><span style=\"font-family: times new roman, times, serif; font-size: 14pt;\">voyant beaucoup de villes, d\u00e9couvrant beaucoup d&rsquo;usages,<\/span><\/p>\n<p style=\"text-align: justify; padding-left: 240px;\"><span style=\"font-family: times new roman, times, serif; font-size: 14pt;\">souffrant beaucoup d&rsquo;angoisses dans son \u00e2me sur la mer<\/span><\/p>\n<p style=\"text-align: justify; padding-left: 240px;\"><span style=\"font-family: times new roman, times, serif; font-size: 14pt;\">pour d\u00e9fendre sa vie et le retour de ses marins<\/span><\/p>\n<p style=\"text-align: justify; padding-left: 240px;\"><span style=\"font-family: times new roman, times, serif; font-size: 14pt;\">sans en pouvoir pourtant sauver un seul, quoi qu\u2019il en e\u00fbt\u00a0:<\/span><\/p>\n<p style=\"text-align: justify; padding-left: 240px;\"><span style=\"font-family: times new roman, times, serif; font-size: 14pt;\">par leur propre fureur il furent perdus en effet,<\/span><\/p>\n<p style=\"text-align: justify; padding-left: 240px;\"><span style=\"font-family: times new roman, times, serif; font-size: 14pt;\">ces enfants qui touch\u00e8rent aux troupeaux<\/span><\/p>\n<p style=\"text-align: justify; padding-left: 240px;\"><span style=\"font-family: times new roman, times, serif; font-size: 14pt;\">du dieu d\u2019En Haut,<\/span><\/p>\n<p style=\"text-align: justify; padding-left: 240px;\"><span style=\"font-family: times new roman, times, serif; font-size: 14pt;\">le soleil qui leur prit le bonheur du retour\u2026<\/span><\/p>\n<p style=\"text-align: justify; padding-left: 240px;\"><span style=\"font-family: times new roman, times, serif; font-size: 14pt;\">\u00c0 nous aussi, fille de Zeus, conte un peu ces exploits\u00a0!\u00a0\u00bb<\/span><\/p>\n<p>&nbsp;<\/p>\n<p>&nbsp;<\/p>\n<p style=\"text-align: justify;\"><a href=\"http:\/\/blog.lesgrossesorchadeslesamplesthalameges.fr\/index.php\/ce-quelle-a-chante\/couverture-jaccottet-gf\/\" rel=\"attachment wp-att-13475\"><img loading=\"lazy\" class=\"alignnone wp-image-13475 size-full\" src=\"http:\/\/blog.lesgrossesorchadeslesamplesthalameges.fr\/wp-content\/uploads\/2021\/03\/Couverture-Jaccottet-GF.jpg\" alt=\"\" width=\"300\" height=\"415\" srcset=\"https:\/\/blog.lesgrossesorchadeslesamplesthalameges.fr\/wp-content\/uploads\/2021\/03\/Couverture-Jaccottet-GF.jpg 300w, https:\/\/blog.lesgrossesorchadeslesamplesthalameges.fr\/wp-content\/uploads\/2021\/03\/Couverture-Jaccottet-GF-217x300.jpg 217w\" sizes=\"(max-width: 300px) 100vw, 300px\" \/><\/a><\/p>\n<p style=\"text-align: justify;\"><span style=\"font-family: times new roman, times, serif; font-size: 14pt;\">Hom\u00e8re<\/span><\/p>\n<p style=\"text-align: justify;\"><span style=\"font-family: times new roman, times, serif; font-size: 18pt;\"><strong><em>L\u2019Odyss\u00e9e<\/em><\/strong><\/span><\/p>\n<p style=\"text-align: justify;\"><span style=\"font-family: times new roman, times, serif; font-size: 14pt;\">Traduction de Philippe Jaccottet<\/span><\/p>\n<p style=\"text-align: justify;\"><span style=\"font-family: times new roman, times, serif; font-size: 14pt;\">Illustrations de Julien Chabot<\/span><\/p>\n<p style=\"text-align: justify;\"><span style=\"font-family: times new roman, times, serif; font-size: 14pt;\">La D\u00e9couverte \u2013 2016<\/span><\/p>\n<p style=\"text-align: justify;\"><span style=\"font-family: times new roman, times, serif; font-size: 14pt;\">Dimensions 16.3 x 3.2 x 23.6 cm<\/span><\/p>\n<p style=\"text-align: justify;\"><span style=\"font-family: times new roman, times, serif; font-size: 14pt;\">440 pages<\/span><\/p>\n<p style=\"text-align: justify; padding-left: 240px;\"><span style=\"font-family: times new roman, times, serif; font-size: 14pt;\">\u00ab\u00a0Ayant ainsi parl\u00e9, Ulysse \u00e9mergea des broussailles.<\/span><\/p>\n<p style=\"text-align: justify; padding-left: 240px;\"><span style=\"font-family: times new roman, times, serif; font-size: 14pt;\">Dans l\u2019\u00e9paisse verdure, il tailla de sa grosse main<\/span><\/p>\n<p style=\"text-align: justify; padding-left: 240px;\"><span style=\"font-family: times new roman, times, serif; font-size: 14pt;\">une branche feuillue pour cacher sa virilit\u00e9.<\/span><\/p>\n<p style=\"text-align: justify; padding-left: 240px;\"><span style=\"font-family: times new roman, times, serif; font-size: 14pt;\">Comme le lion des montagnes assur\u00e9 de sa force,<\/span><\/p>\n<p style=\"text-align: justify; padding-left: 240px;\"><span style=\"font-family: times new roman, times, serif; font-size: 14pt;\">qui marche dans la pluie et dans le vent, ses yeux<\/span><\/p>\n<p style=\"text-align: justify; padding-left: 240px;\"><span style=\"font-family: times new roman, times, serif; font-size: 14pt;\">flamboient, il fond sur les moutons et sur les vaches,<\/span><\/p>\n<p style=\"text-align: justify; padding-left: 240px;\"><span style=\"font-family: times new roman, times, serif; font-size: 14pt;\">il poursuit les biches sauvages\u00a0; incit\u00e9 par son ventre<\/span><\/p>\n<p style=\"text-align: justify; padding-left: 240px;\"><span style=\"font-family: times new roman, times, serif; font-size: 14pt;\">\u00e0 t\u00e2ter des troupeaux, et m\u00eame jusqu\u2019aux fermes closes\u00a0:<\/span><\/p>\n<p style=\"text-align: justify; padding-left: 240px;\"><span style=\"font-family: times new roman, times, serif; font-size: 14pt;\">ainsi Ulysse allait aborder, quoique nu,<\/span><\/p>\n<p style=\"text-align: justify; padding-left: 240px;\"><span style=\"font-family: times new roman, times, serif; font-size: 14pt;\">les jeunes filles aux beaux cheveux\u00a0: le besoin l\u2019y for\u00e7ait.<\/span><\/p>\n<p style=\"text-align: justify; padding-left: 240px;\"><span style=\"font-family: times new roman, times, serif; font-size: 14pt;\">Effroyable, il parut, d\u00e9figur\u00e9 par la saumure,<\/span><\/p>\n<p style=\"text-align: justify; padding-left: 240px;\"><span style=\"font-family: times new roman, times, serif; font-size: 14pt;\">Et toutes s\u2019\u00e9gaill\u00e8rent vers l\u2019extr\u00eame pointe des gr\u00e8ves.<\/span><\/p>\n<p style=\"text-align: justify; padding-left: 240px;\"><span style=\"font-family: times new roman, times, serif; font-size: 14pt;\">Seule resta l\u2019enfant d\u2019Alcinoos, car Ath\u00e9na<\/span><\/p>\n<p style=\"text-align: justify; padding-left: 240px;\"><span style=\"font-family: times new roman, times, serif; font-size: 14pt;\">lui donnait du courage et chassait la peur de ses membres.\u00a0\u00bb<\/span><\/p>\n<p>&nbsp;<\/p>\n<p style=\"text-align: justify; padding-left: 180px;\"><span style=\"font-family: times new roman, times, serif; font-size: 14pt;\"><strong>Note de l\u2019\u00e9diteur\u00a0:<\/strong><\/span><\/p>\n<p style=\"text-align: justify; padding-left: 180px;\"><span style=\"font-family: times new roman, times, serif; font-size: 14pt;\">Sur le mod\u00e8le des \u00ab\u00a0hors-s\u00e9rie\u00a0\u00bb inaugur\u00e9 en 2015 avec <em>L&rsquo;usage du monde<\/em> de Nicolas Bouvier, voici la superbe traduction de r\u00e9f\u00e9rence de <em>L&rsquo;Odyss\u00e9e<\/em> par Philippe Jaccottet accompagn\u00e9e, pour cette \u00e9dition grand format, de 25 pastels originaux de Julien Chabot. Elle est compl\u00e9t\u00e9e par le bel essai de l&rsquo;historien Fran\u00e7ois Hartog, <em>Des lieux et des hommes<\/em>, qui parcourt l&rsquo;espace g\u00e9ographique et maritime, mental et po\u00e9tique du monde d&rsquo;Ulysse.<\/span><\/p>\n<p>&nbsp;<\/p>\n<p>&nbsp;<\/p>\n<p style=\"text-align: justify;\"><span style=\"font-family: comic sans ms, sans-serif; font-size: 14pt;\">Une des illustrations de Julien Chabot\u00a0:<\/span><\/p>\n<p>&nbsp;<\/p>\n<p style=\"text-align: center;\"><a href=\"http:\/\/blog.lesgrossesorchadeslesamplesthalameges.fr\/index.php\/ce-quelle-a-chante\/circe-4\/\" rel=\"attachment wp-att-13476\"><img loading=\"lazy\" class=\"alignnone wp-image-13476\" src=\"http:\/\/blog.lesgrossesorchadeslesamplesthalameges.fr\/wp-content\/uploads\/2021\/03\/Circ\u00e9-4.jpg\" alt=\"\" width=\"300\" height=\"485\" srcset=\"https:\/\/blog.lesgrossesorchadeslesamplesthalameges.fr\/wp-content\/uploads\/2021\/03\/Circ\u00e9-4.jpg 478w, https:\/\/blog.lesgrossesorchadeslesamplesthalameges.fr\/wp-content\/uploads\/2021\/03\/Circ\u00e9-4-186x300.jpg 186w\" sizes=\"(max-width: 300px) 100vw, 300px\" \/><\/a><\/p>\n<p>&nbsp;<\/p>\n<p style=\"text-align: justify;\"><span style=\"font-family: comic sans ms, sans-serif; font-size: 14pt;\">est un visible hommage au <em>Pornocrat\u00e8s<\/em> de F\u00e9licien Rops.<\/span><\/p>\n<p style=\"text-align: justify;\"><span style=\"font-family: comic sans ms, sans-serif; font-size: 14pt;\">On reconna\u00eet ainsi, au fil des pages, les peintres dont l\u2019illustrateur s\u2019est librement inspir\u00e9\u00a0: Hopper, Gauguin, Picasso, Daumier, Goya, Munch, Delacroix, Friedrich, Rembrandt, Bacon, F\u00fcssli, etc.<\/span><\/p>\n<p>&nbsp;<\/p>\n<p>&nbsp;<\/p>\n<p style=\"text-align: justify;\"><a href=\"http:\/\/blog.lesgrossesorchadeslesamplesthalameges.fr\/index.php\/la-poetesse-et-ses-champions\/0-judet-de-la-combe-gif-2\/\" rel=\"attachment wp-att-13434\"><img loading=\"lazy\" class=\"aligncenter wp-image-13434\" src=\"http:\/\/blog.lesgrossesorchadeslesamplesthalameges.fr\/wp-content\/uploads\/2021\/03\/0.-Judet-de-la-Combe-GIF-1.gif\" alt=\"\" width=\"120\" height=\"105\" \/><\/a><\/p>\n<p>&nbsp;<\/p>\n<p>&nbsp;<\/p>\n<p style=\"text-align: justify;\"><span style=\"font-family: times new roman, times, serif; font-size: 18pt; color: #c00000;\"><strong><em>Pour les curieux\u00a0:<\/em><\/strong><\/span><\/p>\n<p>&nbsp;<\/p>\n<p style=\"text-align: center;\"><span style=\"font-family: times new roman, times, serif; font-size: 24pt;\"><strong>L\u2018Odyss\u00e9e illustr\u00e9e par des artistes d\u2019\u00e9poques diverses\u00a0:<\/strong><\/span><\/p>\n<p style=\"text-align: center;\"><a href=\"http:\/\/blog.lesgrossesorchadeslesamplesthalameges.fr\/index.php\/2021\/03\/31\/ceci-nest-pas-un-poisson-davril\/00-vers-le-bas-fleche-rouge-gif\/\" rel=\"attachment wp-att-13401\"><img loading=\"lazy\" class=\"alignnone size-full wp-image-13401\" src=\"http:\/\/blog.lesgrossesorchadeslesamplesthalameges.fr\/wp-content\/uploads\/2021\/03\/00.-vers-le-bas-fl\u00e8che-rouge-GIF.gif\" alt=\"\" width=\"100\" height=\"100\" \/><\/a><\/p>\n<p style=\"text-align: center;\"><span style=\"font-family: times new roman, times, serif; font-size: 14pt;\"><a href=\"http:\/\/www.matheatre.fr\/Theatre\/2013\/Ph\/Th_2013_Ph_structure_chapitre-1.html\"><strong>http:\/\/www.matheatre.fr\/Theatre\/2013\/Ph\/Th_2013_Ph_structure_chapitre-1.html<\/strong><\/a><\/span><\/p>\n<p>&nbsp;<\/p>\n<p>&nbsp;<\/p>\n<p style=\"text-align: left;\"><strong>URL de cet article\u00a0: <\/strong><a href=\"http:\/\/blog.lesgrossesorchadeslesamplesthalameges.fr\/index.php\/ce-quelle-a-chante\/\">http:\/\/blog.lesgrossesorchadeslesamplesthalameges.fr\/index.php\/ce-quelle-a-chante\/<\/a><\/p>\n<p>&nbsp;<\/p>\n<p><strong>\u00a0<\/strong><\/p>\n<p style=\"text-align: center;\"><a href=\"http:\/\/blog.lesgrossesorchadeslesamplesthalameges.fr\/index.php\/la-poetesse-et-ses-champions\/0-judet-de-la-combe-gif-2\/\" rel=\"attachment wp-att-13434\"><img loading=\"lazy\" class=\"aligncenter wp-image-13434\" src=\"http:\/\/blog.lesgrossesorchadeslesamplesthalameges.fr\/wp-content\/uploads\/2021\/03\/0.-Judet-de-la-Combe-GIF-1.gif\" alt=\"\" width=\"120\" height=\"105\" \/><\/a><\/p>\n<p>&nbsp;<\/p>\n<p style=\"text-align: right;\"><span style=\"font-family: comic sans ms, sans-serif; font-size: 14pt;\">Mars-Avril 2021<\/span><\/p>\n<p>&nbsp;<\/p>\n<p>&nbsp;<\/p>\n","protected":false},"excerpt":{"rendered":"<p>&nbsp; &nbsp; &nbsp; &nbsp; &nbsp; &nbsp; &nbsp; Ce qu\u2019elle a chant\u00e9 \u00a0 &nbsp; \u00a0 Pendant que j\u2019y suis\u00a0: \u00a0 L\u2019Odyss\u00e9e en fran\u00e7ais \u00a0 &nbsp; Il en existe des tas d\u2019\u00e9ditions et des tas de versions, anciennes ou modernes Il y en a surtout beaucoup \u00e0 l\u2019usage des \u00e9coles en \u00ab\u00a0texte abr\u00e9g\u00e9\u00a0\u00bb. On tremble \u00e0 l\u2019id\u00e9e&#8230;<\/p>\n","protected":false},"author":1,"featured_media":0,"parent":0,"menu_order":0,"comment_status":"open","ping_status":"open","template":"","meta":[],"_links":{"self":[{"href":"https:\/\/blog.lesgrossesorchadeslesamplesthalameges.fr\/index.php\/wp-json\/wp\/v2\/pages\/13471"}],"collection":[{"href":"https:\/\/blog.lesgrossesorchadeslesamplesthalameges.fr\/index.php\/wp-json\/wp\/v2\/pages"}],"about":[{"href":"https:\/\/blog.lesgrossesorchadeslesamplesthalameges.fr\/index.php\/wp-json\/wp\/v2\/types\/page"}],"author":[{"embeddable":true,"href":"https:\/\/blog.lesgrossesorchadeslesamplesthalameges.fr\/index.php\/wp-json\/wp\/v2\/users\/1"}],"replies":[{"embeddable":true,"href":"https:\/\/blog.lesgrossesorchadeslesamplesthalameges.fr\/index.php\/wp-json\/wp\/v2\/comments?post=13471"}],"version-history":[{"count":8,"href":"https:\/\/blog.lesgrossesorchadeslesamplesthalameges.fr\/index.php\/wp-json\/wp\/v2\/pages\/13471\/revisions"}],"predecessor-version":[{"id":13483,"href":"https:\/\/blog.lesgrossesorchadeslesamplesthalameges.fr\/index.php\/wp-json\/wp\/v2\/pages\/13471\/revisions\/13483"}],"wp:attachment":[{"href":"https:\/\/blog.lesgrossesorchadeslesamplesthalameges.fr\/index.php\/wp-json\/wp\/v2\/media?parent=13471"}],"curies":[{"name":"wp","href":"https:\/\/api.w.org\/{rel}","templated":true}]}}