{"id":13500,"date":"2021-03-31T21:40:25","date_gmt":"2021-03-31T19:40:25","guid":{"rendered":"http:\/\/blog.lesgrossesorchadeslesamplesthalameges.fr\/?page_id=13500"},"modified":"2021-03-31T23:35:50","modified_gmt":"2021-03-31T21:35:50","slug":"homere","status":"publish","type":"page","link":"https:\/\/blog.lesgrossesorchadeslesamplesthalameges.fr\/index.php\/homere\/","title":{"rendered":"Hom\u00e8re"},"content":{"rendered":"<p>&nbsp;<\/p>\n<p>&nbsp;<\/p>\n<p>&nbsp;<\/p>\n<p>&nbsp;<\/p>\n<p>&nbsp;<\/p>\n<p>&nbsp;<\/p>\n<p>&nbsp;<\/p>\n<p style=\"text-align: center;\"><span style=\"font-family: times new roman, times, serif; font-size: 48pt;\"><strong>Hom\u00e8re<\/strong><\/span><\/p>\n<p style=\"text-align: justify;\"><span style=\"font-family: times new roman, times, serif; font-size: 14pt;\"><strong><em>\u00a0<\/em><\/strong><\/span><\/p>\n<p style=\"text-align: justify;\"><span style=\"font-family: times new roman, times, serif; font-size: 14pt;\"><strong><em>\u00a0<\/em><\/strong><\/span><\/p>\n<p style=\"text-align: right;\"><span style=\"font-family: times new roman, times, serif; font-size: 12pt;\"><strong>\u00ab\u00a0Po\u00e8te\u00a0! po\u00e8te\u00a0! Cela vaut mieux que rien. <\/strong><\/span><\/p>\n<p style=\"text-align: right;\"><span style=\"font-family: times new roman, times, serif; font-size: 12pt;\"><strong>Dites-moi la v\u00e9rit\u00e9, que prisez-vous le plus de Mozart ou d\u2019Hom\u00e8re\u00a0?\u00a0\u00bb<\/strong><\/span><\/p>\n<p style=\"text-align: right;\"><span style=\"font-family: times new roman, times, serif; font-size: 12pt;\"><strong>Balzac,<em> Gambara<\/em><\/strong><\/span><\/p>\n<p>&nbsp;<\/p>\n<p style=\"text-align: right;\"><span style=\"font-family: times new roman, times, serif; font-size: 12pt;\"><strong><em>\u00a0<\/em><\/strong><\/span><\/p>\n<p style=\"text-align: center;\"><span style=\"font-family: times new roman, times, serif; font-size: 14pt;\"><strong>\u00a0<a href=\"http:\/\/blog.lesgrossesorchadeslesamplesthalameges.fr\/index.php\/2021\/03\/31\/ceci-nest-pas-un-poisson-davril\/aede-gif\/\" rel=\"attachment wp-att-13412\"><img loading=\"lazy\" class=\"alignnone wp-image-13412\" src=\"http:\/\/blog.lesgrossesorchadeslesamplesthalameges.fr\/wp-content\/uploads\/2021\/03\/a\u00e8de-GIF.gif\" alt=\"\" width=\"350\" height=\"479\" \/><\/a><\/strong><\/span><\/p>\n<p style=\"text-align: center;\"><span style=\"font-family: times new roman, times, serif; font-size: 12pt;\"><strong><em>\u00ab\u00a0De tous les hommes de la terre, les a\u00e8des m\u00e9ritent les honneurs et le respect, car c\u2019est la Muse, aimant la race des chanteurs, qui les inspire.\u00a0\u00bb (<\/em><\/strong><em><strong>Odyss\u00e9e<\/strong><\/em><strong><em>, VIII, 479-481.)<\/em><\/strong><\/span><\/p>\n<p style=\"text-align: justify;\"><span style=\"font-family: times new roman, times, serif; font-size: 14pt;\"><strong><em>\u00a0<\/em><\/strong><\/span><\/p>\n<p style=\"text-align: justify;\"><span style=\"font-family: times new roman, times, serif; font-size: 14pt;\"><strong><em>\u00a0<\/em><\/strong><\/span><\/p>\n<p style=\"text-align: center;\"><a href=\"http:\/\/blog.lesgrossesorchadeslesamplesthalameges.fr\/index.php\/la-poetesse-et-ses-champions\/0-judet-de-la-combe-gif-2\/\" rel=\"attachment wp-att-13434\"><img loading=\"lazy\" class=\"alignnone wp-image-13434\" src=\"http:\/\/blog.lesgrossesorchadeslesamplesthalameges.fr\/wp-content\/uploads\/2021\/03\/0.-Judet-de-la-Combe-GIF-1.gif\" alt=\"\" width=\"120\" height=\"105\" \/><\/a><\/p>\n<p>&nbsp;<\/p>\n<p>&nbsp;<\/p>\n<p style=\"text-align: center;\"><span style=\"font-family: times new roman, times, serif; font-size: 42pt;\"><strong>Une \u00e9pop\u00e9e de la paix<\/strong><\/span><\/p>\n<p style=\"text-align: center;\"><span style=\"font-family: times new roman, times, serif; font-size: 14pt;\"><strong>\u00a0<\/strong><\/span><\/p>\n<p>&nbsp;<\/p>\n<p><a href=\"http:\/\/blog.lesgrossesorchadeslesamplesthalameges.fr\/index.php\/2021\/03\/31\/ceci-nest-pas-un-poisson-davril\/homer-by-rembrandt\/\" rel=\"attachment wp-att-13413\"><img loading=\"lazy\" class=\"aligncenter wp-image-13413\" src=\"http:\/\/blog.lesgrossesorchadeslesamplesthalameges.fr\/wp-content\/uploads\/2021\/03\/Rembrandt_Harmensz._van_Rijn_dictant-ses-vers.-229x300.jpg\" alt=\"\" width=\"400\" height=\"525\" srcset=\"https:\/\/blog.lesgrossesorchadeslesamplesthalameges.fr\/wp-content\/uploads\/2021\/03\/Rembrandt_Harmensz._van_Rijn_dictant-ses-vers.-229x300.jpg 229w, https:\/\/blog.lesgrossesorchadeslesamplesthalameges.fr\/wp-content\/uploads\/2021\/03\/Rembrandt_Harmensz._van_Rijn_dictant-ses-vers..jpg 600w\" sizes=\"(max-width: 400px) 100vw, 400px\" \/><\/a><\/p>\n<p style=\"text-align: center;\"><span style=\"font-family: times new roman, times, serif; font-size: 14pt;\"><strong><em>Hom\u00e8re dictant son \u00e9pop\u00e9e<\/em><\/strong><\/span><\/p>\n<p>&nbsp;<\/p>\n<p style=\"text-align: center;\"><span style=\"font-family: times new roman, times, serif; font-size: 14pt;\"><strong><em>\u00a0<\/em><\/strong><\/span><\/p>\n<p style=\"text-align: center;\"><span style=\"font-family: times new roman, times, serif; font-size: 14pt;\"><strong>Ce tableau de <\/strong><strong>Rembrandt<\/strong><strong> a inspir\u00e9 \u00e0 <\/strong><strong>Peter Handke<\/strong><strong> le personnage qui, dans <em>Les ailes du d\u00e9sir<\/em>, de Wim Wenders, veut faire une \u00e9pop\u00e9e de la paix.<\/strong><\/span><\/p>\n<p style=\"text-align: center;\"><span style=\"font-family: times new roman, times, serif; font-size: 14pt;\"><strong>\u00a0<\/strong><\/span><\/p>\n<p style=\"text-align: center;\"><span style=\"font-family: times new roman, times, serif; font-size: 14pt;\"><strong>\u00a0<\/strong><\/span><\/p>\n<p style=\"text-align: center;\"><a href=\"http:\/\/blog.lesgrossesorchadeslesamplesthalameges.fr\/index.php\/homere\/homere-dans-une-bibliotheque-de-berlin\/\" rel=\"attachment wp-att-13501\"><img loading=\"lazy\" class=\"alignnone wp-image-13501 size-full\" src=\"http:\/\/blog.lesgrossesorchadeslesamplesthalameges.fr\/wp-content\/uploads\/2021\/03\/Hom\u00e8re-dans-une-biblioth\u00e8que-de-Berlin.jpg\" alt=\"\" width=\"600\" height=\"336\" srcset=\"https:\/\/blog.lesgrossesorchadeslesamplesthalameges.fr\/wp-content\/uploads\/2021\/03\/Hom\u00e8re-dans-une-biblioth\u00e8que-de-Berlin.jpg 600w, https:\/\/blog.lesgrossesorchadeslesamplesthalameges.fr\/wp-content\/uploads\/2021\/03\/Hom\u00e8re-dans-une-biblioth\u00e8que-de-Berlin-300x168.jpg 300w\" sizes=\"(max-width: 600px) 100vw, 600px\" \/><\/a><\/p>\n<p style=\"text-align: center;\"><span style=\"font-family: times new roman, times, serif; font-size: 14pt;\"><strong><em>Hom\u00e8re (Curt Bois) dans la biblioth\u00e8que.<\/em><\/strong><\/span><\/p>\n<p style=\"text-align: center;\"><span style=\"font-family: times new roman, times, serif; font-size: 14pt;\"><strong>\u00a0<\/strong><\/span><\/p>\n<p>&nbsp;<\/p>\n<p style=\"text-align: center;\"><span style=\"font-family: times new roman, times, serif; font-size: 14pt;\"><strong><em>\u00a0<a href=\"http:\/\/blog.lesgrossesorchadeslesamplesthalameges.fr\/index.php\/la-poetesse-et-ses-champions\/0-judet-de-la-combe-gif-2\/\" rel=\"attachment wp-att-13434\"><img loading=\"lazy\" class=\"alignnone wp-image-13434\" src=\"http:\/\/blog.lesgrossesorchadeslesamplesthalameges.fr\/wp-content\/uploads\/2021\/03\/0.-Judet-de-la-Combe-GIF-1.gif\" alt=\"\" width=\"120\" height=\"105\" \/><\/a><\/em><\/strong><\/span><\/p>\n<p style=\"text-align: justify;\"><span style=\"font-family: times new roman, times, serif; font-size: 14pt;\"><strong><em>\u00a0<\/em><\/strong><\/span><\/p>\n<p>&nbsp;<\/p>\n<p style=\"text-align: justify;\"><span style=\"font-family: times new roman, times, serif; font-size: 18pt; color: #c00000;\"><strong><em>Un extrait du film<\/em><\/strong><\/span><\/p>\n<p style=\"text-align: justify;\"><span style=\"font-family: times new roman, times, serif; font-size: 14pt;\"><strong>\u00a0<\/strong><\/span><\/p>\n<p style=\"text-align: center;\"><span style=\"font-family: times new roman, times, serif; font-size: 18pt;\"><strong>Hom\u00e8re, qui ne veut plus chanter les guerriers et les rois, se demande comment faire pour chanter une \u00e9pop\u00e9e de la paix. <\/strong><strong>Seul, l\u2019ange entend ce qu\u2019il pense.<\/strong><\/span><\/p>\n<p style=\"text-align: center;\"><span style=\"font-family: times new roman, times, serif; font-size: 18pt;\"><strong>\u00a0<\/strong><\/span><\/p>\n<p>&nbsp;<\/p>\n<p style=\"text-align: center;\"><span style=\"font-family: times new roman, times, serif; font-size: 14pt;\"><iframe loading=\"lazy\" title=\"YouTube video player\" src=\"\/\/www.youtube.com\/embed\/wOTCy6OvlZQ\" width=\"560\" height=\"315\" frameborder=\"0\" allowfullscreen=\"allowfullscreen\"><\/iframe> <\/span><\/p>\n<p style=\"text-align: justify;\"><span style=\"font-family: times new roman, times, serif; font-size: 14pt;\"><strong>\u00a0<\/strong><\/span><\/p>\n<p>&nbsp;<\/p>\n<p style=\"text-align: center;\"><a href=\"http:\/\/blog.lesgrossesorchadeslesamplesthalameges.fr\/index.php\/la-poetesse-et-ses-champions\/0-judet-de-la-combe-gif-2\/\" rel=\"attachment wp-att-13434\"><img loading=\"lazy\" class=\"alignnone wp-image-13434\" src=\"http:\/\/blog.lesgrossesorchadeslesamplesthalameges.fr\/wp-content\/uploads\/2021\/03\/0.-Judet-de-la-Combe-GIF-1.gif\" alt=\"\" width=\"120\" height=\"105\" \/><\/a><\/p>\n<p>&nbsp;<\/p>\n<p>&nbsp;<\/p>\n<p style=\"text-align: center;\"><a href=\"http:\/\/blog.lesgrossesorchadeslesamplesthalameges.fr\/index.php\/homere\/homere-decouvre-avec-ravissement-une-boite-a-musique\/\" rel=\"attachment wp-att-13502\"><img loading=\"lazy\" class=\"alignnone wp-image-13502 size-full\" src=\"http:\/\/blog.lesgrossesorchadeslesamplesthalameges.fr\/wp-content\/uploads\/2021\/03\/Hom\u00e8re-d\u00e9couvre-avec-ravissement-une-bo\u00eete-\u00e0-musique.png\" alt=\"\" width=\"600\" height=\"375\" srcset=\"https:\/\/blog.lesgrossesorchadeslesamplesthalameges.fr\/wp-content\/uploads\/2021\/03\/Hom\u00e8re-d\u00e9couvre-avec-ravissement-une-bo\u00eete-\u00e0-musique.png 600w, https:\/\/blog.lesgrossesorchadeslesamplesthalameges.fr\/wp-content\/uploads\/2021\/03\/Hom\u00e8re-d\u00e9couvre-avec-ravissement-une-bo\u00eete-\u00e0-musique-300x188.png 300w\" sizes=\"(max-width: 600px) 100vw, 600px\" \/><\/a><\/p>\n<p style=\"text-align: center;\"><span style=\"font-family: times new roman, times, serif; font-size: 14pt;\"><strong><em>\u00ab\u00a0Dehors, au seuil du no-man\u2019s-land\u00a0\u00bb, Hom\u00e8re d\u00e9couvre avec ravissement une bo\u00eete \u00e0 musique.<\/em><\/strong><\/span><\/p>\n<p style=\"text-align: justify;\"><span style=\"font-family: times new roman, times, serif; font-size: 14pt;\"><strong><em>\u00a0<\/em><\/strong><\/span><\/p>\n<p style=\"text-align: justify;\"><span style=\"font-family: times new roman, times, serif; font-size: 14pt;\"><strong><em>\u00a0<\/em><\/strong><\/span><\/p>\n<p style=\"text-align: center;\"><span style=\"font-family: times new roman, times, serif; font-size: 14pt;\"><strong><em>\u00a0<a href=\"http:\/\/blog.lesgrossesorchadeslesamplesthalameges.fr\/index.php\/homere\/cassiel-et-homere\/\" rel=\"attachment wp-att-13503\"><img loading=\"lazy\" class=\"alignnone wp-image-13503 size-full\" src=\"http:\/\/blog.lesgrossesorchadeslesamplesthalameges.fr\/wp-content\/uploads\/2021\/03\/Cassiel-et-Hom\u00e8re.jpg\" alt=\"\" width=\"600\" height=\"374\" srcset=\"https:\/\/blog.lesgrossesorchadeslesamplesthalameges.fr\/wp-content\/uploads\/2021\/03\/Cassiel-et-Hom\u00e8re.jpg 600w, https:\/\/blog.lesgrossesorchadeslesamplesthalameges.fr\/wp-content\/uploads\/2021\/03\/Cassiel-et-Hom\u00e8re-300x187.jpg 300w\" sizes=\"(max-width: 600px) 100vw, 600px\" \/><\/a><\/em><\/strong><\/span><\/p>\n<p style=\"text-align: center;\"><span style=\"font-family: times new roman, times, serif; font-size: 14pt;\"><strong><em>Hom\u00e8re et l\u2019ange Cassiel (Otto Sander) sur ce qui fut jadis la Postdammerplatz.<\/em><\/strong><\/span><\/p>\n<p style=\"text-align: justify;\"><span style=\"font-family: times new roman, times, serif; font-size: 14pt;\"><strong><em>\u00a0<\/em><\/strong><\/span><\/p>\n<p>&nbsp;<\/p>\n<p style=\"text-align: center;\"><a href=\"http:\/\/blog.lesgrossesorchadeslesamplesthalameges.fr\/index.php\/la-poetesse-et-ses-champions\/0-judet-de-la-combe-gif-2\/\" rel=\"attachment wp-att-13434\"><img loading=\"lazy\" class=\"alignnone wp-image-13434\" src=\"http:\/\/blog.lesgrossesorchadeslesamplesthalameges.fr\/wp-content\/uploads\/2021\/03\/0.-Judet-de-la-Combe-GIF-1.gif\" alt=\"\" width=\"120\" height=\"105\" \/><\/a><\/p>\n<p>&nbsp;<\/p>\n<p>&nbsp;<\/p>\n<p style=\"text-align: justify;\"><span style=\"font-family: times new roman, times, serif; font-size: 14pt;\"><strong>URL de cet article\u00a0:<\/strong> <a href=\"http:\/\/blog.lesgrossesorchadeslesamplesthalameges.fr\/index.php\/homere\/\">http:\/\/blog.lesgrossesorchadeslesamplesthalameges.fr\/index.php\/homere\/<\/a><strong><br \/>\n<\/strong><\/span><\/p>\n<p>&nbsp;<\/p>\n<p>&nbsp;<\/p>\n<p style=\"text-align: right;\"><span style=\"font-family: comic sans ms, sans-serif;\">Mars-Avril 2021<\/span><\/p>\n<p>&nbsp;<\/p>\n<p>&nbsp;<\/p>\n","protected":false},"excerpt":{"rendered":"<p>&nbsp; &nbsp; &nbsp; &nbsp; &nbsp; &nbsp; &nbsp; Hom\u00e8re \u00a0 \u00a0 \u00ab\u00a0Po\u00e8te\u00a0! po\u00e8te\u00a0! Cela vaut mieux que rien. Dites-moi la v\u00e9rit\u00e9, que prisez-vous le plus de Mozart ou d\u2019Hom\u00e8re\u00a0?\u00a0\u00bb Balzac, Gambara &nbsp; \u00a0 \u00a0 \u00ab\u00a0De tous les hommes de la terre, les a\u00e8des m\u00e9ritent les honneurs et le respect, car c\u2019est la Muse, aimant la race&#8230;<\/p>\n","protected":false},"author":1,"featured_media":0,"parent":0,"menu_order":0,"comment_status":"open","ping_status":"open","template":"","meta":[],"_links":{"self":[{"href":"https:\/\/blog.lesgrossesorchadeslesamplesthalameges.fr\/index.php\/wp-json\/wp\/v2\/pages\/13500"}],"collection":[{"href":"https:\/\/blog.lesgrossesorchadeslesamplesthalameges.fr\/index.php\/wp-json\/wp\/v2\/pages"}],"about":[{"href":"https:\/\/blog.lesgrossesorchadeslesamplesthalameges.fr\/index.php\/wp-json\/wp\/v2\/types\/page"}],"author":[{"embeddable":true,"href":"https:\/\/blog.lesgrossesorchadeslesamplesthalameges.fr\/index.php\/wp-json\/wp\/v2\/users\/1"}],"replies":[{"embeddable":true,"href":"https:\/\/blog.lesgrossesorchadeslesamplesthalameges.fr\/index.php\/wp-json\/wp\/v2\/comments?post=13500"}],"version-history":[{"count":10,"href":"https:\/\/blog.lesgrossesorchadeslesamplesthalameges.fr\/index.php\/wp-json\/wp\/v2\/pages\/13500\/revisions"}],"predecessor-version":[{"id":13547,"href":"https:\/\/blog.lesgrossesorchadeslesamplesthalameges.fr\/index.php\/wp-json\/wp\/v2\/pages\/13500\/revisions\/13547"}],"wp:attachment":[{"href":"https:\/\/blog.lesgrossesorchadeslesamplesthalameges.fr\/index.php\/wp-json\/wp\/v2\/media?parent=13500"}],"curies":[{"name":"wp","href":"https:\/\/api.w.org\/{rel}","templated":true}]}}