{"id":13514,"date":"2021-03-31T22:03:16","date_gmt":"2021-03-31T20:03:16","guid":{"rendered":"http:\/\/blog.lesgrossesorchadeslesamplesthalameges.fr\/?page_id=13514"},"modified":"2021-03-31T22:05:54","modified_gmt":"2021-03-31T20:05:54","slug":"et-le-viol-dans-tout-ca","status":"publish","type":"page","link":"https:\/\/blog.lesgrossesorchadeslesamplesthalameges.fr\/index.php\/et-le-viol-dans-tout-ca\/","title":{"rendered":"Et le viol dans tout \u00e7a ?"},"content":{"rendered":"<p style=\"text-align: justify;\"><span style=\"font-family: times new roman, times, serif; font-size: 14pt;\"><strong><em>\u00a0<\/em><\/strong><\/span><\/p>\n<p style=\"text-align: justify;\"><span style=\"font-family: times new roman, times, serif; font-size: 14pt;\"><strong><em>\u00a0<\/em><\/strong><\/span><\/p>\n<p>&nbsp;<\/p>\n<p>&nbsp;<\/p>\n<p>&nbsp;<\/p>\n<p>&nbsp;<\/p>\n<p>&nbsp;<\/p>\n<p>&nbsp;<\/p>\n<p style=\"text-align: center;\"><span style=\"font-family: times new roman, times, serif; font-size: 42pt;\"><strong>Et le viol dans tout \u00e7a\u00a0?<\/strong><\/span><\/p>\n<p style=\"text-align: justify;\"><span style=\"font-family: times new roman, times, serif; font-size: 14pt;\"><strong>\u00a0<\/strong><\/span><\/p>\n<p style=\"text-align: justify;\"><span style=\"font-family: times new roman, times, serif; font-size: 14pt;\"><strong><em>\u00a0<\/em><\/strong><\/span><\/p>\n<p style=\"text-align: justify; padding-left: 210px;\"><span style=\"font-family: times new roman, times, serif; font-size: 14pt;\">\u00ab\u00a0\u2026the archaic ritual of dismembering a corpse, of harrowing the flesh of the delinquent even beyond death, \u00bb<\/span><\/p>\n<p style=\"text-align: right;\"><span style=\"font-family: times new roman, times, serif; font-size: 14pt;\">Linh Dinh \u2013 <em>Dying Thoughts<\/em>, The Unz Review, 27.3.2021<\/span><\/p>\n<p style=\"text-align: right;\"><span style=\"font-family: times new roman, times, serif; font-size: 14pt;\">(\u00e0 propos de <em>La le\u00e7on d\u2019anatomie du Docteur Tulp<\/em>, de Rembrandt)<\/span><\/p>\n<p>&nbsp;<\/p>\n<p>&nbsp;<\/p>\n<p>&nbsp;<\/p>\n<p style=\"text-align: center;\"><a href=\"http:\/\/blog.lesgrossesorchadeslesamplesthalameges.fr\/index.php\/2021\/03\/31\/ceci-nest-pas-un-poisson-davril\/rembrandt-la-lecon-ddu-docteur-tulp\/\" rel=\"attachment wp-att-13414\"><img loading=\"lazy\" class=\"alignnone wp-image-13414\" src=\"http:\/\/blog.lesgrossesorchadeslesamplesthalameges.fr\/wp-content\/uploads\/2021\/03\/Rembrandt-La-lecon-ddu-docteur-Tulp.jpg\" alt=\"\" width=\"500\" height=\"377\" srcset=\"https:\/\/blog.lesgrossesorchadeslesamplesthalameges.fr\/wp-content\/uploads\/2021\/03\/Rembrandt-La-lecon-ddu-docteur-Tulp.jpg 600w, https:\/\/blog.lesgrossesorchadeslesamplesthalameges.fr\/wp-content\/uploads\/2021\/03\/Rembrandt-La-lecon-ddu-docteur-Tulp-300x226.jpg 300w\" sizes=\"(max-width: 500px) 100vw, 500px\" \/><\/a><\/p>\n<p>&nbsp;<\/p>\n<p>&nbsp;<\/p>\n<p>&nbsp;<\/p>\n<p style=\"text-align: justify;\"><span style=\"font-family: comic sans ms, sans-serif; font-size: 14pt;\">La petite sicilienne qui ne savait plus ce que le mot \u00ab\u00a0matriarcat\u00a0\u00bb avait un jour voulu dire, ne manquait cependant pas d\u2019amour propre ni d\u2019une conscience pointilleuse du respect d\u00fb \u00e0 son sexe. Elle n\u2019avalait pas que, dans <em>L\u2019Iliade<\/em>, une femme vale moins cher qu\u2019un tr\u00e9pied de bronze et qu\u2019on se passe les captives comme des ballots, dans d\u2019\u00ab\u00a0hom\u00e9riques\u00a0\u00bb disputes de chiffonniers. Qu\u2019Hom\u00e8re ait chant\u00e9 tout cela pour que la post\u00e9rit\u00e9 sache ce que valaient ses vainqueurs ne l\u2019a pas frapp\u00e9e, parce qu\u2019elle a v\u00e9cu sans doute en un temps et en un lieu o\u00f9 ce genre d\u2019exp\u00e9rience pouvait lui \u00eatre \u00e9pargn\u00e9e.<\/span><\/p>\n<p style=\"text-align: justify;\"><span style=\"font-family: comic sans ms, sans-serif; font-size: 14pt;\">Comme les amibes qui grouilleraient un jour sur un continent inconnu, elle a reproch\u00e9 \u00e0 son anc\u00eatre les tares de ceux dont il fut l\u2019otage, sans penser qu\u2019elle n\u2019a pu conna\u00eetre ces tares que parce qu\u2019il les avait d\u00e9nonc\u00e9es sous couleur de les chanter.<\/span><\/p>\n<p style=\"text-align: justify;\"><span style=\"font-family: comic sans ms, sans-serif; font-size: 14pt;\">Je ne prendrai ici pour exemple qu\u2019un des \u00e9pisodes les plus c\u00e9l\u00e8bres de<em> L\u2019Iliade<\/em>\u00a0: la mort de Penth\u00e9sil\u00e9e, dans un combat au cours duquel Achille affronte en combat singulier cette reine des Amazones et la tue.<\/span><\/p>\n<p>&nbsp;<\/p>\n<p>&nbsp;<\/p>\n<p>&nbsp;<\/p>\n<p style=\"text-align: center;\"><a href=\"http:\/\/blog.lesgrossesorchadeslesamplesthalameges.fr\/index.php\/et-le-viol-dans-tout-ca\/parq_penthesil-gif\/\" rel=\"attachment wp-att-13516\"><img loading=\"lazy\" class=\"alignnone wp-image-13516\" src=\"http:\/\/blog.lesgrossesorchadeslesamplesthalameges.fr\/wp-content\/uploads\/2021\/03\/parq_penthesil-GIF.gif\" alt=\"\" width=\"450\" height=\"479\" \/><\/a><\/p>\n<p style=\"text-align: center;\"><span style=\"font-family: times new roman, times, serif; font-size: 12pt;\"><strong><em>Mort de Penth\u00e9sil\u00e9e<\/em><\/strong><\/span><\/p>\n<p>&nbsp;<\/p>\n<p>&nbsp;<\/p>\n<p>&nbsp;<\/p>\n<p style=\"text-align: justify;\"><span style=\"font-family: comic sans ms, sans-serif; font-size: 14pt;\">Tout le temps qu\u2019il la combat, le \u00ab\u00a0bouillant\u00a0\u00bb fils de Th\u00e9tis ne cesse de l\u2019abreuver d\u2019injures et d\u2019insultes. Soyons clairs\u00a0: il la hait et la traite comme du pus.<\/span><\/p>\n<p style=\"text-align: justify;\"><span style=\"font-family: comic sans ms, sans-serif; font-size: 14pt;\">\u00c0 la suite de quoi, il se jette sur son cadavre et \u00ab\u00a0l\u2019embrasse\u00a0\u00bb avec passion, autrement dit la viole. Et, depuis trois mille ans, des g\u00e9n\u00e9rations de b\u00e9l\u00eetres \u00e9duqu\u00e9s s\u2019extasient sur l\u2019amour fou\u00a0 du h\u00e9ros pour la femme que, malheureusement, il avait \u00e9t\u00e9 forc\u00e9 de vaincre. Sa faute \u00e0 elle, n\u2019est-ce pas\u00a0?<\/span><\/p>\n<p>&nbsp;<\/p>\n<p>&nbsp;<\/p>\n<p>&nbsp;<\/p>\n<p style=\"text-align: center;\"><a href=\"http:\/\/blog.lesgrossesorchadeslesamplesthalameges.fr\/index.php\/et-le-viol-dans-tout-ca\/220px-achilles_och_penthesilea\/\" rel=\"attachment wp-att-13517\"><img loading=\"lazy\" class=\"alignnone wp-image-13517 size-full\" src=\"http:\/\/blog.lesgrossesorchadeslesamplesthalameges.fr\/wp-content\/uploads\/2021\/03\/220px-Achilles_och_Penthesilea.jpg\" alt=\"\" width=\"400\" height=\"636\" srcset=\"https:\/\/blog.lesgrossesorchadeslesamplesthalameges.fr\/wp-content\/uploads\/2021\/03\/220px-Achilles_och_Penthesilea.jpg 400w, https:\/\/blog.lesgrossesorchadeslesamplesthalameges.fr\/wp-content\/uploads\/2021\/03\/220px-Achilles_och_Penthesilea-189x300.jpg 189w\" sizes=\"(max-width: 400px) 100vw, 400px\" \/><\/a><\/p>\n<p style=\"text-align: center;\"><span style=\"font-family: times new roman, times, serif; font-size: 12pt;\"><strong><em>Achille tombant amoureux de Penth\u00e9sil\u00e9e<\/em><\/strong><\/span><\/p>\n<p>&nbsp;<\/p>\n<p>&nbsp;<\/p>\n<p style=\"text-align: justify;\"><span style=\"font-family: comic sans ms, sans-serif; font-size: 14pt;\">Aucun, aucun, pas un seul n\u2019a vu la grosse brute obtuse qui, non contente d\u2019avoir massacr\u00e9 ce qu\u2019il d\u00e9testait (dont il avait peur\u00a0?) n\u2019a pu s\u2019emp\u00eacher de profaner davantage encore, m\u00eame dans la mort, en violant son cadavre. C\u2019est \u00e0 ce passage de <em>L\u2019Iliade<\/em> autant qu\u2019au tableau de Rembrandt que s\u2019applique la r\u00e9flexion de Linh Dinh.<\/span><\/p>\n<p style=\"text-align: justify;\"><span style=\"font-family: comic sans ms, sans-serif; font-size: 14pt;\">Comment pouvons-nous voir, comprendre cela \u2013 m\u00eame si c\u2019est \u00e0 retardement \u2013 sinon gr\u00e2ce \u00e0 Hom\u00e8re\u00a0?<\/span><\/p>\n<p style=\"text-align: justify;\"><span style=\"font-family: comic sans ms, sans-serif; font-size: 14pt;\">Si vous voulez d\u00e9noncer, \u00e0 son nez et \u00e0 sa barbe, le comportement odieux d\u2019un homme qui a vaincu les v\u00f4tres et dont votre vie d\u00e9pend, que pouvez-vous faire\u00a0? Eh bien, si vous avez beaucoup de courage, vous inventez Thersite. Vous prenez grand soin de le rendre ridicule et insupportable, tant par son aspect que par son comportement et vous lui faites dire ce que vous voulez que l\u2019on sache. Non sans le faire trucider dans l\u2019instant par la grosse brute, indign\u00e9e de se voir ainsi mise \u00e0 nu. Et vous vous en tirez vivant. Sans vous imaginer que trois mille ans d\u2019imb\u00e9cilit\u00e9 vont s\u2019obstiner \u00e0 ne pas vouloir voir ce que vous avez dit. Pire\u00a0: vous attribueront, \u00e0 vous, les tares de la grosse brute.\u00a0<\/span><\/p>\n<p style=\"text-align: justify;\"><span style=\"font-family: comic sans ms, sans-serif; font-size: 14pt;\"><em>L\u2019Iliade<\/em> n\u2019est pas un roman de chevalerie, o\u00f9 un h\u00e9ros en armure peut en tuer un autre en combat singulier pour aussit\u00f4t d\u00e9couvrir sous le heaume une femme id\u00e9alement belle et en tomber \u2013 h\u00e9las, trop tard \u2013 \u00e9perdument amoureux. Au XIIe si\u00e8cle avant nous, les gens se battaient tout nus.<\/span><\/p>\n<p>&nbsp;<\/p>\n<p>&nbsp;<\/p>\n<p>&nbsp;<\/p>\n<p style=\"text-align: center;\"><a href=\"http:\/\/blog.lesgrossesorchadeslesamplesthalameges.fr\/index.php\/et-le-viol-dans-tout-ca\/fin-de-penthesilee\/\" rel=\"attachment wp-att-13518\"><img loading=\"lazy\" class=\"alignnone wp-image-13518 size-full\" src=\"http:\/\/blog.lesgrossesorchadeslesamplesthalameges.fr\/wp-content\/uploads\/2021\/03\/Fin-de-Penth\u00e9sil\u00e9e.jpg\" alt=\"\" width=\"750\" height=\"598\" srcset=\"https:\/\/blog.lesgrossesorchadeslesamplesthalameges.fr\/wp-content\/uploads\/2021\/03\/Fin-de-Penth\u00e9sil\u00e9e.jpg 750w, https:\/\/blog.lesgrossesorchadeslesamplesthalameges.fr\/wp-content\/uploads\/2021\/03\/Fin-de-Penth\u00e9sil\u00e9e-300x239.jpg 300w\" sizes=\"(max-width: 750px) 100vw, 750px\" \/><\/a><\/p>\n<p>&nbsp;<\/p>\n<p style=\"text-align: center;\"><span style=\"font-family: times new roman, times, serif; font-size: 12pt;\"><strong><em>Mort de Penth\u00e9sil\u00e9e \u2013 Anonyme contemporain<\/em><\/strong><\/span><\/p>\n<p style=\"text-align: justify;\"><span style=\"font-family: times new roman, times, serif; font-size: 14pt;\"><strong><em>\u00a0<\/em><\/strong><\/span><\/p>\n<p style=\"text-align: justify;\"><span style=\"font-family: times new roman, times, serif; font-size: 14pt;\"><strong><em>\u00a0<\/em><\/strong><\/span><\/p>\n<p>&nbsp;<\/p>\n<p style=\"text-align: center;\"><span style=\"font-family: times new roman, times, serif; font-size: 14pt;\"><strong><em>\u00a0<a href=\"http:\/\/blog.lesgrossesorchadeslesamplesthalameges.fr\/index.php\/la-poetesse-et-ses-champions\/0-judet-de-la-combe-gif-2\/\" rel=\"attachment wp-att-13434\"><img loading=\"lazy\" class=\"alignnone wp-image-13434\" src=\"http:\/\/blog.lesgrossesorchadeslesamplesthalameges.fr\/wp-content\/uploads\/2021\/03\/0.-Judet-de-la-Combe-GIF-1.gif\" alt=\"\" width=\"120\" height=\"105\" \/><\/a><\/em><\/strong><\/span><\/p>\n<p>&nbsp;<\/p>\n<p>&nbsp;<\/p>\n<p>&nbsp;<\/p>\n<p style=\"text-align: justify;\"><span style=\"font-family: times new roman, times, serif; font-size: 14pt;\"><strong>\u00a0URL de cet article\u00a0:<\/strong> <\/span><span style=\"font-family: times new roman, times, serif; font-size: 14pt;\"><a href=\"http:\/\/blog.lesgrossesorchadeslesamplesthalameges.fr\/index.php\/et-le-viol-dans-tout-ca\/\">http:\/\/blog.lesgrossesorchadeslesamplesthalameges.fr\/index.php\/et-le-viol-dans-tout-ca\/<\/a><strong><br \/>\n<\/strong><\/span><\/p>\n<p style=\"text-align: justify;\"><span style=\"font-family: times new roman, times, serif; font-size: 14pt;\"><strong>\u00a0<\/strong><\/span><\/p>\n<p style=\"text-align: justify;\"><span style=\"font-family: times new roman, times, serif; font-size: 14pt;\"><strong>\u00a0<\/strong><\/span><\/p>\n<p style=\"text-align: right;\"><span style=\"font-family: comic sans ms, sans-serif;\">Mars-Avril 2021<\/span><\/p>\n<p>&nbsp;<\/p>\n","protected":false},"excerpt":{"rendered":"<p>\u00a0 \u00a0 &nbsp; &nbsp; &nbsp; &nbsp; &nbsp; &nbsp; Et le viol dans tout \u00e7a\u00a0? \u00a0 \u00a0 \u00ab\u00a0\u2026the archaic ritual of dismembering a corpse, of harrowing the flesh of the delinquent even beyond death, \u00bb Linh Dinh \u2013 Dying Thoughts, The Unz Review, 27.3.2021 (\u00e0 propos de La le\u00e7on d\u2019anatomie du Docteur Tulp, de Rembrandt) &nbsp;&#8230;<\/p>\n","protected":false},"author":1,"featured_media":0,"parent":0,"menu_order":0,"comment_status":"open","ping_status":"open","template":"","meta":[],"_links":{"self":[{"href":"https:\/\/blog.lesgrossesorchadeslesamplesthalameges.fr\/index.php\/wp-json\/wp\/v2\/pages\/13514"}],"collection":[{"href":"https:\/\/blog.lesgrossesorchadeslesamplesthalameges.fr\/index.php\/wp-json\/wp\/v2\/pages"}],"about":[{"href":"https:\/\/blog.lesgrossesorchadeslesamplesthalameges.fr\/index.php\/wp-json\/wp\/v2\/types\/page"}],"author":[{"embeddable":true,"href":"https:\/\/blog.lesgrossesorchadeslesamplesthalameges.fr\/index.php\/wp-json\/wp\/v2\/users\/1"}],"replies":[{"embeddable":true,"href":"https:\/\/blog.lesgrossesorchadeslesamplesthalameges.fr\/index.php\/wp-json\/wp\/v2\/comments?post=13514"}],"version-history":[{"count":10,"href":"https:\/\/blog.lesgrossesorchadeslesamplesthalameges.fr\/index.php\/wp-json\/wp\/v2\/pages\/13514\/revisions"}],"predecessor-version":[{"id":13527,"href":"https:\/\/blog.lesgrossesorchadeslesamplesthalameges.fr\/index.php\/wp-json\/wp\/v2\/pages\/13514\/revisions\/13527"}],"wp:attachment":[{"href":"https:\/\/blog.lesgrossesorchadeslesamplesthalameges.fr\/index.php\/wp-json\/wp\/v2\/media?parent=13514"}],"curies":[{"name":"wp","href":"https:\/\/api.w.org\/{rel}","templated":true}]}}