{"id":13809,"date":"2021-05-06T14:13:30","date_gmt":"2021-05-06T12:13:30","guid":{"rendered":"http:\/\/blog.lesgrossesorchadeslesamplesthalameges.fr\/?page_id=13809"},"modified":"2021-05-06T14:15:53","modified_gmt":"2021-05-06T12:15:53","slug":"psychologie-des-foules","status":"publish","type":"page","link":"https:\/\/blog.lesgrossesorchadeslesamplesthalameges.fr\/index.php\/psychologie-des-foules\/","title":{"rendered":"Psychologie des foules"},"content":{"rendered":"<p>&nbsp;<\/p>\n<p>&nbsp;<\/p>\n<p>&nbsp;<\/p>\n<p>&nbsp;<\/p>\n<p>&nbsp;<\/p>\n<p>&nbsp;<\/p>\n<p>&nbsp;<\/p>\n<p>&nbsp;<\/p>\n<p style=\"text-align: right;\"><span style=\"font-family: times new roman, times, serif; font-size: 14pt;\">Cet exercice de ce que j\u2019appellerais<em> un \u00ab\u00a0aveuglement collectif d\u00e9lib\u00e9r\u00e9 et une hypocrisie totale\u00a0\u00bb <\/em>est une tache pour chaque pays, entit\u00e9 ou personne qui y participe.\u00a0 Honte \u00e0 vous tous !<\/span><\/p>\n<p style=\"text-align: right;\"><span style=\"font-family: times new roman, times, serif; font-size: 14pt;\">Le Saker (\u00ab\u00a0Les options amphibies russes\u2026\u00a0\u00bb)<\/span><\/p>\n<p style=\"text-align: justify;\"><span style=\"font-family: times new roman, times, serif; font-size: 14pt;\"><strong><em>\u00a0<\/em><\/strong><\/span><\/p>\n<p style=\"text-align: justify;\"><span style=\"font-family: times new roman, times, serif; font-size: 14pt;\"><strong><em>\u00a0<\/em><\/strong><\/span><\/p>\n<p style=\"text-align: left;\"><span style=\"font-family: times new roman, times, serif; font-size: 14pt; color: #c00000;\"><strong><em>On a beau se dire que Nicolas Bonnal est un homme de droite et qu\u2019il lui arrive de d\u00e9conner \u00e0 pleins tubes pour cause d\u2019\u0153ill\u00e8res sur les c\u00f4t\u00e9s et par devant (alors que les chevaux, c\u2019est seulement sur les c\u00f4t\u00e9s qu\u2019ils les ont), mais quand on voit ses plus proches et ses plus respect\u00e9s dire adieu \u00e0 leur intelligence et \u00e0 leur dignit\u00e9 et vous en vouloir si vous refusez d\u2019en faire autant, vous traiter de complotiste, de rebelle et autres couillonneries\u2026 \u00e7a fait quand m\u00eame du bien de le lire pour se sentir moins seul.<\/em><\/strong><\/span><\/p>\n<p style=\"text-align: right;\"><span style=\"font-family: times new roman, times, serif; font-size: 14pt; color: #c00000;\">(Les impardonnables notes invasives en rouge sont de nous.)<\/span><\/p>\n<p>&nbsp;<\/p>\n<p>&nbsp;<\/p>\n<p style=\"text-align: center;\"><span style=\"font-family: times new roman, times, serif; font-size: 36pt;\"><strong>Psychologie des foules et religion vaccinale (par le Dr Gustave Le Bon)<\/strong><\/span><\/p>\n<p>&nbsp;<\/p>\n<p style=\"text-align: center;\"><span style=\"font-family: times new roman, times, serif; font-size: 18pt;\"><a href=\"https:\/\/nicolasbonnal.wordpress.com\/\"><strong>Nicolas Bonnal<\/strong><\/a><strong> \u2013 <\/strong><a href=\"https:\/\/nicolasbonnal.wordpress.com\"><strong><em>nicolasbonnal.wordpress.com<\/em><\/strong><\/a><strong> \u2013 Avril 2020<\/strong><\/span><\/p>\n<p style=\"text-align: center;\"><span style=\"font-family: times new roman, times, serif; font-size: 18pt;\">via<strong> Le Saker francophone<\/strong><\/span><\/p>\n<p style=\"text-align: center;\"><span style=\"font-family: times new roman, times, serif; font-size: 14pt;\"><strong>\u00a0<\/strong><\/span><\/p>\n<p style=\"text-align: justify;\"><a href=\"http:\/\/blog.lesgrossesorchadeslesamplesthalameges.fr\/index.php\/2021\/05\/06\/festivites-du-1er-mai-et-dapres\/10-nicolas-bonnal\/\" rel=\"attachment wp-att-13794\"><img loading=\"lazy\" class=\"alignnone wp-image-13794\" src=\"http:\/\/blog.lesgrossesorchadeslesamplesthalameges.fr\/wp-content\/uploads\/2021\/05\/10.-Nicolas-Bonnal.jpg\" alt=\"\" width=\"200\" height=\"200\" \/><\/a><\/p>\n<p>&nbsp;<\/p>\n<p style=\"text-align: justify;\"><span style=\"font-family: tahoma, arial, helvetica, sans-serif; font-size: 14pt;\"><strong>Le virus et la peur induite vont nous r\u00e9duire en esclavage et pire encore. Autant comprendre pourquoi nous allons crever alors, et toute l\u2019histoire de la douce ali\u00e9nation humaine en m\u00eame temps. Relisons la <\/strong><a href=\"https:\/\/fr.wikipedia.org\/wiki\/Psychologie_des_foules_(livre)\"><strong>Psychologie des foules<\/strong><\/a><strong> qui, avec sa simplicit\u00e9 et son \u00e9vidence, a inspir\u00e9 les fascistes et les bolch\u00e9vistes, bourreaux qui \u00e9taient \u00e0 bien des \u00e9gards plus nobles que nos tyrans milliardaires et d\u00e9mocrates du jour. Mais on a les tyrans et les malthusiens exterminateurs que l\u2019on m\u00e9rite.<\/strong><\/span><\/p>\n<p style=\"text-align: justify;\"><span style=\"font-family: times new roman, times, serif; font-size: 14pt;\"><span style=\"font-family: tahoma, arial, helvetica, sans-serif;\"><strong>Revenons-en \u00e0 la l\u00e9gendaire <em>Psychologie des foules<\/em> alors. <\/strong><a href=\"https:\/\/fr.wikipedia.org\/wiki\/Gustave_Le_Bon\"><strong>Gustave Le Bon<\/strong><\/a><\/span><strong><span style=\"font-family: tahoma, arial, helvetica, sans-serif;\"> est \u00e9ternel, un peu comme le Tolsto\u00ef de <em>Guerre et paix<\/em> dont a parl\u00e9 Alain, certes \u00e0 un niveau moins \u00e9lev\u00e9, mais bien utile quand m\u00eame. Lisez chez nos amis qu\u00e9b\u00e9cois (classiques.uqac.ca) <em>Psychologie du socialisme<\/em> pour comprendre la mentalit\u00e9 \u00e9colo-gauchiste am\u00e9ricaine ou fran\u00e7aise.<\/span> <\/strong><\/span><\/p>\n<p>&nbsp;<\/p>\n<p style=\"text-align: justify;\"><span style=\"font-family: times new roman, times, serif; font-size: 14pt;\">Mais voyons la Covid-19, les vaccins, le confinement, en attendant Grand Reset, paup\u00e9risation et d\u00e9population. Tout cela se fait comme \u00e0 la parade. Et Le Bon d\u2019expliquer en 1889 que malheureusement les humains adorent cela, \u00eatre fanatis\u00e9s pour des stupidit\u00e9s. Les humains sont devenus une seule foule, depuis que la t\u00e9l\u00e9 a remplac\u00e9 le s\u00e9par\u00e9 (Debord). Technique pour fabriquer la foule qui obtemp\u00e8re alors ?<\/span><\/p>\n<p style=\"text-align: justify;\"><span style=\"font-family: times new roman, times, serif; font-size: 14pt;\">Pour Gustave Le Bon il y a une premi\u00e8re cl\u00e9, l\u2019affirmation\u00a0:<\/span><\/p>\n<p>&nbsp;<\/p>\n<p style=\"text-align: justify; padding-left: 120px;\"><span style=\"font-family: times new roman, times, serif; font-size: 18pt;\">L\u2019affirmation pure et simple, d\u00e9gag\u00e9e de tout raisonnement et de toute preuve, est un des plus s\u00fbrs moyens de faire p\u00e9n\u00e9trer une id\u00e9e dans l\u2019esprit des foules. Plus l\u2019affirmation est concise, plus elle est d\u00e9pourvue de toute apparence de preuves et de d\u00e9monstration, plus elle a d\u2019autorit\u00e9.<\/span><\/p>\n<p>&nbsp;<\/p>\n<p style=\"text-align: justify;\"><span style=\"font-family: times new roman, times, serif; font-size: 14pt;\">Affirmation\u00a0? Le virus tue, vous allez crever\u00a0; confinez-vous, vaccinez-vous, restez masqu\u00e9s \u00e0 hauteur de six milliards d\u2019imb\u00e9ciles. On a un quart de vaccin\u00e9s en France en trois mois, un milliard \u00e0 l\u2019\u00e9chelle du monde. Et cela ne fait que commencer. O\u00f9 je vis on dit plus bonjour, on demande si tu es vaccin\u00e9.<\/span><\/p>\n<p>&nbsp;<\/p>\n<p style=\"text-align: justify; padding-left: 120px;\"><span style=\"font-family: times new roman, times, serif; font-size: 18pt;\">Avec l\u2019affirmation, la r\u00e9p\u00e9tition\u00a0: et avec les six mille cha\u00eenes info ce n\u2019est pas cela qui manque donc\u00a0: vaccinez-vous, confinez-vous, restez masqu\u00e9s, crevez de peur.<\/span><\/p>\n<p>&nbsp;<\/p>\n<p style=\"text-align: justify;\"><span style=\"font-family: times new roman, times, serif; font-size: 14pt;\">L\u2019affirmation n\u2019a cependant d\u2019influence r\u00e9elle qu\u2019\u00e0 la condition d\u2019\u00eatre constamment r\u00e9p\u00e9t\u00e9e, et, le plus possible, dans les m\u00eames termes. C\u2019est Napol\u00e9on, je crois, qui a dit qu\u2019il n\u2019y a qu\u2019une seule figure s\u00e9rieuse de rh\u00e9torique, la r\u00e9p\u00e9tition. La chose affirm\u00e9e arrive, par la r\u00e9p\u00e9tition, \u00e0 s\u2019\u00e9tablir dans les esprits au point qu\u2019ils finissent par l\u2019accepter comme une v\u00e9rit\u00e9 d\u00e9montr\u00e9e.<\/span><\/p>\n<p style=\"text-align: right;\"><span style=\"font-family: times new roman, times, serif; font-size: 14pt; color: #c00000;\">Orf\u00e8vre en la mati\u00e8re, car s\u2019il eut jamais du g\u00e9nie, ce fut celui-l\u00e0. [<em>NdGO<\/em>]<\/span><\/p>\n<p>&nbsp;<\/p>\n<p style=\"text-align: justify;\"><span style=\"font-family: times new roman, times, serif; font-size: 14pt;\">On r\u00e9p\u00e8te car c\u2019est trop beau\u00a0: \u00ab\u00a0il n\u2019y a qu\u2019une seule figure s\u00e9rieuse de rh\u00e9torique, la r\u00e9p\u00e9tition.\u00a0\u00bb<\/span><\/p>\n<p style=\"text-align: justify;\"><span style=\"font-family: times new roman, times, serif; font-size: 14pt;\">Ensuite, et c\u2019est trop dr\u00f4le, cette r\u00e9p\u00e9tition de l\u2019information produit ce que le ma\u00eetre de l\u2019honorable Sigmund Freud appelle la contagion\u00a0:<\/span><\/p>\n<p>&nbsp;<\/p>\n<p style=\"text-align: justify; padding-left: 120px;\"><span style=\"font-family: times new roman, times, serif; font-size: 18pt;\">Lorsqu\u2019une affirmation a \u00e9t\u00e9 suffisamment r\u00e9p\u00e9t\u00e9e, et qu\u2019il y a unanimit\u00e9 dans la r\u00e9p\u00e9tition, comme cela est arriv\u00e9 pour certaines entreprises financi\u00e8res c\u00e9l\u00e8bres assez riches pour acheter tous les concours, il se forme ce qu\u2019on appelle un courant d\u2019opinion et le puissant m\u00e9canisme de la contagion intervient. Dans les foules, les id\u00e9es, les sentiments, les \u00e9motions, les croyances poss\u00e8dent un pouvoir contagieux aussi intense que celui des microbes.<\/span><\/p>\n<p>&nbsp;<\/p>\n<p style=\"text-align: justify;\"><span style=\"font-family: times new roman, times, serif; font-size: 14pt;\">On n\u2019avait pas la t\u00e9l\u00e9, on avait le cabaret, lieu d\u2019abrutissement des masses dont a tr\u00e8s bien parl\u00e9 Mirbeau (voyez L-628) ;<\/span><\/p>\n<p>&nbsp;<\/p>\n<p style=\"text-align: justify; padding-left: 120px;\"><span style=\"font-family: times new roman, times, serif; font-size: 18pt;\">C\u2019est surtout par le m\u00e9canisme de la contagion, jamais par celui du raisonnement, que se propagent les opinions et les croyances des foules. C\u2019est au cabaret, par affirmation, r\u00e9p\u00e9tition et contagion que s\u2019\u00e9tablissent les conceptions actuelles des ouvriers\u2026<\/span><\/p>\n<p style=\"text-align: right;\"><span style=\"font-family: times new roman, times, serif; font-size: 14pt; color: #c00000;\">Salauds de pauvres\u00a0! [<em>NdGO<\/em>]<\/span><\/p>\n<p>&nbsp;<\/p>\n<p style=\"text-align: justify;\"><span style=\"font-family: times new roman, times, serif; font-size: 14pt;\">Mais avan\u00e7ons plus au c\u0153ur des t\u00e9n\u00e8bres du monde moderne, \u00e0 la mani\u00e8re de Conrad et de son Walter Kurz. Le Bon a compris aussi que les couches sup\u00e9rieures vont \u00eatre gangren\u00e9es, vont devenir gauchistes et communistes (puis \u00e9cologistes, puis covidistes) comme la base.<\/span><\/p>\n<p style=\"text-align: right;\"><span style=\"font-family: times new roman, times, serif; font-size: 14pt; color: #c00000;\">Vous avez bien compris\u00a0? Cela monte du bas vers le haut pour le contaminer, ce pauvre haut, par contagion. Comment\u00a0? En s\u2019encanaillant chez les putes de base peut-\u00eatre, la chair est faible\u2026[<em>NdGO et on arr\u00eate<\/em>]<\/span><\/p>\n<p>&nbsp;<\/p>\n<p style=\"text-align: justify;\"><span style=\"font-family: times new roman, times, serif; font-size: 14pt;\">Et cela donne :<\/span><\/p>\n<p>&nbsp;<\/p>\n<p style=\"text-align: justify; padding-left: 120px;\"><span style=\"font-family: times new roman, times, serif; font-size: 18pt;\">On remarquera que, dans les exemples analogues \u00e0 ceux que je viens de citer, la contagion, apr\u00e8s s\u2019\u00eatre exerc\u00e9e dans les couches populaires, passe ensuite aux couches sup\u00e9rieures de la soci\u00e9t\u00e9. C\u2019est ce que nous voyons de nos jours pour les doctrines socialistes, qui commencent \u00e0 gagner ceux qui pourtant sont marqu\u00e9s pour en devenir les premi\u00e8res victimes.<\/span><\/p>\n<p>&nbsp;<\/p>\n<p style=\"text-align: justify;\"><span style=\"font-family: times new roman, times, serif; font-size: 14pt;\">Oui, aujourd\u2019hui tout le monde aussi veut mourir, \u00e0 commencer par le petit blanc qui pollue trop. Il en devient extatique, au sens c\u00e9linien, tout \u00e0 sa rage de mourir. Si la guerre contre la Russie ne se fait pas, ce sera le Reset. Viva la muerte.<\/span><\/p>\n<p style=\"text-align: justify;\"><span style=\"font-family: times new roman, times, serif; font-size: 14pt;\">Apr\u00e8s, Le Bon rappelle que certains \u00eatres (mais n\u2019est pas Napol\u00e9on qui veut) et surtout certaines id\u00e9es acqui\u00e8rent du prestige\u00a0:<\/span><\/p>\n<p>&nbsp;<\/p>\n<p style=\"text-align: justify; padding-left: 120px;\"><span style=\"font-family: times new roman, times, serif; font-size: 18pt;\">Ce qui contribue surtout \u00e0 donner aux id\u00e9es propag\u00e9es par l\u2019affirmation, la r\u00e9p\u00e9tition et la contagion, une puissance tr\u00e8s grande, c\u2019est qu\u2019elles finissent par acqu\u00e9rir le pouvoir myst\u00e9rieux nomm\u00e9 prestige.<\/span><\/p>\n<p>&nbsp;<\/p>\n<p style=\"text-align: justify;\"><span style=\"font-family: times new roman, times, serif; font-size: 14pt;\">Je r\u00e9p\u00e8te, le prestige n\u2019est pas forc\u00e9ment une personne\u00a0; ce peut \u00eatre un vaccin\u00a0:<\/span><\/p>\n<p>&nbsp;<\/p>\n<p style=\"text-align: justify; padding-left: 120px;\"><span style=\"font-family: times new roman, times, serif; font-size: 18pt;\">Le prestige est en r\u00e9alit\u00e9 une sorte de domination qu\u2019exerce sur notre esprit un individu, une \u0153uvre, ou une id\u00e9e. Cette domination paralyse toutes nos facult\u00e9s critiques et remplit notre \u00e2me d\u2019\u00e9tonnement et de respect.<\/span><\/p>\n<p>&nbsp;<\/p>\n<p style=\"text-align: justify;\"><span style=\"font-family: times new roman, times, serif; font-size: 14pt;\">Il y a bien s\u00fbr comme aux temps de Moli\u00e8re les prestigieux institutionnels\u00a0:<\/span><\/p>\n<p>&nbsp;<\/p>\n<p style=\"text-align: justify; padding-left: 120px;\"><span style=\"font-family: times new roman, times, serif; font-size: 18pt;\">Le prestige acquis, ou artificiel, est de beaucoup le plus r\u00e9pandu. Par le fait seul qu\u2019un individu occupe une certaine position, poss\u00e8de une certaine fortune, est affubl\u00e9 de certains titres, il a du prestige, quelque nulle que puisse \u00eatre sa valeur personnelle. Un militaire en uniforme, un magistrat en robe rouge ont toujours du prestige.<\/span><\/p>\n<p>&nbsp;<\/p>\n<p style=\"text-align: justify;\"><span style=\"font-family: times new roman, times, serif; font-size: 14pt;\">Le bon Dr Le Bon en oublie les m\u00e9decins\u00a0! Mais \u00e0 part Moli\u00e8re qui lui jettera la pierre et sa maladie\u00a0?<\/span><\/p>\n<p style=\"text-align: justify;\"><span style=\"font-family: times new roman, times, serif; font-size: 14pt;\">Il pr\u00e9cise sa pens\u00e9e\u00a0:<\/span><\/p>\n<p>&nbsp;<\/p>\n<p style=\"text-align: justify; padding-left: 120px;\"><span style=\"font-family: times new roman, times, serif; font-size: 18pt;\">Le prestige dont je viens de parler est celui qu\u2019exercent les personnes ; on peut placer \u00e0 c\u00f4t\u00e9 le prestige qu\u2019exercent les opinions, les \u0153uvres litt\u00e9raires ou artistiques, etc. Ce n\u2019est le plus souvent que de la r\u00e9p\u00e9tition accumul\u00e9e. L\u2019histoire, l\u2019histoire litt\u00e9raire et artistique surtout, n\u2019\u00e9tant que la r\u00e9p\u00e9tition des m\u00eames jugements que personne n\u2019essaie de contr\u00f4ler, chacun finit par r\u00e9p\u00e9ter ce qu\u2019il a appris \u00e0 l\u2019\u00e9cole, et il y a des noms et des choses auxquels nul n\u2019oserait toucher.<\/span><\/p>\n<p>&nbsp;<\/p>\n<p style=\"text-align: justify;\"><span style=\"font-family: times new roman, times, serif; font-size: 14pt;\">Cela rappelle la phrase g\u00e9niale de son contemporain L\u00e9on Bloy\u00a0: le jeune bourgeois qui aurait dout\u00e9 des t\u00e9n\u00e8bres au moyen \u00e2ge n\u2019aurait pas trouv\u00e9 \u00e0 se marier\u00a0! C\u2019est dans son ex\u00e9g\u00e8se.<\/span><\/p>\n<p style=\"text-align: justify;\"><span style=\"font-family: times new roman, times, serif; font-size: 14pt;\">Tout bourgeois devra \u00eatre vaccin\u00e9, masqu\u00e9 et confin\u00e9 pour se marier\u00a0!<\/span><\/p>\n<p style=\"text-align: justify;\"><span style=\"font-family: times new roman, times, serif; font-size: 14pt;\">Le Bon ajoute sur ce satan\u00e9 prestige\u00a0:<\/span><\/p>\n<p>&nbsp;<\/p>\n<p style=\"text-align: justify; padding-left: 120px;\"><span style=\"font-family: times new roman, times, serif; font-size: 18pt;\">Le propre du prestige est d\u2019emp\u00eacher de voir les choses telles qu\u2019elles sont et de paralyser tous nos jugements. Les foules toujours, les individus le plus souvent, ont besoin, sur tous les sujets, d\u2019opinions toutes faites. Le succ\u00e8s de ces opinions est ind\u00e9pendant de la part de v\u00e9rit\u00e9 ou d\u2019erreur qu\u2019elles contiennent ; il d\u00e9pend uniquement de leur prestige\u2026<\/span><\/p>\n<p>&nbsp;<\/p>\n<p style=\"text-align: justify;\"><span style=\"font-family: times new roman, times, serif; font-size: 14pt;\">Mais ne n\u00e9gligeons pas le prestige humain. On sait qu\u2019aujourd\u2019hui les hommes les plus populaires sont les plus riches (Gates, Arnault, Bezos, Musk, Zuckerberg). Le Bon \u00e9voque le lien du prestige et du succ\u00e8s (Bourla, Bancel, etc.)\u00a0:<\/span><\/p>\n<p>&nbsp;<\/p>\n<p style=\"text-align: justify; padding-left: 120px;\"><span style=\"font-family: times new roman, times, serif; font-size: 18pt;\">On voit, par ce qui pr\u00e9c\u00e8de, que bien des facteurs peuvent entrer dans la gen\u00e8se du prestige : un des plus importants fut toujours le succ\u00e8s. Tout homme qui r\u00e9ussit, toute id\u00e9e qui s\u2019impose, cessent par ce fait m\u00eame d\u2019\u00eatre contest\u00e9s. La preuve que le succ\u00e8s est une des bases principales du prestige, c\u2019est que ce dernier dispara\u00eet presque toujours avec lui.<\/span><\/p>\n<p>&nbsp;<\/p>\n<p style=\"text-align: justify;\"><span style=\"font-family: times new roman, times, serif; font-size: 14pt;\">Avec cette bourse qui monte plus haut que ce ciel gris et couvert de poussi\u00e8re, dont a parl\u00e9 Philip K. Dick, on ne va pas mettre fin \u00e0 leur prestige, \u00e0 nos doctes vaccinateurs et experts en Grand Reset !<\/span><\/p>\n<p style=\"text-align: justify;\"><span style=\"font-family: times new roman, times, serif; font-size: 14pt;\">Et le pire est que pour Le Bon, l\u2019humanit\u00e9 n\u2019est pas b\u00eate au sens de Flaubert. Elle est comme \u00e7a, c\u2019est tout.<\/span><\/p>\n<p style=\"text-align: justify;\"><span style=\"font-family: times new roman, times, serif; font-size: 14pt;\">Mais comme je citais Flaubert\u00a0: \u00ab\u00a0L\u2019humanit\u00e9 a la rage de l\u2019abaissement moral, et je lui en veux de ce que je fais partie d\u2019elle.\u00a0\u00bb<\/span><\/p>\n<p>&nbsp;<\/p>\n<p style=\"text-align: left;\"><span style=\"font-family: times new roman, times, serif; font-size: 14pt;\">Source\u00a0: <a href=\"https:\/\/lesakerfrancophone.fr\/psychologie-des-foules-et-religion-vaccinale-par-le-dr-gustave-le-bon\">https:\/\/lesakerfrancophone.fr\/psychologie-des-foules-et-religion-vaccinale-par-le-dr-gustave-le-bon<\/a><\/span><\/p>\n<p>&nbsp;<\/p>\n<p>&nbsp;<\/p>\n<p style=\"text-align: center;\"><a href=\"http:\/\/blog.lesgrossesorchadeslesamplesthalameges.fr\/index.php\/2021\/05\/06\/festivites-du-1er-mai-et-dapres\/11-mets-ton-masque-gif\/\" rel=\"attachment wp-att-13795\"><img loading=\"lazy\" class=\"alignnone wp-image-13795 size-full\" src=\"http:\/\/blog.lesgrossesorchadeslesamplesthalameges.fr\/wp-content\/uploads\/2021\/05\/11.-Mets-ton-masque-GIF.gif\" alt=\"\" width=\"700\" height=\"346\" \/><\/a><\/p>\n<p>&nbsp;<\/p>\n<p>&nbsp;<\/p>\n<p style=\"text-align: left;\"><span style=\"font-family: times new roman, times, serif; font-size: 14pt;\"><strong>URL de cet article\u00a0: <\/strong><a href=\"http:\/\/blog.lesgrossesorchadeslesamplesthalameges.fr\/index.php\/psychologie-des-foules\/\">http:\/\/blog.lesgrossesorchadeslesamplesthalameges.fr\/index.php\/psychologie-des-foules\/<\/a><strong><br \/>\n<\/strong><\/span><\/p>\n<p>&nbsp;<\/p>\n<p style=\"text-align: center;\"><a href=\"http:\/\/blog.lesgrossesorchadeslesamplesthalameges.fr\/index.php\/2021\/05\/06\/festivites-du-1er-mai-et-dapres\/000-brin-de-m\/\" rel=\"attachment wp-att-13783\"><img loading=\"lazy\" class=\"alignnone size-full wp-image-13783\" src=\"http:\/\/blog.lesgrossesorchadeslesamplesthalameges.fr\/wp-content\/uploads\/2021\/05\/000.-BRIN-de-M.gif\" alt=\"\" width=\"100\" height=\"130\" \/><\/a><\/p>\n<p>&nbsp;<\/p>\n<p>&nbsp;<\/p>\n<p style=\"text-align: right;\"><span style=\"font-family: comic sans ms, sans-serif; font-size: 14pt;\">6 mai 2021<\/span><\/p>\n<p>&nbsp;<\/p>\n<p>&nbsp;<\/p>\n","protected":false},"excerpt":{"rendered":"<p>&nbsp; &nbsp; &nbsp; &nbsp; &nbsp; &nbsp; &nbsp; &nbsp; Cet exercice de ce que j\u2019appellerais un \u00ab\u00a0aveuglement collectif d\u00e9lib\u00e9r\u00e9 et une hypocrisie totale\u00a0\u00bb est une tache pour chaque pays, entit\u00e9 ou personne qui y participe.\u00a0 Honte \u00e0 vous tous ! Le Saker (\u00ab\u00a0Les options amphibies russes\u2026\u00a0\u00bb) \u00a0 \u00a0 On a beau se dire que Nicolas Bonnal&#8230;<\/p>\n","protected":false},"author":1,"featured_media":0,"parent":0,"menu_order":0,"comment_status":"open","ping_status":"open","template":"","meta":[],"_links":{"self":[{"href":"https:\/\/blog.lesgrossesorchadeslesamplesthalameges.fr\/index.php\/wp-json\/wp\/v2\/pages\/13809"}],"collection":[{"href":"https:\/\/blog.lesgrossesorchadeslesamplesthalameges.fr\/index.php\/wp-json\/wp\/v2\/pages"}],"about":[{"href":"https:\/\/blog.lesgrossesorchadeslesamplesthalameges.fr\/index.php\/wp-json\/wp\/v2\/types\/page"}],"author":[{"embeddable":true,"href":"https:\/\/blog.lesgrossesorchadeslesamplesthalameges.fr\/index.php\/wp-json\/wp\/v2\/users\/1"}],"replies":[{"embeddable":true,"href":"https:\/\/blog.lesgrossesorchadeslesamplesthalameges.fr\/index.php\/wp-json\/wp\/v2\/comments?post=13809"}],"version-history":[{"count":6,"href":"https:\/\/blog.lesgrossesorchadeslesamplesthalameges.fr\/index.php\/wp-json\/wp\/v2\/pages\/13809\/revisions"}],"predecessor-version":[{"id":13815,"href":"https:\/\/blog.lesgrossesorchadeslesamplesthalameges.fr\/index.php\/wp-json\/wp\/v2\/pages\/13809\/revisions\/13815"}],"wp:attachment":[{"href":"https:\/\/blog.lesgrossesorchadeslesamplesthalameges.fr\/index.php\/wp-json\/wp\/v2\/media?parent=13809"}],"curies":[{"name":"wp","href":"https:\/\/api.w.org\/{rel}","templated":true}]}}