{"id":13867,"date":"2021-05-06T18:21:29","date_gmt":"2021-05-06T16:21:29","guid":{"rendered":"http:\/\/blog.lesgrossesorchadeslesamplesthalameges.fr\/?page_id=13867"},"modified":"2021-05-06T18:25:26","modified_gmt":"2021-05-06T16:25:26","slug":"resolution-du-parlement-europeen","status":"publish","type":"page","link":"https:\/\/blog.lesgrossesorchadeslesamplesthalameges.fr\/index.php\/resolution-du-parlement-europeen\/","title":{"rendered":"R\u00e9solution du Parlement europ\u00e9en"},"content":{"rendered":"<p>&nbsp;<\/p>\n<p>&nbsp;<\/p>\n<p>&nbsp;<\/p>\n<p>&nbsp;<\/p>\n<p>&nbsp;<\/p>\n<p>&nbsp;<\/p>\n<p>&nbsp;<\/p>\n<p style=\"text-align: left;\"><span style=\"font-family: times new roman, times, serif; font-size: 18pt; color: #c00000;\"><strong><em>On a enferm\u00e9 des gens qui se prenaient seulement pour Napol\u00e9on\u00a0! Les Euronouilles ont encore frapp\u00e9.<\/em><\/strong><\/span><\/p>\n<p style=\"text-align: justify;\"><span style=\"font-family: times new roman, times, serif; font-size: 14pt;\"><strong><em>\u00a0<\/em><\/strong><\/span><\/p>\n<p>&nbsp;<\/p>\n<p style=\"text-align: center;\"><strong><span style=\"font-family: times new roman, times, serif; font-size: 36pt;\">R\u00e9solution du Parlement europ\u00e9en : l&rsquo;UE exprime sa d\u00e9testation de la Russie &#8230; et son impuissance<\/span><\/strong><\/p>\n<p>&nbsp;<\/p>\n<p style=\"text-align: center;\"><span style=\"font-family: times new roman, times, serif; font-size: 18pt;\"><strong>Karine Bechet-Golovko \u2013 <em>Russie Politics<\/em> \u2013 30.4.2021<\/strong><\/span><\/p>\n<p style=\"text-align: center;\"><span style=\"font-family: times new roman, times, serif; font-size: 18pt;\"><strong>\u00a0<\/strong><\/span><\/p>\n<p>&nbsp;<\/p>\n<p style=\"text-align: center;\"><a href=\"http:\/\/blog.lesgrossesorchadeslesamplesthalameges.fr\/index.php\/2021\/05\/06\/niouzes-des-environs-du-1er-mai\/7-euro-nouilles\/\" rel=\"attachment wp-att-13841\"><img loading=\"lazy\" class=\"alignnone wp-image-13841 size-full\" src=\"http:\/\/blog.lesgrossesorchadeslesamplesthalameges.fr\/wp-content\/uploads\/2021\/05\/7.-Euro-nouilles.jpg\" alt=\"\" width=\"400\" height=\"266\" srcset=\"https:\/\/blog.lesgrossesorchadeslesamplesthalameges.fr\/wp-content\/uploads\/2021\/05\/7.-Euro-nouilles.jpg 400w, https:\/\/blog.lesgrossesorchadeslesamplesthalameges.fr\/wp-content\/uploads\/2021\/05\/7.-Euro-nouilles-300x200.jpg 300w\" sizes=\"(max-width: 400px) 100vw, 400px\" \/><\/a><\/p>\n<p>&nbsp;<\/p>\n<p>&nbsp;<\/p>\n<p style=\"text-align: justify;\"><span style=\"font-family: tahoma, arial, helvetica, sans-serif; font-size: 14pt;\"><strong>Apr\u00e8s que la Russie ait \u00e9t\u00e9 accus\u00e9e d&rsquo;avoir fait exploser en s\u00e9ries des d\u00e9p\u00f4ts d&rsquo;armes, en R\u00e9publique Tch\u00e8que, puis en Bulgarie, le ministre russe des Affaires \u00e9trang\u00e8res Sergue\u00ef Lavrov se demandait de quoi encore elle n&rsquo;\u00e9tait pas coupable. Le Parlement europ\u00e9en, hier dans une r\u00e9solution non obligatoire, lui a r\u00e9pondu : la Russie est<em> a priori<\/em> coupable de tout ce qui ne fonctionne pas comme pr\u00e9vu dans le monde, mais surtout elle est coupable d&rsquo;exister. L&rsquo;UE vient encore de faire preuve d&rsquo;une diplomatie de haut vol, ce qui n&rsquo;est pas \u00e9tonnant apr\u00e8s ses derniers exploits en Russie ou en Turquie. Mais quel est l&rsquo;int\u00e9r\u00eat des pays de l&rsquo;Europe de l&rsquo;Ouest \u00e0 suivre l&rsquo;hyst\u00e9rie anti-russe et anti-europ\u00e9enne lanc\u00e9e par l&rsquo;Europe de l&rsquo;Est, \u00e0 la pointe des int\u00e9r\u00eats atlantistes ?<\/strong><\/span><\/p>\n<p>&nbsp;<\/p>\n<p style=\"text-align: justify;\"><span style=\"font-family: times new roman, times, serif; font-size: 14pt;\">La Russie est l&rsquo;ennemi, une fois n&rsquo;est pas coutume. Apr\u00e8s que la R\u00e9publique Tch\u00e8que l&rsquo;ait accus\u00e9e d&rsquo;avoir fait exploser un d\u00e9p\u00f4t d&rsquo;armes et que la valse des diplomates ait \u00e9t\u00e9 jou\u00e9e (<a href=\"https:\/\/russiepolitics.blogspot.com\/2021\/04\/expulsion-de-diplomates-biden-construit.html\">voir notre texte ici<\/a>), la <a href=\"https:\/\/tass.ru\/mezhdunarodnaya-panorama\/11262739\">Bulgarie <\/a>a repris le flambeau et a accus\u00e9, elle aussi, la Russie d&rsquo;explosions provoqu\u00e9es dans des usines d&rsquo;armement. Ainsi, entre 2011 et 2020, 4 usines d&rsquo;armes auraient subi des explosions de ce genre et 6 Russes en seraient responsables. Nous allons certainement retrouver nos incontournables Petrov et Bashirov, les Dupont et Dupond de l&rsquo;espionnage russe fantasm\u00e9 \u00e0 la mode Tintin, dans leur tourn\u00e9e europ\u00e9enne, avec des petits clones pour grossis les rangs. Evidemment, un <a href=\"https:\/\/ria.ru\/20210429\/bolgariya-1730488969.html\">diplomate <\/a>russe a \u00e9t\u00e9 d\u00e9clar\u00e9 <em>persona non grata<\/em> et la valse continue, solidarit\u00e9 europ\u00e9enne oblige.<\/span><\/p>\n<p>&nbsp;<\/p>\n<p style=\"text-align: justify;\"><span style=\"font-family: times new roman, times, serif; font-size: 14pt;\">Pourtant, d\u00e8s le d\u00e9part, l&rsquo;histoire bulgare bugue. La compagnie <a href=\"https:\/\/tass.ru\/mezhdunarodnaya-panorama\/11267173\">EMKO,<\/a> \u00e0 laquelle appartiennent les usines dans lesquelles des explosions auraient eu lieu, d\u00e9ment la version officielle. Selon son propri\u00e9taire, il y a eu par le pass\u00e9 un seul incident d&rsquo;explosion, le 12 novembre 2011, mais avec des armes provenant d&rsquo;ailleurs de R\u00e9publique Tch\u00e8que, et les services d&rsquo;enqu\u00eate n&rsquo;ont alors rien trouv\u00e9 de particulier et ont clos l&rsquo;affaire. Finalement, les Bulgares se sont adress\u00e9s aux services russes pour obtenir leur collaboration dans l&rsquo;enqu\u00eate, m\u00eame s&rsquo;ils restent persuad\u00e9s que ces 6 mystiques Russes y sont impliqu\u00e9s &#8230; Le minist\u00e8re russe des Affaires \u00e9trang\u00e8res a d\u00e9clar\u00e9 \u00e9tudier la question.<\/span><\/p>\n<p>&nbsp;<\/p>\n<p style=\"text-align: justify;\"><span style=\"font-family: times new roman, times, serif; font-size: 14pt;\">Cette hyst\u00e9rie g\u00e9n\u00e9rale met \u00e0 bout la patience du <a href=\"https:\/\/russian.rt.com\/russia\/news\/857782-kreml-chehiya-bolgariya\">Kremlin <\/a>:<\/span><\/p>\n<p>&nbsp;<\/p>\n<p style=\"text-align: justify; padding-left: 90px;\"><span style=\"font-family: times new roman, times, serif; font-size: 14pt;\">\u00ab\u00a0<strong><em>Tout ce que fabriquent les Tch\u00e8ques, auxquels se sont joints les Bulgares, et comment, au nom d&rsquo;une fausse solidarit\u00e9, se joignent \u00e0 eux les Baltes et d&rsquo;autres, nous n&rsquo;allons pas le supporter, nous ne le supportons d\u00e9j\u00e0 plus et le faisons d\u00e8s \u00e0 pr\u00e9sent savoir.<\/em><\/strong>\u00a0\u00bb<\/span><\/p>\n<p>&nbsp;<\/p>\n<p style=\"text-align: justify;\"><span style=\"font-family: times new roman, times, serif; font-size: 14pt;\">Comme le souligne <a href=\"https:\/\/tass.ru\/politika\/11263921\">Lavrov <\/a>avec justesse, l&rsquo;UE devrait plut\u00f4t contr\u00f4ler la situation autour des ventes d&rsquo;armes par les pays membres de cette organisation [l\u2019<em>UE, NdE<\/em>] et v\u00e9rifier s&rsquo;il n&rsquo;y a aucune violation des conventions internationales en la mati\u00e8re. Et de remarquer avec humour :<\/span><\/p>\n<p>&nbsp;<\/p>\n<p style=\"text-align: justify; padding-left: 90px;\"><span style=\"font-family: times new roman, times, serif; font-size: 14pt;\">\u00ab\u00a0<strong><em>C&rsquo;est d\u00e9j\u00e0 une bonne chose que l&rsquo;on ne nous accuse pas de l&rsquo;assassinat du Grand Duc Ferdinand, qui a servi de d\u00e9clencheur \u00e0 la Premi\u00e8re Guerre mondiale, m\u00eame si tout y conduit !<\/em><\/strong>\u00a0\u00bb<\/span><\/p>\n<p>&nbsp;<\/p>\n<p style=\"text-align: justify;\"><span style=\"font-family: times new roman, times, serif; font-size: 14pt;\">En effet, de quoi la Russie n&rsquo;est-elle pas responsable ? \u00c0 cette question, <strong>le Parlement europ\u00e9en vient d&rsquo;apporter sa r\u00e9ponse : la Russie est responsable, avant tout, d&rsquo;exister.<\/strong><\/span><\/p>\n<p>&nbsp;<\/p>\n<p style=\"text-align: justify;\"><span style=\"font-family: times new roman, times, serif; font-size: 14pt;\">Dans une <a href=\"https:\/\/www.europarl.europa.eu\/doceo\/document\/TA-9-2021-0159_FR.pdf\">r\u00e9solution <\/a>de 10 pages, dont le texte m\u00e9rite d&rsquo;\u00eatre \u00e9pluch\u00e9 par un psy, le Parlement europ\u00e9en accuse en bloc la Russie : d&rsquo;oser d\u00e9ployer ses forces arm\u00e9es sur <em>son <\/em>territoire face aux exercices de l&rsquo;OTAN \u00e0 ses fronti\u00e8res, de la guerre <em>civile <\/em>en Ukraine qui dure depuis des ann\u00e9es suite au Ma\u00efdan am\u00e9ricain, de ne pas ex\u00e9cuter les Accords de Minsk dont elle n&rsquo;est pas partie mais garante, de ne pas lutter contre la corruption et donc d&rsquo;avoir incarc\u00e9r\u00e9 pour escroquerie Navalny, sans oublier les Skripal et tous ceux qui survivent \u00e0 ces armes chimiques de masse qui ne tuent plus, les explosions en R\u00e9publique tch\u00e8ques, etc. <em>Bref, la Russie est l&rsquo;ennemi, l&rsquo;incarnation du Mal absolu, un pays terroriste qui empoisonne, provoque des explosions. <\/em>Ce qui doit certainement justifier l&rsquo;appel \u00e0 soutenir militairement l&rsquo;Ukraine au point 4 &#8230;<\/span><\/p>\n<p>&nbsp;<\/p>\n<p style=\"text-align: justify;\"><span style=\"font-family: times new roman, times, serif; font-size: 14pt;\">Deux points sont particuli\u00e8rement significatifs dans cette r\u00e9solution \u2013 et de la haine de l&rsquo;UE pour la Russie, et de son impuissance.<\/span><\/p>\n<p>&nbsp;<\/p>\n<p style=\"text-align: justify;\"><span style=\"font-family: times new roman, times, serif; font-size: 14pt;\">En ce sens, le point 1.Q est un v\u00e9ritable cri de haine :<\/span><\/p>\n<p>&nbsp;<\/p>\n<p style=\"text-align: justify; padding-left: 90px;\"><span style=\"font-family: times new roman, times, serif; font-size: 14pt;\"><strong>\u00ab\u00a0<em>consid\u00e9rant que la F\u00e9d\u00e9ration de Russie constitue non seulement une menace ext\u00e9rieure pour la s\u00e9curit\u00e9 de l\u2019Europe, mais qu\u2019elle m\u00e8ne \u00e9galement une guerre int\u00e9rieure contre sa propre population sous la forme d&rsquo;une r\u00e9pression syst\u00e9matique de l\u2019opposition et d\u2019arrestations en pleine rue\u2026<\/em>\u00a0\u00bb<\/strong><\/span><\/p>\n<p style=\"text-align: justify;\"><span style=\"font-family: times new roman, times, serif; font-size: 14pt;\"><strong>\u00a0<\/strong><\/span><\/p>\n<p style=\"text-align: justify;\"><span style=\"font-family: times new roman, times, serif; font-size: 14pt;\">\u00ab\u00a0La Russie est un ennemi, pas uniquement pour les autres pays, mais aussi pour elle-m\u00eame.\u00a0\u00bb <strong>Nous pouvons \u00eatre certains que si la Russie \u00e9tait plus petite, elle aurait d\u00e9j\u00e0 subi le sort peu enviable de tous les pays d\u00e9truits au nom d&rsquo;une Op\u00e9ration de d\u00e9mocratisation ext\u00e9rieure<\/strong><strong>.<\/strong> Mais la Russie n&rsquo;est pas aussi facilement dig\u00e9rable et l&rsquo;absurdit\u00e9 suicidaire des sanctions propos\u00e9es, si \u00ab\u00a0invasion de l&rsquo;Ukraine\u00a0\u00bb, souligne la rage impuissante de l&rsquo;UE.<\/span><\/p>\n<p>&nbsp;<\/p>\n<p style=\"text-align: justify;\"><span style=\"font-family: times new roman, times, serif; font-size: 14pt;\">Voir le point 8 de cette r\u00e9solution :<\/span><\/p>\n<p>&nbsp;<\/p>\n<p style=\"text-align: justify; padding-left: 90px;\"><span style=\"font-family: times new roman, times, serif; font-size: 14pt;\">\u00ab\u00a0\u2026souligne que, dans l\u2019hypoth\u00e8se o\u00f9 ce d\u00e9ploiement militaire se transformerait en une invasion de l\u2019Ukraine par la F\u00e9d\u00e9ration de Russie, l\u2019Union doit faire clairement savoir qu\u2019une telle violation du droit et des normes internationales se paierait au prix fort; insiste donc pour que, en de telles circonstances, <strong><em>les importations de p\u00e9trole et de gaz russe dans l\u2019Union soient imm\u00e9diatement stopp\u00e9es, que la Russie soit exclue du syst\u00e8me de paiement SWIFT<\/em><\/strong>\u00a0\u00bb\u00a0<\/span><\/p>\n<p>&nbsp;<\/p>\n<p style=\"text-align: justify;\"><span style=\"font-family: times new roman, times, serif; font-size: 14pt;\">Peut-on s\u00e9rieusement penser que les pays europ\u00e9ens puissent se passer totalement du gaz et du p\u00e9trole russe ? Dans ce cas, il faut effectivement continuer les mesures de confinement, de fermeture des magasins, de d\u00e9sindustrialisation, pour que l&rsquo;\u00e9conomie europ\u00e9enne soit compl\u00e8tement \u00e9cras\u00e9e et les soci\u00e9t\u00e9s d\u00e9truites. Sinon, l&rsquo;Europe ne sera plus en mesure d&rsquo;assurer un fonctionnement normal.<\/span><\/p>\n<p>&nbsp;<\/p>\n<p style=\"text-align: justify;\"><span style=\"font-family: times new roman, times, serif; font-size: 14pt;\">C&rsquo;est \u00e0 r\u00e9fl\u00e9chir &#8230;<\/span><\/p>\n<p>&nbsp;<\/p>\n<p style=\"text-align: left;\"><span style=\"font-family: times new roman, times, serif; font-size: 14pt;\">Source\u00a0: <a href=\"http:\/\/russiepolitics.blogspot.com\/2021\/04\/resolution-du-parlement-europeen-lue.html\">http:\/\/russiepolitics.blogspot.com\/2021\/04\/resolution-du-parlement-europeen-lue.html<\/a><\/span><\/p>\n<p>&nbsp;<\/p>\n<p style=\"text-align: justify;\"><span style=\"font-family: times new roman, times, serif; font-size: 18pt; color: #c00000;\"><strong><em>\u00ab\u00a0Normal\u00a0\u00bb\u00a0?\u00a0<\/em><\/strong><\/span><\/p>\n<p style=\"text-align: justify;\"><span style=\"font-family: times new roman, times, serif; font-size: 14pt; color: #c00000;\"><strong><em><span style=\"color: #c00000;\">Madame Bechet Golovko a \u00e9crit cet article en h\u00e2te avec les nerfs en pelote, et comme on la comprend\u00a0! Il y aurait bien d\u2019autres choses \u00e0 dire sur le sujet. Qu\u2019il nous suffise de rappeler que la Russie n\u2019a pas besoin de l\u2019UE comme cliente pour son gaz, mais que l\u2019industrie allemande a mortellement besoin de la Russie comme fournisseur pour sa survie. C\u2019est l\u00e0 qu\u2019on va voir de qui d\u00e9pendent les destin\u00e9es de l\u2019Europe\u2026 Mong\u00e9n\u00e9ral appelait l\u2019ONU \u00ab\u00a0le Machin\u00a0\u00bb. Comment aurait-il pu baptiser ce qui n\u2019en est m\u00eame pas un\u00a0? Votons pour l\u2019expression favorite d\u2019Observatus Geopoliticus\u00a0: \u00ab\u00a0les Euronouilles\u00a0\u00bb. LGO<\/span><br \/>\n<\/em><\/strong><\/span><\/p>\n<p style=\"text-align: justify;\"><span style=\"font-family: times new roman, times, serif; font-size: 14pt;\"><strong><em>\u00a0<\/em><\/strong><\/span><\/p>\n<p>&nbsp;<\/p>\n<p style=\"text-align: center;\"><span style=\"font-family: times new roman, times, serif; font-size: 14pt;\"><strong><em>\u00a0<a href=\"http:\/\/blog.lesgrossesorchadeslesamplesthalameges.fr\/index.php\/2021\/05\/06\/niouzes-des-environs-du-1er-mai\/000-dangerous-times-3\/\" rel=\"attachment wp-att-13839\"><img loading=\"lazy\" class=\"alignnone size-full wp-image-13839\" src=\"http:\/\/blog.lesgrossesorchadeslesamplesthalameges.fr\/wp-content\/uploads\/2021\/05\/000.-dangerous-times.gif\" alt=\"\" width=\"70\" height=\"63\" \/><\/a><\/em><\/strong><\/span><\/p>\n<p style=\"text-align: justify;\"><span style=\"font-family: times new roman, times, serif; font-size: 14pt;\"><strong><em>\u00a0<\/em><\/strong><\/span><\/p>\n<p style=\"text-align: left;\"><span style=\"font-family: times new roman, times, serif; font-size: 14pt;\"><strong>URL de cet article\u00a0: <\/strong><a href=\"http:\/\/blog.lesgrossesorchadeslesamplesthalameges.fr\/index.php\/resolution-du-parlement-europeen\/\">http:\/\/blog.lesgrossesorchadeslesamplesthalameges.fr\/index.php\/resolution-du-parlement-europeen\/<\/a><\/span><\/p>\n<p style=\"text-align: justify;\"><span style=\"font-family: times new roman, times, serif; font-size: 14pt;\"><strong><em>\u00a0<\/em><\/strong><\/span><\/p>\n<p style=\"text-align: right;\"><span style=\"font-family: comic sans ms, sans-serif; font-size: 14pt;\">6 mai 2021<\/span><\/p>\n<p>&nbsp;<\/p>\n","protected":false},"excerpt":{"rendered":"<p>&nbsp; &nbsp; &nbsp; &nbsp; &nbsp; &nbsp; &nbsp; On a enferm\u00e9 des gens qui se prenaient seulement pour Napol\u00e9on\u00a0! Les Euronouilles ont encore frapp\u00e9. \u00a0 &nbsp; R\u00e9solution du Parlement europ\u00e9en : l&rsquo;UE exprime sa d\u00e9testation de la Russie &#8230; et son impuissance &nbsp; Karine Bechet-Golovko \u2013 Russie Politics \u2013 30.4.2021 \u00a0 &nbsp; &nbsp; &nbsp; Apr\u00e8s que&#8230;<\/p>\n","protected":false},"author":1,"featured_media":0,"parent":0,"menu_order":0,"comment_status":"open","ping_status":"open","template":"","meta":[],"_links":{"self":[{"href":"https:\/\/blog.lesgrossesorchadeslesamplesthalameges.fr\/index.php\/wp-json\/wp\/v2\/pages\/13867"}],"collection":[{"href":"https:\/\/blog.lesgrossesorchadeslesamplesthalameges.fr\/index.php\/wp-json\/wp\/v2\/pages"}],"about":[{"href":"https:\/\/blog.lesgrossesorchadeslesamplesthalameges.fr\/index.php\/wp-json\/wp\/v2\/types\/page"}],"author":[{"embeddable":true,"href":"https:\/\/blog.lesgrossesorchadeslesamplesthalameges.fr\/index.php\/wp-json\/wp\/v2\/users\/1"}],"replies":[{"embeddable":true,"href":"https:\/\/blog.lesgrossesorchadeslesamplesthalameges.fr\/index.php\/wp-json\/wp\/v2\/comments?post=13867"}],"version-history":[{"count":6,"href":"https:\/\/blog.lesgrossesorchadeslesamplesthalameges.fr\/index.php\/wp-json\/wp\/v2\/pages\/13867\/revisions"}],"predecessor-version":[{"id":13874,"href":"https:\/\/blog.lesgrossesorchadeslesamplesthalameges.fr\/index.php\/wp-json\/wp\/v2\/pages\/13867\/revisions\/13874"}],"wp:attachment":[{"href":"https:\/\/blog.lesgrossesorchadeslesamplesthalameges.fr\/index.php\/wp-json\/wp\/v2\/media?parent=13867"}],"curies":[{"name":"wp","href":"https:\/\/api.w.org\/{rel}","templated":true}]}}