{"id":13934,"date":"2021-05-06T21:37:45","date_gmt":"2021-05-06T19:37:45","guid":{"rendered":"http:\/\/blog.lesgrossesorchadeslesamplesthalameges.fr\/?page_id=13934"},"modified":"2021-05-06T21:39:38","modified_gmt":"2021-05-06T19:39:38","slug":"nous-avons-une-sorte-de-these","status":"publish","type":"page","link":"https:\/\/blog.lesgrossesorchadeslesamplesthalameges.fr\/index.php\/nous-avons-une-sorte-de-these\/","title":{"rendered":"Nous avons une sorte de th\u00e8se&#8230;"},"content":{"rendered":"<p style=\"text-align: justify;\"><strong>\u00a0<\/strong><\/p>\n<p>&nbsp;<\/p>\n<p>&nbsp;<\/p>\n<p>&nbsp;<\/p>\n<p>&nbsp;<\/p>\n<p>&nbsp;<\/p>\n<p>&nbsp;<\/p>\n<p style=\"text-align: left;\"><span style=\"font-family: times new roman, times, serif; font-size: 24pt;\"><strong>Nous avons une sorte de th\u00e8se l\u00e0-dessus\u00a0: <\/strong><\/span><\/p>\n<p>&nbsp;<\/p>\n<p>&nbsp;<\/p>\n<p style=\"text-align: justify;\"><span style=\"font-family: comic sans ms, sans-serif; font-size: 14pt;\">La c\u00e9l\u00e9bration du premier Centenaire de la R\u00e9volution n\u2019avait pas du tout ressembl\u00e9 \u00e0 celle du Bicentenaire. Dans sa foul\u00e9e, on assistait en France \u00e0 un tr\u00e8s vif renouveau d\u2019int\u00e9r\u00eat pour les histoire de peuples qui s\u2019occupent de leurs affaires.<\/span><\/p>\n<p style=\"text-align: justify;\"><span style=\"font-family: comic sans ms, sans-serif; font-size: 14pt;\">Victor Hugo \u00e9tait mort en 1885 et ses fun\u00e9railles avaient \u00e9t\u00e9 les plus extraordinaires qu\u2019on e\u00fbt jamais vues.\u00a0Avant de mourir, il avait affirm\u00e9 des choses de mauvais aloi comme \u00ab\u00a0Nous sommes Quatre-Vingt Treize\u00a0!\u00a0\u00bb.<\/span><\/p>\n<p style=\"text-align: justify;\"><span style=\"font-family: comic sans ms, sans-serif; font-size: 14pt;\">En 1892 (avec <em>Le<\/em> <em>Culte de la Raison et de l\u2019\u00catre supr\u00eame<\/em>) Albert Mathiez avait commenc\u00e9 la longue marche qui allait rendre \u00e0 l\u2019Incorruptible sa place et aboutir \u00e0 la fondation de la Soci\u00e9t\u00e9 des \u00c9tudes Robespierristes. Il n\u2019a fallu rien de moins que la \u00ab\u00a0guerre 14\u00a0\u00bb pour donner un coup d\u2019arr\u00eat \u00e0 cette mise en branle du peuple fran\u00e7ais vers la r\u00e9appropriation de son histoire. Car cette guerre eut beaucoup de buts diff\u00e9rents bien que tous\u00a0 concourussent \u00e0 la m\u00eame chose\u2026<\/span><\/p>\n<p style=\"text-align: justify;\"><span style=\"font-family: comic sans ms, sans-serif; font-size: 14pt;\">Cependant, le couvercle-\u00e9teignoir n\u2019est pas partout comme en France retomb\u00e9 sur la fosse commune des Errancis dans l\u2019espoir que la chaux vive arrangerait tout. Il reste m\u00eame encore, en Russie, des hommes que leurs parents ont pr\u00e9nomm\u00e9 Marat. Celui-ci par exemple\u00a0:<\/span><\/p>\n<p>&nbsp;<\/p>\n<p>&nbsp;<\/p>\n<p style=\"text-align: center;\"><span style=\"font-family: times new roman, times, serif; font-size: 14pt;\"><em>\u00a0<a href=\"http:\/\/blog.lesgrossesorchadeslesamplesthalameges.fr\/index.php\/2021\/05\/06\/ils-lont-noye-dans-le-sang\/4-safin-ndtv\/\" rel=\"attachment wp-att-13896\"><img loading=\"lazy\" class=\"alignnone wp-image-13896 size-full\" src=\"http:\/\/blog.lesgrossesorchadeslesamplesthalameges.fr\/wp-content\/uploads\/2021\/05\/4.-Safin-@Ndtv.jpg\" alt=\"\" width=\"500\" height=\"333\" srcset=\"https:\/\/blog.lesgrossesorchadeslesamplesthalameges.fr\/wp-content\/uploads\/2021\/05\/4.-Safin-@Ndtv.jpg 500w, https:\/\/blog.lesgrossesorchadeslesamplesthalameges.fr\/wp-content\/uploads\/2021\/05\/4.-Safin-@Ndtv-300x200.jpg 300w\" sizes=\"(max-width: 500px) 100vw, 500px\" \/><\/a><\/em><\/span><\/p>\n<p>&nbsp;<\/p>\n<p>&nbsp;<\/p>\n<p style=\"text-align: justify;\"><span style=\"font-family: comic sans ms, sans-serif; font-size: 14pt;\">Marat Safin est un champion international de tennis qui a remport\u00e9 deux fois le tournoi du Grand Chelem en simple, quinze titres en simple sur le circuit ATP, l\u2019US open en 2000, l\u2019Open d\u2019Australie en 2005, et qui, aujourd\u2019hui, \u00e0 41 ans, si\u00e8ge \u00e0 la Douma, dans les rangs de <em>Russie Unie<\/em>, d\u00e9put\u00e9 par la r\u00e9gion de Nijni Novgorod.<\/span><\/p>\n<p style=\"text-align: justify;\"><span style=\"font-family: comic sans ms, sans-serif; font-size: 14pt;\">Et si vous croyez qu\u2019il n\u2019y en a pas en Chine, des Marat et des Maximilien, vous vous trompez bien.<\/span><\/p>\n<p>&nbsp;<\/p>\n<p style=\"text-align: justify;\"><span style=\"font-family: comic sans ms, sans-serif; font-size: 14pt;\">Et pas que\u2026<\/span><\/p>\n<p>&nbsp;<\/p>\n<p style=\"text-align: center;\"><span style=\"font-family: times new roman, times, serif; font-size: 36pt;\"><strong>\u00ab\u00a0Le Premier ministre Narendra Modi a adress\u00e9, dans un tweet, ses f\u00e9licitations \u00e0 M. Staline \u00bb<\/strong><\/span><\/p>\n<p style=\"text-align: center;\"><span style=\"font-family: times new roman, times, serif; font-size: 14pt;\"><strong>\u00a0<a href=\"http:\/\/blog.lesgrossesorchadeslesamplesthalameges.fr\/index.php\/2021\/05\/06\/niouzes-des-environs-du-1er-mai\/000-vers-le-bas-fleche-rouge-gif-2\/\" rel=\"attachment wp-att-13853\"><img loading=\"lazy\" class=\"alignnone size-full wp-image-13853\" src=\"http:\/\/blog.lesgrossesorchadeslesamplesthalameges.fr\/wp-content\/uploads\/2021\/05\/000.-vers-le-bas-fl\u00e8che-rouge-GIF-1.gif\" alt=\"\" width=\"100\" height=\"100\" \/><\/a><\/strong><\/span><\/p>\n<p style=\"text-align: center;\"><span style=\"font-family: times new roman, times, serif; font-size: 14pt;\"><a href=\"https:\/\/fr.sputniknews.com\/international\/202105031045550776-staline-va-preter-serment-en-tant-que-nouveau-chef-dun-etat-indien\/\"><strong>https:\/\/fr.sputniknews.com\/international\/202105031045550776-staline-va-preter-serment-en-tant-que-nouveau-chef-dun-etat-indien\/<\/strong><\/a><\/span><\/p>\n<p style=\"text-align: justify;\"><span style=\"font-family: times new roman, times, serif; font-size: 14pt;\"><strong>\u00a0<\/strong><\/span><\/p>\n<p style=\"text-align: justify;\"><span style=\"font-family: times new roman, times, serif; font-size: 14pt;\"><strong>\u00a0<\/strong><\/span><\/p>\n<p style=\"text-align: center;\"><span style=\"font-family: times new roman, times, serif; font-size: 14pt;\"><strong>\u00a0<a href=\"http:\/\/blog.lesgrossesorchadeslesamplesthalameges.fr\/index.php\/2021\/05\/06\/ils-lont-noye-dans-le-sang\/000-plume-rouge-fond-transparent-gif\/\" rel=\"attachment wp-att-13894\"><img loading=\"lazy\" class=\"alignnone wp-image-13894\" src=\"http:\/\/blog.lesgrossesorchadeslesamplesthalameges.fr\/wp-content\/uploads\/2021\/05\/000.-Plume-rouge-fond-transparent-GIF.gif\" alt=\"\" width=\"150\" height=\"92\" \/><\/a> <\/strong><\/span><\/p>\n<p style=\"text-align: justify;\"><span style=\"font-family: times new roman, times, serif; font-size: 14pt;\"><strong><em>\u00a0<\/em><\/strong><\/span><\/p>\n<p style=\"text-align: left;\"><span style=\"font-family: times new roman, times, serif; font-size: 24pt;\"><strong>La route, longue et ardue, que vous avez trac\u00e9e, et les deux courants parall\u00e8les des r\u00e9volutionnaires qui la suivent<br \/>\n<\/strong><\/span><\/p>\n<p style=\"text-align: justify;\"><span style=\"font-family: times new roman, times, serif; font-size: 14pt;\"><strong><em>\u00a0<\/em><\/strong><\/span><\/p>\n<p style=\"text-align: justify;\"><span style=\"font-family: comic sans ms, sans-serif; font-size: 14pt;\">De votre vivant, vous ne saviez pas, citoyen, tout ce que nous savons aujourd\u2019hui de la trajectoire des hommes, par-dessus celle des rois et des chefs de guerre. C\u2019est qu\u2019apr\u00e8s votre mort, les jeunes gens qui n\u2019avaient pas \u00e9t\u00e9 liquid\u00e9s par les Thermidoriens ou d\u00e9voy\u00e9s par l\u2019Empire \u2013 interdits d\u2019action et d\u2019expression sur les sujets d\u2019actualit\u00e9, et une fois retomb\u00e9e la vague factice du romantisme \u2013 s\u2019\u00e9taient lanc\u00e9s \u00e0 corps perdu dans l\u2019\u00e9tude de l\u2019histoire des peuples, celle des \u00ab\u00a0gens du commun\u00a0\u00bb, et vous le savez, vous, que si les merdias d\u2019aujourd\u2019hui et les align\u00e9s d\u2019hier n\u2019en font pas grand cas, ils repr\u00e9sentent la contribution in\u00e9gal\u00e9e de l\u2019Europe \u00e0 l\u2019avancement de l\u2019esp\u00e8ce (ne nous laissons pas intimider par les mots\u00a0!). Vous le savez qu\u2019ind\u00e9pendamment de leurs gouvernements respectifs, ils ont \u0153uvr\u00e9 de concert, de la fa\u00e7on la plus d\u00e9sint\u00e9ress\u00e9e du monde. Le genre humain, quoi qu\u2019il vaille et quoi qu\u2019il soit devenu, leur doit la plus fi\u00e8re des chandelles.<\/span><\/p>\n<p>&nbsp;<\/p>\n<p style=\"text-align: justify; padding-left: 120px;\"><span style=\"font-family: comic sans ms, sans-serif; font-size: 14pt;\">Ne vous pressez pas pour dire merci, Messieurs et Dames d\u2019aujourd\u2019hui et autres genres ou sexes y compris les robots, \u00e0\u2026<\/span><\/p>\n<p style=\"text-align: justify; padding-left: 120px;\"><span style=\"font-family: comic sans ms, sans-serif; font-size: 12pt;\">(par ordre alphab\u00e9tique au gr\u00e9 de notre m\u00e9moire qui flanche et ils sont loin d\u2019y \u00eatre tous)\u00a0:<\/span><\/p>\n<p>&nbsp;<\/p>\n<p style=\"text-align: justify;\"><span style=\"font-family: comic sans ms, sans-serif; font-size: 14pt;\">Johan Bachoffen<\/span><\/p>\n<p style=\"text-align: justify;\"><span style=\"font-family: comic sans ms, sans-serif; font-size: 14pt;\">Mikha\u00efl Bakhtine<\/span><\/p>\n<p style=\"text-align: justify;\"><span style=\"font-family: comic sans ms, sans-serif; font-size: 14pt;\">Georges Bidault de l\u2019Isle<\/span><\/p>\n<p style=\"text-align: justify;\"><span style=\"font-family: comic sans ms, sans-serif; font-size: 14pt;\">Bloch (Marc) et Bloch (Raymond)<\/span><\/p>\n<p style=\"text-align: justify;\"><span style=\"font-family: comic sans ms, sans-serif; font-size: 14pt;\">Maurice Bologne,<\/span><\/p>\n<p style=\"text-align: justify;\"><span style=\"font-family: comic sans ms, sans-serif; font-size: 14pt;\">Jacques Brosse,<\/span><\/p>\n<p style=\"text-align: justify;\"><span style=\"font-family: comic sans ms, sans-serif; font-size: 14pt;\">Gordon Childe<\/span><\/p>\n<p style=\"text-align: justify;\"><span style=\"font-family: comic sans ms, sans-serif; font-size: 14pt;\">Franz Cumont<\/span><\/p>\n<p style=\"text-align: justify;\"><span style=\"font-family: comic sans ms, sans-serif; font-size: 14pt;\">Stefan Czarnowski<\/span><\/p>\n<p style=\"text-align: justify;\"><span style=\"font-family: comic sans ms, sans-serif; font-size: 14pt;\">L\u00e9o Desaivre<\/span><\/p>\n<p style=\"text-align: justify;\"><span style=\"font-family: comic sans ms, sans-serif; font-size: 14pt;\">Christiane Desroche-Noblecourt<\/span><\/p>\n<p style=\"text-align: justify;\"><span style=\"font-family: comic sans ms, sans-serif; font-size: 14pt;\">Marcel Detienne<\/span><\/p>\n<p style=\"text-align: justify;\"><span style=\"font-family: comic sans ms, sans-serif; font-size: 14pt;\">Jan De Vries<\/span><\/p>\n<p style=\"text-align: justify;\"><span style=\"font-family: comic sans ms, sans-serif; font-size: 14pt;\">Henri Dontenville, et m\u00eame<\/span><\/p>\n<p style=\"text-align: justify;\"><span style=\"font-family: comic sans ms, sans-serif; font-size: 14pt;\">Georges Dum\u00e9zil,<\/span><\/p>\n<p style=\"text-align: justify;\"><span style=\"font-family: comic sans ms, sans-serif; font-size: 14pt;\">Berciu Dumitru<\/span><\/p>\n<p style=\"text-align: justify;\"><span style=\"font-family: comic sans ms, sans-serif; font-size: 14pt;\">Paul-Marie Duval<\/span><\/p>\n<p style=\"text-align: justify;\"><span style=\"font-family: comic sans ms, sans-serif; font-size: 14pt;\">Fran\u00e7oise d\u2019Eaubonne<\/span><\/p>\n<p style=\"text-align: justify;\"><span style=\"font-family: comic sans ms, sans-serif; font-size: 14pt;\">Sir Arthur Evans,<\/span><\/p>\n<p style=\"text-align: justify;\"><span style=\"font-family: comic sans ms, sans-serif; font-size: 14pt;\">Sir James George Frazer <span style=\"font-size: 12pt;\">et son pionnier <em>Rameau d\u2019or<\/em><\/span><\/span><\/p>\n<p style=\"text-align: justify;\"><span style=\"font-family: comic sans ms, sans-serif; font-size: 14pt;\">Claude Gaignebet, <span style=\"font-size: 12pt;\">notre contemporain, \u00e0 qui nous devons tant,<\/span><\/span><\/p>\n<p style=\"text-align: justify;\"><span style=\"font-family: comic sans ms, sans-serif; font-size: 14pt;\">Marija Gimbutas<\/span><\/p>\n<p style=\"text-align: justify;\"><span style=\"font-family: comic sans ms, sans-serif; font-size: 14pt;\">Pierre-Louis Ginguen\u00e9, <span style=\"font-size: 12pt;\">bien s\u00fbr \u2026<\/span><\/span><\/p>\n<p style=\"text-align: justify;\"><span style=\"font-family: comic sans ms, sans-serif; font-size: 14pt;\">Carlo Ginzburg<\/span><\/p>\n<p style=\"text-align: justify;\"><span style=\"font-family: comic sans ms, sans-serif; font-size: 14pt;\">Eug\u00e8ne Goblet d\u2019Alviella<\/span><\/p>\n<p style=\"text-align: justify;\"><span style=\"font-family: comic sans ms, sans-serif; font-size: 12pt;\">Et par-dessus tout et tous\u00a0:<\/span><\/p>\n<p style=\"text-align: justify;\"><strong><span style=\"font-family: comic sans ms, sans-serif; font-size: 15pt;\">Robert Graves<\/span><\/strong><\/p>\n<p style=\"text-align: justify;\"><span style=\"font-family: comic sans ms, sans-serif; font-size: 14pt;\">Albert Grenier<\/span><\/p>\n<p style=\"text-align: justify;\"><span style=\"font-family: comic sans ms, sans-serif; font-size: 14pt;\">Albert Grisart<\/span><\/p>\n<p style=\"text-align: justify;\"><span style=\"font-family: comic sans ms, sans-serif; font-size: 14pt;\">Jane Ellen Harrison, <span style=\"font-size: 12pt;\">scandaleusement jamais traduite en fran\u00e7ais\u00a0!<\/span><\/span><\/p>\n<p style=\"text-align: justify;\"><span style=\"font-family: comic sans ms, sans-serif; font-size: 14pt;\">Henri Hubert<\/span><\/p>\n<p style=\"text-align: justify;\"><span style=\"font-family: comic sans ms, sans-serif; font-size: 14pt;\">Alain Hus<\/span><\/p>\n<p style=\"text-align: justify;\"><span style=\"font-family: comic sans ms, sans-serif; font-size: 14pt;\">E.O. James<\/span><\/p>\n<p style=\"text-align: justify;\"><span style=\"font-family: comic sans ms, sans-serif; font-size: 14pt;\">Werner Keller<\/span><\/p>\n<p style=\"text-align: justify;\"><span style=\"font-family: comic sans ms, sans-serif; font-size: 14pt;\">Samuel Kramer<\/span><\/p>\n<p style=\"text-align: justify;\"><span style=\"font-family: comic sans ms, sans-serif; font-size: 14pt;\">Alexander Haggerty Krappe<\/span><\/p>\n<p style=\"text-align: justify;\"><span style=\"font-family: comic sans ms, sans-serif; font-size: 14pt;\">Pierre Lambrechts<\/span><\/p>\n<p style=\"text-align: justify;\"><span style=\"font-family: comic sans ms, sans-serif; font-size: 14pt;\">Georges Laport<\/span><\/p>\n<p style=\"text-align: justify;\"><span style=\"font-family: comic sans ms, sans-serif; font-size: 14pt;\">Philippe Le Bas fils<\/span><\/p>\n<p style=\"text-align: justify;\"><span style=\"font-family: comic sans ms, sans-serif; font-size: 14pt;\">Abel Lefranc, <span style=\"font-size: 12pt;\">l\u2019aussi incontournable que Mathiez<\/span><br \/>\n<\/span><\/p>\n<p style=\"text-align: justify;\"><span style=\"font-family: comic sans ms, sans-serif; font-size: 14pt;\">M\u00e9lanie Lipinska<\/span><\/p>\n<p style=\"text-align: justify;\"><span style=\"font-family: comic sans ms, sans-serif; font-size: 14pt;\">Alfred M\u00e9traux<\/span><\/p>\n<p style=\"text-align: justify;\"><span style=\"font-family: comic sans ms, sans-serif; font-size: 14pt;\">Ren\u00e9 Meurant<\/span><\/p>\n<p style=\"text-align: justify;\"><span style=\"font-family: comic sans ms, sans-serif; font-size: 14pt;\">Albert Meyrac<\/span><\/p>\n<p style=\"text-align: justify;\"><span style=\"font-family: comic sans ms, sans-serif; font-size: 14pt;\">Margaret Murray, <span style=\"font-size: 12pt;\">aussi, bien s\u00fbr<\/span>.<\/span><\/p>\n<p style=\"text-align: justify;\"><span style=\"font-family: comic sans ms, sans-serif; font-size: 14pt;\">C\u00e9cile O\u2019Rahilly<\/span><\/p>\n<p style=\"text-align: justify;\"><span style=\"font-family: comic sans ms, sans-serif; font-size: 14pt;\">Massimo Pallottino<\/span><\/p>\n<p style=\"text-align: justify;\"><span style=\"font-family: comic sans ms, sans-serif; font-size: 14pt;\">John Jay Parry<\/span><\/p>\n<p style=\"text-align: justify;\"><span style=\"font-family: comic sans ms, sans-serif; font-size: 14pt;\">L\u2019abb\u00e9 Pluche, <span style=\"font-size: 12pt;\">qui les a tous pr\u00e9c\u00e9d\u00e9s avec son <\/span><em><span style=\"font-size: 12pt;\">Histoire po\u00e9tique du cie<\/span>l<\/em>,<\/span><\/p>\n<p style=\"text-align: justify;\"><span style=\"font-family: comic sans ms, sans-serif; font-size: 14pt;\">Jean Perrot<\/span><\/p>\n<p style=\"text-align: justify;\"><span style=\"font-family: comic sans ms, sans-serif; font-size: 14pt;\">Stuart Piggott<\/span><\/p>\n<p style=\"text-align: justify;\"><span style=\"font-family: comic sans ms, sans-serif; font-size: 14pt;\">T.G.E. Powell, <span style=\"font-size: 12pt;\">et ce pauvre M<\/span>.<\/span><\/p>\n<p style=\"text-align: justify;\"><span style=\"font-family: comic sans ms, sans-serif; font-size: 14pt;\">Salomon Reinach, <span style=\"font-size: 12pt;\">qui ne voulait pas croire que nos anc\u00eatres se fussent jamais livr\u00e9s \u00e0 des sacrifices humains, imaginant envers et contre tout d\u2019improbables \u00ab\u00a0m\u00e9taphores\u00a0\u00bb\u2026<\/span><\/span><\/p>\n<p style=\"text-align: justify;\"><span style=\"font-family: comic sans ms, sans-serif; font-size: 14pt;\">Paul de Saint Hilaire, <span style=\"font-size: 12pt;\">quoi que les cuistres en pensent<\/span><\/span><\/p>\n<p style=\"text-align: justify;\"><span style=\"font-family: comic sans ms, sans-serif; font-size: 14pt;\">Paul S\u00e9billot<\/span><\/p>\n<p style=\"text-align: justify;\"><span style=\"font-family: comic sans ms, sans-serif; font-size: 14pt;\">G\u00e9rard de S\u00e8de<\/span><\/p>\n<p style=\"text-align: justify;\"><span style=\"font-family: comic sans ms, sans-serif; font-size: 14pt;\">William Smith<\/span><\/p>\n<p style=\"text-align: justify;\"><span style=\"font-family: comic sans ms, sans-serif; font-size: 14pt;\">Mikl\u00f2s Szab\u00f3<\/span><\/p>\n<p style=\"text-align: justify;\"><span style=\"font-family: comic sans ms, sans-serif; font-size: 14pt;\">Stith Thompson<\/span><\/p>\n<p style=\"text-align: justify;\"><span style=\"font-family: comic sans ms, sans-serif; font-size: 14pt;\">Arnold Van Gennep<\/span><\/p>\n<p style=\"text-align: justify;\"><span style=\"font-family: comic sans ms, sans-serif; font-size: 14pt;\">Alessandro Vitale-Brovarone<\/span><\/p>\n<p style=\"text-align: justify;\"><span style=\"font-family: comic sans ms, sans-serif; font-size: 14pt;\">Rodolphe de Warsage<\/span><\/p>\n<p style=\"text-align: justify;\"><span style=\"font-family: comic sans ms, sans-serif; font-size: 14pt;\">Tadeusz Zielenski et<\/span><\/p>\n<p style=\"text-align: justify;\"><span style=\"font-family: comic sans ms, sans-serif; font-size: 14pt;\">Vladimir Zivancevic, <span style=\"font-size: 12pt;\">sans oublier<\/span><\/span><\/p>\n<p style=\"text-align: justify;\"><span style=\"font-family: comic sans ms, sans-serif; font-size: 14pt;\">Sir Walter Scott, <span style=\"font-size: 12pt;\">qui envoyait ses amis touristes recueillir les \u00ab\u00a0l\u00e9gendes\u00a0\u00bb ardennaises des bouches paysannes d\u2019ici.<\/span><\/span><\/p>\n<p>&nbsp;<\/p>\n<p style=\"text-align: justify;\"><span style=\"font-family: comic sans ms, sans-serif; font-size: 14pt;\">Oui, ils sont tr\u00e8s loin d\u2019\u00eatre tous l\u00e0, ceux qui, au XIXe s., ont \u00e9chapp\u00e9 \u00e0 l\u2019\u0153il conscripteur de \u00ab\u00a0l\u2019empereur\u00a0\u00bb\u00a0et, au XXe, travers\u00e9 deux guerres, sans abandonner leur id\u00e9al et sans que leur curiosit\u00e9 fl\u00e9chisse.<\/span><\/p>\n<p>&nbsp;<\/p>\n<p style=\"text-align: justify;\"><span style=\"font-family: comic sans ms, sans-serif; font-size: 14pt;\">Ils sont \u00ab\u00a0l\u2019autre bras\u00a0\u00bb de votre R\u00e9volution, ou \u00ab\u00a0l\u2019autre jambe\u00a0\u00bb, comme on voudra.<\/span><\/p>\n<p>&nbsp;<\/p>\n<p style=\"text-align: justify;\"><span style=\"font-family: comic sans ms, sans-serif; font-size: 14pt;\">Bien entendu, de l\u00e0 o\u00f9 vous \u00eates chez les fant\u00f4mes \u2013 o\u00f9 on voit tout, en avant et en arri\u00e8re \u2013 vous connaissez aussi ceux qui ont fait ou tent\u00e9 de faire, physiquement, un morceau de la route longue et ardue que vous avez trac\u00e9e, celle qui m\u00e8ne \u00e0 la sortie d\u2019infantilisme et \u00e0 la responsable maturit\u00e9 de tous, individuellement et en bloc\u00a0: les Zapata, les Krupska\u00efa, L\u00e9nine, Staline, Mao, Jiang Qing, Castro \u2013 Fidel et Ra\u00f9l, Guevara, Ho Chi Minh, Ortega, Chavez, Maduro, Carmichel, Bouhired, Davis, Sankara, Lumumba, Nasser, Boula\u00efd et Boudiaf, Ben Bella, Mandela, Fanon, Newton, Seale, Devlin, Sands, Kenyatta, Neyrere, Milosevic, Verg\u00e8s (dans le d\u00e9sordre et ils sont loin d\u2019y \u00eatre tous eux aussi)\u2026 sans oublier Georges Ibrahim Abdallah, Carlos, plus, juste hier, Souleimani, Magufuli, Nkurunziza, et, depuis 73 ans, tous les Palestiniens, grands, petits, jeunes et vieux.<\/span><\/p>\n<p>&nbsp;<\/p>\n<p style=\"text-align: justify;\"><span style=\"font-family: comic sans ms, sans-serif; font-size: 14pt;\">Tous ont avanc\u00e9, ne f\u00fbt-ce que de quelques m\u00e8tres, sur ce qui pourrait bien se compter en si\u00e8cles, en mill\u00e9naires, voire en ann\u00e9es-lumi\u00e8re au train o\u00f9 nous allons.<br \/>\n<\/span><\/p>\n<p>&nbsp;<\/p>\n<p style=\"text-align: justify;\"><span style=\"font-family: comic sans ms, sans-serif; font-size: 14pt;\">Il y a m\u00eame eu, vous le savez aussi, avant vous, un Jean-Jacques Brochard qui fut le Julian Assange fran\u00e7ais du XVIIe si\u00e8cle et qui en mourut \u2013 esp\u00e9rons que Julian ne le suivra pas jusque l\u00e0.<\/span><\/p>\n<p>&nbsp;<\/p>\n<p style=\"text-align: justify;\"><span style=\"font-family: comic sans ms, sans-serif; font-size: 14pt;\">On se les repasse en boucle dans la t\u00eate pour se faire honte, quand on n\u2019en peut plus et que l\u2019envie d\u2019envoyer tout se faire foutre devient trop forte. Vous comprenez s\u00fbrement ce qu\u2019on veut dire.<\/span><\/p>\n<p>&nbsp;<\/p>\n<p>&nbsp;<\/p>\n<p style=\"text-align: center;\"><strong><a href=\"http:\/\/blog.lesgrossesorchadeslesamplesthalameges.fr\/index.php\/2021\/05\/06\/ils-lont-noye-dans-le-sang\/000-plume-rouge-fond-transparent-gif\/\" rel=\"attachment wp-att-13894\"><img loading=\"lazy\" class=\"alignnone wp-image-13894\" src=\"http:\/\/blog.lesgrossesorchadeslesamplesthalameges.fr\/wp-content\/uploads\/2021\/05\/000.-Plume-rouge-fond-transparent-GIF.gif\" alt=\"\" width=\"150\" height=\"92\" \/><\/a><\/strong><\/p>\n<p style=\"text-align: justify;\"><span style=\"font-family: comic sans ms, sans-serif; font-size: 14pt;\"><strong>\u00a0<\/strong><\/span><\/p>\n<p style=\"text-align: left;\"><span style=\"font-family: times new roman, times, serif; font-size: 14pt;\"><strong>URL de cet article\u00a0: <\/strong><a href=\"http:\/\/blog.lesgrossesorchadeslesamplesthalameges.fr\/index.php\/nous-avons-une-sorte-de-these\/\">http:\/\/blog.lesgrossesorchadeslesamplesthalameges.fr\/index.php\/nous-avons-une-sorte-de-these\/<\/a><strong><br \/>\n<\/strong><\/span><\/p>\n<p style=\"text-align: justify;\"><span style=\"font-family: times new roman, times, serif; font-size: 14pt;\"><strong>\u00a0<\/strong><\/span><\/p>\n<p style=\"text-align: justify;\"><span style=\"font-family: times new roman, times, serif; font-size: 14pt;\"><strong>\u00a0<\/strong><\/span><\/p>\n<p style=\"text-align: right;\"><span style=\"font-family: comic sans ms, sans-serif; font-size: 14pt;\">6 mai 2021<\/span><\/p>\n<p>&nbsp;<\/p>\n","protected":false},"excerpt":{"rendered":"<p>\u00a0 &nbsp; &nbsp; &nbsp; &nbsp; &nbsp; &nbsp; Nous avons une sorte de th\u00e8se l\u00e0-dessus\u00a0: &nbsp; &nbsp; La c\u00e9l\u00e9bration du premier Centenaire de la R\u00e9volution n\u2019avait pas du tout ressembl\u00e9 \u00e0 celle du Bicentenaire. Dans sa foul\u00e9e, on assistait en France \u00e0 un tr\u00e8s vif renouveau d\u2019int\u00e9r\u00eat pour les histoire de peuples qui s\u2019occupent de leurs&#8230;<\/p>\n","protected":false},"author":1,"featured_media":0,"parent":0,"menu_order":0,"comment_status":"open","ping_status":"open","template":"","meta":[],"_links":{"self":[{"href":"https:\/\/blog.lesgrossesorchadeslesamplesthalameges.fr\/index.php\/wp-json\/wp\/v2\/pages\/13934"}],"collection":[{"href":"https:\/\/blog.lesgrossesorchadeslesamplesthalameges.fr\/index.php\/wp-json\/wp\/v2\/pages"}],"about":[{"href":"https:\/\/blog.lesgrossesorchadeslesamplesthalameges.fr\/index.php\/wp-json\/wp\/v2\/types\/page"}],"author":[{"embeddable":true,"href":"https:\/\/blog.lesgrossesorchadeslesamplesthalameges.fr\/index.php\/wp-json\/wp\/v2\/users\/1"}],"replies":[{"embeddable":true,"href":"https:\/\/blog.lesgrossesorchadeslesamplesthalameges.fr\/index.php\/wp-json\/wp\/v2\/comments?post=13934"}],"version-history":[{"count":11,"href":"https:\/\/blog.lesgrossesorchadeslesamplesthalameges.fr\/index.php\/wp-json\/wp\/v2\/pages\/13934\/revisions"}],"predecessor-version":[{"id":13946,"href":"https:\/\/blog.lesgrossesorchadeslesamplesthalameges.fr\/index.php\/wp-json\/wp\/v2\/pages\/13934\/revisions\/13946"}],"wp:attachment":[{"href":"https:\/\/blog.lesgrossesorchadeslesamplesthalameges.fr\/index.php\/wp-json\/wp\/v2\/media?parent=13934"}],"curies":[{"name":"wp","href":"https:\/\/api.w.org\/{rel}","templated":true}]}}