{"id":13948,"date":"2021-05-06T22:18:28","date_gmt":"2021-05-06T20:18:28","guid":{"rendered":"http:\/\/blog.lesgrossesorchadeslesamplesthalameges.fr\/?page_id=13948"},"modified":"2021-05-08T00:50:38","modified_gmt":"2021-05-07T22:50:38","slug":"pour-parler-dautre-chose","status":"publish","type":"page","link":"https:\/\/blog.lesgrossesorchadeslesamplesthalameges.fr\/index.php\/pour-parler-dautre-chose\/","title":{"rendered":"Pour parler d&rsquo;autre chose&#8230;"},"content":{"rendered":"<p>&nbsp;<\/p>\n<p>&nbsp;<\/p>\n<p>&nbsp;<\/p>\n<p>&nbsp;<\/p>\n<p>&nbsp;<\/p>\n<p>&nbsp;<\/p>\n<p>&nbsp;<\/p>\n<p><span style=\"font-family: times new roman, times, serif; font-size: 24pt;\"><strong>Pour parler d\u2019autre chose\u2026<\/strong><\/span><\/p>\n<p><span style=\"font-family: times new roman, times, serif; font-size: 24pt;\"><strong>\u2026 c\u2019est-\u00e0-dire d\u2019elle et de vous<\/strong><\/span><\/p>\n<p>&nbsp;<\/p>\n<p>&nbsp;<\/p>\n<p><span style=\"font-family: comic sans ms, sans-serif; font-size: 14pt;\">Savez-vous, citoyen, qu\u2019il existe un site, sur Internet, consacr\u00e9 \u00e0 votre promise\u00a0?<\/span><\/p>\n<p><span style=\"font-family: comic sans ms, sans-serif; font-size: 14pt;\">Non, bien s\u00fbr, pas en France. En Russie.<\/span><\/p>\n<p>&nbsp;<\/p>\n<p style=\"text-align: center;\"><span style=\"font-size: 14pt;\"><strong><span style=\"font-family: comic sans ms, sans-serif;\">C\u2019est l\u00e0\u00a0:<\/span><\/strong><\/span><\/p>\n<p style=\"text-align: center;\"><span style=\"font-size: 18pt;\"><strong><span style=\"font-family: times new roman, times, serif;\">\u0414\u043d\u0435\u0432\u043d\u0438\u043a EleonoreD \u2014 @\u0434\u043d\u0435\u0432\u043d\u0438\u043a\u0438: \u0430\u0441\u043e\u0446\u0438\u0430\u043b\u044c\u043d\u0430\u044f \u0441\u0435\u0442\u044c<\/span><\/strong><\/span><\/p>\n<p>&nbsp;<\/p>\n<p style=\"text-align: center;\"><span style=\"font-size: 14pt;\"><strong><span style=\"font-family: comic sans ms, sans-serif;\">Essayez ici\u00a0:<\/span><\/strong><\/span><\/p>\n<p style=\"text-align: center;\"><strong><span style=\"font-family: comic sans ms, sans-serif; font-size: 14pt;\"><a href=\"https:\/\/diary.ru\/~Duplay\"><span style=\"font-family: times new roman, times, serif;\"><span style=\"font-size: 18pt;\">https:\/\/diary.ru\/~Duplay<\/span><\/span><\/a><\/span><\/strong><\/p>\n<p>&nbsp;<\/p>\n<p style=\"text-align: center;\"><span style=\"font-size: 14pt;\"><strong><span style=\"font-family: comic sans ms, sans-serif;\">ou ici\u00a0:<\/span><\/strong><\/span><\/p>\n<p style=\"text-align: center;\"><span style=\"font-family: times new roman, times, serif; font-size: 14pt;\"><a href=\"https:\/\/diary.ru\/~Duplay\/p217629853_interesnaya-statya-o-robespere-advokate.htm\"><strong><span style=\"font-family: comic sans ms, sans-serif; font-size: 14pt;\"><span style=\"font-family: times new roman, times, serif;\">h<span style=\"font-size: 18pt;\">ttps:\/\/diary.ru\/~Duplay\/p217629853_interesnaya-statya-o-robespere-advokate.htm<\/span><\/span><\/span><\/strong><\/a><\/span><\/p>\n<p>&nbsp;<\/p>\n<p>&nbsp;<\/p>\n<p><span style=\"font-family: comic sans ms, sans-serif; font-size: 14pt;\">Mais les fant\u00f4mes peuvent-ils cliquer sur des liens\u00a0? Et peut-on le savoir tant qu\u2019on n\u2019en est pas un soi-m\u00eame\u00a0?<\/span><\/p>\n<p>&nbsp;<\/p>\n<p>&nbsp;<\/p>\n<p style=\"text-align: center;\"><a href=\"http:\/\/blog.lesgrossesorchadeslesamplesthalameges.fr\/index.php\/pour-parler-dautre-chose\/7-miss-ninette-2\/\" rel=\"attachment wp-att-13950\"><img loading=\"lazy\" class=\"alignnone wp-image-13950\" src=\"http:\/\/blog.lesgrossesorchadeslesamplesthalameges.fr\/wp-content\/uploads\/2021\/05\/7.-Miss-Ninette-1.jpg\" alt=\"\" width=\"350\" height=\"219\" \/><\/a><\/p>\n<p style=\"text-align: center;\"><span style=\"font-family: times new roman, times, serif; font-size: 12pt;\"><strong><em>Miss Ninette, la mascotte du site Eleonore D.<\/em><\/strong><\/span><\/p>\n<p>&nbsp;<\/p>\n<p>&nbsp;<\/p>\n<p><span style=\"font-family: comic sans ms, sans-serif; font-size: 14pt;\">C\u2019est l\u00e0 qu\u2019on a d\u00e9couvert cette copie russe de votre buste par Houdon\u00a0:<\/span><\/p>\n<p>&nbsp;<\/p>\n<p>&nbsp;<\/p>\n<p style=\"text-align: center;\"><a href=\"http:\/\/blog.lesgrossesorchadeslesamplesthalameges.fr\/index.php\/2021\/05\/06\/ils-lont-noye-dans-le-sang\/8-copie-russe-du-buste-dhoudon\/\" rel=\"attachment wp-att-13900\"><img loading=\"lazy\" class=\"alignnone size-medium wp-image-13900\" src=\"http:\/\/blog.lesgrossesorchadeslesamplesthalameges.fr\/wp-content\/uploads\/2021\/05\/8.-Copie-russe-du-buste-dHoudon-222x300.jpg\" alt=\"\" width=\"222\" height=\"300\" srcset=\"https:\/\/blog.lesgrossesorchadeslesamplesthalameges.fr\/wp-content\/uploads\/2021\/05\/8.-Copie-russe-du-buste-dHoudon-222x300.jpg 222w, https:\/\/blog.lesgrossesorchadeslesamplesthalameges.fr\/wp-content\/uploads\/2021\/05\/8.-Copie-russe-du-buste-dHoudon.jpg 570w\" sizes=\"(max-width: 222px) 100vw, 222px\" \/><\/a><\/p>\n<p>&nbsp;<\/p>\n<p><span style=\"font-family: comic sans ms, sans-serif; font-size: 14pt;\">Et cette copie du pastel de votre \u00c9l\u00e9onore par elle-m\u00eame\u00a0:<\/span><\/p>\n<p>&nbsp;<\/p>\n<p style=\"text-align: center;\"><span style=\"font-family: times new roman, times, serif; font-size: 14pt;\">\u00a0\u00a0<a href=\"http:\/\/blog.lesgrossesorchadeslesamplesthalameges.fr\/index.php\/2021\/05\/06\/ils-lont-noye-dans-le-sang\/9-eleonore\/\" rel=\"attachment wp-att-13901\"><img loading=\"lazy\" class=\"alignnone size-medium wp-image-13901\" src=\"http:\/\/blog.lesgrossesorchadeslesamplesthalameges.fr\/wp-content\/uploads\/2021\/05\/9.-Eleonore-211x300.jpg\" alt=\"\" width=\"211\" height=\"300\" srcset=\"https:\/\/blog.lesgrossesorchadeslesamplesthalameges.fr\/wp-content\/uploads\/2021\/05\/9.-Eleonore-211x300.jpg 211w, https:\/\/blog.lesgrossesorchadeslesamplesthalameges.fr\/wp-content\/uploads\/2021\/05\/9.-Eleonore.jpg 400w\" sizes=\"(max-width: 211px) 100vw, 211px\" \/><\/a><\/span><\/p>\n<p>&nbsp;<\/p>\n<p><span style=\"font-family: comic sans ms, sans-serif; font-size: 14pt;\">C\u2019est qu\u2019il y en eut, \u00e0 la fin de votre si\u00e8cle, des femmes peintres\u00a0!<\/span><\/p>\n<p>&nbsp;<\/p>\n<p style=\"text-align: justify;\"><span style=\"font-family: comic sans ms, sans-serif; font-size: 14pt;\">On sait que dans ces ann\u00e9es 1780, \u00c9l\u00e9onore travaillait, avec d\u2019autres tr\u00e8s jeunes femmes de son \u00e2ge, dans l\u2019atelier de Jean-Baptiste Regnault. Mais peu de gens savent que l\u2019Ami du peuple, quand il habitait Londres \u2013 et qu\u2019il y \u00e9crivait <em>Les Cha\u00eenes de l\u2019Esclavage \u2013 <\/em>a partag\u00e9 la vie de sa compatriote suisse Angelica Kauffmann, tr\u00e8s grande artiste dont les \u0153uvres enrichissent les mus\u00e9es du monde entier.<\/span><\/p>\n<p>&nbsp;<\/p>\n<p>&nbsp;<\/p>\n<p style=\"text-align: center;\"><a href=\"http:\/\/blog.lesgrossesorchadeslesamplesthalameges.fr\/index.php\/pour-parler-dautre-chose\/22-angelica-autoportrait-en-bacchante-1786\/\" rel=\"attachment wp-att-13951\"><img loading=\"lazy\" class=\"alignnone wp-image-13951\" src=\"http:\/\/blog.lesgrossesorchadeslesamplesthalameges.fr\/wp-content\/uploads\/2021\/05\/22.-Angelica-Autoportrait-en-Bacchante-1786-246x300.jpg\" alt=\"\" width=\"350\" height=\"426\" srcset=\"https:\/\/blog.lesgrossesorchadeslesamplesthalameges.fr\/wp-content\/uploads\/2021\/05\/22.-Angelica-Autoportrait-en-Bacchante-1786-246x300.jpg 246w, https:\/\/blog.lesgrossesorchadeslesamplesthalameges.fr\/wp-content\/uploads\/2021\/05\/22.-Angelica-Autoportrait-en-Bacchante-1786.jpg 575w\" sizes=\"(max-width: 350px) 100vw, 350px\" \/><\/a><\/p>\n<p style=\"text-align: center;\"><span style=\"font-family: times new roman, times, serif; font-size: 12pt;\"><strong><em>Angelica Kauffmann \u2013 Autoportrait en bacchante.<\/em><\/strong><\/span><\/p>\n<p>&nbsp;<\/p>\n<p><span style=\"font-family: comic sans ms, sans-serif; font-size: 14pt;\">Et, bien s\u00fbr il y a eu, \u00e0 peu pr\u00e8s \u00e0 la m\u00eame \u00e9poque, Mme Labille-Guiard, qui a peint votre portrait en \u00ab\u00a0jeune homme promis \u00e0 une brillante carri\u00e8re au barreau\u00a0\u00bb\u00a0:<\/span><\/p>\n<p>&nbsp;<\/p>\n<p style=\"text-align: center;\"><a href=\"http:\/\/blog.lesgrossesorchadeslesamplesthalameges.fr\/index.php\/pour-parler-dautre-chose\/23-labille-guiard_robespierre\/\" rel=\"attachment wp-att-13952\"><img loading=\"lazy\" class=\"alignnone wp-image-13952\" src=\"http:\/\/blog.lesgrossesorchadeslesamplesthalameges.fr\/wp-content\/uploads\/2021\/05\/23.-Labille-Guiard_Robespierre-232x300.jpg\" alt=\"\" width=\"300\" height=\"388\" srcset=\"https:\/\/blog.lesgrossesorchadeslesamplesthalameges.fr\/wp-content\/uploads\/2021\/05\/23.-Labille-Guiard_Robespierre-232x300.jpg 232w, https:\/\/blog.lesgrossesorchadeslesamplesthalameges.fr\/wp-content\/uploads\/2021\/05\/23.-Labille-Guiard_Robespierre.jpg 400w\" sizes=\"(max-width: 300px) 100vw, 300px\" \/><\/a><\/p>\n<p style=\"text-align: center;\"><span style=\"font-family: times new roman, times, serif; font-size: 12pt;\"><strong><em>Dont il ne circule plus aujourd\u2019hui qu\u2019une copie de Roch-Vigneron mal interpr\u00e9t\u00e9e et mal dat\u00e9e.<\/em><\/strong><\/span><\/p>\n<p style=\"text-align: center;\"><span style=\"font-family: times new roman, times, serif; font-size: 12pt;\"><strong><em>\u00a0<\/em><\/strong><\/span><\/p>\n<p>&nbsp;<\/p>\n<p style=\"text-align: right;\"><a href=\"http:\/\/blog.lesgrossesorchadeslesamplesthalameges.fr\/index.php\/pour-parler-dautre-chose\/24-maximilien\/\" rel=\"attachment wp-att-13953\"><img loading=\"lazy\" class=\"alignnone wp-image-13953\" src=\"http:\/\/blog.lesgrossesorchadeslesamplesthalameges.fr\/wp-content\/uploads\/2021\/05\/24.-Maximilien-218x300.jpg\" alt=\"\" width=\"350\" height=\"481\" srcset=\"https:\/\/blog.lesgrossesorchadeslesamplesthalameges.fr\/wp-content\/uploads\/2021\/05\/24.-Maximilien-218x300.jpg 218w, https:\/\/blog.lesgrossesorchadeslesamplesthalameges.fr\/wp-content\/uploads\/2021\/05\/24.-Maximilien.jpg 448w\" sizes=\"(max-width: 350px) 100vw, 350px\" \/><\/a><\/p>\n<p style=\"text-align: right;\"><span style=\"font-family: times new roman, times, serif; font-size: 12pt;\"><strong><em>Ici le vrai, \u00e9galement tir\u00e9 des M\u00e9moires de Miss Williams.<\/em><\/strong><\/span><\/p>\n<p style=\"text-align: right;\"><span style=\"font-family: times new roman, times, serif; font-size: 12pt;\"><strong><em>C\u2019est une photo d\u2019il y a 115 ans.<\/em><\/strong><\/span><\/p>\n<p>&nbsp;<\/p>\n<p style=\"text-align: right;\"><span style=\"font-family: times new roman, times, serif; font-size: 12pt;\"><strong><em>\u00a0<\/em><\/strong><\/span><\/p>\n<p><span style=\"font-family: comic sans ms, sans-serif; font-size: 14pt;\">\u00a0Et la voil\u00e0, elle, chapeaut\u00e9e pour peindre, sous l\u2019\u0153il de deux \u00e9l\u00e8ves\u00a0:<\/span><\/p>\n<p>&nbsp;<\/p>\n<p>&nbsp;<\/p>\n<p style=\"text-align: center;\"><a href=\"http:\/\/blog.lesgrossesorchadeslesamplesthalameges.fr\/index.php\/pour-parler-dautre-chose\/25-labille-guiard\/\" rel=\"attachment wp-att-13954\"><img loading=\"lazy\" class=\"alignnone wp-image-13954\" src=\"http:\/\/blog.lesgrossesorchadeslesamplesthalameges.fr\/wp-content\/uploads\/2021\/05\/25.-Labille-Guiard-215x300.jpg\" alt=\"\" width=\"400\" height=\"557\" srcset=\"https:\/\/blog.lesgrossesorchadeslesamplesthalameges.fr\/wp-content\/uploads\/2021\/05\/25.-Labille-Guiard-215x300.jpg 215w, https:\/\/blog.lesgrossesorchadeslesamplesthalameges.fr\/wp-content\/uploads\/2021\/05\/25.-Labille-Guiard.jpg 520w\" sizes=\"(max-width: 400px) 100vw, 400px\" \/><\/a><\/p>\n<p>&nbsp;<\/p>\n<p>&nbsp;<\/p>\n<p><span style=\"font-family: comic sans ms, sans-serif; font-size: 14pt;\">Tr\u00e8s c\u00e9l\u00e8bre aussi \u2013 peut-\u00eatre m\u00eame encore plus \u00ad \u2013 fut Mme Vig\u00e9e-Lebrun\u00a0:<\/span><\/p>\n<p>&nbsp;<\/p>\n<p>&nbsp;<\/p>\n<p style=\"text-align: center;\"><a href=\"http:\/\/blog.lesgrossesorchadeslesamplesthalameges.fr\/index.php\/pour-parler-dautre-chose\/26-vigee-lebrun\/\" rel=\"attachment wp-att-13955\"><img loading=\"lazy\" class=\"alignnone wp-image-13955\" src=\"http:\/\/blog.lesgrossesorchadeslesamplesthalameges.fr\/wp-content\/uploads\/2021\/05\/26.-Vig\u00e9e-Lebrun-216x300.jpg\" alt=\"\" width=\"350\" height=\"487\" srcset=\"https:\/\/blog.lesgrossesorchadeslesamplesthalameges.fr\/wp-content\/uploads\/2021\/05\/26.-Vig\u00e9e-Lebrun-216x300.jpg 216w, https:\/\/blog.lesgrossesorchadeslesamplesthalameges.fr\/wp-content\/uploads\/2021\/05\/26.-Vig\u00e9e-Lebrun.jpg 453w\" sizes=\"(max-width: 350px) 100vw, 350px\" \/><\/a><\/p>\n<p style=\"text-align: center;\"><span style=\"font-family: times new roman, times, serif; font-size: 12pt;\"><strong><em>ce devait \u00eatre une mode\u2026<\/em><\/strong><\/span><\/p>\n<p><span style=\"font-family: times new roman, times, serif; font-size: 14pt;\"><strong><em>\u00a0<\/em><\/strong><\/span><\/p>\n<p>&nbsp;<\/p>\n<p><span style=\"font-family: comic sans ms, sans-serif; font-size: 14pt;\">et non moins, Mme Anne Vallayer-Coster, qui fut lou\u00e9e par Diderot\u00a0:<\/span><\/p>\n<p><span style=\"font-family: times new roman, times, serif; font-size: 14pt;\"><strong><em>\u00a0<\/em><\/strong><\/span><\/p>\n<p>&nbsp;<\/p>\n<p style=\"text-align: center;\"><a href=\"http:\/\/blog.lesgrossesorchadeslesamplesthalameges.fr\/index.php\/pour-parler-dautre-chose\/27-anne_vallayer-coster\/\" rel=\"attachment wp-att-13956\"><img loading=\"lazy\" class=\"alignnone wp-image-13956\" src=\"http:\/\/blog.lesgrossesorchadeslesamplesthalameges.fr\/wp-content\/uploads\/2021\/05\/27.-Anne_Vallayer-Coster-237x300.jpg\" alt=\"\" width=\"350\" height=\"442\" srcset=\"https:\/\/blog.lesgrossesorchadeslesamplesthalameges.fr\/wp-content\/uploads\/2021\/05\/27.-Anne_Vallayer-Coster-237x300.jpg 237w, https:\/\/blog.lesgrossesorchadeslesamplesthalameges.fr\/wp-content\/uploads\/2021\/05\/27.-Anne_Vallayer-Coster.jpg 520w\" sizes=\"(max-width: 350px) 100vw, 350px\" \/><\/a><\/p>\n<p style=\"text-align: center;\"><span style=\"font-family: times new roman, times, serif; font-size: 12pt;\"><strong><em>Ici peinte par Alexandre Roslin. Ciel, un homme\u00a0!<\/em><\/strong><\/span><\/p>\n<p><span style=\"font-family: times new roman, times, serif; font-size: 14pt;\"><strong><em>\u00a0<\/em><\/strong><\/span><\/p>\n<p>&nbsp;<\/p>\n<p><span style=\"font-family: comic sans ms, sans-serif; font-size: 14pt;\">et tant d\u2019autres, qu\u2019on dissuada longtemps de peindre autrement qu\u2019au pastel (cens\u00e9 \u00eatre plus f\u00e9minin).<\/span><\/p>\n<p>&nbsp;<\/p>\n<p><span style=\"font-family: comic sans ms, sans-serif; font-size: 14pt;\">Car\u2026<\/span><\/p>\n<p>&nbsp;<\/p>\n<p style=\"text-align: justify;\"><span style=\"font-family: comic sans ms, sans-serif; font-size: 14pt;\">Certains de ces Messieurs, alors, ne voyaient pas sans irritation cette intrusion du soi-disant beau sexe dans ce qu\u2019ils estimaient \u00eatre leur domaine r\u00e9serv\u00e9, qu\u2019ils fussent eux-m\u00eames ou non peintres d\u2019ailleurs. Si bien qu\u2019 il y eut, au Salon de 1783, \u00e0 l\u2019encontre, pr\u00e9cis\u00e9ment, de ces trois dames, qui y exposaient \u2013 nous avons oubli\u00e9 qui a dit que votre portrait en \u00e9tait \u2013 une esp\u00e8ce de d\u00e9but de r\u00e9volution machiste, aux cris de \u00ab\u00a0tra\u00een\u00e9es\u00a0\u00bb, de \u00ab\u00a0rentrez donc faire la soupe\u00a0\u00bb et d\u2019\u00ab\u00a0allez vous occuper de vos maris et de vos enfants \u00bb.\u00a0<\/span><\/p>\n<p>&nbsp;<\/p>\n<p style=\"text-align: justify;\"><span style=\"font-family: comic sans ms, sans-serif; font-size: 14pt;\">Bref, les choses prirent une tournure telle qu\u2019il fallut faire appel \u00e0 la mar\u00e9chauss\u00e9e pour prot\u00e9ger le retour chez elles des trois contrevenantes aux bonnes moeurs (qui avaient quand m\u00eame portraitur\u00e9 plusieurs membres de la famille royale). Il y eut m\u00eame un \u00e9chauff\u00e9 \u2013 rest\u00e9 prudemment anonyme \u2013 pour faire para\u00eetre, contre Mme Labille-Guiard, un libelle pas seulement satirique mais calomnieux, intitul\u00e9 <em>Suite de Malborough au Salon 1783,<\/em> qu\u2019elle n\u2019eut aucun mal \u00e0 faire saisir et d\u00e9truire (ses r\u00e9centes relations dans la police on pu l\u2019y aider).<\/span><\/p>\n<p>&nbsp;<\/p>\n<p>&nbsp;<\/p>\n<p style=\"text-align: center;\"><a href=\"http:\/\/blog.lesgrossesorchadeslesamplesthalameges.fr\/index.php\/nous-avons-une-sorte-de-these\/000-plume-rouge-fond-transparent-gif-3\/\" rel=\"attachment wp-att-13935\"><img loading=\"lazy\" class=\"alignnone wp-image-13935\" src=\"http:\/\/blog.lesgrossesorchadeslesamplesthalameges.fr\/wp-content\/uploads\/2021\/05\/000.-Plume-rouge-fond-transparent-GIF-2.gif\" alt=\"\" width=\"150\" height=\"92\" \/><\/a><\/p>\n<p>&nbsp;<\/p>\n<p>&nbsp;<\/p>\n<p style=\"text-align: justify;\"><span style=\"font-family: comic sans ms, sans-serif; font-size: 14pt;\">Mais ne quittons pas tout de suite \u00c9l\u00e9onore, dont MM. Les hommes d\u00e9lib\u00e8rent doctement depuis deux si\u00e8cles, aux fins de savoir si elle se fit sauter par vous ou pas. Pour beaucoup, la tentation est grande de rabaisser la donzelle, sa famille et leurs pareils, mais, pour d\u2019autres, il vaut mieux pouvoir continuer \u00e0 d\u00e9crire Le Terroriste comme un \u00eatre froid, asexu\u00e9 et \u00ab\u00a0propret\u00a0\u00bb (ce mot a tr\u00e8s souvent leurs faveurs) insensible aux femmes. Cruel dilemme.<\/span><\/p>\n<p>&nbsp;<\/p>\n<p><span style=\"font-family: comic sans ms, sans-serif; font-size: 14pt;\">Il existe, \u00e0 propos d\u2019\u00c9l\u00e9onore \u2013 ceci est pour nos contemporains confin\u00e9s &#8211; une petite anecdote qui n\u2019est pas rapport\u00e9e souvent\u00a0:<\/span><\/p>\n<p>&nbsp;<\/p>\n<p style=\"text-align: justify;\"><span style=\"font-family: comic sans ms, sans-serif; font-size: 14pt;\">En pleine Terreur, une de ses compagnes de travail ou d\u2019\u00e9tudes de l\u2019atelier Regnault eut l\u2019angoissante surprise d\u2019\u00eatre choisie, par le comit\u00e9 des sansculottes de son quartier (qui n\u2019\u00e9taient jamais sans compter quelques membres pay\u00e9s par l\u2019Angleterre, occup\u00e9s \u00e0 semer le chaos en France en poussant \u00e0 l\u2019extr\u00e9misme) pour incarner une d\u00e9esse \u2013 on ignore laquelle \u2013 dans un tr\u00e8s prochain d\u00e9fil\u00e9. Ce qui signifiait en clair qu\u2019elle devrait traverser les rues de Paris plus ou moins nue sur un char (car les d\u00e9esses, n\u2019est-ce pas\u2026 voyez vos peintres de la Renaissance). Sans doute \u00e9tait-elle particuli\u00e8rement jolie. Ne sachant \u00e0 quel saint se vouer, la malheureuse s\u2019en ouvrit \u00e0 sa compagne, qui lui r\u00e9pondit pos\u00e9ment \u00ab\u00a0Dites que vous avez pris m\u00e9decine\u00a0\u00bb.<\/span><\/p>\n<p>&nbsp;<\/p>\n<p style=\"text-align: justify;\"><span style=\"font-family: comic sans ms, sans-serif; font-size: 14pt;\">Prendre m\u00e9decine, en ces temps, voulait dire se purger au moyen d\u2019un laxatif. Et il faut savoir que, sous l\u2019Ancien R\u00e9gime, mais \u00e9galement pendant la R\u00e9volution, quand vous aviez \u00ab\u00a0pris m\u00e9decine\u00a0\u00bb, on ne pouvait pas vous arr\u00eater. Au pire, on mettait un gendarme \u00e0 votre porte, que vous deviez payer, mais il devait attendre que les effets de la m\u00e9decine eussent cess\u00e9. On devine ais\u00e9ment pourquoi.<\/span><\/p>\n<p>&nbsp;<\/p>\n<p style=\"text-align: justify;\"><span style=\"font-family: comic sans ms, sans-serif; font-size: 14pt;\">On ignore si la compagne d\u2019\u00c9l\u00e9onore a vraiment mis le conseil \u00e0 ex\u00e9cution ou si elle l\u2019a seulement pr\u00e9tendu, mais il semble qu\u2019elle ait r\u00e9ussi \u00e0 sauvegarder sa pudeur.<\/span><\/p>\n<p>&nbsp;<\/p>\n<p style=\"text-align: justify;\"><span style=\"font-family: comic sans ms, sans-serif; font-size: 14pt;\">Dites\u2026 pourquoi diable se mettre dans de tels \u00e9tats quand on a un tyran \u00e0 domicile, capable de raccourcir tout un quartier d\u2019un trait de plume\u00a0? Eh, comme l\u2019a dit le po\u00e8te\u00a0: on ne saurait penser \u00e0 tout.<\/span><\/p>\n<p>&nbsp;<\/p>\n<p style=\"text-align: justify;\"><span style=\"font-family: comic sans ms, sans-serif; font-size: 14pt;\">Bref, il lui a dit un jour &#8211; je passe des uns aux autres &#8211; \u00ab\u00a0Tu es digne d\u2019\u00eatre la m\u00e8re des Gracques\u00a0\u00bb, ce qui, pour vous, ne signifie peut-\u00eatre pas grand-chose, mais qui, pour lui, voulait dire beaucoup.<\/span><\/p>\n<p>&nbsp;<\/p>\n<p style=\"text-align: justify;\"><span style=\"font-family: comic sans ms, sans-serif; font-size: 14pt;\">Par ailleurs, comme beaucoup d\u2019autres hommes (ou femmes) engag\u00e9s dans la R\u00e9volution, Robespierre pensait que les choses, pour lui, pourraient mal finir (son fr\u00e8re Augustin en \u00e9tait s\u00fbr d\u00e8s 1789 et le lui avait \u00e9crit). Entra\u00eener dans un naufrage quasi programm\u00e9 une jeune femme qui avait le droit d\u2019avoir une vie aussi heureuse que possible n\u2019\u00e9tait pas l\u2019ambition premi\u00e8re de ces hommes dont le sens des responsabilit\u00e9s, justement, \u00e9tait surdimensionn\u00e9. Il \u00e9tait naturel, dans ces conditions, qu\u2019il ne f\u00fbt pas press\u00e9 de lier le sort de sa \u00ab\u00a0promise\u00a0\u00bb au sien.<\/span><\/p>\n<p>&nbsp;<\/p>\n<p style=\"text-align: justify;\"><span style=\"font-family: comic sans ms, sans-serif; font-size: 14pt;\">Quoi qu\u2019il en soit, elle n\u2019a pas accept\u00e9 le cadeau, puisqu\u2019elle lui est rest\u00e9e fid\u00e8le jusqu\u2019\u00e0 la mort. Et c\u2019est dans la plus grande pauvret\u00e9 que, comme tous les jacobins robespierristes, elle s\u2019est \u00e9teinte le 26 juillet 1832, ayant vu, dans une m\u00eame journ\u00e9e d\u2019un autre lointain mois de juillet, \u00e9trangler sa m\u00e8re et d\u00e9capiter son fianc\u00e9.<\/span><\/p>\n<p>&nbsp;<\/p>\n<p>&nbsp;<\/p>\n<p style=\"text-align: center;\"><a href=\"http:\/\/blog.lesgrossesorchadeslesamplesthalameges.fr\/index.php\/pour-parler-dautre-chose\/28-tombe-deleonore\/\" rel=\"attachment wp-att-13957\"><img loading=\"lazy\" class=\"alignnone wp-image-13957\" src=\"http:\/\/blog.lesgrossesorchadeslesamplesthalameges.fr\/wp-content\/uploads\/2021\/05\/28.-Tombe-dEleonore-224x300.jpg\" alt=\"\" width=\"450\" height=\"602\" srcset=\"https:\/\/blog.lesgrossesorchadeslesamplesthalameges.fr\/wp-content\/uploads\/2021\/05\/28.-Tombe-dEleonore-224x300.jpg 224w, https:\/\/blog.lesgrossesorchadeslesamplesthalameges.fr\/wp-content\/uploads\/2021\/05\/28.-Tombe-dEleonore-768x1028.jpg 768w, https:\/\/blog.lesgrossesorchadeslesamplesthalameges.fr\/wp-content\/uploads\/2021\/05\/28.-Tombe-dEleonore-765x1024.jpg 765w, https:\/\/blog.lesgrossesorchadeslesamplesthalameges.fr\/wp-content\/uploads\/2021\/05\/28.-Tombe-dEleonore.jpg 800w\" sizes=\"(max-width: 450px) 100vw, 450px\" \/><\/a><\/p>\n<p style=\"text-align: center;\"><span style=\"font-family: times new roman, times, serif; font-size: 12pt;\"><strong><em>Tombe d\u2019\u00c9l\u00e9onore Duplay au P\u00e8re-Lachaise (Division 34)<\/em><\/strong><\/span><span style=\"font-family: times new roman, times, serif; font-size: 14pt;\"><strong><em>\u00a0<\/em><\/strong><\/span><\/p>\n<p style=\"text-align: center;\"><span style=\"font-family: times new roman, times, serif; font-size: 12pt;\">\u00ab\u00a0Amie\u00a0\u00bb\u00a0!<\/span><\/p>\n<p style=\"text-align: center;\"><span style=\"font-family: times new roman, times, serif; font-size: 12pt;\"><strong><em>\u00ab\u00a0Veuve avant ses noces de Maximilien Robespierre\u00a0\u00bb leur aurait emport\u00e9 la gueule\u00a0?<\/em><\/strong><\/span><\/p>\n<p>&nbsp;<\/p>\n<p>&nbsp;<\/p>\n<p>&nbsp;<\/p>\n<p style=\"text-align: left;\"><strong><span style=\"font-family: times new roman, times, serif; font-size: 14pt;\">URL de cet article : <\/span><\/strong><a href=\"http:\/\/blog.lesgrossesorchadeslesamplesthalameges.fr\/index.php\/pour-parler-dautre-chose\/\"><span style=\"font-family: times new roman, times, serif; font-size: 14pt;\">http:\/\/blog.lesgrossesorchadeslesamplesthalameges.fr\/index.php\/pour-parler-dautre-chose\/<\/span><\/a><strong><span style=\"font-family: times new roman, times, serif; font-size: 14pt;\"><br \/>\n<\/span><\/strong><\/p>\n<p>&nbsp;<\/p>\n<p>&nbsp;<\/p>\n<p style=\"text-align: center;\"><a href=\"http:\/\/blog.lesgrossesorchadeslesamplesthalameges.fr\/index.php\/nous-avons-une-sorte-de-these\/000-plume-rouge-fond-transparent-gif-3\/\" rel=\"attachment wp-att-13935\"><img loading=\"lazy\" class=\"alignnone wp-image-13935\" src=\"http:\/\/blog.lesgrossesorchadeslesamplesthalameges.fr\/wp-content\/uploads\/2021\/05\/000.-Plume-rouge-fond-transparent-GIF-2.gif\" alt=\"\" width=\"150\" height=\"92\" \/><\/a><\/p>\n<p>&nbsp;<\/p>\n<p>&nbsp;<\/p>\n<p style=\"text-align: right;\"><span style=\"font-family: comic sans ms, sans-serif; font-size: 14pt;\">6 mai 2021<\/span><\/p>\n<p>&nbsp;<\/p>\n<p>&nbsp;<\/p>\n","protected":false},"excerpt":{"rendered":"<p>&nbsp; &nbsp; &nbsp; &nbsp; &nbsp; &nbsp; &nbsp; Pour parler d\u2019autre chose\u2026 \u2026 c\u2019est-\u00e0-dire d\u2019elle et de vous &nbsp; &nbsp; Savez-vous, citoyen, qu\u2019il existe un site, sur Internet, consacr\u00e9 \u00e0 votre promise\u00a0? Non, bien s\u00fbr, pas en France. En Russie. &nbsp; C\u2019est l\u00e0\u00a0: \u0414\u043d\u0435\u0432\u043d\u0438\u043a EleonoreD \u2014 @\u0434\u043d\u0435\u0432\u043d\u0438\u043a\u0438: \u0430\u0441\u043e\u0446\u0438\u0430\u043b\u044c\u043d\u0430\u044f \u0441\u0435\u0442\u044c &nbsp; Essayez ici\u00a0: https:\/\/diary.ru\/~Duplay &nbsp; ou ici\u00a0:&#8230;<\/p>\n","protected":false},"author":1,"featured_media":0,"parent":0,"menu_order":0,"comment_status":"open","ping_status":"open","template":"","meta":[],"_links":{"self":[{"href":"https:\/\/blog.lesgrossesorchadeslesamplesthalameges.fr\/index.php\/wp-json\/wp\/v2\/pages\/13948"}],"collection":[{"href":"https:\/\/blog.lesgrossesorchadeslesamplesthalameges.fr\/index.php\/wp-json\/wp\/v2\/pages"}],"about":[{"href":"https:\/\/blog.lesgrossesorchadeslesamplesthalameges.fr\/index.php\/wp-json\/wp\/v2\/types\/page"}],"author":[{"embeddable":true,"href":"https:\/\/blog.lesgrossesorchadeslesamplesthalameges.fr\/index.php\/wp-json\/wp\/v2\/users\/1"}],"replies":[{"embeddable":true,"href":"https:\/\/blog.lesgrossesorchadeslesamplesthalameges.fr\/index.php\/wp-json\/wp\/v2\/comments?post=13948"}],"version-history":[{"count":7,"href":"https:\/\/blog.lesgrossesorchadeslesamplesthalameges.fr\/index.php\/wp-json\/wp\/v2\/pages\/13948\/revisions"}],"predecessor-version":[{"id":14056,"href":"https:\/\/blog.lesgrossesorchadeslesamplesthalameges.fr\/index.php\/wp-json\/wp\/v2\/pages\/13948\/revisions\/14056"}],"wp:attachment":[{"href":"https:\/\/blog.lesgrossesorchadeslesamplesthalameges.fr\/index.php\/wp-json\/wp\/v2\/media?parent=13948"}],"curies":[{"name":"wp","href":"https:\/\/api.w.org\/{rel}","templated":true}]}}