{"id":14010,"date":"2021-05-07T01:43:01","date_gmt":"2021-05-06T23:43:01","guid":{"rendered":"http:\/\/blog.lesgrossesorchadeslesamplesthalameges.fr\/?page_id=14010"},"modified":"2021-05-07T01:45:36","modified_gmt":"2021-05-06T23:45:36","slug":"ceux-qui-ne-laissent-pas-transir-la-verite-au-fond-de-son-puits","status":"publish","type":"page","link":"https:\/\/blog.lesgrossesorchadeslesamplesthalameges.fr\/index.php\/ceux-qui-ne-laissent-pas-transir-la-verite-au-fond-de-son-puits\/","title":{"rendered":"Ceux qui ne laissent pas transir la v\u00e9rit\u00e9 au fond de son puits"},"content":{"rendered":"<p>&nbsp;<\/p>\n<p>&nbsp;<\/p>\n<p>&nbsp;<\/p>\n<p>&nbsp;<\/p>\n<p>&nbsp;<\/p>\n<p>&nbsp;<\/p>\n<p>&nbsp;<\/p>\n<p style=\"text-align: center;\"><span style=\"font-family: times new roman, times, serif; font-size: 48pt; color: #c00000;\">Ceux qui ne laissent pas transir la v\u00e9rit\u00e9 au fond de son puits<\/span><\/p>\n<p>&nbsp;<\/p>\n<p>&nbsp;<\/p>\n<p style=\"text-align: center;\"><a href=\"http:\/\/blog.lesgrossesorchadeslesamplesthalameges.fr\/index.php\/2021\/05\/06\/ils-lont-noye-dans-le-sang\/13-la-verite-sortant-de-son-puits\/\" rel=\"attachment wp-att-13905\"><img loading=\"lazy\" class=\"alignnone wp-image-13905\" src=\"http:\/\/blog.lesgrossesorchadeslesamplesthalameges.fr\/wp-content\/uploads\/2021\/05\/13.-La-v\u00e9rit\u00e9-sortant-de-son-puits-232x300.jpg\" alt=\"\" width=\"400\" height=\"517\" srcset=\"https:\/\/blog.lesgrossesorchadeslesamplesthalameges.fr\/wp-content\/uploads\/2021\/05\/13.-La-v\u00e9rit\u00e9-sortant-de-son-puits-232x300.jpg 232w, https:\/\/blog.lesgrossesorchadeslesamplesthalameges.fr\/wp-content\/uploads\/2021\/05\/13.-La-v\u00e9rit\u00e9-sortant-de-son-puits.jpg 500w\" sizes=\"(max-width: 400px) 100vw, 400px\" \/><\/a><\/p>\n<p style=\"text-align: center;\"><span style=\"font-family: times new roman, times, serif; font-size: 12pt;\"><strong><em>La v\u00e9rit\u00e9 sortant de son puits arm\u00e9e d\u2019un martinet pour ch\u00e2tier les menteurs<\/em><\/strong><\/span><\/p>\n<p style=\"text-align: center;\"><span style=\"font-family: times new roman, times, serif; font-size: 12pt;\"><strong><em>Jean-L\u00e9on G\u00e9rome, 1896<\/em><\/strong><\/span><\/p>\n<p><span style=\"font-family: times new roman, times, serif; font-size: 14pt;\"><strong><em>\u00a0<\/em><\/strong><\/span><\/p>\n<p><span style=\"font-family: times new roman, times, serif; font-size: 14pt;\"><strong><em>\u00a0<\/em><\/strong><\/span><\/p>\n<p><span style=\"font-family: comic sans ms, sans-serif; font-size: 14pt;\">Il nous para\u00eet plus simple de rappeler ici qu\u2019il y a, en France, un endroit o\u00f9 on peut, avec certitude, la trouver sans son martinet. C\u2019est le site\u00a0:<\/span><\/p>\n<p><span style=\"font-family: times new roman, times, serif; font-size: 14pt;\"><strong>\u00a0<\/strong><\/span><\/p>\n<p style=\"text-align: center;\"><span style=\"font-family: times new roman, times, serif; font-size: 14pt;\"><strong><a href=\"https:\/\/revolution-francaise.net\/\"><span style=\"font-size: 24pt;\">R\u00e9volution Fran\u00e7aise.net<\/span><\/a><\/strong><\/span><\/p>\n<p style=\"text-align: center;\"><span style=\"font-family: times new roman, times, serif; font-size: 14pt;\"><a href=\"https:\/\/revolution-francaise.net\/\">L\u2019esprit des Lumi\u00e8res et de la R\u00e9volution<\/a><\/span><\/p>\n<p><span style=\"font-family: times new roman, times, serif; font-size: 14pt;\"><strong>\u00a0<\/strong><\/span><\/p>\n<p>&nbsp;<\/p>\n<p style=\"text-align: center;\"><a href=\"http:\/\/blog.lesgrossesorchadeslesamplesthalameges.fr\/index.php\/ceux-qui-ne-laissent-pas-transir-la-verite-au-fond-de-son-puits\/42-bonnet_mini\/\" rel=\"attachment wp-att-14012\"><img loading=\"lazy\" class=\"alignnone wp-image-14012\" src=\"http:\/\/blog.lesgrossesorchadeslesamplesthalameges.fr\/wp-content\/uploads\/2021\/05\/42.-bonnet_mini-300x214.png\" alt=\"\" width=\"250\" height=\"178\" \/><\/a><\/p>\n<p>&nbsp;<\/p>\n<p>&nbsp;<\/p>\n<p style=\"text-align: justify;\"><span style=\"font-family: comic sans ms, sans-serif; font-size: 14pt;\">Vous pouvez y tra\u00eener des jours, des semaines et m\u00eame des mois, sans \u00e9puiser tout ce qui s\u2019y trouve et chaque minute pass\u00e9e en leur compagnie vous emp\u00eachera de mourir idiots.<\/span><\/p>\n<p>&nbsp;<\/p>\n<p style=\"text-align: justify;\"><span style=\"font-family: comic sans ms, sans-serif; font-size: 14pt;\">Ils tiennent m\u00eame des s\u00e9minaires \u00e0 distance, c\u2019est dire s\u2019ils sont dans le coup\u00a0!<\/span><\/p>\n<p>&nbsp;<\/p>\n<p style=\"text-align: justify;\"><span style=\"font-family: comic sans ms, sans-serif; font-size: 14pt;\">Si vous voulez y participer \u2013 les s\u00e9ances se tiennent le jeudi de 18h \u00e0 20h \u2013 \u00a0contactez-les\u00a0: <a href=\"mailto:redaction@revolution-francaise.net\">redaction@revolution-francaise.net<\/a> .<\/span><\/p>\n<p>&nbsp;<\/p>\n<p style=\"text-align: justify;\"><span style=\"font-family: comic sans ms, sans-serif; font-size: 14pt;\">Comme ce sont des esprits non seulement rigoureux mais clairs et ordonn\u00e9s, le site s\u2019ouvre sur les derniers articles et\/ou vid\u00e9os mis en ligne, avec, align\u00e9 \u00e0 gauche, tout ce qu\u2019il vous est utile de savoir\u00a0: Qui ils sont \u2013 Les rubriques o\u00f9 aller p\u00eacher \u2013 Les archives depuis 2005\u00a0!<\/span><\/p>\n<p>&nbsp;<\/p>\n<p style=\"text-align: justify;\"><span style=\"font-family: comic sans ms, sans-serif; font-size: 14pt;\">Si, apr\u00e8s eux, vous ignorez quelque chose sur la R\u00e9volution et tout ce qui tourne autour, vous \u00eates des nuls.<\/span><\/p>\n<p>&nbsp;<\/p>\n<p style=\"text-align: justify;\"><span style=\"font-family: comic sans ms, sans-serif; font-size: 14pt;\">Ah, mais attendez\u00a0:<\/span><\/p>\n<p>&nbsp;<\/p>\n<p style=\"text-align: justify;\"><span style=\"font-family: comic sans ms, sans-serif; font-size: 14pt;\">Certains d\u2019entre eux \u2013 et peut-\u00eatre m\u00eame tous, mais \u00e7a, on ne sait pas \u2013 animent aussi, en m\u00eame temps, un site d\u2019information qui ne s\u2019occupe pas que d\u2019histoire mais aussi et surtout d\u2019actualit\u00e9 (vous le savez que l\u2019actualit\u00e9, c\u2019est de l\u2019histoire aussi, pour plus tard\u00a0?). Le voil\u00e0\u00a0:<\/span><\/p>\n<p>&nbsp;<\/p>\n<p>&nbsp;<\/p>\n<p style=\"text-align: center;\"><a href=\"http:\/\/blog.lesgrossesorchadeslesamplesthalameges.fr\/index.php\/ceux-qui-ne-laissent-pas-transir-la-verite-au-fond-de-son-puits\/43-logo-canard-republicain\/\" rel=\"attachment wp-att-14013\"><img loading=\"lazy\" class=\"alignnone wp-image-14013 size-full\" src=\"http:\/\/blog.lesgrossesorchadeslesamplesthalameges.fr\/wp-content\/uploads\/2021\/05\/43.-logo-Canard-R\u00e9publicain.png\" alt=\"\" width=\"750\" height=\"109\" srcset=\"https:\/\/blog.lesgrossesorchadeslesamplesthalameges.fr\/wp-content\/uploads\/2021\/05\/43.-logo-Canard-R\u00e9publicain.png 750w, https:\/\/blog.lesgrossesorchadeslesamplesthalameges.fr\/wp-content\/uploads\/2021\/05\/43.-logo-Canard-R\u00e9publicain-300x44.png 300w\" sizes=\"(max-width: 750px) 100vw, 750px\" \/><\/a><\/p>\n<p>&nbsp;<\/p>\n<p>&nbsp;<\/p>\n<p style=\"text-align: center;\"><span style=\"font-family: comic sans ms, sans-serif; font-size: 14pt;\"><strong>C\u2019est ici\u00a0:<\/strong><\/span><\/p>\n<p style=\"text-align: center;\"><a href=\"http:\/\/blog.lesgrossesorchadeslesamplesthalameges.fr\/index.php\/ceux-qui-ne-laissent-pas-transir-la-verite-au-fond-de-son-puits\/000-freccia-nera-piccola-xx-29\/\" rel=\"attachment wp-att-14014\"><img loading=\"lazy\" class=\"alignnone size-full wp-image-14014\" src=\"http:\/\/blog.lesgrossesorchadeslesamplesthalameges.fr\/wp-content\/uploads\/2021\/05\/000.-freccia-nera-piccola-xx-1.gif\" alt=\"\" width=\"46\" height=\"46\" \/><\/a><\/p>\n<p style=\"text-align: center;\"><span style=\"font-family: times new roman, times, serif; font-size: 14pt;\"><a href=\"https:\/\/www.lecanardr\u00e9publicain.net\/\"><strong><span style=\"font-size: 18pt;\">https:\/\/www.lecanardr\u00e9publicain.net\/<\/span><\/strong><\/a><\/span><\/p>\n<p>&nbsp;<\/p>\n<p>&nbsp;<\/p>\n<p style=\"text-align: justify;\"><span style=\"font-family: comic sans ms, sans-serif; font-size: 14pt;\">Laissez tomber vos merdias et allez-y plut\u00f4t voir ce qu\u2019il importe vraiment d\u2019apprendre ces jours-ci, vous gagnerez du temps.<\/span><\/p>\n<p>&nbsp;<\/p>\n<p>&nbsp;<\/p>\n<p style=\"text-align: center;\"><span style=\"font-family: times new roman, times, serif; font-size: 14pt;\"><strong><em>\u00a0<a href=\"http:\/\/blog.lesgrossesorchadeslesamplesthalameges.fr\/index.php\/stanislaswska-przybyszewska\/000-plume-rouge-fond-transparent-gif-4\/\" rel=\"attachment wp-att-13970\"><img loading=\"lazy\" class=\"alignnone wp-image-13970\" src=\"http:\/\/blog.lesgrossesorchadeslesamplesthalameges.fr\/wp-content\/uploads\/2021\/05\/000.-Plume-rouge-fond-transparent-GIF-3.gif\" alt=\"\" width=\"150\" height=\"92\" \/><\/a><\/em><\/strong><\/span><\/p>\n<p><span style=\"font-family: times new roman, times, serif; font-size: 14pt;\"><strong><em>\u00a0<\/em><\/strong><\/span><\/p>\n<p style=\"text-align: justify;\"><span style=\"font-family: comic sans ms, sans-serif; font-size: 14pt;\">Bon. C\u2019est sans rapport direct avec Robespierre et avec la R\u00e9volution. Son terrain de chasse \u00e0 elle, c\u2019est plut\u00f4t l\u2019histoire contemporaine, mais on ne pouvait pas la laisser passer, car tout se tient n\u2019est-ce pas, et on ne sera jamais trop nombreux \u00e0 r\u00e9sister aux fossoyeurs de l\u2019esprit, de la conscience et de l\u2019intelligence.<\/span><\/p>\n<p>&nbsp;<\/p>\n<p>&nbsp;<\/p>\n<p style=\"text-align: center;\"><a href=\"http:\/\/blog.lesgrossesorchadeslesamplesthalameges.fr\/index.php\/ceux-qui-ne-laissent-pas-transir-la-verite-au-fond-de-son-puits\/44-lacroix-riz-morin\/\" rel=\"attachment wp-att-14016\"><img loading=\"lazy\" class=\"alignnone wp-image-14016\" src=\"http:\/\/blog.lesgrossesorchadeslesamplesthalameges.fr\/wp-content\/uploads\/2021\/05\/44.-Lacroix-Riz-Morin-176x300.png\" alt=\"\" width=\"400\" height=\"682\" srcset=\"https:\/\/blog.lesgrossesorchadeslesamplesthalameges.fr\/wp-content\/uploads\/2021\/05\/44.-Lacroix-Riz-Morin-176x300.png 176w, https:\/\/blog.lesgrossesorchadeslesamplesthalameges.fr\/wp-content\/uploads\/2021\/05\/44.-Lacroix-Riz-Morin.png 500w\" sizes=\"(max-width: 400px) 100vw, 400px\" \/><\/a><\/p>\n<p>&nbsp;<\/p>\n<p>&nbsp;<\/p>\n<p style=\"text-align: center;\"><span style=\"font-family: comic sans ms, sans-serif;\"><strong><span style=\"font-size: 14pt;\">Le site qu&rsquo;elle anime est ici :<br \/>\n<\/span><\/strong><\/span><\/p>\n<p style=\"text-align: center;\"><a href=\"http:\/\/blog.lesgrossesorchadeslesamplesthalameges.fr\/index.php\/ceux-qui-ne-laissent-pas-transir-la-verite-au-fond-de-son-puits\/000-freccia-nera-piccola-xx-29\/\" rel=\"attachment wp-att-14014\"><img loading=\"lazy\" class=\"alignnone size-full wp-image-14014\" src=\"http:\/\/blog.lesgrossesorchadeslesamplesthalameges.fr\/wp-content\/uploads\/2021\/05\/000.-freccia-nera-piccola-xx-1.gif\" alt=\"\" width=\"46\" height=\"46\" \/><\/a><\/p>\n<p style=\"text-align: center;\"><span style=\"font-family: times new roman, times, serif; font-size: 14pt;\"><a href=\"https:\/\/www.historiographie.info\/\"><strong><span style=\"font-size: 18pt;\">https\u00a0:\/\/www.historiographie.info\/<\/span><\/strong><\/a><\/span><\/p>\n<p><span style=\"font-family: times new roman, times, serif; font-size: 14pt;\"><strong>\u00a0<\/strong><\/span><\/p>\n<p><span style=\"font-family: times new roman, times, serif; font-size: 14pt;\"><strong>\u00a0<\/strong><\/span><\/p>\n<p><span style=\"font-family: comic sans ms, sans-serif; font-size: 14pt;\">Si, malgr\u00e9 tout ce qui pr\u00e9c\u00e8de, vous vous plantez sur quoi que ce soit d\u2019historique depuis deux si\u00e8cles, c\u2019est que vous l\u2019aurez fait expr\u00e8s et que votre cas est sans espoir.<\/span><\/p>\n<p><span style=\"font-family: times new roman, times, serif; font-size: 14pt;\"><strong><em>\u00a0<\/em><\/strong><\/span><\/p>\n<p><span style=\"font-family: times new roman, times, serif; font-size: 14pt;\"><strong><em>\u00a0<\/em><\/strong><\/span><\/p>\n<p style=\"text-align: center;\"><span style=\"font-family: times new roman, times, serif; font-size: 14pt;\"><strong><em>\u00a0<a href=\"http:\/\/blog.lesgrossesorchadeslesamplesthalameges.fr\/index.php\/stanislaswska-przybyszewska\/000-plume-rouge-fond-transparent-gif-4\/\" rel=\"attachment wp-att-13970\"><img loading=\"lazy\" class=\"alignnone wp-image-13970\" src=\"http:\/\/blog.lesgrossesorchadeslesamplesthalameges.fr\/wp-content\/uploads\/2021\/05\/000.-Plume-rouge-fond-transparent-GIF-3.gif\" alt=\"\" width=\"150\" height=\"92\" \/><\/a><\/em><\/strong><\/span><\/p>\n<p><span style=\"font-family: times new roman, times, serif; font-size: 14pt;\"><strong><em>\u00a0<\/em><\/strong><\/span><\/p>\n<p>&nbsp;<\/p>\n<p><span style=\"font-family: times new roman, times, serif; font-size: 30pt;\"><strong>Dans le vaste monde\u2026<\/strong><\/span><\/p>\n<p><span style=\"font-family: times new roman, times, serif; font-size: 14pt;\"><strong>\u00a0<\/strong><\/span><\/p>\n<p style=\"text-align: justify;\"><span style=\"font-family: comic sans ms, sans-serif; font-size: 14pt;\">\u00c9pinglons, car ils ne sont pas si nombreux, un \u00e9tudiant en histoire (apparemment anglais) chez qui d\u2019autres \u00e9tudiants anglophones semblent contents de trouver des informations tr\u00e8s utiles sur ce qui se fait de s\u00e9rieux sur le sujet, en France et ailleurs.<\/span><\/p>\n<p style=\"text-align: justify;\"><span style=\"font-family: comic sans ms, sans-serif; font-size: 14pt;\">Son site a chang\u00e9 de nom en 2018. Il s\u2019appelle \u00e0 pr\u00e9sent\u00a0:<\/span><\/p>\n<p>&nbsp;<\/p>\n<p style=\"text-align: center;\"><span style=\"font-family: times new roman, times, serif; font-size: 30pt;\"><strong>civique<\/strong><\/span><\/p>\n<p>&nbsp;<\/p>\n<p style=\"text-align: center;\"><span style=\"font-family: comic sans ms, sans-serif; font-size: 14pt;\">On le trouve ici\u00a0:<\/span><\/p>\n<p style=\"text-align: center;\"><a href=\"http:\/\/blog.lesgrossesorchadeslesamplesthalameges.fr\/index.php\/ceux-qui-ne-laissent-pas-transir-la-verite-au-fond-de-son-puits\/000-vers-le-bas-fleche-rouge-gif-3\/\" rel=\"attachment wp-att-14015\"><img loading=\"lazy\" class=\"alignnone wp-image-14015\" src=\"http:\/\/blog.lesgrossesorchadeslesamplesthalameges.fr\/wp-content\/uploads\/2021\/05\/000.-vers-le-bas-fl\u00e8che-rouge-GIF-2.gif\" alt=\"\" width=\"75\" height=\"75\" \/><\/a><\/p>\n<p style=\"text-align: center;\"><span style=\"font-family: times new roman, times, serif; font-size: 18pt;\"><a href=\"https:\/\/civique.tumblr.com\/\"><strong>https\u00a0:\/\/civique.tumblr.com\/<\/strong><\/a><\/span><\/p>\n<p><span style=\"font-family: times new roman, times, serif; font-size: 14pt;\"><strong>\u00a0<\/strong><\/span><\/p>\n<p>&nbsp;<\/p>\n<p><span style=\"font-family: comic sans ms, sans-serif; font-size: 14pt;\">Jusqu\u2019en 2018, il s\u2019appelait\u00a0:<\/span><\/p>\n<p>&nbsp;<\/p>\n<p style=\"text-align: center;\"><span style=\"font-family: times new roman, times, serif; font-size: 24pt;\"><strong>RBZPR<\/strong><\/span><\/p>\n<p>&nbsp;<\/p>\n<p style=\"text-align: center;\"><span style=\"font-family: comic sans ms, sans-serif; font-size: 14pt;\">Le voil\u00e0 pour les archives\u00a0:<\/span><\/p>\n<p style=\"text-align: center;\"><a href=\"http:\/\/blog.lesgrossesorchadeslesamplesthalameges.fr\/index.php\/ceux-qui-ne-laissent-pas-transir-la-verite-au-fond-de-son-puits\/000-vers-le-bas-fleche-rouge-gif-3\/\" rel=\"attachment wp-att-14015\"><img loading=\"lazy\" class=\"alignnone wp-image-14015\" src=\"http:\/\/blog.lesgrossesorchadeslesamplesthalameges.fr\/wp-content\/uploads\/2021\/05\/000.-vers-le-bas-fl\u00e8che-rouge-GIF-2.gif\" alt=\"\" width=\"75\" height=\"75\" \/><\/a><\/p>\n<p style=\"text-align: center;\"><span style=\"font-family: times new roman, times, serif; font-size: 14pt;\"><a href=\"https:\/\/rbzpr.tumblr.com\/\"><strong><span style=\"font-size: 18pt;\">https\u00a0:\/\/rbzpr.tumblr.com\/<\/span><\/strong><\/a><\/span><\/p>\n<p><span style=\"font-family: times new roman, times, serif; font-size: 14pt;\"><strong><em>\u00a0<\/em><\/strong><\/span><\/p>\n<p>&nbsp;<\/p>\n<p style=\"text-align: center;\"><span style=\"font-family: times new roman, times, serif; font-size: 14pt;\"><strong><em>\u00a0<a href=\"http:\/\/blog.lesgrossesorchadeslesamplesthalameges.fr\/index.php\/stanislaswska-przybyszewska\/000-plume-rouge-fond-transparent-gif-4\/\" rel=\"attachment wp-att-13970\"><img loading=\"lazy\" class=\"alignnone wp-image-13970\" src=\"http:\/\/blog.lesgrossesorchadeslesamplesthalameges.fr\/wp-content\/uploads\/2021\/05\/000.-Plume-rouge-fond-transparent-GIF-3.gif\" alt=\"\" width=\"150\" height=\"92\" \/><\/a><\/em><\/strong><\/span><\/p>\n<p><span style=\"font-family: times new roman, times, serif; font-size: 14pt;\"><strong><em>\u00a0<\/em><\/strong><\/span><\/p>\n<p>&nbsp;<\/p>\n<p style=\"text-align: left;\"><span style=\"font-size: 30pt;\"><span style=\"font-family: times new roman, times, serif;\"><strong>Et une histoire de livre pour finir\u00a0:<\/strong><\/span><\/span><\/p>\n<p><span style=\"font-family: times new roman, times, serif; font-size: 24pt;\"><strong><em>\u00a0<\/em><\/strong><\/span><\/p>\n<p style=\"text-align: justify;\"><span style=\"font-family: comic sans ms, sans-serif; font-size: 14pt;\">Ceux qui sont familiers de l\u2019histoire de Robespierre n\u2019ignorent pas que certains de ses contemporains (et ceux qui leur ont embo\u00eet\u00e9 id\u00e9ologiquement le pas) l\u2019ont souvent compar\u00e9 \u00e0 Catilina, comparaison extr\u00eamement p\u00e9jorative, faut-il le dire.<\/span><\/p>\n<p>&nbsp;<\/p>\n<p>&nbsp;<\/p>\n<p style=\"text-align: center;\"><a href=\"http:\/\/blog.lesgrossesorchadeslesamplesthalameges.fr\/index.php\/ceux-qui-ne-laissent-pas-transir-la-verite-au-fond-de-son-puits\/45-catili-rob\/\" rel=\"attachment wp-att-14017\"><img loading=\"lazy\" class=\"alignnone wp-image-14017 size-full\" src=\"http:\/\/blog.lesgrossesorchadeslesamplesthalameges.fr\/wp-content\/uploads\/2021\/05\/45.-Catili-Rob.jpg\" alt=\"\" width=\"336\" height=\"500\" srcset=\"https:\/\/blog.lesgrossesorchadeslesamplesthalameges.fr\/wp-content\/uploads\/2021\/05\/45.-Catili-Rob.jpg 336w, https:\/\/blog.lesgrossesorchadeslesamplesthalameges.fr\/wp-content\/uploads\/2021\/05\/45.-Catili-Rob-202x300.jpg 202w\" sizes=\"(max-width: 336px) 100vw, 336px\" \/><\/a><\/p>\n<p style=\"text-align: center;\"><span style=\"font-family: times new roman, times, serif; font-size: 14pt;\"><strong>M.I. Maximilien ROBESPIERRE<\/strong><\/span><\/p>\n<p style=\"text-align: center;\"><span style=\"font-family: times new roman, times, serif; font-size: 14pt;\">Surnomm\u00e9 le Catilina moderne<\/span><\/p>\n<p>&nbsp;<\/p>\n<p><span style=\"font-family: times new roman, times, serif; font-size: 14pt;\"><em>\u00a0<\/em><\/span><\/p>\n<p style=\"text-align: justify;\"><span style=\"font-family: comic sans ms, sans-serif; font-size: 14pt;\">Car Catilina (108 \u2013 62 avant J.-C.) est rest\u00e9 c\u00e9l\u00e8bre dans l\u2019histoire pour avoir, dit-on, tent\u00e9 de renverser le S\u00e9nat romain, pour avoir caus\u00e9 une guerre civile de type terroriste et pour en avoir heureusement \u00e9t\u00e9 puni par une manifestation de la loi sup\u00e9rieure aux armes, en la personne de Cic\u00e9ron.<\/span><\/p>\n<p>&nbsp;<\/p>\n<p><span style=\"font-family: comic sans ms, sans-serif; font-size: 14pt;\">Depuis 2080 ans, Catilina est synonyme de tout ce qu\u2019il y a de pire au monde.<\/span><\/p>\n<p>&nbsp;<\/p>\n<p><span style=\"font-family: comic sans ms, sans-serif; font-size: 14pt;\">C\u2019est du moins la version officielle de l\u2019histoire, toujours, comme on le sait, \u00e9crite par les vainqueurs et r\u00e9p\u00e9t\u00e9e \u00e0 l\u2019infini par les autres.<\/span><\/p>\n<p>&nbsp;<\/p>\n<p><span style=\"font-family: comic sans ms, sans-serif; font-size: 14pt;\">Jusqu\u2019\u00e0 ce que quelqu\u2019un la remette en question .<\/span><\/p>\n<p>&nbsp;<\/p>\n<p style=\"text-align: justify;\"><span style=\"font-family: comic sans ms, sans-serif; font-size: 14pt;\">Ce quelqu\u2019un, en l\u2019occurrence, est un auteur am\u00e9ricain d\u2019aujourd\u2019hui, un auteur de polars qui plus est.<\/span><\/p>\n<p>&nbsp;<\/p>\n<p style=\"text-align: justify;\"><span style=\"font-family: comic sans ms, sans-serif; font-size: 14pt;\">M. <\/span><span style=\"font-family: comic sans ms, sans-serif; font-size: 14pt;\">Steven Saylor conna\u00eet sur le bout des doigts son Antiquit\u00e9 romaine et il a cr\u00e9\u00e9, pour la raconter \u00e0 sa mani\u00e8re, un d\u00e9tective nomm\u00e9 Gordien, dit Le Limier (dont il faut faire la connaissance dans un r\u00e9cit de voyage mouvement\u00e9 intitul\u00e9 <em>Les sept merveilles). <\/em>Apr\u00e8s avoir achet\u00e9, alors qu\u2019il n\u2019a pas vingt ans, \u00e0 Alexandrie, et pour pas cher du tout, une esclave tr\u00e8s belle dont personne ne voulait parce qu\u2019elle avait un caract\u00e8re impossible, il finit, bien des ann\u00e9es plus tard, par l\u2019affranchir et l\u2019\u00e9pouser \u00e0 Rome, apr\u00e8s avoir, en cours de route, adopt\u00e9 un petit gar\u00e7on abandonn\u00e9 par sa m\u00e8re \u00e0 l\u2019issue d\u2019un viol collectif, puis, quelques autres ann\u00e9es plus tard encore, adopt\u00e9 un petit esclave vendu par Crassus et rachet\u00e9 \u00e0 son intention par un militaire au grand coeur, pour finir par avoir de son ex-esclave et r\u00e9cente matrone une fille bien \u00e0 lui. Parcours atypique \u00e0 l&rsquo;\u00e9poque, m\u00eame pour un limier.<\/span><\/p>\n<p>&nbsp;<\/p>\n<p><span style=\"font-family: comic sans ms, sans-serif; font-size: 14pt;\">Dans <em>L\u2019\u00e9nigme de Catilina<\/em>\u00a0:<\/span><\/p>\n<p>&nbsp;<\/p>\n<p>&nbsp;<\/p>\n<p style=\"text-align: center;\"><a href=\"http:\/\/blog.lesgrossesorchadeslesamplesthalameges.fr\/index.php\/ceux-qui-ne-laissent-pas-transir-la-verite-au-fond-de-son-puits\/46-saylor-lenigme\/\" rel=\"attachment wp-att-14018\"><img loading=\"lazy\" class=\"alignnone wp-image-14018 size-full\" src=\"http:\/\/blog.lesgrossesorchadeslesamplesthalameges.fr\/wp-content\/uploads\/2021\/05\/46.-Saylor-L\u00e9nigme.jpg\" alt=\"\" width=\"300\" height=\"490\" srcset=\"https:\/\/blog.lesgrossesorchadeslesamplesthalameges.fr\/wp-content\/uploads\/2021\/05\/46.-Saylor-L\u00e9nigme.jpg 300w, https:\/\/blog.lesgrossesorchadeslesamplesthalameges.fr\/wp-content\/uploads\/2021\/05\/46.-Saylor-L\u00e9nigme-184x300.jpg 184w\" sizes=\"(max-width: 300px) 100vw, 300px\" \/><\/a><\/p>\n<p>&nbsp;<\/p>\n<p>&nbsp;<\/p>\n<p style=\"text-align: justify;\"><span style=\"font-family: comic sans ms, sans-serif; font-size: 14pt;\">M. Saylor raconte la fameuse conjuration. Qui fut, d\u2019apr\u00e8s lui \u00ab\u00a0la conjuration de Cic\u00e9ron\u00a0\u00bb, pas celle de Catilina. Mais n\u2019avons-nous pas vu, il y a peu de mois, une non moins fameuse \u00ab\u00a0Conjuration de Trump\u00a0\u00bb contre le si vertueux Biden, que d&rsquo;aucuns disent invers\u00e9e ? Oui, l\u2019histoire se r\u00e9p\u00e8te. M. Saylor est un historien r\u00e9visionniste et, contrairement \u00e0 ceux qui ne le sont pas, c\u2019est un historien passionnant. Si les enfants apprenaient l\u2019histoire dans ses livres, ils en redemanderaient.<\/span><\/p>\n<p>&nbsp;<\/p>\n<p style=\"text-align: justify;\"><span style=\"font-family: comic sans ms, sans-serif; font-size: 14pt;\">Tout ce qu\u2019on peut dire sur la ressemblance entre Maximilien et Lucius Sergius, c\u2019est qu\u2019ils ont \u00e9prouv\u00e9 l\u2019un et l\u2019autre une admiration des plus vives pour les Gracques. Ce qui nous fait penser que M. Saylor pourrait avoir raison.<\/span><\/p>\n<p>&nbsp;<\/p>\n<p style=\"text-align: left;\"><strong><span style=\"font-family: times new roman, times, serif; font-size: 14pt;\">URL de cet article : <\/span><\/strong><a href=\"http:\/\/blog.lesgrossesorchadeslesamplesthalameges.fr\/index.php\/ceux-qui-ne-laissent-pas-transir-la-verite-au-fond-de-son-puits\/\"><span style=\"font-family: times new roman, times, serif; font-size: 14pt;\">http:\/\/blog.lesgrossesorchadeslesamplesthalameges.fr\/index.php\/ceux-qui-ne-laissent-pas-transir-la-verite-au-fond-de-son-puits\/<\/span><\/a><\/p>\n<p><em>\u00a0<\/em><\/p>\n<p>&nbsp;<\/p>\n<p>&nbsp;<\/p>\n<p style=\"text-align: center;\"><strong><em>\u00a0<a href=\"http:\/\/blog.lesgrossesorchadeslesamplesthalameges.fr\/index.php\/stanislaswska-przybyszewska\/000-plume-rouge-fond-transparent-gif-4\/\" rel=\"attachment wp-att-13970\"><img loading=\"lazy\" class=\"alignnone size-full wp-image-13970\" src=\"http:\/\/blog.lesgrossesorchadeslesamplesthalameges.fr\/wp-content\/uploads\/2021\/05\/000.-Plume-rouge-fond-transparent-GIF-3.gif\" alt=\"\" width=\"200\" height=\"123\" \/><\/a><\/em><\/strong><\/p>\n<p><strong><em>\u00a0<\/em><\/strong><\/p>\n<p><strong><em>\u00a0<\/em><\/strong><\/p>\n<p style=\"text-align: right;\"><span style=\"font-family: comic sans ms, sans-serif; font-size: 14pt;\">6 mai 2021<\/span><\/p>\n<p style=\"text-align: right;\"><span style=\"font-family: comic sans ms, sans-serif; font-size: 14pt;\"><strong><em>\u00a0<\/em><\/strong><\/span><\/p>\n","protected":false},"excerpt":{"rendered":"<p>&nbsp; &nbsp; &nbsp; &nbsp; &nbsp; &nbsp; &nbsp; Ceux qui ne laissent pas transir la v\u00e9rit\u00e9 au fond de son puits &nbsp; &nbsp; La v\u00e9rit\u00e9 sortant de son puits arm\u00e9e d\u2019un martinet pour ch\u00e2tier les menteurs Jean-L\u00e9on G\u00e9rome, 1896 \u00a0 \u00a0 Il nous para\u00eet plus simple de rappeler ici qu\u2019il y a, en France, un endroit&#8230;<\/p>\n","protected":false},"author":1,"featured_media":0,"parent":0,"menu_order":0,"comment_status":"open","ping_status":"open","template":"","meta":[],"_links":{"self":[{"href":"https:\/\/blog.lesgrossesorchadeslesamplesthalameges.fr\/index.php\/wp-json\/wp\/v2\/pages\/14010"}],"collection":[{"href":"https:\/\/blog.lesgrossesorchadeslesamplesthalameges.fr\/index.php\/wp-json\/wp\/v2\/pages"}],"about":[{"href":"https:\/\/blog.lesgrossesorchadeslesamplesthalameges.fr\/index.php\/wp-json\/wp\/v2\/types\/page"}],"author":[{"embeddable":true,"href":"https:\/\/blog.lesgrossesorchadeslesamplesthalameges.fr\/index.php\/wp-json\/wp\/v2\/users\/1"}],"replies":[{"embeddable":true,"href":"https:\/\/blog.lesgrossesorchadeslesamplesthalameges.fr\/index.php\/wp-json\/wp\/v2\/comments?post=14010"}],"version-history":[{"count":12,"href":"https:\/\/blog.lesgrossesorchadeslesamplesthalameges.fr\/index.php\/wp-json\/wp\/v2\/pages\/14010\/revisions"}],"predecessor-version":[{"id":14029,"href":"https:\/\/blog.lesgrossesorchadeslesamplesthalameges.fr\/index.php\/wp-json\/wp\/v2\/pages\/14010\/revisions\/14029"}],"wp:attachment":[{"href":"https:\/\/blog.lesgrossesorchadeslesamplesthalameges.fr\/index.php\/wp-json\/wp\/v2\/media?parent=14010"}],"curies":[{"name":"wp","href":"https:\/\/api.w.org\/{rel}","templated":true}]}}