{"id":14031,"date":"2021-05-07T02:02:30","date_gmt":"2021-05-07T00:02:30","guid":{"rendered":"http:\/\/blog.lesgrossesorchadeslesamplesthalameges.fr\/?page_id=14031"},"modified":"2021-05-07T02:03:52","modified_gmt":"2021-05-07T00:03:52","slug":"je-brule-paris","status":"publish","type":"page","link":"https:\/\/blog.lesgrossesorchadeslesamplesthalameges.fr\/index.php\/je-brule-paris\/","title":{"rendered":"Je br\u00fble Paris&#8230;"},"content":{"rendered":"<p>&nbsp;<\/p>\n<p>&nbsp;<\/p>\n<p>&nbsp;<\/p>\n<p>&nbsp;<\/p>\n<p>&nbsp;<\/p>\n<p>&nbsp;<\/p>\n<p>&nbsp;<\/p>\n<p>&nbsp;<\/p>\n<p style=\"text-align: left;\"><span style=\"font-family: times new roman, times, serif; font-size: 18pt; color: #c00000;\"><strong><em>Et si on vous faisait d\u00e9couvrir DEUX \u00e9crivains polonais au lieu d\u2019une seule\u00a0?En m\u00eame temps qu\u2019on les d\u00e9couvre nous-m\u00eames\u2026<\/em><\/strong><\/span><\/p>\n<p>&nbsp;<\/p>\n<p>&nbsp;<\/p>\n<p style=\"text-align: center;\"><span style=\"font-family: times new roman, times, serif; font-size: 36pt;\"><strong><em>Je br\u00fble Paris<\/em><\/strong><strong> de Bruno Jasienski, chef d\u2019\u0153uvre de litt\u00e9rature bolch\u00e9vique, recension d\u2019un roman antifasciste de pointe<\/strong><\/span><\/p>\n<p style=\"text-align: left;\"><span style=\"font-family: arial, helvetica, sans-serif; font-size: 18pt;\"><strong>\u00a0<\/strong><\/span><\/p>\n<p style=\"text-align: center;\"><span style=\"font-family: times new roman, times, serif; font-size: 18pt;\"><strong>Benjanmin \u2013 <em>JRCF<\/em> \u2013 25.4.2021<\/strong><\/span><\/p>\n<p style=\"text-align: center;\"><span style=\"font-family: times new roman, times, serif; font-size: 18pt;\">Via<strong> <em>L.G.S.<\/em><\/strong><\/span><\/p>\n<p style=\"text-align: justify;\"><span style=\"font-family: arial, helvetica, sans-serif; font-size: 14pt;\"><strong>\u00a0<\/strong><\/span><\/p>\n<p>&nbsp;<\/p>\n<p style=\"text-align: center;\"><span style=\"font-family: arial, helvetica, sans-serif; font-size: 14pt;\"><strong>\u00a0<a href=\"http:\/\/blog.lesgrossesorchadeslesamplesthalameges.fr\/index.php\/2021\/05\/06\/ils-lont-noye-dans-le-sang\/12-jaseski\/\" rel=\"attachment wp-att-13904\"><img loading=\"lazy\" class=\"alignnone wp-image-13904 size-full\" src=\"http:\/\/blog.lesgrossesorchadeslesamplesthalameges.fr\/wp-content\/uploads\/2021\/05\/12.-Jaseski.jpg\" alt=\"\" width=\"300\" height=\"437\" srcset=\"https:\/\/blog.lesgrossesorchadeslesamplesthalameges.fr\/wp-content\/uploads\/2021\/05\/12.-Jaseski.jpg 300w, https:\/\/blog.lesgrossesorchadeslesamplesthalameges.fr\/wp-content\/uploads\/2021\/05\/12.-Jaseski-206x300.jpg 206w\" sizes=\"(max-width: 300px) 100vw, 300px\" \/><\/a><\/strong><\/span><\/p>\n<p>&nbsp;<\/p>\n<p>&nbsp;<\/p>\n<p style=\"text-align: left;\"><span style=\"font-family: arial, helvetica, sans-serif; font-size: 14pt;\"><strong><em>\u00a0<\/em><\/strong><span style=\"font-size: 18pt;\"><strong><em>\u00ab\u00a0Paris avait craqu\u00e9 le long de la couture de la Seine, cousue nagu\u00e8re par le fil blanc des ponts\u00a0\u00bb.<\/em><\/strong><\/span><\/span><\/p>\n<p>&nbsp;<\/p>\n<p style=\"text-align: justify;\"><span style=\"font-family: arial, helvetica, sans-serif; font-size: 12pt;\">Qui se souvient, ou a m\u00eame entendu parler, de l\u2019organe de l\u2019Union internationale des \u00e9crivains r\u00e9volutionnaires (UIER)\u00a0? De son magazine\u00a0<a href=\"https:\/\/www.andrebreton.fr\/work\/56600100990370\"><em>Litt\u00e9rature de la r\u00e9volution mondiale<\/em><\/a>\u00a0? De Bruno Jasienski, son r\u00e9dacteur en chef\u00a0? Cette publication fut pourtant \u00e9dit\u00e9e en langues allemande, russe, anglaise, fran\u00e7aise et chinoise, et six num\u00e9ros para\u00eetront au cours de la seule ann\u00e9e 1931 [1]. Pour donner un aper\u00e7u de cette revue de haute tenue, Louis Aragon, Lev Ovalov, Henri Barbusse (membre fondateur de l\u2019UIER), Michael Gold, L\u00e9opold Averbakh (auteur d\u2019un texte lapidaire et g\u00e9nial sur Trotski [2]) et Paul Vaillant-Couturier y contribu\u00e8rent, pour ne citer que quelques-uns d\u2019entre eux.<\/span><\/p>\n<p style=\"text-align: justify;\"><span style=\"font-family: arial, helvetica, sans-serif; font-size: 12pt;\">Illustres m\u00e9connus, ces brillants auteurs ne sont plus lus que par des communistes r\u00e9fractaires et acharn\u00e9s \u00e0 retrouver leur m\u00e9moire vol\u00e9e. Bien \u00e9videmment, ces grands noms du r\u00e9alisme socialiste sont absolument \u00e9vinc\u00e9s du syst\u00e8me d\u2019\u00e9dition actuel, et soustraits au grand public. Somme toute, cela est parfaitement naturel, et on n\u2019en attend pas moins de nos boursicoteurs du papier\u00a0: sp\u00e9culer sur des livres m\u00e9diocres, voil\u00e0 qui est bien, renvoyer \u00e0 l\u2019oubli les \u0153uvres de leurs ennemis vaincus, voil\u00e0 qui est mieux.<\/span><\/p>\n<p style=\"text-align: justify;\"><span style=\"font-family: arial, helvetica, sans-serif; font-size: 12pt;\">C\u2019est toujours au moyen de perverses omissions que le mar\u00e9cage germanopratin sait sanctionner ceux qui, jadis, se sont mis au service d\u2019un continent litt\u00e9raire nouveau, qui tentait d\u2019\u00e9merger des flots du roman moderne pendant que se construisait, \u00e0 l\u2019Est, le prodigieux effort d\u2019\u00e9tablir un autre monde.<\/span><\/p>\n<p style=\"text-align: justify;\"><span style=\"font-family: arial, helvetica, sans-serif; font-size: 12pt;\">On peut se demander alors qui fut ce\u00a0<a href=\"https:\/\/fr.wikipedia.org\/wiki\/Bruno_Jasie%C5%84ski\">Bruno Jasienski<\/a>\u00a0pour avoir l\u2019honneur de chapeauter une telle troupe\u00a0? Cet homme ne fut rien de moins qu\u2019un immense \u00e9crivain polonais prol\u00e9tarien, sovi\u00e9tique fid\u00e8le au socialisme r\u00e9el jusqu\u2019\u00e0 la fin, \u00e0 l\u2019\u00e9preuve de l\u2019injustice, de la torture et de son ex\u00e9cution. Comme bon nombre de camarades valeureux, il ne surv\u00e9cut pas \u00e0 l\u2019une des p\u00e9riodes les plus troubl\u00e9es, tragiques et chaotiques de l\u2019histoire de l\u2019URSS. D\u00e9vor\u00e9 par la terreur mais mort en marxiste, son \u0153uvre ne fut pas ressuscit\u00e9e par la d\u00e9stalinisation, bien qu\u2019il ait \u00e9t\u00e9 r\u00e9habilit\u00e9 en 1955.<\/span><\/p>\n<p style=\"text-align: justify;\"><span style=\"font-family: arial, helvetica, sans-serif; font-size: 12pt;\">N\u2019ayant jamais c\u00e9d\u00e9 aux sir\u00e8nes du trotskisme, il \u00e9tait aussi irr\u00e9cup\u00e9rable par ceux-l\u00e0, et il n\u2019int\u00e9ressa gu\u00e8re les obs\u00e9d\u00e9s de la puret\u00e9 r\u00e9volutionnaire. Contre toute d\u00e9viation romantique, Jasienski se rit toute sa vie de ceux dont les le\u00e7ons de morale et les vitup\u00e9rations constituent le seul bilan pratique, et qui se contentent de caqueter un cat\u00e9chisme de bons gardiens de conscience. Cela \u00e9tant, et sans faire le moins du monde dans l\u2019essentialisme national, Jasienski semble incarner, avec une probit\u00e9 biographique presque terrifiante, l\u2019\u00e9trange mal\u00e9diction qui frappe les r\u00e9volutionnaires polonais. Enclav\u00e9e entre les grandes puissances, leur petite nation est prise entre le marteau et l\u2019enclume, trahie par tous, condamn\u00e9e \u00e0 l\u2019oubli et \u00e0 la nuit, avant que la calotte r\u00e9actionnaire ne ramasse le butin du d\u00e9sespoir et de la frustration.<\/span><\/p>\n<p style=\"text-align: justify;\"><span style=\"font-family: arial, helvetica, sans-serif; font-size: 12pt;\">A son arriv\u00e9e en Union Sovi\u00e9tique en 1929, le prestige de Jasienski \u00e9tait pourtant immense. En effet, immigr\u00e9 en France depuis 1925, ce fut d\u2019abord par un duel magistral que notre homme se fit un nom litt\u00e9raire, entre septembre et novembre 1928. C\u2019est \u00e0 cette p\u00e9riode pr\u00e9cise que\u00a0<em>Je br\u00fble Paris<\/em>\u00a0(1929) fut r\u00e9dig\u00e9, en roman feuilleton, dans les colonnes de\u00a0<em>l\u2019Humanit\u00e9<\/em>. \u00c9videmment, nous \u00e9voquons ici l\u2019\u00e9poque h\u00e9ro\u00efque de ce journal, loin des r\u00e9dactions cro\u00fbt\u00e9es de Patrick Le Hyaric qui, comme tant d\u2019autres liquidateurs, faussaires et saboteurs, est expert en captation d\u2019h\u00e9ritage.<\/span><\/p>\n<p style=\"text-align: justify;\"><span style=\"font-family: arial, helvetica, sans-serif; font-size: 12pt;\">Avec ce roman, il s\u2019agissait pour Jasienski de r\u00e9pondre \u00e0\u00a0<em>Je br\u00fble Moscou<\/em>, br\u00fblot ridicule dont l\u2019auteur, Paul Morand, se donnait des sensations en fantasmant sur un Moscou aux mains de jud\u00e9o-bolch\u00e9viques, le couteau entre les dents et les doigts crochus. Jasienski humilia magistralement ce pitoyable vichyste pour qui la mondanit\u00e9, la pr\u00e9ciosit\u00e9 et les mani\u00e8res tiennent lieu de g\u00e9nie. \u00ab\u00a0G\u00e9nie\u00a0\u00bb d\u2019ailleurs valoris\u00e9 encore r\u00e9cemment, sur France Culture, par l\u2019immortel Alain Finkielkraut [3], qui raffole de sonder les secr\u00e8tes intentions des antis\u00e9mites pourvu qu\u2019ils ne soient pas arabes. Mais laissons cela de c\u00f4t\u00e9 et parlons d\u2019un \u00e9crivain de qualit\u00e9.<\/span><\/p>\n<p style=\"text-align: justify;\"><span style=\"font-family: arial, helvetica, sans-serif; font-size: 12pt;\">Avec\u00a0<em>Je br\u00fble Paris<\/em>, Jasienski produit un livre assez unique en son genre. On y trouve d\u2019abord des prouesses litt\u00e9raires en termes de capacit\u00e9 du narrateur \u00e0 \u00e9pouser le point de vue des diff\u00e9rents personnages, d\u2019un chapitre \u00e0 un autre. L\u2019immersion du lecteur dans l\u2019environnement, les corps, les id\u00e9ologies et les repr\u00e9sentations du monde de chacun d\u2019entre eux est radicale.<\/span><\/p>\n<p style=\"text-align: justify;\"><span style=\"font-family: arial, helvetica, sans-serif; font-size: 12pt;\">A ce titre, on peut se rappeler que, dans son oraison fun\u00e8bre \u00e0 Maxime Gorki, Lukacs pr\u00e9tend que Tolstoi aurait dit \u00e0 Gorki qu\u2019il avait \u201cl\u2019intelligence du c\u0153ur\u00a0\u00bb. Il semble que ce terme soit parfait pour souligner l\u2019extraordinaire empathie de Jasienski, une empathie qui n\u2019est pas niaise, mais presque semblable \u00e0 un effacement momentan\u00e9 de l\u2019\u00e9crivain, un oubli de soi dans le personnage, une compr\u00e9hension profonde de ce qui le meut, avant de se reprendre pour en exposer tous les ressorts m\u00e9caniques, avec une froideur d\u00e9tach\u00e9e.<\/span><\/p>\n<p style=\"text-align: justify;\"><span style=\"font-family: arial, helvetica, sans-serif; font-size: 12pt;\">Dans ce livre ma\u00eetris\u00e9, vous suivrez le destin de Pierre, un ouvrier casseur de gr\u00e8ve, servile, passif, et qui subit son existence de b\u00eate de somme. En d\u00e9pit de ses bons et loyaux services, il se fait licencier sans m\u00e9nagement, et se retrouve d\u00e9s\u0153uvr\u00e9. Il est alors incapable d\u2019offrir \u00e0 sa Jeannette ses souliers de bal, qui le quitte, f\u00e2ch\u00e9e. Il passe une premi\u00e8re nuit, seul, sans le sou, avec des colonnes de clochards, devant la grille de la bouche d\u2019entr\u00e9e d\u2019un m\u00e9tro. Apr\u00e8s toutes sortes de p\u00e9rip\u00e9ties, il d\u00e9couvre que sa Jeannette se prostitue, et qu\u2019un bourgeois l\u2019entretient. Dans un acte de r\u00e9sistance in\u00e9dit, il frappe ce dernier, et finit en prison. L\u00e0 bas, il y retrouvera une vieille connaissance, un chimiste, qui l\u2019invitera chez lui. Sur place, habit\u00e9 par une indicible rage, il s\u2019empare discr\u00e8tement de quelques fioles, qui contiennent le virus de la peste. Il r\u00e9pandra le soir m\u00eame leur contenu dans la Seine.<\/span><\/p>\n<p style=\"text-align: justify;\"><span style=\"font-family: arial, helvetica, sans-serif; font-size: 12pt;\">Quel roman est plus actuel\u00a0? Car on se retrouve tr\u00e8s vite dans un Paris confin\u00e9, mis en quarantaine, o\u00f9 les \u00eatres humains tombent comme des mouches, alors m\u00eame que le pouvoir vacille, que des violences \u00e9clatent, et que des factions s\u2019emparent d\u2019arrondissements entiers, qu\u2019elles barricadent et fortifient dans l\u2019espoir d\u2019une victoire d\u00e9finitive sur les autres.<\/span><\/p>\n<p style=\"text-align: justify;\"><span style=\"font-family: arial, helvetica, sans-serif; font-size: 12pt;\">Dans ce livre, vous suivrez une communaut\u00e9 juive accul\u00e9e, le parcours h\u00e9ro\u00efque de communards isol\u00e9s et les \u00e9tats d\u2019\u00e2mes d\u2019un grand bourgeois adult\u00e9rin et cosmopolite, coinc\u00e9 dans un Paris bubonique, en m\u00eame temps que vous retracerez le parcours d\u2019un implacable r\u00e9volutionnaire chinois, et les d\u00e9boires d\u2019un ancien russe blanc, r\u00e9trograd\u00e9 en chauffeur de taxi p\u00e9tri de ressentiments.<\/span><\/p>\n<p style=\"text-align: justify;\"><span style=\"font-family: arial, helvetica, sans-serif; font-size: 12pt;\">Il s\u2019agit d\u2019une histoire \u00e9pique, de portraits qui se croisent sans jamais se retrouver, de trag\u00e9dies cruelles \u00e0 la pelle, o\u00f9 des \u00eatres humains se d\u00e9battent pour survivre dans une Babylone capitaliste qui se consume, en faisant \u00e9clater son vernis mondain pour laisser voir ses entrailles pourries par l\u2019exploitation.<\/span><\/p>\n<p style=\"text-align: justify;\"><span style=\"font-family: arial, helvetica, sans-serif; font-size: 12pt;\">C\u2019est un grand livre. Une le\u00e7on d\u2019antifascisme radical. Et afin de ne rien g\u00e2cher \u00e0 cette exp\u00e9rience de lecture, on ne peut que finalement recommander au lecteur, et chaudement, de se pr\u00e9cipiter sur ce chef d\u2019\u0153uvre pr\u00e9cieux.<\/span><\/p>\n<p>&nbsp;<\/p>\n<p style=\"text-align: left;\"><span style=\"font-family: arial, helvetica, sans-serif; font-size: 12pt;\">[1] Lecture en ligne de la revue disponible au lien ci-joint\u00a0:\u00a0<a href=\"https:\/\/gallica.bnf.fr\/ark&amp;nbsp\">https:\/\/gallica.bnf.fr\/ark&amp;nbsp<\/a>;:\/12148\/bpt6k890692h<\/span><\/p>\n<p style=\"text-align: left;\"><span style=\"font-family: arial, helvetica, sans-serif; font-size: 12pt;\">[2] Titre\u00a0: \u201cIl se d\u00e9masque lui-m\u00eame\u201d. dans\u00a0<em>Litt\u00e9rature de la r\u00e9volution mondiale\u00a0: organe central de l\u2019Union internationale des \u00e9crivains r\u00e9volutionnaires<\/em>\u00a01931, num\u00e9ro 2 (trouvable sur le site Gallica Bnf).<\/span><\/p>\n<p><span style=\"font-family: arial, helvetica, sans-serif; font-size: 12pt;\">[3]\u00a0<a href=\"https:\/\/www.franceculture.fr\/emissions\/repliques\/paul-morand-lhomme-et-loeuvre\">https:\/\/www.franceculture.fr\/emissions\/repliques\/paul-morand-lhomme-et-loeuvre<\/a><\/span><\/p>\n<p>&nbsp;<\/p>\n<p><span style=\"font-family: times new roman, times, serif; font-size: 14pt;\">Source\u00a0: <a href=\"https:\/\/www.legrandsoir.info\/je-brule-paris-de-bruno-jasienski-chef-d-oeuvre-de-litterature-bolchevique-recension-d-un-roman-antifasciste-de-pointe.html\">https:\/\/www.legrandsoir.info\/je-brule-paris-de-bruno-jasienski-chef-d-oeuvre-de-litterature-bolchevique-recension-d-un-roman-antifasciste-de-pointe.html<\/a><\/span><\/p>\n<p><span style=\"font-family: times new roman, times, serif; font-size: 14pt;\">Source d\u2019origine\u00a0:\u00a0<a href=\"http:\/\/jrcf.over-blog.org\/2021\/02\/je-brule-paris-de-bruno-jasienski-ch...\">http:\/\/jrcf.over-blog.org\/2021\/02\/je-brule-paris-de-bruno-jasienski-ch&#8230;<\/a><\/span><\/p>\n<p style=\"text-align: justify;\"><span style=\"font-family: arial, helvetica, sans-serif; font-size: 14pt;\"><strong><em>\u00a0<\/em><\/strong><\/span><\/p>\n<p>&nbsp;<\/p>\n<p style=\"text-align: center;\"><span style=\"font-family: arial, helvetica, sans-serif; font-size: 14pt;\"><strong><em>\u00a0<a href=\"http:\/\/blog.lesgrossesorchadeslesamplesthalameges.fr\/index.php\/je-brule-paris\/000-plume-rouge-fond-transparent-gif-5\/\" rel=\"attachment wp-att-14033\"><img loading=\"lazy\" class=\"alignnone wp-image-14033\" src=\"http:\/\/blog.lesgrossesorchadeslesamplesthalameges.fr\/wp-content\/uploads\/2021\/05\/000.-Plume-rouge-fond-transparent-GIF-4.gif\" alt=\"\" width=\"150\" height=\"92\" \/><\/a><\/em><\/strong><\/span><\/p>\n<p style=\"text-align: justify;\"><span style=\"font-family: arial, helvetica, sans-serif; font-size: 14pt;\"><strong><em>\u00a0<\/em><\/strong><\/span><\/p>\n<p>&nbsp;<\/p>\n<p><span style=\"font-family: arial, helvetica, sans-serif; font-size: 14pt;\"><strong><span style=\"font-family: times new roman, times, serif;\">URL de cet article\u00a0: <\/span><\/strong><a href=\"http:\/\/blog.lesgrossesorchadeslesamplesthalameges.fr\/index.php\/je-brule-paris\/\"><span style=\"font-family: times new roman, times, serif;\">http:\/\/blog.lesgrossesorchadeslesamplesthalameges.fr\/index.php\/je-brule-paris\/<\/span><\/a><strong><br \/>\n<\/strong><\/span><\/p>\n<p>&nbsp;<\/p>\n<p>&nbsp;<\/p>\n<p style=\"text-align: right;\"><span style=\"font-family: comic sans ms, sans-serif;\">6 mai 2021<\/span><\/p>\n<p>&nbsp;<\/p>\n","protected":false},"excerpt":{"rendered":"<p>&nbsp; &nbsp; &nbsp; &nbsp; &nbsp; &nbsp; &nbsp; &nbsp; Et si on vous faisait d\u00e9couvrir DEUX \u00e9crivains polonais au lieu d\u2019une seule\u00a0?En m\u00eame temps qu\u2019on les d\u00e9couvre nous-m\u00eames\u2026 &nbsp; &nbsp; Je br\u00fble Paris de Bruno Jasienski, chef d\u2019\u0153uvre de litt\u00e9rature bolch\u00e9vique, recension d\u2019un roman antifasciste de pointe \u00a0 Benjanmin \u2013 JRCF \u2013 25.4.2021 Via L.G.S. \u00a0&#8230;<\/p>\n","protected":false},"author":1,"featured_media":0,"parent":0,"menu_order":0,"comment_status":"open","ping_status":"open","template":"","meta":[],"_links":{"self":[{"href":"https:\/\/blog.lesgrossesorchadeslesamplesthalameges.fr\/index.php\/wp-json\/wp\/v2\/pages\/14031"}],"collection":[{"href":"https:\/\/blog.lesgrossesorchadeslesamplesthalameges.fr\/index.php\/wp-json\/wp\/v2\/pages"}],"about":[{"href":"https:\/\/blog.lesgrossesorchadeslesamplesthalameges.fr\/index.php\/wp-json\/wp\/v2\/types\/page"}],"author":[{"embeddable":true,"href":"https:\/\/blog.lesgrossesorchadeslesamplesthalameges.fr\/index.php\/wp-json\/wp\/v2\/users\/1"}],"replies":[{"embeddable":true,"href":"https:\/\/blog.lesgrossesorchadeslesamplesthalameges.fr\/index.php\/wp-json\/wp\/v2\/comments?post=14031"}],"version-history":[{"count":7,"href":"https:\/\/blog.lesgrossesorchadeslesamplesthalameges.fr\/index.php\/wp-json\/wp\/v2\/pages\/14031\/revisions"}],"predecessor-version":[{"id":14039,"href":"https:\/\/blog.lesgrossesorchadeslesamplesthalameges.fr\/index.php\/wp-json\/wp\/v2\/pages\/14031\/revisions\/14039"}],"wp:attachment":[{"href":"https:\/\/blog.lesgrossesorchadeslesamplesthalameges.fr\/index.php\/wp-json\/wp\/v2\/media?parent=14031"}],"curies":[{"name":"wp","href":"https:\/\/api.w.org\/{rel}","templated":true}]}}