{"id":14213,"date":"2021-07-05T03:06:30","date_gmt":"2021-07-05T01:06:30","guid":{"rendered":"http:\/\/blog.lesgrossesorchadeslesamplesthalameges.fr\/?page_id=14213"},"modified":"2021-07-06T11:56:57","modified_gmt":"2021-07-06T09:56:57","slug":"mysterium","status":"publish","type":"page","link":"https:\/\/blog.lesgrossesorchadeslesamplesthalameges.fr\/index.php\/mysterium\/","title":{"rendered":"Mysterium"},"content":{"rendered":"<p>&nbsp;<\/p>\n<p>&nbsp;<\/p>\n<p>&nbsp;<\/p>\n<p>&nbsp;<\/p>\n<p>&nbsp;<\/p>\n<p>&nbsp;<\/p>\n<p style=\"text-align: center;\"><em><span style=\"font-family: times new roman, times, serif; font-size: 54pt;\"><strong>Mysterium<\/strong><\/span><\/em><\/p>\n<p>&nbsp;<\/p>\n<p>&nbsp;<\/p>\n<p style=\"text-align: center;\"><a href=\"http:\/\/blog.lesgrossesorchadeslesamplesthalameges.fr\/index.php\/2021\/07\/05\/et-assange-les-merdias-bof\/32-mysterium\/\" rel=\"attachment wp-att-14201\"><img loading=\"lazy\" class=\"alignnone wp-image-14201 size-full\" src=\"http:\/\/blog.lesgrossesorchadeslesamplesthalameges.fr\/wp-content\/uploads\/2021\/07\/32.-Mysterium.jpg\" alt=\"\" width=\"300\" height=\"464\" srcset=\"https:\/\/blog.lesgrossesorchadeslesamplesthalameges.fr\/wp-content\/uploads\/2021\/07\/32.-Mysterium.jpg 300w, https:\/\/blog.lesgrossesorchadeslesamplesthalameges.fr\/wp-content\/uploads\/2021\/07\/32.-Mysterium-194x300.jpg 194w\" sizes=\"(max-width: 300px) 100vw, 300px\" \/><\/a><\/p>\n<p style=\"text-align: justify;\"><span style=\"font-family: times new roman, times, serif; font-size: 14pt;\"><strong>\u00a0<\/strong><\/span><\/p>\n<p>&nbsp;<\/p>\n<p style=\"text-align: justify;\"><span style=\"font-family: comic sans ms, sans-serif; font-size: 14pt;\">Dans le premier, <em>Mysterium,<\/em> de nombreuses personnes ont \u00e9t\u00e9 appel\u00e9es \u00e0 Paris, \u00e0 grands frais, par le cardinal Mazarin\u00a0: un compositeur, un librettiste, un d\u00e9corateur c\u00e9l\u00e8bre, des chanteuses et des chanteurs, un secr\u00e9taire de Mathias de M\u00e9dicis \u00e9tant charg\u00e9 de veiller sur le plus jeune des castrats qui est son amant. Certains d\u2019entre eux sont d\u00e9j\u00e0 \u00e0 Paris, mais les autres viennent d\u2019embarquer sur un navire de guerre fran\u00e7ais, qui va \u00eatre attaqu\u00e9 par des pirates et exploser, en compagnie d\u2019\u00e9rudits de plusieurs nationalit\u00e9s, dont le propre biblioth\u00e9caire du cardinal, Gabriel Naud\u00e9, qui est all\u00e9 prendre, \u00e0 Florence, livraison d\u2019une copie de la Bible de Gutenberg, command\u00e9e par Son \u00c9minence. De leur nombre sont le vieil \u00e9rudit-philosophe allemand et n\u00e9anmoins pamphl\u00e9taire catholique Caspar Schoppe, le tr\u00e8s \u00e9rudit Fran\u00e7ois Guyet, qui va mourir en route, et deux pirates musulmans, qui sont en r\u00e9alit\u00e9 des Italiens convertis, sans oublier un libraire breton nomm\u00e9 Hardouin, qui attend la naissance imminente d\u2019un fils\u00a0: le futur <a href=\"https:\/\/fr.wikipedia.org\/wiki\/Jean_Hardouin\">Jean Hardouin<\/a>, j\u00e9suite, consid\u00e9r\u00e9 en France aujourd\u2019hui comme <a href=\"https:\/\/www.letelegramme.fr\/histoire\/le-pere-hardouin-l-inventeur-de-la-theorie-du-complot-02-09-2018-12053847.php\">le p\u00e8re de la th\u00e9orie du complot<\/a> mais que ce livre r\u00e9habilite en m\u00eame temps que son tr\u00e8s-vilipend\u00e9 pr\u00e9d\u00e9cesseur, le m\u00e9cr\u00e9ant <a href=\"https:\/\/fr.wikipedia.org\/wiki\/Jean-Jacques_Bouchard\">Jean-Jacques Bouchard<\/a>, c\u00e9l\u00e8bre comme auteur du po\u00e8me le plus \u00e9rotico-scandaleux du si\u00e8cle.<\/span><\/p>\n<p style=\"text-align: justify;\"><span style=\"font-family: comic sans ms, sans-serif; font-size: 14pt;\">Les castrats ont \u00e9t\u00e9 emprunt\u00e9s par le cardinal \u00e0 leurs protecteurs-propri\u00e9taires, M\u00e9dicis, Pape, Dix de Venise, etc. Les hommes de lettres sont \u00e0 la poursuite d\u2019un myst\u00e9rieux ensemble de manuscrits de l\u2019Antiquit\u00e9 d\u00e9tenus par un non moins myst\u00e9rieux moine esclavon en fuite.<\/span><\/p>\n<p>&nbsp;<\/p>\n<p>&nbsp;<\/p>\n<p style=\"text-align: center;\"><a href=\"http:\/\/blog.lesgrossesorchadeslesamplesthalameges.fr\/index.php\/mysterium\/35-600px-archipel_toscan_carte-fr\/\" rel=\"attachment wp-att-14215\"><img loading=\"lazy\" class=\"alignnone wp-image-14215 size-full\" src=\"http:\/\/blog.lesgrossesorchadeslesamplesthalameges.fr\/wp-content\/uploads\/2021\/07\/35.-600px-Archipel_toscan_carte-fr.png\" alt=\"\" width=\"600\" height=\"412\" srcset=\"https:\/\/blog.lesgrossesorchadeslesamplesthalameges.fr\/wp-content\/uploads\/2021\/07\/35.-600px-Archipel_toscan_carte-fr.png 600w, https:\/\/blog.lesgrossesorchadeslesamplesthalameges.fr\/wp-content\/uploads\/2021\/07\/35.-600px-Archipel_toscan_carte-fr-300x206.png 300w\" sizes=\"(max-width: 600px) 100vw, 600px\" \/><\/a><\/p>\n<p>&nbsp;<\/p>\n<p>&nbsp;<\/p>\n<p style=\"text-align: justify;\"><span style=\"font-family: comic sans ms, sans-serif; font-size: 14pt;\">C\u2019est l\u2019occasion, pour les auteurs, de traiter plusieurs th\u00e8mes, \u00e0 commencer par celui de l\u2019esclavage infantile, les castrats ayant \u00e9t\u00e9 dans la r\u00e9alit\u00e9 des enfants m\u00e2les ch\u00e2tr\u00e9s pour \u00eatre vendus, le plus souvent par leurs p\u00e8res, \u00e0 de riches et puissants p\u00e9domaniaques. [Le h\u00e9ros principal de ces livres, Atto Melani, fut un des sept fils d\u2019un petit noble de Pistoia, qui en fit ch\u00e2trer six, n&rsquo;en conservant qu&rsquo;un seul entier pour perp\u00e9tuer la famille, fit enseigner aux \u00e9vir\u00e9s la musique et les vendit. L\u2019histoire r\u00e9elle \u00e9tant quelquefois morale, le p\u00e8re indigne mourut en tombant d\u2019une fen\u00eatre, un jour que deux de ses fils devenus grands se trouvaient chez lui.] D\u2018apr\u00e8s Monaldi et Sorti, la plupart des castrats avaient la musique en horreur.<\/span><\/p>\n<p style=\"text-align: justify;\"><span style=\"font-family: comic sans ms, sans-serif; font-size: 14pt;\">Un autre de leurs th\u00e8mes est le rappel d\u2019une r\u00e9alit\u00e9 tr\u00e8s peu connue, en tout cas du grand public, \u00e0 savoir que la plupart des textes de l\u2019Antiquit\u00e9, attribu\u00e9s \u00e0 des auteurs c\u00e9l\u00e8bres tels que Platon ou Aristote, sont en r\u00e9alit\u00e9 des faux fabriqu\u00e9s en s\u00e9rie au Moyen-\u00c2ge et \u00e0 la Renaissance, dans plusieurs monast\u00e8res d\u2019Europe. Comme il s\u2019agit de prouver ce qu\u2019on avance, il y a, \u00e0 la suite de ce roman comme des pr\u00e9c\u00e9dents, des annexes justificatives.<\/span><\/p>\n<p>&nbsp;<\/p>\n<p>&nbsp;<\/p>\n<p style=\"text-align: center;\"><a href=\"http:\/\/blog.lesgrossesorchadeslesamplesthalameges.fr\/index.php\/mysterium\/36-la-torre-vecchia\/\" rel=\"attachment wp-att-14216\"><img loading=\"lazy\" class=\"alignnone wp-image-14216 size-full\" src=\"http:\/\/blog.lesgrossesorchadeslesamplesthalameges.fr\/wp-content\/uploads\/2021\/07\/36.-La-Torre-Vecchia.jpg\" alt=\"\" width=\"600\" height=\"450\" srcset=\"https:\/\/blog.lesgrossesorchadeslesamplesthalameges.fr\/wp-content\/uploads\/2021\/07\/36.-La-Torre-Vecchia.jpg 600w, https:\/\/blog.lesgrossesorchadeslesamplesthalameges.fr\/wp-content\/uploads\/2021\/07\/36.-La-Torre-Vecchia-300x225.jpg 300w\" sizes=\"(max-width: 600px) 100vw, 600px\" \/><\/a><\/p>\n<p style=\"text-align: center;\"><span style=\"font-family: times new roman, times, serif; font-size: 12pt;\"><strong><em>La Torre Vecchia, sur l\u2019\u00eele de Gorgone, qui sert de d\u00e9cor \u00e0 une partie de l\u2019action.<\/em><\/strong><\/span><\/p>\n<p style=\"text-align: justify;\"><span style=\"font-family: comic sans ms, sans-serif; font-size: 14pt;\"><strong><em>\u00a0<\/em><\/strong><\/span><\/p>\n<p style=\"text-align: justify;\"><span style=\"font-family: comic sans ms, sans-serif; font-size: 14pt;\"><strong><em>\u00a0<\/em><\/strong><\/span><\/p>\n<p style=\"text-align: justify;\"><span style=\"font-family: comic sans ms, sans-serif; font-size: 14pt;\">Il est aussi beaucoup question de la piraterie des Arabes en M\u00e9diterran\u00e9e, que combattaient les plus puissantes cours d\u2019Europe, tout en leur vendant armes et vaisseaux, car les affaires sont les affaires. C\u2019est ainsi que les pirates, arm\u00e9s par ces rois, razziaient adultes et enfants sur les bords de leurs royaumes, pour les vendre comme esclaves \u00e0 Alger ou \u00e0 Constantinople ou les coller \u00e0 leurs bancs de chiourme. Ceux qui se convertissaient en \u00e9taient exempt\u00e9s et pouvaient, s\u2019ils \u00e9taient dou\u00e9s et motiv\u00e9s, faire leur chemin dans la piraterie. Toutefois si, apr\u00e8s s\u2018\u00eatre convertis, ils se parjuraient et redevenaient chr\u00e9tiens, un souffle de sabre sur le cou mettait fin, sans proc\u00e8s, \u00e0 leur existence. C\u2019est ainsi que quelques-uns des pirates historiques les plus terribles ont \u00e9t\u00e9, sous des noms arabis\u00e9s, des Italiens.<\/span><\/p>\n<p style=\"text-align: justify;\"><span style=\"font-family: comic sans ms, sans-serif; font-size: 14pt;\">On discute aussi beaucoup, dans ce livre, de ce qui vient d\u2019enflammer l\u2019Europe\u00a0: l\u2019affaire Galil\u00e9e. Et c\u2019est l\u2019occasion, pour Rita et Francesco, de remettre quelques pendules \u00e0 l\u2019heure et notamment de rendre au pape Urbain VIII ce qu\u2019on lui doit, \u00e0 savoir qu\u2019il eut raison contre Galil\u00e9e et que m\u00eame Einstein, avant de mourir, a d\u00fb en convenir. Nous ne parlons pas ici de la terre qui tourne mais de l\u2019objet r\u00e9el de la controverse.<\/span><\/p>\n<p style=\"text-align: justify;\"><span style=\"font-family: comic sans ms, sans-serif; font-size: 14pt;\">Pour r\u00e9sumer, ce livre truff\u00e9 de d\u00e9bats et de pinailleries entre savants, avance par cons\u00e9quent \u00e0 pas d\u2019escargot, tout en multipliant les coups de th\u00e9\u00e2tre, jusqu\u2019\u00e0 ce qu\u2019en fin de compte les naufrag\u00e9s soient r\u00e9cup\u00e9rt\u00e9s par le vaisseau pirate qui les avait attaqu\u00e9s, et transf\u00e9r\u00e9s, \u00e9videmment contre ran\u00e7on, sur un nouveau b\u00e2timent de guerre fran\u00e7ais. Bref, jusqu\u2019\u00e0 ce qu\u2019enfin toutes les \u00e9nigmes se d\u00e9nouent et que \u00ab\u00a0nos h\u00e9ros\u00a0\u00bb poursuivent leur chemin vers Paris.<\/span><\/p>\n<p style=\"text-align: justify;\"><span style=\"font-family: comic sans ms, sans-serif; font-size: 14pt;\">La partie la plus impressionnante de ce livre, \u00e0 nos yeux, est sans conteste l\u2019\u00e9lucidation du meurtre de Jean-Jacques Bouchard \u00e0 Rome \u2013 apparemment et officiellement battu sur ordre du mar\u00e9chal d\u2019Estr\u00e9es comme le serait plus tard Voltaire par les sbires de Rohan-Chabot \u2013 mais en r\u00e9alit\u00e9 tu\u00e9 par d\u2019autres et pour de bien autres motifs, \u00e9lucidation qui fait de lui un martyr de l\u2019int\u00e9grit\u00e9 intellectuelle et un pr\u00e9curseur fran\u00e7ais incontestable de Julian Assange\u2026 mort en sus, qu\u2019il ne faut pas que Julian subisse.<\/span><\/p>\n<p style=\"text-align: justify;\"><span style=\"font-family: comic sans ms, sans-serif; font-size: 14pt;\">De m\u00eame, justice est rendue au r\u00f4le r\u00e9el jou\u00e9 par le j\u00e9suite Jean Hardouin dans l\u2019histoire des id\u00e9es, \u00e0 la suite de son pr\u00e9d\u00e9cesseur ath\u00e9e.<\/span><\/p>\n<p style=\"text-align: justify;\"><span style=\"font-family: comic sans ms, sans-serif; font-size: 14pt;\">C\u2019est dire si les pr\u00e9jug\u00e9s qui tra\u00eenent dans Wikipedia sont \u00e0 mettre \u00e0 jour.<\/span><\/p>\n<p>&nbsp;<\/p>\n<p>&nbsp;<\/p>\n<p style=\"text-align: center;\"><a href=\"http:\/\/blog.lesgrossesorchadeslesamplesthalameges.fr\/index.php\/2021\/07\/05\/et-assange-les-merdias-bof\/32-cul-de-lampe-mysterium\/\" rel=\"attachment wp-att-14203\"><img loading=\"lazy\" class=\"alignnone wp-image-14203\" src=\"http:\/\/blog.lesgrossesorchadeslesamplesthalameges.fr\/wp-content\/uploads\/2021\/07\/32.-cul-de-lampe-Mysterium.jpg\" alt=\"\" width=\"120\" height=\"110\" \/><\/a><\/p>\n<p>&nbsp;<\/p>\n<p>&nbsp;<\/p>\n<p style=\"text-align: center;\"><a href=\"http:\/\/blog.lesgrossesorchadeslesamplesthalameges.fr\/index.php\/mysterium\/00-attomelani-net-gif\/\" rel=\"attachment wp-att-14292\"><img loading=\"lazy\" class=\"alignnone wp-image-14292 size-full\" src=\"http:\/\/blog.lesgrossesorchadeslesamplesthalameges.fr\/wp-content\/uploads\/2021\/07\/00.-ATTOMELANI.NET-GIF.gif\" alt=\"\" width=\"750\" height=\"82\" \/><\/a><\/p>\n<p>&nbsp;<\/p>\n<p style=\"text-align: justify;\"><span style=\"font-family: times new roman, times, serif; font-size: 14pt; color: #c00000;\">BREAKING NEWS<\/span><\/p>\n<h1 style=\"text-align: justify;\"><span style=\"font-family: times new roman, times, serif; font-size: 24pt;\">MYSTERIUM English press release<\/span><\/h1>\n<p style=\"text-align: justify;\"><span style=\"font-family: times new roman, times, serif; font-size: 14pt;\">The Roman Empire, Greek civilisation and ancient Egypt never existed ? Are they nothing but the invention of a group of mediaeval monks ? Plato and Aristotle, Julius Caesar and Cicero are mere phantasms ? Their works were fabricated centuries after Christ\u2019s lifetime ? Today, we\u2019re living, not in 2011 but in about 1700, or even perhaps still around the year 1000 A.D. ?<\/span><\/p>\n<p style=\"text-align: right;\"><span style=\"font-family: times new roman, times, serif; font-size: 14pt;\"><a href=\"http:\/\/www.attomelani.net\/index.php\/mysterium-english-press-release\/\"><strong><span style=\"font-family: arial black, sans-serif;\">Read on\u2026<\/span><\/strong><\/a><\/span><\/p>\n<p style=\"text-align: left;\"><span style=\"font-family: times new roman, times, serif; font-size: 14pt;\">Source : <a href=\"http:\/\/www.attomelani.net\/index.php\/mysterium-english-press-release\/\">http:\/\/www.attomelani.net\/index.php\/mysterium-english-press-release\/<\/a><\/span><\/p>\n<p style=\"text-align: left;\"><strong><span style=\"font-family: times new roman, times, serif; font-size: 14pt;\">URL de cet article : <\/span><\/strong><a href=\"http:\/\/blog.lesgrossesorchadeslesamplesthalameges.fr\/index.php\/mysterium\/\"><span style=\"font-family: times new roman, times, serif; font-size: 14pt;\">http:\/\/blog.lesgrossesorchadeslesamplesthalameges.fr\/index.php\/mysterium\/ <\/span><\/a><strong><span style=\"font-family: times new roman, times, serif; font-size: 14pt;\"><br \/>\n<\/span><\/strong><\/p>\n<p>&nbsp;<\/p>\n<p>&nbsp;<\/p>\n<p>&nbsp;<\/p>\n<p style=\"text-align: center;\"><a href=\"http:\/\/blog.lesgrossesorchadeslesamplesthalameges.fr\/index.php\/2021\/07\/05\/et-assange-les-merdias-bof\/32-cul-de-lampe-mysterium\/\" rel=\"attachment wp-att-14203\"><img loading=\"lazy\" class=\"alignnone wp-image-14203\" src=\"http:\/\/blog.lesgrossesorchadeslesamplesthalameges.fr\/wp-content\/uploads\/2021\/07\/32.-cul-de-lampe-Mysterium.jpg\" alt=\"\" width=\"120\" height=\"110\" \/><\/a><\/p>\n<p>&nbsp;<\/p>\n<p>&nbsp;<\/p>\n<p style=\"text-align: justify;\"><span style=\"font-family: comic sans ms, sans-serif; font-size: 14pt;\">Allez, on vous le traduit pour demain ici-m\u00eame !<\/span><\/p>\n<p>&nbsp;<\/p>\n<p style=\"text-align: center;\"><strong><span style=\"font-family: comic sans ms, sans-serif; font-size: 18pt;\">Le voil\u00e0 :<\/span><\/strong><\/p>\n<p style=\"text-align: center;\"><a href=\"http:\/\/blog.lesgrossesorchadeslesamplesthalameges.fr\/index.php\/dissilmulatio\/000-freccia-nera-piccola-xx-30\/\" rel=\"attachment wp-att-14228\"><img loading=\"lazy\" class=\"alignnone size-full wp-image-14228\" src=\"http:\/\/blog.lesgrossesorchadeslesamplesthalameges.fr\/wp-content\/uploads\/2021\/07\/000.-freccia-nera-piccola-xx.gif\" alt=\"\" width=\"46\" height=\"46\" \/><\/a><\/p>\n<p style=\"text-align: left;\"><span style=\"font-family: times new roman, times, serif; font-size: 14pt;\">URL de la traduction : <a href=\"http:\/\/blog.lesgrossesorchadeslesamplesthalameges.fr\/index.php\/mysterium-communique-de-presse\/\">http:\/\/blog.lesgrossesorchadeslesamplesthalameges.fr\/index.php\/mysterium-communique-de-presse\/<\/a><\/span><\/p>\n<p style=\"text-align: right;\"><span style=\"font-family: times new roman, times, serif; font-size: 14pt;\">(Mise \u00e0 jour du 5 juillet 2021)<\/span><\/p>\n<p>&nbsp;<\/p>\n<p style=\"text-align: right;\"><span style=\"font-family: comic sans ms, sans-serif; font-size: 14pt;\">Juillet 2021<\/span><\/p>\n<p>&nbsp;<\/p>\n<p>&nbsp;<\/p>\n","protected":false},"excerpt":{"rendered":"<p>&nbsp; &nbsp; &nbsp; &nbsp; &nbsp; &nbsp; Mysterium &nbsp; &nbsp; \u00a0 &nbsp; Dans le premier, Mysterium, de nombreuses personnes ont \u00e9t\u00e9 appel\u00e9es \u00e0 Paris, \u00e0 grands frais, par le cardinal Mazarin\u00a0: un compositeur, un librettiste, un d\u00e9corateur c\u00e9l\u00e8bre, des chanteuses et des chanteurs, un secr\u00e9taire de Mathias de M\u00e9dicis \u00e9tant charg\u00e9 de veiller sur le plus&#8230;<\/p>\n","protected":false},"author":1,"featured_media":0,"parent":0,"menu_order":0,"comment_status":"open","ping_status":"open","template":"","meta":[],"_links":{"self":[{"href":"https:\/\/blog.lesgrossesorchadeslesamplesthalameges.fr\/index.php\/wp-json\/wp\/v2\/pages\/14213"}],"collection":[{"href":"https:\/\/blog.lesgrossesorchadeslesamplesthalameges.fr\/index.php\/wp-json\/wp\/v2\/pages"}],"about":[{"href":"https:\/\/blog.lesgrossesorchadeslesamplesthalameges.fr\/index.php\/wp-json\/wp\/v2\/types\/page"}],"author":[{"embeddable":true,"href":"https:\/\/blog.lesgrossesorchadeslesamplesthalameges.fr\/index.php\/wp-json\/wp\/v2\/users\/1"}],"replies":[{"embeddable":true,"href":"https:\/\/blog.lesgrossesorchadeslesamplesthalameges.fr\/index.php\/wp-json\/wp\/v2\/comments?post=14213"}],"version-history":[{"count":14,"href":"https:\/\/blog.lesgrossesorchadeslesamplesthalameges.fr\/index.php\/wp-json\/wp\/v2\/pages\/14213\/revisions"}],"predecessor-version":[{"id":14288,"href":"https:\/\/blog.lesgrossesorchadeslesamplesthalameges.fr\/index.php\/wp-json\/wp\/v2\/pages\/14213\/revisions\/14288"}],"wp:attachment":[{"href":"https:\/\/blog.lesgrossesorchadeslesamplesthalameges.fr\/index.php\/wp-json\/wp\/v2\/media?parent=14213"}],"curies":[{"name":"wp","href":"https:\/\/api.w.org\/{rel}","templated":true}]}}