{"id":14258,"date":"2021-07-05T13:51:12","date_gmt":"2021-07-05T11:51:12","guid":{"rendered":"http:\/\/blog.lesgrossesorchadeslesamplesthalameges.fr\/?page_id=14258"},"modified":"2021-07-05T13:53:40","modified_gmt":"2021-07-05T11:53:40","slug":"14258-2","status":"publish","type":"page","link":"https:\/\/blog.lesgrossesorchadeslesamplesthalameges.fr\/index.php\/14258-2\/","title":{"rendered":"Puisqu&rsquo;on est dans les d\u00e9falsifications de l&rsquo;Histoire"},"content":{"rendered":"<p><strong><em>\u00a0<\/em><\/strong><\/p>\n<p><strong><em>\u00a0<\/em><\/strong><\/p>\n<p>&nbsp;<\/p>\n<p>&nbsp;<\/p>\n<p>&nbsp;<\/p>\n<p>&nbsp;<\/p>\n<p>&nbsp;<\/p>\n<p style=\"text-align: center;\"><span style=\"font-size: 36pt;\"><strong><span style=\"font-family: times new roman, times, serif;\">Puisqu\u2019on est dans les d\u00e9falsifications de l\u2019Histoire\u2026<\/span><\/strong><\/span><\/p>\n<p><strong><em>\u00a0<\/em><\/strong><\/p>\n<p>&nbsp;<\/p>\n<p style=\"text-align: justify;\"><span style=\"font-family: comic sans ms, sans-serif; font-size: 14pt;\">Il nous est impossible de ne pas reparler de nos auteurs-f\u00e9tiches Rita Monaldi et Francesco Sorti, dont les habitu\u00e9s de ce blog ont eu l\u2019occasion de faire la connaissance <a href=\"http:\/\/www.lesgrossesorchadeslesamplesthalameges.fr\/notreblogskynet\/rita-monaldi-et-francesco-sorti-sont-ils-en-train-de-re-ecri-8029803.html\">ICI<\/a> et\u2026 un peu partout ailleurs dans nos archives.<\/span><\/p>\n<p style=\"text-align: justify;\"><span style=\"font-family: comic sans ms, sans-serif; font-size: 14pt;\">Revenons-y aujourd\u2019hui. \u2013 on n\u2019y revient jamais assez\u00a0! \u2013 \u00e0 propos des deux derniers tomes en date de leur s\u00e9rie consacr\u00e9e \u00e0 l\u2019histoire du XVIIe si\u00e8cle, dont le castrat Atto Melani est le personnage-pivot.<\/span><\/p>\n<p>&nbsp;<\/p>\n<p>&nbsp;<\/p>\n<p style=\"text-align: center;\"><span style=\"font-family: times new roman, times, serif; font-size: 36pt;\"><strong><em>Mysterium \u2013 Dissimulatio<\/em><\/strong><\/span><\/p>\n<p>&nbsp;<\/p>\n<p>&nbsp;<\/p>\n<p style=\"text-align: center;\"><span style=\"font-size: 14pt; font-family: comic sans ms, sans-serif;\"><strong><em>\u00a0<a href=\"http:\/\/blog.lesgrossesorchadeslesamplesthalameges.fr\/index.php\/2021\/07\/05\/et-assange-les-merdias-bof\/32-mysterium\/\" rel=\"attachment wp-att-14201\"><img loading=\"lazy\" class=\"alignnone size-medium wp-image-14201\" src=\"http:\/\/blog.lesgrossesorchadeslesamplesthalameges.fr\/wp-content\/uploads\/2021\/07\/32.-Mysterium-194x300.jpg\" alt=\"\" width=\"194\" height=\"300\" srcset=\"https:\/\/blog.lesgrossesorchadeslesamplesthalameges.fr\/wp-content\/uploads\/2021\/07\/32.-Mysterium-194x300.jpg 194w, https:\/\/blog.lesgrossesorchadeslesamplesthalameges.fr\/wp-content\/uploads\/2021\/07\/32.-Mysterium.jpg 300w\" sizes=\"(max-width: 194px) 100vw, 194px\" \/><\/a>\u00a0\u00a0\u00a0\u00a0\u00a0 <a href=\"http:\/\/blog.lesgrossesorchadeslesamplesthalameges.fr\/index.php\/2021\/07\/05\/et-assange-les-merdias-bof\/33-dissimulatio\/\" rel=\"attachment wp-att-14202\"><img loading=\"lazy\" class=\"alignnone size-medium wp-image-14202\" src=\"http:\/\/blog.lesgrossesorchadeslesamplesthalameges.fr\/wp-content\/uploads\/2021\/07\/33.-DISSIMULATIO-194x300.jpg\" alt=\"\" width=\"194\" height=\"300\" srcset=\"https:\/\/blog.lesgrossesorchadeslesamplesthalameges.fr\/wp-content\/uploads\/2021\/07\/33.-DISSIMULATIO-194x300.jpg 194w, https:\/\/blog.lesgrossesorchadeslesamplesthalameges.fr\/wp-content\/uploads\/2021\/07\/33.-DISSIMULATIO.jpg 300w\" sizes=\"(max-width: 194px) 100vw, 194px\" \/><\/a><br \/>\n<\/em><\/strong><\/span><\/p>\n<p>&nbsp;<\/p>\n<p>&nbsp;<\/p>\n<p><span style=\"font-size: 14pt; font-family: comic sans ms, sans-serif;\">l\u2019un constituant la suite de l\u2019autre.<\/span><\/p>\n<p><strong>\u00a0<\/strong><\/p>\n<p>&nbsp;<\/p>\n<p><a href=\"http:\/\/blog.lesgrossesorchadeslesamplesthalameges.fr\/index.php\/2021\/07\/05\/et-assange-les-merdias-bof\/32-cul-de-lampe-mysterium\/\" rel=\"attachment wp-att-14203\"><img loading=\"lazy\" class=\"wp-image-14203 aligncenter\" src=\"http:\/\/blog.lesgrossesorchadeslesamplesthalameges.fr\/wp-content\/uploads\/2021\/07\/32.-cul-de-lampe-Mysterium.jpg\" alt=\"\" width=\"120\" height=\"110\" \/><\/a><\/p>\n<p>&nbsp;<\/p>\n<p>&nbsp;<\/p>\n<p style=\"text-align: justify;\"><span style=\"font-family: comic sans ms, sans-serif; font-size: 14pt;\">Rappelons pour les non-initi\u00e9s que Rita, d\u2019archiviste est devenue journaliste\u2013romanci\u00e8re (dans l\u2019ordre chronologique), que Francesco, de musicologue, a suivi la m\u00eame fili\u00e8re journaliste\u2013romancier et que les deux \u00e9poux et co-auteurs se r\u00e9v\u00e8lent de plus en plus redoutables historiens (redoutables pour les menteurs, les champions du statu quo et les cuistres bien entendu).<\/span><\/p>\n<p style=\"text-align: justify;\"><span style=\"font-family: comic sans ms, sans-serif; font-size: 14pt;\">L\u2019histoire de Rita et Francesco est archi-connue ou devrait l\u2019\u00eatre\u00a0: \u00e9coeur\u00e9s par le tour que prenaient les choses publiques dans leur pays et plus pr\u00e9cis\u00e9ment dans leur profession en passe de n\u2019\u00eatre plus autre chose que des merdias \u00e0 plein temps, ils ont tout plaqu\u00e9 (Radio Vatican pour Francesco, o\u00f9 il assurait les programmes de musique baroque) pour se mettre \u00e0 \u00e9crire ensemble.<\/span><\/p>\n<p style=\"text-align: justify;\"><span style=\"font-family: comic sans ms, sans-serif; font-size: 14pt;\">Ayant d\u00e9cid\u00e9 de prendre pour personnage central de leur s\u00e9rie de sept romans consacr\u00e9s au XVIIe si\u00e8cle europ\u00e9en, le castrat Atto Melani, personnage r\u00e9el \u00e0 qui Francesco avait consacr\u00e9 sa th\u00e8se de doctorat, ils se sont mis \u00e0 \u00e9crire d\u2019\u00e9tranges livres, qui sont en r\u00e9alit\u00e9 des d\u00e9fenses de th\u00e8ses historiques bas\u00e9es sur les trouvailles de Rita dans les archives de plusieurs pays \u2013 archives qu\u2019en g\u00e9n\u00e9ral ont boud\u00e9es ou ignor\u00e9es les \u00ab\u00a0historiens\u00a0\u00bb de grand chemin, lesquels tiennent partout le haut du pav\u00e9 \u00e0 coups de \u00ab\u00a0v\u00e9rit\u00e9s\u00a0\u00bb proclam\u00e9es \u00e0 d\u00e9faut d\u2019\u00eatre prouv\u00e9es. Nos h\u00e9ros ne se sont, ainsi, pas fait que des amis. Surtout dans les all\u00e9es des pouvoirs. Leur originalit\u00e9 est d\u2019avoir choisi, pour d\u00e9fendre ces th\u00e8ses, la forme du roman, et m\u00eame \u2013 XXe -XXIe si\u00e8cles obligent \u2013 du roman policier.<\/span><\/p>\n<p style=\"text-align: justify;\"><span style=\"font-family: comic sans ms, sans-serif; font-size: 14pt;\">Il y a donc, au coeur de ces \u2013 gros \u2013 livres, des personnages et un noyau historiques d\u2019importance extr\u00eame pour tous ceux que la v\u00e9rit\u00e9 int\u00e9resse, enrob\u00e9s d&rsquo;une intrigue \u00e0 suspense diaboliquement agenc\u00e9e\u00a0: on y trouve sans faillir l\u2019art du romancier intimement mari\u00e9 \u00e0 la rigueur de l\u2019historien (au pluriel, puisqu\u2019ils sont deux).<\/span><\/p>\n<p style=\"text-align: justify;\"><span style=\"font-family: comic sans ms, sans-serif; font-size: 14pt;\">Cette d\u00e9marche les a amen\u00e9s \u00e0 exposer les tares d\u2019un pape qu\u2019on (S.S. Jean-Paul II) s\u2018appr\u00eatait \u00e0 canoniser et, au contraire, \u00e0 en r\u00e9habiliter un autre dont le nom est devenu, dans l\u2019histoire officielle, synonyme de tout ce qu\u2019il y a de pire au monde.<\/span><\/p>\n<p style=\"text-align: justify;\"><span style=\"font-family: comic sans ms, sans-serif; font-size: 14pt;\">Nous avons dit qu&rsquo;ils ne se sont ainsi pas fait que des amis. Les choses sont m\u00eame all\u00e9es assez loin pour qu\u2019au bon plaisir de S.S. Jean-Paul II, second\u00e9\u00a0 par un Silvio Berlusconi alors tout-puissant, leur premier volume, <em>Imprimatur<\/em>, bien parti pour prendre la t\u00eate des succ\u00e8s de librairie dans plusieurs pays, ait \u00e9t\u00e9 retir\u00e9 de la vente sans autre forme de proc\u00e8s et plong\u00e9 dans les oubliettes par son \u00e9diteur italien, mais aussi, dans la foul\u00e9e, par son \u00e9diteur fran\u00e7ais, la maison Plon. Re-belote pour le deuxi\u00e8me volume <em>Secretum<\/em> en France. Entretemps, les auteurs maudits avaient \u00e9t\u00e9 contraints \u00e0 l\u2019exil. (Oui, oui, en Europe de l\u2019Ouest \u00e0 la fin du XXe si\u00e8cle\u00a0!) Ils \u00e9taient all\u00e9s s\u2019installer, avec leurs deux enfants, \u00e0 Vienne en Autriche, l\u00e0 o\u00f9 ils avaient pass\u00e9 avec bonheur leur voyage de noces. Ils y travaillent toujours, m\u00eame si, depuis lors, un Beno\u00eet XVI pourtant sur tr\u00f4ne \u00e9jectable et quelques changements dans le personnel politique leur ont permis de re-circuler librement dans leur pays.<\/span><\/p>\n<p style=\"text-align: justify;\"><span style=\"font-family: comic sans ms, sans-serif; font-size: 14pt;\">Rappelons-le parce que c\u2019est historique\u00a0: pendant des ann\u00e9es, leurs livres n\u2019ont pu para\u00eetre dans leur pays. C\u2019est un \u00e9diteur hollandais qui les a publi\u00e9s et vendus \u00e0 Anvers, en Belgique, o\u00f9 les Italiens qui voulaient les lire devaient se les procurer. Monaldi et Sorti successeurs de Voltaire, de Rousseau, de Diderot et de d\u2019Alembert\u00a0! Aujourd\u2019hui, gr\u00e2ce \u00e0 la maison Baldini-Castaldi, qui accomplit un travail de tout premier ordre, leurs livres sont enfin publi\u00e9s en Italie\u00a0: dix best-sellers internationaux, dont les cinq premiers tomes de leur fameuse s\u00e9rie de sept\u00a0: <em>Imprimatur, Secretum, Veritas, Mysterium et Dissimulatio<\/em>, les deux derniers titres, <em>Unicum<\/em> et <em>Opus,<\/em> y \u00e9tant en pr\u00e9paration. Mais, en France, la maison Plon, elle, s\u2019est bloqu\u00e9e sur <em>Secretum<\/em>, retenu comme en otage pendant tr\u00e8s longtemps. \u00c0 pr\u00e9sent, son contrat a enfin \u00e9t\u00e9 rompu\u00a0et les auteurs ont repris leur libert\u00e9, \u00a0mais on ne sait toujours pas ce qui s\u2019est pass\u00e9 ni QUI a repris, en France, les choses o\u00f9 le sabotage de Plon les avait bloqu\u00e9es, ni quand les volumes suivants para\u00eetront, ni m\u00eame s\u2019ils para\u00eetront un jour dans l\u2019Hexagone.<\/span><\/p>\n<p style=\"text-align: justify;\"><span style=\"font-family: comic sans ms, sans-serif; font-size: 14pt;\">Sabotage n\u2019est pas un mot trop fort, quand on pense qu\u2019un livre traduit en italien par Rita Monaldi, dont l\u2019original est en fran\u00e7ais, existe aujourd\u2019hui dans des tas de langues, notamment, en italien, en espagnol, en anglais, en hollandais, en allemand, en tch\u00e8que et en turc, et n\u2019est toujours pas publi\u00e9 en fran\u00e7ais. Ce livre, le voil\u00e0\u00a0:<\/span><\/p>\n<p>&nbsp;<\/p>\n<p>&nbsp;<\/p>\n<p><a href=\"http:\/\/blog.lesgrossesorchadeslesamplesthalameges.fr\/index.php\/2021\/07\/05\/et-assange-les-merdias-bof\/34-les-intrgues-des-cardinaux\/\" rel=\"attachment wp-att-14204\"><img loading=\"lazy\" class=\"wp-image-14204 size-full aligncenter\" src=\"http:\/\/blog.lesgrossesorchadeslesamplesthalameges.fr\/wp-content\/uploads\/2021\/07\/34.-Les-intrgues-des-cardinaux.jpg\" alt=\"\" width=\"300\" height=\"414\" srcset=\"https:\/\/blog.lesgrossesorchadeslesamplesthalameges.fr\/wp-content\/uploads\/2021\/07\/34.-Les-intrgues-des-cardinaux.jpg 300w, https:\/\/blog.lesgrossesorchadeslesamplesthalameges.fr\/wp-content\/uploads\/2021\/07\/34.-Les-intrgues-des-cardinaux-217x300.jpg 217w\" sizes=\"(max-width: 300px) 100vw, 300px\" \/><\/a><\/p>\n<p>&nbsp;<\/p>\n<p>&nbsp;<\/p>\n<p style=\"text-align: justify;\"><span style=\"font-family: comic sans ms, sans-serif; font-size: 14pt;\">Il s\u2019agit d\u2019un document que la romanci\u00e8re a d\u00e9couvert dans les archives du Palais-Bourbon\u00a0: un rapport manuscrit, en fran\u00e7ais, d\u2019Atto Melani \u00e0 Louis XIV.<\/span><\/p>\n<p style=\"text-align: justify;\"><span style=\"font-family: comic sans ms, sans-serif; font-size: 14pt;\">L\u2019histoire de ce livre est int\u00e9ressante\u00a0: le castrat, qui cessa d\u00e9finitivement de chanter le jour o\u00f9 le roi de France en fit son agent secret et qui servit ce monarque pendant quarante ans, fut un jour envoy\u00e9 par lui \u00e0 un conclave. Un pape \u00e9tait mort. On allait \u00e9lire son successeur. In\u00e9vitablement, dans ces circonstances, toutes les cours d\u2019Europe intriguaient pour que l\u2019\u00e9lu soit un homme \u00e0 elles. Le cardinal fran\u00e7ais \u00e9lecteur fut donc pri\u00e9 de soutenir le candidat de la France, mais en outre, le monarque lui adjoignit un secr\u00e9taire, charg\u00e9 de le servir certes, mais surtout de rendre compte au roi de la mani\u00e8re dont l\u2019\u00e9minence aurait rempli sa t\u00e2che et de l\u2019informer sur tout ce qui pouvait en g\u00e9n\u00e9ral se passer dans le secret du conclave. C\u2019est \u00e0 quoi s\u2019est appliqu\u00e9 Atto, secr\u00e9taire d\u00e9sign\u00e9, et le sujet du manuscrit d\u00e9pos\u00e9 aux archives du royaume, d\u00e9couvert par Rita. Le livre devait s\u2019appeler quelque chose comme <em>Les secrets des conclaves,<\/em> pour s\u2019intituler, en dernier ressort <em>Les intrigues des cardinaux<\/em>, moins offensant, probablement, pour la majest\u00e9 de l\u2019\u00c9glise.<\/span><\/p>\n<p style=\"text-align: justify;\"><span style=\"font-family: comic sans ms, sans-serif; font-size: 14pt;\">Imagine-t-on ce v\u00e9n\u00e9rable document publi\u00e9 au XXIe si\u00e8cle en turc mais pas en fran\u00e7ais\u00a0? On en est l\u00e0 pourtant.<\/span><\/p>\n<p style=\"text-align: justify;\"><span style=\"font-family: comic sans ms, sans-serif; font-size: 14pt;\">Question subsidiaire\u00a0: qui d\u00e9cide de ces choses, et de quel droit\u00a0?<\/span><\/p>\n<p>&nbsp;<\/p>\n<p>&nbsp;<\/p>\n<p><a href=\"http:\/\/blog.lesgrossesorchadeslesamplesthalameges.fr\/index.php\/2021\/07\/05\/et-assange-les-merdias-bof\/32-cul-de-lampe-mysterium\/\" rel=\"attachment wp-att-14203\"><img loading=\"lazy\" class=\"wp-image-14203 aligncenter\" src=\"http:\/\/blog.lesgrossesorchadeslesamplesthalameges.fr\/wp-content\/uploads\/2021\/07\/32.-cul-de-lampe-Mysterium.jpg\" alt=\"\" width=\"120\" height=\"110\" \/><\/a><\/p>\n<p>&nbsp;<\/p>\n<p style=\"text-align: justify;\"><span style=\"font-family: comic sans ms, sans-serif; font-size: 14pt;\">Cette indiff\u00e9rence qui ressemble tellement \u00e0 de l\u2019hostilit\u00e9, voire \u00e0 de la censure qui ne dit pas son nom, rappelle, de mani\u00e8re f\u00e2cheuse, le pr\u00e9c\u00e9dent de l\u2019Am\u00e9ricain\u00a0 Tom Robbins.<\/span><\/p>\n<p style=\"text-align: justify;\"><span style=\"font-family: comic sans ms, sans-serif; font-size: 14pt;\">Tom Robbins est \u00e0 nos yeux le plus grand romancier US vivant, m\u00eame si nous ne sous-estimons pas du tout les autres. Son premier roman <em>M\u00eame les cow-girls ont du vague \u00e0 l\u2019\u00e2me<\/em>, a \u00e9t\u00e9 publi\u00e9 dans le monde entier, France comprise, pour devenir un film en 1993. Et apr\u00e8s&#8230; rien. L\u2019auteur, pourtant, a eu tr\u00e8s t\u00f4t, en France, assez d\u2019admirateurs pour \u00eatre invit\u00e9 d\u2019honneur au <em>Festival des \u00c9tonnants Voyageurs<\/em> de Saint-Malo, on a oubli\u00e9 lequel, notre m\u00e9moire flanche.<\/span><\/p>\n<p style=\"text-align: justify;\"><span style=\"font-family: comic sans ms, sans-serif; font-size: 14pt;\">Et apr\u00e8s\u2026 rien, jusqu\u2019\u00e0 ce que <a href=\"https:\/\/www.etonnants-voyageurs.com\/spip.php?article10253\">le fondateur de la maison Gallmeister<\/a> qui est en m\u00eame temps l\u2019animateur de ce festival, se mette en t\u00eate de le publier int\u00e9gralement \u2013 et fort bien \u2013 \u00e0 partir de 2009, avec seulement une vingtaine d\u2019ann\u00e9es de retard. Que de gens ont eu le temps de mourir sans avoir jamais entendu parler de Tom Robbins\u00a0!<\/span><\/p>\n<p>&nbsp;<\/p>\n<p>&nbsp;<\/p>\n<p><a href=\"http:\/\/blog.lesgrossesorchadeslesamplesthalameges.fr\/index.php\/2021\/07\/05\/et-assange-les-merdias-bof\/32-cul-de-lampe-mysterium\/\" rel=\"attachment wp-att-14203\"><img loading=\"lazy\" class=\"wp-image-14203 aligncenter\" src=\"http:\/\/blog.lesgrossesorchadeslesamplesthalameges.fr\/wp-content\/uploads\/2021\/07\/32.-cul-de-lampe-Mysterium.jpg\" alt=\"\" width=\"120\" height=\"110\" \/><\/a><\/p>\n<p>&nbsp;<\/p>\n<p style=\"text-align: justify;\"><span style=\"font-family: comic sans ms, sans-serif; font-size: 14pt;\">La question \u00e0 1.000 \u20ac est donc\u00a0: quelqu\u2019un est-il dispos\u00e9 \u00e0 publier en France Monaldi et Sorti\u00a0? Dans ce cas, QUI et QUAND\u00a0? Et surtout\u00a0: POURQUOI ces ann\u00e9es d\u2019ostracisme avec une impasse au bout\u00a0?<\/span><\/p>\n<p style=\"text-align: justify;\"><span style=\"font-family: comic sans ms, sans-serif; font-size: 14pt;\">En attendant d\u2019avoir des r\u00e9ponses \u00e0 ces questions, quelques mots sur les deux derniers volumes de la s\u00e9rie Atto Melani.<\/span><\/p>\n<p><strong><span style=\"font-family: times new roman, times, serif;\"><span style=\"font-size: 14pt;\">URL de cet article\u00a0:<\/span> <\/span><\/strong><a href=\"http:\/\/blog.lesgrossesorchadeslesamplesthalameges.fr\/index.php\/14258-2\/\"><span style=\"font-family: times new roman, times, serif;\">http:\/\/blog.lesgrossesorchadeslesamplesthalameges.fr\/index.php\/14258-2\/<\/span><\/a><strong><br \/>\n<\/strong><\/p>\n<p>&nbsp;<\/p>\n<p>&nbsp;<\/p>\n<p style=\"text-align: center;\"><a href=\"http:\/\/blog.lesgrossesorchadeslesamplesthalameges.fr\/index.php\/2021\/07\/05\/et-assange-les-merdias-bof\/32-cul-de-lampe-mysterium\/\" rel=\"attachment wp-att-14203\"><img loading=\"lazy\" class=\"wp-image-14203 aligncenter\" src=\"http:\/\/blog.lesgrossesorchadeslesamplesthalameges.fr\/wp-content\/uploads\/2021\/07\/32.-cul-de-lampe-Mysterium.jpg\" alt=\"\" width=\"120\" height=\"110\" \/><\/a><\/p>\n<p>&nbsp;<\/p>\n<p style=\"text-align: right;\"><span style=\"font-family: comic sans ms, sans-serif; font-size: 14pt;\">Juillet 2021<\/span><\/p>\n","protected":false},"excerpt":{"rendered":"<p>\u00a0 \u00a0 &nbsp; &nbsp; &nbsp; &nbsp; &nbsp; Puisqu\u2019on est dans les d\u00e9falsifications de l\u2019Histoire\u2026 \u00a0 &nbsp; Il nous est impossible de ne pas reparler de nos auteurs-f\u00e9tiches Rita Monaldi et Francesco Sorti, dont les habitu\u00e9s de ce blog ont eu l\u2019occasion de faire la connaissance ICI et\u2026 un peu partout ailleurs dans nos archives. Revenons-y&#8230;<\/p>\n","protected":false},"author":1,"featured_media":0,"parent":0,"menu_order":0,"comment_status":"open","ping_status":"open","template":"","meta":[],"_links":{"self":[{"href":"https:\/\/blog.lesgrossesorchadeslesamplesthalameges.fr\/index.php\/wp-json\/wp\/v2\/pages\/14258"}],"collection":[{"href":"https:\/\/blog.lesgrossesorchadeslesamplesthalameges.fr\/index.php\/wp-json\/wp\/v2\/pages"}],"about":[{"href":"https:\/\/blog.lesgrossesorchadeslesamplesthalameges.fr\/index.php\/wp-json\/wp\/v2\/types\/page"}],"author":[{"embeddable":true,"href":"https:\/\/blog.lesgrossesorchadeslesamplesthalameges.fr\/index.php\/wp-json\/wp\/v2\/users\/1"}],"replies":[{"embeddable":true,"href":"https:\/\/blog.lesgrossesorchadeslesamplesthalameges.fr\/index.php\/wp-json\/wp\/v2\/comments?post=14258"}],"version-history":[{"count":8,"href":"https:\/\/blog.lesgrossesorchadeslesamplesthalameges.fr\/index.php\/wp-json\/wp\/v2\/pages\/14258\/revisions"}],"predecessor-version":[{"id":14266,"href":"https:\/\/blog.lesgrossesorchadeslesamplesthalameges.fr\/index.php\/wp-json\/wp\/v2\/pages\/14258\/revisions\/14266"}],"wp:attachment":[{"href":"https:\/\/blog.lesgrossesorchadeslesamplesthalameges.fr\/index.php\/wp-json\/wp\/v2\/media?parent=14258"}],"curies":[{"name":"wp","href":"https:\/\/api.w.org\/{rel}","templated":true}]}}